{"id":14179,"date":"2025-06-22T14:52:53","date_gmt":"2025-06-22T11:52:53","guid":{"rendered":"https:\/\/hand2noteguide.com\/?page_id=14179"},"modified":"2026-03-10T11:39:54","modified_gmt":"2026-03-10T08:39:54","slug":"popup-on-stat","status":"publish","type":"page","link":"https:\/\/hand2noteguide.com\/it\/user-manual\/popup-on-stat\/","title":{"rendered":"Popup avanzato su Stat"},"content":{"rendered":"\n<p>Hand2Note ti permette di visualizzare un popup su una statistica passando il cursore del mouse sui dati nel popup o nell&#8217;HUD, oppure cliccando su di essi. Contiene informazioni dettagliate come le range preflop, le categorie di dimensioni delle puntate, le tabelle di forza delle mani, il WinRate dell&#8217;esecuzione della statistica e molte altre.<\/p>\n\n\n\n<p>In questo articolo, esamineremo in dettaglio le informazioni e le capacit\u00e0 fornite dal popup su una statistica.<\/p>\n\n\n\n<h2 class=\"wp-block-heading\">Come attivare un popup su una statistica in Hand2Note e quali informazioni fornisce<\/h2>\n\n\n\n<p>Aprire un popup su una statistica in Hand2Note \u00e8 possibile sia passando il cursore del mouse su una statistica nell&#8217;HUD o nel popup, sia cliccando sulla statistica con il tasto sinistro del mouse (LMB). Contiene informazioni dettagliate ed estese sulla statistica.<\/p>\n\n\n\n<p>Il popup su una statistica viene visualizzato in due varianti:<\/p>\n\n\n\n<ol class=\"wp-block-list\" start=\"1\">\n<li><strong>Per le statistiche preflop (1)<\/strong> &#8211; ad esempio, per la statistica &#8220;Raise 1st in,&#8221; che mostra la frequenza di open-raise del giocatore.<\/li>\n\n\n\n<li><strong>Per le statistiche postflop (2)<\/strong> &#8211; ad esempio, per la statistica &#8220;Raise 1st &#8211; Continuation Bet,&#8221; che mostra la frequenza di continuation bet del giocatore al flop.<\/li>\n<\/ol>\n\n\n\n<figure class=\"wp-block-image size-large\"><img loading=\"lazy\" decoding=\"async\" width=\"1024\" height=\"576\" src=\"http:\/\/hand2noteguide.com\/wp-content\/uploads\/2025\/06\/\u044b\u0432\u0430\u043f\u0440-1024x576.jpg\" alt=\"\" class=\"wp-image-14196\" srcset=\"https:\/\/hand2noteguide.com\/wp-content\/uploads\/2025\/06\/\u044b\u0432\u0430\u043f\u0440-1024x576.jpg 1024w, https:\/\/hand2noteguide.com\/wp-content\/uploads\/2025\/06\/\u044b\u0432\u0430\u043f\u0440-300x169.jpg 300w, https:\/\/hand2noteguide.com\/wp-content\/uploads\/2025\/06\/\u044b\u0432\u0430\u043f\u0440-768x432.jpg 768w, https:\/\/hand2noteguide.com\/wp-content\/uploads\/2025\/06\/\u044b\u0432\u0430\u043f\u0440-1536x864.jpg 1536w, https:\/\/hand2noteguide.com\/wp-content\/uploads\/2025\/06\/\u044b\u0432\u0430\u043f\u0440-772x434.jpg 772w, https:\/\/hand2noteguide.com\/wp-content\/uploads\/2025\/06\/\u044b\u0432\u0430\u043f\u0440-624x351.jpg 624w, https:\/\/hand2noteguide.com\/wp-content\/uploads\/2025\/06\/\u044b\u0432\u0430\u043f\u0440.jpg 1919w\" sizes=\"auto, (max-width: 1024px) 100vw, 1024px\" \/><\/figure>\n\n\n\n<h3 class=\"wp-block-heading\">Popup su Statistica per le Statistiche Preflop<\/h3>\n\n\n\n<p>Il popup su una statistica per le statistiche preflop include i seguenti elementi:<\/p>\n\n\n\n<div class=\"wp-block-group is-vertical is-content-justification-center is-layout-flex wp-container-core-group-is-layout-4b2eccd6 wp-block-group-is-layout-flex\">\n<div class=\"wp-block-group is-content-justification-center is-nowrap is-layout-flex wp-container-core-group-is-layout-079bfc22 wp-block-group-is-layout-flex\">\n<figure class=\"wp-block-image size-full\"><img loading=\"lazy\" decoding=\"async\" width=\"402\" height=\"638\" src=\"http:\/\/hand2noteguide.com\/wp-content\/uploads\/2025\/06\/\u0440\u0435\u0439\u0437.jpg\" alt=\"\" class=\"wp-image-14207\" srcset=\"https:\/\/hand2noteguide.com\/wp-content\/uploads\/2025\/06\/\u0440\u0435\u0439\u0437.jpg 402w, https:\/\/hand2noteguide.com\/wp-content\/uploads\/2025\/06\/\u0440\u0435\u0439\u0437-189x300.jpg 189w, https:\/\/hand2noteguide.com\/wp-content\/uploads\/2025\/06\/\u0440\u0435\u0439\u0437-393x624.jpg 393w\" sizes=\"auto, (max-width: 402px) 100vw, 402px\" \/><\/figure>\n\n\n\n<figure class=\"wp-block-image size-full\"><img loading=\"lazy\" decoding=\"async\" width=\"403\" height=\"644\" src=\"http:\/\/hand2noteguide.com\/wp-content\/uploads\/2025\/06\/\u043a\u043e\u043b\u043b.jpg\" alt=\"\" class=\"wp-image-14208\" srcset=\"https:\/\/hand2noteguide.com\/wp-content\/uploads\/2025\/06\/\u043a\u043e\u043b\u043b.jpg 403w, https:\/\/hand2noteguide.com\/wp-content\/uploads\/2025\/06\/\u043a\u043e\u043b\u043b-188x300.jpg 188w, https:\/\/hand2noteguide.com\/wp-content\/uploads\/2025\/06\/\u043a\u043e\u043b\u043b-390x624.jpg 390w\" sizes=\"auto, (max-width: 403px) 100vw, 403px\" \/><\/figure>\n<\/div>\n\n\n\n<div class=\"wp-block-group is-content-justification-center is-nowrap is-layout-flex wp-container-core-group-is-layout-079bfc22 wp-block-group-is-layout-flex\">\n<figure class=\"wp-block-image size-full\"><img loading=\"lazy\" decoding=\"async\" width=\"403\" height=\"637\" src=\"http:\/\/hand2noteguide.com\/wp-content\/uploads\/2025\/06\/\u0447\u0435\u043a.jpg\" alt=\"\" class=\"wp-image-14204\" srcset=\"https:\/\/hand2noteguide.com\/wp-content\/uploads\/2025\/06\/\u0447\u0435\u043a.jpg 403w, https:\/\/hand2noteguide.com\/wp-content\/uploads\/2025\/06\/\u0447\u0435\u043a-190x300.jpg 190w, https:\/\/hand2noteguide.com\/wp-content\/uploads\/2025\/06\/\u0447\u0435\u043a-395x624.jpg 395w\" sizes=\"auto, (max-width: 403px) 100vw, 403px\" \/><\/figure>\n\n\n\n<figure class=\"wp-block-image size-full\"><img loading=\"lazy\" decoding=\"async\" width=\"403\" height=\"547\" src=\"http:\/\/hand2noteguide.com\/wp-content\/uploads\/2025\/06\/\u0431\u0435\u0442-\u0441\u0430\u0439\u0437\u0438\u043d\u0433.jpg\" alt=\"\" class=\"wp-image-14205\" srcset=\"https:\/\/hand2noteguide.com\/wp-content\/uploads\/2025\/06\/\u0431\u0435\u0442-\u0441\u0430\u0439\u0437\u0438\u043d\u0433.jpg 403w, https:\/\/hand2noteguide.com\/wp-content\/uploads\/2025\/06\/\u0431\u0435\u0442-\u0441\u0430\u0439\u0437\u0438\u043d\u0433-221x300.jpg 221w\" sizes=\"auto, (max-width: 403px) 100vw, 403px\" \/><\/figure>\n\n\n\n<figure class=\"wp-block-image size-large\"><img loading=\"lazy\" decoding=\"async\" width=\"1024\" height=\"779\" src=\"http:\/\/hand2noteguide.com\/wp-content\/uploads\/2025\/06\/\u0445\u0435\u043d\u0434\u0441-1024x779.jpg\" alt=\"\" class=\"wp-image-14206\" srcset=\"https:\/\/hand2noteguide.com\/wp-content\/uploads\/2025\/06\/\u0445\u0435\u043d\u0434\u0441-1024x779.jpg 1024w, https:\/\/hand2noteguide.com\/wp-content\/uploads\/2025\/06\/\u0445\u0435\u043d\u0434\u0441-300x228.jpg 300w, https:\/\/hand2noteguide.com\/wp-content\/uploads\/2025\/06\/\u0445\u0435\u043d\u0434\u0441-768x584.jpg 768w, https:\/\/hand2noteguide.com\/wp-content\/uploads\/2025\/06\/\u0445\u0435\u043d\u0434\u0441-772x587.jpg 772w, https:\/\/hand2noteguide.com\/wp-content\/uploads\/2025\/06\/\u0445\u0435\u043d\u0434\u0441-624x475.jpg 624w, https:\/\/hand2noteguide.com\/wp-content\/uploads\/2025\/06\/\u0445\u0435\u043d\u0434\u0441.jpg 1036w\" sizes=\"auto, (max-width: 1024px) 100vw, 1024px\" \/><\/figure>\n<\/div>\n<\/div>\n\n\n\n<ol class=\"wp-block-list\" start=\"1\">\n<li>Nome della Statistica\n<ul class=\"wp-block-list\">\n<li>Passando il mouse sul cerchio alla fine del nome viene visualizzata la condizione logica della statistica.<\/li>\n<\/ul>\n<\/li>\n\n\n\n<li>Impostazione Note\n<ul class=\"wp-block-list\">\n<li>Una riga per impostare <a href=\"https:\/\/hand2noteguide.com\/it\/user-manual\/the-use-and-possibilities-of-notes-in-hand2note\/\">note sulla statistica del giocatore<\/a>.<\/li>\n<\/ul>\n<\/li>\n\n\n\n<li>Parametri Generali\n<ul class=\"wp-block-list\">\n<li>Valore della Statistica \u2014 frequenza complessiva (in %) dell&#8217;esecuzione della statistica.<\/li>\n\n\n\n<li>Valore della Statistica Vs-User \u2014 frequenza dell&#8217;esecuzione della statistica (in %), contro di te.<\/li>\n\n\n\n<li>Profitto dell&#8217;Azione \u2014 redditivit\u00e0 dell&#8217;azione.<\/li>\n\n\n\n<li>Mano Vinta \u2014 numero di mani vinte (in %).<\/li>\n\n\n\n<li>WTSD (Went to Showdown) \u2014 frequenza di raggiungimento dello showdown.<\/li>\n\n\n\n<li>E altri parametri.<br><em>Tutti i valori sono calcolati considerando la condizione della statistica.<\/em><\/li>\n<\/ul>\n<\/li>\n\n\n\n<li>Scheda &#8220;Raise&#8221;\n<ul class=\"wp-block-list\">\n<li>Se l&#8217;azione della statistica \u00e8 un raise, viene visualizzata la sua range preflop (categorie preflop).<\/li>\n\n\n\n<li>In caso contrario, viene mostrata la range di raise come azione alternativa.<\/li>\n<\/ul>\n<\/li>\n\n\n\n<li>Scheda &#8220;Call&#8221;\n<ul class=\"wp-block-list\">\n<li>Se l&#8217;azione della statistica \u00e8 un call, viene visualizzata la sua range preflop (categorie preflop).<\/li>\n\n\n\n<li>In caso contrario, viene mostrata la range di call come azione alternativa.<\/li>\n<\/ul>\n<\/li>\n\n\n\n<li>Scheda &#8220;Check&#8221;\n<ul class=\"wp-block-list\">\n<li>Se l&#8217;azione della statistica \u00e8 un check, viene visualizzata la sua range preflop (categorie preflop).<\/li>\n\n\n\n<li>In caso contrario, viene mostrata la range di check come azione alternativa.<\/li>\n<\/ul>\n<\/li>\n\n\n\n<li>Scheda &#8220;Bet Sizes&#8221;\n<ul class=\"wp-block-list\">\n<li>Visualizza le categorie di dimensioni delle puntate per la statistica eseguita.<\/li>\n<\/ul>\n<\/li>\n\n\n\n<li>Scheda &#8220;Hands&#8221;\n<ul class=\"wp-block-list\">\n<li>Elenco delle mani del giocatore che soddisfano la condizione della statistica.<\/li>\n<\/ul>\n<\/li>\n\n\n\n<li>Area Dati\n<ul class=\"wp-block-list\">\n<li>Questa parte visualizza i valori corrispondenti alla scheda selezionata.<\/li>\n<\/ul>\n<\/li>\n<\/ol>\n\n\n\n<h3 class=\"wp-block-heading\">Popup su Statistica per le Statistiche Postflop<\/h3>\n\n\n\n<p>Il popup su una statistica per le statistiche postflop include i seguenti elementi:<\/p>\n\n\n\n<div class=\"wp-block-group is-vertical is-content-justification-center is-layout-flex wp-container-core-group-is-layout-4b2eccd6 wp-block-group-is-layout-flex\">\n<div class=\"wp-block-group is-content-justification-center is-nowrap is-layout-flex wp-container-core-group-is-layout-079bfc22 wp-block-group-is-layout-flex\">\n<figure class=\"wp-block-image size-full\"><img loading=\"lazy\" decoding=\"async\" width=\"491\" height=\"723\" src=\"http:\/\/hand2noteguide.com\/wp-content\/uploads\/2025\/06\/\u0440\u0435\u043d\u0436.jpg\" alt=\"\" class=\"wp-image-14224\" srcset=\"https:\/\/hand2noteguide.com\/wp-content\/uploads\/2025\/06\/\u0440\u0435\u043d\u0436.jpg 491w, https:\/\/hand2noteguide.com\/wp-content\/uploads\/2025\/06\/\u0440\u0435\u043d\u0436-204x300.jpg 204w, https:\/\/hand2noteguide.com\/wp-content\/uploads\/2025\/06\/\u0440\u0435\u043d\u0436-424x624.jpg 424w\" sizes=\"auto, (max-width: 491px) 100vw, 491px\" \/><\/figure>\n\n\n\n<figure class=\"wp-block-image size-full\"><img loading=\"lazy\" decoding=\"async\" width=\"591\" height=\"526\" src=\"http:\/\/hand2noteguide.com\/wp-content\/uploads\/2025\/06\/\u0431\u043e\u0440\u0434.jpg\" alt=\"\" class=\"wp-image-14225\" srcset=\"https:\/\/hand2noteguide.com\/wp-content\/uploads\/2025\/06\/\u0431\u043e\u0440\u0434.jpg 591w, https:\/\/hand2noteguide.com\/wp-content\/uploads\/2025\/06\/\u0431\u043e\u0440\u0434-300x267.jpg 300w\" sizes=\"auto, (max-width: 591px) 100vw, 591px\" \/><\/figure>\n<\/div>\n\n\n\n<div class=\"wp-block-group is-content-justification-center is-nowrap is-layout-flex wp-container-core-group-is-layout-35f56f29 wp-block-group-is-layout-flex\">\n<figure class=\"wp-block-image size-full\"><img loading=\"lazy\" decoding=\"async\" width=\"634\" height=\"529\" src=\"http:\/\/hand2noteguide.com\/wp-content\/uploads\/2025\/06\/\u0431\u0435\u0442-\u0441\u0430\u0439\u0437\u0438\u043d\u04332.jpg\" alt=\"\" class=\"wp-image-14226\" srcset=\"https:\/\/hand2noteguide.com\/wp-content\/uploads\/2025\/06\/\u0431\u0435\u0442-\u0441\u0430\u0439\u0437\u0438\u043d\u04332.jpg 634w, https:\/\/hand2noteguide.com\/wp-content\/uploads\/2025\/06\/\u0431\u0435\u0442-\u0441\u0430\u0439\u0437\u0438\u043d\u04332-300x250.jpg 300w, https:\/\/hand2noteguide.com\/wp-content\/uploads\/2025\/06\/\u0431\u0435\u0442-\u0441\u0430\u0439\u0437\u0438\u043d\u04332-624x521.jpg 624w\" sizes=\"auto, (max-width: 634px) 100vw, 634px\" \/><\/figure>\n\n\n\n<figure class=\"wp-block-image size-full\"><img loading=\"lazy\" decoding=\"async\" width=\"1019\" height=\"788\" src=\"http:\/\/hand2noteguide.com\/wp-content\/uploads\/2025\/06\/\u0445\u0435\u043d\u0434\u04412.jpg\" alt=\"\" class=\"wp-image-14227\" srcset=\"https:\/\/hand2noteguide.com\/wp-content\/uploads\/2025\/06\/\u0445\u0435\u043d\u0434\u04412.jpg 1019w, https:\/\/hand2noteguide.com\/wp-content\/uploads\/2025\/06\/\u0445\u0435\u043d\u0434\u04412-300x232.jpg 300w, https:\/\/hand2noteguide.com\/wp-content\/uploads\/2025\/06\/\u0445\u0435\u043d\u0434\u04412-768x594.jpg 768w, https:\/\/hand2noteguide.com\/wp-content\/uploads\/2025\/06\/\u0445\u0435\u043d\u0434\u04412-772x597.jpg 772w, https:\/\/hand2noteguide.com\/wp-content\/uploads\/2025\/06\/\u0445\u0435\u043d\u0434\u04412-624x483.jpg 624w\" sizes=\"auto, (max-width: 1019px) 100vw, 1019px\" \/><\/figure>\n<\/div>\n<\/div>\n\n\n\n<ul class=\"wp-block-list\">\n<ol class=\"wp-block-list\" start=\"1\">\n<li>Nome della Statistica\n<ul class=\"wp-block-list\">\n<li>Passando il mouse sul cerchio alla fine del nome viene visualizzata la condizione logica della statistica.<\/li>\n<\/ul>\n<\/li>\n\n\n\n<li>Impostazione Note\n<ul class=\"wp-block-list\">\n<li>Una riga per impostare note sulla statistica del giocatore.<\/li>\n<\/ul>\n<\/li>\n\n\n\n<li>Parametri Generali\n<ul class=\"wp-block-list\">\n<li>Valore della Statistica \u2014 frequenza complessiva (in %) dell&#8217;esecuzione della statistica.<\/li>\n\n\n\n<li>Valore della Statistica Vs-User \u2014 frequenza dell&#8217;esecuzione della statistica (in %), contro di te.<\/li>\n\n\n\n<li>Profitto dell&#8217;Azione \u2014 redditivit\u00e0 dell&#8217;azione.<\/li>\n\n\n\n<li>Mano Vinta \u2014 numero di mani vinte (in %).<\/li>\n\n\n\n<li>WTSD (Went to Showdown) \u2014 frequenza di raggiungimento dello showdown.<\/li>\n\n\n\n<li>E altri parametri.<br><em>Tutti i valori sono calcolati considerando la condizione della statistica.<\/em><\/li>\n<\/ul>\n<\/li>\n\n\n\n<li>Scheda &#8220;Range&#8221;\n<ul class=\"wp-block-list\">\n<li>Visualizza il contenuto della forza delle mani sotto forma di istogrammi.<\/li>\n<\/ul>\n<\/li>\n\n\n\n<li>Scheda &#8220;Boards&#8221;\n<ul class=\"wp-block-list\">\n<li>Visualizza le frequenze dell&#8217;esecuzione della statistica (in %) e gli istogrammi della forza delle mani distribuiti su diversi tipi di board.<\/li>\n<\/ul>\n<\/li>\n\n\n\n<li>Scheda &#8220;Bet Sizes&#8221;\n<ul class=\"wp-block-list\">\n<li>Visualizza le categorie di dimensioni delle puntate per la statistica eseguita e un istogramma della forza delle mani per ciascuna di esse.<\/li>\n<\/ul>\n<\/li>\n\n\n\n<li>Scheda &#8220;Hands&#8221;\n<ul class=\"wp-block-list\">\n<li>Elenco delle mani del giocatore che soddisfano la condizione della statistica.<\/li>\n<\/ul>\n<\/li>\n\n\n\n<li>Area Dati\n<ul class=\"wp-block-list\">\n<li>Questa parte visualizza i valori corrispondenti alla scheda selezionata.<\/li>\n<\/ul>\n<\/li>\n<\/ol>\n<\/ul>\n\n\n\n<h2 class=\"wp-block-heading\">Impostazioni per attivare un popup su una statistica<\/h2>\n\n\n\n<p>L&#8217;attivazione di un popup su una statistica nell&#8217;HUD o nel popup pu\u00f2 essere configurata. Per fare ci\u00f2, nella finestra principale di Hand2Note, vai alle impostazioni selezionando &#8220;Configurazione&#8221; (1). Quindi apri il menu &#8220;HUD&#8221; (2).<\/p>\n\n\n\n<figure class=\"wp-block-image size-large\"><img loading=\"lazy\" decoding=\"async\" width=\"1024\" height=\"576\" src=\"http:\/\/hand2noteguide.com\/wp-content\/uploads\/2025\/06\/78778878-1024x576.jpg\" alt=\"\" class=\"wp-image-14187\" srcset=\"https:\/\/hand2noteguide.com\/wp-content\/uploads\/2025\/06\/78778878-1024x576.jpg 1024w, https:\/\/hand2noteguide.com\/wp-content\/uploads\/2025\/06\/78778878-300x169.jpg 300w, https:\/\/hand2noteguide.com\/wp-content\/uploads\/2025\/06\/78778878-768x432.jpg 768w, https:\/\/hand2noteguide.com\/wp-content\/uploads\/2025\/06\/78778878-1536x864.jpg 1536w, https:\/\/hand2noteguide.com\/wp-content\/uploads\/2025\/06\/78778878-772x434.jpg 772w, https:\/\/hand2noteguide.com\/wp-content\/uploads\/2025\/06\/78778878-624x351.jpg 624w, https:\/\/hand2noteguide.com\/wp-content\/uploads\/2025\/06\/78778878.jpg 1919w\" sizes=\"auto, (max-width: 1024px) 100vw, 1024px\" \/><\/figure>\n\n\n\n<p>Nelle <a href=\"https:\/\/hand2noteguide.com\/it\/user-manual\/basic-settings-for-displaying-the-hada-in-hand2note\/\">impostazioni HUD<\/a>, puoi anche configurare la visualizzazione del popup su una statistica utilizzando i seguenti elementi:<\/p>\n\n\n\n<ul class=\"wp-block-list\">\n<li>&#8220;Apri popup su statistica e popup principale con clic sinistro e destro&#8221; (3) &#8211; quando questa opzione \u00e8 abilitata, l&#8217;apertura di un popup su una statistica avverr\u00e0 cliccando con il LMB sulla statistica invece di passare il mouse sopra;<\/li>\n\n\n\n<li>Se l&#8217;opzione &#8220;Apri popup su statistica e popup principale con clic sinistro e destro&#8221; \u00e8 disabilitata, puoi impostare il ritardo per l&#8217;apertura del popup quando passi il mouse su una statistica utilizzando l&#8217;opzione &#8220;Ritardo per aprire popup su statistica dopo il passaggio del mouse (in millisecondi)&#8221; (4) (il valore \u00e8 specificato in millisecondi). Il ritardo \u00e8 necessario affinch\u00e9 i popup si aprano solo quando lo desideri veramente, e non lampeggino con ogni passaggio accidentale del mouse sulle statistiche.<\/li>\n<\/ul>\n\n\n\n<h2 class=\"wp-block-heading\">Conclusione<\/h2>\n\n\n\n<p>Il popup su una statistica fornisce dati analitici preziosi che possono essere utilizzati sia nell&#8217;analisi delle mani che direttamente durante il gioco. La maggior parte dei parametri \u00e8 disponibile per una regolazione fine, consentendo di adattare lo strumento alle esigenze individuali del giocatore.<\/p>\n\n\n\n<p>Consigliamo inoltre di studiare materiali aggiuntivi sul lavoro con il popup su una statistica:<\/p>\n\n\n\n<ul class=\"wp-block-list\">\n<li><a href=\"https:\/\/hand2noteguide.com\/it\/user-manual\/bet-sizing-cetegories\/\">Impostazione delle categorie di dimensioni delle puntate<\/a><\/li>\n\n\n\n<li><a href=\"https:\/\/hand2noteguide.com\/it\/user-manual\/setting-up-board-categories\/\">Impostazione delle texture del board<\/a><\/li>\n\n\n\n<li><a href=\"https:\/\/hand2noteguide.com\/it\/user-manual\/setting-up-hand-ranges\/\">Impostazione delle range di mani<\/a><\/li>\n<\/ul>\n","protected":false},"excerpt":{"rendered":"<p>Hand2Note ti permette di visualizzare un popup su una statistica passando il cursore del mouse sui dati nel popup o nell&#8217;HUD, oppure cliccando su di essi. Contiene informazioni dettagliate come le range preflop, le categorie di dimensioni delle puntate, le tabelle di forza delle mani, il WinRate dell&#8217;esecuzione della statistica e molte altre. In questo &hellip; <a href=\"https:\/\/hand2noteguide.com\/it\/user-manual\/popup-on-stat\/\" class=\"more-link\">Continue reading <span class=\"screen-reader-text\">Popup avanzato su Stat<\/span><\/a><\/p>\n","protected":false},"author":3,"featured_media":14181,"parent":9199,"menu_order":0,"comment_status":"closed","ping_status":"closed","template":"","meta":{"footnotes":""},"class_list":["post-14179","page","type-page","status-publish","has-post-thumbnail","hentry"],"translation":{"provider":"WPGlobus","version":"3.0.2","language":"it","enabled_languages":["en","ru","pt","zh","es","fr","de","it","ja"],"languages":{"en":{"title":true,"content":true,"excerpt":false},"ru":{"title":true,"content":true,"excerpt":false},"pt":{"title":true,"content":true,"excerpt":false},"zh":{"title":true,"content":true,"excerpt":false},"es":{"title":true,"content":true,"excerpt":false},"fr":{"title":true,"content":true,"excerpt":false},"de":{"title":true,"content":true,"excerpt":false},"it":{"title":true,"content":true,"excerpt":false},"ja":{"title":true,"content":true,"excerpt":false}}},"yoast_head":"<!-- This site is optimized with the Yoast SEO plugin v27.0 - https:\/\/yoast.com\/product\/yoast-seo-wordpress\/ -->\n<title>Popup avanzato su Stat in Hand2Note<\/title>\n<meta name=\"description\" content=\"Scopri come utilizzare i popup avanzati su stat in Hand2Note per analizzare le statistiche preflop e postflop e migliorare il tuo gioco.\" \/>\n<meta name=\"robots\" content=\"index, follow, max-snippet:-1, max-image-preview:large, max-video-preview:-1\" \/>\n<link rel=\"canonical\" href=\"https:\/\/hand2noteguide.com\/user-manual\/popup-on-stat\/\" \/>\n<meta property=\"og:locale\" content=\"it_IT\" \/>\n<meta property=\"og:type\" content=\"article\" \/>\n<meta property=\"og:title\" content=\"Popup avanzato su Stat in Hand2Note\" \/>\n<meta property=\"og:description\" content=\"Scopri come utilizzare i popup avanzati su stat in Hand2Note per analizzare le statistiche preflop e postflop e migliorare il tuo gioco.\" \/>\n<meta property=\"og:url\" content=\"https:\/\/hand2noteguide.com\/user-manual\/popup-on-stat\/\" \/>\n<meta property=\"og:site_name\" content=\"Hand2Note Guide\" \/>\n<meta property=\"article:modified_time\" content=\"2026-03-10T08:39:54+00:00\" \/>\n<meta property=\"og:image\" content=\"https:\/\/hand2noteguide.com\/wp-content\/uploads\/2025\/06\/\u0411\u0435\u0437-\u0438\u043c\u0435\u043d\u0438-1-7.jpg\" \/>\n\t<meta property=\"og:image:width\" content=\"1920\" \/>\n\t<meta property=\"og:image:height\" content=\"1080\" \/>\n\t<meta property=\"og:image:type\" content=\"image\/jpeg\" \/>\n<meta name=\"twitter:card\" content=\"summary_large_image\" \/>\n<meta name=\"twitter:label1\" content=\"Est. reading time\" \/>\n\t<meta name=\"twitter:data1\" content=\"29 minutes\" \/>\n<!-- \/ Yoast SEO plugin. -->","yoast_head_json":{"title":"Popup avanzato su Stat in Hand2Note","description":"Scopri come utilizzare i popup avanzati su stat in Hand2Note per analizzare le statistiche preflop e postflop e migliorare il tuo gioco.","robots":{"index":"index","follow":"follow","max-snippet":"max-snippet:-1","max-image-preview":"max-image-preview:large","max-video-preview":"max-video-preview:-1"},"canonical":"https:\/\/hand2noteguide.com\/user-manual\/popup-on-stat\/","og_locale":"it_IT","og_type":"article","og_title":"Popup avanzato su Stat in Hand2Note","og_description":"Scopri come utilizzare i popup avanzati su stat in Hand2Note per analizzare le statistiche preflop e postflop e migliorare il tuo gioco.","og_url":"https:\/\/hand2noteguide.com\/user-manual\/popup-on-stat\/","og_site_name":"Hand2Note Guide","article_modified_time":"2026-03-10T08:39:54+00:00","og_image":[{"width":1920,"height":1080,"url":"https:\/\/hand2noteguide.com\/wp-content\/uploads\/2025\/06\/\u0411\u0435\u0437-\u0438\u043c\u0435\u043d\u0438-1-7.jpg","type":"image\/jpeg"}],"twitter_card":"summary_large_image","twitter_misc":{"Est. reading time":"29 minutes"},"schema":{"@context":"https:\/\/schema.org","@graph":[]}},"jetpack_sharing_enabled":true,"_links":{"self":[{"href":"https:\/\/hand2noteguide.com\/it\/wp-json\/wp\/v2\/pages\/14179","targetHints":{"allow":["GET"]}}],"collection":[{"href":"https:\/\/hand2noteguide.com\/it\/wp-json\/wp\/v2\/pages"}],"about":[{"href":"https:\/\/hand2noteguide.com\/it\/wp-json\/wp\/v2\/types\/page"}],"author":[{"embeddable":true,"href":"https:\/\/hand2noteguide.com\/it\/wp-json\/wp\/v2\/users\/3"}],"replies":[{"embeddable":true,"href":"https:\/\/hand2noteguide.com\/it\/wp-json\/wp\/v2\/comments?post=14179"}],"version-history":[{"count":68,"href":"https:\/\/hand2noteguide.com\/it\/wp-json\/wp\/v2\/pages\/14179\/revisions"}],"predecessor-version":[{"id":15641,"href":"https:\/\/hand2noteguide.com\/it\/wp-json\/wp\/v2\/pages\/14179\/revisions\/15641"}],"up":[{"embeddable":true,"href":"https:\/\/hand2noteguide.com\/it\/wp-json\/wp\/v2\/pages\/9199"}],"wp:featuredmedia":[{"embeddable":true,"href":"https:\/\/hand2noteguide.com\/it\/wp-json\/wp\/v2\/media\/14181"}],"wp:attachment":[{"href":"https:\/\/hand2noteguide.com\/it\/wp-json\/wp\/v2\/media?parent=14179"}],"curies":[{"name":"wp","href":"https:\/\/api.w.org\/{rel}","templated":true}]}}