{"id":15713,"date":"2026-03-13T13:27:46","date_gmt":"2026-03-13T10:27:46","guid":{"rendered":"https:\/\/hand2noteguide.com\/?page_id=15713"},"modified":"2026-03-13T13:37:20","modified_gmt":"2026-03-13T10:37:20","slug":"the_use_of_limp_limp-fold_and_limp-raise_stats","status":"publish","type":"page","link":"https:\/\/hand2noteguide.com\/it\/user-manual\/the_use_of_limp_limp-fold_and_limp-raise_stats\/","title":{"rendered":"Come analizzare le range dei fish: limp, limp-raise e limp-fold"},"content":{"rendered":"\n<p>Quando ci troviamo di fronte a un giocatore ricreativo al tavolo, pensare <em>\u201cgioca male, quindi dovrei vincere\u201d<\/em> sarebbe un errore. \u00c8 comunque importante valutare il suo gioco attraverso la lente di \u201crange vs range\u201d. Tuttavia, capire la sua range non \u00e8 sempre facile. La maggior parte dei giocatori ricreativi preferisce una strategia con un\u2019alta frequenza di limp e una bassa frequenza di raise; altri utilizzano grandi rilanci preflop con pochissimi limp; e il gruppo pi\u00f9 piccolo ha frequenze di limp e raise preflop pi\u00f9 o meno bilanciate.<\/p>\n\n\n\n<p>In questo articolo mostreremo <strong>come comprendere i pattern preflop dei giocatori ricreativi ti aiuta a giocare correttamente le mani contro di loro e a vincere piatti con costanza<\/strong>.<\/p>\n\n\n\n<h2 class=\"wp-block-heading\">Giocare contro un fish \u201cVIP\u201d<\/h2>\n\n\n\n<p><em>L\u2019analisi della mano \u00e8 stata effettuata utilizzando H2N versione 4.1.226 e <a href=\"https:\/\/www.hudstore.poker\/products\/pbcp-hud\" target=\"_blank\" rel=\"noreferrer noopener\">PBCP HUD<\/a>.<\/em><\/p>\n\n\n\n<p>Come possiamo capire la distribuzione dell\u2019intera range di un giocatore ricreativo tra le diverse linee per costruire la nostra strategia nella mano?<\/p>\n\n\n\n<p>Per questo utilizzo le statistiche limp, limp-fold e limp-raise. Nel mio HUD sono mostrate come Total, mentre nel popup sono suddivise per posizione.<\/p>\n\n\n\n<p>Vediamo un esempio concreto. In questa mano l\u2019avversario ha statistiche VPIP 79% e PFR 4%. \u00c8 un classico esempio di fish \u201cVIP\u201d, che entra in troppi piatti ma mostra raramente aggressivit\u00e0 prima del flop. Giocare contro avversari di questo tipo ha un valore atteso molto positivo perch\u00e9 le loro range sono eccessivamente ampie e vulnerabili.<\/p>\n\n\n\n<figure class=\"wp-block-image size-full\"><img loading=\"lazy\" decoding=\"async\" width=\"221\" height=\"77\" src=\"https:\/\/hand2noteguide.com\/wp-content\/uploads\/2026\/03\/1.png\" alt=\"\" class=\"wp-image-15741\" \/><\/figure>\n\n\n\n<p>Ecco la mano:<\/p>\n\n\n\n<figure class=\"wp-block-image size-full\"><img loading=\"lazy\" decoding=\"async\" width=\"480\" height=\"689\" src=\"https:\/\/hand2noteguide.com\/wp-content\/uploads\/2026\/03\/2.png\" alt=\"\" class=\"wp-image-15742\" srcset=\"https:\/\/hand2noteguide.com\/wp-content\/uploads\/2026\/03\/2.png 480w, https:\/\/hand2noteguide.com\/wp-content\/uploads\/2026\/03\/2-209x300.png 209w\" sizes=\"auto, (max-width: 480px) 100vw, 480px\" \/><\/figure>\n\n\n\n<p>Sono nello SB con una coppia \u2014 2 2. Faccio un classico isolamento con un raise, ma mi trovo davanti a un limp-raise. La sua range media di limp pu\u00f2 essere stimata intorno al 70%, mentre il suo limp-raise \u00e8 circa 5\u20136%, il che significa che la range complessiva qui difficilmente supera il 3\u20135%. Con una distribuzione del genere, la sua range sar\u00e0 fortemente sbilanciata verso mani forti con un piccolo numero di mani casuali mescolate.<\/p>\n\n\n\n<p>Il raise \u00e8 8bb e con 22 devo aggiungere ancora 3.5bb per chiamare il min 3-bet, cosa che le pot odds giustificano.<\/p>\n\n\n\n<p>Il flop arriva Ax \u2014 brutto per me, perch\u00e9 tutte le mani AQ\u2013AK ci connettono. Senza ulteriore equity folderei semplicemente 22. Ma ho un gutshot. Ho bisogno del 22.5% di equity per chiamare. Ho 6 outs vivi, quindi \u00e8 call.<\/p>\n\n\n\n<p>Il turn \u00e8 +K.<\/p>\n\n\n\n<p>L\u2019avversario fa check back, il che mi d\u00e0 una possibilit\u00e0 al river.<\/p>\n\n\n\n<p>Il river \u00e8 una blank (8x).<\/p>\n\n\n\n<p>Come valuto la sua range al river? L\u2019avversario ha frequenze di aggressivit\u00e0 15\/17\/42, quindi devo assumere che abbia alcuni slowplay come TP2K, doppia coppia top o set come AA o KK (circa 15\u201317 combo slowplayate), che non riuscir\u00f2 mai a far foldare. D\u2019altra parte, ci sono mani come TT\u2013QQ e KJ\u2013KQ che sono migliorate al turn (diciamo circa 25 combo). E una piccola quantit\u00e0 di mani casuali (5\u20137 combo).<\/p>\n\n\n\n<p>Ecco il suo gioco quando \u00e8 in posizione:<\/p>\n\n\n\n<figure class=\"wp-block-image size-full\"><img loading=\"lazy\" decoding=\"async\" width=\"216\" height=\"249\" src=\"https:\/\/hand2noteguide.com\/wp-content\/uploads\/2026\/03\/3.png\" alt=\"\" class=\"wp-image-15744\" \/><\/figure>\n\n\n\n<p>Ho deciso di provare a far foldare mani del tipo doppia coppia. Contro questo tipo di avversario serve una size grande \u2014 una puntata pot o persino un overbet. Lo showdown \u00e8 stato questo:<\/p>\n\n\n\n<figure class=\"wp-block-image size-full\"><img loading=\"lazy\" decoding=\"async\" width=\"437\" height=\"128\" src=\"https:\/\/hand2noteguide.com\/wp-content\/uploads\/2026\/03\/4.png\" alt=\"\" class=\"wp-image-15746\" srcset=\"https:\/\/hand2noteguide.com\/wp-content\/uploads\/2026\/03\/4.png 437w, https:\/\/hand2noteguide.com\/wp-content\/uploads\/2026\/03\/4-300x88.png 300w\" sizes=\"auto, (max-width: 437px) 100vw, 437px\" \/><\/figure>\n\n\n\n<p>Dopo aver valutato la sua range, sembra che abbia sopravvalutato la mia fold equity. Se avevo pianificato di far foldare una certa categoria di mani e non ci sono riuscito, allora il bluff \u00e8 stato sbagliato. Tuttavia, la range dell\u2019avversario in s\u00e9 \u00e8 stata compresa correttamente.<\/p>\n\n\n\n<h2 class=\"wp-block-heading\">Giocare contro un giocatore ricreativo medio<\/h2>\n\n\n\n<p>Questa mano \u00e8 stata giocata contro un giocatore ricreativo con statistiche circa 45\/6 e un\u2019alta frequenza di limp-raise. Ecco le statistiche di limp del mio avversario:<\/p>\n\n\n\n<figure class=\"wp-block-image size-full\"><img loading=\"lazy\" decoding=\"async\" width=\"191\" height=\"76\" src=\"https:\/\/hand2noteguide.com\/wp-content\/uploads\/2026\/03\/5.png\" alt=\"\" class=\"wp-image-15753\" \/><\/figure>\n\n\n\n<p>Salta subito all\u2019occhio la grande differenza nella frequenza di limp-raise tra EP\u2013MP e CO\u2013BU. Questo richiede gli aggiustamenti appropriati. Contro le prime due posizioni serve una range solida e bisogna essere pronti a giocare contro una range di 3-bet del 14\u201316%, mentre contro le posizioni pi\u00f9 tarde spesso si pu\u00f2 ottenere profitto automatico quando si isola, il che permette di allargare la propria range di isolamento.<\/p>\n\n\n\n<p>Ecco la mano:<\/p>\n\n\n\n<figure class=\"wp-block-image size-full\"><img loading=\"lazy\" decoding=\"async\" width=\"484\" height=\"685\" src=\"https:\/\/hand2noteguide.com\/wp-content\/uploads\/2026\/03\/6.png\" alt=\"\" class=\"wp-image-15754\" srcset=\"https:\/\/hand2noteguide.com\/wp-content\/uploads\/2026\/03\/6.png 484w, https:\/\/hand2noteguide.com\/wp-content\/uploads\/2026\/03\/6-212x300.png 212w\" sizes=\"auto, (max-width: 484px) 100vw, 484px\" \/><\/figure>\n\n\n\n<p>Preflop questa \u00e8 un\u2019ottima mano per isolare un avversario di questo tipo. \u00c8 alta, blocca alcune delle sue mani di raise e ha una buona equity quando connette postflop.<\/p>\n\n\n\n<p>Il flop arriva Kx \u2014 ho top pair con kicker debole. Ma per costruire una strategia nella mano dobbiamo valutare la sua range. Limp-a il 21% delle mani, da cui rilancia circa un quarto, folda due terzi e chiama circa il 15\u201320%, che equivale a circa 3.5\u20134%. Con questa distribuzione, la range di call dovrebbe essere composta principalmente da mani di forza media.<\/p>\n\n\n\n<p>Voglio sottolinearlo ancora una volta: senza le statistiche limp, limp-raise e limp-fold probabilmente giocherei questa mano in modo standard. Ma le statistiche dell\u2019avversario non sono standard, quindi devo fare degli aggiustamenti.<\/p>\n\n\n\n<p>La mia mano \u00e8 pi\u00f9 o meno al confine tra due o tre street di value.<\/p>\n\n\n\n<p>Ecco le informazioni che abbiamo sul suo gioco negli spot di limp-call:<\/p>\n\n\n\n<figure class=\"wp-block-image size-full\"><img loading=\"lazy\" decoding=\"async\" width=\"257\" height=\"490\" src=\"https:\/\/hand2noteguide.com\/wp-content\/uploads\/2026\/03\/7.png\" alt=\"\" class=\"wp-image-15755\" srcset=\"https:\/\/hand2noteguide.com\/wp-content\/uploads\/2026\/03\/7.png 257w, https:\/\/hand2noteguide.com\/wp-content\/uploads\/2026\/03\/7-157x300.png 157w\" sizes=\"auto, (max-width: 257px) 100vw, 257px\" \/><\/figure>\n\n\n\n<p>Sapendo che questo avversario ama puntare e rilanciare spesso postflop quando \u00e8 in posizione, ho costruito la mia strategia attorno a una piccola puntata al flop per allargare la sua range di call, seguita da un check protetto per dargli l\u2019opportunit\u00e0 di bluffare.<\/p>\n\n\n\n<p>Mi sono basato sul seguente popup:<\/p>\n\n\n\n<figure class=\"wp-block-image size-full\"><img loading=\"lazy\" decoding=\"async\" width=\"221\" height=\"241\" src=\"https:\/\/hand2noteguide.com\/wp-content\/uploads\/2026\/03\/8.png\" alt=\"\" class=\"wp-image-15756\" \/><\/figure>\n\n\n\n<p>Purtroppo l\u2019avversario non ha puntato n\u00e9 al turn n\u00e9 al river e allo showdown ha mostrato questo:<\/p>\n\n\n\n<figure class=\"wp-block-image size-full\"><img loading=\"lazy\" decoding=\"async\" width=\"416\" height=\"125\" src=\"https:\/\/hand2noteguide.com\/wp-content\/uploads\/2026\/03\/9.png\" alt=\"\" class=\"wp-image-15757\" srcset=\"https:\/\/hand2noteguide.com\/wp-content\/uploads\/2026\/03\/9.png 416w, https:\/\/hand2noteguide.com\/wp-content\/uploads\/2026\/03\/9-300x90.png 300w\" sizes=\"auto, (max-width: 416px) 100vw, 416px\" \/><\/figure>\n\n\n\n<p>Ha fatto seconda coppia al turn e ha ragionevolmente deciso di non trasformare il suo valore di showdown in un bluff. Tuttavia vorrei sottolineare che ha chiamato troppo largo al flop \u2014 la sua mano in realt\u00e0 dovrebbe foldare l\u00ec. Questo suggerisce che il suo piano fosse quello di spingermi fuori dal piatto con azioni aggressive.<\/p>\n\n\n\n<h2 class=\"wp-block-heading\">Conclusione<\/h2>\n\n\n\n<p>Capire le range degli avversari \u00e8 probabilmente ci\u00f2 che distingue maggiormente un professionista da un giocatore ricreativo. E come abbiamo appena visto nei due esempi sopra, questa comprensione \u00e8 semplicemente impossibile senza statistiche di qualit\u00e0.<\/p>\n\n\n\n<p>Quindi la prossima volta che ti siedi al tavolo e vedi un \u201cfish\u201d di fronte a te, non pensare: \u201cLo distrugger\u00f2 perch\u00e9 \u00e8 scarso\u201d. Pensa invece: \u201cCosa so del suo limp-raise? Con quale frequenza fa slowplay? Con quali mani chiama al flop?\u201d Apri il tuo popup \u2014 quello che abbiamo imparato a creare \u2014 e dai un\u2019occhiata. In quei numeri apparentemente secchi \u00e8 gi\u00e0 scritta tutta la storia della mano che stai per giocare. Non resta che non confondere una coppia di due con gli assi al river e premere check nel momento giusto.<\/p>\n\n\n\n<p>Oggi abbiamo visto come le statistiche \u201climp\u201d, \u201climp-raise\u201d e \u201climp-fold\u201d ci aiutano a costruire un quadro della range dell\u2019avversario. E ricorda: devono essere considerate insieme, e solo dopo dovresti costruire la tua strategia di gioco basandoti sulla range specifica che assegni.<\/p>\n","protected":false},"excerpt":{"rendered":"<p>Quando ci troviamo di fronte a un giocatore ricreativo al tavolo, pensare \u201cgioca male, quindi dovrei vincere\u201d sarebbe un errore. \u00c8 comunque importante valutare il suo gioco attraverso la lente di \u201crange vs range\u201d. Tuttavia, capire la sua range non \u00e8 sempre facile. La maggior parte dei giocatori ricreativi preferisce una strategia con un\u2019alta frequenza &hellip; <a href=\"https:\/\/hand2noteguide.com\/it\/user-manual\/the_use_of_limp_limp-fold_and_limp-raise_stats\/\" class=\"more-link\">Continue reading <span class=\"screen-reader-text\">Come analizzare le range dei fish: limp, limp-raise e limp-fold<\/span><\/a><\/p>\n","protected":false},"author":18,"featured_media":15716,"parent":9199,"menu_order":0,"comment_status":"closed","ping_status":"closed","template":"","meta":{"footnotes":""},"class_list":["post-15713","page","type-page","status-publish","has-post-thumbnail","hentry"],"translation":{"provider":"WPGlobus","version":"3.0.2","language":"it","enabled_languages":["en","ru","pt","zh","es","fr","de","it","ja"],"languages":{"en":{"title":true,"content":true,"excerpt":false},"ru":{"title":true,"content":true,"excerpt":false},"pt":{"title":true,"content":true,"excerpt":false},"zh":{"title":true,"content":true,"excerpt":false},"es":{"title":true,"content":true,"excerpt":false},"fr":{"title":true,"content":true,"excerpt":false},"de":{"title":true,"content":true,"excerpt":false},"it":{"title":true,"content":true,"excerpt":false},"ja":{"title":true,"content":true,"excerpt":false}}},"yoast_head":"<!-- This site is optimized with the Yoast SEO plugin v27.0 - https:\/\/yoast.com\/product\/yoast-seo-wordpress\/ -->\n<title>Analizza i fish con le stats limp e limp-raise<\/title>\n<meta name=\"description\" content=\"Scopri come le stats limp, limp-raise e limp-fold aiutano a stimare le range dei fish, adattare gli isolamenti e trovare linee postflop profittevoli.\" \/>\n<meta name=\"robots\" content=\"index, follow, max-snippet:-1, max-image-preview:large, max-video-preview:-1\" \/>\n<link rel=\"canonical\" href=\"https:\/\/hand2noteguide.com\/user-manual\/the_use_of_limp_limp-fold_and_limp-raise_stats\/\" \/>\n<meta property=\"og:locale\" content=\"it_IT\" \/>\n<meta property=\"og:type\" content=\"article\" \/>\n<meta property=\"og:title\" content=\"Analizza i fish con le stats limp e limp-raise\" \/>\n<meta property=\"og:description\" content=\"Scopri come le stats limp, limp-raise e limp-fold aiutano a stimare le range dei fish, adattare gli isolamenti e trovare linee postflop profittevoli.\" \/>\n<meta property=\"og:url\" content=\"https:\/\/hand2noteguide.com\/user-manual\/the_use_of_limp_limp-fold_and_limp-raise_stats\/\" \/>\n<meta property=\"og:site_name\" content=\"Hand2Note Guide\" \/>\n<meta property=\"article:modified_time\" content=\"2026-03-13T10:37:20+00:00\" \/>\n<meta property=\"og:image\" content=\"https:\/\/hand2noteguide.com\/wp-content\/uploads\/2026\/03\/\u0413\u043b\u0430\u0432\u043d\u0430\u044f-\u0432\u0441-\u043b\u0438\u043c\u043f-1024x540.png\" \/>\n\t<meta property=\"og:image:width\" content=\"1024\" \/>\n\t<meta property=\"og:image:height\" content=\"540\" \/>\n\t<meta property=\"og:image:type\" content=\"image\/png\" \/>\n<meta name=\"twitter:card\" content=\"summary_large_image\" \/>\n<meta name=\"twitter:label1\" content=\"Est. reading time\" \/>\n\t<meta name=\"twitter:data1\" content=\"7 minutes\" \/>\n<!-- \/ Yoast SEO plugin. -->","yoast_head_json":{"title":"Analizza i fish con le stats limp e limp-raise","description":"Scopri come le stats limp, limp-raise e limp-fold aiutano a stimare le range dei fish, adattare gli isolamenti e trovare linee postflop profittevoli.","robots":{"index":"index","follow":"follow","max-snippet":"max-snippet:-1","max-image-preview":"max-image-preview:large","max-video-preview":"max-video-preview:-1"},"canonical":"https:\/\/hand2noteguide.com\/user-manual\/the_use_of_limp_limp-fold_and_limp-raise_stats\/","og_locale":"it_IT","og_type":"article","og_title":"Analizza i fish con le stats limp e limp-raise","og_description":"Scopri come le stats limp, limp-raise e limp-fold aiutano a stimare le range dei fish, adattare gli isolamenti e trovare linee postflop profittevoli.","og_url":"https:\/\/hand2noteguide.com\/user-manual\/the_use_of_limp_limp-fold_and_limp-raise_stats\/","og_site_name":"Hand2Note Guide","article_modified_time":"2026-03-13T10:37:20+00:00","og_image":[{"width":1024,"height":540,"url":"https:\/\/hand2noteguide.com\/wp-content\/uploads\/2026\/03\/\u0413\u043b\u0430\u0432\u043d\u0430\u044f-\u0432\u0441-\u043b\u0438\u043c\u043f-1024x540.png","type":"image\/png"}],"twitter_card":"summary_large_image","twitter_misc":{"Est. reading time":"7 minutes"},"schema":{"@context":"https:\/\/schema.org","@graph":[]}},"jetpack_sharing_enabled":true,"_links":{"self":[{"href":"https:\/\/hand2noteguide.com\/it\/wp-json\/wp\/v2\/pages\/15713","targetHints":{"allow":["GET"]}}],"collection":[{"href":"https:\/\/hand2noteguide.com\/it\/wp-json\/wp\/v2\/pages"}],"about":[{"href":"https:\/\/hand2noteguide.com\/it\/wp-json\/wp\/v2\/types\/page"}],"author":[{"embeddable":true,"href":"https:\/\/hand2noteguide.com\/it\/wp-json\/wp\/v2\/users\/18"}],"replies":[{"embeddable":true,"href":"https:\/\/hand2noteguide.com\/it\/wp-json\/wp\/v2\/comments?post=15713"}],"version-history":[{"count":19,"href":"https:\/\/hand2noteguide.com\/it\/wp-json\/wp\/v2\/pages\/15713\/revisions"}],"predecessor-version":[{"id":15907,"href":"https:\/\/hand2noteguide.com\/it\/wp-json\/wp\/v2\/pages\/15713\/revisions\/15907"}],"up":[{"embeddable":true,"href":"https:\/\/hand2noteguide.com\/it\/wp-json\/wp\/v2\/pages\/9199"}],"wp:featuredmedia":[{"embeddable":true,"href":"https:\/\/hand2noteguide.com\/it\/wp-json\/wp\/v2\/media\/15716"}],"wp:attachment":[{"href":"https:\/\/hand2noteguide.com\/it\/wp-json\/wp\/v2\/media?parent=15713"}],"curies":[{"name":"wp","href":"https:\/\/api.w.org\/{rel}","templated":true}]}}