{"id":15922,"date":"2026-03-28T13:03:50","date_gmt":"2026-03-28T10:03:50","guid":{"rendered":"https:\/\/hand2noteguide.com\/?page_id=15922"},"modified":"2026-03-28T13:12:22","modified_gmt":"2026-03-28T10:12:22","slug":"hand2note_popup_editor_creating_a_professional_popup","status":"publish","type":"page","link":"https:\/\/hand2noteguide.com\/it\/user-manual\/hand2note_popup_editor_creating_a_professional_popup\/","title":{"rendered":"Hand2Note Popup Editor: creare un popup professionale"},"content":{"rendered":"\n<p>L\u2019ultima volta abbiamo completato la fase di \u201cfamiliarizzazione\u201d: abbiamo imparato a orientarci nell\u2019interfaccia del popup editor e creato un popup semplice.<\/p>\n\n\n\n<p>Oggi l\u2019obiettivo \u00e8 pi\u00f9 ambizioso \u2014 creare uno strumento complesso e multilivello. Vedremo come aggiungere tab a un popup, integrare istogrammi di forza delle mani postflop, utilizzare diagrammi preflop e configurare statistiche dettagliate per un\u2019analisi pi\u00f9 approfondita del gioco.<\/p>\n\n\n\n<h2 class=\"wp-block-heading\">Come sar\u00e0 il popup finale?<\/h2>\n\n\n\n<p>In precedenza, lavorando con il popup editor, abbiamo creato un popup che si presenta cos\u00ec:<\/p>\n\n\n\n<figure class=\"wp-block-image size-large\"><img loading=\"lazy\" decoding=\"async\" width=\"1024\" height=\"540\" src=\"https:\/\/hand2noteguide.com\/wp-content\/uploads\/2026\/03\/\u041f\u0440\u0438\u043c\u0435\u0440-\u043f\u043e\u043f\u0430\u043f\u0430-1024x540.jpg\" alt=\"\" class=\"wp-image-15441\" srcset=\"https:\/\/hand2noteguide.com\/wp-content\/uploads\/2026\/03\/\u041f\u0440\u0438\u043c\u0435\u0440-\u043f\u043e\u043f\u0430\u043f\u0430-1024x540.jpg 1024w, https:\/\/hand2noteguide.com\/wp-content\/uploads\/2026\/03\/\u041f\u0440\u0438\u043c\u0435\u0440-\u043f\u043e\u043f\u0430\u043f\u0430-300x158.jpg 300w, https:\/\/hand2noteguide.com\/wp-content\/uploads\/2026\/03\/\u041f\u0440\u0438\u043c\u0435\u0440-\u043f\u043e\u043f\u0430\u043f\u0430-768x405.jpg 768w, https:\/\/hand2noteguide.com\/wp-content\/uploads\/2026\/03\/\u041f\u0440\u0438\u043c\u0435\u0440-\u043f\u043e\u043f\u0430\u043f\u0430-1536x811.jpg 1536w, https:\/\/hand2noteguide.com\/wp-content\/uploads\/2026\/03\/\u041f\u0440\u0438\u043c\u0435\u0440-\u043f\u043e\u043f\u0430\u043f\u0430-2048x1081.jpg 2048w, https:\/\/hand2noteguide.com\/wp-content\/uploads\/2026\/03\/\u041f\u0440\u0438\u043c\u0435\u0440-\u043f\u043e\u043f\u0430\u043f\u0430-772x407.jpg 772w\" sizes=\"auto, (max-width: 1024px) 100vw, 1024px\" \/><\/figure>\n\n\n\n<p>Ora \u00e8 il momento di migliorarlo: aggiungere tab annidate, visualizzazioni grafiche delle range e altri elementi che trasformano semplici statistiche in uno strumento analitico completo:<\/p>\n\n\n\n<figure class=\"wp-block-image size-large\"><img loading=\"lazy\" decoding=\"async\" width=\"1024\" height=\"540\" src=\"https:\/\/hand2noteguide.com\/wp-content\/uploads\/2026\/03\/\u0421\u043b\u043e\u0436\u043d\u044b\u0439-\u043f\u043e\u043f\u0430\u043f-\u043f\u0440\u0435\u0432\u044c\u044e-1024x540.jpg\" alt=\"\" class=\"wp-image-15935\" srcset=\"https:\/\/hand2noteguide.com\/wp-content\/uploads\/2026\/03\/\u0421\u043b\u043e\u0436\u043d\u044b\u0439-\u043f\u043e\u043f\u0430\u043f-\u043f\u0440\u0435\u0432\u044c\u044e-1024x540.jpg 1024w, https:\/\/hand2noteguide.com\/wp-content\/uploads\/2026\/03\/\u0421\u043b\u043e\u0436\u043d\u044b\u0439-\u043f\u043e\u043f\u0430\u043f-\u043f\u0440\u0435\u0432\u044c\u044e-300x158.jpg 300w, https:\/\/hand2noteguide.com\/wp-content\/uploads\/2026\/03\/\u0421\u043b\u043e\u0436\u043d\u044b\u0439-\u043f\u043e\u043f\u0430\u043f-\u043f\u0440\u0435\u0432\u044c\u044e-768x405.jpg 768w, https:\/\/hand2noteguide.com\/wp-content\/uploads\/2026\/03\/\u0421\u043b\u043e\u0436\u043d\u044b\u0439-\u043f\u043e\u043f\u0430\u043f-\u043f\u0440\u0435\u0432\u044c\u044e-1536x811.jpg 1536w, https:\/\/hand2noteguide.com\/wp-content\/uploads\/2026\/03\/\u0421\u043b\u043e\u0436\u043d\u044b\u0439-\u043f\u043e\u043f\u0430\u043f-\u043f\u0440\u0435\u0432\u044c\u044e-2048x1081.jpg 2048w, https:\/\/hand2noteguide.com\/wp-content\/uploads\/2026\/03\/\u0421\u043b\u043e\u0436\u043d\u044b\u0439-\u043f\u043e\u043f\u0430\u043f-\u043f\u0440\u0435\u0432\u044c\u044e-772x407.jpg 772w\" sizes=\"auto, (max-width: 1024px) 100vw, 1024px\" \/><\/figure>\n\n\n\n<h2 class=\"wp-block-heading\">Creare una nuova tab del popup<\/h2>\n\n\n\n<p>Utilizzando i metodi descritti nell\u2019articolo &#8220;<a href=\"https:\/\/hand2noteguide.com\/it\/user-manual\/popup_editor_navigation_and_creating_a_simple_popup_in_hand2note\/\" id=\"https:\/\/hand2noteguide.com\/user-manual\/popup_editor_navigation_and_creating_a_simple_popup_in_hand2note\/\">Hand2Note Popup Editor: creare un popup semplice<\/a>&#8220;, crea una nuova tab nel popup, applica un pannello popup e riempilo con le statistiche e le etichette necessarie. Vale la pena notare che per questo esempio abbiamo <a href=\"https:\/\/hand2noteguide.com\/it\/user-manual\/creating-a-simple-stat-continued-bet-on-the-river-in-a-3bet-pot-position\/\" id=\"https:\/\/hand2noteguide.com\/user-manual\/creating-a-simple-stat-continued-bet-on-the-river-in-a-3bet-pot-position\/\">creato in anticipo le statistiche necessarie<\/a>. Un esempio della tab appena creata \u201cRFI+\u201d:<\/p>\n\n\n\n<figure class=\"wp-block-image size-large\"><img loading=\"lazy\" decoding=\"async\" width=\"1024\" height=\"540\" src=\"https:\/\/hand2noteguide.com\/wp-content\/uploads\/2026\/03\/\u0421\u043b\u043e\u0436\u043d\u044b\u0439-\u043f\u043e\u043f\u0430\u043f-1-1024x540.jpg\" alt=\"\" class=\"wp-image-15965\" srcset=\"https:\/\/hand2noteguide.com\/wp-content\/uploads\/2026\/03\/\u0421\u043b\u043e\u0436\u043d\u044b\u0439-\u043f\u043e\u043f\u0430\u043f-1-1024x540.jpg 1024w, https:\/\/hand2noteguide.com\/wp-content\/uploads\/2026\/03\/\u0421\u043b\u043e\u0436\u043d\u044b\u0439-\u043f\u043e\u043f\u0430\u043f-1-300x158.jpg 300w, https:\/\/hand2noteguide.com\/wp-content\/uploads\/2026\/03\/\u0421\u043b\u043e\u0436\u043d\u044b\u0439-\u043f\u043e\u043f\u0430\u043f-1-768x405.jpg 768w, https:\/\/hand2noteguide.com\/wp-content\/uploads\/2026\/03\/\u0421\u043b\u043e\u0436\u043d\u044b\u0439-\u043f\u043e\u043f\u0430\u043f-1-1536x811.jpg 1536w, https:\/\/hand2noteguide.com\/wp-content\/uploads\/2026\/03\/\u0421\u043b\u043e\u0436\u043d\u044b\u0439-\u043f\u043e\u043f\u0430\u043f-1-2048x1081.jpg 2048w, https:\/\/hand2noteguide.com\/wp-content\/uploads\/2026\/03\/\u0421\u043b\u043e\u0436\u043d\u044b\u0439-\u043f\u043e\u043f\u0430\u043f-1-772x407.jpg 772w\" sizes=\"auto, (max-width: 1024px) 100vw, 1024px\" \/><\/figure>\n\n\n\n<h3 class=\"wp-block-heading\">Aggiungere istogrammi postflop<\/h3>\n\n\n\n<p>Iniziamo aggiungendo istogrammi postflop accanto alle statistiche che riflettono la frequenza di continuation bet di un giocatore.<\/p>\n\n\n\n<figure class=\"wp-block-image size-large\"><img loading=\"lazy\" decoding=\"async\" width=\"1024\" height=\"540\" src=\"https:\/\/hand2noteguide.com\/wp-content\/uploads\/2026\/03\/\u0421\u043b\u043e\u0436\u043d\u044b\u0439-\u043f\u043e\u043f\u0430\u043f-2-1024x540.jpg\" alt=\"\" class=\"wp-image-15967\" srcset=\"https:\/\/hand2noteguide.com\/wp-content\/uploads\/2026\/03\/\u0421\u043b\u043e\u0436\u043d\u044b\u0439-\u043f\u043e\u043f\u0430\u043f-2-1024x540.jpg 1024w, https:\/\/hand2noteguide.com\/wp-content\/uploads\/2026\/03\/\u0421\u043b\u043e\u0436\u043d\u044b\u0439-\u043f\u043e\u043f\u0430\u043f-2-300x158.jpg 300w, https:\/\/hand2noteguide.com\/wp-content\/uploads\/2026\/03\/\u0421\u043b\u043e\u0436\u043d\u044b\u0439-\u043f\u043e\u043f\u0430\u043f-2-768x405.jpg 768w, https:\/\/hand2noteguide.com\/wp-content\/uploads\/2026\/03\/\u0421\u043b\u043e\u0436\u043d\u044b\u0439-\u043f\u043e\u043f\u0430\u043f-2-1536x811.jpg 1536w, https:\/\/hand2noteguide.com\/wp-content\/uploads\/2026\/03\/\u0421\u043b\u043e\u0436\u043d\u044b\u0439-\u043f\u043e\u043f\u0430\u043f-2-2048x1081.jpg 2048w, https:\/\/hand2noteguide.com\/wp-content\/uploads\/2026\/03\/\u0421\u043b\u043e\u0436\u043d\u044b\u0439-\u043f\u043e\u043f\u0430\u043f-2-772x407.jpg 772w\" sizes=\"auto, (max-width: 1024px) 100vw, 1024px\" \/><\/figure>\n\n\n\n<p>Per aggiungere un istogramma, fai clic con il tasto destro sulla cella desiderata. Poi, nel menu che appare, passa su \u201cInsert\u201d e seleziona \u201cPostflop histogram\u201d dal menu a discesa.<\/p>\n\n\n\n<figure class=\"wp-block-image size-large\"><img loading=\"lazy\" decoding=\"async\" width=\"1024\" height=\"540\" src=\"https:\/\/hand2noteguide.com\/wp-content\/uploads\/2026\/03\/\u0421\u043b\u043e\u0436\u043d\u044b\u0439-\u043f\u043e\u043f\u0430\u043f-4-1024x540.jpg\" alt=\"\" class=\"wp-image-15971\" srcset=\"https:\/\/hand2noteguide.com\/wp-content\/uploads\/2026\/03\/\u0421\u043b\u043e\u0436\u043d\u044b\u0439-\u043f\u043e\u043f\u0430\u043f-4-1024x540.jpg 1024w, https:\/\/hand2noteguide.com\/wp-content\/uploads\/2026\/03\/\u0421\u043b\u043e\u0436\u043d\u044b\u0439-\u043f\u043e\u043f\u0430\u043f-4-300x158.jpg 300w, https:\/\/hand2noteguide.com\/wp-content\/uploads\/2026\/03\/\u0421\u043b\u043e\u0436\u043d\u044b\u0439-\u043f\u043e\u043f\u0430\u043f-4-768x405.jpg 768w, https:\/\/hand2noteguide.com\/wp-content\/uploads\/2026\/03\/\u0421\u043b\u043e\u0436\u043d\u044b\u0439-\u043f\u043e\u043f\u0430\u043f-4-1536x811.jpg 1536w, https:\/\/hand2noteguide.com\/wp-content\/uploads\/2026\/03\/\u0421\u043b\u043e\u0436\u043d\u044b\u0439-\u043f\u043e\u043f\u0430\u043f-4-2048x1081.jpg 2048w, https:\/\/hand2noteguide.com\/wp-content\/uploads\/2026\/03\/\u0421\u043b\u043e\u0436\u043d\u044b\u0439-\u043f\u043e\u043f\u0430\u043f-4-772x407.jpg 772w\" sizes=\"auto, (max-width: 1024px) 100vw, 1024px\" \/><\/figure>\n\n\n\n<p>Per estendere l\u2019istogramma postflop su pi\u00f9 celle, selezionale, fai clic con il tasto destro e scegli \u201cMerge\u201d. Regola importante: durante l\u2019unione, la cella che contiene l\u2019istogramma deve sempre trovarsi nell\u2019angolo in alto a sinistra dell\u2019area selezionata.<\/p>\n\n\n\n<p>Ora devi assegnare la statistica che ogni istogramma mostrer\u00e0.<\/p>\n\n\n\n<figure class=\"wp-block-image size-large\"><img loading=\"lazy\" decoding=\"async\" width=\"1024\" height=\"540\" src=\"https:\/\/hand2noteguide.com\/wp-content\/uploads\/2026\/03\/\u0421\u043b\u043e\u0436\u043d\u044b\u0439-\u043f\u043e\u043f\u0430\u043f-5-1024x540.jpg\" alt=\"\" class=\"wp-image-15973\" srcset=\"https:\/\/hand2noteguide.com\/wp-content\/uploads\/2026\/03\/\u0421\u043b\u043e\u0436\u043d\u044b\u0439-\u043f\u043e\u043f\u0430\u043f-5-1024x540.jpg 1024w, https:\/\/hand2noteguide.com\/wp-content\/uploads\/2026\/03\/\u0421\u043b\u043e\u0436\u043d\u044b\u0439-\u043f\u043e\u043f\u0430\u043f-5-300x158.jpg 300w, https:\/\/hand2noteguide.com\/wp-content\/uploads\/2026\/03\/\u0421\u043b\u043e\u0436\u043d\u044b\u0439-\u043f\u043e\u043f\u0430\u043f-5-768x405.jpg 768w, https:\/\/hand2noteguide.com\/wp-content\/uploads\/2026\/03\/\u0421\u043b\u043e\u0436\u043d\u044b\u0439-\u043f\u043e\u043f\u0430\u043f-5-1536x811.jpg 1536w, https:\/\/hand2noteguide.com\/wp-content\/uploads\/2026\/03\/\u0421\u043b\u043e\u0436\u043d\u044b\u0439-\u043f\u043e\u043f\u0430\u043f-5-2048x1081.jpg 2048w, https:\/\/hand2noteguide.com\/wp-content\/uploads\/2026\/03\/\u0421\u043b\u043e\u0436\u043d\u044b\u0439-\u043f\u043e\u043f\u0430\u043f-5-772x407.jpg 772w\" sizes=\"auto, (max-width: 1024px) 100vw, 1024px\" \/><\/figure>\n\n\n\n<p>Per aggiungere una statistica a un istogramma, apri il menu di navigazione \u201cStats\u201d sul lato sinistro della finestra, trova la statistica desiderata e trascinala direttamente sull\u2019istogramma.<\/p>\n\n\n\n<h3 class=\"wp-block-heading\">Creare tab interne e aggiungere diagrammi preflop<\/h3>\n\n\n\n<p>Vediamo ora come aggiungere tab interne e inserire al loro interno diagrammi preflop per le statistiche desiderate.<\/p>\n\n\n\n<p>Fai clic con il tasto destro su un\u2019area vuota nello spazio di lavoro del popup e seleziona \u201cInner Tabs\u201d \u2014 verr\u00e0 aggiunto un pannello vuoto con tab interne.<\/p>\n\n\n\n<figure class=\"wp-block-image size-large\"><img loading=\"lazy\" decoding=\"async\" width=\"1024\" height=\"540\" src=\"https:\/\/hand2noteguide.com\/wp-content\/uploads\/2026\/03\/\u0421\u043b\u043e\u0436\u043d\u044b\u0439-\u043f\u043e\u043f\u0430\u043f-6-1024x540.jpg\" alt=\"\" class=\"wp-image-15980\" srcset=\"https:\/\/hand2noteguide.com\/wp-content\/uploads\/2026\/03\/\u0421\u043b\u043e\u0436\u043d\u044b\u0439-\u043f\u043e\u043f\u0430\u043f-6-1024x540.jpg 1024w, https:\/\/hand2noteguide.com\/wp-content\/uploads\/2026\/03\/\u0421\u043b\u043e\u0436\u043d\u044b\u0439-\u043f\u043e\u043f\u0430\u043f-6-300x158.jpg 300w, https:\/\/hand2noteguide.com\/wp-content\/uploads\/2026\/03\/\u0421\u043b\u043e\u0436\u043d\u044b\u0439-\u043f\u043e\u043f\u0430\u043f-6-768x405.jpg 768w, https:\/\/hand2noteguide.com\/wp-content\/uploads\/2026\/03\/\u0421\u043b\u043e\u0436\u043d\u044b\u0439-\u043f\u043e\u043f\u0430\u043f-6-1536x811.jpg 1536w, https:\/\/hand2noteguide.com\/wp-content\/uploads\/2026\/03\/\u0421\u043b\u043e\u0436\u043d\u044b\u0439-\u043f\u043e\u043f\u0430\u043f-6-2048x1081.jpg 2048w, https:\/\/hand2noteguide.com\/wp-content\/uploads\/2026\/03\/\u0421\u043b\u043e\u0436\u043d\u044b\u0439-\u043f\u043e\u043f\u0430\u043f-6-772x407.jpg 772w\" sizes=\"auto, (max-width: 1024px) 100vw, 1024px\" \/><\/figure>\n\n\n\n<p>Successivamente, regola l\u2019aspetto: per rendere le tab pi\u00f9 compatte, fai clic sull\u2019icona dell\u2019ingranaggio nell\u2019angolo in alto a destra e attiva l\u2019opzione \u201cSmaller Tabs\u201d. Poi crea il numero di tab necessario e rinominale \u2014 fai clic sul nome della tab e seleziona \u201cRename\u201d, quindi assegna un nome comodo. Ripeti questi passaggi per ogni tab, ad esempio: \u201cRFI EP\u201d, \u201cRFI MP\u201d, \u201cRFI CO\u201d, \u201cRFI BTN\u201d, \u201cRFI SB\u201d.<\/p>\n\n\n\n<figure class=\"wp-block-image size-large\"><img loading=\"lazy\" decoding=\"async\" width=\"1024\" height=\"540\" src=\"https:\/\/hand2noteguide.com\/wp-content\/uploads\/2026\/03\/\u0421\u043b\u043e\u0436\u043d\u044b\u0439-\u043f\u043e\u043f\u0430\u043f-7-1024x540.jpg\" alt=\"\" class=\"wp-image-15981\" srcset=\"https:\/\/hand2noteguide.com\/wp-content\/uploads\/2026\/03\/\u0421\u043b\u043e\u0436\u043d\u044b\u0439-\u043f\u043e\u043f\u0430\u043f-7-1024x540.jpg 1024w, https:\/\/hand2noteguide.com\/wp-content\/uploads\/2026\/03\/\u0421\u043b\u043e\u0436\u043d\u044b\u0439-\u043f\u043e\u043f\u0430\u043f-7-300x158.jpg 300w, https:\/\/hand2noteguide.com\/wp-content\/uploads\/2026\/03\/\u0421\u043b\u043e\u0436\u043d\u044b\u0439-\u043f\u043e\u043f\u0430\u043f-7-768x405.jpg 768w, https:\/\/hand2noteguide.com\/wp-content\/uploads\/2026\/03\/\u0421\u043b\u043e\u0436\u043d\u044b\u0439-\u043f\u043e\u043f\u0430\u043f-7-1536x811.jpg 1536w, https:\/\/hand2noteguide.com\/wp-content\/uploads\/2026\/03\/\u0421\u043b\u043e\u0436\u043d\u044b\u0439-\u043f\u043e\u043f\u0430\u043f-7-2048x1081.jpg 2048w, https:\/\/hand2noteguide.com\/wp-content\/uploads\/2026\/03\/\u0421\u043b\u043e\u0436\u043d\u044b\u0439-\u043f\u043e\u043f\u0430\u043f-7-772x407.jpg 772w\" sizes=\"auto, (max-width: 1024px) 100vw, 1024px\" \/><\/figure>\n\n\n\n<p>Ora devi aggiungere un diagramma preflop a ciascuna delle tab interne create. Per farlo, fai clic con il tasto destro su uno spazio vuoto all\u2019interno della tab desiderata e seleziona \u201cPreflop Diagram\u201d.<\/p>\n\n\n\n<figure class=\"wp-block-image size-large\"><img loading=\"lazy\" decoding=\"async\" width=\"1024\" height=\"540\" src=\"https:\/\/hand2noteguide.com\/wp-content\/uploads\/2026\/03\/\u0421\u043b\u043e\u0436\u043d\u044b\u0439-\u043f\u043e\u043f\u0430\u043f-8-1024x540.jpg\" alt=\"\" class=\"wp-image-15983\" srcset=\"https:\/\/hand2noteguide.com\/wp-content\/uploads\/2026\/03\/\u0421\u043b\u043e\u0436\u043d\u044b\u0439-\u043f\u043e\u043f\u0430\u043f-8-1024x540.jpg 1024w, https:\/\/hand2noteguide.com\/wp-content\/uploads\/2026\/03\/\u0421\u043b\u043e\u0436\u043d\u044b\u0439-\u043f\u043e\u043f\u0430\u043f-8-300x158.jpg 300w, https:\/\/hand2noteguide.com\/wp-content\/uploads\/2026\/03\/\u0421\u043b\u043e\u0436\u043d\u044b\u0439-\u043f\u043e\u043f\u0430\u043f-8-768x405.jpg 768w, https:\/\/hand2noteguide.com\/wp-content\/uploads\/2026\/03\/\u0421\u043b\u043e\u0436\u043d\u044b\u0439-\u043f\u043e\u043f\u0430\u043f-8-1536x811.jpg 1536w, https:\/\/hand2noteguide.com\/wp-content\/uploads\/2026\/03\/\u0421\u043b\u043e\u0436\u043d\u044b\u0439-\u043f\u043e\u043f\u0430\u043f-8-2048x1081.jpg 2048w, https:\/\/hand2noteguide.com\/wp-content\/uploads\/2026\/03\/\u0421\u043b\u043e\u0436\u043d\u044b\u0439-\u043f\u043e\u043f\u0430\u043f-8-772x407.jpg 772w\" sizes=\"auto, (max-width: 1024px) 100vw, 1024px\" \/><\/figure>\n\n\n\n<p>Successivamente, devi assegnare la statistica che ogni diagramma mostrer\u00e0.<\/p>\n\n\n\n<figure class=\"wp-block-image size-large\"><img loading=\"lazy\" decoding=\"async\" width=\"1024\" height=\"540\" src=\"https:\/\/hand2noteguide.com\/wp-content\/uploads\/2026\/03\/\u0421\u043b\u043e\u0436\u043d\u044b\u0439-\u043f\u043e\u043f\u0430\u043f-9-1024x540.jpg\" alt=\"\" class=\"wp-image-15984\" srcset=\"https:\/\/hand2noteguide.com\/wp-content\/uploads\/2026\/03\/\u0421\u043b\u043e\u0436\u043d\u044b\u0439-\u043f\u043e\u043f\u0430\u043f-9-1024x540.jpg 1024w, https:\/\/hand2noteguide.com\/wp-content\/uploads\/2026\/03\/\u0421\u043b\u043e\u0436\u043d\u044b\u0439-\u043f\u043e\u043f\u0430\u043f-9-300x158.jpg 300w, https:\/\/hand2noteguide.com\/wp-content\/uploads\/2026\/03\/\u0421\u043b\u043e\u0436\u043d\u044b\u0439-\u043f\u043e\u043f\u0430\u043f-9-768x405.jpg 768w, https:\/\/hand2noteguide.com\/wp-content\/uploads\/2026\/03\/\u0421\u043b\u043e\u0436\u043d\u044b\u0439-\u043f\u043e\u043f\u0430\u043f-9-1536x811.jpg 1536w, https:\/\/hand2noteguide.com\/wp-content\/uploads\/2026\/03\/\u0421\u043b\u043e\u0436\u043d\u044b\u0439-\u043f\u043e\u043f\u0430\u043f-9-2048x1081.jpg 2048w, https:\/\/hand2noteguide.com\/wp-content\/uploads\/2026\/03\/\u0421\u043b\u043e\u0436\u043d\u044b\u0439-\u043f\u043e\u043f\u0430\u043f-9-772x407.jpg 772w\" sizes=\"auto, (max-width: 1024px) 100vw, 1024px\" \/><\/figure>\n\n\n\n<p>Per aggiungere una statistica a un diagramma, apri il menu di navigazione \u201cStats\u201d sul lato sinistro della finestra, trova la statistica desiderata e trascinala direttamente sul diagramma.<\/p>\n\n\n\n<p>Allo stesso modo, crea tab e aggiungi diagrammi preflop per ogni statistica che vuoi visualizzare. Dopo questo passaggio, la creazione di un popup professionale complesso pu\u00f2 considerarsi completata.<\/p>\n\n\n\n<h2 class=\"wp-block-heading\">Conclusione<\/h2>\n\n\n\n<p>In sintesi, creare un popup complesso \u00e8 un processo composto da diversi passaggi logici che ora hai imparato a padroneggiare.<\/p>\n\n\n\n<p>Prima, l\u2019interfaccia \u00e8 stata arricchita con istogrammi visivi postflop che mostrano le frequenze di continuation bet, e poi \u00e8 stato organizzato un sistema di tab interne. Grazie a queste tab, \u00e8 possibile visualizzare contemporaneamente pi\u00f9 diagrammi preflop e mantenerli ben strutturati. Il risultato \u00e8 uno strumento compatto ma potente: invece di numeri sparsi, ora hai rappresentazioni visive delle range e delle principali azioni aggressive, rendendo l\u2019analisi pi\u00f9 veloce e precisa.<\/p>\n","protected":false},"excerpt":{"rendered":"<p>L\u2019ultima volta abbiamo completato la fase di \u201cfamiliarizzazione\u201d: abbiamo imparato a orientarci nell\u2019interfaccia del popup editor e creato un popup semplice. Oggi l\u2019obiettivo \u00e8 pi\u00f9 ambizioso \u2014 creare uno strumento complesso e multilivello. Vedremo come aggiungere tab a un popup, integrare istogrammi di forza delle mani postflop, utilizzare diagrammi preflop e configurare statistiche dettagliate per &hellip; <a href=\"https:\/\/hand2noteguide.com\/it\/user-manual\/hand2note_popup_editor_creating_a_professional_popup\/\" class=\"more-link\">Continue reading <span class=\"screen-reader-text\">Hand2Note Popup Editor: creare un popup professionale<\/span><\/a><\/p>\n","protected":false},"author":3,"featured_media":15927,"parent":9199,"menu_order":0,"comment_status":"closed","ping_status":"closed","template":"","meta":{"footnotes":""},"class_list":["post-15922","page","type-page","status-publish","has-post-thumbnail","hentry"],"translation":{"provider":"WPGlobus","version":"3.0.2","language":"it","enabled_languages":["en","ru","pt","zh","es","fr","de","it","ja"],"languages":{"en":{"title":true,"content":true,"excerpt":false},"ru":{"title":true,"content":true,"excerpt":false},"pt":{"title":true,"content":true,"excerpt":false},"zh":{"title":true,"content":true,"excerpt":false},"es":{"title":true,"content":true,"excerpt":false},"fr":{"title":true,"content":true,"excerpt":false},"de":{"title":true,"content":true,"excerpt":false},"it":{"title":true,"content":true,"excerpt":false},"ja":{"title":true,"content":true,"excerpt":false}}},"yoast_head":"<!-- This site is optimized with the Yoast SEO plugin v27.0 - https:\/\/yoast.com\/product\/yoast-seo-wordpress\/ -->\n<title>Creare un popup pro in Hand2Note<\/title>\n<meta name=\"description\" content=\"Impara a creare un popup pro in Hand2Note: tab, istogrammi, diagrammi preflop e statistiche dettagliate per analisi poker efficaci\" \/>\n<meta name=\"robots\" content=\"index, follow, max-snippet:-1, max-image-preview:large, max-video-preview:-1\" \/>\n<link rel=\"canonical\" href=\"https:\/\/hand2noteguide.com\/user-manual\/hand2note_popup_editor_creating_a_professional_popup\/\" \/>\n<meta property=\"og:locale\" content=\"it_IT\" \/>\n<meta property=\"og:type\" content=\"article\" \/>\n<meta property=\"og:title\" content=\"Creare un popup pro in Hand2Note\" \/>\n<meta property=\"og:description\" content=\"Impara a creare un popup pro in Hand2Note: tab, istogrammi, diagrammi preflop e statistiche dettagliate per analisi poker efficaci\" \/>\n<meta property=\"og:url\" content=\"https:\/\/hand2noteguide.com\/user-manual\/hand2note_popup_editor_creating_a_professional_popup\/\" \/>\n<meta property=\"og:site_name\" content=\"Hand2Note Guide\" \/>\n<meta property=\"article:modified_time\" content=\"2026-03-28T10:12:22+00:00\" \/>\n<meta property=\"og:image\" content=\"https:\/\/hand2noteguide.com\/wp-content\/uploads\/2026\/03\/\u0413\u043b\u0430\u0432\u043d\u0430\u044f-\u0441\u043b\u043e\u0436\u043d\u044b\u0435-\u043f\u043e\u043f\u0430\u043f\u044b-1-1024x540.png\" \/>\n\t<meta property=\"og:image:width\" content=\"1024\" \/>\n\t<meta property=\"og:image:height\" content=\"540\" \/>\n\t<meta property=\"og:image:type\" content=\"image\/png\" \/>\n<meta name=\"twitter:card\" content=\"summary_large_image\" \/>\n<meta name=\"twitter:label1\" content=\"Est. reading time\" \/>\n\t<meta name=\"twitter:data1\" content=\"5 minutes\" \/>\n<!-- \/ Yoast SEO plugin. -->","yoast_head_json":{"title":"Creare un popup pro in Hand2Note","description":"Impara a creare un popup pro in Hand2Note: tab, istogrammi, diagrammi preflop e statistiche dettagliate per analisi poker efficaci","robots":{"index":"index","follow":"follow","max-snippet":"max-snippet:-1","max-image-preview":"max-image-preview:large","max-video-preview":"max-video-preview:-1"},"canonical":"https:\/\/hand2noteguide.com\/user-manual\/hand2note_popup_editor_creating_a_professional_popup\/","og_locale":"it_IT","og_type":"article","og_title":"Creare un popup pro in Hand2Note","og_description":"Impara a creare un popup pro in Hand2Note: tab, istogrammi, diagrammi preflop e statistiche dettagliate per analisi poker efficaci","og_url":"https:\/\/hand2noteguide.com\/user-manual\/hand2note_popup_editor_creating_a_professional_popup\/","og_site_name":"Hand2Note Guide","article_modified_time":"2026-03-28T10:12:22+00:00","og_image":[{"width":1024,"height":540,"url":"https:\/\/hand2noteguide.com\/wp-content\/uploads\/2026\/03\/\u0413\u043b\u0430\u0432\u043d\u0430\u044f-\u0441\u043b\u043e\u0436\u043d\u044b\u0435-\u043f\u043e\u043f\u0430\u043f\u044b-1-1024x540.png","type":"image\/png"}],"twitter_card":"summary_large_image","twitter_misc":{"Est. reading time":"5 minutes"},"schema":{"@context":"https:\/\/schema.org","@graph":[]}},"jetpack_sharing_enabled":true,"_links":{"self":[{"href":"https:\/\/hand2noteguide.com\/it\/wp-json\/wp\/v2\/pages\/15922","targetHints":{"allow":["GET"]}}],"collection":[{"href":"https:\/\/hand2noteguide.com\/it\/wp-json\/wp\/v2\/pages"}],"about":[{"href":"https:\/\/hand2noteguide.com\/it\/wp-json\/wp\/v2\/types\/page"}],"author":[{"embeddable":true,"href":"https:\/\/hand2noteguide.com\/it\/wp-json\/wp\/v2\/users\/3"}],"replies":[{"embeddable":true,"href":"https:\/\/hand2noteguide.com\/it\/wp-json\/wp\/v2\/comments?post=15922"}],"version-history":[{"count":41,"href":"https:\/\/hand2noteguide.com\/it\/wp-json\/wp\/v2\/pages\/15922\/revisions"}],"predecessor-version":[{"id":16008,"href":"https:\/\/hand2noteguide.com\/it\/wp-json\/wp\/v2\/pages\/15922\/revisions\/16008"}],"up":[{"embeddable":true,"href":"https:\/\/hand2noteguide.com\/it\/wp-json\/wp\/v2\/pages\/9199"}],"wp:featuredmedia":[{"embeddable":true,"href":"https:\/\/hand2noteguide.com\/it\/wp-json\/wp\/v2\/media\/15927"}],"wp:attachment":[{"href":"https:\/\/hand2noteguide.com\/it\/wp-json\/wp\/v2\/media?parent=15922"}],"curies":[{"name":"wp","href":"https:\/\/api.w.org\/{rel}","templated":true}]}}