{"id":1730,"date":"2020-03-07T03:33:45","date_gmt":"2020-03-07T00:33:45","guid":{"rendered":"http:\/\/hand2noteguide.com\/?page_id=1730"},"modified":"2025-06-04T17:40:27","modified_gmt":"2025-06-04T14:40:27","slug":"hand2note-for-free","status":"publish","type":"page","link":"https:\/\/hand2noteguide.com\/it\/hand2note-for-free\/","title":{"rendered":"Ottieni Hand2Note gratuitamente (Hand2Note crack)"},"content":{"rendered":"\n<p>Molti giocatori di poker cercano un crack per Hand2Note. Ma in questo caso, non hai bisogno di un crack nel senso tradizionale. Puoi facilmente usare Hand2Note senza pagare nulla!<\/p>\n\n\n\n<div class=\"red-block\">\n<p><strong>\ud83d\udc49 Aggiornamento 2 Giugno 2025:<\/strong> Purtroppo, a partire dal 29 Maggio 2025, <a href=\"https:\/\/hand2noteguide.com\/it\/hand2note-3-free-version-is-gone-what-now\/\"><strong>la versione gratuita di Hand2Note non \u00e8 pi\u00f9 disponibile \ud83e\udd7a<\/strong><\/a>. Devi acquistare un abbonamento per continuare a utilizzare Hand2Note.<\/p>\n\n<p>Ci dispiace deluderti, ma questa \u00e8 stata una decisione ufficiale di Hand2Note, e non \u00e8 sotto il nostro controllo. Siamo il rivenditore numero 1 di Hand2Note e tutto ci\u00f2 che possiamo fare \u00e8 offrirti la migliore offerta per acquistare il software.<\/p>\n\n<p>1\ufe0f\u20e3 Quindi, se decidi di rimanere con Hand2Note, puoi acquistare un abbonamento a <strong><a href=\"https:\/\/hand2note3.hand2note.com\/?aid=c0\" target=\"_blank\" rel=\"noopener\">Hand2Note 3<\/a><\/strong> o <strong><a href=\"https:\/\/hand2note.com?rid=2250\" target=\"_blank\" rel=\"noopener\">Hand2Note 4<\/a><\/strong> con il nostro <a href=\"https:\/\/hand2noteguide.com\/it\/promo\/\"><strong>promo GUIDE10<\/strong><\/a>. Otterrai <strong>uno sconto immediato del 10% e bonus extra<\/strong> \u2013 HUD gratuito e corso video<strong>.<\/strong><\/p>\n\n<p>2\ufe0f\u20e3 Puoi ancora <a href=\"https:\/\/hand2noteguide.com\/it\/coinpoker-hand2note\/\">ottenere Hand2Note PRO gratuitamente<\/a> se generi $300 di rake mensile su Coinpoker.<\/p>\n\n<p>3\ufe0f\u20e3 Se decidi di <strong>smettere di usare Hand2Note<\/strong>, lo comprendiamo perfettamente.<\/p>\n\n<p style=\"margin-bottom:0\">Grazie.<\/p>\n<\/div>\n\n\n\n<p>Il software \u00e8 completamente gratuito per qualsiasi livello di gioco, con alcune limitazioni sulle funzionalit\u00e0. Ma le funzionalit\u00e0 a pagamento non sono davvero importanti all&#8217;inizio. Quindi tutto ci\u00f2 che devi fare ora \u00e8 <a href=\"https:\/\/hand2note.com\/\" target=\"_blank\" aria-label=\"undefined (si apre in una nuova scheda)\" rel=\"noreferrer noopener\"><strong>scaricare e installare Hand2Note Free<\/strong><\/a>.<\/p>\n\n\n\n<figure class=\"wp-block-image\"><img loading=\"lazy\" decoding=\"async\" width=\"800\" height=\"554\" src=\"https:\/\/hand2noteguide.com\/wp-content\/uploads\/2020\/03\/hand2note-free-version-2.png\" alt=\"hand2note free version\" class=\"wp-image-1736\" srcset=\"https:\/\/hand2noteguide.com\/wp-content\/uploads\/2020\/03\/hand2note-free-version-2.png 800w, https:\/\/hand2noteguide.com\/wp-content\/uploads\/2020\/03\/hand2note-free-version-2-300x208.png 300w, https:\/\/hand2noteguide.com\/wp-content\/uploads\/2020\/03\/hand2note-free-version-2-768x532.png 768w, https:\/\/hand2noteguide.com\/wp-content\/uploads\/2020\/03\/hand2note-free-version-2-772x535.png 772w, https:\/\/hand2noteguide.com\/wp-content\/uploads\/2020\/03\/hand2note-free-version-2-624x432.png 624w\" sizes=\"auto, (max-width: 800px) 100vw, 800px\" \/><figcaption class=\"wp-element-caption\">Versione gratuita di Hand2Note<\/figcaption><\/figure>\n\n\n\n<p>Si prega di notare che puoi anche <a href=\"https:\/\/hand2noteguide.com\/it\/free-hud\/\">ottenere un HUD gratuito<\/a>. Quindi, non devi spendere soldi per iniziare a usare <a href=\"https:\/\/hand2noteguide.com\/it\/best-poker-tracker-software\/\">il software di poker pi\u00f9 avanzato<\/a>.<\/p>\n\n\n\n<h2 class=\"wp-block-heading\">Quali sono le limitazioni?<\/h2>\n\n\n\n<p>Le funzionalit\u00e0 pi\u00f9 avanzate di Hand2Note, come l&#8217;HUD posizionale e dinamico, <a href=\"https:\/\/hand2noteguide.com\/it\/guide\/range-research\/\">Range Research<\/a>, Decision Analysis e il popup esteso sulle statistiche non sono disponibili nella versione gratuita. Ma anche con queste restrizioni, Hand2Note \u00e8 molto migliore di Holdem Manager e Poker Tracker. Quindi, se puoi ottenere il miglior tracker gratuitamente, dovresti assolutamente farlo, giusto?<\/p>\n\n\n\n<div class=\"green-block\">\n<p style=\"margin-bottom:10px\">\ud83d\ude80 <b>Genera $300 di rake<\/b> su <a href=\"\/it\/coinpoker-hand2note\/\"><b>CoinPoker<\/b><\/a> e otterrai <b>Hand2Note PRO gratuitamente!<\/b><\/p>\n<p style=\"margin-bottom:0px\"><a href=\"\/it\/coinpoker-hand2note\/\"><b>Scopri di pi\u00f9 \u2192<\/b><\/a><\/p>\n<\/div>\n\n\n\n<h2 class=\"wp-block-heading\">Esiste un crack per la versione completa?<\/h2>\n\n\n\n<p>No, ma puoi ottenere un periodo di prova gratuito di 30 giorni. Inoltre, c&#8217;\u00e8 una prova gratuita di 14 giorni per le <a href=\"https:\/\/hand2noteguide.com\/it\/asian\/\">app asiatiche<\/a>. Durante il periodo di prova, potrai utilizzare tutte le funzionalit\u00e0 del software, eccetto Range Research. Dopo la scadenza del periodo di prova, Hand2Note passer\u00e0 automaticamente a una versione gratuita chiamata BASE. Non devi fare nulla e non perderai alcun dato.<\/p>\n\n\n\n<p>Tuttavia, vale la pena notare che la versione a pagamento di Hand2Note ti fornisce <a href=\"https:\/\/hand2noteguide.com\/it\/why-purchase-hand2note\/\">le funzionalit\u00e0 pi\u00f9 avanzate<\/a>. Quindi, dopo aver utilizzato la versione gratuita, puoi pensare di acquistare. Con l&#8217;aiuto degli strumenti, puoi migliorare significativamente il tuo gioco e ottenere un vantaggio sui tuoi avversari.<\/p>\n\n\n\n<figure class=\"wp-block-image size-large\"><img loading=\"lazy\" decoding=\"async\" width=\"721\" height=\"551\" src=\"https:\/\/hand2noteguide.com\/wp-content\/uploads\/2020\/07\/hand2note-extended-popup.png\" alt=\"\" class=\"wp-image-3199\" srcset=\"https:\/\/hand2noteguide.com\/wp-content\/uploads\/2020\/07\/hand2note-extended-popup.png 721w, https:\/\/hand2noteguide.com\/wp-content\/uploads\/2020\/07\/hand2note-extended-popup-300x229.png 300w, https:\/\/hand2noteguide.com\/wp-content\/uploads\/2020\/07\/hand2note-extended-popup-624x477.png 624w\" sizes=\"auto, (max-width: 721px) 100vw, 721px\" \/><figcaption class=\"wp-element-caption\">I popup estesi di Hand2Note sono disponibili solo con licenza PRO o EDGE<\/figcaption><\/figure>\n\n\n\n<h2 class=\"wp-block-heading\">Come adattarsi al nuovo software?<\/h2>\n\n\n\n<p>Il software Hand2Note pu\u00f2 essere piuttosto complicato, ma <a href=\"\/it\/why-hand2note\/\">vale assolutamente la pena studiarlo<\/a>. Innanzitutto, dai un&#8217;occhiata al <a aria-label=\"manuale ufficiale (si apre in una nuova scheda)\" rel=\"noreferrer noopener\" href=\"https:\/\/hand2note.com\/Help\/\" target=\"_blank\">manuale ufficiale<\/a>. \u00c8 anche completamente gratuito e contiene una descrizione di tutte le funzioni. Se lo trovi troppo grande e complicato, presta attenzione ai miei <a href=\"https:\/\/hand2noteguide.com\/it\/video-course\/\">video di formazione sul poker<\/a> e alle offerte di <a href=\"https:\/\/hand2noteguide.com\/it\/training\/\">coaching personale<\/a>. Ti aiuter\u00e0 a studiare Hand2Note molto rapidamente ed efficacemente.<\/p>\n\n\n\n<h2 class=\"wp-block-heading\">In conclusione<\/h2>\n\n\n\n<p>Hand2Note \u00e8 il software di poker pi\u00f9 potente e avanzato. Utilizzare software moderno nelle attuali condizioni di poker \u00e8 molto importante. E in questo momento \u00e8 gratuito per qualsiasi livello di gioco. Non \u00e8 necessario un crack per Hand2Note, basta utilizzare la versione ufficiale. Dovresti sfruttare questa opportunit\u00e0 per portare il tuo gioco al livello successivo.<\/p>\n","protected":false},"excerpt":{"rendered":"<p>Molti giocatori di poker cercano un crack per Hand2Note. Ma in questo caso, non hai bisogno di un crack nel senso tradizionale. Puoi facilmente usare Hand2Note senza pagare nulla! \ud83d\udc49 Aggiornamento 2 Giugno 2025: Purtroppo, a partire dal 29 Maggio 2025, la versione gratuita di Hand2Note non \u00e8 pi\u00f9 disponibile \ud83e\udd7a. Devi acquistare un abbonamento &hellip; <a href=\"https:\/\/hand2noteguide.com\/it\/hand2note-for-free\/\" class=\"more-link\">Continue reading <span class=\"screen-reader-text\">Ottieni Hand2Note gratuitamente (Hand2Note crack)<\/span><\/a><\/p>\n","protected":false},"author":1,"featured_media":0,"parent":0,"menu_order":0,"comment_status":"closed","ping_status":"closed","template":"page-templates\/full-width-page.php","meta":{"footnotes":""},"class_list":["post-1730","page","type-page","status-publish","hentry"],"translation":{"provider":"WPGlobus","version":"3.0.2","language":"it","enabled_languages":["en","ru","pt","zh","es","fr","de","it","ja"],"languages":{"en":{"title":true,"content":true,"excerpt":false},"ru":{"title":true,"content":true,"excerpt":false},"pt":{"title":true,"content":true,"excerpt":false},"zh":{"title":true,"content":true,"excerpt":false},"es":{"title":true,"content":true,"excerpt":false},"fr":{"title":true,"content":true,"excerpt":false},"de":{"title":true,"content":true,"excerpt":false},"it":{"title":true,"content":true,"excerpt":false},"ja":{"title":true,"content":true,"excerpt":false}}},"yoast_head":"<!-- This site is optimized with the Yoast SEO plugin v27.0 - https:\/\/yoast.com\/product\/yoast-seo-wordpress\/ -->\n<title>Hand2Note (crack) GRATIS ora - Guida Hand2Note<\/title>\n<meta name=\"description\" content=\"Hand2Note \u00e8 il miglior software di tracker per poker sul mercato. Inizia a utilizzare questo programma di poker gratuitamente con un ingegnoso crack di Hand2Note!\" \/>\n<meta name=\"robots\" content=\"index, follow, max-snippet:-1, max-image-preview:large, max-video-preview:-1\" \/>\n<link rel=\"canonical\" href=\"https:\/\/hand2noteguide.com\/hand2note-for-free\/\" \/>\n<meta property=\"og:locale\" content=\"it_IT\" \/>\n<meta property=\"og:type\" content=\"article\" \/>\n<meta property=\"og:title\" content=\"Hand2Note (crack) GRATIS ora - Guida Hand2Note\" \/>\n<meta property=\"og:description\" content=\"Hand2Note \u00e8 il miglior software di tracker per poker sul mercato. Inizia a utilizzare questo programma di poker gratuitamente con un ingegnoso crack di Hand2Note!\" \/>\n<meta property=\"og:url\" content=\"https:\/\/hand2noteguide.com\/hand2note-for-free\/\" \/>\n<meta property=\"og:site_name\" content=\"Hand2Note Guide\" \/>\n<meta property=\"article:modified_time\" content=\"2025-06-04T14:40:27+00:00\" \/>\n<meta property=\"og:image\" content=\"https:\/\/hand2noteguide.com\/wp-content\/uploads\/2020\/03\/hand2note-free-version-2.png\" \/>\n<meta name=\"twitter:card\" content=\"summary_large_image\" \/>\n<meta name=\"twitter:label1\" content=\"Est. reading time\" \/>\n\t<meta name=\"twitter:data1\" content=\"20 minutes\" \/>\n<!-- \/ Yoast SEO plugin. -->","yoast_head_json":{"title":"Hand2Note (crack) GRATIS ora - Guida Hand2Note","description":"Hand2Note \u00e8 il miglior software di tracker per poker sul mercato. Inizia a utilizzare questo programma di poker gratuitamente con un ingegnoso crack di Hand2Note!","robots":{"index":"index","follow":"follow","max-snippet":"max-snippet:-1","max-image-preview":"max-image-preview:large","max-video-preview":"max-video-preview:-1"},"canonical":"https:\/\/hand2noteguide.com\/hand2note-for-free\/","og_locale":"it_IT","og_type":"article","og_title":"Hand2Note (crack) GRATIS ora - Guida Hand2Note","og_description":"Hand2Note \u00e8 il miglior software di tracker per poker sul mercato. Inizia a utilizzare questo programma di poker gratuitamente con un ingegnoso crack di Hand2Note!","og_url":"https:\/\/hand2noteguide.com\/hand2note-for-free\/","og_site_name":"Hand2Note Guide","article_modified_time":"2025-06-04T14:40:27+00:00","og_image":[{"url":"https:\/\/hand2noteguide.com\/wp-content\/uploads\/2020\/03\/hand2note-free-version-2.png","type":"","width":"","height":""}],"twitter_card":"summary_large_image","twitter_misc":{"Est. reading time":"20 minutes"},"schema":{"@context":"https:\/\/schema.org","@graph":[]}},"jetpack_sharing_enabled":true,"_links":{"self":[{"href":"https:\/\/hand2noteguide.com\/it\/wp-json\/wp\/v2\/pages\/1730","targetHints":{"allow":["GET"]}}],"collection":[{"href":"https:\/\/hand2noteguide.com\/it\/wp-json\/wp\/v2\/pages"}],"about":[{"href":"https:\/\/hand2noteguide.com\/it\/wp-json\/wp\/v2\/types\/page"}],"author":[{"embeddable":true,"href":"https:\/\/hand2noteguide.com\/it\/wp-json\/wp\/v2\/users\/1"}],"replies":[{"embeddable":true,"href":"https:\/\/hand2noteguide.com\/it\/wp-json\/wp\/v2\/comments?post=1730"}],"version-history":[{"count":110,"href":"https:\/\/hand2noteguide.com\/it\/wp-json\/wp\/v2\/pages\/1730\/revisions"}],"predecessor-version":[{"id":13508,"href":"https:\/\/hand2noteguide.com\/it\/wp-json\/wp\/v2\/pages\/1730\/revisions\/13508"}],"wp:attachment":[{"href":"https:\/\/hand2noteguide.com\/it\/wp-json\/wp\/v2\/media?parent=1730"}],"curies":[{"name":"wp","href":"https:\/\/api.w.org\/{rel}","templated":true}]}}