{"id":1759,"date":"2020-03-07T09:42:57","date_gmt":"2020-03-07T06:42:57","guid":{"rendered":"http:\/\/hand2noteguide.com\/?page_id=1759"},"modified":"2025-06-04T17:39:12","modified_gmt":"2025-06-04T14:39:12","slug":"hand2note-hud","status":"publish","type":"page","link":"https:\/\/hand2noteguide.com\/it\/hand2note-hud\/","title":{"rendered":"Hand2Note HUD: quale \u00e8 migliore?"},"content":{"rendered":"\n<p>Supponiamo che tu abbia gi\u00e0 installato Hand2Note e abbia iniziato a usarlo. Molto probabilmente hai riscontrato un problema importante: quale Hand2Note HUD \u00e8 meglio utilizzare? Devo configurare l&#8217;HUD da solo? Oppure non vale la pena perdere tempo ed \u00e8 meglio trovare una soluzione pronta? Cercheremo di capire in questo articolo qual \u00e8 l&#8217;opzione migliore per te.<\/p>\n\n\n\n<h2 class=\"wp-block-heading\">Prova i profili predefiniti<\/h2>\n\n\n\n<p>Ci sono molti HUD diversi per Hand2Note. Prima di tutto, ci sono due profili standard nel programma per impostazione predefinita. Quando diciamo &#8220;profilo&#8221; o &#8220;pacchetto&#8221; intendiamo il set di stats, HUD e popups. Quindi all&#8217;inizio puoi utilizzare l&#8217;HUD predefinito. Contiene solo le informazioni pi\u00f9 basilari e importanti: nickname, VPIP, PFR e numero di mani.<\/p>\n\n\n\n<figure class=\"wp-block-image\"><img loading=\"lazy\" decoding=\"async\" width=\"681\" height=\"436\" src=\"https:\/\/hand2noteguide.com\/wp-content\/uploads\/2020\/03\/hand2note-default-hud-1.png\" alt=\"hand2note default HUD\" class=\"wp-image-1820\" srcset=\"https:\/\/hand2noteguide.com\/wp-content\/uploads\/2020\/03\/hand2note-default-hud-1.png 681w, https:\/\/hand2noteguide.com\/wp-content\/uploads\/2020\/03\/hand2note-default-hud-1-300x192.png 300w, https:\/\/hand2noteguide.com\/wp-content\/uploads\/2020\/03\/hand2note-default-hud-1-624x400.png 624w\" sizes=\"auto, (max-width: 681px) 100vw, 681px\" \/><figcaption>Hand2Note default HUD<\/figcaption><\/figure>\n\n\n\n<h2 class=\"wp-block-heading\">Crea il tuo Hand2Note HUD<\/h2>\n\n\n\n<p>Se pensi che l&#8217;HUD semplice predefinito non sia sufficiente per te, puoi considerare diverse opzioni. Principalmente, nessuno creer\u00e0 un HUD adatto a te meglio di te stesso. E dato che Hand2Note ti fornisce strumenti flessibili e intuitivi, puoi creare il tuo profilo.<\/p>\n\n\n\n<figure class=\"wp-block-image\"><img loading=\"lazy\" decoding=\"async\" width=\"1024\" height=\"611\" src=\"https:\/\/hand2noteguide.com\/wp-content\/uploads\/2020\/03\/hand2note-hud-editor-1024x611.png\" alt=\"hand2note hud editor\" class=\"wp-image-1825\" srcset=\"https:\/\/hand2noteguide.com\/wp-content\/uploads\/2020\/03\/hand2note-hud-editor-1024x611.png 1024w, https:\/\/hand2noteguide.com\/wp-content\/uploads\/2020\/03\/hand2note-hud-editor-300x179.png 300w, https:\/\/hand2noteguide.com\/wp-content\/uploads\/2020\/03\/hand2note-hud-editor-768x458.png 768w, https:\/\/hand2noteguide.com\/wp-content\/uploads\/2020\/03\/hand2note-hud-editor-772x460.png 772w, https:\/\/hand2noteguide.com\/wp-content\/uploads\/2020\/03\/hand2note-hud-editor-624x372.png 624w, https:\/\/hand2noteguide.com\/wp-content\/uploads\/2020\/03\/hand2note-hud-editor.png 1489w\" sizes=\"auto, (max-width: 1024px) 100vw, 1024px\" \/><figcaption>Hand2Note HUD editor<\/figcaption><\/figure>\n\n\n\n<p>Vale la pena notare che, anche se il processo di creazione di HUD, popups e stats non \u00e8 cos\u00ec complicato, pu\u00f2 richiedere molto tempo.<\/p>\n\n\n\n<h2 class=\"wp-block-heading\">Esplora gli HUD commerciali<\/h2>\n\n\n\n<p>Se vuoi risparmiare tempo, dovresti prestare attenzione alle soluzioni pronte. <a href=\"https:\/\/hand2noteguide.com\/it\/hud-store\/\">Hand2Note HUD&amp;popup store<\/a> contiene i migliori pacchetti per diversi tipi di gioco. Tutti gli HUD sono realizzati in collaborazione con giocatori professionisti e ben testati su lunghe distanze. Inoltre, tutti i profili nel nostro store sono aperti per la modifica, quindi sarai in grado di modificarli come desideri.<\/p>\n\n\n\n<figure class=\"wp-block-image size-large\"><img loading=\"lazy\" decoding=\"async\" width=\"1024\" height=\"508\" src=\"https:\/\/hand2noteguide.com\/wp-content\/uploads\/2020\/07\/hand2note-best-hud-1-1024x508.png\" alt=\"hand2note commercial popup\" class=\"wp-image-3261\" srcset=\"https:\/\/hand2noteguide.com\/wp-content\/uploads\/2020\/07\/hand2note-best-hud-1-1024x508.png 1024w, https:\/\/hand2noteguide.com\/wp-content\/uploads\/2020\/07\/hand2note-best-hud-1-300x149.png 300w, https:\/\/hand2noteguide.com\/wp-content\/uploads\/2020\/07\/hand2note-best-hud-1-768x381.png 768w, https:\/\/hand2noteguide.com\/wp-content\/uploads\/2020\/07\/hand2note-best-hud-1-772x383.png 772w, https:\/\/hand2noteguide.com\/wp-content\/uploads\/2020\/07\/hand2note-best-hud-1-624x310.png 624w, https:\/\/hand2noteguide.com\/wp-content\/uploads\/2020\/07\/hand2note-best-hud-1.png 1155w\" sizes=\"auto, (max-width: 1024px) 100vw, 1024px\" \/><figcaption>Esempio di popup commerciale. \u00c8 una parte del pacchetto Venom dallo store<\/figcaption><\/figure>\n\n\n\n<h2 class=\"wp-block-heading\">Ordina un HUD privato<\/h2>\n\n\n\n<p>Nel caso in cui non ti piaccia nessuno degli HUD commerciali pronti, ma vuoi comunque risparmiare tempo, puoi <a href=\"https:\/\/hand2noteguide.com\/it\/hud-store\/custom-hud-order\/\">ordinare un HUD privato<\/a>. Questa opzione sarebbe ottima anche per i giocatori che intendono <a href=\"https:\/\/hand2noteguide.com\/it\/switch-from-hm2\/\">passare a Hand2Note da altri tracker<\/a>. Il team professionale progetter\u00e0 l&#8217;HUD secondo il tuo modello. Tutte le stats saranno testate per assicurarsi che tutto funzioni correttamente.<\/p>\n\n\n\n<div class=\"wpcf7 no-js\" id=\"wpcf7-f4410-o1\" lang=\"en-US\" dir=\"ltr\" data-wpcf7-id=\"4410\">\n<div class=\"screen-reader-response\"><p role=\"status\" aria-live=\"polite\" aria-atomic=\"true\"><\/p> <ul><\/ul><\/div>\n<form action=\"\/it\/wp-json\/wp\/v2\/pages\/1759#wpcf7-f4410-o1\" method=\"post\" class=\"wpcf7-form init\" aria-label=\"Contact form\" novalidate=\"novalidate\" data-status=\"init\">\n<fieldset class=\"hidden-fields-container\"><input type=\"hidden\" name=\"_wpcf7\" value=\"4410\" \/><input type=\"hidden\" name=\"_wpcf7_version\" value=\"6.1.5\" \/><input type=\"hidden\" name=\"_wpcf7_locale\" value=\"en_US\" \/><input type=\"hidden\" name=\"_wpcf7_unit_tag\" value=\"wpcf7-f4410-o1\" \/><input type=\"hidden\" name=\"_wpcf7_container_post\" value=\"0\" \/><input type=\"hidden\" name=\"_wpcf7_posted_data_hash\" value=\"\" \/><input type=\"hidden\" name=\"_wpcf7_recaptcha_response\" value=\"\" \/>\n<\/fieldset>\n<p>Your Email, Skype or Discord<br \/>\n<span class=\"wpcf7-form-control-wrap\" data-name=\"Contact\"><input size=\"40\" maxlength=\"400\" class=\"wpcf7-form-control wpcf7-text wpcf7-validates-as-required\" aria-required=\"true\" aria-invalid=\"false\" value=\"\" type=\"text\" name=\"Contact\" \/><\/span>\n<\/p>\n<p style=\"margin:-18px 0 20px 0\" class=\"secure-payment\">We'll contact you in the preferred way.\n<\/p>\n<p>Briefly describe your request<br \/>\n<span class=\"wpcf7-form-control-wrap\" data-name=\"Info\"><textarea cols=\"40\" rows=\"10\" maxlength=\"2000\" class=\"wpcf7-form-control wpcf7-textarea\" aria-invalid=\"false\" name=\"Info\"><\/textarea><\/span>\n<\/p>\n<p style=\"margin:-18px 0 20px 0\" class=\"secure-payment\">You may also leave the field empty for now, we can discuss the details personally.\n<\/p>\n<p><input class=\"wpcf7-form-control wpcf7-submit has-spinner\" type=\"submit\" value=\"Send\" \/>\n<\/p><div class=\"wpcf7-response-output\" aria-hidden=\"true\"><\/div>\n<\/form>\n<\/div>\n\n\n\n\n<h2 class=\"wp-block-heading\">Usa l&#8217;HUD automatico<\/h2>\n\n\n\n<p>L&#8217;ultima opzione nella lista \u00e8 <a aria-label=\"Auto HUD (si apre in una nuova scheda)\" href=\"https:\/\/www.hand2note.com\/Help\/pages\/AutoHud\/\" target=\"_blank\" rel=\"noreferrer noopener\">Auto HUD<\/a>. Questa \u00e8 la nuova funzione di Hand2Note. Ti mostra automaticamente le statistiche pi\u00f9 rilevanti per la situazione di gioco corrente. Non \u00e8 necessario impostare nulla per farlo funzionare. \u00c8 una funzione molto utile, ma la maggior parte dei giocatori la usa come aggiunta all&#8217;HUD principale. Probabilmente l&#8217;HUD predefinito + auto HUD saranno sufficienti e non avrai bisogno di cercare pacchetti commerciali o spendere tempo nella personalizzazione dell&#8217;HUD.<\/p>\n\n\n\n<figure class=\"wp-block-image\"><img loading=\"lazy\" decoding=\"async\" width=\"396\" height=\"252\" src=\"https:\/\/hand2noteguide.com\/wp-content\/uploads\/2020\/03\/hand2note-auto-hud.png\" alt=\"hand2note auto hud\" class=\"wp-image-1843\" srcset=\"https:\/\/hand2noteguide.com\/wp-content\/uploads\/2020\/03\/hand2note-auto-hud.png 396w, https:\/\/hand2noteguide.com\/wp-content\/uploads\/2020\/03\/hand2note-auto-hud-300x191.png 300w\" sizes=\"auto, (max-width: 396px) 100vw, 396px\" \/><figcaption>Esempio di Hand2Note auto HUD: Mostra il valore della statistica di open raise del giocatore quando effettua effettivamente un open raise<\/figcaption><\/figure>\n\n\n\n<p>Auto HUD \u00e8 disponibile solo con l&#8217;abbonamento PRO. Quindi puoi <a href=\"https:\/\/hand2noteguide.com\/it\/promo\/\">acquistare la versione PRO con uno sconto<\/a> per accedere a quella funzione.<\/p>\n\n\n\n<h2 class=\"wp-block-heading\">Conclusione<\/h2>\n\n\n\n<p>Ci sono molte diverse opzioni di HUD per Hand2Note. Puoi:<\/p>\n\n\n\n<ul class=\"wp-block-list\"><li>usare i profili HUD predefiniti;<\/li><li>creare il tuo HUD con gli strumenti di Hand2Note;<\/li><li>acquistare un pacchetto pronto dal nostro store;<\/li><li>ordinare un HUD privato;<\/li><li>usare la nuovissima funzione di auto HUD.<\/li><\/ul>\n\n\n\n<p>Presta attenzione a tutte le possibili opzioni e scegli l&#8217;HUD migliore per te.<\/p>\n","protected":false},"excerpt":{"rendered":"<p>Supponiamo che tu abbia gi\u00e0 installato Hand2Note e abbia iniziato a usarlo. Molto probabilmente hai riscontrato un problema importante: quale Hand2Note HUD \u00e8 meglio utilizzare? Devo configurare l&#8217;HUD da solo? Oppure non vale la pena perdere tempo ed \u00e8 meglio trovare una soluzione pronta? Cercheremo di capire in questo articolo qual \u00e8 l&#8217;opzione migliore per &hellip; <a href=\"https:\/\/hand2noteguide.com\/it\/hand2note-hud\/\" class=\"more-link\">Continue reading <span class=\"screen-reader-text\">Hand2Note HUD: quale \u00e8 migliore?<\/span><\/a><\/p>\n","protected":false},"author":1,"featured_media":0,"parent":0,"menu_order":0,"comment_status":"closed","ping_status":"closed","template":"page-templates\/full-width-page.php","meta":{"footnotes":""},"class_list":["post-1759","page","type-page","status-publish","hentry"],"translation":{"provider":"WPGlobus","version":"3.0.2","language":"it","enabled_languages":["en","ru","pt","zh","es","fr","de","it","ja"],"languages":{"en":{"title":true,"content":true,"excerpt":false},"ru":{"title":true,"content":true,"excerpt":false},"pt":{"title":true,"content":true,"excerpt":false},"zh":{"title":true,"content":true,"excerpt":false},"es":{"title":true,"content":true,"excerpt":false},"fr":{"title":true,"content":true,"excerpt":false},"de":{"title":true,"content":true,"excerpt":false},"it":{"title":true,"content":true,"excerpt":false},"ja":{"title":true,"content":true,"excerpt":false}}},"yoast_head":"<!-- This site is optimized with the Yoast SEO plugin v27.0 - https:\/\/yoast.com\/product\/yoast-seo-wordpress\/ -->\n<title>Miglior Hand2Note HUD: Scegli l&#039;Opzione Giusta per Te<\/title>\n<meta name=\"description\" content=\"Come capire quale Hand2Note HUD \u00e8 migliore e come iniziare a usarlo? Leggi questo articolo e sarai in grado di trovare rapidamente l&#039;HUD adatto alle tue esigenze.\" \/>\n<meta name=\"robots\" content=\"index, follow, max-snippet:-1, max-image-preview:large, max-video-preview:-1\" \/>\n<link rel=\"canonical\" href=\"https:\/\/hand2noteguide.com\/hand2note-hud\/\" \/>\n<meta property=\"og:locale\" content=\"it_IT\" \/>\n<meta property=\"og:type\" content=\"article\" \/>\n<meta property=\"og:title\" content=\"Miglior Hand2Note HUD: Scegli l&#039;Opzione Giusta per Te\" \/>\n<meta property=\"og:description\" content=\"Come capire quale Hand2Note HUD \u00e8 migliore e come iniziare a usarlo? Leggi questo articolo e sarai in grado di trovare rapidamente l&#039;HUD adatto alle tue esigenze.\" \/>\n<meta property=\"og:url\" content=\"https:\/\/hand2noteguide.com\/hand2note-hud\/\" \/>\n<meta property=\"og:site_name\" content=\"Hand2Note Guide\" \/>\n<meta property=\"article:modified_time\" content=\"2025-06-04T14:39:12+00:00\" \/>\n<meta property=\"og:image\" content=\"https:\/\/hand2noteguide.com\/wp-content\/uploads\/2020\/03\/hand2note-default-hud-1.png\" \/>\n<meta name=\"twitter:card\" content=\"summary_large_image\" \/>\n<meta name=\"twitter:label1\" content=\"Est. reading time\" \/>\n\t<meta name=\"twitter:data1\" content=\"18 minutes\" \/>\n<!-- \/ Yoast SEO plugin. -->","yoast_head_json":{"title":"Miglior Hand2Note HUD: Scegli l'Opzione Giusta per Te","description":"Come capire quale Hand2Note HUD \u00e8 migliore e come iniziare a usarlo? Leggi questo articolo e sarai in grado di trovare rapidamente l'HUD adatto alle tue esigenze.","robots":{"index":"index","follow":"follow","max-snippet":"max-snippet:-1","max-image-preview":"max-image-preview:large","max-video-preview":"max-video-preview:-1"},"canonical":"https:\/\/hand2noteguide.com\/hand2note-hud\/","og_locale":"it_IT","og_type":"article","og_title":"Miglior Hand2Note HUD: Scegli l'Opzione Giusta per Te","og_description":"Come capire quale Hand2Note HUD \u00e8 migliore e come iniziare a usarlo? Leggi questo articolo e sarai in grado di trovare rapidamente l'HUD adatto alle tue esigenze.","og_url":"https:\/\/hand2noteguide.com\/hand2note-hud\/","og_site_name":"Hand2Note Guide","article_modified_time":"2025-06-04T14:39:12+00:00","og_image":[{"url":"https:\/\/hand2noteguide.com\/wp-content\/uploads\/2020\/03\/hand2note-default-hud-1.png","type":"","width":"","height":""}],"twitter_card":"summary_large_image","twitter_misc":{"Est. reading time":"18 minutes"},"schema":{"@context":"https:\/\/schema.org","@graph":[]}},"jetpack_sharing_enabled":true,"_links":{"self":[{"href":"https:\/\/hand2noteguide.com\/it\/wp-json\/wp\/v2\/pages\/1759","targetHints":{"allow":["GET"]}}],"collection":[{"href":"https:\/\/hand2noteguide.com\/it\/wp-json\/wp\/v2\/pages"}],"about":[{"href":"https:\/\/hand2noteguide.com\/it\/wp-json\/wp\/v2\/types\/page"}],"author":[{"embeddable":true,"href":"https:\/\/hand2noteguide.com\/it\/wp-json\/wp\/v2\/users\/1"}],"replies":[{"embeddable":true,"href":"https:\/\/hand2noteguide.com\/it\/wp-json\/wp\/v2\/comments?post=1759"}],"version-history":[{"count":71,"href":"https:\/\/hand2noteguide.com\/it\/wp-json\/wp\/v2\/pages\/1759\/revisions"}],"predecessor-version":[{"id":13507,"href":"https:\/\/hand2noteguide.com\/it\/wp-json\/wp\/v2\/pages\/1759\/revisions\/13507"}],"wp:attachment":[{"href":"https:\/\/hand2noteguide.com\/it\/wp-json\/wp\/v2\/media?parent=1759"}],"curies":[{"name":"wp","href":"https:\/\/api.w.org\/{rel}","templated":true}]}}