{"id":2253,"date":"2020-06-30T19:06:22","date_gmt":"2020-06-30T16:06:22","guid":{"rendered":"http:\/\/hand2noteguide.com\/?page_id=2253"},"modified":"2025-06-04T17:36:38","modified_gmt":"2025-06-04T14:36:38","slug":"basic-setup","status":"publish","type":"page","link":"https:\/\/hand2noteguide.com\/it\/basic-setup\/","title":{"rendered":"Hand2Note 3: Configurazione di Base"},"content":{"rendered":"\n<p>Oggi \u00e8 un giorno fondamentale nella tua carriera di poker, poich\u00e9 stai iniziando a utilizzare il miglior software di poker tracker. Ci assicureremo di rendere il tuo percorso con Hand2Note fluido ed efficiente.<\/p>\n\n\n\n<p>La configurazione di Hand2Note \u00e8 molto semplice e praticamente non richiede alcuna azione da parte tua. Segui i semplici passaggi qui sotto per iniziare a usare Hand2Note su PokerStars o su qualsiasi altro sito supportato.<\/p>\n\n\n\n<div class=\"red-block\">\n<p style=\"margin-bottom:0\">\u26a0\ufe0f Questa guida descrive come iniziare con Hand2Note 3, che ora \u00e8 obsoleto. Ti consigliamo di <a href=\"https:\/\/hand2noteguide.com\/it\/hand2note-4-getting-started\/\"><strong>iniziare con Hand2Note 4<\/strong><\/a>.<\/p>\n<\/div>\n\n\n\n<h2 class=\"wp-block-heading\">1. Scarica e Installa<\/h2>\n\n\n\n<p>Per iniziare, <a href=\"https:\/\/h2n-uptoyou.azureedge.net\/main\/Hand2NoteInstaller.exe\" target=\"_blank\" aria-label=\"undefined (opens in a new tab)\" rel=\"noreferrer noopener nofollow\">scarica Hand2Note 3<\/a> e installa il programma. L&#8217;installazione \u00e8 facile: esegui il file di installazione, clicca su &#8220;Next&#8221; e poi su &#8220;Install&#8221;. Non \u00e8 richiesto alcun software aggiuntivo per il corretto funzionamento di Hand2Note.<\/p>\n\n\n\n<figure class=\"wp-block-image size-large\"><img loading=\"lazy\" decoding=\"async\" width=\"495\" height=\"392\" src=\"https:\/\/hand2noteguide.com\/wp-content\/uploads\/2020\/04\/install-hand2note.png\" alt=\"\" class=\"wp-image-2256\" srcset=\"https:\/\/hand2noteguide.com\/wp-content\/uploads\/2020\/04\/install-hand2note.png 495w, https:\/\/hand2noteguide.com\/wp-content\/uploads\/2020\/04\/install-hand2note-300x238.png 300w\" sizes=\"auto, (max-width: 495px) 100vw, 495px\" \/><figcaption class=\"wp-element-caption\">Installazione di Hand2Note<\/figcaption><\/figure>\n\n\n\n<div class=\"green-block\">\n<p style=\"margin-bottom:0\">\u261d Ti consigliamo anche di creare un account su <a href=\"https:\/\/hand2note3.hand2note.com\/?aid=c0\" target=\"_blank\" rel=\"noopener\">Hand2Note.com<\/a>. Ti servir\u00e0 in futuro per gestire la tua licenza, assegnare HUD, ecc.<\/p><\/div>\n\n\n\n<h2 class=\"wp-block-heading\">2. Usa la Prova Gratuita o Acquista una Licenza<\/h2>\n\n\n\n<p>Immediatamente dopo l&#8217;installazione di Hand2Note, verr\u00e0 attivato un periodo di prova gratuito di 30 giorni. Non richiede alcuna impostazione da parte tua. C&#8217;\u00e8 una prova separata di 14 giorni per le <a href=\"https:\/\/hand2noteguide.com\/it\/asian\/\">stanze asiatiche<\/a>. Si attiva automaticamente quando lanci l&#8217;applicazione della tua stanza per la prima volta con Hand2Note.<\/p>\n\n\n\n<figure class=\"wp-block-image size-large\"><img loading=\"lazy\" decoding=\"async\" width=\"423\" height=\"92\" src=\"https:\/\/hand2noteguide.com\/wp-content\/uploads\/2020\/04\/hand2note-trial.png\" alt=\"\" class=\"wp-image-2258\" srcset=\"https:\/\/hand2noteguide.com\/wp-content\/uploads\/2020\/04\/hand2note-trial.png 423w, https:\/\/hand2noteguide.com\/wp-content\/uploads\/2020\/04\/hand2note-trial-300x65.png 300w\" sizes=\"auto, (max-width: 423px) 100vw, 423px\" \/><figcaption class=\"wp-element-caption\">Prova gratuita di Hand2Note<\/figcaption><\/figure>\n\n\n\n<p>Durante il periodo di prova, tutte le funzionalit\u00e0 di Hand2Note sono disponibili tranne il <a href=\"https:\/\/hand2noteguide.com\/it\/guide\/range-research\/\">Range Research<\/a>.<\/p>\n\n\n\n<p>Dopo la fine della prova, Hand2Note passer\u00e0 automaticamente a una <a href=\"https:\/\/hand2noteguide.com\/it\/hand2note-for-free\/\">versione gratuita<\/a>. Non perderai alcun dato e potrai continuare a utilizzare le funzionalit\u00e0 di base del software.<\/p>\n\n\n\n<div class=\"green-block\">\n<p>\ud83d\udc49 Se sei un giocatore professionista o stai cercando di diventarlo, ti consigliamo di ottenere una licenza a pagamento. Scopri <a href=\"https:\/\/hand2noteguide.com\/it\/why-purchase-hand2note\/\">quali vantaggi<\/a> otterrai con il piano di abbonamento a pagamento.<\/p>\n<p style=\"margin-bottom:0\">Assicurati di <strong>usare il <a href=\"https:\/\/hand2noteguide.com\/it\/promo\/\"><b>codice promozionale GUIDE10<\/b><\/a> per ottenere uno sconto del 10%, un <a href=\"\/it\/hud-store\/simple-cash-pack-for-free\/\"><b>bonus HUD<\/b><\/a> e un <a href=\"\/it\/video-course\/\"><b>corso video<\/b><\/a> gratuiti.<\/strong><\/p><\/div>\n\n\n\n<h2 class=\"wp-block-heading\">3. Avvia HUD<\/h2>\n\n\n\n<p>HandNote ha il supporto integrato per le stanze, quindi non \u00e8 richiesta alcuna configurazione speciale. Tutto ci\u00f2 che serve per avviare l&#8217;HUD \u00e8 lanciare Hand2Note e l&#8217;applicazione della tua stanza.<\/p>\n\n\n\n<figure class=\"wp-block-image size-large\"><img loading=\"lazy\" decoding=\"async\" width=\"1024\" height=\"693\" src=\"https:\/\/hand2noteguide.com\/wp-content\/uploads\/2020\/03\/hand2note-pokerstars-1024x693.png\" alt=\"hand2note pokerstars\" class=\"wp-image-2016\" srcset=\"https:\/\/hand2noteguide.com\/wp-content\/uploads\/2020\/03\/hand2note-pokerstars-1024x693.png 1024w, https:\/\/hand2noteguide.com\/wp-content\/uploads\/2020\/03\/hand2note-pokerstars-300x203.png 300w, https:\/\/hand2noteguide.com\/wp-content\/uploads\/2020\/03\/hand2note-pokerstars-768x520.png 768w, https:\/\/hand2noteguide.com\/wp-content\/uploads\/2020\/03\/hand2note-pokerstars-772x522.png 772w, https:\/\/hand2noteguide.com\/wp-content\/uploads\/2020\/03\/hand2note-pokerstars-624x422.png 624w, https:\/\/hand2noteguide.com\/wp-content\/uploads\/2020\/03\/hand2note-pokerstars.png 1045w\" sizes=\"auto, (max-width: 1024px) 100vw, 1024px\" \/><figcaption class=\"wp-element-caption\"><a href=\"https:\/\/hand2noteguide.com\/it\/pokerstars-hud\/\">Inizia a giocare con Hand2Note HUD su PokerStars<\/a><\/figcaption><\/figure>\n\n\n\n<p>Dopo il primo avvio, vedrai un HUD standard con le statistiche pi\u00f9 basilari: <em>VPIP\/PFR\/hands<\/em>. Puoi anche utilizzare il nostro <a href=\"https:\/\/hand2noteguide.com\/it\/free-hud\/\">HUD gratuito<\/a>. Se hai bisogno di un HUD pi\u00f9 avanzato, offriamo anche <a href=\"https:\/\/hand2noteguide.com\/it\/hud-store\/\">i migliori profili HUD per Hand2Note<\/a>.<\/p>\n\n\n\n<p>Se l&#8217;HUD non viene visualizzato, segui <a href=\"https:\/\/hand2noteguide.com\/it\/issues-resolving\/hud-not-showing\/\">queste istruzioni<\/a>. Se non aiutano, puoi contattare il <a href=\"https:\/\/hand2noteguide.com\/it\/hand2note-official-support\/\">supporto<\/a>.<\/p>\n\n\n\n<h2 class=\"wp-block-heading\">Cosa succede dopo?<\/h2>\n\n\n\n<p>Ora che hai installato Hand2Note e avviato l&#8217;HUD, puoi studiare il software in modo pi\u00f9 dettagliato e fare impostazioni pi\u00f9 specifiche. Hand2Note offre un incredibile set di strumenti per ottimizzare il processo di gioco e l&#8217;analisi fuori dal tavolo.<\/p>\n\n\n\n<p>Prima di tutto, puoi familiarizzare con il <a href=\"https:\/\/hand2noteguide.com\/it\/guide\/\">manuale<\/a>.<\/p>\n\n\n\n<div class=\"green-block\">\n<p style=\"margin-bottom:0\">\ud83d\udca1 Ti consigliamo di leggere l&#8217;articolo <a href=\"https:\/\/www.hudstore.poker\/hand2note-must-read-starting-tips\" target=\"_blank\" rel=\"noopener\"><b>Hand2Note: Must-Read Starting Tips<\/b><\/a>.<\/p><\/div>\n\n\n\n<p>Per un apprendimento pi\u00f9 veloce ed efficiente di tutte le funzionalit\u00e0 del software, presta attenzione al <a href=\"https:\/\/hand2noteguide.com\/it\/video-course\/\">corso video sull&#8217;uso professionale di Hand2Note<\/a>, cos\u00ec come al <a href=\"\/it\/training\/\">coaching personale<\/a>.<\/p>\n","protected":false},"excerpt":{"rendered":"<p>Oggi \u00e8 un giorno fondamentale nella tua carriera di poker, poich\u00e9 stai iniziando a utilizzare il miglior software di poker tracker. Ci assicureremo di rendere il tuo percorso con Hand2Note fluido ed efficiente. La configurazione di Hand2Note \u00e8 molto semplice e praticamente non richiede alcuna azione da parte tua. Segui i semplici passaggi qui sotto &hellip; <a href=\"https:\/\/hand2noteguide.com\/it\/basic-setup\/\" class=\"more-link\">Continue reading <span class=\"screen-reader-text\">Hand2Note 3: Configurazione di Base<\/span><\/a><\/p>\n","protected":false},"author":1,"featured_media":0,"parent":0,"menu_order":0,"comment_status":"closed","ping_status":"closed","template":"page-templates\/full-width-page.php","meta":{"footnotes":""},"class_list":["post-2253","page","type-page","status-publish","hentry"],"translation":{"provider":"WPGlobus","version":"3.0.2","language":"it","enabled_languages":["en","ru","pt","zh","es","fr","de","it","ja"],"languages":{"en":{"title":true,"content":true,"excerpt":false},"ru":{"title":true,"content":true,"excerpt":false},"pt":{"title":true,"content":true,"excerpt":false},"zh":{"title":true,"content":true,"excerpt":false},"es":{"title":true,"content":true,"excerpt":false},"fr":{"title":true,"content":true,"excerpt":false},"de":{"title":true,"content":true,"excerpt":false},"it":{"title":true,"content":true,"excerpt":false},"ja":{"title":true,"content":true,"excerpt":false}}},"yoast_head":"<!-- This site is optimized with the Yoast SEO plugin v27.0 - https:\/\/yoast.com\/product\/yoast-seo-wordpress\/ -->\n<title>Configurazione Hand2Note 3: Installazione, Licenza, Avvio HUD<\/title>\n<meta name=\"description\" content=\"Configura tutto per iniziare a utilizzare il miglior software di poker tracker. Manuale passo dopo passo su come installare Hand2Note, ottenere una licenza gratuita e il miglior HUD.\" \/>\n<meta name=\"robots\" content=\"index, follow, max-snippet:-1, max-image-preview:large, max-video-preview:-1\" \/>\n<link rel=\"canonical\" href=\"https:\/\/hand2noteguide.com\/ja\/basic-setup\/\" \/>\n<meta property=\"og:locale\" content=\"it_IT\" \/>\n<meta property=\"og:type\" content=\"article\" \/>\n<meta property=\"og:title\" content=\"Configurazione Hand2Note 3: Installazione, Licenza, Avvio HUD\" \/>\n<meta property=\"og:description\" content=\"Configura tutto per iniziare a utilizzare il miglior software di poker tracker. Manuale passo dopo passo su come installare Hand2Note, ottenere una licenza gratuita e il miglior HUD.\" \/>\n<meta property=\"og:url\" content=\"https:\/\/hand2noteguide.com\/ja\/basic-setup\/\" \/>\n<meta property=\"og:site_name\" content=\"Hand2Note Guide\" \/>\n<meta property=\"article:modified_time\" content=\"2025-06-04T14:36:38+00:00\" \/>\n<meta property=\"og:image\" content=\"https:\/\/hand2noteguide.com\/wp-content\/uploads\/2020\/04\/install-hand2note.png\" \/>\n<meta name=\"twitter:card\" content=\"summary_large_image\" \/>\n<meta name=\"twitter:label1\" content=\"Est. reading time\" \/>\n\t<meta name=\"twitter:data1\" content=\"17 minutes\" \/>\n<!-- \/ Yoast SEO plugin. -->","yoast_head_json":{"title":"Configurazione Hand2Note 3: Installazione, Licenza, Avvio HUD","description":"Configura tutto per iniziare a utilizzare il miglior software di poker tracker. Manuale passo dopo passo su come installare Hand2Note, ottenere una licenza gratuita e il miglior HUD.","robots":{"index":"index","follow":"follow","max-snippet":"max-snippet:-1","max-image-preview":"max-image-preview:large","max-video-preview":"max-video-preview:-1"},"canonical":"https:\/\/hand2noteguide.com\/ja\/basic-setup\/","og_locale":"it_IT","og_type":"article","og_title":"Configurazione Hand2Note 3: Installazione, Licenza, Avvio HUD","og_description":"Configura tutto per iniziare a utilizzare il miglior software di poker tracker. Manuale passo dopo passo su come installare Hand2Note, ottenere una licenza gratuita e il miglior HUD.","og_url":"https:\/\/hand2noteguide.com\/ja\/basic-setup\/","og_site_name":"Hand2Note Guide","article_modified_time":"2025-06-04T14:36:38+00:00","og_image":[{"url":"https:\/\/hand2noteguide.com\/wp-content\/uploads\/2020\/04\/install-hand2note.png","type":"","width":"","height":""}],"twitter_card":"summary_large_image","twitter_misc":{"Est. reading time":"17 minutes"},"schema":{"@context":"https:\/\/schema.org","@graph":[]}},"jetpack_sharing_enabled":true,"_links":{"self":[{"href":"https:\/\/hand2noteguide.com\/it\/wp-json\/wp\/v2\/pages\/2253","targetHints":{"allow":["GET"]}}],"collection":[{"href":"https:\/\/hand2noteguide.com\/it\/wp-json\/wp\/v2\/pages"}],"about":[{"href":"https:\/\/hand2noteguide.com\/it\/wp-json\/wp\/v2\/types\/page"}],"author":[{"embeddable":true,"href":"https:\/\/hand2noteguide.com\/it\/wp-json\/wp\/v2\/users\/1"}],"replies":[{"embeddable":true,"href":"https:\/\/hand2noteguide.com\/it\/wp-json\/wp\/v2\/comments?post=2253"}],"version-history":[{"count":85,"href":"https:\/\/hand2noteguide.com\/it\/wp-json\/wp\/v2\/pages\/2253\/revisions"}],"predecessor-version":[{"id":13505,"href":"https:\/\/hand2noteguide.com\/it\/wp-json\/wp\/v2\/pages\/2253\/revisions\/13505"}],"wp:attachment":[{"href":"https:\/\/hand2noteguide.com\/it\/wp-json\/wp\/v2\/media?parent=2253"}],"curies":[{"name":"wp","href":"https:\/\/api.w.org\/{rel}","templated":true}]}}