{"id":2285,"date":"2020-05-25T17:49:54","date_gmt":"2020-05-25T14:49:54","guid":{"rendered":"http:\/\/hand2noteguide.com\/?page_id=2285"},"modified":"2025-06-04T17:34:25","modified_gmt":"2025-06-04T14:34:25","slug":"why-purchase-hand2note","status":"publish","type":"page","link":"https:\/\/hand2noteguide.com\/it\/why-purchase-hand2note\/","title":{"rendered":"Perch\u00e9 acquistare Hand2Note?"},"content":{"rendered":"\n<p>Abbiamo gi\u00e0 determinato perch\u00e9 <a href=\"https:\/\/hand2noteguide.com\/it\/why-hand2note\/\">vale la pena iniziare a utilizzare il software Hand2Note<\/a>. E come gi\u00e0 saprai, puoi <a href=\"https:\/\/hand2noteguide.com\/it\/hand2note-for-free\/\">usare Hand2Note gratuitamente<\/a> e persino <a href=\"https:\/\/hand2noteguide.com\/it\/free-hud\/\">ottenere un HUD gratuito<\/a>. Quindi perch\u00e9 acquistare qualcosa? In questo articolo, ti mostreremo le straordinarie possibilit\u00e0 che puoi ottenere con un abbonamento a pagamento Hand2Note PRO.<\/p>\n\n\n\n<h2 class=\"wp-block-heading\">1. Smart Reports (Nuovo in <a href=\"https:\/\/hand2noteguide.com\/it\/hand2note-4-getting-started\/\">Hand2Note 4<\/a>)<\/h2>\n\n\n\n<p>Hand2Note ti fornisce un enorme numero di report pronti all&#8217;uso dove puoi studiare a fondo il tuo gioco e quello dei tuoi avversari. Esplora il gioco da tutte le angolazioni possibili. Analisi dettagliata di tutte le linee di gioco, posizioni, dimensioni delle puntate, texture del board e molto altro.<\/p>\n\n\n\n<figure class=\"wp-block-gallery has-nested-images columns-default is-cropped wp-block-gallery-1 is-layout-flex wp-block-gallery-is-layout-flex\">\n<figure class=\"wp-block-image size-large\"><img loading=\"lazy\" decoding=\"async\" width=\"1024\" height=\"671\" data-id=\"9210\" src=\"https:\/\/hand2noteguide.com\/wp-content\/uploads\/2025\/03\/h2n4-1-min-1024x671.png\" alt=\"Hand2Note 4 Reports\" class=\"wp-image-9210\" srcset=\"https:\/\/hand2noteguide.com\/wp-content\/uploads\/2025\/03\/h2n4-1-min-1024x671.png 1024w, https:\/\/hand2noteguide.com\/wp-content\/uploads\/2025\/03\/h2n4-1-min-300x197.png 300w, https:\/\/hand2noteguide.com\/wp-content\/uploads\/2025\/03\/h2n4-1-min-768x503.png 768w, https:\/\/hand2noteguide.com\/wp-content\/uploads\/2025\/03\/h2n4-1-min-1536x1006.png 1536w, https:\/\/hand2noteguide.com\/wp-content\/uploads\/2025\/03\/h2n4-1-min-2048x1342.png 2048w, https:\/\/hand2noteguide.com\/wp-content\/uploads\/2025\/03\/h2n4-1-min-772x506.png 772w, https:\/\/hand2noteguide.com\/wp-content\/uploads\/2025\/03\/h2n4-1-min-624x409.png 624w\" sizes=\"auto, (max-width: 1024px) 100vw, 1024px\" \/><\/figure>\n\n\n\n<figure class=\"wp-block-image size-large\"><img loading=\"lazy\" decoding=\"async\" width=\"1024\" height=\"670\" data-id=\"9209\" src=\"https:\/\/hand2noteguide.com\/wp-content\/uploads\/2025\/03\/h2n4-2-min-1024x670.png\" alt=\"Hand2Note 4 Select Report\" class=\"wp-image-9209\" srcset=\"https:\/\/hand2noteguide.com\/wp-content\/uploads\/2025\/03\/h2n4-2-min-1024x670.png 1024w, https:\/\/hand2noteguide.com\/wp-content\/uploads\/2025\/03\/h2n4-2-min-300x196.png 300w, https:\/\/hand2noteguide.com\/wp-content\/uploads\/2025\/03\/h2n4-2-min-768x503.png 768w, https:\/\/hand2noteguide.com\/wp-content\/uploads\/2025\/03\/h2n4-2-min-1536x1005.png 1536w, https:\/\/hand2noteguide.com\/wp-content\/uploads\/2025\/03\/h2n4-2-min-2048x1340.png 2048w, https:\/\/hand2noteguide.com\/wp-content\/uploads\/2025\/03\/h2n4-2-min-772x505.png 772w, https:\/\/hand2noteguide.com\/wp-content\/uploads\/2025\/03\/h2n4-2-min-624x408.png 624w\" sizes=\"auto, (max-width: 1024px) 100vw, 1024px\" \/><\/figure>\n<\/figure>\n\n\n\n<h2 class=\"wp-block-heading\">2. HUD conveniente ed efficace<\/h2>\n\n\n\n<p>Con una versione gratuita di Hand2Note puoi utilizzare solo un HUD statico. L&#8217;HUD statico ti mostra lo stesso set di statistiche per qualsiasi avversario in qualsiasi fase di una mano. Questo \u00e8 un HUD classico che potresti aver gi\u00e0 utilizzato in altri tracker obsoleti.<\/p>\n\n\n\n<figure class=\"wp-block-image size-large is-resized\"><img loading=\"lazy\" decoding=\"async\" src=\"https:\/\/hand2noteguide.com\/wp-content\/uploads\/2020\/05\/pro-cash-hud.png\" alt=\"\" class=\"wp-image-2348\" width=\"587\" height=\"482\" srcset=\"https:\/\/hand2noteguide.com\/wp-content\/uploads\/2020\/05\/pro-cash-hud.png 783w, https:\/\/hand2noteguide.com\/wp-content\/uploads\/2020\/05\/pro-cash-hud-300x246.png 300w, https:\/\/hand2noteguide.com\/wp-content\/uploads\/2020\/05\/pro-cash-hud-768x631.png 768w, https:\/\/hand2noteguide.com\/wp-content\/uploads\/2020\/05\/pro-cash-hud-772x634.png 772w, https:\/\/hand2noteguide.com\/wp-content\/uploads\/2020\/05\/pro-cash-hud-624x512.png 624w\" sizes=\"auto, (max-width: 587px) 100vw, 587px\" \/><\/figure>\n\n\n\n<p>Hand2Note ti consente di utilizzare un HUD posizionale e dinamico. Tale HUD pu\u00f2 mostrarti statistiche diverse per:<\/p>\n\n\n\n<ul class=\"wp-block-list\">\n<li>regs e fishes;<\/li>\n\n\n\n<li>giocatori in posizioni diverse;<\/li>\n\n\n\n<li>giocatori con stack di dimensioni diverse; <\/li>\n\n\n\n<li>giocatori che agiscono prima o dopo Hero su preflop;<\/li>\n\n\n\n<li>giocatori che sono IP o OOP rispetto a Hero;<\/li>\n\n\n\n<li>ecc.<\/li>\n<\/ul>\n\n\n\n<p>Puoi avere molte statistiche nel tuo HUD, ma verranno visualizzate solo le statistiche rilevanti per la situazione e il giocatore attuali.<\/p>\n\n\n\n<p>Puoi trovare <a href=\"https:\/\/hand2noteguide.com\/it\/hud-store\/\">i migliori profili HUD per Hand2Note<\/a> nel nostro store.<\/p>\n\n\n\n<h2 class=\"wp-block-heading\">3. Popups automatici God-mode per ogni statistica<\/h2>\n\n\n\n<p>Hand2Note genera automaticamente un popup esteso per ogni statistica nel tuo HUD. Questo popup contiene dati multi-formato estremamente utili. Puoi ottenere molte informazioni cruciali sui tuoi avversari in pochi secondi direttamente in gioco. Ti consente di trovare rapidamente le debolezze e sfruttare i tuoi avversari al tavolo in modo aggressivo.<\/p>\n\n\n\n<figure class=\"wp-block-gallery has-nested-images columns-default is-cropped wp-block-gallery-2 is-layout-flex wp-block-gallery-is-layout-flex\">\n<figure class=\"wp-block-image size-full\"><img loading=\"lazy\" decoding=\"async\" width=\"816\" height=\"1327\" data-id=\"9211\" src=\"https:\/\/hand2noteguide.com\/wp-content\/uploads\/2025\/03\/popup0-min.png\" alt=\"\" class=\"wp-image-9211\" srcset=\"https:\/\/hand2noteguide.com\/wp-content\/uploads\/2025\/03\/popup0-min.png 816w, https:\/\/hand2noteguide.com\/wp-content\/uploads\/2025\/03\/popup0-min-184x300.png 184w, https:\/\/hand2noteguide.com\/wp-content\/uploads\/2025\/03\/popup0-min-630x1024.png 630w, https:\/\/hand2noteguide.com\/wp-content\/uploads\/2025\/03\/popup0-min-768x1249.png 768w, https:\/\/hand2noteguide.com\/wp-content\/uploads\/2025\/03\/popup0-min-772x1255.png 772w, https:\/\/hand2noteguide.com\/wp-content\/uploads\/2025\/03\/popup0-min-384x624.png 384w\" sizes=\"auto, (max-width: 816px) 100vw, 816px\" \/><figcaption class=\"wp-element-caption\">Preflop<\/figcaption><\/figure>\n\n\n\n<figure class=\"wp-block-image size-full\"><img loading=\"lazy\" decoding=\"async\" width=\"934\" height=\"1635\" data-id=\"9215\" src=\"https:\/\/hand2noteguide.com\/wp-content\/uploads\/2025\/03\/postflop-min.png\" alt=\"\" class=\"wp-image-9215\" srcset=\"https:\/\/hand2noteguide.com\/wp-content\/uploads\/2025\/03\/postflop-min.png 934w, https:\/\/hand2noteguide.com\/wp-content\/uploads\/2025\/03\/postflop-min-171x300.png 171w, https:\/\/hand2noteguide.com\/wp-content\/uploads\/2025\/03\/postflop-min-585x1024.png 585w, https:\/\/hand2noteguide.com\/wp-content\/uploads\/2025\/03\/postflop-min-768x1344.png 768w, https:\/\/hand2noteguide.com\/wp-content\/uploads\/2025\/03\/postflop-min-877x1536.png 877w, https:\/\/hand2noteguide.com\/wp-content\/uploads\/2025\/03\/postflop-min-772x1351.png 772w, https:\/\/hand2noteguide.com\/wp-content\/uploads\/2025\/03\/postflop-min-356x624.png 356w\" sizes=\"auto, (max-width: 934px) 100vw, 934px\" \/><figcaption class=\"wp-element-caption\">Postflop<\/figcaption><\/figure>\n<\/figure>\n\n\n\n<h2 class=\"wp-block-heading\">4. Esplorare le tendenze degli avversari (MDA)<\/h2>\n\n\n\n<p>Puoi esplorare a fondo l&#8217;intero pool di giocatori con cui giochi. Scoprirai come diversi tipi di giocatori agiscono in diverse situazioni. Conoscerai i loro range e le frequenze in qualsiasi scenario di gioco possibile. Ad esempio:<\/p>\n\n\n\n<ul class=\"wp-block-list\">\n<li>Quale range usano i fishes per 4bettare preflop?<\/li>\n\n\n\n<li>Quanto spesso i regs fanno la seconda barrel in un piatto 3bet su una carta che completa il colore?<\/li>\n\n\n\n<li>Con quale range e quanto spesso i fishes overbettano il river?<\/li>\n\n\n\n<li>ecc. <\/li>\n<\/ul>\n\n\n\n<p>Questa conoscenza migliorer\u00e0 significativamente la tua comprensione di come estrarre il massimo valore dai tuoi avversari.<\/p>\n\n\n\n<figure class=\"wp-block-image size-large\"><img loading=\"lazy\" decoding=\"async\" width=\"1024\" height=\"643\" src=\"https:\/\/hand2noteguide.com\/wp-content\/uploads\/2025\/03\/RANGE_RESEARCH-NEW-m-1024x643.png\" alt=\"Hand2Note 4 Range Research\" class=\"wp-image-9217\" srcset=\"https:\/\/hand2noteguide.com\/wp-content\/uploads\/2025\/03\/RANGE_RESEARCH-NEW-m-1024x643.png 1024w, https:\/\/hand2noteguide.com\/wp-content\/uploads\/2025\/03\/RANGE_RESEARCH-NEW-m-300x188.png 300w, https:\/\/hand2noteguide.com\/wp-content\/uploads\/2025\/03\/RANGE_RESEARCH-NEW-m-768x482.png 768w, https:\/\/hand2noteguide.com\/wp-content\/uploads\/2025\/03\/RANGE_RESEARCH-NEW-m-1536x965.png 1536w, https:\/\/hand2noteguide.com\/wp-content\/uploads\/2025\/03\/RANGE_RESEARCH-NEW-m-2048x1287.png 2048w, https:\/\/hand2noteguide.com\/wp-content\/uploads\/2025\/03\/RANGE_RESEARCH-NEW-m-772x485.png 772w, https:\/\/hand2noteguide.com\/wp-content\/uploads\/2025\/03\/RANGE_RESEARCH-NEW-m-624x392.png 624w\" sizes=\"auto, (max-width: 1024px) 100vw, 1024px\" \/><\/figure>\n\n\n\n<h2 class=\"wp-block-heading\">5. Analizzare la redditivit\u00e0 di tutte le tue linee<\/h2>\n\n\n\n<p>Indagare sulla redditivit\u00e0 di tutte le tue decisioni diventa molto facile ed efficace con Hand2Note. Puoi controllare tutte le tue azioni in ogni possibile situazione di gioco. Puoi trovare risposte alle seguenti domande:<\/p>\n\n\n\n<ul class=\"wp-block-list\">\n<li>cosa \u00e8 meglio, chiamare o 3bettare con Assi suited contro un open raise da CO?<\/li>\n\n\n\n<li>vale la pena aprire con connettori medi da UTG o no?<\/li>\n\n\n\n<li>come costruire il mio range di puntate e check su postflop?<\/li>\n\n\n\n<li>ecc.<\/li>\n<\/ul>\n\n\n\n<figure class=\"wp-block-image size-large\"><img loading=\"lazy\" decoding=\"async\" width=\"1024\" height=\"306\" src=\"https:\/\/hand2noteguide.com\/wp-content\/uploads\/2025\/03\/image-1-1024x306.png\" alt=\"\" class=\"wp-image-9227\" srcset=\"https:\/\/hand2noteguide.com\/wp-content\/uploads\/2025\/03\/image-1-1024x306.png 1024w, https:\/\/hand2noteguide.com\/wp-content\/uploads\/2025\/03\/image-1-300x90.png 300w, https:\/\/hand2noteguide.com\/wp-content\/uploads\/2025\/03\/image-1-768x230.png 768w, https:\/\/hand2noteguide.com\/wp-content\/uploads\/2025\/03\/image-1-1536x460.png 1536w, https:\/\/hand2noteguide.com\/wp-content\/uploads\/2025\/03\/image-1-2048x613.png 2048w, https:\/\/hand2noteguide.com\/wp-content\/uploads\/2025\/03\/image-1-772x231.png 772w, https:\/\/hand2noteguide.com\/wp-content\/uploads\/2025\/03\/image-1-624x187.png 624w\" sizes=\"auto, (max-width: 1024px) 100vw, 1024px\" \/><\/figure>\n\n\n\n<div class=\"green-block\">\n<p style=\"margin-bottom:0\">Impara come utilizzare tutte le funzionalit\u00e0 passo dopo passo con il nostro <a href=\"\/it\/video-course\/\">\ud83d\udc68\u200d\ud83c\udfeb <b>corso video di Hand2Note<\/b><\/a>.<\/p>\n<\/div>\n\n\n\n<h2 class=\"wp-block-heading\">6. Ampia copertura dei siti di poker supportati<\/h2>\n\n\n\n<p>Hand2Note supporta quasi tutte le poker room. Inoltre, non avrai pi\u00f9 bisogno di software aggiuntivi come i convertitori di mani. Hand2Note contiene moduli integrati per elaborare mani di tutti i formati possibili. Inoltre, gli sviluppatori aggiornano sempre rapidamente questi moduli in caso di modifiche da parte delle room.<\/p>\n\n\n\n<figure class=\"wp-block-image size-large\"><img loading=\"lazy\" decoding=\"async\" width=\"1024\" height=\"767\" src=\"http:\/\/hand2noteguide.com\/wp-content\/uploads\/2025\/04\/coinpoker-hud-min-1024x767.png\" alt=\"\" class=\"wp-image-10568\" srcset=\"https:\/\/hand2noteguide.com\/wp-content\/uploads\/2025\/04\/coinpoker-hud-min-1024x767.png 1024w, https:\/\/hand2noteguide.com\/wp-content\/uploads\/2025\/04\/coinpoker-hud-min-300x225.png 300w, https:\/\/hand2noteguide.com\/wp-content\/uploads\/2025\/04\/coinpoker-hud-min-768x575.png 768w, https:\/\/hand2noteguide.com\/wp-content\/uploads\/2025\/04\/coinpoker-hud-min-1536x1150.png 1536w, https:\/\/hand2noteguide.com\/wp-content\/uploads\/2025\/04\/coinpoker-hud-min-2048x1533.png 2048w, https:\/\/hand2noteguide.com\/wp-content\/uploads\/2025\/04\/coinpoker-hud-min-772x578.png 772w, https:\/\/hand2noteguide.com\/wp-content\/uploads\/2025\/04\/coinpoker-hud-min-624x467.png 624w\" sizes=\"auto, (max-width: 1024px) 100vw, 1024px\" \/><\/figure>\n\n\n\n<p>Dove giochi &#8211; <a href=\"https:\/\/hand2noteguide.com\/it\/pokerstars-hud\/\">PokerStars<\/a>, <a href=\"https:\/\/hand2noteguide.com\/it\/pokerbros-hud\/\">PokerBros<\/a>, <a href=\"https:\/\/hand2noteguide.com\/it\/coinpoker-hud\/\">CoinPoker<\/a>, o qualsiasi altro sito poco conosciuto &#8211; Hand2Note \u00e8 adatto a te.<\/p>\n\n\n\n<h2 class=\"wp-block-heading\">7. Supporto premium<\/h2>\n\n\n\n<p><a href=\"https:\/\/hand2noteguide.com\/it\/hand2note-official-support\/\">Supporto 24\/7<\/a> \u00e8 incluso nel prezzo dell&#8217;abbonamento. Qualsiasi problema tecnico o domanda generale sul programma verr\u00e0 prontamente risolto da agenti di supporto che conoscono a fondo la funzionalit\u00e0 dell&#8217;app e hanno esperienza nel giocare a poker professionale.<\/p>\n\n\n\n<p>Acquistando un abbonamento Hand2Note, diventi membro di un club d&#8217;\u00e9lite dei giocatori pi\u00f9 forti!<\/p>\n\n\n\n<p style=\"margin-top:24px\"><a style=\"font-weight:bold !important\" class=\"article-action-link\" href=\"https:\/\/hand2noteguide.com\/it\/hand2note-4-getting-started\/\">Inizia a usare Hand2Note &rarr;<\/a><\/p>\n","protected":false},"excerpt":{"rendered":"<p>Abbiamo gi\u00e0 determinato perch\u00e9 vale la pena iniziare a utilizzare il software Hand2Note. E come gi\u00e0 saprai, puoi usare Hand2Note gratuitamente e persino ottenere un HUD gratuito. Quindi perch\u00e9 acquistare qualcosa? In questo articolo, ti mostreremo le straordinarie possibilit\u00e0 che puoi ottenere con un abbonamento a pagamento Hand2Note PRO. 1. Smart Reports (Nuovo in Hand2Note &hellip; <a href=\"https:\/\/hand2noteguide.com\/it\/why-purchase-hand2note\/\" class=\"more-link\">Continue reading <span class=\"screen-reader-text\">Perch\u00e9 acquistare Hand2Note?<\/span><\/a><\/p>\n","protected":false},"author":1,"featured_media":10164,"parent":0,"menu_order":0,"comment_status":"closed","ping_status":"closed","template":"page-templates\/full-width-page.php","meta":{"footnotes":""},"class_list":["post-2285","page","type-page","status-publish","has-post-thumbnail","hentry"],"translation":{"provider":"WPGlobus","version":"3.0.2","language":"it","enabled_languages":["en","ru","pt","zh","es","fr","de","it","ja"],"languages":{"en":{"title":true,"content":true,"excerpt":false},"ru":{"title":true,"content":true,"excerpt":false},"pt":{"title":true,"content":true,"excerpt":false},"zh":{"title":true,"content":true,"excerpt":false},"es":{"title":true,"content":true,"excerpt":false},"fr":{"title":true,"content":true,"excerpt":false},"de":{"title":true,"content":true,"excerpt":false},"it":{"title":true,"content":true,"excerpt":false},"ja":{"title":true,"content":true,"excerpt":false}}},"yoast_head":"<!-- This site is optimized with the Yoast SEO plugin v27.0 - https:\/\/yoast.com\/product\/yoast-seo-wordpress\/ -->\n<title>Perch\u00e9 acquistare Hand2Note? 7 motivi innegabili<\/title>\n<meta name=\"description\" content=\"Ti stai ancora chiedendo se hai bisogno di Hand2Note? Ecco una panoramica di 7 motivi innegabili per utilizzare Hand2Note PRO e portare la tua carriera nel poker al livello successivo.\" \/>\n<meta name=\"robots\" content=\"index, follow, max-snippet:-1, max-image-preview:large, max-video-preview:-1\" \/>\n<link rel=\"canonical\" href=\"https:\/\/hand2noteguide.com\/ru\/why-purchase-hand2note\/\" \/>\n<meta property=\"og:locale\" content=\"it_IT\" \/>\n<meta property=\"og:type\" content=\"article\" \/>\n<meta property=\"og:title\" content=\"Perch\u00e9 acquistare Hand2Note? 7 motivi innegabili\" \/>\n<meta property=\"og:description\" content=\"Ti stai ancora chiedendo se hai bisogno di Hand2Note? Ecco una panoramica di 7 motivi innegabili per utilizzare Hand2Note PRO e portare la tua carriera nel poker al livello successivo.\" \/>\n<meta property=\"og:url\" content=\"https:\/\/hand2noteguide.com\/ru\/why-purchase-hand2note\/\" \/>\n<meta property=\"og:site_name\" content=\"Hand2Note Guide\" \/>\n<meta property=\"article:modified_time\" content=\"2025-06-04T14:34:25+00:00\" \/>\n<meta property=\"og:image\" content=\"https:\/\/hand2noteguide.com\/wp-content\/uploads\/2025\/04\/h2n4-1-min-2048x1342-1.png\" \/>\n\t<meta property=\"og:image:width\" content=\"700\" \/>\n\t<meta property=\"og:image:height\" content=\"458\" \/>\n\t<meta property=\"og:image:type\" content=\"image\/png\" \/>\n<meta name=\"twitter:card\" content=\"summary_large_image\" \/>\n<meta name=\"twitter:label1\" content=\"Est. reading time\" \/>\n\t<meta name=\"twitter:data1\" content=\"21 minutes\" \/>\n<!-- \/ Yoast SEO plugin. -->","yoast_head_json":{"title":"Perch\u00e9 acquistare Hand2Note? 7 motivi innegabili","description":"Ti stai ancora chiedendo se hai bisogno di Hand2Note? Ecco una panoramica di 7 motivi innegabili per utilizzare Hand2Note PRO e portare la tua carriera nel poker al livello successivo.","robots":{"index":"index","follow":"follow","max-snippet":"max-snippet:-1","max-image-preview":"max-image-preview:large","max-video-preview":"max-video-preview:-1"},"canonical":"https:\/\/hand2noteguide.com\/ru\/why-purchase-hand2note\/","og_locale":"it_IT","og_type":"article","og_title":"Perch\u00e9 acquistare Hand2Note? 7 motivi innegabili","og_description":"Ti stai ancora chiedendo se hai bisogno di Hand2Note? Ecco una panoramica di 7 motivi innegabili per utilizzare Hand2Note PRO e portare la tua carriera nel poker al livello successivo.","og_url":"https:\/\/hand2noteguide.com\/ru\/why-purchase-hand2note\/","og_site_name":"Hand2Note Guide","article_modified_time":"2025-06-04T14:34:25+00:00","og_image":[{"width":700,"height":458,"url":"https:\/\/hand2noteguide.com\/wp-content\/uploads\/2025\/04\/h2n4-1-min-2048x1342-1.png","type":"image\/png"}],"twitter_card":"summary_large_image","twitter_misc":{"Est. reading time":"21 minutes"},"schema":{"@context":"https:\/\/schema.org","@graph":[]}},"jetpack_sharing_enabled":true,"_links":{"self":[{"href":"https:\/\/hand2noteguide.com\/it\/wp-json\/wp\/v2\/pages\/2285","targetHints":{"allow":["GET"]}}],"collection":[{"href":"https:\/\/hand2noteguide.com\/it\/wp-json\/wp\/v2\/pages"}],"about":[{"href":"https:\/\/hand2noteguide.com\/it\/wp-json\/wp\/v2\/types\/page"}],"author":[{"embeddable":true,"href":"https:\/\/hand2noteguide.com\/it\/wp-json\/wp\/v2\/users\/1"}],"replies":[{"embeddable":true,"href":"https:\/\/hand2noteguide.com\/it\/wp-json\/wp\/v2\/comments?post=2285"}],"version-history":[{"count":136,"href":"https:\/\/hand2noteguide.com\/it\/wp-json\/wp\/v2\/pages\/2285\/revisions"}],"predecessor-version":[{"id":13503,"href":"https:\/\/hand2noteguide.com\/it\/wp-json\/wp\/v2\/pages\/2285\/revisions\/13503"}],"wp:featuredmedia":[{"embeddable":true,"href":"https:\/\/hand2noteguide.com\/it\/wp-json\/wp\/v2\/media\/10164"}],"wp:attachment":[{"href":"https:\/\/hand2noteguide.com\/it\/wp-json\/wp\/v2\/media?parent=2285"}],"curies":[{"name":"wp","href":"https:\/\/api.w.org\/{rel}","templated":true}]}}