{"id":2898,"date":"2020-07-08T06:43:42","date_gmt":"2020-07-08T03:43:42","guid":{"rendered":"http:\/\/hand2noteguide.com\/?page_id=2898"},"modified":"2026-02-21T21:21:02","modified_gmt":"2026-02-21T18:21:02","slug":"pokerbros-hud","status":"publish","type":"page","link":"https:\/\/hand2noteguide.com\/it\/pokerbros-hud\/","title":{"rendered":"PokerBros HUD"},"content":{"rendered":"\n<p>PokerBros \u00e8 una delle applicazioni di poker mobile cinesi pi\u00f9 popolari. Questa sala offre molti giochi diversi con un pool di giocatori molto debole. Utilizzare l&#8217;HUD in PokerBros ti aiuter\u00e0 a migliorare la qualit\u00e0 delle tue decisioni e a sfruttare efficacemente i tuoi avversari.<\/p>\n\n\n\n<h2 class=\"wp-block-heading\">Ottieni un PokerBros HUD fluido e preciso con Hand2Note<\/h2>\n\n\n\n<p><strong>Hand2Note<\/strong> \u00e8 il miglior software di tracking per poker per visualizzare l&#8217;HUD nelle app asiatiche. Supporta completamente anche la sala PokerBros. Puoi iniziare a utilizzare PokerBros HUD con Hand2Note gratuitamente con un <strong>periodo di prova di 14 giorni<\/strong>. Dopo la fine del periodo di prova, puoi ottenere la <strong>licenza PRO di Hand2Note con uno sconto del 10%<\/strong> utilizzando il nostro <a href=\"https:\/\/hand2noteguide.com\/it\/promo\/\">codice promo GUIDE10<\/a>.<\/p>\n\n\n<div class=\"wp-block-h2n-cta-button\" style=\"text-align: left;\"><a href=\"https:\/\/hand2noteguide.com\/it\/go\/hand2note\/\" class=\"btn btn-primary\" target=\"_blank\" rel=\"noopener noreferrer nofollow sponsored\">Scarica Hand2Note HUD<\/a><\/div>\n\n\n<p>Hand2Note HUD \u00e8 <strong>veloce, compatto e preciso<\/strong>. Quindi \u00e8 perfetto per le app asiatiche dove il gioco \u00e8 molto dinamico, non hai abbastanza campioni sugli avversari n\u00e9 molto spazio per i pannelli HUD ai tavoli.<\/p>\n\n\n\n<figure class=\"wp-block-image size-large\"><img loading=\"lazy\" decoding=\"async\" width=\"416\" height=\"765\" src=\"https:\/\/hand2noteguide.com\/wp-content\/uploads\/2020\/07\/pokerbros-hud.png\" alt=\"PokerBros HUD\" class=\"wp-image-2927\" srcset=\"https:\/\/hand2noteguide.com\/wp-content\/uploads\/2020\/07\/pokerbros-hud.png 416w, https:\/\/hand2noteguide.com\/wp-content\/uploads\/2020\/07\/pokerbros-hud-163x300.png 163w, https:\/\/hand2noteguide.com\/wp-content\/uploads\/2020\/07\/pokerbros-hud-339x624.png 339w\" sizes=\"auto, (max-width: 416px) 100vw, 416px\" \/><figcaption class=\"wp-element-caption\">PokerBros HUD con Hand2Note<\/figcaption><\/figure>\n\n\n\n<p>Di default, un semplice HUD con le statistiche pi\u00f9 comuni \u00e8 visualizzato sui tavoli. Puoi anche <a href=\"https:\/\/hand2noteguide.com\/it\/hud-store\/\">ottenere HUD pi\u00f9 complessi ed efficaci<\/a> nel nostro store.<\/p>\n\n\n\n<h2 class=\"wp-block-heading\">Come impostarlo?<\/h2>\n\n\n\n<p>\u00c8 molto semplice. <strong>Basta avviare Hand2Note e il tavolo PokerBros contemporaneamente<\/strong>. L&#8217;HUD apparir\u00e0 automaticamente direttamente al tavolo. Dai un&#8217;occhiata al nostro <a href=\"https:\/\/hand2noteguide.com\/it\/hand2note-4-getting-started\/\">manuale introduttivo<\/a>.<\/p>\n\n\n<div class=\"wp-block-h2n-alert h2n-alert h2n-alert--info\"><div class=\"h2n-alert__icon\" aria-hidden=\"true\"><svg width=\"22\" height=\"22\" viewBox=\"0 0 24 24\" fill=\"none\" stroke=\"currentColor\" stroke-width=\"2\" stroke-linecap=\"round\" stroke-linejoin=\"round\"><circle cx=\"12\" cy=\"12\" r=\"10\"\/><line x1=\"12\" y1=\"16\" x2=\"12\" y2=\"12\"\/><circle cx=\"12\" cy=\"8\" r=\"1\" fill=\"currentColor\" stroke=\"none\"\/><\/svg><\/div><div class=\"h2n-alert__content\">Ti consigliamo vivamente di seguire la nostra <a href=\"https:\/\/hand2noteguide.com\/it\/user-manual\/configuring-hand2note-to-play-in-applications-via-an-emulator-using-the-example-of-pokerbros\/\">guida alla configurazione di Hand2Note per giocare nelle app tramite emulatore<\/a>, basata sull&#8217;esperienza del team di supporto Hand2Note, per garantire un funzionamento stabile e a lungo termine dell&#8217;HUD ai tuoi tavoli.<\/div><\/div>\n\n\n<p>Il multi-tabling \u00e8 anche supportato, quindi puoi aprire quanti tavoli vuoi. Hand2Note raccoglier\u00e0 le mani da ciascuno di essi.<\/p>\n\n\n\n<figure class=\"wp-block-image size-large\"><img loading=\"lazy\" decoding=\"async\" width=\"1024\" height=\"609\" src=\"https:\/\/hand2noteguide.com\/wp-content\/uploads\/2020\/07\/hand2note-asian-1024x609.png\" alt=\"\" class=\"wp-image-2976\" srcset=\"https:\/\/hand2noteguide.com\/wp-content\/uploads\/2020\/07\/hand2note-asian-1024x609.png 1024w, https:\/\/hand2noteguide.com\/wp-content\/uploads\/2020\/07\/hand2note-asian-300x179.png 300w, https:\/\/hand2noteguide.com\/wp-content\/uploads\/2020\/07\/hand2note-asian-768x457.png 768w, https:\/\/hand2noteguide.com\/wp-content\/uploads\/2020\/07\/hand2note-asian-772x459.png 772w, https:\/\/hand2noteguide.com\/wp-content\/uploads\/2020\/07\/hand2note-asian-624x371.png 624w, https:\/\/hand2noteguide.com\/wp-content\/uploads\/2020\/07\/hand2note-asian.png 1531w\" sizes=\"auto, (max-width: 1024px) 100vw, 1024px\" \/><figcaption class=\"wp-element-caption\">Esegui poker HUD su pi\u00f9 emulatori contemporaneamente<\/figcaption><\/figure>\n\n\n\n<p>Se l&#8217;HUD non funziona dopo aver avviato Hand2Note e l&#8217;app PokerBros, segui la nostra <a href=\"https:\/\/hand2noteguide.com\/it\/user-manual\/hand2note4-hud-problem\/\">guida passo passo per la risoluzione dei problemi<\/a> per risolvere il problema. Se non aiuta, puoi contattare il <a href=\"https:\/\/hand2noteguide.com\/it\/hand2note-official-support\/\">team di supporto<\/a>.<\/p>\n\n\n\n<p>Si noti che Hand2Note funziona anche con altre app come <a href=\"https:\/\/hand2noteguide.com\/it\/pppoker-hud\/\">PPPoker<\/a> o <a href=\"https:\/\/hand2noteguide.com\/it\/coinpoker-hud\/\">CoinPoker<\/a>.<\/p>\n\n\n\n<h2 class=\"wp-block-heading\">E per quanto riguarda le altre funzionalit\u00e0 di Hand2Note?<\/h2>\n\n\n\n<p>Oltre all&#8217;HUD, Hand2Note ti fornisce molti altri strumenti professionali per il gioco e l&#8217;analisi. Dai un&#8217;occhiata alla nostra <a href=\"\/it\/why-purchase-hand2note\/\">panoramica delle straordinarie possibilit\u00e0 di Hand2Note<\/a> che otterrai con un abbonamento PRO. Dovresti assolutamente considerare di iniziare a utilizzarli. Con le capacit\u00e0 di Hand2Note, puoi portare la tua routine di poker al livello successivo. Questo vale sia per i giochi che per l&#8217;analisi fuori dal tavolo. Hand2Note ti permette di sviluppare le tue abilit\u00e0 in tutte le direzioni.<\/p>\n\n\n\n<p>Nel 2026, l&#8217;ultima versione di <strong>Hand2Note 4<\/strong> \u00e8 diventata ancora pi\u00f9 orientata alle prestazioni e ricca di funzionalit\u00e0. Ora Hand2Note \u00e8 una scelta ancora pi\u00f9 adatta per visualizzare il tuo HUD su PokerBros. Il software \u00e8 perfettamente ottimizzato per gestire le elevate richieste di risorse degli emulatori Android moderni.<\/p>\n\n\n\n<figure class=\"wp-block-image size-large\"><img loading=\"lazy\" decoding=\"async\" width=\"1024\" height=\"594\" src=\"http:\/\/hand2noteguide.com\/wp-content\/uploads\/2026\/02\/hand2note4-sessions-1-1024x594.png\" alt=\"Interfaccia Hand2Note 4\" class=\"wp-image-15256\" srcset=\"https:\/\/hand2noteguide.com\/wp-content\/uploads\/2026\/02\/hand2note4-sessions-1-1024x594.png 1024w, https:\/\/hand2noteguide.com\/wp-content\/uploads\/2026\/02\/hand2note4-sessions-1-300x174.png 300w, https:\/\/hand2noteguide.com\/wp-content\/uploads\/2026\/02\/hand2note4-sessions-1-768x445.png 768w, https:\/\/hand2noteguide.com\/wp-content\/uploads\/2026\/02\/hand2note4-sessions-1-1536x890.png 1536w, https:\/\/hand2noteguide.com\/wp-content\/uploads\/2026\/02\/hand2note4-sessions-1-2048x1187.png 2048w, https:\/\/hand2noteguide.com\/wp-content\/uploads\/2026\/02\/hand2note4-sessions-1-772x447.png 772w\" sizes=\"auto, (max-width: 1024px) 100vw, 1024px\" \/><figcaption class=\"wp-element-caption\">Interfaccia Hand2Note 4<\/figcaption><\/figure>\n","protected":false},"excerpt":{"rendered":"<p>PokerBros \u00e8 una delle applicazioni di poker mobile cinesi pi\u00f9 popolari. Questa sala offre molti giochi diversi con un pool di giocatori molto debole. Utilizzare l&#8217;HUD in PokerBros ti aiuter\u00e0 a migliorare la qualit\u00e0 delle tue decisioni e a sfruttare efficacemente i tuoi avversari. Ottieni un PokerBros HUD fluido e preciso con Hand2Note Hand2Note \u00e8 &hellip; <a href=\"https:\/\/hand2noteguide.com\/it\/pokerbros-hud\/\" class=\"more-link\">Continue reading <span class=\"screen-reader-text\">PokerBros HUD<\/span><\/a><\/p>\n","protected":false},"author":1,"featured_media":0,"parent":0,"menu_order":0,"comment_status":"closed","ping_status":"closed","template":"","meta":{"footnotes":""},"class_list":["post-2898","page","type-page","status-publish","hentry"],"translation":{"provider":"WPGlobus","version":"3.0.2","language":"it","enabled_languages":["en","ru","pt","zh","es","fr","de","it","ja"],"languages":{"en":{"title":true,"content":true,"excerpt":false},"ru":{"title":true,"content":true,"excerpt":false},"pt":{"title":true,"content":true,"excerpt":false},"zh":{"title":true,"content":true,"excerpt":false},"es":{"title":true,"content":true,"excerpt":false},"fr":{"title":true,"content":true,"excerpt":false},"de":{"title":true,"content":true,"excerpt":false},"it":{"title":true,"content":true,"excerpt":false},"ja":{"title":true,"content":true,"excerpt":false}}},"yoast_head":"<!-- This site is optimized with the Yoast SEO plugin v27.0 - https:\/\/yoast.com\/product\/yoast-seo-wordpress\/ -->\n<title>HUD PokerBros veloce e preciso - Guida Hand2Note<\/title>\n<meta name=\"description\" content=\"Utilizza un HUD veloce, efficace e preciso in PokerBros e altre app asiatiche. Hand2Note ti offre il miglior HUD e popups per le sale cinesi.\" \/>\n<meta name=\"robots\" content=\"index, follow, max-snippet:-1, max-image-preview:large, max-video-preview:-1\" \/>\n<link rel=\"canonical\" href=\"https:\/\/hand2noteguide.com\/zh\/pokerbros-hud\/\" \/>\n<meta property=\"og:locale\" content=\"it_IT\" \/>\n<meta property=\"og:type\" content=\"article\" \/>\n<meta property=\"og:title\" content=\"HUD PokerBros veloce e preciso - Guida Hand2Note\" \/>\n<meta property=\"og:description\" content=\"Utilizza un HUD veloce, efficace e preciso in PokerBros e altre app asiatiche. Hand2Note ti offre il miglior HUD e popups per le sale cinesi.\" \/>\n<meta property=\"og:url\" content=\"https:\/\/hand2noteguide.com\/zh\/pokerbros-hud\/\" \/>\n<meta property=\"og:site_name\" content=\"Hand2Note Guide\" \/>\n<meta property=\"article:modified_time\" content=\"2026-02-21T18:21:02+00:00\" \/>\n<meta property=\"og:image\" content=\"https:\/\/hand2noteguide.com\/wp-content\/uploads\/2020\/07\/pokerbros-hud.png\" \/>\n<meta name=\"twitter:card\" content=\"summary_large_image\" \/>\n<meta name=\"twitter:label1\" content=\"Est. reading time\" \/>\n\t<meta name=\"twitter:data1\" content=\"3 minutes\" \/>\n<!-- \/ Yoast SEO plugin. -->","yoast_head_json":{"title":"HUD PokerBros veloce e preciso - Guida Hand2Note","description":"Utilizza un HUD veloce, efficace e preciso in PokerBros e altre app asiatiche. Hand2Note ti offre il miglior HUD e popups per le sale cinesi.","robots":{"index":"index","follow":"follow","max-snippet":"max-snippet:-1","max-image-preview":"max-image-preview:large","max-video-preview":"max-video-preview:-1"},"canonical":"https:\/\/hand2noteguide.com\/zh\/pokerbros-hud\/","og_locale":"it_IT","og_type":"article","og_title":"HUD PokerBros veloce e preciso - Guida Hand2Note","og_description":"Utilizza un HUD veloce, efficace e preciso in PokerBros e altre app asiatiche. Hand2Note ti offre il miglior HUD e popups per le sale cinesi.","og_url":"https:\/\/hand2noteguide.com\/zh\/pokerbros-hud\/","og_site_name":"Hand2Note Guide","article_modified_time":"2026-02-21T18:21:02+00:00","og_image":[{"url":"https:\/\/hand2noteguide.com\/wp-content\/uploads\/2020\/07\/pokerbros-hud.png","type":"","width":"","height":""}],"twitter_card":"summary_large_image","twitter_misc":{"Est. reading time":"3 minutes"},"schema":{"@context":"https:\/\/schema.org","@graph":[]}},"jetpack_sharing_enabled":true,"_links":{"self":[{"href":"https:\/\/hand2noteguide.com\/it\/wp-json\/wp\/v2\/pages\/2898","targetHints":{"allow":["GET"]}}],"collection":[{"href":"https:\/\/hand2noteguide.com\/it\/wp-json\/wp\/v2\/pages"}],"about":[{"href":"https:\/\/hand2noteguide.com\/it\/wp-json\/wp\/v2\/types\/page"}],"author":[{"embeddable":true,"href":"https:\/\/hand2noteguide.com\/it\/wp-json\/wp\/v2\/users\/1"}],"replies":[{"embeddable":true,"href":"https:\/\/hand2noteguide.com\/it\/wp-json\/wp\/v2\/comments?post=2898"}],"version-history":[{"count":88,"href":"https:\/\/hand2noteguide.com\/it\/wp-json\/wp\/v2\/pages\/2898\/revisions"}],"predecessor-version":[{"id":15260,"href":"https:\/\/hand2noteguide.com\/it\/wp-json\/wp\/v2\/pages\/2898\/revisions\/15260"}],"wp:attachment":[{"href":"https:\/\/hand2noteguide.com\/it\/wp-json\/wp\/v2\/media?parent=2898"}],"curies":[{"name":"wp","href":"https:\/\/api.w.org\/{rel}","templated":true}]}}