{"id":316,"date":"2018-08-04T12:04:57","date_gmt":"2018-08-04T09:04:57","guid":{"rendered":"https:\/\/h2n312.wordpress.com\/?page_id=316"},"modified":"2025-06-04T19:00:46","modified_gmt":"2025-06-04T16:00:46","slug":"alias","status":"publish","type":"page","link":"https:\/\/hand2noteguide.com\/it\/guide\/alias\/","title":{"rendered":"Alias dei giocatori"},"content":{"rendered":"<p>L&#8217;alias consente di rivedere i risultati sommari di diversi giocatori. Questa funzione \u00e8 utile se giochi in pi\u00f9 sale o utilizzi diversi account in una sala, ad esempio, in <a href=\"https:\/\/hand2noteguide.com\/it\/asian\/\">PokerMaster<\/a>. Pu\u00f2 essere rilevante anche se desideri vedere i rapporti sommari di un certo gruppo di avversari.<\/p>\n<p>Per creare un alias di account, vai su <em>Settings \u2192 Alias<\/em>. Crea un nuovo alias, inserisci un nome e poi aggiungi un numero arbitrario di account ad esso.<\/p>\n<p><img loading=\"lazy\" decoding=\"async\" class=\"alignnone size-full wp-image-848\" src=\"https:\/\/hand2noteguide.com\/wp-content\/uploads\/2019\/05\/hand2note-create-alias.png\" alt=\"hand2note create alias\" width=\"1147\" height=\"935\" srcset=\"https:\/\/hand2noteguide.com\/wp-content\/uploads\/2019\/05\/hand2note-create-alias.png 1147w, https:\/\/hand2noteguide.com\/wp-content\/uploads\/2019\/05\/hand2note-create-alias-300x245.png 300w, https:\/\/hand2noteguide.com\/wp-content\/uploads\/2019\/05\/hand2note-create-alias-768x626.png 768w, https:\/\/hand2noteguide.com\/wp-content\/uploads\/2019\/05\/hand2note-create-alias-1024x835.png 1024w, https:\/\/hand2noteguide.com\/wp-content\/uploads\/2019\/05\/hand2note-create-alias-772x629.png 772w, https:\/\/hand2noteguide.com\/wp-content\/uploads\/2019\/05\/hand2note-create-alias-624x509.png 624w\" sizes=\"auto, (max-width: 1147px) 100vw, 1147px\" \/><\/p>\n<p>Se selezioni l&#8217;opzione &#8220;Integrate into HUD&#8221;, le statistiche di tutti i giocatori dell&#8217;alias verranno unite, cio\u00e8 le statistiche unite di tutti i giocatori dell&#8217;alias verranno mostrate nell&#8217;HUD per ciascun giocatore aggiunto.<\/p>\n<p>Ora puoi vedere i risultati sommari dei giocatori dell&#8217;alias nella sezione reports o sessions, scegliendo il nome dell&#8217;alias come Hero.<\/p>\n<p><img loading=\"lazy\" decoding=\"async\" class=\"alignnone size-full wp-image-852\" src=\"https:\/\/hand2noteguide.com\/wp-content\/uploads\/2019\/05\/hand2note-alias-reports.png\" alt=\"hand2note alias reports\" width=\"1082\" height=\"515\" srcset=\"https:\/\/hand2noteguide.com\/wp-content\/uploads\/2019\/05\/hand2note-alias-reports.png 1082w, https:\/\/hand2noteguide.com\/wp-content\/uploads\/2019\/05\/hand2note-alias-reports-300x143.png 300w, https:\/\/hand2noteguide.com\/wp-content\/uploads\/2019\/05\/hand2note-alias-reports-768x366.png 768w, https:\/\/hand2noteguide.com\/wp-content\/uploads\/2019\/05\/hand2note-alias-reports-1024x487.png 1024w, https:\/\/hand2noteguide.com\/wp-content\/uploads\/2019\/05\/hand2note-alias-reports-772x367.png 772w, https:\/\/hand2noteguide.com\/wp-content\/uploads\/2019\/05\/hand2note-alias-reports-624x297.png 624w\" sizes=\"auto, (max-width: 1082px) 100vw, 1082px\" \/><\/p>\n<p>L&#8217;alias creato apparir\u00e0 anche nell&#8217;elenco dei giocatori nella finestra principale del programma e puoi fare doppio clic su di esso per aprire un popup generale con le statistiche combinate.<\/p>\n<p><img loading=\"lazy\" decoding=\"async\" class=\"alignnone size-full wp-image-851\" src=\"https:\/\/hand2noteguide.com\/wp-content\/uploads\/2019\/05\/hand2note-search-alias-1.png\" alt=\"hand2note search alias\" width=\"929\" height=\"199\" srcset=\"https:\/\/hand2noteguide.com\/wp-content\/uploads\/2019\/05\/hand2note-search-alias-1.png 929w, https:\/\/hand2noteguide.com\/wp-content\/uploads\/2019\/05\/hand2note-search-alias-1-300x64.png 300w, https:\/\/hand2noteguide.com\/wp-content\/uploads\/2019\/05\/hand2note-search-alias-1-768x165.png 768w, https:\/\/hand2noteguide.com\/wp-content\/uploads\/2019\/05\/hand2note-search-alias-1-772x165.png 772w, https:\/\/hand2noteguide.com\/wp-content\/uploads\/2019\/05\/hand2note-search-alias-1-624x134.png 624w\" sizes=\"auto, (max-width: 929px) 100vw, 929px\" \/><\/p>\n","protected":false},"excerpt":{"rendered":"<p>L&#8217;alias consente di rivedere i risultati sommari di diversi giocatori. Questa funzione \u00e8 utile se giochi in pi\u00f9 sale o utilizzi diversi account in una sala, ad esempio, in PokerMaster. Pu\u00f2 essere rilevante anche se desideri vedere i rapporti sommari di un certo gruppo di avversari. Per creare un alias di account, vai su Settings &hellip; <a href=\"https:\/\/hand2noteguide.com\/it\/guide\/alias\/\" class=\"more-link\">Continue reading <span class=\"screen-reader-text\">Alias dei giocatori<\/span><\/a><\/p>\n","protected":false},"author":1,"featured_media":0,"parent":74,"menu_order":0,"comment_status":"closed","ping_status":"closed","template":"page-templates\/full-width-page.php","meta":{"footnotes":""},"class_list":["post-316","page","type-page","status-publish","hentry"],"translation":{"provider":"WPGlobus","version":"3.0.2","language":"it","enabled_languages":["en","ru","pt","zh","es","fr","de","it","ja"],"languages":{"en":{"title":true,"content":true,"excerpt":false},"ru":{"title":true,"content":true,"excerpt":false},"pt":{"title":true,"content":true,"excerpt":false},"zh":{"title":true,"content":true,"excerpt":false},"es":{"title":true,"content":true,"excerpt":false},"fr":{"title":true,"content":true,"excerpt":false},"de":{"title":true,"content":true,"excerpt":false},"it":{"title":true,"content":true,"excerpt":false},"ja":{"title":true,"content":true,"excerpt":false}}},"yoast_head":"<!-- This site is optimized with the Yoast SEO plugin v27.0 - https:\/\/yoast.com\/product\/yoast-seo-wordpress\/ -->\n<title>&quot;Gestisci gli Alias dei Giocatori per una Migliore Analisi delle Statistiche di Poker&quot;<\/title>\n<meta name=\"description\" content=\"&quot;Scopri come utilizzare gli alias dei giocatori in Hand2Note per consolidare le statistiche su pi\u00f9 account, migliorando la tua strategia e analisi del poker.&quot;\" \/>\n<meta name=\"robots\" content=\"index, follow, max-snippet:-1, max-image-preview:large, max-video-preview:-1\" \/>\n<link rel=\"canonical\" href=\"https:\/\/hand2noteguide.com\/guide\/alias\/\" \/>\n<meta property=\"og:locale\" content=\"it_IT\" \/>\n<meta property=\"og:type\" content=\"article\" \/>\n<meta property=\"og:title\" content=\"&quot;Gestisci gli Alias dei Giocatori per una Migliore Analisi delle Statistiche di Poker&quot;\" \/>\n<meta property=\"og:description\" content=\"&quot;Scopri come utilizzare gli alias dei giocatori in Hand2Note per consolidare le statistiche su pi\u00f9 account, migliorando la tua strategia e analisi del poker.&quot;\" \/>\n<meta property=\"og:url\" content=\"https:\/\/hand2noteguide.com\/guide\/alias\/\" \/>\n<meta property=\"og:site_name\" content=\"Hand2Note Guide\" \/>\n<meta property=\"article:modified_time\" content=\"2025-06-04T16:00:46+00:00\" \/>\n<meta property=\"og:image\" content=\"https:\/\/hand2noteguide.com\/wp-content\/uploads\/2019\/05\/hand2note-create-alias.png\" \/>\n<meta name=\"twitter:card\" content=\"summary_large_image\" \/>\n<meta name=\"twitter:label1\" content=\"Est. reading time\" \/>\n\t<meta name=\"twitter:data1\" content=\"5 minutes\" \/>\n<!-- \/ Yoast SEO plugin. -->","yoast_head_json":{"title":"\"Gestisci gli Alias dei Giocatori per una Migliore Analisi delle Statistiche di Poker\"","description":"\"Scopri come utilizzare gli alias dei giocatori in Hand2Note per consolidare le statistiche su pi\u00f9 account, migliorando la tua strategia e analisi del poker.\"","robots":{"index":"index","follow":"follow","max-snippet":"max-snippet:-1","max-image-preview":"max-image-preview:large","max-video-preview":"max-video-preview:-1"},"canonical":"https:\/\/hand2noteguide.com\/guide\/alias\/","og_locale":"it_IT","og_type":"article","og_title":"\"Gestisci gli Alias dei Giocatori per una Migliore Analisi delle Statistiche di Poker\"","og_description":"\"Scopri come utilizzare gli alias dei giocatori in Hand2Note per consolidare le statistiche su pi\u00f9 account, migliorando la tua strategia e analisi del poker.\"","og_url":"https:\/\/hand2noteguide.com\/guide\/alias\/","og_site_name":"Hand2Note Guide","article_modified_time":"2025-06-04T16:00:46+00:00","og_image":[{"url":"https:\/\/hand2noteguide.com\/wp-content\/uploads\/2019\/05\/hand2note-create-alias.png","type":"","width":"","height":""}],"twitter_card":"summary_large_image","twitter_misc":{"Est. reading time":"5 minutes"},"schema":{"@context":"https:\/\/schema.org","@graph":[]}},"jetpack_sharing_enabled":false,"_links":{"self":[{"href":"https:\/\/hand2noteguide.com\/it\/wp-json\/wp\/v2\/pages\/316","targetHints":{"allow":["GET"]}}],"collection":[{"href":"https:\/\/hand2noteguide.com\/it\/wp-json\/wp\/v2\/pages"}],"about":[{"href":"https:\/\/hand2noteguide.com\/it\/wp-json\/wp\/v2\/types\/page"}],"author":[{"embeddable":true,"href":"https:\/\/hand2noteguide.com\/it\/wp-json\/wp\/v2\/users\/1"}],"replies":[{"embeddable":true,"href":"https:\/\/hand2noteguide.com\/it\/wp-json\/wp\/v2\/comments?post=316"}],"version-history":[{"count":12,"href":"https:\/\/hand2noteguide.com\/it\/wp-json\/wp\/v2\/pages\/316\/revisions"}],"predecessor-version":[{"id":13536,"href":"https:\/\/hand2noteguide.com\/it\/wp-json\/wp\/v2\/pages\/316\/revisions\/13536"}],"up":[{"embeddable":true,"href":"https:\/\/hand2noteguide.com\/it\/wp-json\/wp\/v2\/pages\/74"}],"wp:attachment":[{"href":"https:\/\/hand2noteguide.com\/it\/wp-json\/wp\/v2\/media?parent=316"}],"curies":[{"name":"wp","href":"https:\/\/api.w.org\/{rel}","templated":true}]}}