{"id":3334,"date":"2020-07-14T07:17:17","date_gmt":"2020-07-14T04:17:17","guid":{"rendered":"http:\/\/hand2noteguide.com\/?page_id=3334"},"modified":"2026-02-21T21:01:32","modified_gmt":"2026-02-21T18:01:32","slug":"hud-not-showing","status":"publish","type":"page","link":"https:\/\/hand2noteguide.com\/it\/issues-resolving\/hud-not-showing\/","title":{"rendered":"Il HUD non viene visualizzato. Cosa fare?"},"content":{"rendered":"<div class=\"wp-block-h2n-alert h2n-alert h2n-alert--danger\"><div class=\"h2n-alert__icon\" aria-hidden=\"true\"><svg width=\"22\" height=\"22\" viewBox=\"0 0 24 24\" fill=\"none\" stroke=\"currentColor\" stroke-width=\"2\" stroke-linecap=\"round\" stroke-linejoin=\"round\"><polygon points=\"7.86 2 16.14 2 22 7.86 22 16.14 16.14 22 7.86 22 2 16.14 2 7.86 7.86 2\"\/><line x1=\"12\" y1=\"8\" x2=\"12\" y2=\"12\"\/><circle cx=\"12\" cy=\"16\" r=\"1\" fill=\"currentColor\" stroke=\"none\"\/><\/svg><\/div><div class=\"h2n-alert__content\">Questa \u00e8 una guida alla risoluzione dei problemi per Hand2Note 3, ora obsoleto. Per le istruzioni pi\u00f9 recenti sulla risoluzione dei problemi HUD in <strong>Hand2Note 4<\/strong>, consulta la nostra <a href=\"https:\/\/hand2noteguide.com\/it\/user-manual\/hand2note4-hud-problem\/\">guida alla risoluzione dei problemi HUD in Hand2Note 4<\/a>.<\/div><\/div>\n\n\n<p>Di solito, l&#8217;HUD appare automaticamente quando si avviano contemporaneamente Hand2Note e l&#8217;applicazione della poker room. Ma cosa fare se l&#8217;HUD di Hand2Note non appare per qualche motivo? Ti forniremo una guida passo passo per risolvere il problema dell&#8217;assenza dell&#8217;HUD in questo articolo.<\/p>\n\n\n\n<figure class=\"wp-block-image size-large\"><img loading=\"lazy\" decoding=\"async\" width=\"913\" height=\"608\" src=\"https:\/\/hand2noteguide.com\/wp-content\/uploads\/2020\/07\/hand2note-hud-not-showing.png\" alt=\"hand2note hud not showing\" class=\"wp-image-3365\" srcset=\"https:\/\/hand2noteguide.com\/wp-content\/uploads\/2020\/07\/hand2note-hud-not-showing.png 913w, https:\/\/hand2noteguide.com\/wp-content\/uploads\/2020\/07\/hand2note-hud-not-showing-300x200.png 300w, https:\/\/hand2noteguide.com\/wp-content\/uploads\/2020\/07\/hand2note-hud-not-showing-768x511.png 768w, https:\/\/hand2noteguide.com\/wp-content\/uploads\/2020\/07\/hand2note-hud-not-showing-772x514.png 772w, https:\/\/hand2noteguide.com\/wp-content\/uploads\/2020\/07\/hand2note-hud-not-showing-624x416.png 624w\" sizes=\"auto, (max-width: 913px) 100vw, 913px\" \/><figcaption class=\"wp-element-caption\">Hand2Note e la poker room sono aperti, ma l&#8217;HUD non funziona<\/figcaption><\/figure>\n\n\n\n<p>Va bene, risolviamolo. La nostra guida includer\u00e0 passaggi semplici (non saltarli, possono aiutare!), e anche quelli pi\u00f9 specifici.<\/p>\n\n\n\n<h2 class=\"wp-block-heading\">1. Assicurati di eseguire un&#8217;app supportata<\/h2>\n\n\n\n<p>Se stai cercando di ottenere l&#8217;HUD nei siti pi\u00f9 popolari come <a href=\"https:\/\/hand2noteguide.com\/it\/pokerstars-hud\/\">PokerStars<\/a>, puoi procedere tranquillamente al passaggio successivo. Ma se si tratta di una poker room meno popolare, devi assicurarti che sia supportata da Hand2Note. Dai un&#8217;occhiata alla lista delle <a href=\"https:\/\/hand2note.com\/Help\/pages\/SupportedRooms\/\">app supportate<\/a> e verifica. (C&#8217;\u00e8 una lista separata delle <a href=\"https:\/\/hand2noteguide.com\/it\/asian\/\">room asiatiche supportate<\/a>). Se la tua app non \u00e8 nell&#8217;elenco, l&#8217;HUD di Hand2Note ovviamente non funzioner\u00e0 l\u00ec.<\/p>\n\n\n\n<h2 class=\"wp-block-heading\">2. Aggiorna Hand2Note all&#8217;ultima versione<\/h2>\n\n\n\n<p>\u00c8 meglio mantenere il software Hand2Note aggiornato poich\u00e9 l&#8217;ultima versione potrebbe contenere correzioni per i problemi con la tua room. Quindi, se vedi l&#8217;iscrizione Updates in rosso, cliccaci sopra e installa tutti gli aggiornamenti disponibili.<\/p>\n\n\n\n<figure class=\"wp-block-image size-large\"><img loading=\"lazy\" decoding=\"async\" width=\"514\" height=\"248\" src=\"https:\/\/hand2noteguide.com\/wp-content\/uploads\/2020\/07\/hand2note-update.png\" alt=\"\" class=\"wp-image-3368\" srcset=\"https:\/\/hand2noteguide.com\/wp-content\/uploads\/2020\/07\/hand2note-update.png 514w, https:\/\/hand2noteguide.com\/wp-content\/uploads\/2020\/07\/hand2note-update-300x145.png 300w\" sizes=\"auto, (max-width: 514px) 100vw, 514px\" \/><figcaption class=\"wp-element-caption\">Aggiorna Hand2Note per far funzionare l&#8217;HUD<\/figcaption><\/figure>\n\n\n\n<h2 class=\"wp-block-heading\">3. Installa gli aggiornamenti del sistema operativo Windows<\/h2>\n\n\n\n<p>Consigliamo di installare anche tutti gli aggiornamenti di Windows disponibili. In alcuni casi, potrebbe aiutare a risolvere il problema dell&#8217;HUD di Hand2Note. Ma anche se non aiuta con quel problema nel tuo caso, \u00e8 comunque utile per un funzionamento pi\u00f9 stabile del software Hand2Note.<\/p>\n\n\n\n<figure class=\"wp-block-image size-large\"><img loading=\"lazy\" decoding=\"async\" width=\"700\" height=\"278\" src=\"https:\/\/hand2noteguide.com\/wp-content\/uploads\/2020\/07\/windows-update.png\" alt=\"\" class=\"wp-image-3370\" srcset=\"https:\/\/hand2noteguide.com\/wp-content\/uploads\/2020\/07\/windows-update.png 700w, https:\/\/hand2noteguide.com\/wp-content\/uploads\/2020\/07\/windows-update-300x119.png 300w, https:\/\/hand2noteguide.com\/wp-content\/uploads\/2020\/07\/windows-update-624x248.png 624w\" sizes=\"auto, (max-width: 700px) 100vw, 700px\" \/><figcaption class=\"wp-element-caption\">Aggiornare Windows pu\u00f2 essere utile anche<\/figcaption><\/figure>\n\n\n\n<h2 class=\"wp-block-heading\">4. Esegui tutte le app come amministratore<\/h2>\n\n\n\n<p>Hand2Note viene eseguito come amministratore per impostazione predefinita. Ma l&#8217;app del tuo sito di poker potrebbe non fare lo stesso. Quindi, quando apri la tua room, fai clic con il tasto destro sul suo collegamento e seleziona &#8220;Esegui come amministratore&#8221;. Se giochi in app asiatiche tramite l&#8217;emulatore Android, puoi saltare questo passaggio.<\/p>\n\n\n\n<figure class=\"wp-block-image size-large\"><img loading=\"lazy\" decoding=\"async\" width=\"393\" height=\"273\" src=\"https:\/\/hand2noteguide.com\/wp-content\/uploads\/2020\/07\/pokerstars-admin.png\" alt=\"\" class=\"wp-image-3372\" srcset=\"https:\/\/hand2noteguide.com\/wp-content\/uploads\/2020\/07\/pokerstars-admin.png 393w, https:\/\/hand2noteguide.com\/wp-content\/uploads\/2020\/07\/pokerstars-admin-300x208.png 300w\" sizes=\"auto, (max-width: 393px) 100vw, 393px\" \/><figcaption class=\"wp-element-caption\">Esegui l&#8217;app della poker room come amministratore<\/figcaption><\/figure>\n\n\n\n<h2 class=\"wp-block-heading\">5. Verifica se la tua licenza Hand2Note \u00e8 attiva<\/h2>\n\n\n\n<p>Se vuoi visualizzare l&#8217;HUD in una delle room europee o americane, la <a href=\"https:\/\/hand2noteguide.com\/it\/hand2note-for-free\/\">versione gratuita di Hand2Note<\/a> fa al caso tuo. Quindi puoi saltare questo passaggio. Ma se stai cercando di utilizzare l&#8217;HUD in <a href=\"https:\/\/hand2noteguide.com\/it\/pokerbros-hud\/\">PokerBros<\/a>, <a href=\"https:\/\/hand2noteguide.com\/it\/pppoker-hud\/\">PPPoker<\/a>, o in qualche altra app asiatica, devi avere una licenza attiva. Pu\u00f2 essere un periodo di prova gratuito per le room asiatiche, o un abbonamento ASIA o PRO. Se non ce l&#8217;hai, puoi <a href=\"https:\/\/hand2noteguide.com\/it\/promo\/\">acquistarlo a prezzo scontato<\/a> con il nostro codice promozionale. Consigliamo di scegliere la versione PRO, poich\u00e9 contiene <a href=\"https:\/\/hand2noteguide.com\/it\/why-purchase-hand2note\/\">tutte le funzionalit\u00e0 avanzate<\/a> del software.<\/p>\n\n\n\n<figure class=\"wp-block-image size-large\"><img loading=\"lazy\" decoding=\"async\" width=\"445\" height=\"445\" src=\"https:\/\/hand2noteguide.com\/wp-content\/uploads\/2020\/07\/hand2note-range-pro.png\" alt=\"\" class=\"wp-image-3376\" srcset=\"https:\/\/hand2noteguide.com\/wp-content\/uploads\/2020\/07\/hand2note-range-pro.png 445w, https:\/\/hand2noteguide.com\/wp-content\/uploads\/2020\/07\/hand2note-range-pro-300x300.png 300w, https:\/\/hand2noteguide.com\/wp-content\/uploads\/2020\/07\/hand2note-range-pro-150x150.png 150w, https:\/\/hand2noteguide.com\/wp-content\/uploads\/2020\/07\/hand2note-range-pro-96x96.png 96w\" sizes=\"auto, (max-width: 445px) 100vw, 445px\" \/><figcaption class=\"wp-element-caption\">I diagrammi delle range delle mani di poker fanno parte della versione PRO di Hand2Note<\/figcaption><\/figure>\n\n\n\n<h2 class=\"wp-block-heading\">6. Aspetta semplicemente<\/h2>\n\n\n\n<p>L&#8217;HUD potrebbe non apparire immediatamente se inizi a usare Hand2Note nella room per la prima volta. Quindi prova ad aspettare qualche minuto. Si prega di notare che non \u00e8 necessario sedersi al tavolo per ottenere l&#8217;HUD. Hand2Note dovrebbe mostrare l&#8217;HUD sugli avversari anche se stai solo osservando il gioco.<\/p>\n\n\n\n<figure class=\"wp-block-image size-large\"><img loading=\"lazy\" decoding=\"async\" width=\"650\" height=\"476\" src=\"https:\/\/hand2noteguide.com\/wp-content\/uploads\/2020\/07\/hand2note-pokerstars-hud.png\" alt=\"\" class=\"wp-image-3374\" srcset=\"https:\/\/hand2noteguide.com\/wp-content\/uploads\/2020\/07\/hand2note-pokerstars-hud.png 650w, https:\/\/hand2noteguide.com\/wp-content\/uploads\/2020\/07\/hand2note-pokerstars-hud-300x220.png 300w, https:\/\/hand2noteguide.com\/wp-content\/uploads\/2020\/07\/hand2note-pokerstars-hud-624x457.png 624w\" sizes=\"auto, (max-width: 650px) 100vw, 650px\" \/><figcaption class=\"wp-element-caption\">L&#8217;HUD di Hand2Note \u00e8 visualizzato in modalit\u00e0 osservatore su PokerStars<\/figcaption><\/figure>\n\n\n\n<h2 class=\"wp-block-heading\">7. Riavvia tutto due volte<\/h2>\n\n\n\n<p>\u00c8 ovvio, ma in un numero piuttosto elevato di casi, questo pu\u00f2 aiutare. Quindi prova a riavviare:<\/p>\n\n\n\n<ul class=\"wp-block-list\">\n<li>il tuo PC;<\/li>\n\n\n\n<li>il router WiFi;<\/li>\n\n\n\n<li>Hand2Note;<\/li>\n\n\n\n<li>l&#8217;app della poker room.<\/li>\n<\/ul>\n\n\n\n<p>Non dovrai farlo ogni volta. \u00c8 necessario solo una volta per far s\u00ec che Hand2Note catturi il traffico della tua app.<\/p>\n\n\n\n<h2 class=\"wp-block-heading\">8. Cosa fare se nulla ha aiutato?<\/h2>\n\n\n\n<p>Se hai completato tutti i passaggi, ma non c&#8217;\u00e8 ancora l&#8217;HUD ai tavoli, potrebbe esserci un problema specifico nella tua configurazione. Oppure potrebbe anche essere un problema generale di Hand2Note dopo l&#8217;aggiornamento di un&#8217;app di una room particolare. Si prega di contattare il <a href=\"https:\/\/hand2noteguide.com\/it\/hand2note-official-support\/\">team di supporto di Hand2Note<\/a>. Ti forniranno le ultime informazioni su determinate room e ti aiuteranno a ottenere l&#8217;HUD se tutto \u00e8 a posto dal lato di Hand2Note.<\/p>\n\n\n\n<p style=\"margin-top:24px\"><a style=\"font-weight:bold !important\" href=\"\/it\/hand2note-official-support\/\" class=\"article-action-link\">Contatta il team di supporto di Hand2Note \u2192<\/a><\/p>\n","protected":false},"excerpt":{"rendered":"<p>Di solito, l&#8217;HUD appare automaticamente quando si avviano contemporaneamente Hand2Note e l&#8217;applicazione della poker room. Ma cosa fare se l&#8217;HUD di Hand2Note non appare per qualche motivo? Ti forniremo una guida passo passo per risolvere il problema dell&#8217;assenza dell&#8217;HUD in questo articolo. Va bene, risolviamolo. La nostra guida includer\u00e0 passaggi semplici (non saltarli, possono aiutare!), &hellip; <a href=\"https:\/\/hand2noteguide.com\/it\/issues-resolving\/hud-not-showing\/\" class=\"more-link\">Continue reading <span class=\"screen-reader-text\">Il HUD non viene visualizzato. Cosa fare?<\/span><\/a><\/p>\n","protected":false},"author":1,"featured_media":0,"parent":236,"menu_order":0,"comment_status":"closed","ping_status":"closed","template":"","meta":{"footnotes":""},"class_list":["post-3334","page","type-page","status-publish","hentry"],"translation":{"provider":"WPGlobus","version":"3.0.2","language":"it","enabled_languages":["en","ru","pt","zh","es","fr","de","it","ja"],"languages":{"en":{"title":true,"content":true,"excerpt":false},"ru":{"title":true,"content":true,"excerpt":false},"pt":{"title":true,"content":true,"excerpt":false},"zh":{"title":true,"content":true,"excerpt":false},"es":{"title":true,"content":true,"excerpt":false},"fr":{"title":true,"content":true,"excerpt":false},"de":{"title":true,"content":true,"excerpt":false},"it":{"title":true,"content":true,"excerpt":false},"ja":{"title":true,"content":true,"excerpt":false}}},"yoast_head":"<!-- This site is optimized with the Yoast SEO plugin v27.0 - https:\/\/yoast.com\/product\/yoast-seo-wordpress\/ -->\n<title>L&#039;HUD di Hand2Note non funziona? 7 Passaggi per Risolvere il Problema del &quot;No HUD&quot;<\/title>\n<meta name=\"description\" content=\"Se l&#039;HUD di Hand2Note non funziona per qualche motivo, non preoccuparti. Forniamo una guida passo passo su come risolvere il problema del &quot;No HUD&quot;. Otterrai l&#039;HUD nella tua poker room.\" \/>\n<meta name=\"robots\" content=\"index, follow, max-snippet:-1, max-image-preview:large, max-video-preview:-1\" \/>\n<link rel=\"canonical\" href=\"https:\/\/hand2noteguide.com\/issues-resolving\/hud-not-showing\/\" \/>\n<meta property=\"og:locale\" content=\"it_IT\" \/>\n<meta property=\"og:type\" content=\"article\" \/>\n<meta property=\"og:title\" content=\"L&#039;HUD di Hand2Note non funziona? 7 Passaggi per Risolvere il Problema del &quot;No HUD&quot;\" \/>\n<meta property=\"og:description\" content=\"Se l&#039;HUD di Hand2Note non funziona per qualche motivo, non preoccuparti. Forniamo una guida passo passo su come risolvere il problema del &quot;No HUD&quot;. Otterrai l&#039;HUD nella tua poker room.\" \/>\n<meta property=\"og:url\" content=\"https:\/\/hand2noteguide.com\/issues-resolving\/hud-not-showing\/\" \/>\n<meta property=\"og:site_name\" content=\"Hand2Note Guide\" \/>\n<meta property=\"article:modified_time\" content=\"2026-02-21T18:01:32+00:00\" \/>\n<meta property=\"og:image\" content=\"https:\/\/hand2noteguide.com\/wp-content\/uploads\/2020\/07\/hand2note-hud-not-showing.png\" \/>\n<meta name=\"twitter:card\" content=\"summary_large_image\" \/>\n<meta name=\"twitter:label1\" content=\"Est. reading time\" \/>\n\t<meta name=\"twitter:data1\" content=\"23 minutes\" \/>\n<!-- \/ Yoast SEO plugin. -->","yoast_head_json":{"title":"L'HUD di Hand2Note non funziona? 7 Passaggi per Risolvere il Problema del \"No HUD\"","description":"Se l'HUD di Hand2Note non funziona per qualche motivo, non preoccuparti. Forniamo una guida passo passo su come risolvere il problema del \"No HUD\". Otterrai l'HUD nella tua poker room.","robots":{"index":"index","follow":"follow","max-snippet":"max-snippet:-1","max-image-preview":"max-image-preview:large","max-video-preview":"max-video-preview:-1"},"canonical":"https:\/\/hand2noteguide.com\/issues-resolving\/hud-not-showing\/","og_locale":"it_IT","og_type":"article","og_title":"L'HUD di Hand2Note non funziona? 7 Passaggi per Risolvere il Problema del \"No HUD\"","og_description":"Se l'HUD di Hand2Note non funziona per qualche motivo, non preoccuparti. Forniamo una guida passo passo su come risolvere il problema del \"No HUD\". Otterrai l'HUD nella tua poker room.","og_url":"https:\/\/hand2noteguide.com\/issues-resolving\/hud-not-showing\/","og_site_name":"Hand2Note Guide","article_modified_time":"2026-02-21T18:01:32+00:00","og_image":[{"url":"https:\/\/hand2noteguide.com\/wp-content\/uploads\/2020\/07\/hand2note-hud-not-showing.png","type":"","width":"","height":""}],"twitter_card":"summary_large_image","twitter_misc":{"Est. reading time":"23 minutes"},"schema":{"@context":"https:\/\/schema.org","@graph":[]}},"jetpack_sharing_enabled":true,"_links":{"self":[{"href":"https:\/\/hand2noteguide.com\/it\/wp-json\/wp\/v2\/pages\/3334","targetHints":{"allow":["GET"]}}],"collection":[{"href":"https:\/\/hand2noteguide.com\/it\/wp-json\/wp\/v2\/pages"}],"about":[{"href":"https:\/\/hand2noteguide.com\/it\/wp-json\/wp\/v2\/types\/page"}],"author":[{"embeddable":true,"href":"https:\/\/hand2noteguide.com\/it\/wp-json\/wp\/v2\/users\/1"}],"replies":[{"embeddable":true,"href":"https:\/\/hand2noteguide.com\/it\/wp-json\/wp\/v2\/comments?post=3334"}],"version-history":[{"count":60,"href":"https:\/\/hand2noteguide.com\/it\/wp-json\/wp\/v2\/pages\/3334\/revisions"}],"predecessor-version":[{"id":13498,"href":"https:\/\/hand2noteguide.com\/it\/wp-json\/wp\/v2\/pages\/3334\/revisions\/13498"}],"up":[{"embeddable":true,"href":"https:\/\/hand2noteguide.com\/it\/wp-json\/wp\/v2\/pages\/236"}],"wp:attachment":[{"href":"https:\/\/hand2noteguide.com\/it\/wp-json\/wp\/v2\/media?parent=3334"}],"curies":[{"name":"wp","href":"https:\/\/api.w.org\/{rel}","templated":true}]}}