{"id":3424,"date":"2020-07-15T21:57:55","date_gmt":"2020-07-15T18:57:55","guid":{"rendered":"http:\/\/hand2noteguide.com\/?page_id=3424"},"modified":"2026-02-21T20:59:35","modified_gmt":"2026-02-21T17:59:35","slug":"range-research","status":"publish","type":"page","link":"https:\/\/hand2noteguide.com\/it\/guide\/range-research\/","title":{"rendered":"Range Research (Poker MDA)"},"content":{"rendered":"<div class=\"wp-block-h2n-alert h2n-alert h2n-alert--danger\"><div class=\"h2n-alert__icon\" aria-hidden=\"true\"><svg width=\"22\" height=\"22\" viewBox=\"0 0 24 24\" fill=\"none\" stroke=\"currentColor\" stroke-width=\"2\" stroke-linecap=\"round\" stroke-linejoin=\"round\"><polygon points=\"7.86 2 16.14 2 22 7.86 22 16.14 16.14 22 7.86 22 2 16.14 2 7.86 7.86 2\"\/><line x1=\"12\" y1=\"8\" x2=\"12\" y2=\"12\"\/><circle cx=\"12\" cy=\"16\" r=\"1\" fill=\"currentColor\" stroke=\"none\"\/><\/svg><\/div><div class=\"h2n-alert__content\">Range Research \u00e8 una funzionalit\u00e0 legacy di Hand2Note 3, ora obsoleto. Nella versione pi\u00f9 recente Hand2Note 4, Range Research \u00e8 stato sostituito da <strong>Multiple Player Reports<\/strong>. Consulta la nostra <a href=\"https:\/\/hand2noteguide.com\/it\/user-manual\/the-multiple-players-tool-in-hand2note-range-research\/\">guida sullo strumento Multiple Player Reports<\/a>.<\/div><\/div>\n\n\n<p>Range Research \u00e8 uno strumento di poker di <a href=\"https:\/\/hand2note.com\/\" target=\"_blank\" aria-label=\"undefined (opens in a new tab)\" rel=\"noreferrer noopener\">Hand2Note<\/a> che ti permette di esplorare le tendenze del pool dei giocatori. \u00c8 una delle funzioni pi\u00f9 potenti di Hand2Note. Range Research \u00e8 disponibile solo nei piani di abbonamento PRO o EDGE. Se non hai ancora una licenza, puoi <a href=\"https:\/\/hand2noteguide.com\/it\/promo\/\">acquistarla con uno sconto usando il nostro coupon Hand2Note<\/a>.<\/p>\n\n\n\n<p>La funzione Range Research ti offre incredibili possibilit\u00e0 per indagare a fondo il gioco del tuo avversario. Puoi scoprire:<\/p>\n\n\n\n<ul class=\"wp-block-list\">\n<li>quali frequenze e range usano i migliori regular;<\/li>\n\n\n\n<li>quanto aggressivamente i fish overbettano il <a href=\"https:\/\/hand2noteguide.com\/it\/poker\/poker-streets\/\">river<\/a> su una specifica texture del board;<\/li>\n\n\n\n<li>quanto stretti i regular fanno 4bet preflop in specifiche <a href=\"https:\/\/hand2noteguide.com\/it\/poker\/poker-positions\/\">posizioni<\/a>;<\/li>\n\n\n\n<li>e molti altri.<\/li>\n<\/ul>\n\n\n\n<figure class=\"wp-block-image size-large\"><img loading=\"lazy\" decoding=\"async\" width=\"1024\" height=\"566\" src=\"https:\/\/hand2noteguide.com\/wp-content\/uploads\/2020\/07\/Hand2Note-Range-Research-1024x566.png\" alt=\"Hand2Note Range Research\" class=\"wp-image-3459\" srcset=\"https:\/\/hand2noteguide.com\/wp-content\/uploads\/2020\/07\/Hand2Note-Range-Research-1024x566.png 1024w, https:\/\/hand2noteguide.com\/wp-content\/uploads\/2020\/07\/Hand2Note-Range-Research-300x166.png 300w, https:\/\/hand2noteguide.com\/wp-content\/uploads\/2020\/07\/Hand2Note-Range-Research-768x424.png 768w, https:\/\/hand2noteguide.com\/wp-content\/uploads\/2020\/07\/Hand2Note-Range-Research-772x426.png 772w, https:\/\/hand2noteguide.com\/wp-content\/uploads\/2020\/07\/Hand2Note-Range-Research-624x345.png 624w, https:\/\/hand2noteguide.com\/wp-content\/uploads\/2020\/07\/Hand2Note-Range-Research.png 1249w\" sizes=\"auto, (max-width: 1024px) 100vw, 1024px\" \/><figcaption class=\"wp-element-caption\">Finestra iniziale di Range Research<\/figcaption><\/figure>\n\n\n\n<p>Cos\u00ec, puoi ottenere conoscenze su come i giocatori di poker con criteri specifici giocano in tutti i possibili scenari di gioco.<\/p>\n\n\n\n<h2 class=\"wp-block-heading\">Come usare Range Research?<\/h2>\n\n\n\n<p>Il principio di base per lavorare con questo strumento \u00e8 il seguente:<\/p>\n\n\n\n<ol class=\"wp-block-list\">\n<li>Imposti i parametri del report e criteri specifici per filtrare i giocatori.<\/li>\n\n\n\n<li>Hand2Note scansiona il tuo database e trova tutti i giocatori le cui statistiche corrispondono ai parametri specificati.<\/li>\n\n\n\n<li>Vedi il popup con un campione combinato di tutti i giocatori trovati.<\/li>\n<\/ol>\n\n\n\n<p>Ad esempio, creiamo un semplice report per i giocatori regular. Apri Range Research, crea un nuovo report e chiamalo &#8220;All regs&#8221;. Seleziona il tuo tipo di gioco e imposta il filtro &#8220;Is reg&#8221; nel blocco Base Stats. Poi clicca su &#8220;Build&#8221;.<\/p>\n\n\n\n<figure class=\"wp-block-image size-large\"><img loading=\"lazy\" decoding=\"async\" width=\"1024\" height=\"594\" src=\"https:\/\/hand2noteguide.com\/wp-content\/uploads\/2020\/07\/range-research-regs-report-1024x594.png\" alt=\"Range Research report for regular players\" class=\"wp-image-3473\" srcset=\"https:\/\/hand2noteguide.com\/wp-content\/uploads\/2020\/07\/range-research-regs-report-1024x594.png 1024w, https:\/\/hand2noteguide.com\/wp-content\/uploads\/2020\/07\/range-research-regs-report-300x174.png 300w, https:\/\/hand2noteguide.com\/wp-content\/uploads\/2020\/07\/range-research-regs-report-768x446.png 768w, https:\/\/hand2noteguide.com\/wp-content\/uploads\/2020\/07\/range-research-regs-report-772x448.png 772w, https:\/\/hand2noteguide.com\/wp-content\/uploads\/2020\/07\/range-research-regs-report-624x362.png 624w, https:\/\/hand2noteguide.com\/wp-content\/uploads\/2020\/07\/range-research-regs-report.png 1125w\" sizes=\"auto, (max-width: 1024px) 100vw, 1024px\" \/><figcaption class=\"wp-element-caption\">Impostazione del report Range Research per i giocatori regular<\/figcaption><\/figure>\n\n\n\n<p>Come risultato, abbiamo ottenuto il popup generale con le statistiche riassuntive per tutti i regular del database. Possiamo indagare le loro frequenze e composizioni di range in diversi spot di gioco.<\/p>\n\n\n\n<figure class=\"wp-block-image size-large\"><img loading=\"lazy\" decoding=\"async\" width=\"1024\" height=\"639\" src=\"https:\/\/hand2noteguide.com\/wp-content\/uploads\/2020\/07\/range-research-result-1024x639.png\" alt=\"Range Research results\" class=\"wp-image-3475\" srcset=\"https:\/\/hand2noteguide.com\/wp-content\/uploads\/2020\/07\/range-research-result-1024x639.png 1024w, https:\/\/hand2noteguide.com\/wp-content\/uploads\/2020\/07\/range-research-result-300x187.png 300w, https:\/\/hand2noteguide.com\/wp-content\/uploads\/2020\/07\/range-research-result-768x479.png 768w, https:\/\/hand2noteguide.com\/wp-content\/uploads\/2020\/07\/range-research-result-772x482.png 772w, https:\/\/hand2noteguide.com\/wp-content\/uploads\/2020\/07\/range-research-result-624x389.png 624w, https:\/\/hand2noteguide.com\/wp-content\/uploads\/2020\/07\/range-research-result.png 1154w\" sizes=\"auto, (max-width: 1024px) 100vw, 1024px\" \/><figcaption class=\"wp-element-caption\">Popup risultante con campione combinato su tutti i regular<\/figcaption><\/figure>\n\n\n\n<p>Nel nostro esempio abbiamo utilizzato la configurazione predefinita, quindi abbiamo ottenuto il popup generale standard come risultato del nostro report. Ma puoi anche utilizzare popup pi\u00f9 avanzati per indagare a fondo tutte le possibili linee, dimensioni e texture del board.<\/p>\n\n\n\n<p>Dai un&#8217;occhiata ai pacchetti speciali di <a aria-label=\"undefined (opens in a new tab)\" href=\"https:\/\/hand2noteguide.com\/it\/hud-store\/#package_tank_mda\" target=\"_blank\" rel=\"noreferrer noopener\">popup Range Research<\/a> nel nostro Store.<\/p>\n\n\n\n<figure class=\"wp-block-image size-large\"><img loading=\"lazy\" decoding=\"async\" width=\"1024\" height=\"951\" src=\"http:\/\/hand2noteguide.com\/wp-content\/uploads\/2020\/08\/3a-preflop-Overall-1024x951.png\" alt=\"\" class=\"wp-image-3636\" srcset=\"https:\/\/hand2noteguide.com\/wp-content\/uploads\/2020\/08\/3a-preflop-Overall-1024x951.png 1024w, https:\/\/hand2noteguide.com\/wp-content\/uploads\/2020\/08\/3a-preflop-Overall-300x279.png 300w, https:\/\/hand2noteguide.com\/wp-content\/uploads\/2020\/08\/3a-preflop-Overall-768x714.png 768w, https:\/\/hand2noteguide.com\/wp-content\/uploads\/2020\/08\/3a-preflop-Overall-772x717.png 772w, https:\/\/hand2noteguide.com\/wp-content\/uploads\/2020\/08\/3a-preflop-Overall-624x580.png 624w, https:\/\/hand2noteguide.com\/wp-content\/uploads\/2020\/08\/3a-preflop-Overall.png 1158w\" sizes=\"auto, (max-width: 1024px) 100vw, 1024px\" \/><figcaption class=\"wp-element-caption\">Questo popup fa parte del pacchetto <a href=\"https:\/\/hand2noteguide.com\/it\/hud-store\/tank-mda\/\" target=\"_blank\" aria-label=\"undefined (opens in a new tab)\" rel=\"noreferrer noopener\">TANK MDA<\/a><\/figcaption><\/figure>\n\n\n\n<h2 class=\"wp-block-heading\">Voglio saperne di pi\u00f9<\/h2>\n\n\n\n<p>Se vuoi studiare tutte le capacit\u00e0 di Hand2Note e Range Research, presta attenzione al mio <a href=\"https:\/\/hand2noteguide.com\/it\/video-course\/\">video corso<\/a>.<\/p>\n\n\n\n<figure class=\"wp-block-image size-large\"><a href=\"https:\/\/nickjames.teachable.com\/courses\/hand2note-professional-usage\/lectures\/14423550?utm_source=hand2noteguide.com&amp;utm_medium=referral&amp;utm_campaign=hand2noteguide.com\" target=\"_blank\" rel=\"noopener noreferrer\"><img loading=\"lazy\" decoding=\"async\" width=\"954\" height=\"652\" src=\"http:\/\/hand2noteguide.com\/wp-content\/uploads\/2020\/09\/hand2note-video-course-2.png\" alt=\"\" class=\"wp-image-4040\" srcset=\"https:\/\/hand2noteguide.com\/wp-content\/uploads\/2020\/09\/hand2note-video-course-2.png 954w, https:\/\/hand2noteguide.com\/wp-content\/uploads\/2020\/09\/hand2note-video-course-2-300x205.png 300w, https:\/\/hand2noteguide.com\/wp-content\/uploads\/2020\/09\/hand2note-video-course-2-768x525.png 768w, https:\/\/hand2noteguide.com\/wp-content\/uploads\/2020\/09\/hand2note-video-course-2-772x528.png 772w, https:\/\/hand2noteguide.com\/wp-content\/uploads\/2020\/09\/hand2note-video-course-2-624x426.png 624w\" sizes=\"auto, (max-width: 954px) 100vw, 954px\" \/><\/a><figcaption class=\"wp-element-caption\">Una parte del <a href=\"https:\/\/hand2noteguide.com\/it\/video-course\/\">video corso di Hand2Note<\/a><\/figcaption><\/figure>\n\n\n\n<p>\u00c8 un corso completo che copre tutte le funzionalit\u00e0 di Hand2Note. Ma anche se vuoi imparare solo Range Research, ti consiglio comunque di completare l&#8217;intero corso. Ci sono molti argomenti collaterali che possono migliorare significativamente il tuo lavoro con Range Research e l&#8217;efficienza della tua analisi in generale:<\/p>\n\n\n\n<ul class=\"wp-block-list\">\n<li>Sistema di riconoscimento Reg\/Fish<\/li>\n\n\n\n<li>Statistiche Plain e Expression in Hand2Note<\/li>\n\n\n\n<li>Popup esteso su stat (inclusi diagrammi preflop e postflop)<\/li>\n\n\n\n<li>Personalizzazione delle texture del board<\/li>\n\n\n\n<li>ecc.<\/li>\n<\/ul>\n\n\n\n<p>Dopo aver completato il corso avrai tutte le conoscenze necessarie per lavorare professionalmente con Range Research e Hand2Note in generale.<\/p>\n\n\n\n<p>In alternativa, puoi utilizzare le <a href=\"https:\/\/hand2noteguide.com\/it\/training\/\">sessioni di coaching<\/a>. Potrebbe essere un&#8217;opzione decente se hai una serie di domande specifiche e stai cercando un approccio pi\u00f9 personalizzato.<\/p>\n","protected":false},"excerpt":{"rendered":"<p>Range Research \u00e8 uno strumento di poker di Hand2Note che ti permette di esplorare le tendenze del pool dei giocatori. \u00c8 una delle funzioni pi\u00f9 potenti di Hand2Note. Range Research \u00e8 disponibile solo nei piani di abbonamento PRO o EDGE. Se non hai ancora una licenza, puoi acquistarla con uno sconto usando il nostro coupon &hellip; <a href=\"https:\/\/hand2noteguide.com\/it\/guide\/range-research\/\" class=\"more-link\">Continue reading <span class=\"screen-reader-text\">Range Research (Poker MDA)<\/span><\/a><\/p>\n","protected":false},"author":1,"featured_media":0,"parent":74,"menu_order":0,"comment_status":"closed","ping_status":"closed","template":"","meta":{"footnotes":""},"class_list":["post-3424","page","type-page","status-publish","hentry"],"translation":{"provider":"WPGlobus","version":"3.0.2","language":"it","enabled_languages":["en","ru","pt","zh","es","fr","de","it","ja"],"languages":{"en":{"title":true,"content":true,"excerpt":false},"ru":{"title":true,"content":true,"excerpt":false},"pt":{"title":true,"content":true,"excerpt":false},"zh":{"title":true,"content":true,"excerpt":false},"es":{"title":true,"content":true,"excerpt":false},"fr":{"title":true,"content":true,"excerpt":false},"de":{"title":true,"content":true,"excerpt":false},"it":{"title":true,"content":true,"excerpt":false},"ja":{"title":true,"content":true,"excerpt":false}}},"yoast_head":"<!-- This site is optimized with the Yoast SEO plugin v27.0 - https:\/\/yoast.com\/product\/yoast-seo-wordpress\/ -->\n<title>Range Research in Hand2Note: Esplora le Statistiche del Pool di Giocatori con MDA<\/title>\n<meta name=\"description\" content=\"Scopri come utilizzare Range Research in Hand2Note per analizzare le tendenze e le frequenze del pool di giocatori. Crea report personalizzati e migliora la tua strategia con MDA.\" \/>\n<meta name=\"robots\" content=\"index, follow, max-snippet:-1, max-image-preview:large, max-video-preview:-1\" \/>\n<link rel=\"canonical\" href=\"https:\/\/hand2noteguide.com\/guide\/range-research\/\" \/>\n<meta property=\"og:locale\" content=\"it_IT\" \/>\n<meta property=\"og:type\" content=\"article\" \/>\n<meta property=\"og:title\" content=\"Range Research in Hand2Note: Esplora le Statistiche del Pool di Giocatori con MDA\" \/>\n<meta property=\"og:description\" content=\"Scopri come utilizzare Range Research in Hand2Note per analizzare le tendenze e le frequenze del pool di giocatori. Crea report personalizzati e migliora la tua strategia con MDA.\" \/>\n<meta property=\"og:url\" content=\"https:\/\/hand2noteguide.com\/guide\/range-research\/\" \/>\n<meta property=\"og:site_name\" content=\"Hand2Note Guide\" \/>\n<meta property=\"article:modified_time\" content=\"2026-02-21T17:59:35+00:00\" \/>\n<meta property=\"og:image\" content=\"https:\/\/hand2noteguide.com\/wp-content\/uploads\/2020\/07\/Hand2Note-Range-Research-1024x566.png\" \/>\n<meta name=\"twitter:card\" content=\"summary_large_image\" \/>\n<meta name=\"twitter:label1\" content=\"Est. reading time\" \/>\n\t<meta name=\"twitter:data1\" content=\"17 minutes\" \/>\n<!-- \/ Yoast SEO plugin. -->","yoast_head_json":{"title":"Range Research in Hand2Note: Esplora le Statistiche del Pool di Giocatori con MDA","description":"Scopri come utilizzare Range Research in Hand2Note per analizzare le tendenze e le frequenze del pool di giocatori. Crea report personalizzati e migliora la tua strategia con MDA.","robots":{"index":"index","follow":"follow","max-snippet":"max-snippet:-1","max-image-preview":"max-image-preview:large","max-video-preview":"max-video-preview:-1"},"canonical":"https:\/\/hand2noteguide.com\/guide\/range-research\/","og_locale":"it_IT","og_type":"article","og_title":"Range Research in Hand2Note: Esplora le Statistiche del Pool di Giocatori con MDA","og_description":"Scopri come utilizzare Range Research in Hand2Note per analizzare le tendenze e le frequenze del pool di giocatori. Crea report personalizzati e migliora la tua strategia con MDA.","og_url":"https:\/\/hand2noteguide.com\/guide\/range-research\/","og_site_name":"Hand2Note Guide","article_modified_time":"2026-02-21T17:59:35+00:00","og_image":[{"url":"https:\/\/hand2noteguide.com\/wp-content\/uploads\/2020\/07\/Hand2Note-Range-Research-1024x566.png","type":"","width":"","height":""}],"twitter_card":"summary_large_image","twitter_misc":{"Est. reading time":"17 minutes"},"schema":{"@context":"https:\/\/schema.org","@graph":[]}},"jetpack_sharing_enabled":true,"_links":{"self":[{"href":"https:\/\/hand2noteguide.com\/it\/wp-json\/wp\/v2\/pages\/3424","targetHints":{"allow":["GET"]}}],"collection":[{"href":"https:\/\/hand2noteguide.com\/it\/wp-json\/wp\/v2\/pages"}],"about":[{"href":"https:\/\/hand2noteguide.com\/it\/wp-json\/wp\/v2\/types\/page"}],"author":[{"embeddable":true,"href":"https:\/\/hand2noteguide.com\/it\/wp-json\/wp\/v2\/users\/1"}],"replies":[{"embeddable":true,"href":"https:\/\/hand2noteguide.com\/it\/wp-json\/wp\/v2\/comments?post=3424"}],"version-history":[{"count":51,"href":"https:\/\/hand2noteguide.com\/it\/wp-json\/wp\/v2\/pages\/3424\/revisions"}],"predecessor-version":[{"id":15254,"href":"https:\/\/hand2noteguide.com\/it\/wp-json\/wp\/v2\/pages\/3424\/revisions\/15254"}],"up":[{"embeddable":true,"href":"https:\/\/hand2noteguide.com\/it\/wp-json\/wp\/v2\/pages\/74"}],"wp:attachment":[{"href":"https:\/\/hand2noteguide.com\/it\/wp-json\/wp\/v2\/media?parent=3424"}],"curies":[{"name":"wp","href":"https:\/\/api.w.org\/{rel}","templated":true}]}}