{"id":375,"date":"2018-08-11T16:36:05","date_gmt":"2018-08-11T13:36:05","guid":{"rendered":"https:\/\/h2n312.wordpress.com\/?page_id=375"},"modified":"2025-06-04T18:57:34","modified_gmt":"2025-06-04T15:57:34","slug":"add-nickname-winrate-stacksize","status":"publish","type":"page","link":"https:\/\/hand2noteguide.com\/it\/guide\/hud\/add-nickname-winrate-stacksize\/","title":{"rendered":"Come inserire nickname, winrate e dimensione dello stack nell&#8217;HUD"},"content":{"rendered":"<p>Per inserire queste informazioni nel tuo HUD, apri l&#8217;editor (F5), fai clic con il tasto destro sulla cella desiderata e seleziona l&#8217;elemento di menu richiesto:<\/p>\n<p><img loading=\"lazy\" decoding=\"async\" class=\"alignnone size-full wp-image-827\" src=\"https:\/\/hand2noteguide.com\/wp-content\/uploads\/2019\/05\/hand2note-insert-nickname-winrate-stacksize-into-hud.png\" alt=\"hand2note inserire nickname winrate dimensione stack nell'HUD\" width=\"566\" height=\"443\" srcset=\"https:\/\/hand2noteguide.com\/wp-content\/uploads\/2019\/05\/hand2note-insert-nickname-winrate-stacksize-into-hud.png 566w, https:\/\/hand2noteguide.com\/wp-content\/uploads\/2019\/05\/hand2note-insert-nickname-winrate-stacksize-into-hud-300x235.png 300w\" sizes=\"auto, (max-width: 566px) 100vw, 566px\" \/><\/p>\n\n\n<p>Se non vuoi che i nickname dei giocatori appaiano completamente e occupino molto spazio nell&#8217;HUD, puoi impostare la lunghezza massima consentita. Per fare ci\u00f2, evidenzia la cella con il nickname e imposta il parametro di lunghezza massima nella parte destra dello schermo. Nell&#8217;esempio sotto, il nickname del giocatore verr\u00e0 troncato se la sua lunghezza supera i 5 caratteri.<\/p>\n\n\n\n<figure class=\"wp-block-image\"><img loading=\"lazy\" decoding=\"async\" width=\"612\" height=\"309\" src=\"https:\/\/hand2noteguide.com\/wp-content\/uploads\/2019\/07\/hand2note-hud-nickname-max-length.png\" alt=\"hand2note hud nickname impostare lunghezza massima\" class=\"wp-image-1451\" srcset=\"https:\/\/hand2noteguide.com\/wp-content\/uploads\/2019\/07\/hand2note-hud-nickname-max-length.png 612w, https:\/\/hand2noteguide.com\/wp-content\/uploads\/2019\/07\/hand2note-hud-nickname-max-length-300x151.png 300w\" sizes=\"auto, (max-width: 612px) 100vw, 612px\" \/><\/figure>\n\n\n\n<p>Quando aggiungi la dimensione dello stack, puoi scegliere una delle tre opzioni.<\/p>\n\n\n\n<figure class=\"wp-block-image\"><img loading=\"lazy\" decoding=\"async\" width=\"581\" height=\"399\" src=\"https:\/\/hand2noteguide.com\/wp-content\/uploads\/2019\/07\/hand2note-hud-stacksize-options.png\" alt=\"hand2note hud opzioni dimensione stack\" class=\"wp-image-1453\" srcset=\"https:\/\/hand2noteguide.com\/wp-content\/uploads\/2019\/07\/hand2note-hud-stacksize-options.png 581w, https:\/\/hand2noteguide.com\/wp-content\/uploads\/2019\/07\/hand2note-hud-stacksize-options-300x206.png 300w\" sizes=\"auto, (max-width: 581px) 100vw, 581px\" \/><\/figure>\n\n\n\n<ol class=\"wp-block-list\"><li><strong>Dimensione dello stack in big blinds<\/strong> \u00e8 semplicemente la dimensione attuale dello stack del giocatore, indipendentemente dalla quantit\u00e0 di chip negli stack degli altri giocatori.<\/li><li><strong>Dimensione dello stack effettiva<\/strong> \u00e8 la dimensione massima dello stack tra gli avversari, che non supera la dimensione dello stack del giocatore. In altre parole, \u00e8 la quantit\u00e0 massima di chip che il giocatore pu\u00f2 vincere o perdere in una mano.<\/li><li><strong>Dimensione dello stack effettiva vs stack dell&#8217;Hero<\/strong> \u00e8 la stessa dimensione dello stack effettiva, ma non contro tutti gli avversari, solo contro l&#8217;hero.<\/li><\/ol>\n\n\n\n<p>Tutte le dimensioni degli stack sono mostrate in big blinds.<\/p>\n","protected":false},"excerpt":{"rendered":"<p>Per inserire queste informazioni nel tuo HUD, apri l&#8217;editor (F5), fai clic con il tasto destro sulla cella desiderata e seleziona l&#8217;elemento di menu richiesto: Se non vuoi che i nickname dei giocatori appaiano completamente e occupino molto spazio nell&#8217;HUD, puoi impostare la lunghezza massima consentita. Per fare ci\u00f2, evidenzia la cella con il nickname &hellip; <a href=\"https:\/\/hand2noteguide.com\/it\/guide\/hud\/add-nickname-winrate-stacksize\/\" class=\"more-link\">Continue reading <span class=\"screen-reader-text\">Come inserire nickname, winrate e dimensione dello stack nell&#8217;HUD<\/span><\/a><\/p>\n","protected":false},"author":1,"featured_media":0,"parent":372,"menu_order":0,"comment_status":"closed","ping_status":"closed","template":"page-templates\/full-width-page.php","meta":{"footnotes":""},"class_list":["post-375","page","type-page","status-publish","hentry"],"translation":{"provider":"WPGlobus","version":"3.0.2","language":"it","enabled_languages":["en","ru","pt","zh","es","fr","de","it","ja"],"languages":{"en":{"title":true,"content":true,"excerpt":false},"ru":{"title":true,"content":true,"excerpt":false},"pt":{"title":true,"content":true,"excerpt":false},"zh":{"title":true,"content":true,"excerpt":false},"es":{"title":true,"content":true,"excerpt":false},"fr":{"title":true,"content":true,"excerpt":false},"de":{"title":true,"content":true,"excerpt":false},"it":{"title":true,"content":true,"excerpt":false},"ja":{"title":true,"content":true,"excerpt":false}}},"yoast_head":"<!-- This site is optimized with the Yoast SEO plugin v27.0 - https:\/\/yoast.com\/product\/yoast-seo-wordpress\/ -->\n<title>Aggiungi Nickname, Winrate e Dimensione dello Stack all&#039;HUD di Poker<\/title>\n<meta name=\"description\" content=\"Scopri come personalizzare il tuo HUD di poker aggiungendo i nickname dei giocatori, il winrate e la dimensione dello stack. Segui la nostra guida passo passo per ottenere migliori intuizioni di gioco.\" \/>\n<meta name=\"robots\" content=\"index, follow, max-snippet:-1, max-image-preview:large, max-video-preview:-1\" \/>\n<link rel=\"canonical\" href=\"https:\/\/hand2noteguide.com\/guide\/hud\/add-nickname-winrate-stacksize\/\" \/>\n<meta property=\"og:locale\" content=\"it_IT\" \/>\n<meta property=\"og:type\" content=\"article\" \/>\n<meta property=\"og:title\" content=\"Aggiungi Nickname, Winrate e Dimensione dello Stack all&#039;HUD di Poker\" \/>\n<meta property=\"og:description\" content=\"Scopri come personalizzare il tuo HUD di poker aggiungendo i nickname dei giocatori, il winrate e la dimensione dello stack. Segui la nostra guida passo passo per ottenere migliori intuizioni di gioco.\" \/>\n<meta property=\"og:url\" content=\"https:\/\/hand2noteguide.com\/guide\/hud\/add-nickname-winrate-stacksize\/\" \/>\n<meta property=\"og:site_name\" content=\"Hand2Note Guide\" \/>\n<meta property=\"article:modified_time\" content=\"2025-06-04T15:57:34+00:00\" \/>\n<meta property=\"og:image\" content=\"https:\/\/hand2noteguide.com\/wp-content\/uploads\/2018\/08\/hand2note-d0b2d181d182d0b0d0b2d0b8d182d18c-d0bdd0b8d0bad0bdd0b5d0b9d0bc-d0b2d0b8d0bdd180d0b5d0b9d182-d180d0b0d0b7d0bcd0b5d180-d181d1821.png\" \/>\n<meta name=\"twitter:card\" content=\"summary_large_image\" \/>\n<meta name=\"twitter:label1\" content=\"Est. reading time\" \/>\n\t<meta name=\"twitter:data1\" content=\"6 minutes\" \/>\n<!-- \/ Yoast SEO plugin. -->","yoast_head_json":{"title":"Aggiungi Nickname, Winrate e Dimensione dello Stack all'HUD di Poker","description":"Scopri come personalizzare il tuo HUD di poker aggiungendo i nickname dei giocatori, il winrate e la dimensione dello stack. Segui la nostra guida passo passo per ottenere migliori intuizioni di gioco.","robots":{"index":"index","follow":"follow","max-snippet":"max-snippet:-1","max-image-preview":"max-image-preview:large","max-video-preview":"max-video-preview:-1"},"canonical":"https:\/\/hand2noteguide.com\/guide\/hud\/add-nickname-winrate-stacksize\/","og_locale":"it_IT","og_type":"article","og_title":"Aggiungi Nickname, Winrate e Dimensione dello Stack all'HUD di Poker","og_description":"Scopri come personalizzare il tuo HUD di poker aggiungendo i nickname dei giocatori, il winrate e la dimensione dello stack. Segui la nostra guida passo passo per ottenere migliori intuizioni di gioco.","og_url":"https:\/\/hand2noteguide.com\/guide\/hud\/add-nickname-winrate-stacksize\/","og_site_name":"Hand2Note Guide","article_modified_time":"2025-06-04T15:57:34+00:00","og_image":[{"url":"https:\/\/hand2noteguide.com\/wp-content\/uploads\/2018\/08\/hand2note-d0b2d181d182d0b0d0b2d0b8d182d18c-d0bdd0b8d0bad0bdd0b5d0b9d0bc-d0b2d0b8d0bdd180d0b5d0b9d182-d180d0b0d0b7d0bcd0b5d180-d181d1821.png","type":"","width":"","height":""}],"twitter_card":"summary_large_image","twitter_misc":{"Est. reading time":"6 minutes"},"schema":{"@context":"https:\/\/schema.org","@graph":[]}},"jetpack_sharing_enabled":false,"_links":{"self":[{"href":"https:\/\/hand2noteguide.com\/it\/wp-json\/wp\/v2\/pages\/375","targetHints":{"allow":["GET"]}}],"collection":[{"href":"https:\/\/hand2noteguide.com\/it\/wp-json\/wp\/v2\/pages"}],"about":[{"href":"https:\/\/hand2noteguide.com\/it\/wp-json\/wp\/v2\/types\/page"}],"author":[{"embeddable":true,"href":"https:\/\/hand2noteguide.com\/it\/wp-json\/wp\/v2\/users\/1"}],"replies":[{"embeddable":true,"href":"https:\/\/hand2noteguide.com\/it\/wp-json\/wp\/v2\/comments?post=375"}],"version-history":[{"count":16,"href":"https:\/\/hand2noteguide.com\/it\/wp-json\/wp\/v2\/pages\/375\/revisions"}],"predecessor-version":[{"id":13532,"href":"https:\/\/hand2noteguide.com\/it\/wp-json\/wp\/v2\/pages\/375\/revisions\/13532"}],"up":[{"embeddable":true,"href":"https:\/\/hand2noteguide.com\/it\/wp-json\/wp\/v2\/pages\/372"}],"wp:attachment":[{"href":"https:\/\/hand2noteguide.com\/it\/wp-json\/wp\/v2\/media?parent=375"}],"curies":[{"name":"wp","href":"https:\/\/api.w.org\/{rel}","templated":true}]}}