{"id":43,"date":"2018-07-30T00:05:49","date_gmt":"2018-07-29T21:05:49","guid":{"rendered":"https:\/\/h2n312.wordpress.com\/?page_id=43"},"modified":"2026-02-10T12:20:33","modified_gmt":"2026-02-10T09:20:33","slug":"why-hand2note","status":"publish","type":"page","link":"https:\/\/hand2noteguide.com\/it\/why-hand2note\/","title":{"rendered":"Perch\u00e9 Hand2Note?"},"content":{"rendered":"\n<p>\ud83d\udcdd <em>Ultimo aggiornamento: 13 settembre 2024.<\/em><\/p>\n\n\n\n<p>Hand2Note \u00e8 un software di poker che ti fornisce <a href=\"https:\/\/hand2noteguide.com\/it\/poker\/poker-hud\/\">HUD<\/a>, <a href=\"https:\/\/hand2noteguide.com\/it\/poker\/poker-hud-stats\/\">statistiche<\/a> e molti altri strumenti per analizzare il tuo gioco e quello dei tuoi avversari. Hand2Note non \u00e8 l&#8217;unico strumento in questa categoria. Quindi perch\u00e9 dovresti scegliere Hand2Note?<\/p>\n\n\n\n<p>Hand2Note \u00e8 pi\u00f9 veloce di Holdem Manager 3 e Poker Tracker 4 (o qualsiasi altro software) e offre una gamma molto pi\u00f9 ampia di funzionalit\u00e0 per l&#8217;uso durante il gioco e l&#8217;analisi fuori dai tavoli. Molti dei migliori regular hanno gi\u00e0 fatto il passaggio a questo software e hanno aumentato significativamente il loro EV.<\/p>\n\n\n\n<p>La maggior parte delle <a href=\"https:\/\/hand2noteguide.com\/it\/poker\/5-best-online-poker-training-sites\/\">piattaforme di formazione poker pi\u00f9 popolari<\/a> utilizza anche Hand2Note come principale software di tracking poker. Inoltre, Hand2Note \u00e8 presente nella <a href=\"https:\/\/hand2noteguide.com\/it\/poker\/5-best-online-poker-software\/\">lista dei migliori strumenti di poker<\/a> che i giocatori professionisti utilizzano.<\/p>\n\n\n\n<p>Scopri le <a href=\"https:\/\/hand2noteguide.com\/it\/best-poker-tracker-software\/\">funzionalit\u00e0 di Hand2Note<\/a> e <a aria-label=\"undefined (\u043e\u0442\u043a\u0440\u043e\u0435\u0442\u0441\u044f \u0432 \u043d\u043e\u0432\u043e\u0439 \u0432\u043a\u043b\u0430\u0434\u043a\u0435)\" href=\"https:\/\/hand2note.com\/Help\/pages\/ComparisionTable\/\" target=\"_blank\" rel=\"noreferrer noopener\">il confronto con altri tracker<\/a> sul sito ufficiale. Noterai che questo software di tracking poker \u00e8 molto avanti rispetto ai suoi concorrenti.<\/p>\n\n\n\n<figure class=\"wp-block-image\"><img loading=\"lazy\" decoding=\"async\" width=\"1000\" height=\"752\" src=\"https:\/\/hand2noteguide.com\/wp-content\/uploads\/2020\/03\/why-hand2note.png\" alt=\"\" class=\"wp-image-2004\" srcset=\"https:\/\/hand2noteguide.com\/wp-content\/uploads\/2020\/03\/why-hand2note.png 1000w, https:\/\/hand2noteguide.com\/wp-content\/uploads\/2020\/03\/why-hand2note-300x226.png 300w, https:\/\/hand2noteguide.com\/wp-content\/uploads\/2020\/03\/why-hand2note-768x578.png 768w, https:\/\/hand2noteguide.com\/wp-content\/uploads\/2020\/03\/why-hand2note-772x581.png 772w, https:\/\/hand2noteguide.com\/wp-content\/uploads\/2020\/03\/why-hand2note-624x469.png 624w\" sizes=\"auto, (max-width: 1000px) 100vw, 1000px\" \/><figcaption class=\"wp-element-caption\">Visualizzazione delle range di poker con Hand2Note<\/figcaption><\/figure>\n\n\n\n<p>Si prega di notare che puoi iniziare a utilizzare <a href=\"https:\/\/hand2noteguide.com\/it\/hand2note-for-free\/\">Hand2Note gratuitamente<\/a> e ottenere anche un <a href=\"https:\/\/hand2noteguide.com\/it\/free-hud\/\">HUD gratuito<\/a> per iniziare. Quindi non \u00e8 necessario pagare nulla per iniziare a utilizzare il software di nuova generazione. Anche con un HUD di base e una versione gratuita, ti offre pi\u00f9 vantaggi rispetto ad altri vecchi tracker.<\/p>\n\n\n\n<p>Dopo un po&#8217; di tempo potresti <a href=\"\/it\/hud-store\/\">ottenere un HUD pi\u00f9 avanzato<\/a> nel nostro store e anche una licenza professionale. Dai un&#8217;occhiata alle <a href=\"https:\/\/hand2noteguide.com\/it\/why-purchase-hand2note\/\">straordinarie possibilit\u00e0<\/a> che otterrai con un abbonamento a pagamento di Hand2Note.<\/p>\n\n\n\n<h2 class=\"wp-block-heading\">Uso HoldemManager \/ PokerTracker e sono un giocatore vincente. Perch\u00e9 cambiare qualcosa?<\/h2>\n\n\n\n<p>Il poker online si sta sviluppando molto rapidamente, ora da un modo facile di guadagnare il gioco si trasforma in un vero ambiente competitivo, dove c&#8217;\u00e8 una dura battaglia tra i regular per i soldi dei fish. I winrate di coloro che non lavorano sul gioco e non studiano le tendenze del settore, gradualmente diminuiscono. In condizioni moderne, devi lavorare sodo ed essere al passo con le tendenze per avere 5+ bb\/100 nei giochi cash a una distanza considerevole. (L&#8217;unica eccezione sono le <a href=\"https:\/\/hand2noteguide.com\/it\/asian\/\">stanze asiatiche<\/a>, dove i winrate possono essere molto pi\u00f9 alti.)<\/p>\n\n\n\n<p>Hand2Note ti aiuter\u00e0 a essere un passo avanti. Non aspettare il momento in cui <strong>devi<\/strong> cambiare qualcosa. Fallo in anticipo, anche se perdi un po&#8217; di tempo e denaro per studiarlo, altrimenti, in futuro, dovrai perdere molto di pi\u00f9.<\/p>\n\n\n\n<h2 class=\"wp-block-heading\">Come passare rapidamente?<\/h2>\n\n\n\n<p>Hand2Note \u00e8 un software piuttosto difficile da padroneggiare. Dai un&#8217;occhiata alla sezione <a href=\"https:\/\/hand2noteguide.com\/it\/switch-from-hm2\/\">passaggio da un altro tracker<\/a> prima. Controlla anche il <a aria-label=\"undefined (\u043e\u0442\u043a\u0440\u043e\u0435\u0442\u0441\u044f \u0432 \u043d\u043e\u0432\u043e\u0439 \u0432\u043a\u043b\u0430\u0434\u043a\u0435)\" href=\"https:\/\/hand2note.com\/Help\/\" target=\"_blank\" rel=\"noreferrer noopener\">manuale ufficiale<\/a>, contiene una descrizione di tutte le funzioni.<\/p>\n\n\n\n<p>Se non vuoi spendere molto tempo e rendere il processo di passaggio fluido ed efficiente, dai un&#8217;occhiata alle seguenti offerte:<\/p>\n\n\n\n<ul class=\"wp-block-list\">\n<li><a href=\"https:\/\/hand2noteguide.com\/it\/video-course\/\">Corso video di Hand2Note<\/a><\/li>\n\n\n\n<li><a href=\"https:\/\/hand2noteguide.com\/it\/training\/\">Formazione privata<\/a><\/li>\n<\/ul>\n\n\n\n<p>Ti aiuter\u00e0 ad adattarti al nuovo software in breve tempo.<\/p>\n","protected":false},"excerpt":{"rendered":"<p>What is Hand2Note, and why it is so important to use modern software instead of outdated trackers<\/p>\n","protected":false},"author":1,"featured_media":0,"parent":0,"menu_order":1,"comment_status":"closed","ping_status":"closed","template":"","meta":{"footnotes":""},"class_list":["post-43","page","type-page","status-publish","hentry"],"translation":{"provider":"WPGlobus","version":"3.0.2","language":"it","enabled_languages":["en","ru","pt","zh","es","fr","de","it","ja"],"languages":{"en":{"title":true,"content":true,"excerpt":true},"ru":{"title":true,"content":true,"excerpt":true},"pt":{"title":true,"content":true,"excerpt":false},"zh":{"title":true,"content":true,"excerpt":true},"es":{"title":true,"content":true,"excerpt":false},"fr":{"title":true,"content":true,"excerpt":false},"de":{"title":true,"content":true,"excerpt":false},"it":{"title":true,"content":true,"excerpt":false},"ja":{"title":true,"content":true,"excerpt":false}}},"yoast_head":"<!-- This site is optimized with the Yoast SEO plugin v27.0 - https:\/\/yoast.com\/product\/yoast-seo-wordpress\/ -->\n<title>Perch\u00e9 Hand2Note \u00e8 migliore di Holdem Manager e Poker Tracker<\/title>\n<meta name=\"description\" content=\"Hand2Note \u00e8 pi\u00f9 veloce e offre una gamma pi\u00f9 ampia di funzionalit\u00e0. \u00c8 importante iniziare a utilizzare Hand2Note oggi, anche se stai giocando con successo con HM.\" \/>\n<meta name=\"robots\" content=\"index, follow, max-snippet:-1, max-image-preview:large, max-video-preview:-1\" \/>\n<link rel=\"canonical\" href=\"https:\/\/hand2noteguide.com\/why-hand2note\/\" \/>\n<meta property=\"og:locale\" content=\"it_IT\" \/>\n<meta property=\"og:type\" content=\"article\" \/>\n<meta property=\"og:title\" content=\"Perch\u00e9 Hand2Note \u00e8 migliore di Holdem Manager e Poker Tracker\" \/>\n<meta property=\"og:description\" content=\"Hand2Note \u00e8 pi\u00f9 veloce e offre una gamma pi\u00f9 ampia di funzionalit\u00e0. \u00c8 importante iniziare a utilizzare Hand2Note oggi, anche se stai giocando con successo con HM.\" \/>\n<meta property=\"og:url\" content=\"https:\/\/hand2noteguide.com\/why-hand2note\/\" \/>\n<meta property=\"og:site_name\" content=\"Hand2Note Guide\" \/>\n<meta property=\"article:modified_time\" content=\"2026-02-10T09:20:33+00:00\" \/>\n<meta property=\"og:image\" content=\"https:\/\/hand2noteguide.com\/wp-content\/uploads\/2020\/03\/why-hand2note.png\" \/>\n<meta name=\"twitter:card\" content=\"summary_large_image\" \/>\n<meta name=\"twitter:label1\" content=\"Est. reading time\" \/>\n\t<meta name=\"twitter:data1\" content=\"16 minutes\" \/>\n<!-- \/ Yoast SEO plugin. -->","yoast_head_json":{"title":"Perch\u00e9 Hand2Note \u00e8 migliore di Holdem Manager e Poker Tracker","description":"Hand2Note \u00e8 pi\u00f9 veloce e offre una gamma pi\u00f9 ampia di funzionalit\u00e0. \u00c8 importante iniziare a utilizzare Hand2Note oggi, anche se stai giocando con successo con HM.","robots":{"index":"index","follow":"follow","max-snippet":"max-snippet:-1","max-image-preview":"max-image-preview:large","max-video-preview":"max-video-preview:-1"},"canonical":"https:\/\/hand2noteguide.com\/why-hand2note\/","og_locale":"it_IT","og_type":"article","og_title":"Perch\u00e9 Hand2Note \u00e8 migliore di Holdem Manager e Poker Tracker","og_description":"Hand2Note \u00e8 pi\u00f9 veloce e offre una gamma pi\u00f9 ampia di funzionalit\u00e0. \u00c8 importante iniziare a utilizzare Hand2Note oggi, anche se stai giocando con successo con HM.","og_url":"https:\/\/hand2noteguide.com\/why-hand2note\/","og_site_name":"Hand2Note Guide","article_modified_time":"2026-02-10T09:20:33+00:00","og_image":[{"url":"https:\/\/hand2noteguide.com\/wp-content\/uploads\/2020\/03\/why-hand2note.png","type":"","width":"","height":""}],"twitter_card":"summary_large_image","twitter_misc":{"Est. reading time":"16 minutes"},"schema":{"@context":"https:\/\/schema.org","@graph":[]}},"jetpack_sharing_enabled":false,"_links":{"self":[{"href":"https:\/\/hand2noteguide.com\/it\/wp-json\/wp\/v2\/pages\/43","targetHints":{"allow":["GET"]}}],"collection":[{"href":"https:\/\/hand2noteguide.com\/it\/wp-json\/wp\/v2\/pages"}],"about":[{"href":"https:\/\/hand2noteguide.com\/it\/wp-json\/wp\/v2\/types\/page"}],"author":[{"embeddable":true,"href":"https:\/\/hand2noteguide.com\/it\/wp-json\/wp\/v2\/users\/1"}],"replies":[{"embeddable":true,"href":"https:\/\/hand2noteguide.com\/it\/wp-json\/wp\/v2\/comments?post=43"}],"version-history":[{"count":68,"href":"https:\/\/hand2noteguide.com\/it\/wp-json\/wp\/v2\/pages\/43\/revisions"}],"predecessor-version":[{"id":13564,"href":"https:\/\/hand2noteguide.com\/it\/wp-json\/wp\/v2\/pages\/43\/revisions\/13564"}],"wp:attachment":[{"href":"https:\/\/hand2noteguide.com\/it\/wp-json\/wp\/v2\/media?parent=43"}],"curies":[{"name":"wp","href":"https:\/\/api.w.org\/{rel}","templated":true}]}}