{"id":4666,"date":"2021-01-13T20:58:01","date_gmt":"2021-01-13T17:58:01","guid":{"rendered":"http:\/\/hand2noteguide.com\/?page_id=4666"},"modified":"2026-02-21T19:43:20","modified_gmt":"2026-02-21T16:43:20","slug":"pppoker-hud","status":"publish","type":"page","link":"https:\/\/hand2noteguide.com\/it\/pppoker-hud\/","title":{"rendered":"PPPoker HUD"},"content":{"rendered":"\n<h2 style=\"margin-top:14px\">Usa un PPPoker HUD veloce e affidabile con Hand2Note<\/h2>\n\n\n\n<p><strong>Hand2Note<\/strong> \u00e8 un tracker di poker di nuova generazione. Ti fornisce un <a href=\"https:\/\/hand2noteguide.com\/it\/poker\/poker-hud\/\">poker HUD<\/a> funzionale e popups per varie sale. L&#8217;app PPPoker \u00e8 anche supportata, quindi puoi usare tutta la potenza di Hand2Note per dominare i tuoi avversari ai tavoli.<\/p>\n\n\n<div class=\"wp-block-h2n-cta-button\" style=\"text-align: left;\"><a href=\"https:\/\/hand2noteguide.com\/it\/go\/hand2note\/\" class=\"btn btn-primary\" target=\"_blank\" rel=\"noopener noreferrer nofollow sponsored\">Scarica Hand2Note HUD per PPPoker<\/a><\/div>\n\n\n<p>Puoi giocare sia utilizzando l&#8217;applicazione Windows che tramite un emulatore Android. Hand2Note HUD funzioner\u00e0 comunque.<\/p>\n\n\n\n<p>Si prega di notare che Hand2Note \u00e8 un software molto ben ottimizzato. Sarai in grado di utilizzare l&#8217;HUD avanzato e i popups, ma senza sovraccaricare il tuo sistema. \u00c8 spesso rilevante per i giocatori di app asiatiche, poich\u00e9 il multi-tabling l\u00ec \u00e8 impegnativo per le risorse del computer.<\/p>\n\n\n\n<h2 class=\"wp-block-heading\">Hand2Note 4: Prestazioni HUD di Nuova Generazione<\/h2>\n\n\n\n<p><a href=\"https:\/\/hand2noteguide.com\/it\/hand2note-4-getting-started\/\">Hand2Note 4<\/a> \u00e8 stato ricostruito da zero con un&#8217;architettura moderna. Ecco perch\u00e9 \u00e8 importante per i giocatori di PPPoker:<\/p>\n\n\n\n<ul class=\"wp-block-list\">\n<li><strong>Prestazioni significativamente pi\u00f9 veloci.<\/strong> Hand2Note 4 sfrutta appieno i processori multi-core e la RAM, rendendo la visualizzazione dell&#8217;HUD e il caricamento dei popups notevolmente pi\u00f9 rapidi \u2014 anche durante il multi-tabling.<\/li>\n\n\n\n<li><strong>Database il 50% pi\u00f9 piccolo.<\/strong> Il tuo database di cronologia mani ora occupa la met\u00e0 dello spazio su disco rispetto alla versione precedente, con opzioni per ridurlo ulteriormente.<\/li>\n\n\n\n<li><strong>Ottimizzato per il multi-tabling.<\/strong> I giocatori di app asiatiche spesso giocano a molti tavoli contemporaneamente. Hand2Note 4 gestisce tutto questo con un carico di sistema minimo, in modo che il tuo emulatore o client PPPoker rimanga reattivo.<\/li>\n\n\n\n<li><strong>Interfaccia ridisegnata.<\/strong> Un&#8217;interfaccia pi\u00f9 pulita e intuitiva rende pi\u00f9 facile navigare nei report, configurare gli HUD e analizzare il proprio gioco.<\/li>\n<\/ul>\n\n\n\n<figure class=\"wp-block-image size-large\"><img decoding=\"async\" src=\"https:\/\/hand2noteguide.com\/wp-content\/uploads\/2026\/02\/hand2note-4-graph-1-scaled.png\" alt=\"Prestazioni di Hand2Note 4\" \/><figcaption class=\"wp-element-caption\">Interfaccia di Hand2Note 4<\/figcaption><\/figure>\n\n\n\n<h2 class=\"wp-block-heading\">Come iniziare?<\/h2>\n\n\n\n<p>Non sono richieste impostazioni. Basta eseguire Hand2Note insieme a qualsiasi numero di tavoli PPPoker. L&#8217;HUD apparir\u00e0 automaticamente su tutti. Quando esegui Hand2Note con le app asiatiche per la prima volta, verr\u00e0 attivata automaticamente una prova gratuita speciale di 14 giorni. Successivamente potrai selezionare un abbonamento appropriato e <a href=\"https:\/\/hand2noteguide.com\/it\/promo\/\">ottenerlo a un prezzo scontato<\/a>.<\/p>\n\n\n<div class=\"wp-block-h2n-alert h2n-alert h2n-alert--info\"><div class=\"h2n-alert__icon\" aria-hidden=\"true\"><svg width=\"22\" height=\"22\" viewBox=\"0 0 24 24\" fill=\"none\" stroke=\"currentColor\" stroke-width=\"2\" stroke-linecap=\"round\" stroke-linejoin=\"round\"><circle cx=\"12\" cy=\"12\" r=\"10\"\/><line x1=\"12\" y1=\"16\" x2=\"12\" y2=\"12\"\/><circle cx=\"12\" cy=\"8\" r=\"1\" fill=\"currentColor\" stroke=\"none\"\/><\/svg><\/div><div class=\"h2n-alert__content\">Se stai giocando tramite un emulatore Android, ti consigliamo di seguire le <a href=\"https:\/\/hand2noteguide.com\/it\/user-manual\/configuring-hand2note-to-play-in-applications-via-an-emulator-using-the-example-of-pokerbros\/\">istruzioni speciali di configurazione<\/a> per garantire prestazioni HUD fluide e ininterrotte.<\/div><\/div>\n\n\n<p>Si prega di notare che Hand2Note HUD funzioner\u00e0 anche se stai solo guardando il gioco.<\/p>\n\n\n\n<p>Se l&#8217;HUD non appare per qualche motivo, prova a seguire <a href=\"https:\/\/hand2noteguide.com\/it\/issues-resolving\/hud-not-showing\/\">i passaggi di risoluzione dei problemi<\/a>. Nel caso in cui il problema persista, contatta il <a href=\"https:\/\/hand2noteguide.com\/it\/hand2note-official-support\/\">supporto live chat<\/a>, ti aiuteranno a risolverlo rapidamente.<\/p>\n\n\n\n<h2 class=\"wp-block-heading\">Ok, vedo l&#8217;HUD! E adesso?<\/h2>\n\n\n\n<p>Ottimo, hai fatto il primo passo. Ora puoi iniziare a giocare ed esplorare le possibilit\u00e0 di Hand2Note. \u00c8 un software di poker davvero ricco, quindi ci sono alcuni primi passi che puoi fare:<\/p>\n\n\n\n<ol class=\"wp-block-list\">\n<li><a href=\"https:\/\/hand2noteguide.com\/it\/hand2note-hud\/\">Configura o scegli il miglior HUD per te<\/a>. Considera attentamente tutte le opzioni, tenendo presente le funzionalit\u00e0 avanzate di Hand2Note. Ricorda che l&#8217;HUD di H2N pu\u00f2 essere molto pi\u00f9 potente di altri tracker obsoleti come Holdem Manager.<\/li>\n\n\n\n<li><a href=\"https:\/\/hand2noteguide.com\/it\/video-course\/\">Segui il nostro corso video completo su Hand2Note<\/a>. Inizierai a utilizzare professionalmente tutte le funzionalit\u00e0 nel minor tempo possibile.<\/li>\n<\/ol>\n\n\n\n<h2 class=\"wp-block-heading\">Quali altre app asiatiche sono supportate?<\/h2>\n\n\n\n<p>Hand2Note supporta anche <a href=\"https:\/\/hand2noteguide.com\/it\/pokerbros-hud\/\">PokerBros<\/a> e molti <a href=\"https:\/\/hand2noteguide.com\/it\/asian\/\">altri siti popolari<\/a>.<\/p>\n","protected":false},"excerpt":{"rendered":"<p>Usa un PPPoker HUD veloce e affidabile con Hand2Note Hand2Note \u00e8 un tracker di poker di nuova generazione. Ti fornisce un poker HUD funzionale e popups per varie sale. L&#8217;app PPPoker \u00e8 anche supportata, quindi puoi usare tutta la potenza di Hand2Note per dominare i tuoi avversari ai tavoli. Puoi giocare sia utilizzando l&#8217;applicazione Windows &hellip; <a href=\"https:\/\/hand2noteguide.com\/it\/pppoker-hud\/\" class=\"more-link\">Continue reading <span class=\"screen-reader-text\">PPPoker HUD<\/span><\/a><\/p>\n","protected":false},"author":1,"featured_media":4711,"parent":0,"menu_order":0,"comment_status":"closed","ping_status":"closed","template":"","meta":{"footnotes":""},"class_list":["post-4666","page","type-page","status-publish","has-post-thumbnail","hentry"],"translation":{"provider":"WPGlobus","version":"3.0.2","language":"it","enabled_languages":["en","ru","pt","zh","es","fr","de","it","ja"],"languages":{"en":{"title":true,"content":true,"excerpt":false},"ru":{"title":true,"content":true,"excerpt":false},"pt":{"title":true,"content":true,"excerpt":false},"zh":{"title":true,"content":true,"excerpt":false},"es":{"title":true,"content":true,"excerpt":false},"fr":{"title":true,"content":true,"excerpt":false},"de":{"title":true,"content":true,"excerpt":false},"it":{"title":true,"content":true,"excerpt":false},"ja":{"title":true,"content":true,"excerpt":false}}},"yoast_head":"<!-- This site is optimized with the Yoast SEO plugin v27.0 - https:\/\/yoast.com\/product\/yoast-seo-wordpress\/ -->\n<title>PPPoker HUD veloce e affidabile - Guida Hand2Note<\/title>\n<meta name=\"description\" content=\"L&#039;HUD di Hand2Note per PPPoker \u00e8 moderno, fluido e preciso. Sono supportati sia l&#039;app Windows che l&#039;emulatore Android. Sconfiggi i tuoi avversari!\" \/>\n<meta name=\"robots\" content=\"index, follow, max-snippet:-1, max-image-preview:large, max-video-preview:-1\" \/>\n<link rel=\"canonical\" href=\"https:\/\/hand2noteguide.com\/zh\/pppoker-hud\/\" \/>\n<meta property=\"og:locale\" content=\"it_IT\" \/>\n<meta property=\"og:type\" content=\"article\" \/>\n<meta property=\"og:title\" content=\"PPPoker HUD veloce e affidabile - Guida Hand2Note\" \/>\n<meta property=\"og:description\" content=\"L&#039;HUD di Hand2Note per PPPoker \u00e8 moderno, fluido e preciso. Sono supportati sia l&#039;app Windows che l&#039;emulatore Android. Sconfiggi i tuoi avversari!\" \/>\n<meta property=\"og:url\" content=\"https:\/\/hand2noteguide.com\/zh\/pppoker-hud\/\" \/>\n<meta property=\"og:site_name\" content=\"Hand2Note Guide\" \/>\n<meta property=\"article:modified_time\" content=\"2026-02-21T16:43:20+00:00\" \/>\n<meta property=\"og:image\" content=\"https:\/\/hand2noteguide.com\/wp-content\/uploads\/2021\/01\/PPPoker-HUD.png\" \/>\n\t<meta property=\"og:image:width\" content=\"879\" \/>\n\t<meta property=\"og:image:height\" content=\"814\" \/>\n\t<meta property=\"og:image:type\" content=\"image\/png\" \/>\n<meta name=\"twitter:card\" content=\"summary_large_image\" \/>\n<meta name=\"twitter:label1\" content=\"Est. reading time\" \/>\n\t<meta name=\"twitter:data1\" content=\"2 minutes\" \/>\n<!-- \/ Yoast SEO plugin. -->","yoast_head_json":{"title":"PPPoker HUD veloce e affidabile - Guida Hand2Note","description":"L'HUD di Hand2Note per PPPoker \u00e8 moderno, fluido e preciso. Sono supportati sia l'app Windows che l'emulatore Android. Sconfiggi i tuoi avversari!","robots":{"index":"index","follow":"follow","max-snippet":"max-snippet:-1","max-image-preview":"max-image-preview:large","max-video-preview":"max-video-preview:-1"},"canonical":"https:\/\/hand2noteguide.com\/zh\/pppoker-hud\/","og_locale":"it_IT","og_type":"article","og_title":"PPPoker HUD veloce e affidabile - Guida Hand2Note","og_description":"L'HUD di Hand2Note per PPPoker \u00e8 moderno, fluido e preciso. Sono supportati sia l'app Windows che l'emulatore Android. Sconfiggi i tuoi avversari!","og_url":"https:\/\/hand2noteguide.com\/zh\/pppoker-hud\/","og_site_name":"Hand2Note Guide","article_modified_time":"2026-02-21T16:43:20+00:00","og_image":[{"width":879,"height":814,"url":"https:\/\/hand2noteguide.com\/wp-content\/uploads\/2021\/01\/PPPoker-HUD.png","type":"image\/png"}],"twitter_card":"summary_large_image","twitter_misc":{"Est. reading time":"2 minutes"},"schema":{"@context":"https:\/\/schema.org","@graph":[]}},"jetpack_sharing_enabled":true,"_links":{"self":[{"href":"https:\/\/hand2noteguide.com\/it\/wp-json\/wp\/v2\/pages\/4666","targetHints":{"allow":["GET"]}}],"collection":[{"href":"https:\/\/hand2noteguide.com\/it\/wp-json\/wp\/v2\/pages"}],"about":[{"href":"https:\/\/hand2noteguide.com\/it\/wp-json\/wp\/v2\/types\/page"}],"author":[{"embeddable":true,"href":"https:\/\/hand2noteguide.com\/it\/wp-json\/wp\/v2\/users\/1"}],"replies":[{"embeddable":true,"href":"https:\/\/hand2noteguide.com\/it\/wp-json\/wp\/v2\/comments?post=4666"}],"version-history":[{"count":35,"href":"https:\/\/hand2noteguide.com\/it\/wp-json\/wp\/v2\/pages\/4666\/revisions"}],"predecessor-version":[{"id":15252,"href":"https:\/\/hand2noteguide.com\/it\/wp-json\/wp\/v2\/pages\/4666\/revisions\/15252"}],"wp:featuredmedia":[{"embeddable":true,"href":"https:\/\/hand2noteguide.com\/it\/wp-json\/wp\/v2\/media\/4711"}],"wp:attachment":[{"href":"https:\/\/hand2noteguide.com\/it\/wp-json\/wp\/v2\/media?parent=4666"}],"curies":[{"name":"wp","href":"https:\/\/api.w.org\/{rel}","templated":true}]}}