{"id":5238,"date":"2021-08-13T21:40:09","date_gmt":"2021-08-13T18:40:09","guid":{"rendered":"http:\/\/hand2noteguide.com\/?page_id=5238"},"modified":"2025-06-04T22:44:53","modified_gmt":"2025-06-04T19:44:53","slug":"essential-one-for-spins","status":"publish","type":"page","link":"https:\/\/hand2noteguide.com\/it\/hud-store\/essential-one-for-spins\/","title":{"rendered":"Essential One per Spins"},"content":{"rendered":"\r\n<p>Con tutte le funzionalit\u00e0 avanzate disponibili solo in Hand2Note, abbiamo avuto l&#8217;opportunit\u00e0 di creare uno degli Spin&amp;Go Hud pi\u00f9 dettagliati sul mercato. Essential One \u00e8 un Hud dinamico che riconosce la tua posizione e mostra solo le statistiche rilevanti per lo scenario attuale. Anche se \u00e8 dettagliato, abbiamo trascorso mesi a ottimizzare la struttura dei pannelli rendendolo facile da usare durante il gioco.<\/p>\r\n\r\n\r\n\r\n<p>Essential One include anche un layout ottimizzato per PokerStars. \u00c8 ancora potente anche con le forti restrizioni Hud sul sito grazie alla possibilit\u00e0 di un rapido cambio di layout Hud basato su tasti di scelta rapida.<\/p>\r\n\r\n\r\n\r\n<div style=\"margin-bottom:10px\">\r\n        \r\n        \r\n            \r\n            \r\n            \r\n            \r\n            \r\n            \r\n            \r\n            \r\n            \r\n\r\n            <a class=\"button\" href=\"https:\/\/store.hand2noteguide.com\/checkout\/?add-to-cart=95\" style=\"margin-left:0 !important;background-color:#26a95e;border-radius:15px;margin-left:6px;color:#fff\" rel=\"noopener noreferrer\">ACQUISTA PER $299<\/a> <span class=\"store-license-info\">(Licenza a vita illimitata)<\/span>\r\n\r\n         \r\n    <\/div>\r\n\r\n\r\n<div class=\"responsive-tabs\">\n<h2 class=\"tabtitle\">3-max BTN<\/h2>\n<div class=\"tabcontent\">\n\n\r\n\r\n\r\n<p style=\"font-size:16px\">Il layout a 3 giocatori \u00e8 ottimizzato per ogni possibile scenario e posizione. Il layout cambia dinamicamente ad ogni mano, mostrando solo i pannelli rilevanti per la tua situazione attuale. Anche le dimensioni degli stack effettivi vengono riconosciute e filtrate automaticamente. Queste caratteristiche aiutano a mantenere la concentrazione solo sulle statistiche pi\u00f9 rilevanti per la situazione data.<\/p>\r\n\r\n\r\n\r\n<figure class=\"wp-block-image size-large\"><img loading=\"lazy\" decoding=\"async\" width=\"899\" height=\"550\" src=\"http:\/\/hand2noteguide.com\/wp-content\/uploads\/2020\/09\/eo_h2n_3h_btn.png\" alt=\"\" class=\"wp-image-3975\" srcset=\"https:\/\/hand2noteguide.com\/wp-content\/uploads\/2020\/09\/eo_h2n_3h_btn.png 899w, https:\/\/hand2noteguide.com\/wp-content\/uploads\/2020\/09\/eo_h2n_3h_btn-300x184.png 300w, https:\/\/hand2noteguide.com\/wp-content\/uploads\/2020\/09\/eo_h2n_3h_btn-768x470.png 768w, https:\/\/hand2noteguide.com\/wp-content\/uploads\/2020\/09\/eo_h2n_3h_btn-772x472.png 772w, https:\/\/hand2noteguide.com\/wp-content\/uploads\/2020\/09\/eo_h2n_3h_btn-624x382.png 624w\" sizes=\"auto, (max-width: 899px) 100vw, 899px\" \/><\/figure>\r\n\r\n\r\n\r\n<figure class=\"wp-block-image size-large\"><img loading=\"lazy\" decoding=\"async\" width=\"1024\" height=\"690\" src=\"http:\/\/hand2noteguide.com\/wp-content\/uploads\/2020\/09\/eo-3h-btn-1-1024x690.png\" alt=\"\" class=\"wp-image-3986\" srcset=\"https:\/\/hand2noteguide.com\/wp-content\/uploads\/2020\/09\/eo-3h-btn-1-1024x690.png 1024w, https:\/\/hand2noteguide.com\/wp-content\/uploads\/2020\/09\/eo-3h-btn-1-300x202.png 300w, https:\/\/hand2noteguide.com\/wp-content\/uploads\/2020\/09\/eo-3h-btn-1-768x518.png 768w, https:\/\/hand2noteguide.com\/wp-content\/uploads\/2020\/09\/eo-3h-btn-1-772x520.png 772w, https:\/\/hand2noteguide.com\/wp-content\/uploads\/2020\/09\/eo-3h-btn-1-624x421.png 624w, https:\/\/hand2noteguide.com\/wp-content\/uploads\/2020\/09\/eo-3h-btn-1.png 1184w\" sizes=\"auto, (max-width: 1024px) 100vw, 1024px\" \/><\/figure>\r\n\r\n\r\n\r\n<figure class=\"wp-block-image size-large\"><img loading=\"lazy\" decoding=\"async\" width=\"825\" height=\"590\" src=\"http:\/\/hand2noteguide.com\/wp-content\/uploads\/2020\/09\/eo-3h-btn-2.png\" alt=\"\" class=\"wp-image-3987\" srcset=\"https:\/\/hand2noteguide.com\/wp-content\/uploads\/2020\/09\/eo-3h-btn-2.png 825w, https:\/\/hand2noteguide.com\/wp-content\/uploads\/2020\/09\/eo-3h-btn-2-300x215.png 300w, https:\/\/hand2noteguide.com\/wp-content\/uploads\/2020\/09\/eo-3h-btn-2-768x549.png 768w, https:\/\/hand2noteguide.com\/wp-content\/uploads\/2020\/09\/eo-3h-btn-2-772x552.png 772w, https:\/\/hand2noteguide.com\/wp-content\/uploads\/2020\/09\/eo-3h-btn-2-624x446.png 624w\" sizes=\"auto, (max-width: 825px) 100vw, 825px\" \/><\/figure>\r\n\r\n\r\n\r\n<figure class=\"wp-block-image size-large\"><img loading=\"lazy\" decoding=\"async\" width=\"1024\" height=\"655\" src=\"http:\/\/hand2noteguide.com\/wp-content\/uploads\/2020\/09\/eo-3h-btn-3-1024x655.png\" alt=\"\" class=\"wp-image-3988\" srcset=\"https:\/\/hand2noteguide.com\/wp-content\/uploads\/2020\/09\/eo-3h-btn-3-1024x655.png 1024w, https:\/\/hand2noteguide.com\/wp-content\/uploads\/2020\/09\/eo-3h-btn-3-300x192.png 300w, https:\/\/hand2noteguide.com\/wp-content\/uploads\/2020\/09\/eo-3h-btn-3-768x491.png 768w, https:\/\/hand2noteguide.com\/wp-content\/uploads\/2020\/09\/eo-3h-btn-3-772x494.png 772w, https:\/\/hand2noteguide.com\/wp-content\/uploads\/2020\/09\/eo-3h-btn-3-624x399.png 624w, https:\/\/hand2noteguide.com\/wp-content\/uploads\/2020\/09\/eo-3h-btn-3.png 1170w\" sizes=\"auto, (max-width: 1024px) 100vw, 1024px\" \/><\/figure>\r\n\r\n\r\n\n<\/div><h2 class=\"tabtitle\">3-max SB<\/h2>\n<div class=\"tabcontent\">\n\n\r\n\r\n\r\n<figure class=\"wp-block-image size-large\"><img loading=\"lazy\" decoding=\"async\" width=\"899\" height=\"550\" src=\"http:\/\/hand2noteguide.com\/wp-content\/uploads\/2020\/09\/eo_h2n_3h_sb.png\" alt=\"\" class=\"wp-image-3976\" srcset=\"https:\/\/hand2noteguide.com\/wp-content\/uploads\/2020\/09\/eo_h2n_3h_sb.png 899w, https:\/\/hand2noteguide.com\/wp-content\/uploads\/2020\/09\/eo_h2n_3h_sb-300x184.png 300w, https:\/\/hand2noteguide.com\/wp-content\/uploads\/2020\/09\/eo_h2n_3h_sb-768x470.png 768w, https:\/\/hand2noteguide.com\/wp-content\/uploads\/2020\/09\/eo_h2n_3h_sb-772x472.png 772w, https:\/\/hand2noteguide.com\/wp-content\/uploads\/2020\/09\/eo_h2n_3h_sb-624x382.png 624w\" sizes=\"auto, (max-width: 899px) 100vw, 899px\" \/><\/figure>\r\n\r\n\r\n\r\n<figure class=\"wp-block-image size-large\"><img loading=\"lazy\" decoding=\"async\" width=\"1024\" height=\"605\" src=\"http:\/\/hand2noteguide.com\/wp-content\/uploads\/2020\/09\/eo-3h-sb-1-1024x605.png\" alt=\"\" class=\"wp-image-3991\" srcset=\"https:\/\/hand2noteguide.com\/wp-content\/uploads\/2020\/09\/eo-3h-sb-1-1024x605.png 1024w, https:\/\/hand2noteguide.com\/wp-content\/uploads\/2020\/09\/eo-3h-sb-1-300x177.png 300w, https:\/\/hand2noteguide.com\/wp-content\/uploads\/2020\/09\/eo-3h-sb-1-768x454.png 768w, https:\/\/hand2noteguide.com\/wp-content\/uploads\/2020\/09\/eo-3h-sb-1-772x456.png 772w, https:\/\/hand2noteguide.com\/wp-content\/uploads\/2020\/09\/eo-3h-sb-1-624x369.png 624w, https:\/\/hand2noteguide.com\/wp-content\/uploads\/2020\/09\/eo-3h-sb-1.png 1324w\" sizes=\"auto, (max-width: 1024px) 100vw, 1024px\" \/><\/figure>\r\n\r\n\r\n\r\n<figure class=\"wp-block-image size-large\"><img loading=\"lazy\" decoding=\"async\" width=\"1024\" height=\"612\" src=\"http:\/\/hand2noteguide.com\/wp-content\/uploads\/2020\/09\/eo-3h-sb-2-1024x612.png\" alt=\"\" class=\"wp-image-3992\" srcset=\"https:\/\/hand2noteguide.com\/wp-content\/uploads\/2020\/09\/eo-3h-sb-2-1024x612.png 1024w, https:\/\/hand2noteguide.com\/wp-content\/uploads\/2020\/09\/eo-3h-sb-2-300x179.png 300w, https:\/\/hand2noteguide.com\/wp-content\/uploads\/2020\/09\/eo-3h-sb-2-768x459.png 768w, https:\/\/hand2noteguide.com\/wp-content\/uploads\/2020\/09\/eo-3h-sb-2-772x461.png 772w, https:\/\/hand2noteguide.com\/wp-content\/uploads\/2020\/09\/eo-3h-sb-2-624x373.png 624w, https:\/\/hand2noteguide.com\/wp-content\/uploads\/2020\/09\/eo-3h-sb-2.png 1382w\" sizes=\"auto, (max-width: 1024px) 100vw, 1024px\" \/><\/figure>\r\n\r\n\r\n\r\n<figure class=\"wp-block-image size-large\"><img loading=\"lazy\" decoding=\"async\" width=\"1024\" height=\"486\" src=\"http:\/\/hand2noteguide.com\/wp-content\/uploads\/2020\/09\/eo-3h-sb-3-1024x486.png\" alt=\"\" class=\"wp-image-3993\" srcset=\"https:\/\/hand2noteguide.com\/wp-content\/uploads\/2020\/09\/eo-3h-sb-3-1024x486.png 1024w, https:\/\/hand2noteguide.com\/wp-content\/uploads\/2020\/09\/eo-3h-sb-3-300x142.png 300w, https:\/\/hand2noteguide.com\/wp-content\/uploads\/2020\/09\/eo-3h-sb-3-768x364.png 768w, https:\/\/hand2noteguide.com\/wp-content\/uploads\/2020\/09\/eo-3h-sb-3-772x366.png 772w, https:\/\/hand2noteguide.com\/wp-content\/uploads\/2020\/09\/eo-3h-sb-3-624x296.png 624w, https:\/\/hand2noteguide.com\/wp-content\/uploads\/2020\/09\/eo-3h-sb-3.png 1309w\" sizes=\"auto, (max-width: 1024px) 100vw, 1024px\" \/><\/figure>\r\n\r\n\r\n\n<\/div><h2 class=\"tabtitle\">3-max BB<\/h2>\n<div class=\"tabcontent\">\n\n\r\n\r\n\r\n<figure class=\"wp-block-image size-large\"><img loading=\"lazy\" decoding=\"async\" width=\"899\" height=\"550\" src=\"http:\/\/hand2noteguide.com\/wp-content\/uploads\/2020\/09\/eo_h2n_3h_bb.png\" alt=\"\" class=\"wp-image-3974\" srcset=\"https:\/\/hand2noteguide.com\/wp-content\/uploads\/2020\/09\/eo_h2n_3h_bb.png 899w, https:\/\/hand2noteguide.com\/wp-content\/uploads\/2020\/09\/eo_h2n_3h_bb-300x184.png 300w, https:\/\/hand2noteguide.com\/wp-content\/uploads\/2020\/09\/eo_h2n_3h_bb-768x470.png 768w, https:\/\/hand2noteguide.com\/wp-content\/uploads\/2020\/09\/eo_h2n_3h_bb-772x472.png 772w, https:\/\/hand2noteguide.com\/wp-content\/uploads\/2020\/09\/eo_h2n_3h_bb-624x382.png 624w\" sizes=\"auto, (max-width: 899px) 100vw, 899px\" \/><\/figure>\r\n\r\n\r\n\r\n<figure class=\"wp-block-image size-large\"><img loading=\"lazy\" decoding=\"async\" width=\"1024\" height=\"668\" src=\"http:\/\/hand2noteguide.com\/wp-content\/uploads\/2020\/09\/eo-3h-bb-1-1024x668.png\" alt=\"\" class=\"wp-image-3995\" srcset=\"https:\/\/hand2noteguide.com\/wp-content\/uploads\/2020\/09\/eo-3h-bb-1-1024x668.png 1024w, https:\/\/hand2noteguide.com\/wp-content\/uploads\/2020\/09\/eo-3h-bb-1-300x196.png 300w, https:\/\/hand2noteguide.com\/wp-content\/uploads\/2020\/09\/eo-3h-bb-1-768x501.png 768w, https:\/\/hand2noteguide.com\/wp-content\/uploads\/2020\/09\/eo-3h-bb-1-772x504.png 772w, https:\/\/hand2noteguide.com\/wp-content\/uploads\/2020\/09\/eo-3h-bb-1-624x407.png 624w, https:\/\/hand2noteguide.com\/wp-content\/uploads\/2020\/09\/eo-3h-bb-1.png 1194w\" sizes=\"auto, (max-width: 1024px) 100vw, 1024px\" \/><\/figure>\r\n\r\n\r\n\r\n<figure class=\"wp-block-image size-large\"><img loading=\"lazy\" decoding=\"async\" width=\"1024\" height=\"613\" src=\"http:\/\/hand2noteguide.com\/wp-content\/uploads\/2020\/09\/eo-3h-bb-2-1024x613.png\" alt=\"\" class=\"wp-image-3996\" srcset=\"https:\/\/hand2noteguide.com\/wp-content\/uploads\/2020\/09\/eo-3h-bb-2-1024x613.png 1024w, https:\/\/hand2noteguide.com\/wp-content\/uploads\/2020\/09\/eo-3h-bb-2-300x180.png 300w, https:\/\/hand2noteguide.com\/wp-content\/uploads\/2020\/09\/eo-3h-bb-2-768x460.png 768w, https:\/\/hand2noteguide.com\/wp-content\/uploads\/2020\/09\/eo-3h-bb-2-772x462.png 772w, https:\/\/hand2noteguide.com\/wp-content\/uploads\/2020\/09\/eo-3h-bb-2-624x374.png 624w, https:\/\/hand2noteguide.com\/wp-content\/uploads\/2020\/09\/eo-3h-bb-2.png 1174w\" sizes=\"auto, (max-width: 1024px) 100vw, 1024px\" \/><\/figure>\r\n\r\n\r\n\n<\/div><h2 class=\"tabtitle\">2-max<\/h2>\n<div class=\"tabcontent\">\n\n\r\n\r\n\r\n<p style=\"font-size:16px\">Il layout a 2 giocatori \u00e8 un potente HUD heads-up con statistiche preflop espanse e pannelli postflop ricchi. Il cambio Hud \u00e8 automatico anche su PokerStars, quindi non devi preoccuparti dei fastidiosi problemi tecnici.<\/p>\r\n\r\n\r\n\r\n<figure class=\"wp-block-image size-large\"><img loading=\"lazy\" decoding=\"async\" width=\"897\" height=\"642\" src=\"http:\/\/hand2noteguide.com\/wp-content\/uploads\/2020\/09\/eo_h2n_2h.png\" alt=\"\" class=\"wp-image-3973\" srcset=\"https:\/\/hand2noteguide.com\/wp-content\/uploads\/2020\/09\/eo_h2n_2h.png 897w, https:\/\/hand2noteguide.com\/wp-content\/uploads\/2020\/09\/eo_h2n_2h-300x215.png 300w, https:\/\/hand2noteguide.com\/wp-content\/uploads\/2020\/09\/eo_h2n_2h-768x550.png 768w, https:\/\/hand2noteguide.com\/wp-content\/uploads\/2020\/09\/eo_h2n_2h-772x553.png 772w, https:\/\/hand2noteguide.com\/wp-content\/uploads\/2020\/09\/eo_h2n_2h-624x447.png 624w\" sizes=\"auto, (max-width: 897px) 100vw, 897px\" \/><\/figure>\r\n\r\n\r\n\r\n<p style=\"font-size:16px\">I pannelli preflop includono stack effettivi pi\u00f9 dettagliati e le statistiche sono colorate in base al GTO. I pannelli postflop includono statistiche secondarie, come barrel e fold alla strada successiva per evitare l&#8217;uso non necessario dei popups. I pannelli rivoluzionari vsVillain mostrano le statistiche a vita dell&#8217;eroe contro l&#8217;avversario attuale. Questo aiuta a tracciare come l&#8217;eroe ha giocato contro l&#8217;attuale nemico nei giochi precedenti e cosa potrebbe pensare di lui il nemico.&nbsp;<\/p>\r\n\r\n\r\n\r\n<figure class=\"wp-block-image size-large\"><img loading=\"lazy\" decoding=\"async\" width=\"1024\" height=\"721\" src=\"http:\/\/hand2noteguide.com\/wp-content\/uploads\/2020\/09\/eo-2h-1-1024x721.png\" alt=\"\" class=\"wp-image-3997\" srcset=\"https:\/\/hand2noteguide.com\/wp-content\/uploads\/2020\/09\/eo-2h-1-1024x721.png 1024w, https:\/\/hand2noteguide.com\/wp-content\/uploads\/2020\/09\/eo-2h-1-300x211.png 300w, https:\/\/hand2noteguide.com\/wp-content\/uploads\/2020\/09\/eo-2h-1-768x541.png 768w, https:\/\/hand2noteguide.com\/wp-content\/uploads\/2020\/09\/eo-2h-1-772x544.png 772w, https:\/\/hand2noteguide.com\/wp-content\/uploads\/2020\/09\/eo-2h-1-624x440.png 624w, https:\/\/hand2noteguide.com\/wp-content\/uploads\/2020\/09\/eo-2h-1.png 1174w\" sizes=\"auto, (max-width: 1024px) 100vw, 1024px\" \/><\/figure>\r\n\r\n\r\n\r\n<figure class=\"wp-block-image size-large\"><img loading=\"lazy\" decoding=\"async\" width=\"1024\" height=\"442\" src=\"http:\/\/hand2noteguide.com\/wp-content\/uploads\/2020\/09\/eo-2h-2-1024x442.png\" alt=\"\" class=\"wp-image-3998\" srcset=\"https:\/\/hand2noteguide.com\/wp-content\/uploads\/2020\/09\/eo-2h-2-1024x442.png 1024w, https:\/\/hand2noteguide.com\/wp-content\/uploads\/2020\/09\/eo-2h-2-300x129.png 300w, https:\/\/hand2noteguide.com\/wp-content\/uploads\/2020\/09\/eo-2h-2-768x331.png 768w, https:\/\/hand2noteguide.com\/wp-content\/uploads\/2020\/09\/eo-2h-2-772x333.png 772w, https:\/\/hand2noteguide.com\/wp-content\/uploads\/2020\/09\/eo-2h-2-624x269.png 624w, https:\/\/hand2noteguide.com\/wp-content\/uploads\/2020\/09\/eo-2h-2.png 1168w\" sizes=\"auto, (max-width: 1024px) 100vw, 1024px\" \/><\/figure>\r\n\r\n\r\n\r\n<figure class=\"wp-block-image size-large\"><img loading=\"lazy\" decoding=\"async\" width=\"1024\" height=\"794\" src=\"http:\/\/hand2noteguide.com\/wp-content\/uploads\/2020\/09\/eo-2h-3-1024x794.png\" alt=\"\" class=\"wp-image-3999\" srcset=\"https:\/\/hand2noteguide.com\/wp-content\/uploads\/2020\/09\/eo-2h-3-1024x794.png 1024w, https:\/\/hand2noteguide.com\/wp-content\/uploads\/2020\/09\/eo-2h-3-300x233.png 300w, https:\/\/hand2noteguide.com\/wp-content\/uploads\/2020\/09\/eo-2h-3-768x596.png 768w, https:\/\/hand2noteguide.com\/wp-content\/uploads\/2020\/09\/eo-2h-3-772x599.png 772w, https:\/\/hand2noteguide.com\/wp-content\/uploads\/2020\/09\/eo-2h-3-624x484.png 624w, https:\/\/hand2noteguide.com\/wp-content\/uploads\/2020\/09\/eo-2h-3.png 1159w\" sizes=\"auto, (max-width: 1024px) 100vw, 1024px\" \/><\/figure>\r\n\r\n\r\n\r\n<figure class=\"wp-block-image size-large\"><img loading=\"lazy\" decoding=\"async\" width=\"1024\" height=\"456\" src=\"http:\/\/hand2noteguide.com\/wp-content\/uploads\/2020\/09\/eo-2h-4-1024x456.png\" alt=\"\" class=\"wp-image-4000\" srcset=\"https:\/\/hand2noteguide.com\/wp-content\/uploads\/2020\/09\/eo-2h-4-1024x456.png 1024w, https:\/\/hand2noteguide.com\/wp-content\/uploads\/2020\/09\/eo-2h-4-300x134.png 300w, https:\/\/hand2noteguide.com\/wp-content\/uploads\/2020\/09\/eo-2h-4-768x342.png 768w, https:\/\/hand2noteguide.com\/wp-content\/uploads\/2020\/09\/eo-2h-4-772x344.png 772w, https:\/\/hand2noteguide.com\/wp-content\/uploads\/2020\/09\/eo-2h-4-624x278.png 624w, https:\/\/hand2noteguide.com\/wp-content\/uploads\/2020\/09\/eo-2h-4.png 1148w\" sizes=\"auto, (max-width: 1024px) 100vw, 1024px\" \/><\/figure>\r\n\r\n\r\n\n<\/div><h2 class=\"tabtitle\">PokerStars Layout<\/h2>\n<div class=\"tabcontent\">\n\n\r\n\r\n\r\n<p style=\"font-size:16px\">A causa delle forti restrizioni Hud su PokerStars, l&#8217;Hud viene fornito con un layout compatibile con tutte le regole di PokerStars. \u00c8 ancora un hud dettagliato a 3 giocatori che copre la grande maggioranza delle situazioni.<\/p>\r\n\r\n\r\n\r\n<figure class=\"wp-block-image size-large\"><img loading=\"lazy\" decoding=\"async\" width=\"897\" height=\"551\" src=\"http:\/\/hand2noteguide.com\/wp-content\/uploads\/2020\/09\/eo_h2n_ps.png\" alt=\"\" class=\"wp-image-3977\" srcset=\"https:\/\/hand2noteguide.com\/wp-content\/uploads\/2020\/09\/eo_h2n_ps.png 897w, https:\/\/hand2noteguide.com\/wp-content\/uploads\/2020\/09\/eo_h2n_ps-300x184.png 300w, https:\/\/hand2noteguide.com\/wp-content\/uploads\/2020\/09\/eo_h2n_ps-768x472.png 768w, https:\/\/hand2noteguide.com\/wp-content\/uploads\/2020\/09\/eo_h2n_ps-772x474.png 772w, https:\/\/hand2noteguide.com\/wp-content\/uploads\/2020\/09\/eo_h2n_ps-624x383.png 624w\" sizes=\"auto, (max-width: 897px) 100vw, 897px\" \/><\/figure>\r\n\r\n\r\n\r\n<p style=\"font-size:16px\">Per rispettare pienamente le nuove regole di PokerStars vengono utilizzati solo due layout in questa versione: uno per 3 giocatori e un altro per 2 giocatori. Il cambio Hud avviene automaticamente quando si raggiunge l&#8217;heads-up, quindi non devi preoccuparti di script o app di terze parti. Puoi anche configurare un tasto di scelta rapida per accedere alla versione avanzata dell&#8217;Hud per la mano corrente, cos\u00ec hai ancora la possibilit\u00e0 di cercare qualsiasi statistica avanzata.<\/p>\r\n\r\n\r\n\n<\/div><h2 class=\"tabtitle\">Popups<\/h2>\n<div class=\"tabcontent\">\n\n\r\n\r\n\r\n<p style=\"font-size:16px\">Un popup \u00e8 collegato a ogni statistica per visualizzare in profondit\u00e0 cosa sta succedendo dietro i numeri grezzi. Troverai le seguenti informazioni aggiuntive su una statistica: dimensioni delle puntate, texture del board, forza della mano, statistiche vsHero, azioni del giocatore successivo e showdown.<\/p>\r\n\r\n\r\n\r\n\r\n\r\n\r\n<\/div><\/div>\n","protected":false},"excerpt":{"rendered":"<p>Con tutte le funzionalit\u00e0 avanzate disponibili solo in Hand2Note, abbiamo avuto l&#8217;opportunit\u00e0 di creare uno degli Spin&amp;Go Hud pi\u00f9 dettagliati sul mercato. Essential One \u00e8 un Hud dinamico che riconosce la tua posizione e mostra solo le statistiche rilevanti per lo scenario attuale. Anche se \u00e8 dettagliato, abbiamo trascorso mesi a ottimizzare la struttura dei &hellip; <a href=\"https:\/\/hand2noteguide.com\/it\/hud-store\/essential-one-for-spins\/\" class=\"more-link\">Continue reading <span class=\"screen-reader-text\">Essential One per Spins<\/span><\/a><\/p>\n","protected":false},"author":1,"featured_media":0,"parent":4640,"menu_order":0,"comment_status":"closed","ping_status":"closed","template":"page-templates\/full-width-page.php","meta":{"footnotes":""},"class_list":["post-5238","page","type-page","status-publish","hentry"],"translation":{"provider":"WPGlobus","version":"3.0.2","language":"it","enabled_languages":["en","ru","pt","zh","es","fr","de","it","ja"],"languages":{"en":{"title":true,"content":true,"excerpt":false},"ru":{"title":true,"content":false,"excerpt":false},"pt":{"title":true,"content":true,"excerpt":false},"zh":{"title":true,"content":true,"excerpt":false},"es":{"title":true,"content":true,"excerpt":false},"fr":{"title":true,"content":true,"excerpt":false},"de":{"title":true,"content":true,"excerpt":false},"it":{"title":true,"content":true,"excerpt":false},"ja":{"title":true,"content":true,"excerpt":false}}},"yoast_head":"<!-- This site is optimized with the Yoast SEO plugin v27.0 - https:\/\/yoast.com\/product\/yoast-seo-wordpress\/ -->\n<title>Essential One per Spins \u2013 Hand2Note Poker HUD Store<\/title>\n<meta name=\"description\" content=\"Scopri Essential One per Spins, un HUD poker dinamico e dettagliato per i giochi Spin&amp;Go, ottimizzato per PokerStars con funzionalit\u00e0 avanzate e facilit\u00e0 d&#039;uso.\" \/>\n<meta name=\"robots\" content=\"index, follow, max-snippet:-1, max-image-preview:large, max-video-preview:-1\" \/>\n<link rel=\"canonical\" href=\"https:\/\/hand2noteguide.com\/hud-store\/essential-one-for-spins\/\" \/>\n<meta property=\"og:locale\" content=\"it_IT\" \/>\n<meta property=\"og:type\" content=\"article\" \/>\n<meta property=\"og:title\" content=\"Essential One per Spins \u2013 Hand2Note Poker HUD Store\" \/>\n<meta property=\"og:description\" content=\"Scopri Essential One per Spins, un HUD poker dinamico e dettagliato per i giochi Spin&amp;Go, ottimizzato per PokerStars con funzionalit\u00e0 avanzate e facilit\u00e0 d&#039;uso.\" \/>\n<meta property=\"og:url\" content=\"https:\/\/hand2noteguide.com\/hud-store\/essential-one-for-spins\/\" \/>\n<meta property=\"og:site_name\" content=\"Hand2Note Guide\" \/>\n<meta property=\"article:modified_time\" content=\"2025-06-04T19:44:53+00:00\" \/>\n<meta property=\"og:image\" content=\"http:\/\/hand2noteguide.com\/wp-content\/uploads\/2020\/09\/eo_h2n_3h_btn.png\" \/>\n<meta name=\"twitter:card\" content=\"summary_large_image\" \/>\n<meta name=\"twitter:label1\" content=\"Est. reading time\" \/>\n\t<meta name=\"twitter:data1\" content=\"15 minutes\" \/>\n<!-- \/ Yoast SEO plugin. -->","yoast_head_json":{"title":"Essential One per Spins \u2013 Hand2Note Poker HUD Store","description":"Scopri Essential One per Spins, un HUD poker dinamico e dettagliato per i giochi Spin&Go, ottimizzato per PokerStars con funzionalit\u00e0 avanzate e facilit\u00e0 d'uso.","robots":{"index":"index","follow":"follow","max-snippet":"max-snippet:-1","max-image-preview":"max-image-preview:large","max-video-preview":"max-video-preview:-1"},"canonical":"https:\/\/hand2noteguide.com\/hud-store\/essential-one-for-spins\/","og_locale":"it_IT","og_type":"article","og_title":"Essential One per Spins \u2013 Hand2Note Poker HUD Store","og_description":"Scopri Essential One per Spins, un HUD poker dinamico e dettagliato per i giochi Spin&Go, ottimizzato per PokerStars con funzionalit\u00e0 avanzate e facilit\u00e0 d'uso.","og_url":"https:\/\/hand2noteguide.com\/hud-store\/essential-one-for-spins\/","og_site_name":"Hand2Note Guide","article_modified_time":"2025-06-04T19:44:53+00:00","og_image":[{"url":"http:\/\/hand2noteguide.com\/wp-content\/uploads\/2020\/09\/eo_h2n_3h_btn.png","type":"","width":"","height":""}],"twitter_card":"summary_large_image","twitter_misc":{"Est. reading time":"15 minutes"},"schema":{"@context":"https:\/\/schema.org","@graph":[]}},"jetpack_sharing_enabled":true,"_links":{"self":[{"href":"https:\/\/hand2noteguide.com\/it\/wp-json\/wp\/v2\/pages\/5238","targetHints":{"allow":["GET"]}}],"collection":[{"href":"https:\/\/hand2noteguide.com\/it\/wp-json\/wp\/v2\/pages"}],"about":[{"href":"https:\/\/hand2noteguide.com\/it\/wp-json\/wp\/v2\/types\/page"}],"author":[{"embeddable":true,"href":"https:\/\/hand2noteguide.com\/it\/wp-json\/wp\/v2\/users\/1"}],"replies":[{"embeddable":true,"href":"https:\/\/hand2noteguide.com\/it\/wp-json\/wp\/v2\/comments?post=5238"}],"version-history":[{"count":11,"href":"https:\/\/hand2noteguide.com\/it\/wp-json\/wp\/v2\/pages\/5238\/revisions"}],"predecessor-version":[{"id":13574,"href":"https:\/\/hand2noteguide.com\/it\/wp-json\/wp\/v2\/pages\/5238\/revisions\/13574"}],"up":[{"embeddable":true,"href":"https:\/\/hand2noteguide.com\/it\/wp-json\/wp\/v2\/pages\/4640"}],"wp:attachment":[{"href":"https:\/\/hand2noteguide.com\/it\/wp-json\/wp\/v2\/media?parent=5238"}],"curies":[{"name":"wp","href":"https:\/\/api.w.org\/{rel}","templated":true}]}}