{"id":548,"date":"2018-11-07T14:55:48","date_gmt":"2018-11-07T11:55:48","guid":{"rendered":"https:\/\/h2n312.wordpress.com\/?page_id=548"},"modified":"2025-06-04T17:51:25","modified_gmt":"2025-06-04T14:51:25","slug":"simple","status":"publish","type":"page","link":"https:\/\/hand2noteguide.com\/it\/guide\/creating-stats\/simple\/","title":{"rendered":"Statistiche semplici"},"content":{"rendered":"\n<p>Una statistica semplice \u00e8 una statistica il cui valore rappresenta la frequenza con cui un giocatore esegue una certa azione. Ad esempio, rilanciare preflop o fare continuation bet.<\/p>\n\n\n\n<p>Per creare una statistica semplice, \u00e8 sufficiente simulare un&#8217;azione, la cui frequenza si desidera visualizzare nell&#8217;<a href=\"https:\/\/hand2noteguide.com\/it\/guide\/hud\/\">HUD<\/a>. Ad esempio, per creare una statistica &#8220;Open Raise&#8221;, \u00e8 sufficiente aggiungere l&#8217;azione &#8220;Player Raise&#8221; e assegnare il filtro &#8220;First not fold action on the street&#8221; per escludere le situazioni in cui altri giocatori avevano gi\u00e0 investito denaro nel piatto prima del giocatore.<\/p>\n\n\n\n<figure class=\"wp-block-image\"><img loading=\"lazy\" decoding=\"async\" width=\"1307\" height=\"571\" src=\"https:\/\/hand2noteguide.com\/wp-content\/uploads\/2019\/05\/hand2note-create-open-raise-stat.png\" alt=\"hand2note-create-open-raise-stat\" class=\"wp-image-808\" srcset=\"https:\/\/hand2noteguide.com\/wp-content\/uploads\/2019\/05\/hand2note-create-open-raise-stat.png 1307w, https:\/\/hand2noteguide.com\/wp-content\/uploads\/2019\/05\/hand2note-create-open-raise-stat-300x131.png 300w, https:\/\/hand2noteguide.com\/wp-content\/uploads\/2019\/05\/hand2note-create-open-raise-stat-768x336.png 768w, https:\/\/hand2noteguide.com\/wp-content\/uploads\/2019\/05\/hand2note-create-open-raise-stat-1024x447.png 1024w, https:\/\/hand2noteguide.com\/wp-content\/uploads\/2019\/05\/hand2note-create-open-raise-stat-772x337.png 772w, https:\/\/hand2noteguide.com\/wp-content\/uploads\/2019\/05\/hand2note-create-open-raise-stat-624x273.png 624w\" sizes=\"auto, (max-width: 1307px) 100vw, 1307px\" \/><\/figure>\n\n\n\n<p>La statistica Open Raise \u00e8 gi\u00e0 presente nel programma di default, ed \u00e8 chiamata <em>Open Raise [Total]<\/em>. Per trovare le statistiche gi\u00e0 disponibili, puoi utilizzare la barra di ricerca.<\/p>\n\n\n\n<p>Per creare una statistica <em>Open Raise BTN<\/em>, dovresti anche assegnare una posizione al giocatore. Questo pu\u00f2 essere fatto selezionando la posizione desiderata per l&#8217;azione, oppure separatamente nella scheda &#8220;Preflop&#8221;:<\/p>\n\n\n\n<figure class=\"wp-block-image\"><img loading=\"lazy\" decoding=\"async\" width=\"1343\" height=\"576\" src=\"https:\/\/hand2noteguide.com\/wp-content\/uploads\/2019\/05\/hand2note-open-raise-btn.png\" alt=\"hand2note open raise btn\" class=\"wp-image-811\" srcset=\"https:\/\/hand2noteguide.com\/wp-content\/uploads\/2019\/05\/hand2note-open-raise-btn.png 1343w, https:\/\/hand2noteguide.com\/wp-content\/uploads\/2019\/05\/hand2note-open-raise-btn-300x129.png 300w, https:\/\/hand2noteguide.com\/wp-content\/uploads\/2019\/05\/hand2note-open-raise-btn-768x329.png 768w, https:\/\/hand2noteguide.com\/wp-content\/uploads\/2019\/05\/hand2note-open-raise-btn-1024x439.png 1024w, https:\/\/hand2noteguide.com\/wp-content\/uploads\/2019\/05\/hand2note-open-raise-btn-772x331.png 772w, https:\/\/hand2noteguide.com\/wp-content\/uploads\/2019\/05\/hand2note-open-raise-btn-624x268.png 624w\" sizes=\"auto, (max-width: 1343px) 100vw, 1343px\" \/><\/figure>\n\n\n\n<p>oppure<\/p>\n\n\n\n<figure class=\"wp-block-image\"><img loading=\"lazy\" decoding=\"async\" width=\"1494\" height=\"827\" src=\"https:\/\/hand2noteguide.com\/wp-content\/uploads\/2019\/05\/hand2note-create-stat-set-position.png\" alt=\"hand2note create stat set position\" class=\"wp-image-812\" srcset=\"https:\/\/hand2noteguide.com\/wp-content\/uploads\/2019\/05\/hand2note-create-stat-set-position.png 1494w, https:\/\/hand2noteguide.com\/wp-content\/uploads\/2019\/05\/hand2note-create-stat-set-position-300x166.png 300w, https:\/\/hand2noteguide.com\/wp-content\/uploads\/2019\/05\/hand2note-create-stat-set-position-768x425.png 768w, https:\/\/hand2noteguide.com\/wp-content\/uploads\/2019\/05\/hand2note-create-stat-set-position-1024x567.png 1024w, https:\/\/hand2noteguide.com\/wp-content\/uploads\/2019\/05\/hand2note-create-stat-set-position-772x427.png 772w, https:\/\/hand2noteguide.com\/wp-content\/uploads\/2019\/05\/hand2note-create-stat-set-position-624x345.png 624w\" sizes=\"auto, (max-width: 1494px) 100vw, 1494px\" \/><\/figure>\n","protected":false},"excerpt":{"rendered":"<p>Una statistica semplice \u00e8 una statistica il cui valore rappresenta la frequenza con cui un giocatore esegue una certa azione. Ad esempio, rilanciare preflop o fare continuation bet. Per creare una statistica semplice, \u00e8 sufficiente simulare un&#8217;azione, la cui frequenza si desidera visualizzare nell&#8217;HUD. Ad esempio, per creare una statistica &#8220;Open Raise&#8221;, \u00e8 sufficiente aggiungere &hellip; <a href=\"https:\/\/hand2noteguide.com\/it\/guide\/creating-stats\/simple\/\" class=\"more-link\">Continue reading <span class=\"screen-reader-text\">Statistiche semplici<\/span><\/a><\/p>\n","protected":false},"author":1,"featured_media":0,"parent":468,"menu_order":1,"comment_status":"closed","ping_status":"closed","template":"page-templates\/full-width-page.php","meta":{"footnotes":""},"class_list":["post-548","page","type-page","status-publish","hentry"],"translation":{"provider":"WPGlobus","version":"3.0.2","language":"it","enabled_languages":["en","ru","pt","zh","es","fr","de","it","ja"],"languages":{"en":{"title":true,"content":true,"excerpt":false},"ru":{"title":true,"content":true,"excerpt":false},"pt":{"title":true,"content":true,"excerpt":false},"zh":{"title":true,"content":true,"excerpt":false},"es":{"title":true,"content":true,"excerpt":false},"fr":{"title":true,"content":true,"excerpt":false},"de":{"title":true,"content":true,"excerpt":false},"it":{"title":true,"content":true,"excerpt":false},"ja":{"title":true,"content":true,"excerpt":false}}},"yoast_head":"<!-- This site is optimized with the Yoast SEO plugin v27.0 - https:\/\/yoast.com\/product\/yoast-seo-wordpress\/ -->\n<title>Statistiche Semplici in Hand2Note 3<\/title>\n<meta name=\"description\" content=\"Scopri come creare statistiche semplici di poker nell&#039;HUD di Hand2Note. Scopri come monitorare efficacemente le azioni dei giocatori come open raise e continuation bet.\" \/>\n<meta name=\"robots\" content=\"index, follow, max-snippet:-1, max-image-preview:large, max-video-preview:-1\" \/>\n<link rel=\"canonical\" href=\"https:\/\/hand2noteguide.com\/guide\/creating-stats\/simple\/\" \/>\n<meta property=\"og:locale\" content=\"it_IT\" \/>\n<meta property=\"og:type\" content=\"article\" \/>\n<meta property=\"og:title\" content=\"Statistiche Semplici in Hand2Note 3\" \/>\n<meta property=\"og:description\" content=\"Scopri come creare statistiche semplici di poker nell&#039;HUD di Hand2Note. Scopri come monitorare efficacemente le azioni dei giocatori come open raise e continuation bet.\" \/>\n<meta property=\"og:url\" content=\"https:\/\/hand2noteguide.com\/guide\/creating-stats\/simple\/\" \/>\n<meta property=\"og:site_name\" content=\"Hand2Note Guide\" \/>\n<meta property=\"article:modified_time\" content=\"2025-06-04T14:51:25+00:00\" \/>\n<meta property=\"og:image\" content=\"https:\/\/hand2noteguide.com\/wp-content\/uploads\/2019\/05\/hand2note-create-open-raise-stat.png\" \/>\n<meta name=\"twitter:card\" content=\"summary_large_image\" \/>\n<meta name=\"twitter:label1\" content=\"Est. reading time\" \/>\n\t<meta name=\"twitter:data1\" content=\"5 minutes\" \/>\n<!-- \/ Yoast SEO plugin. -->","yoast_head_json":{"title":"Statistiche Semplici in Hand2Note 3","description":"Scopri come creare statistiche semplici di poker nell'HUD di Hand2Note. Scopri come monitorare efficacemente le azioni dei giocatori come open raise e continuation bet.","robots":{"index":"index","follow":"follow","max-snippet":"max-snippet:-1","max-image-preview":"max-image-preview:large","max-video-preview":"max-video-preview:-1"},"canonical":"https:\/\/hand2noteguide.com\/guide\/creating-stats\/simple\/","og_locale":"it_IT","og_type":"article","og_title":"Statistiche Semplici in Hand2Note 3","og_description":"Scopri come creare statistiche semplici di poker nell'HUD di Hand2Note. Scopri come monitorare efficacemente le azioni dei giocatori come open raise e continuation bet.","og_url":"https:\/\/hand2noteguide.com\/guide\/creating-stats\/simple\/","og_site_name":"Hand2Note Guide","article_modified_time":"2025-06-04T14:51:25+00:00","og_image":[{"url":"https:\/\/hand2noteguide.com\/wp-content\/uploads\/2019\/05\/hand2note-create-open-raise-stat.png","type":"","width":"","height":""}],"twitter_card":"summary_large_image","twitter_misc":{"Est. reading time":"5 minutes"},"schema":{"@context":"https:\/\/schema.org","@graph":[]}},"jetpack_sharing_enabled":false,"_links":{"self":[{"href":"https:\/\/hand2noteguide.com\/it\/wp-json\/wp\/v2\/pages\/548","targetHints":{"allow":["GET"]}}],"collection":[{"href":"https:\/\/hand2noteguide.com\/it\/wp-json\/wp\/v2\/pages"}],"about":[{"href":"https:\/\/hand2noteguide.com\/it\/wp-json\/wp\/v2\/types\/page"}],"author":[{"embeddable":true,"href":"https:\/\/hand2noteguide.com\/it\/wp-json\/wp\/v2\/users\/1"}],"replies":[{"embeddable":true,"href":"https:\/\/hand2noteguide.com\/it\/wp-json\/wp\/v2\/comments?post=548"}],"version-history":[{"count":17,"href":"https:\/\/hand2noteguide.com\/it\/wp-json\/wp\/v2\/pages\/548\/revisions"}],"predecessor-version":[{"id":13521,"href":"https:\/\/hand2noteguide.com\/it\/wp-json\/wp\/v2\/pages\/548\/revisions\/13521"}],"up":[{"embeddable":true,"href":"https:\/\/hand2noteguide.com\/it\/wp-json\/wp\/v2\/pages\/468"}],"wp:attachment":[{"href":"https:\/\/hand2noteguide.com\/it\/wp-json\/wp\/v2\/media?parent=548"}],"curies":[{"name":"wp","href":"https:\/\/api.w.org\/{rel}","templated":true}]}}