{"id":555,"date":"2018-11-07T15:03:18","date_gmt":"2018-11-07T12:03:18","guid":{"rendered":"https:\/\/h2n312.wordpress.com\/?page_id=555"},"modified":"2025-06-04T17:50:35","modified_gmt":"2025-06-04T14:50:35","slug":"expression","status":"publish","type":"page","link":"https:\/\/hand2noteguide.com\/it\/guide\/creating-stats\/expression\/","title":{"rendered":"Statistiche di espressione"},"content":{"rendered":"<p><a href=\"http:\/\/www.hand2note.com\/Help\/Index\/ExpressionStats\" target=\"_blank\" rel=\"noopener noreferrer\">Le statistiche di espressione<\/a> sono essenzialmente formule matematiche composte da <a href=\"https:\/\/hand2noteguide.com\/it\/guide\/creating-stats\/simple\/\">statistiche semplici<\/a>. Pertanto, per creare una tale statistica, \u00e8 sufficiente specificare la formula desiderata. La <a href=\"http:\/\/www.hand2note.com\/Help\/Index\/ExpressionSyntax\" target=\"_blank\" rel=\"noopener noreferrer\">sintassi delle espressioni<\/a>&nbsp;\u00e8 descritta nel manuale sul sito ufficiale.<\/p>\n<h2><strong>Esempi<\/strong><\/h2>\n<p>Il nome della statistica in Hand2Note \u00e8 specificato tra parentesi, se esiste nel programma dopo l&#8217;installazione di default.<\/p>\n<ul>\n<li>WTSD (<em>Went to Showdown<\/em>)<br \/>\n<blockquote style=\"margin-top: 15px\"><p>WentToSDCases(Flop Any Action) \/ Cases(Flop Any Action) * 100<\/p><\/blockquote>\n<p>Flop Any Action \u00e8 una statistica semplice creata appositamente che non ha senso di per s\u00e9. Descrive le situazioni in cui l&#8217;avversario compie qualsiasi azione al flop. Una tale statistica avr\u00e0 sempre un valore di 100, ma una statistica di espressione <em>Cases(Flop Any Action)<\/em> indicher\u00e0 il numero di mani in cui il giocatore ha visto il flop, e <em>WentToSDCases(Flop Any Action) &#8211; <\/em>il numero di mani in cui l&#8217;avversario ha raggiunto lo showdown dopo aver visto il flop. Le statistiche Any Action per ogni strada sono nel programma di default.<\/li>\n<li>W$SD (<em>Won at Showdown<\/em>)<br \/>\n<blockquote style=\"margin-top: 15px\"><p>WonHandAtSDCases(preflop any action) \/ WentToSDCases(preflop any action) * 100<\/p><\/blockquote>\n<\/li>\n<li>WWSF (<em>Won When Seen Flop<\/em>)<br \/>\n<blockquote style=\"margin-top: 15px\"><p>WonHandCases(flop any action) \/ Cases(flop any action) * 100<\/p><\/blockquote>\n<\/li>\n<li>AFq Flop (<em>Aggression Frequency Flop<\/em>)<br \/>\n<blockquote style=\"margin-top: 15px\"><p>Cases(Flop Raise or Bet)\/Cases(Flop Any Action) * 100<\/p><\/blockquote>\n<\/li>\n<li>AF Flop (<em>Aggression Flop<\/em>)<br \/>\n<blockquote style=\"margin-top: 15px\"><p>(Cases(Bet Flop) + Cases(Raise Flop)) \/ (Cases(Call Flop))<\/p><\/blockquote>\n<\/li>\n<li>4Bet Range (<em>4Bet Range<\/em>)<br \/>\n<blockquote style=\"margin-top: 15px\"><p>Value(Open Raise) * Value(4Bet) \/ 100<\/p><\/blockquote>\n<\/li>\n<\/ul>\n<p>Vedi anche:<\/p>\n<ul>\n<li><a href=\"https:\/\/hand2noteguide.com\/it\/guide\/hud\/add-aggression-wtsd\/\">Come inserire le statistiche di aggressione e showdown nell&#8217;HUD<\/a><\/li>\n<\/ul>\n","protected":false},"excerpt":{"rendered":"<p>Le statistiche di espressione sono essenzialmente formule matematiche composte da statistiche semplici. Pertanto, per creare una tale statistica, \u00e8 sufficiente specificare la formula desiderata. La sintassi delle espressioni&nbsp;\u00e8 descritta nel manuale sul sito ufficiale. Esempi Il nome della statistica in Hand2Note \u00e8 specificato tra parentesi, se esiste nel programma dopo l&#8217;installazione di default. WTSD (Went &hellip; <a href=\"https:\/\/hand2noteguide.com\/it\/guide\/creating-stats\/expression\/\" class=\"more-link\">Continue reading <span class=\"screen-reader-text\">Statistiche di espressione<\/span><\/a><\/p>\n","protected":false},"author":1,"featured_media":0,"parent":468,"menu_order":2,"comment_status":"closed","ping_status":"closed","template":"page-templates\/full-width-page.php","meta":{"footnotes":""},"class_list":["post-555","page","type-page","status-publish","hentry"],"translation":{"provider":"WPGlobus","version":"3.0.2","language":"it","enabled_languages":["en","ru","pt","zh","es","fr","de","it","ja"],"languages":{"en":{"title":true,"content":true,"excerpt":false},"ru":{"title":true,"content":true,"excerpt":false},"pt":{"title":true,"content":true,"excerpt":false},"zh":{"title":true,"content":true,"excerpt":false},"es":{"title":true,"content":true,"excerpt":false},"fr":{"title":true,"content":true,"excerpt":false},"de":{"title":true,"content":true,"excerpt":false},"it":{"title":true,"content":true,"excerpt":false},"ja":{"title":true,"content":true,"excerpt":false}}},"yoast_head":"<!-- This site is optimized with the Yoast SEO plugin v27.0 - https:\/\/yoast.com\/product\/yoast-seo-wordpress\/ -->\n<title>Statistiche di Espressione in Hand2Note 3<\/title>\n<meta name=\"description\" content=\"Scopri come creare e utilizzare le statistiche di espressione in Hand2Note. Questa guida fornisce esempi e consigli per migliorare efficacemente la tua strategia di poker.\" \/>\n<meta name=\"robots\" content=\"index, follow, max-snippet:-1, max-image-preview:large, max-video-preview:-1\" \/>\n<link rel=\"canonical\" href=\"https:\/\/hand2noteguide.com\/guide\/creating-stats\/expression\/\" \/>\n<meta property=\"og:locale\" content=\"it_IT\" \/>\n<meta property=\"og:type\" content=\"article\" \/>\n<meta property=\"og:title\" content=\"Statistiche di Espressione in Hand2Note 3\" \/>\n<meta property=\"og:description\" content=\"Scopri come creare e utilizzare le statistiche di espressione in Hand2Note. Questa guida fornisce esempi e consigli per migliorare efficacemente la tua strategia di poker.\" \/>\n<meta property=\"og:url\" content=\"https:\/\/hand2noteguide.com\/guide\/creating-stats\/expression\/\" \/>\n<meta property=\"og:site_name\" content=\"Hand2Note Guide\" \/>\n<meta property=\"article:modified_time\" content=\"2025-06-04T14:50:35+00:00\" \/>\n<meta name=\"twitter:card\" content=\"summary_large_image\" \/>\n<meta name=\"twitter:label1\" content=\"Est. reading time\" \/>\n\t<meta name=\"twitter:data1\" content=\"9 minutes\" \/>\n<!-- \/ Yoast SEO plugin. -->","yoast_head_json":{"title":"Statistiche di Espressione in Hand2Note 3","description":"Scopri come creare e utilizzare le statistiche di espressione in Hand2Note. Questa guida fornisce esempi e consigli per migliorare efficacemente la tua strategia di poker.","robots":{"index":"index","follow":"follow","max-snippet":"max-snippet:-1","max-image-preview":"max-image-preview:large","max-video-preview":"max-video-preview:-1"},"canonical":"https:\/\/hand2noteguide.com\/guide\/creating-stats\/expression\/","og_locale":"it_IT","og_type":"article","og_title":"Statistiche di Espressione in Hand2Note 3","og_description":"Scopri come creare e utilizzare le statistiche di espressione in Hand2Note. Questa guida fornisce esempi e consigli per migliorare efficacemente la tua strategia di poker.","og_url":"https:\/\/hand2noteguide.com\/guide\/creating-stats\/expression\/","og_site_name":"Hand2Note Guide","article_modified_time":"2025-06-04T14:50:35+00:00","twitter_card":"summary_large_image","twitter_misc":{"Est. reading time":"9 minutes"},"schema":{"@context":"https:\/\/schema.org","@graph":[]}},"jetpack_sharing_enabled":false,"_links":{"self":[{"href":"https:\/\/hand2noteguide.com\/it\/wp-json\/wp\/v2\/pages\/555","targetHints":{"allow":["GET"]}}],"collection":[{"href":"https:\/\/hand2noteguide.com\/it\/wp-json\/wp\/v2\/pages"}],"about":[{"href":"https:\/\/hand2noteguide.com\/it\/wp-json\/wp\/v2\/types\/page"}],"author":[{"embeddable":true,"href":"https:\/\/hand2noteguide.com\/it\/wp-json\/wp\/v2\/users\/1"}],"replies":[{"embeddable":true,"href":"https:\/\/hand2noteguide.com\/it\/wp-json\/wp\/v2\/comments?post=555"}],"version-history":[{"count":18,"href":"https:\/\/hand2noteguide.com\/it\/wp-json\/wp\/v2\/pages\/555\/revisions"}],"predecessor-version":[{"id":13520,"href":"https:\/\/hand2noteguide.com\/it\/wp-json\/wp\/v2\/pages\/555\/revisions\/13520"}],"up":[{"embeddable":true,"href":"https:\/\/hand2noteguide.com\/it\/wp-json\/wp\/v2\/pages\/468"}],"wp:attachment":[{"href":"https:\/\/hand2noteguide.com\/it\/wp-json\/wp\/v2\/media?parent=555"}],"curies":[{"name":"wp","href":"https:\/\/api.w.org\/{rel}","templated":true}]}}