{"id":5597,"date":"2022-02-14T09:16:24","date_gmt":"2022-02-14T06:16:24","guid":{"rendered":"http:\/\/hand2noteguide.com\/?page_id=5597"},"modified":"2026-02-21T18:39:03","modified_gmt":"2026-02-21T15:39:03","slug":"video-course","status":"publish","type":"page","link":"https:\/\/hand2noteguide.com\/it\/video-course\/","title":{"rendered":"Corso Video di Hand2Note"},"content":{"rendered":"\n<p>Hand2Note \u00e8 un software di poker incredibilmente potente con molte funzionalit\u00e0 per migliorare il tuo gioco. Per utilizzarle efficacemente, consigliamo di seguire il nostro corso video.<\/p>\n\n\n\n<p>Il tuo istruttore nel corso \u00e8 Nick Korolev &#8211; un giocatore di poker professionista e membro del team di Hand2Note. Nick spiega<strong> <\/strong>tutte le funzioni del software passo dopo passo.<strong> <\/strong>Il corso \u00e8 adatto a giocatori di qualsiasi livello con qualsiasi esperienza nell&#8217;uso di strumenti di poker.<\/p>\n\n\n<div class=\"responsive-tabs\">\n<h2 class=\"tabtitle\">Hand2Note 4<\/h2>\n<div class=\"tabcontent\">\n\n\n\n\n<p>Il <a aria-label=\"undefined (opens in a new tab)\" href=\"https:\/\/courses.poker\/p\/hand2note-4\" target=\"_blank\" rel=\"noreferrer noopener\">corso video di Hand2Note 4<\/a> contiene 21 video con una durata totale di 5 ore.<\/p>\n\n\n\n<div style=\"margin-bottom:30px\">\n<a class=\"button\" href=\"https:\/\/courses.poker\/courses\/hand2note-4\/lectures\/60428707\" target=\"_blank\" style=\"background-color:#26a95e;border-radius:15px;margin-left:6px;color:#fff\" rel=\"noopener noreferrer\">GUARDA ORA<\/a>\n<\/div>\n\n\n\n<p><a target=\"_blank\" href=\"https:\/\/courses.poker\/courses\/hand2note-4\/lectures\/60428707\" rel=\"noopener\"><img decoding=\"async\" style=\"width:650px;max-width:100%\" class=\"no-lightbox\" alt=\"Corso video di Hand2Note 4\" src=\"http:\/\/hand2noteguide.com\/wp-content\/uploads\/2025\/03\/hand2note-4-video-course-min.png\"><\/a><\/p>\n\n\n\n<\/div><h2 class=\"tabtitle\">Hand2Note 3<\/h2>\n<div class=\"tabcontent\">\n\n\n\n\n<p>Il <a aria-label=\"undefined (opens in a new tab)\" href=\"https:\/\/courses.poker\/p\/hand2note-professional-usage\" target=\"_blank\" rel=\"noreferrer noopener\">corso video di Hand2Note 3<\/a> contiene 30 video con una durata totale di 3,5 ore.<\/p>\n\n\n\n<div style=\"margin-bottom:30px\">\n<a class=\"button\" href=\"https:\/\/courses.poker\/courses\/hand2note-professional-usage\/lectures\/14423550\" target=\"_blank\" style=\"background-color:#26a95e;border-radius:15px;margin-left:6px;color:#fff\" rel=\"noopener noreferrer\">GUARDA ORA<\/a>\n<\/div>\n\n\n<\/div><\/div>\n\n\n\n<p>Non sei sicuro di quale versione scegliere? Consigliamo Hand2Note 4 &#8211; \u00e8 la versione pi\u00f9 recente del software con tutte le ultime funzionalit\u00e0. Hand2Note 3 sar\u00e0 presto deprecato.<\/p>\n","protected":false},"excerpt":{"rendered":"<p>Hand2Note \u00e8 un software di poker incredibilmente potente con molte funzionalit\u00e0 per migliorare il tuo gioco. Per utilizzarle efficacemente, consigliamo di seguire il nostro corso video. Il tuo istruttore nel corso \u00e8 Nick Korolev &#8211; un giocatore di poker professionista e membro del team di Hand2Note. Nick spiega tutte le funzioni del software passo dopo &hellip; <a href=\"https:\/\/hand2noteguide.com\/it\/video-course\/\" class=\"more-link\">Continue reading <span class=\"screen-reader-text\">Corso Video di Hand2Note<\/span><\/a><\/p>\n","protected":false},"author":1,"featured_media":10170,"parent":0,"menu_order":0,"comment_status":"closed","ping_status":"closed","template":"","meta":{"footnotes":""},"class_list":["post-5597","page","type-page","status-publish","has-post-thumbnail","hentry"],"translation":{"provider":"WPGlobus","version":"3.0.2","language":"it","enabled_languages":["en","ru","pt","zh","es","fr","de","it","ja"],"languages":{"en":{"title":true,"content":true,"excerpt":false},"ru":{"title":true,"content":true,"excerpt":false},"pt":{"title":true,"content":true,"excerpt":false},"zh":{"title":true,"content":true,"excerpt":false},"es":{"title":true,"content":true,"excerpt":false},"fr":{"title":true,"content":true,"excerpt":false},"de":{"title":true,"content":true,"excerpt":false},"it":{"title":true,"content":true,"excerpt":false},"ja":{"title":true,"content":true,"excerpt":false}}},"yoast_head":"<!-- This site is optimized with the Yoast SEO plugin v27.0 - https:\/\/yoast.com\/product\/yoast-seo-wordpress\/ -->\n<title>Corso Video di Hand2Note - Padroneggia Tutte le Funzionalit\u00e0 di Hand2Note<\/title>\n<meta name=\"description\" content=\"Con 21 video e circa 5 ore di contenuti formativi premium su Hand2Note, sarai in grado di padroneggiare tutte le funzionalit\u00e0 di Hand2Note e migliorare le tue prestazioni complessive nel poker.\" \/>\n<meta name=\"robots\" content=\"index, follow, max-snippet:-1, max-image-preview:large, max-video-preview:-1\" \/>\n<link rel=\"canonical\" href=\"https:\/\/hand2noteguide.com\/ru\/video-course\/\" \/>\n<meta property=\"og:locale\" content=\"it_IT\" \/>\n<meta property=\"og:type\" content=\"article\" \/>\n<meta property=\"og:title\" content=\"Corso Video di Hand2Note - Padroneggia Tutte le Funzionalit\u00e0 di Hand2Note\" \/>\n<meta property=\"og:description\" content=\"Con 21 video e circa 5 ore di contenuti formativi premium su Hand2Note, sarai in grado di padroneggiare tutte le funzionalit\u00e0 di Hand2Note e migliorare le tue prestazioni complessive nel poker.\" \/>\n<meta property=\"og:url\" content=\"https:\/\/hand2noteguide.com\/ru\/video-course\/\" \/>\n<meta property=\"og:site_name\" content=\"Hand2Note Guide\" \/>\n<meta property=\"article:modified_time\" content=\"2026-02-21T15:39:03+00:00\" \/>\n<meta property=\"og:image\" content=\"https:\/\/hand2noteguide.com\/wp-content\/uploads\/2025\/04\/hand2note-course.png\" \/>\n\t<meta property=\"og:image:width\" content=\"600\" \/>\n\t<meta property=\"og:image:height\" content=\"409\" \/>\n\t<meta property=\"og:image:type\" content=\"image\/png\" \/>\n<meta name=\"twitter:card\" content=\"summary_large_image\" \/>\n<meta name=\"twitter:label1\" content=\"Est. reading time\" \/>\n\t<meta name=\"twitter:data1\" content=\"2 minutes\" \/>\n<!-- \/ Yoast SEO plugin. -->","yoast_head_json":{"title":"Corso Video di Hand2Note - Padroneggia Tutte le Funzionalit\u00e0 di Hand2Note","description":"Con 21 video e circa 5 ore di contenuti formativi premium su Hand2Note, sarai in grado di padroneggiare tutte le funzionalit\u00e0 di Hand2Note e migliorare le tue prestazioni complessive nel poker.","robots":{"index":"index","follow":"follow","max-snippet":"max-snippet:-1","max-image-preview":"max-image-preview:large","max-video-preview":"max-video-preview:-1"},"canonical":"https:\/\/hand2noteguide.com\/ru\/video-course\/","og_locale":"it_IT","og_type":"article","og_title":"Corso Video di Hand2Note - Padroneggia Tutte le Funzionalit\u00e0 di Hand2Note","og_description":"Con 21 video e circa 5 ore di contenuti formativi premium su Hand2Note, sarai in grado di padroneggiare tutte le funzionalit\u00e0 di Hand2Note e migliorare le tue prestazioni complessive nel poker.","og_url":"https:\/\/hand2noteguide.com\/ru\/video-course\/","og_site_name":"Hand2Note Guide","article_modified_time":"2026-02-21T15:39:03+00:00","og_image":[{"width":600,"height":409,"url":"https:\/\/hand2noteguide.com\/wp-content\/uploads\/2025\/04\/hand2note-course.png","type":"image\/png"}],"twitter_card":"summary_large_image","twitter_misc":{"Est. reading time":"2 minutes"},"schema":{"@context":"https:\/\/schema.org","@graph":[]}},"jetpack_sharing_enabled":true,"_links":{"self":[{"href":"https:\/\/hand2noteguide.com\/it\/wp-json\/wp\/v2\/pages\/5597","targetHints":{"allow":["GET"]}}],"collection":[{"href":"https:\/\/hand2noteguide.com\/it\/wp-json\/wp\/v2\/pages"}],"about":[{"href":"https:\/\/hand2noteguide.com\/it\/wp-json\/wp\/v2\/types\/page"}],"author":[{"embeddable":true,"href":"https:\/\/hand2noteguide.com\/it\/wp-json\/wp\/v2\/users\/1"}],"replies":[{"embeddable":true,"href":"https:\/\/hand2noteguide.com\/it\/wp-json\/wp\/v2\/comments?post=5597"}],"version-history":[{"count":59,"href":"https:\/\/hand2noteguide.com\/it\/wp-json\/wp\/v2\/pages\/5597\/revisions"}],"predecessor-version":[{"id":13452,"href":"https:\/\/hand2noteguide.com\/it\/wp-json\/wp\/v2\/pages\/5597\/revisions\/13452"}],"wp:featuredmedia":[{"embeddable":true,"href":"https:\/\/hand2noteguide.com\/it\/wp-json\/wp\/v2\/media\/10170"}],"wp:attachment":[{"href":"https:\/\/hand2noteguide.com\/it\/wp-json\/wp\/v2\/media?parent=5597"}],"curies":[{"name":"wp","href":"https:\/\/api.w.org\/{rel}","templated":true}]}}