{"id":586,"date":"2018-11-10T13:47:44","date_gmt":"2018-11-10T10:47:44","guid":{"rendered":"https:\/\/h2n312.wordpress.com\/?page_id=586"},"modified":"2025-06-04T17:49:10","modified_gmt":"2025-06-04T14:49:10","slug":"decision-analysis","status":"publish","type":"page","link":"https:\/\/hand2noteguide.com\/it\/guide\/decision-analysis\/","title":{"rendered":"Scopri la redditivit\u00e0 delle varie categorie di mani"},"content":{"rendered":"<p><a href=\"http:\/\/www.hand2note.com\/Help\/Index\/DecisionAnalysis\" target=\"_blank\" rel=\"noopener noreferrer\">Decision Analysis<\/a> consente di scoprire la redditivit\u00e0 delle tue decisioni con diverse categorie di mani in diverse situazioni. Questa funzione \u00e8 disponibile solo con l&#8217;<a href=\"https:\/\/hand2noteguide.com\/it\/guide\/choose-subscription\/\">abbonamento EDGE<\/a>.<\/p>\n<p>Ad esempio, vuoi vedere la redditivit\u00e0 dei tuoi open raise dal bottone con diversi tipi di mani. Per fare ci\u00f2, segui questi passaggi:<\/p>\n<ol>\n<li><a href=\"https:\/\/hand2noteguide.com\/it\/guide\/creating-stats\/\">Crea una statistica<\/a> &#8220;Open Raise BTN&#8221; e aggiungila al popup.<\/li>\n<li><a href=\"https:\/\/hand2noteguide.com\/it\/guide\/rebuild-stats\/\">Ricostruisci le statistiche<\/a>.<\/li>\n<li>Apri il <a href=\"https:\/\/hand2noteguide.com\/it\/guide\/hero-stats\/\">popup su Hero<\/a> facendo doppio clic sul tuo nickname o sul nome <a href=\"https:\/\/hand2noteguide.com\/it\/guide\/alias\/\">alias<\/a> nella finestra principale di Hand2Note.<\/li>\n<li>Passa il mouse sulla statistica. Si aprir\u00e0 un <a href=\"https:\/\/href.li\/?http:\/\/www.hand2note.com\/Help\/Index\/StatInfo\" target=\"_blank\" rel=\"noopener noreferrer\">popup esteso<\/a> in cui vedrai la redditivit\u00e0 delle diverse categorie di mani nella situazione particolare.<\/li>\n<\/ol>\n<p><img loading=\"lazy\" decoding=\"async\" class=\"alignnone size-full wp-image-1482\" src=\"https:\/\/hand2noteguide.com\/wp-content\/uploads\/2019\/07\/hand2note-action-profit.png\" alt=\"hand2note action profit\" width=\"421\" height=\"268\" srcset=\"https:\/\/hand2noteguide.com\/wp-content\/uploads\/2019\/07\/hand2note-action-profit.png 421w, https:\/\/hand2noteguide.com\/wp-content\/uploads\/2019\/07\/hand2note-action-profit-300x191.png 300w\" sizes=\"auto, (max-width: 421px) 100vw, 421px\" \/><\/p>\n<p>Le categorie di mani possono essere personalizzate nelle impostazioni (<em>Configuration\u00a0\u2192 Action Profit<\/em>).<\/p>\n","protected":false},"excerpt":{"rendered":"<p>Decision Analysis consente di scoprire la redditivit\u00e0 delle tue decisioni con diverse categorie di mani in diverse situazioni. Questa funzione \u00e8 disponibile solo con l&#8217;abbonamento EDGE. Ad esempio, vuoi vedere la redditivit\u00e0 dei tuoi open raise dal bottone con diversi tipi di mani. Per fare ci\u00f2, segui questi passaggi: Crea una statistica &#8220;Open Raise BTN&#8221; &hellip; <a href=\"https:\/\/hand2noteguide.com\/it\/guide\/decision-analysis\/\" class=\"more-link\">Continue reading <span class=\"screen-reader-text\">Scopri la redditivit\u00e0 delle varie categorie di mani<\/span><\/a><\/p>\n","protected":false},"author":1,"featured_media":0,"parent":74,"menu_order":0,"comment_status":"closed","ping_status":"closed","template":"page-templates\/full-width-page.php","meta":{"footnotes":""},"class_list":["post-586","page","type-page","status-publish","hentry"],"translation":{"provider":"WPGlobus","version":"3.0.2","language":"it","enabled_languages":["en","ru","pt","zh","es","fr","de","it","ja"],"languages":{"en":{"title":true,"content":true,"excerpt":false},"ru":{"title":true,"content":true,"excerpt":false},"pt":{"title":true,"content":true,"excerpt":false},"zh":{"title":true,"content":true,"excerpt":false},"es":{"title":true,"content":true,"excerpt":false},"fr":{"title":true,"content":true,"excerpt":false},"de":{"title":true,"content":true,"excerpt":false},"it":{"title":true,"content":true,"excerpt":false},"ja":{"title":true,"content":true,"excerpt":false}}},"yoast_head":"<!-- This site is optimized with the Yoast SEO plugin v27.0 - https:\/\/yoast.com\/product\/yoast-seo-wordpress\/ -->\n<title>Scopri la Redditivit\u00e0 delle Mani in Diverse Situazioni<\/title>\n<meta name=\"description\" content=\"Scopri come analizzare la redditivit\u00e0 delle tue mani di poker in diverse situazioni utilizzando la funzione Decision Analysis di Hand2Note. Ottimizza la tua strategia oggi stesso!\" \/>\n<meta name=\"robots\" content=\"index, follow, max-snippet:-1, max-image-preview:large, max-video-preview:-1\" \/>\n<link rel=\"canonical\" href=\"https:\/\/hand2noteguide.com\/guide\/decision-analysis\/\" \/>\n<meta property=\"og:locale\" content=\"it_IT\" \/>\n<meta property=\"og:type\" content=\"article\" \/>\n<meta property=\"og:title\" content=\"Scopri la Redditivit\u00e0 delle Mani in Diverse Situazioni\" \/>\n<meta property=\"og:description\" content=\"Scopri come analizzare la redditivit\u00e0 delle tue mani di poker in diverse situazioni utilizzando la funzione Decision Analysis di Hand2Note. Ottimizza la tua strategia oggi stesso!\" \/>\n<meta property=\"og:url\" content=\"https:\/\/hand2noteguide.com\/guide\/decision-analysis\/\" \/>\n<meta property=\"og:site_name\" content=\"Hand2Note Guide\" \/>\n<meta property=\"article:modified_time\" content=\"2025-06-04T14:49:10+00:00\" \/>\n<meta property=\"og:image\" content=\"https:\/\/hand2noteguide.com\/wp-content\/uploads\/2019\/07\/hand2note-action-profit.png\" \/>\n<meta name=\"twitter:card\" content=\"summary_large_image\" \/>\n<meta name=\"twitter:label1\" content=\"Est. reading time\" \/>\n\t<meta name=\"twitter:data1\" content=\"4 minutes\" \/>\n<!-- \/ Yoast SEO plugin. -->","yoast_head_json":{"title":"Scopri la Redditivit\u00e0 delle Mani in Diverse Situazioni","description":"Scopri come analizzare la redditivit\u00e0 delle tue mani di poker in diverse situazioni utilizzando la funzione Decision Analysis di Hand2Note. Ottimizza la tua strategia oggi stesso!","robots":{"index":"index","follow":"follow","max-snippet":"max-snippet:-1","max-image-preview":"max-image-preview:large","max-video-preview":"max-video-preview:-1"},"canonical":"https:\/\/hand2noteguide.com\/guide\/decision-analysis\/","og_locale":"it_IT","og_type":"article","og_title":"Scopri la Redditivit\u00e0 delle Mani in Diverse Situazioni","og_description":"Scopri come analizzare la redditivit\u00e0 delle tue mani di poker in diverse situazioni utilizzando la funzione Decision Analysis di Hand2Note. Ottimizza la tua strategia oggi stesso!","og_url":"https:\/\/hand2noteguide.com\/guide\/decision-analysis\/","og_site_name":"Hand2Note Guide","article_modified_time":"2025-06-04T14:49:10+00:00","og_image":[{"url":"https:\/\/hand2noteguide.com\/wp-content\/uploads\/2019\/07\/hand2note-action-profit.png","type":"","width":"","height":""}],"twitter_card":"summary_large_image","twitter_misc":{"Est. reading time":"4 minutes"},"schema":{"@context":"https:\/\/schema.org","@graph":[]}},"jetpack_sharing_enabled":false,"_links":{"self":[{"href":"https:\/\/hand2noteguide.com\/it\/wp-json\/wp\/v2\/pages\/586","targetHints":{"allow":["GET"]}}],"collection":[{"href":"https:\/\/hand2noteguide.com\/it\/wp-json\/wp\/v2\/pages"}],"about":[{"href":"https:\/\/hand2noteguide.com\/it\/wp-json\/wp\/v2\/types\/page"}],"author":[{"embeddable":true,"href":"https:\/\/hand2noteguide.com\/it\/wp-json\/wp\/v2\/users\/1"}],"replies":[{"embeddable":true,"href":"https:\/\/hand2noteguide.com\/it\/wp-json\/wp\/v2\/comments?post=586"}],"version-history":[{"count":15,"href":"https:\/\/hand2noteguide.com\/it\/wp-json\/wp\/v2\/pages\/586\/revisions"}],"predecessor-version":[{"id":13518,"href":"https:\/\/hand2noteguide.com\/it\/wp-json\/wp\/v2\/pages\/586\/revisions\/13518"}],"up":[{"embeddable":true,"href":"https:\/\/hand2noteguide.com\/it\/wp-json\/wp\/v2\/pages\/74"}],"wp:attachment":[{"href":"https:\/\/hand2noteguide.com\/it\/wp-json\/wp\/v2\/media?parent=586"}],"curies":[{"name":"wp","href":"https:\/\/api.w.org\/{rel}","templated":true}]}}