{"id":5989,"date":"2023-06-11T00:25:01","date_gmt":"2023-06-10T21:25:01","guid":{"rendered":"https:\/\/hand2noteguide.com\/?page_id=5989"},"modified":"2026-02-21T17:50:06","modified_gmt":"2026-02-21T14:50:06","slug":"5-best-online-poker-training-sites","status":"publish","type":"page","link":"https:\/\/hand2noteguide.com\/it\/poker\/5-best-online-poker-training-sites\/","title":{"rendered":"Top 5 Siti di Formazione per il Poker Online per Migliorare le Abilit\u00e0"},"content":{"rendered":"\n<p>Il poker online \u00e8 diventato un gioco altamente competitivo e complesso che richiede abilit\u00e0, strategia e conoscenza per avere successo. Indipendentemente dal livello a cui ti trovi attualmente, devi costantemente imparare e migliorare le tue abilit\u00e0. In questo articolo, ti offriremo una selezione dei migliori siti di formazione di poker che puoi utilizzare per migliorare il tuo gioco.<\/p>\n\n\n\n<p>Tutti i siti offrono formazione in diversi formati. Utilizzare diversi strumenti ti permetter\u00e0 di diversificare il tuo approccio all&#8217;apprendimento e accelerare il tuo sviluppo come giocatore professionista.<\/p>\n\n\n\n<h2 class=\"wp-block-heading\">1. <a aria-label=\"undefined (opens in a new tab)\" href=\"https:\/\/www.getcoach.poker\/\" target=\"_blank\" rel=\"noreferrer noopener\">Getcoach.poker<\/a><\/h2>\n\n\n\n<p>Assumere un coach personale \u00e8 una parte essenziale della carriera di un giocatore di poker, proprio come in qualsiasi altro sport professionistico. Un buon coach ti aiuter\u00e0 a creare un piano di allenamento personalizzato e ti motiver\u00e0 e supporter\u00e0 mentre cresci.<\/p>\n\n\n\n<p><a href=\"https:\/\/www.getcoach.poker\/\" target=\"_blank\" aria-label=\"undefined (opens in a new tab)\" rel=\"noreferrer noopener\">Getcoach.poker<\/a> \u00e8 una piattaforma di primo livello per trovare un coach di poker o una scuola. Puoi utilizzare filtri intuitivi per trovare il tuo mentore perfetto.<\/p>\n\n\n\n<figure class=\"wp-block-image size-large\"><a href=\"https:\/\/www.getcoach.poker\/coaches\/\" target=\"_blank\" rel=\"noreferrer noopener\"><img loading=\"lazy\" decoding=\"async\" width=\"1024\" height=\"766\" src=\"http:\/\/hand2noteguide.com\/wp-content\/uploads\/2024\/04\/getcoach-coaches-min-1024x766.webp\" alt=\"Assumi un coach di poker su getcoach.poker\" class=\"wp-image-6362\" srcset=\"https:\/\/hand2noteguide.com\/wp-content\/uploads\/2024\/04\/getcoach-coaches-min-1024x766.webp 1024w, https:\/\/hand2noteguide.com\/wp-content\/uploads\/2024\/04\/getcoach-coaches-min-300x224.webp 300w, https:\/\/hand2noteguide.com\/wp-content\/uploads\/2024\/04\/getcoach-coaches-min-768x574.webp 768w, https:\/\/hand2noteguide.com\/wp-content\/uploads\/2024\/04\/getcoach-coaches-min-1536x1149.webp 1536w, https:\/\/hand2noteguide.com\/wp-content\/uploads\/2024\/04\/getcoach-coaches-min-2048x1531.webp 2048w, https:\/\/hand2noteguide.com\/wp-content\/uploads\/2024\/04\/getcoach-coaches-min-772x577.webp 772w, https:\/\/hand2noteguide.com\/wp-content\/uploads\/2024\/04\/getcoach-coaches-min-624x467.webp 624w\" sizes=\"auto, (max-width: 1024px) 100vw, 1024px\" \/><\/a><figcaption class=\"wp-element-caption\">Trova un coach di poker su Getcoach.poker<\/figcaption><\/figure>\n\n\n\n<p>Oltre a ci\u00f2, Getcoach accumula tutti i migliori articoli e video educativi di poker da vari autori. Aggiungi Getcoach.poker ai tuoi segnalibri e sarai sempre aggiornato sui contenuti educativi pi\u00f9 recenti. Puoi anche utilizzare i filtri per trovare i materiali sull&#8217;argomento esatto.<\/p>\n\n\n\n<figure class=\"wp-block-image size-large\"><a href=\"https:\/\/www.getcoach.poker\/videos\/\"><img loading=\"lazy\" decoding=\"async\" width=\"1024\" height=\"748\" src=\"https:\/\/hand2noteguide.com\/wp-content\/uploads\/2024\/04\/poker-training-videos-1024x748.webp\" alt=\"Video di formazione gratuiti di poker\" class=\"wp-image-6366\" srcset=\"https:\/\/hand2noteguide.com\/wp-content\/uploads\/2024\/04\/poker-training-videos-1024x748.webp 1024w, https:\/\/hand2noteguide.com\/wp-content\/uploads\/2024\/04\/poker-training-videos-300x219.webp 300w, https:\/\/hand2noteguide.com\/wp-content\/uploads\/2024\/04\/poker-training-videos-768x561.webp 768w, https:\/\/hand2noteguide.com\/wp-content\/uploads\/2024\/04\/poker-training-videos-1536x1123.webp 1536w, https:\/\/hand2noteguide.com\/wp-content\/uploads\/2024\/04\/poker-training-videos-2048x1497.webp 2048w, https:\/\/hand2noteguide.com\/wp-content\/uploads\/2024\/04\/poker-training-videos-772x564.webp 772w, https:\/\/hand2noteguide.com\/wp-content\/uploads\/2024\/04\/poker-training-videos-624x456.webp 624w\" sizes=\"auto, (max-width: 1024px) 100vw, 1024px\" \/><\/a><figcaption class=\"wp-element-caption\">Libreria di video e articoli di poker selezionati<\/figcaption><\/figure>\n\n\n\n<p>Getcoach.poker \u00e8 stato fondato da Nick Korolev, un esperto giocatore di poker cash game, membro del team di Hand2Note e fondatore di altri popolari progetti educativi di poker.<\/p>\n\n\n\n<h2 class=\"wp-block-heading\">2. <a href=\"https:\/\/www.runitonce.com\/\" target=\"_blank\" aria-label=\"undefined (opens in a new tab)\" rel=\"noreferrer noopener\">Run It Once<\/a><\/h2>\n\n\n\n<p><a href=\"https:\/\/www.runitonce.com\/\" target=\"_blank\" aria-label=\"undefined (opens in a new tab)\" rel=\"noreferrer noopener\">Run It Once<\/a> \u00e8 un popolare sito di formazione lanciato dal giocatore professionista di high-stakes Phil Galfond. Offre una vasta libreria di video e tutorial con alcuni dei migliori giocatori al mondo. Il contenuto \u00e8 molto vario e ben organizzato, principalmente adatto a livelli intermedi e avanzati. Tutti i tipi di gioco sono coperti &#8211; dai cash game ai tornei e Pot-Limit Omaha. Run It Once offre anche un vivace forum comunitario dove i membri possono discutere strategie insieme.<\/p>\n\n\n\n<figure class=\"wp-block-image size-large\"><a href=\"https:\/\/www.runitonce.com\/\" target=\"_blank\" rel=\"noreferrer noopener\"><img loading=\"lazy\" decoding=\"async\" width=\"1024\" height=\"633\" src=\"https:\/\/hand2noteguide.com\/wp-content\/uploads\/2023\/06\/run-it-once-1024x633.webp\" alt=\"\" class=\"wp-image-6004\" srcset=\"https:\/\/hand2noteguide.com\/wp-content\/uploads\/2023\/06\/run-it-once-1024x633.webp 1024w, https:\/\/hand2noteguide.com\/wp-content\/uploads\/2023\/06\/run-it-once-300x185.webp 300w, https:\/\/hand2noteguide.com\/wp-content\/uploads\/2023\/06\/run-it-once-768x474.webp 768w, https:\/\/hand2noteguide.com\/wp-content\/uploads\/2023\/06\/run-it-once-1536x949.webp 1536w, https:\/\/hand2noteguide.com\/wp-content\/uploads\/2023\/06\/run-it-once-2048x1265.webp 2048w, https:\/\/hand2noteguide.com\/wp-content\/uploads\/2023\/06\/run-it-once-772x477.webp 772w, https:\/\/hand2noteguide.com\/wp-content\/uploads\/2023\/06\/run-it-once-624x385.webp 624w\" sizes=\"auto, (max-width: 1024px) 100vw, 1024px\" \/><\/a><figcaption class=\"wp-element-caption\">Esplora la libreria di video professionali di poker su Run It Once<\/figcaption><\/figure>\n\n\n\n<h2 class=\"wp-block-heading\">3. <a href=\"https:\/\/www.raiseyouredge.com\/\" target=\"_blank\" aria-label=\"undefined (opens in a new tab)\" rel=\"noreferrer noopener\">Raise Your Edge<\/a><\/h2>\n\n\n\n<p><a href=\"https:\/\/www.raiseyouredge.com\/\" target=\"_blank\" aria-label=\"undefined (opens in a new tab)\" rel=\"noreferrer noopener\">Raise Your Edge<\/a> \u00e8 stato fondato dal giocatore professionista di tornei Benjamin &#8220;bencb789&#8221; Rolle. La piattaforma offre un set costantemente aggiornato di corsi, video, preflop ranges e altre risorse. Il focus principale della scuola \u00e8 sul poker da torneo, tuttavia, la libreria viene gradualmente arricchita con materiali per cash game. Bencb \u00e8 un giocatore attivo e crea costantemente nuovi contenuti di apprendimento.<\/p>\n\n\n\n<figure class=\"wp-block-image size-large\"><a href=\"https:\/\/www.raiseyouredge.com\/\" target=\"_blank\" rel=\"noreferrer noopener\"><img loading=\"lazy\" decoding=\"async\" width=\"1024\" height=\"675\" src=\"https:\/\/hand2noteguide.com\/wp-content\/uploads\/2023\/06\/raiseyouredge-1024x675.webp\" alt=\"\" class=\"wp-image-6015\" srcset=\"https:\/\/hand2noteguide.com\/wp-content\/uploads\/2023\/06\/raiseyouredge-1024x675.webp 1024w, https:\/\/hand2noteguide.com\/wp-content\/uploads\/2023\/06\/raiseyouredge-300x198.webp 300w, https:\/\/hand2noteguide.com\/wp-content\/uploads\/2023\/06\/raiseyouredge-768x506.webp 768w, https:\/\/hand2noteguide.com\/wp-content\/uploads\/2023\/06\/raiseyouredge-1536x1013.webp 1536w, https:\/\/hand2noteguide.com\/wp-content\/uploads\/2023\/06\/raiseyouredge-2048x1350.webp 2048w, https:\/\/hand2noteguide.com\/wp-content\/uploads\/2023\/06\/raiseyouredge-772x509.webp 772w, https:\/\/hand2noteguide.com\/wp-content\/uploads\/2023\/06\/raiseyouredge-624x411.webp 624w\" sizes=\"auto, (max-width: 1024px) 100vw, 1024px\" \/><\/a><figcaption class=\"wp-element-caption\">Segui il successo di Bencb su Raise Your Edge<\/figcaption><\/figure>\n\n\n\n<h2 class=\"wp-block-heading\">4. <a href=\"https:\/\/courses.poker\/\" target=\"_blank\" aria-label=\"undefined (opens in a new tab)\" rel=\"noreferrer noopener\">Courses.poker<\/a><\/h2>\n\n\n\n<p><a href=\"https:\/\/courses.poker\/\" target=\"_blank\" aria-label=\"undefined (opens in a new tab)\" rel=\"noreferrer noopener\">Courses.poker<\/a> \u00e8 una piattaforma per corsi di poker da vari autori &#8211; giocatori e coach di successo. Tutti i corsi sono verificati prima della pubblicazione, quindi non devi preoccuparti della qualit\u00e0 del materiale didattico. Il vantaggio della piattaforma \u00e8 una vasta gamma di corsi in diverse discipline di gioco, oltre ad altri componenti del poker professionale &#8211; psicologia, produttivit\u00e0 e motivazione.<\/p>\n\n\n\n<h2 class=\"wp-block-heading\">5. <a href=\"https:\/\/hand2noteguide.com\/it\/poker\/the-best-poker-preflop-charts-software\/\">FreeBetRange<\/a><\/h2>\n\n\n\n<p><a aria-label=\"undefined (opens in a new tab)\" href=\"https:\/\/freebetrange.com\/it\/\" target=\"_blank\" rel=\"noreferrer noopener\">Freebetrange<\/a> \u00e8 un&#8217;app di poker che ti permette di gestire, visualizzare e allenare i tuoi range preflop. Il tuo apprendimento del poker dovrebbe consistere non solo nella visione di video ma anche in un allenamento pratico. Freebetrange \u00e8 una delle migliori app di preflop sul mercato. Puoi caricare una strategia pre-flop gi\u00e0 pronta o crearla tu stesso in un editor conveniente. Poi, puoi praticare i tuoi ranges utilizzando il rivoluzionario <a aria-label=\"undefined (opens in a new tab)\" href=\"https:\/\/help.freebetrange.com\/it\/Trainer\/\" target=\"_blank\" rel=\"noreferrer noopener\">Preflop Trainer<\/a> a due modalit\u00e0.<\/p>\n\n\n\n<figure class=\"wp-block-image size-large\"><a href=\"https:\/\/freebetrange.com\/it\/\" target=\"_blank\" rel=\"noreferrer noopener\"><img loading=\"lazy\" decoding=\"async\" width=\"1024\" height=\"587\" src=\"https:\/\/hand2noteguide.com\/wp-content\/uploads\/2023\/06\/preflop-trainer-1024x587.webp\" alt=\"\" class=\"wp-image-6022\" srcset=\"https:\/\/hand2noteguide.com\/wp-content\/uploads\/2023\/06\/preflop-trainer-1024x587.webp 1024w, https:\/\/hand2noteguide.com\/wp-content\/uploads\/2023\/06\/preflop-trainer-300x172.webp 300w, https:\/\/hand2noteguide.com\/wp-content\/uploads\/2023\/06\/preflop-trainer-768x440.webp 768w, https:\/\/hand2noteguide.com\/wp-content\/uploads\/2023\/06\/preflop-trainer-1536x881.webp 1536w, https:\/\/hand2noteguide.com\/wp-content\/uploads\/2023\/06\/preflop-trainer-772x443.webp 772w, https:\/\/hand2noteguide.com\/wp-content\/uploads\/2023\/06\/preflop-trainer-624x358.webp 624w, https:\/\/hand2noteguide.com\/wp-content\/uploads\/2023\/06\/preflop-trainer.webp 2020w\" sizes=\"auto, (max-width: 1024px) 100vw, 1024px\" \/><\/a><\/figure>\n\n","protected":false},"excerpt":{"rendered":"<p>Il poker online \u00e8 diventato un gioco altamente competitivo e complesso che richiede abilit\u00e0, strategia e conoscenza per avere successo. Indipendentemente dal livello a cui ti trovi attualmente, devi costantemente imparare e migliorare le tue abilit\u00e0. In questo articolo, ti offriremo una selezione dei migliori siti di formazione di poker che puoi utilizzare per migliorare &hellip; <a href=\"https:\/\/hand2noteguide.com\/it\/poker\/5-best-online-poker-training-sites\/\" class=\"more-link\">Continue reading <span class=\"screen-reader-text\">Top 5 Siti di Formazione per il Poker Online per Migliorare le Abilit\u00e0<\/span><\/a><\/p>\n","protected":false},"author":1,"featured_media":0,"parent":7017,"menu_order":0,"comment_status":"closed","ping_status":"closed","template":"","meta":{"footnotes":""},"class_list":["post-5989","page","type-page","status-publish","hentry"],"translation":{"provider":"WPGlobus","version":"3.0.2","language":"it","enabled_languages":["en","ru","pt","zh","es","fr","de","it","ja"],"languages":{"en":{"title":true,"content":true,"excerpt":false},"ru":{"title":true,"content":true,"excerpt":false},"pt":{"title":true,"content":true,"excerpt":false},"zh":{"title":true,"content":true,"excerpt":false},"es":{"title":true,"content":true,"excerpt":false},"fr":{"title":true,"content":true,"excerpt":false},"de":{"title":true,"content":true,"excerpt":false},"it":{"title":true,"content":true,"excerpt":false},"ja":{"title":true,"content":true,"excerpt":false}}},"yoast_head":"<!-- This site is optimized with the Yoast SEO plugin v27.0 - https:\/\/yoast.com\/product\/yoast-seo-wordpress\/ -->\n<title>Top 5 Siti di Formazione per il Poker Online per Migliorare le Abilit\u00e0<\/title>\n<meta name=\"description\" content=\"5 Migliori Siti di Formazione per il Poker Online nel 2026 \u00b7 1. Getcoach.poker \u00b7 2. Run It Once \u00b7 3. Raise Your Edge \u00b7 4. Courses.poker \u00b7 5. FreeBetRange.\" \/>\n<meta name=\"robots\" content=\"index, follow, max-snippet:-1, max-image-preview:large, max-video-preview:-1\" \/>\n<link rel=\"canonical\" href=\"https:\/\/hand2noteguide.com\/pt\/poker\/5-best-online-poker-training-sites\/\" \/>\n<meta property=\"og:locale\" content=\"it_IT\" \/>\n<meta property=\"og:type\" content=\"article\" \/>\n<meta property=\"og:title\" content=\"Top 5 Siti di Formazione per il Poker Online per Migliorare le Abilit\u00e0\" \/>\n<meta property=\"og:description\" content=\"5 Migliori Siti di Formazione per il Poker Online nel 2026 \u00b7 1. Getcoach.poker \u00b7 2. Run It Once \u00b7 3. Raise Your Edge \u00b7 4. Courses.poker \u00b7 5. FreeBetRange.\" \/>\n<meta property=\"og:url\" content=\"https:\/\/hand2noteguide.com\/pt\/poker\/5-best-online-poker-training-sites\/\" \/>\n<meta property=\"og:site_name\" content=\"Hand2Note Guide\" \/>\n<meta property=\"article:modified_time\" content=\"2026-02-21T14:50:06+00:00\" \/>\n<meta property=\"og:image\" content=\"http:\/\/hand2noteguide.com\/wp-content\/uploads\/2024\/04\/getcoach-coaches-min-1024x766.webp\" \/>\n<meta name=\"twitter:card\" content=\"summary_large_image\" \/>\n<meta name=\"twitter:label1\" content=\"Est. reading time\" \/>\n\t<meta name=\"twitter:data1\" content=\"4 minutes\" \/>\n<!-- \/ Yoast SEO plugin. -->","yoast_head_json":{"title":"Top 5 Siti di Formazione per il Poker Online per Migliorare le Abilit\u00e0","description":"5 Migliori Siti di Formazione per il Poker Online nel 2026 \u00b7 1. Getcoach.poker \u00b7 2. Run It Once \u00b7 3. Raise Your Edge \u00b7 4. Courses.poker \u00b7 5. FreeBetRange.","robots":{"index":"index","follow":"follow","max-snippet":"max-snippet:-1","max-image-preview":"max-image-preview:large","max-video-preview":"max-video-preview:-1"},"canonical":"https:\/\/hand2noteguide.com\/pt\/poker\/5-best-online-poker-training-sites\/","og_locale":"it_IT","og_type":"article","og_title":"Top 5 Siti di Formazione per il Poker Online per Migliorare le Abilit\u00e0","og_description":"5 Migliori Siti di Formazione per il Poker Online nel 2026 \u00b7 1. Getcoach.poker \u00b7 2. Run It Once \u00b7 3. Raise Your Edge \u00b7 4. Courses.poker \u00b7 5. FreeBetRange.","og_url":"https:\/\/hand2noteguide.com\/pt\/poker\/5-best-online-poker-training-sites\/","og_site_name":"Hand2Note Guide","article_modified_time":"2026-02-21T14:50:06+00:00","og_image":[{"url":"http:\/\/hand2noteguide.com\/wp-content\/uploads\/2024\/04\/getcoach-coaches-min-1024x766.webp","type":"","width":"","height":""}],"twitter_card":"summary_large_image","twitter_misc":{"Est. reading time":"4 minutes"},"schema":{"@context":"https:\/\/schema.org","@graph":[]}},"jetpack_sharing_enabled":true,"_links":{"self":[{"href":"https:\/\/hand2noteguide.com\/it\/wp-json\/wp\/v2\/pages\/5989","targetHints":{"allow":["GET"]}}],"collection":[{"href":"https:\/\/hand2noteguide.com\/it\/wp-json\/wp\/v2\/pages"}],"about":[{"href":"https:\/\/hand2noteguide.com\/it\/wp-json\/wp\/v2\/types\/page"}],"author":[{"embeddable":true,"href":"https:\/\/hand2noteguide.com\/it\/wp-json\/wp\/v2\/users\/1"}],"replies":[{"embeddable":true,"href":"https:\/\/hand2noteguide.com\/it\/wp-json\/wp\/v2\/comments?post=5989"}],"version-history":[{"count":72,"href":"https:\/\/hand2noteguide.com\/it\/wp-json\/wp\/v2\/pages\/5989\/revisions"}],"predecessor-version":[{"id":15248,"href":"https:\/\/hand2noteguide.com\/it\/wp-json\/wp\/v2\/pages\/5989\/revisions\/15248"}],"up":[{"embeddable":true,"href":"https:\/\/hand2noteguide.com\/it\/wp-json\/wp\/v2\/pages\/7017"}],"wp:attachment":[{"href":"https:\/\/hand2noteguide.com\/it\/wp-json\/wp\/v2\/media?parent=5989"}],"curies":[{"name":"wp","href":"https:\/\/api.w.org\/{rel}","templated":true}]}}