{"id":6096,"date":"2024-03-14T14:01:58","date_gmt":"2024-03-14T11:01:58","guid":{"rendered":"https:\/\/hand2noteguide.com\/?page_id=6096"},"modified":"2026-02-21T16:09:45","modified_gmt":"2026-02-21T13:09:45","slug":"gto-wizard-discount","status":"publish","type":"page","link":"https:\/\/hand2noteguide.com\/it\/poker\/poker-gto\/gto-wizard-review\/gto-wizard-discount\/","title":{"rendered":"GTO Wizard: Sconto -10% e Bonus!"},"content":{"rendered":"\n<p>Per ottenere <strong>uno sconto immediato del 10%<\/strong> su qualsiasi acquisto di abbonamento a GTO Wizard, segui questi 3 semplici passaggi:<\/p>\n\n\n\n<div class=\"green-block\">\n<p><strong>1.<\/strong> Apri il sito di GTO Wizard con <a href=\"https:\/\/gtowizard.com\/p\/nickkorolev\" target=\"_blank\" rel=\"noopener sponsored\"><strong>il nostro link<\/strong><\/a><\/p>\n<p><strong>2.<\/strong> Crea un account ed effettua il login<\/p>\n<p><strong>3.<\/strong> Lo sconto del 10% verr\u00e0 applicato automaticamente a qualsiasi acquisto tu faccia.<\/p>\n<\/div>\n\n\n\n<p>Puoi anche copiare e incollare il link in una nuova scheda:<\/p>\n\n\n\n<pre>https:\/\/gtowizard.com\/p\/nickkorolev<\/pre>\n\n\n\n<p>Una volta effettuato l&#8217;accesso, vedrai il messaggio che indica che hai uno sconto grazie a nickkorolev.<\/p>\n\n\n\n<figure class=\"wp-block-image size-large\"><a href=\"https:\/\/gtowizard.com\/p\/nickkorolev\" target=\"_blank\" rel=\"noreferrer noopener\"><img loading=\"lazy\" decoding=\"async\" width=\"1024\" height=\"556\" src=\"https:\/\/hand2noteguide.com\/wp-content\/uploads\/2024\/03\/gto-wizard-discount-1-min-1024x556.webp\" alt=\"GTO Wizard discount\" class=\"wp-image-6145\" srcset=\"https:\/\/hand2noteguide.com\/wp-content\/uploads\/2024\/03\/gto-wizard-discount-1-min-1024x556.webp 1024w, https:\/\/hand2noteguide.com\/wp-content\/uploads\/2024\/03\/gto-wizard-discount-1-min-300x163.webp 300w, https:\/\/hand2noteguide.com\/wp-content\/uploads\/2024\/03\/gto-wizard-discount-1-min-768x417.webp 768w, https:\/\/hand2noteguide.com\/wp-content\/uploads\/2024\/03\/gto-wizard-discount-1-min-1536x834.webp 1536w, https:\/\/hand2noteguide.com\/wp-content\/uploads\/2024\/03\/gto-wizard-discount-1-min-2048x1112.webp 2048w, https:\/\/hand2noteguide.com\/wp-content\/uploads\/2024\/03\/gto-wizard-discount-1-min-772x419.webp 772w, https:\/\/hand2noteguide.com\/wp-content\/uploads\/2024\/03\/gto-wizard-discount-1-min-624x339.webp 624w\" sizes=\"auto, (max-width: 1024px) 100vw, 1024px\" \/><\/a><\/figure>\n\n\n\n<h2 class=\"wp-block-heading\">Pi\u00f9 di uno sconto<\/h2>\n\n\n\n<p>La nostra offerta ti d\u00e0 un bonus extra. Se ti iscrivi con <a href=\"https:\/\/gtowizard.com\/p\/nickkorolev\" target=\"_blank\" rel=\"noreferrer noopener sponsored\"><strong>il nostro link<\/strong><\/a> e acquisti qualsiasi piano <strong>annuale<\/strong> di GTO Wizard, riceverai anche <a href=\"https:\/\/hand2noteguide.com\/it\/poker\/the-best-poker-preflop-charts-software\/\"><strong>Freebetrange<\/strong><\/a><strong> 60 giorni di licenza PRO gratuita<\/strong>. Freebetrange supporta il formato delle range di GTO Wizard. Pertanto, puoi combinare perfettamente questi 2 strumenti: studia le range GTO nel Wizard e crea la tua strategia preflop personalizzata in Freebetrange.<\/p>\n\n\n\n<figure class=\"wp-block-image size-large\"><a href=\"https:\/\/freebetrange.com\/\" target=\"_blank\" rel=\"noopener\"><img loading=\"lazy\" decoding=\"async\" width=\"1024\" height=\"622\" src=\"https:\/\/hand2noteguide.com\/wp-content\/uploads\/2024\/03\/freebetrange-min-1024x622.webp\" alt=\"Freebetrange range editor\" class=\"wp-image-6150\" srcset=\"https:\/\/hand2noteguide.com\/wp-content\/uploads\/2024\/03\/freebetrange-min-1024x622.webp 1024w, https:\/\/hand2noteguide.com\/wp-content\/uploads\/2024\/03\/freebetrange-min-300x182.webp 300w, https:\/\/hand2noteguide.com\/wp-content\/uploads\/2024\/03\/freebetrange-min-768x467.webp 768w, https:\/\/hand2noteguide.com\/wp-content\/uploads\/2024\/03\/freebetrange-min-1536x933.webp 1536w, https:\/\/hand2noteguide.com\/wp-content\/uploads\/2024\/03\/freebetrange-min-2048x1245.webp 2048w, https:\/\/hand2noteguide.com\/wp-content\/uploads\/2024\/03\/freebetrange-min-772x469.webp 772w, https:\/\/hand2noteguide.com\/wp-content\/uploads\/2024\/03\/freebetrange-min-624x379.webp 624w\" sizes=\"auto, (max-width: 1024px) 100vw, 1024px\" \/><\/a><\/figure>\n\n\n\n<p>Per ottenere questo bonus, devi creare un account Freebetrange e <a href=\"https:\/\/hand2noteguide.com\/it\/contact-us\/\">contattarci<\/a>. La tua licenza PRO verr\u00e0 attivata automaticamente entro 24 ore dall&#8217;acquisto di GTO Wizard.<\/p>\n\n\n\n<h2 class=\"wp-block-heading\">Cosa fare se lo sconto non funziona?<\/h2>\n\n\n\n<p>Assicurati di creare <strong>un nuovo account<\/strong>. Perch\u00e9 se hai un account esistente con acquisti effettuati in passato, gli sconti non sono applicabili. <a href=\"https:\/\/hand2noteguide.com\/it\/contact-us\/\">Contattaci<\/a> se sei sicuro di effettuare un primo acquisto ma lo sconto ancora non funziona.<\/p>\n\n\n\n<h2 class=\"wp-block-heading\">Perch\u00e9 dovrei acquistare GTO Wizard?<\/h2>\n\n\n\n<p>Non importa a che livello giochi, per essere un giocatore solido e vincente, devi imparare il GTO. Ovviamente devi sfruttare gli errori degli altri giocatori &#8211; \u00e8 cos\u00ec che si guadagna nel poker. E per sfruttare, devi deviare dalle range GTO. Ma come puoi deviare se non conosci le range GTO in primo luogo? Se non hai una solida base GTO nella tua testa, le tue range saranno troppo casuali e sarai anche molto sfruttabile contro altri giocatori professionisti.<\/p>\n\n\n\n<figure class=\"wp-block-image size-large\"><a href=\"https:\/\/hand2noteguide.com\/it\/gto-wizard-discount\/gto-wizard-app-min\/\" target=\"_blank\" rel=\"noreferrer noopener\"><img loading=\"lazy\" decoding=\"async\" width=\"1024\" height=\"632\" src=\"https:\/\/hand2noteguide.com\/wp-content\/uploads\/2024\/03\/gto-wizard-app-min-1024x632.webp\" alt=\"GTO Wizard app\" class=\"wp-image-6166\" srcset=\"https:\/\/hand2noteguide.com\/wp-content\/uploads\/2024\/03\/gto-wizard-app-min-1024x632.webp 1024w, https:\/\/hand2noteguide.com\/wp-content\/uploads\/2024\/03\/gto-wizard-app-min-300x185.webp 300w, https:\/\/hand2noteguide.com\/wp-content\/uploads\/2024\/03\/gto-wizard-app-min-768x474.webp 768w, https:\/\/hand2noteguide.com\/wp-content\/uploads\/2024\/03\/gto-wizard-app-min-1536x948.webp 1536w, https:\/\/hand2noteguide.com\/wp-content\/uploads\/2024\/03\/gto-wizard-app-min-2048x1264.webp 2048w, https:\/\/hand2noteguide.com\/wp-content\/uploads\/2024\/03\/gto-wizard-app-min-772x476.webp 772w, https:\/\/hand2noteguide.com\/wp-content\/uploads\/2024\/03\/gto-wizard-app-min-624x385.webp 624w\" sizes=\"auto, (max-width: 1024px) 100vw, 1024px\" \/><\/a><\/figure>\n\n\n\n<p>Quindi la necessit\u00e0 di studiare il GTO \u00e8 innegabile. GTO Wizard \u00e8 un&#8217;app perfetta nel <a href=\"https:\/\/hand2noteguide.com\/it\/poker\/5-best-online-poker-software\/\">tuo arsenale di strumenti per il poker<\/a> per soddisfarla pienamente. L&#8217;app funziona nel tuo browser, quindi non devi installare alcun software sul tuo PC. Tutte le soluzioni sono pre-calcolate quindi non devi aspettare per risolvere uno spot specifico. L&#8217;applicazione funziona rapidamente e senza intoppi, e contiene anche una serie di funzionalit\u00e0 di allenamento convenienti che scoprirai gradualmente man mano che la utilizzi.<\/p>\n\n\n\n<p>Scopri di pi\u00f9 sulle funzionalit\u00e0 di GTO Wizard nel nostro articolo <a href=\"https:\/\/hand2noteguide.com\/it\/poker\/poker-gto\/gto-wizard-review\/\">GTO Wizard Review<\/a>.<\/p>\n\n\n\n<h2 class=\"wp-block-heading\">Quale piano di abbonamento \u00e8 adatto a me?<\/h2>\n\n\n\n<p>Subito dopo l&#8217;iscrizione ti verr\u00e0 chiesto di selezionare il tuo tipo di gioco:<\/p>\n\n\n\n<ul class=\"wp-block-list\">\n<li>Giochi di cash classici<\/li>\n\n\n\n<li>MTT<\/li>\n\n\n\n<li>Spin&amp;Go<\/li>\n\n\n\n<li>HU SNG<\/li>\n\n\n\n<li>Giochi di cash con Straddle &amp; Ante<\/li>\n<\/ul>\n\n\n\n<p>Non preoccuparti, se hai bisogno di pi\u00f9 di un tipo di gioco, puoi selezionarne altri in seguito.<\/p>\n\n\n\n<figure class=\"wp-block-image size-large\"><a href=\"https:\/\/hand2noteguide.com\/it\/gto-wizard-discount\/gto-wizard-plans-1-min\/\" target=\"_blank\" rel=\"noreferrer noopener\"><img loading=\"lazy\" decoding=\"async\" width=\"1024\" height=\"631\" src=\"https:\/\/hand2noteguide.com\/wp-content\/uploads\/2024\/03\/gto-wizard-plans-1-min-1024x631.webp\" alt=\"GTO Wizard choose a poker game type\" class=\"wp-image-6159\" srcset=\"https:\/\/hand2noteguide.com\/wp-content\/uploads\/2024\/03\/gto-wizard-plans-1-min-1024x631.webp 1024w, https:\/\/hand2noteguide.com\/wp-content\/uploads\/2024\/03\/gto-wizard-plans-1-min-300x185.webp 300w, https:\/\/hand2noteguide.com\/wp-content\/uploads\/2024\/03\/gto-wizard-plans-1-min-768x474.webp 768w, https:\/\/hand2noteguide.com\/wp-content\/uploads\/2024\/03\/gto-wizard-plans-1-min-1536x947.webp 1536w, https:\/\/hand2noteguide.com\/wp-content\/uploads\/2024\/03\/gto-wizard-plans-1-min-2048x1263.webp 2048w, https:\/\/hand2noteguide.com\/wp-content\/uploads\/2024\/03\/gto-wizard-plans-1-min-772x476.webp 772w, https:\/\/hand2noteguide.com\/wp-content\/uploads\/2024\/03\/gto-wizard-plans-1-min-624x385.webp 624w\" sizes=\"auto, (max-width: 1024px) 100vw, 1024px\" \/><\/a><\/figure>\n\n\n\n<p>Ogni tipo di gioco offre cinque piani di abbonamento: <strong>Free, Starter, Premium, Elite e Ultra<\/strong>. Differiscono per funzionalit\u00e0, limiti di analisi e capacit\u00e0 del solver.<\/p>\n\n\n\n<p>Tutti i livelli a pagamento forniscono accesso alla libreria delle soluzioni postflop. Tuttavia, i limiti variano significativamente:<\/p>\n\n\n\n<ul class=\"wp-block-list\">\n<li><strong>Starter:<\/strong> Analizza fino a 50 storie di mani al mese e allenati solo su spot con profondit\u00e0 di 100bb.<\/li>\n\n\n\n<li><strong>Premium:<\/strong> Analizza fino a 100.000 mani al mese con tutte le dimensioni degli stack disponibili in modalit\u00e0 Pratica.<\/li>\n\n\n\n<li><strong>Elite:<\/strong> Aumenta il limite di analisi a 150.000 mani e sblocca il <strong>Node Locking 2.0<\/strong>, permettendoti di regolare la strategia di un avversario per trovare gli exploit massimi.<\/li>\n<\/ul>\n\n\n\n<p>La funzionalit\u00e0 di punta dei piani di livello superiore \u00e8 <strong>GTO Wizard AI (precedentemente Ruse AI)<\/strong>. Mentre il piano <strong>Elite<\/strong> ti consente di risolvere spot personalizzati Heads-Up e modificare range o dimensioni degli stack, il nuovo piano <strong>Ultra<\/strong> porta tutto al livello successivo con la <strong>Risoluzione AI Multiway Illimitata<\/strong>. Questo ti permette di risolvere rapidamente qualsiasi situazione preflop o postflop con fino a 9 giocatori, anche se non \u00e8 nella libreria.<\/p>\n\n\n<div class=\"wp-block-h2n-alert h2n-alert h2n-alert--info\"><div class=\"h2n-alert__icon\" aria-hidden=\"true\"><svg width=\"22\" height=\"22\" viewBox=\"0 0 24 24\" fill=\"none\" stroke=\"currentColor\" stroke-width=\"2\" stroke-linecap=\"round\" stroke-linejoin=\"round\"><circle cx=\"12\" cy=\"12\" r=\"10\"\/><line x1=\"12\" y1=\"16\" x2=\"12\" y2=\"12\"\/><circle cx=\"12\" cy=\"8\" r=\"1\" fill=\"currentColor\" stroke=\"none\"\/><\/svg><\/div><div class=\"h2n-alert__content\">Puoi saperne di pi\u00f9 sui piani a pagamento dal nostro articolo <a href=\"https:\/\/hand2noteguide.com\/it\/gto-wizard-price\/\">GTO Wizard Pricing Overview<\/a>.<\/div><\/div>\n\n\n<p>Rivedi l&#8217;elenco delle funzionalit\u00e0 disponibili in ciascun piano. Quindi scegli quello che meglio si adatta ai tuoi obiettivi di allenamento nel poker.<\/p>\n\n\n\n<h2 class=\"wp-block-heading\">Esiste un codice promozionale o coupon per GTO Wizard?<\/h2>\n\n\n\n<p>No, l&#8217;app non ti offre la possibilit\u00e0 di inserire coupon. Per ottenere uno sconto, devi iscriverti con un link speciale:<\/p>\n\n\n\n<pre>https:\/\/gtowizard.com\/p\/nickkorolev<\/pre>\n\n\n\n<p>Dopo l&#8217;iscrizione, vai alla pagina di checkout. Vedrai che il tuo codice sconto GTO Wizard &#8220;nickkorolev&#8221; \u00e8 gi\u00e0 stato applicato. Questo \u00e8 l&#8217;unico modo per ottenere un prezzo scontato sullo strumento GTO Wizard.<\/p>\n\n\n\n<p>Usa la nostra offerta per iniziare il tuo viaggio con <a href=\"\/it\/poker\/5-best-online-poker-software\/\">il miglior software GTO<\/a> al miglior prezzo.<\/p>\n\n\n\n<p style=\"margin-top:24px\"><a target=\"_blank\" class=\"article-action-link\" href=\"https:\/\/gtowizard.com\/p\/nickkorolev\" rel=\"noopener sponsored\">Ottieni GTO Wizard con il 10% di sconto \u2192<\/a><\/p>\n","protected":false},"excerpt":{"rendered":"<p>Per ottenere uno sconto immediato del 10% su qualsiasi acquisto di abbonamento a GTO Wizard, segui questi 3 semplici passaggi: 1. Apri il sito di GTO Wizard con il nostro link 2. Crea un account ed effettua il login 3. Lo sconto del 10% verr\u00e0 applicato automaticamente a qualsiasi acquisto tu faccia. Puoi anche copiare &hellip; <a href=\"https:\/\/hand2noteguide.com\/it\/poker\/poker-gto\/gto-wizard-review\/gto-wizard-discount\/\" class=\"more-link\">Continue reading <span class=\"screen-reader-text\">GTO Wizard: Sconto -10% e Bonus!<\/span><\/a><\/p>\n","protected":false},"author":1,"featured_media":0,"parent":6182,"menu_order":0,"comment_status":"closed","ping_status":"closed","template":"","meta":{"footnotes":""},"class_list":["post-6096","page","type-page","status-publish","hentry"],"translation":{"provider":"WPGlobus","version":"3.0.2","language":"it","enabled_languages":["en","ru","pt","zh","es","fr","de","it","ja"],"languages":{"en":{"title":true,"content":true,"excerpt":false},"ru":{"title":true,"content":true,"excerpt":false},"pt":{"title":true,"content":true,"excerpt":false},"zh":{"title":true,"content":true,"excerpt":false},"es":{"title":true,"content":true,"excerpt":false},"fr":{"title":true,"content":true,"excerpt":false},"de":{"title":true,"content":true,"excerpt":false},"it":{"title":true,"content":true,"excerpt":false},"ja":{"title":true,"content":true,"excerpt":false}}},"yoast_head":"<!-- This site is optimized with the Yoast SEO plugin v27.0 - https:\/\/yoast.com\/product\/yoast-seo-wordpress\/ -->\n<title>Sconto GTO Wizard - 10% su qualsiasi abbonamento + Bonus<\/title>\n<meta name=\"description\" content=\"Ottieni l&#039;app di poker GTO numero 1 con uno sconto e un bonus. Usa il nostro link per iscriverti e goditi uno sconto immediato del 10% su qualsiasi acquisto effettuato nell&#039;app.\" \/>\n<meta name=\"robots\" content=\"index, follow, max-snippet:-1, max-image-preview:large, max-video-preview:-1\" \/>\n<link rel=\"canonical\" href=\"https:\/\/hand2noteguide.com\/poker\/poker-gto\/gto-wizard-review\/gto-wizard-discount\/\" \/>\n<meta property=\"og:locale\" content=\"it_IT\" \/>\n<meta property=\"og:type\" content=\"article\" \/>\n<meta property=\"og:title\" content=\"Sconto GTO Wizard - 10% su qualsiasi abbonamento + Bonus\" \/>\n<meta property=\"og:description\" content=\"Ottieni l&#039;app di poker GTO numero 1 con uno sconto e un bonus. Usa il nostro link per iscriverti e goditi uno sconto immediato del 10% su qualsiasi acquisto effettuato nell&#039;app.\" \/>\n<meta property=\"og:url\" content=\"https:\/\/hand2noteguide.com\/poker\/poker-gto\/gto-wizard-review\/gto-wizard-discount\/\" \/>\n<meta property=\"og:site_name\" content=\"Hand2Note Guide\" \/>\n<meta property=\"article:modified_time\" content=\"2026-02-21T13:09:45+00:00\" \/>\n<meta property=\"og:image\" content=\"https:\/\/hand2noteguide.com\/wp-content\/uploads\/2024\/03\/gto-wizard-discount-1-min-1024x556.webp\" \/>\n<meta name=\"twitter:card\" content=\"summary_large_image\" \/>\n<meta name=\"twitter:label1\" content=\"Est. reading time\" \/>\n\t<meta name=\"twitter:data1\" content=\"5 minutes\" \/>\n<!-- \/ Yoast SEO plugin. -->","yoast_head_json":{"title":"Sconto GTO Wizard - 10% su qualsiasi abbonamento + Bonus","description":"Ottieni l'app di poker GTO numero 1 con uno sconto e un bonus. Usa il nostro link per iscriverti e goditi uno sconto immediato del 10% su qualsiasi acquisto effettuato nell'app.","robots":{"index":"index","follow":"follow","max-snippet":"max-snippet:-1","max-image-preview":"max-image-preview:large","max-video-preview":"max-video-preview:-1"},"canonical":"https:\/\/hand2noteguide.com\/poker\/poker-gto\/gto-wizard-review\/gto-wizard-discount\/","og_locale":"it_IT","og_type":"article","og_title":"Sconto GTO Wizard - 10% su qualsiasi abbonamento + Bonus","og_description":"Ottieni l'app di poker GTO numero 1 con uno sconto e un bonus. Usa il nostro link per iscriverti e goditi uno sconto immediato del 10% su qualsiasi acquisto effettuato nell'app.","og_url":"https:\/\/hand2noteguide.com\/poker\/poker-gto\/gto-wizard-review\/gto-wizard-discount\/","og_site_name":"Hand2Note Guide","article_modified_time":"2026-02-21T13:09:45+00:00","og_image":[{"url":"https:\/\/hand2noteguide.com\/wp-content\/uploads\/2024\/03\/gto-wizard-discount-1-min-1024x556.webp","type":"","width":"","height":""}],"twitter_card":"summary_large_image","twitter_misc":{"Est. reading time":"5 minutes"},"schema":{"@context":"https:\/\/schema.org","@graph":[]}},"jetpack_sharing_enabled":true,"_links":{"self":[{"href":"https:\/\/hand2noteguide.com\/it\/wp-json\/wp\/v2\/pages\/6096","targetHints":{"allow":["GET"]}}],"collection":[{"href":"https:\/\/hand2noteguide.com\/it\/wp-json\/wp\/v2\/pages"}],"about":[{"href":"https:\/\/hand2noteguide.com\/it\/wp-json\/wp\/v2\/types\/page"}],"author":[{"embeddable":true,"href":"https:\/\/hand2noteguide.com\/it\/wp-json\/wp\/v2\/users\/1"}],"replies":[{"embeddable":true,"href":"https:\/\/hand2noteguide.com\/it\/wp-json\/wp\/v2\/comments?post=6096"}],"version-history":[{"count":128,"href":"https:\/\/hand2noteguide.com\/it\/wp-json\/wp\/v2\/pages\/6096\/revisions"}],"predecessor-version":[{"id":15222,"href":"https:\/\/hand2noteguide.com\/it\/wp-json\/wp\/v2\/pages\/6096\/revisions\/15222"}],"up":[{"embeddable":true,"href":"https:\/\/hand2noteguide.com\/it\/wp-json\/wp\/v2\/pages\/6182"}],"wp:attachment":[{"href":"https:\/\/hand2noteguide.com\/it\/wp-json\/wp\/v2\/media?parent=6096"}],"curies":[{"name":"wp","href":"https:\/\/api.w.org\/{rel}","templated":true}]}}