{"id":6182,"date":"2024-03-16T13:26:25","date_gmt":"2024-03-16T10:26:25","guid":{"rendered":"https:\/\/hand2noteguide.com\/?page_id=6182"},"modified":"2026-02-23T12:09:58","modified_gmt":"2026-02-23T09:09:58","slug":"gto-wizard-review","status":"publish","type":"page","link":"https:\/\/hand2noteguide.com\/it\/poker\/poker-gto\/gto-wizard-review\/","title":{"rendered":"Recensione di GTO Wizard"},"content":{"rendered":"\n<p>In questo articolo, esamineremo le caratteristiche principali di GTO Wizard &#8211; il software GTO definitivo per i giocatori di poker. Non importa a che livello sei ora &#8211; dai micro ai high stakes. Nel poker online moderno, devi almeno avere una comprensione di base del GTO. Ma Wizard ti offre molto pi\u00f9 di una comprensione di base. Ti permette di studiare il GTO in modo molto approfondito ma allo stesso tempo rapido ed efficiente. Diamo un&#8217;occhiata.<\/p>\n\n\n\n<h2 class=\"wp-block-heading\">Cos&#8217;\u00e8 GTO Wizard?<\/h2>\n\n\n\n<p>In breve, GTO Wizard \u00e8 un&#8217;applicazione pokeristica basata sul web per studiare il <a href=\"https:\/\/hand2noteguide.com\/it\/poker\/poker-gto\/\">GTO<\/a>.<\/p>\n\n\n\n<figure class=\"wp-block-image size-large\"><a href=\"https:\/\/gtowizard.com\/p\/nickkorolev\" target=\"_blank\" rel=\"noopener\"><img loading=\"lazy\" decoding=\"async\" width=\"1024\" height=\"660\" src=\"https:\/\/hand2noteguide.com\/wp-content\/uploads\/2024\/03\/1-gto-wizard-main-min-1024x660.webp\" alt=\"GTO Wizard review\" class=\"wp-image-6208\" srcset=\"https:\/\/hand2noteguide.com\/wp-content\/uploads\/2024\/03\/1-gto-wizard-main-min-1024x660.webp 1024w, https:\/\/hand2noteguide.com\/wp-content\/uploads\/2024\/03\/1-gto-wizard-main-min-300x193.webp 300w, https:\/\/hand2noteguide.com\/wp-content\/uploads\/2024\/03\/1-gto-wizard-main-min-768x495.webp 768w, https:\/\/hand2noteguide.com\/wp-content\/uploads\/2024\/03\/1-gto-wizard-main-min-1536x989.webp 1536w, https:\/\/hand2noteguide.com\/wp-content\/uploads\/2024\/03\/1-gto-wizard-main-min-2048x1319.webp 2048w, https:\/\/hand2noteguide.com\/wp-content\/uploads\/2024\/03\/1-gto-wizard-main-min-772x497.webp 772w, https:\/\/hand2noteguide.com\/wp-content\/uploads\/2024\/03\/1-gto-wizard-main-min-624x402.webp 624w\" sizes=\"auto, (max-width: 1024px) 100vw, 1024px\" \/><\/a><\/figure>\n\n\n\n<p>Prima di tutto, ha una libreria con pi\u00f9 di 10 milioni di situazioni pre-risolte per preflop e postflop. Sono supportati tutti i formati di giochi Cash, heads-up SNGs, MTTs e Spins. La seconda caratteristica principale del software \u00e8 la possibilit\u00e0 di praticare la strategia GTO. E la terza \u00e8 l&#8217;Analisi, cio\u00e8 caricare le tue cronologie delle mani ed esplorare i report su come hai giocato correttamente dal punto di vista del GTO. Esamineremo ciascuna di queste funzioni in dettaglio pi\u00f9 avanti in questo articolo.<\/p>\n\n\n\n<h2 class=\"wp-block-heading\">Creare un account e Accedere<\/h2>\n\n\n\n<p>Puoi accedere all&#8217;app in un paio di clic. Usa il tuo account Google, Facebook o Apple.<\/p>\n\n\n\n<div class=\"green-block\" style=\"margin:16px 0 24px 0\">\n<p style=\"margin-bottom:0\">Assicurati di aprire il sito web di GTO Wizard con il link <a href=\"https:\/\/gtowizard.com\/p\/nickkorolev\" target=\"_blank\" rel=\"sponsored noopener\">https:\/\/gtowizard.com\/p\/nickkorolev<\/a> prima di creare un account.<br>In questo modo otterrai un <b>sconto del 10% sull&#8217;acquisto dell&#8217;abbonamento<\/b> e una licenza Freebetrange PRO gratuita.<br><a href=\"\/it\/poker\/poker-gto\/gto-wizard-review\/gto-wizard-discount\/\">Maggiori informazioni su questa offerta \u2192<\/a><\/p>\n<\/div>\n\n\n\n<figure class=\"wp-block-image size-large is-resized\"><a href=\"https:\/\/hand2noteguide.com\/?attachment_id=6209\" target=\"_blank\" rel=\"noreferrer noopener\"><img loading=\"lazy\" decoding=\"async\" src=\"https:\/\/hand2noteguide.com\/wp-content\/uploads\/2024\/03\/2-gto-wizard-login-min-1024x685.webp\" alt=\"GTO Wizard sign in\" class=\"wp-image-6209\" width=\"840\" height=\"561\" srcset=\"https:\/\/hand2noteguide.com\/wp-content\/uploads\/2024\/03\/2-gto-wizard-login-min-1024x685.webp 1024w, https:\/\/hand2noteguide.com\/wp-content\/uploads\/2024\/03\/2-gto-wizard-login-min-300x201.webp 300w, https:\/\/hand2noteguide.com\/wp-content\/uploads\/2024\/03\/2-gto-wizard-login-min-768x514.webp 768w, https:\/\/hand2noteguide.com\/wp-content\/uploads\/2024\/03\/2-gto-wizard-login-min-1536x1028.webp 1536w, https:\/\/hand2noteguide.com\/wp-content\/uploads\/2024\/03\/2-gto-wizard-login-min-772x517.webp 772w, https:\/\/hand2noteguide.com\/wp-content\/uploads\/2024\/03\/2-gto-wizard-login-min-624x418.webp 624w, https:\/\/hand2noteguide.com\/wp-content\/uploads\/2024\/03\/2-gto-wizard-login-min.webp 2031w\" sizes=\"auto, (max-width: 840px) 100vw, 840px\" \/><\/a><figcaption class=\"wp-element-caption\">Accesso a GTO Wizard<\/figcaption><\/figure>\n\n\n\n<p>Non appena entri nell&#8217;app, vedrai una dashboard con tutte le funzionalit\u00e0 principali, le statistiche del trainer e dell&#8217;analizzatore, e un blocco di notizie con gli ultimi articoli e video.<\/p>\n\n\n\n<figure class=\"wp-block-image size-large\"><a href=\"https:\/\/hand2noteguide.com\/?attachment_id=6210\" target=\"_blank\" rel=\"noreferrer noopener\"><img loading=\"lazy\" decoding=\"async\" width=\"1024\" height=\"664\" src=\"https:\/\/hand2noteguide.com\/wp-content\/uploads\/2024\/03\/3-gto-wizard-main-min-1024x664.webp\" alt=\"GTO Wizard user dashboard\" class=\"wp-image-6210\" srcset=\"https:\/\/hand2noteguide.com\/wp-content\/uploads\/2024\/03\/3-gto-wizard-main-min-1024x664.webp 1024w, https:\/\/hand2noteguide.com\/wp-content\/uploads\/2024\/03\/3-gto-wizard-main-min-300x194.webp 300w, https:\/\/hand2noteguide.com\/wp-content\/uploads\/2024\/03\/3-gto-wizard-main-min-768x498.webp 768w, https:\/\/hand2noteguide.com\/wp-content\/uploads\/2024\/03\/3-gto-wizard-main-min-1536x996.webp 1536w, https:\/\/hand2noteguide.com\/wp-content\/uploads\/2024\/03\/3-gto-wizard-main-min-2048x1327.webp 2048w, https:\/\/hand2noteguide.com\/wp-content\/uploads\/2024\/03\/3-gto-wizard-main-min-772x500.webp 772w, https:\/\/hand2noteguide.com\/wp-content\/uploads\/2024\/03\/3-gto-wizard-main-min-624x404.webp 624w\" sizes=\"auto, (max-width: 1024px) 100vw, 1024px\" \/><\/a><figcaption class=\"wp-element-caption\">Dashboard Utente di GTO Wizard<\/figcaption><\/figure>\n\n\n\n<p>Iniziamo con una delle funzioni principali &#8211; la libreria delle soluzioni pre-calcolate. Per accedervi, seleziona &#8220;Study&#8221; sulla Dashboard.<\/p>\n\n\n\n<h2 class=\"wp-block-heading\">Libreria delle soluzioni pre-risolte<\/h2>\n\n\n\n<p>In questa pagina, puoi configurare i parametri di gioco (1), e poi navigare facilmente tra i range (2).<\/p>\n\n\n\n<figure class=\"wp-block-image size-large\"><img loading=\"lazy\" decoding=\"async\" width=\"1024\" height=\"586\" src=\"https:\/\/hand2noteguide.com\/wp-content\/uploads\/2024\/03\/4-gto-wizard-library-1-2-min-1024x586.webp\" alt=\"GTO Wizard review the solution\" class=\"wp-image-6268\" srcset=\"https:\/\/hand2noteguide.com\/wp-content\/uploads\/2024\/03\/4-gto-wizard-library-1-2-min-1024x586.webp 1024w, https:\/\/hand2noteguide.com\/wp-content\/uploads\/2024\/03\/4-gto-wizard-library-1-2-min-300x172.webp 300w, https:\/\/hand2noteguide.com\/wp-content\/uploads\/2024\/03\/4-gto-wizard-library-1-2-min-768x440.webp 768w, https:\/\/hand2noteguide.com\/wp-content\/uploads\/2024\/03\/4-gto-wizard-library-1-2-min-1536x880.webp 1536w, https:\/\/hand2noteguide.com\/wp-content\/uploads\/2024\/03\/4-gto-wizard-library-1-2-min-2048x1173.webp 2048w, https:\/\/hand2noteguide.com\/wp-content\/uploads\/2024\/03\/4-gto-wizard-library-1-2-min-772x442.webp 772w, https:\/\/hand2noteguide.com\/wp-content\/uploads\/2024\/03\/4-gto-wizard-library-1-2-min-624x357.webp 624w\" sizes=\"auto, (max-width: 1024px) 100vw, 1024px\" \/><figcaption class=\"wp-element-caption\">GTO Range<\/figcaption><\/figure>\n\n\n\n<p>Nella simulazione, si presume che tutti i giocatori aderiscano alla strategia GTO. Puoi impostare qualsiasi sequenza di <a href=\"https:\/\/hand2noteguide.com\/it\/poker\/poker-actions\/\">azioni<\/a>, e poi vedere esattamente come un certo giocatore dovrebbe reagire in questa particolare situazione di gioco. Seleziona qualsiasi mano in una matrice di range, e vedrai l&#8217;equity (EV) di ogni azione.<\/p>\n\n\n\n<p>Puoi personalizzare il formato del gioco in modo molto flessibile. Molti parametri sono a tua disposizione &#8211; giochi classici, ante, straddle; tavoli HU, short-handed e full-ring; dimensioni dello stack e delle puntate; struttura del rake e altro ancora.<\/p>\n\n\n\n<figure class=\"wp-block-image size-large\"><img loading=\"lazy\" decoding=\"async\" width=\"1024\" height=\"697\" src=\"https:\/\/hand2noteguide.com\/wp-content\/uploads\/2024\/03\/5-gto-wizard-game-types-min-1024x697.webp\" alt=\"GTO Wizard game format settings\" class=\"wp-image-6277\" srcset=\"https:\/\/hand2noteguide.com\/wp-content\/uploads\/2024\/03\/5-gto-wizard-game-types-min-1024x697.webp 1024w, https:\/\/hand2noteguide.com\/wp-content\/uploads\/2024\/03\/5-gto-wizard-game-types-min-300x204.webp 300w, https:\/\/hand2noteguide.com\/wp-content\/uploads\/2024\/03\/5-gto-wizard-game-types-min-768x523.webp 768w, https:\/\/hand2noteguide.com\/wp-content\/uploads\/2024\/03\/5-gto-wizard-game-types-min-1536x1046.webp 1536w, https:\/\/hand2noteguide.com\/wp-content\/uploads\/2024\/03\/5-gto-wizard-game-types-min-772x526.webp 772w, https:\/\/hand2noteguide.com\/wp-content\/uploads\/2024\/03\/5-gto-wizard-game-types-min-624x425.webp 624w, https:\/\/hand2noteguide.com\/wp-content\/uploads\/2024\/03\/5-gto-wizard-game-types-min.webp 1893w\" sizes=\"auto, (max-width: 1024px) 100vw, 1024px\" \/><figcaption class=\"wp-element-caption\">Libreria delle Soluzioni GTO<\/figcaption><\/figure>\n\n\n\n<p>Quindi nella sezione &#8220;Study&#8221; puoi visualizzare e studiare i GTO range. Passeremo ora alla sezione &#8220;Practice&#8221;, in cui puoi metterti alla prova su quanto accuratamente puoi seguire i range GTO nel gioco.<\/p>\n\n\n\n<h2 class=\"wp-block-heading\">GTO Trainer<\/h2>\n\n\n\n<p>Nella sezione &#8220;Practice&#8221; puoi allenarti con i range GTO e anche rivedere le statistiche dettagliate dei tuoi allenamenti.<\/p>\n\n\n\n<figure class=\"wp-block-image size-large\"><img loading=\"lazy\" decoding=\"async\" width=\"1024\" height=\"616\" src=\"https:\/\/hand2noteguide.com\/wp-content\/uploads\/2024\/03\/6-gto-wizard-practice-min-1024x616.webp\" alt=\"GTO Wizard practice section\" class=\"wp-image-6306\" srcset=\"https:\/\/hand2noteguide.com\/wp-content\/uploads\/2024\/03\/6-gto-wizard-practice-min-1024x616.webp 1024w, https:\/\/hand2noteguide.com\/wp-content\/uploads\/2024\/03\/6-gto-wizard-practice-min-300x181.webp 300w, https:\/\/hand2noteguide.com\/wp-content\/uploads\/2024\/03\/6-gto-wizard-practice-min-768x462.webp 768w, https:\/\/hand2noteguide.com\/wp-content\/uploads\/2024\/03\/6-gto-wizard-practice-min-1536x925.webp 1536w, https:\/\/hand2noteguide.com\/wp-content\/uploads\/2024\/03\/6-gto-wizard-practice-min-2048x1233.webp 2048w, https:\/\/hand2noteguide.com\/wp-content\/uploads\/2024\/03\/6-gto-wizard-practice-min-772x465.webp 772w, https:\/\/hand2noteguide.com\/wp-content\/uploads\/2024\/03\/6-gto-wizard-practice-min-624x376.webp 624w\" sizes=\"auto, (max-width: 1024px) 100vw, 1024px\" \/><figcaption class=\"wp-element-caption\">GTO Trainer<\/figcaption><\/figure>\n\n\n\n<p>La funzione pi\u00f9 popolare qui \u00e8 &#8220;Trainer&#8221; che simula un vero gioco contro avversari GTO. Ogni azione che compi nel &#8220;gioco&#8221; verr\u00e0 classificata: Miglior mossa, Mossa corretta, Inaccuratezza, Mossa sbagliata o Errore. Come nella sezione Study, Trainer \u00e8 altamente personalizzabile &#8211; puoi impostare gli spot che vuoi allenare, la difficolt\u00e0, il numero di tavoli e cos\u00ec via.<\/p>\n\n\n\n<figure class=\"wp-block-image size-large\"><img loading=\"lazy\" decoding=\"async\" width=\"1024\" height=\"742\" src=\"https:\/\/hand2noteguide.com\/wp-content\/uploads\/2024\/03\/7-gto-wizard-trainer-min-1024x742.webp\" alt=\"Poker GTO Trainer\" class=\"wp-image-6307\" srcset=\"https:\/\/hand2noteguide.com\/wp-content\/uploads\/2024\/03\/7-gto-wizard-trainer-min-1024x742.webp 1024w, https:\/\/hand2noteguide.com\/wp-content\/uploads\/2024\/03\/7-gto-wizard-trainer-min-300x218.webp 300w, https:\/\/hand2noteguide.com\/wp-content\/uploads\/2024\/03\/7-gto-wizard-trainer-min-768x557.webp 768w, https:\/\/hand2noteguide.com\/wp-content\/uploads\/2024\/03\/7-gto-wizard-trainer-min-1536x1114.webp 1536w, https:\/\/hand2noteguide.com\/wp-content\/uploads\/2024\/03\/7-gto-wizard-trainer-min-2048x1485.webp 2048w, https:\/\/hand2noteguide.com\/wp-content\/uploads\/2024\/03\/7-gto-wizard-trainer-min-772x560.webp 772w, https:\/\/hand2noteguide.com\/wp-content\/uploads\/2024\/03\/7-gto-wizard-trainer-min-624x452.webp 624w\" sizes=\"auto, (max-width: 1024px) 100vw, 1024px\" \/><figcaption class=\"wp-element-caption\">GTO Trainer in azione<\/figcaption><\/figure>\n\n\n\n<p>Successivamente andiamo alla sezione &#8220;Analyze&#8221; dove puoi eseguire l&#8217;analisi delle mani reali che hai giocato.<\/p>\n\n\n\n<h2 class=\"wp-block-heading\">Analizzatore delle cronologie delle mani<\/h2>\n\n\n\n<p>Puoi caricare un singolo file o una cartella con un mucchio di cronologie delle mani. GTO Wizard analizzer\u00e0 tutte le decisioni che hai preso in queste mani. Dopo che il caricamento e i calcoli sono completi (sono super veloci e dipendono solo dalla tua velocit\u00e0 internet), vedrai un elenco delle tue mani valutate dal punto di vista del GTO.<\/p>\n\n\n\n<figure class=\"wp-block-image size-large\"><img loading=\"lazy\" decoding=\"async\" width=\"1024\" height=\"701\" src=\"https:\/\/hand2noteguide.com\/wp-content\/uploads\/2024\/03\/9-gto-wizard-analyzed-hands-min-1024x701.webp\" alt=\"GTO hand history analyzer\" class=\"wp-image-6312\" srcset=\"https:\/\/hand2noteguide.com\/wp-content\/uploads\/2024\/03\/9-gto-wizard-analyzed-hands-min-1024x701.webp 1024w, https:\/\/hand2noteguide.com\/wp-content\/uploads\/2024\/03\/9-gto-wizard-analyzed-hands-min-300x205.webp 300w, https:\/\/hand2noteguide.com\/wp-content\/uploads\/2024\/03\/9-gto-wizard-analyzed-hands-min-768x526.webp 768w, https:\/\/hand2noteguide.com\/wp-content\/uploads\/2024\/03\/9-gto-wizard-analyzed-hands-min-1536x1051.webp 1536w, https:\/\/hand2noteguide.com\/wp-content\/uploads\/2024\/03\/9-gto-wizard-analyzed-hands-min-2048x1402.webp 2048w, https:\/\/hand2noteguide.com\/wp-content\/uploads\/2024\/03\/9-gto-wizard-analyzed-hands-min-772x528.webp 772w, https:\/\/hand2noteguide.com\/wp-content\/uploads\/2024\/03\/9-gto-wizard-analyzed-hands-min-624x427.webp 624w\" sizes=\"auto, (max-width: 1024px) 100vw, 1024px\" \/><\/figure>\n\n\n\n<p>Ora puoi lavorare con questi dati per trovare le falle nel tuo gioco.<\/p>\n\n\n\n<h2 class=\"wp-block-heading\">Personalizzazione<\/h2>\n\n\n\n<p>Puoi personalizzare completamente l&#8217;aspetto e i tasti rapidi nell&#8217;app. Render\u00e0 il tuo processo di apprendimento il pi\u00f9 comodo possibile.<\/p>\n\n\n\n<figure class=\"wp-block-image size-large\"><img loading=\"lazy\" decoding=\"async\" width=\"1024\" height=\"653\" src=\"https:\/\/hand2noteguide.com\/wp-content\/uploads\/2024\/03\/10-gto-wizard-settings-min-1024x653.webp\" alt=\"GTO Wizard app customization\" class=\"wp-image-6313\" srcset=\"https:\/\/hand2noteguide.com\/wp-content\/uploads\/2024\/03\/10-gto-wizard-settings-min-1024x653.webp 1024w, https:\/\/hand2noteguide.com\/wp-content\/uploads\/2024\/03\/10-gto-wizard-settings-min-300x191.webp 300w, https:\/\/hand2noteguide.com\/wp-content\/uploads\/2024\/03\/10-gto-wizard-settings-min-768x490.webp 768w, https:\/\/hand2noteguide.com\/wp-content\/uploads\/2024\/03\/10-gto-wizard-settings-min-1536x979.webp 1536w, https:\/\/hand2noteguide.com\/wp-content\/uploads\/2024\/03\/10-gto-wizard-settings-min-2048x1305.webp 2048w, https:\/\/hand2noteguide.com\/wp-content\/uploads\/2024\/03\/10-gto-wizard-settings-min-772x492.webp 772w, https:\/\/hand2noteguide.com\/wp-content\/uploads\/2024\/03\/10-gto-wizard-settings-min-624x398.webp 624w\" sizes=\"auto, (max-width: 1024px) 100vw, 1024px\" \/><\/figure>\n\n\n\n<h2 class=\"wp-block-heading\">Prezzi<\/h2>\n\n\n\n<p>GTO Wizard ha una <strong>versione gratuita<\/strong>, che \u00e8 molto limitata nelle funzionalit\u00e0:<\/p>\n\n\n\n<ul class=\"wp-block-list\">\n<li>Puoi studiare solo 1 spot postflop al giorno.<\/li>\n\n\n\n<li>Puoi praticare solo 10 mani al giorno nel Trainer.<\/li>\n\n\n\n<li>Puoi analizzare solo 5 mani al mese.<\/li>\n<\/ul>\n\n\n\n<p><strong>I livelli Premium<\/strong> ti aprono la piena capacit\u00e0 dell&#8217;app. Il prezzo dipende dal tipo di gioco, a partire da <strong>39$ al mese<\/strong>. Una descrizione pi\u00f9 dettagliata e il costo di tutti i livelli sono disponibili nel nostro articolo <a href=\"https:\/\/hand2noteguide.com\/it\/poker\/poker-gto\/gto-wizard-review\/gto-wizard-price\/\">Prezzi di GTO Wizard<\/a>.<\/p>\n\n\n\n<h2 class=\"wp-block-heading\">Conclusione<\/h2>\n\n\n\n<p>GTO Wizard \u00e8 uno dei <a href=\"https:\/\/hand2noteguide.com\/it\/poker\/5-best-online-poker-software\/\">migliori strumenti di poker<\/a> per esplorare la teoria dei giochi. Abbiamo fatto un breve tour del software e abbiamo esaminato le sezioni principali dell&#8217;applicazione. Questa conoscenza \u00e8 gi\u00e0 sufficiente per iniziare a includere questo strumento nel tuo piano di allenamento di poker. Tuttavia, tieni presente che GTO Wizard \u00e8 uno strumento molto profondo con un enorme numero di funzionalit\u00e0 di apprendimento che scoprirai da solo man mano che lo utilizzi.<\/p>\n\n\n<div class=\"wp-block-h2n-cta-button\" style=\"text-align: left;\"><a href=\"https:\/\/hand2noteguide.com\/it\/go\/gtowizard\/\" class=\"btn btn-primary\" target=\"_blank\" rel=\"noopener noreferrer nofollow sponsored\">Vai al sito di GTO Wizard \u2192<\/a><\/div>\n\n\n<h2 class=\"wp-block-heading\">Principali aggiornamenti di GTO Wizard nel 2026<\/h2>\n\n\n\n<p>GTO Wizard si \u00e8 evoluto da una semplice libreria di soluzioni a un motore AI ad alta velocit\u00e0. Ecco gli aggiornamenti pi\u00f9 importanti che impattano realmente il tuo processo di studio:<\/p>\n\n\n\n<p><strong>1. GTO Wizard AI: Risoluzione Multiway in Tempo Reale<\/strong> I giorni in cui ci si affidava a range &#8220;statici&#8221; pre-risolti sono finiti. GTO Wizard AI ora calcola scenari <strong>Multiway preflop (fino a 9 giocatori)<\/strong> e <strong>Postflop (pot a 3 giocatori)<\/strong> in pochi secondi, direttamente nel tuo browser. Puoi impostare qualsiasi profondit\u00e0 di stack, struttura di ante o dimensione della puntata, e il software calcola la soluzione al volo.<\/p>\n\n\n\n<p><strong>2. Node Locking 2.0 &amp; Profili Exploitativi<\/strong> Il GTO puro \u00e8 la base, ma i soldi sono negli exploit. GTO Wizard ora ti permette di &#8220;bloccare&#8221; errori specifici dell&#8217;avversario \u2014 come foldare troppo contro i bluff o difendere insufficientemente il Big Blind. L&#8217;AI ti mostrer\u00e0 istantaneamente la migliore contro-strategia per massimizzare il tuo EV.<\/p>\n\n\n\n<p><strong>3. Integrit\u00e0 del Gioco &amp; Controllo del Fair Play<\/strong> Mentre l&#8217;industria del poker combatte l&#8217;RTA (Assistenza in Tempo Reale), GTO Wizard \u00e8 diventato un partner ufficiale per l&#8217;integrit\u00e0 per i principali network come GGPoker.<\/p>\n\n\n\n<p><strong>Bonus:<\/strong> L&#8217;aggiornamento 2026 include un&#8217;<strong>App Mobile Nativa<\/strong> con un Trainer rinnovato che funziona significativamente pi\u00f9 velocemente rispetto alle versioni web precedenti, e il <strong>Tier Ultra<\/strong>, che offre risoluzioni AI multiway illimitate per i professionisti degli high stakes.<\/p>\n\n\n\n<h2 class=\"wp-block-heading\">Domande Frequenti (FAQ)<\/h2>\n\n\n\n<h3 class=\"wp-block-heading\">Qual \u00e8 la differenza tra GTO Wizard e un solver di poker medio?<\/h3>\n\n\n\n<ol class=\"wp-block-list\">\n<li>GTO Wizard funziona nel tuo browser web, quindi non devi installare nulla sul tuo PC.<\/li>\n\n\n\n<li>Ha una libreria di soluzioni pre-risolte per quasi ogni spot. Quindi non devi perdere tempo a eseguire simulazioni da solo.<\/li>\n\n\n\n<li>Ti fornisce report dettagliati e molti altri strumenti che i solver medi non hanno.<\/li>\n<\/ol>\n\n\n\n<p>Se desideri esplorare tutte le funzionalit\u00e0 di GTO Wizard in modo pi\u00f9 dettagliato, ti consigliamo di consultare la <a href=\"https:\/\/help.gtowizard.com\/\" target=\"_blank\" rel=\"noreferrer noopener\">guida ufficiale di GTO Wizard<\/a>.<\/p>\n","protected":false},"excerpt":{"rendered":"<p>In questo articolo, esamineremo le caratteristiche principali di GTO Wizard &#8211; il software GTO definitivo per i giocatori di poker. Non importa a che livello sei ora &#8211; dai micro ai high stakes. Nel poker online moderno, devi almeno avere una comprensione di base del GTO. Ma Wizard ti offre molto pi\u00f9 di una comprensione &hellip; <a href=\"https:\/\/hand2noteguide.com\/it\/poker\/poker-gto\/gto-wizard-review\/\" class=\"more-link\">Continue reading <span class=\"screen-reader-text\">Recensione di GTO Wizard<\/span><\/a><\/p>\n","protected":false},"author":1,"featured_media":0,"parent":8071,"menu_order":0,"comment_status":"closed","ping_status":"closed","template":"","meta":{"footnotes":""},"class_list":["post-6182","page","type-page","status-publish","hentry"],"translation":{"provider":"WPGlobus","version":"3.0.2","language":"it","enabled_languages":["en","ru","pt","zh","es","fr","de","it","ja"],"languages":{"en":{"title":true,"content":true,"excerpt":false},"ru":{"title":true,"content":true,"excerpt":false},"pt":{"title":true,"content":true,"excerpt":false},"zh":{"title":true,"content":true,"excerpt":false},"es":{"title":true,"content":true,"excerpt":false},"fr":{"title":true,"content":true,"excerpt":false},"de":{"title":true,"content":true,"excerpt":false},"it":{"title":true,"content":true,"excerpt":false},"ja":{"title":true,"content":true,"excerpt":false}}},"yoast_head":"<!-- This site is optimized with the Yoast SEO plugin v27.0 - https:\/\/yoast.com\/product\/yoast-seo-wordpress\/ -->\n<title>Recensione di GTO Wizard - Caratteristiche Principali e Vantaggi 2025<\/title>\n<meta name=\"description\" content=\"La nostra recensione definitiva di GTO Wizard copre le sezioni Study, Practice e Analyze dell&#039;app. Crea un account con noi e ottieni uno sconto del 10%.\" \/>\n<meta name=\"robots\" content=\"index, follow, max-snippet:-1, max-image-preview:large, max-video-preview:-1\" \/>\n<link rel=\"canonical\" href=\"https:\/\/hand2noteguide.com\/poker\/poker-gto\/gto-wizard-review\/\" \/>\n<meta property=\"og:locale\" content=\"it_IT\" \/>\n<meta property=\"og:type\" content=\"article\" \/>\n<meta property=\"og:title\" content=\"Recensione di GTO Wizard - Caratteristiche Principali e Vantaggi 2025\" \/>\n<meta property=\"og:description\" content=\"La nostra recensione definitiva di GTO Wizard copre le sezioni Study, Practice e Analyze dell&#039;app. Crea un account con noi e ottieni uno sconto del 10%.\" \/>\n<meta property=\"og:url\" content=\"https:\/\/hand2noteguide.com\/poker\/poker-gto\/gto-wizard-review\/\" \/>\n<meta property=\"og:site_name\" content=\"Hand2Note Guide\" \/>\n<meta property=\"article:modified_time\" content=\"2026-02-23T09:09:58+00:00\" \/>\n<meta property=\"og:image\" content=\"https:\/\/hand2noteguide.com\/wp-content\/uploads\/2024\/03\/1-gto-wizard-main-min.webp\" \/>\n\t<meta property=\"og:image:width\" content=\"2433\" \/>\n\t<meta property=\"og:image:height\" content=\"1567\" \/>\n\t<meta property=\"og:image:type\" content=\"image\/webp\" \/>\n<meta name=\"twitter:card\" content=\"summary_large_image\" \/>\n<meta name=\"twitter:label1\" content=\"Est. reading time\" \/>\n\t<meta name=\"twitter:data1\" content=\"8 minutes\" \/>\n<!-- \/ Yoast SEO plugin. -->","yoast_head_json":{"title":"Recensione di GTO Wizard - Caratteristiche Principali e Vantaggi 2025","description":"La nostra recensione definitiva di GTO Wizard copre le sezioni Study, Practice e Analyze dell'app. Crea un account con noi e ottieni uno sconto del 10%.","robots":{"index":"index","follow":"follow","max-snippet":"max-snippet:-1","max-image-preview":"max-image-preview:large","max-video-preview":"max-video-preview:-1"},"canonical":"https:\/\/hand2noteguide.com\/poker\/poker-gto\/gto-wizard-review\/","og_locale":"it_IT","og_type":"article","og_title":"Recensione di GTO Wizard - Caratteristiche Principali e Vantaggi 2025","og_description":"La nostra recensione definitiva di GTO Wizard copre le sezioni Study, Practice e Analyze dell'app. Crea un account con noi e ottieni uno sconto del 10%.","og_url":"https:\/\/hand2noteguide.com\/poker\/poker-gto\/gto-wizard-review\/","og_site_name":"Hand2Note Guide","article_modified_time":"2026-02-23T09:09:58+00:00","og_image":[{"width":2433,"height":1567,"url":"https:\/\/hand2noteguide.com\/wp-content\/uploads\/2024\/03\/1-gto-wizard-main-min.webp","type":"image\/webp"}],"twitter_card":"summary_large_image","twitter_misc":{"Est. reading time":"8 minutes"},"schema":{"@context":"https:\/\/schema.org","@graph":[]}},"jetpack_sharing_enabled":true,"_links":{"self":[{"href":"https:\/\/hand2noteguide.com\/it\/wp-json\/wp\/v2\/pages\/6182","targetHints":{"allow":["GET"]}}],"collection":[{"href":"https:\/\/hand2noteguide.com\/it\/wp-json\/wp\/v2\/pages"}],"about":[{"href":"https:\/\/hand2noteguide.com\/it\/wp-json\/wp\/v2\/types\/page"}],"author":[{"embeddable":true,"href":"https:\/\/hand2noteguide.com\/it\/wp-json\/wp\/v2\/users\/1"}],"replies":[{"embeddable":true,"href":"https:\/\/hand2noteguide.com\/it\/wp-json\/wp\/v2\/comments?post=6182"}],"version-history":[{"count":142,"href":"https:\/\/hand2noteguide.com\/it\/wp-json\/wp\/v2\/pages\/6182\/revisions"}],"predecessor-version":[{"id":15307,"href":"https:\/\/hand2noteguide.com\/it\/wp-json\/wp\/v2\/pages\/6182\/revisions\/15307"}],"up":[{"embeddable":true,"href":"https:\/\/hand2noteguide.com\/it\/wp-json\/wp\/v2\/pages\/8071"}],"wp:attachment":[{"href":"https:\/\/hand2noteguide.com\/it\/wp-json\/wp\/v2\/media?parent=6182"}],"curies":[{"name":"wp","href":"https:\/\/api.w.org\/{rel}","templated":true}]}}