{"id":6602,"date":"2024-05-27T19:56:21","date_gmt":"2024-05-27T16:56:21","guid":{"rendered":"https:\/\/hand2noteguide.com\/?page_id=6602"},"modified":"2026-03-21T15:03:05","modified_gmt":"2026-03-21T12:03:05","slug":"starscaption","status":"publish","type":"page","link":"https:\/\/hand2noteguide.com\/it\/starscaption\/","title":{"rendered":"StarsCaption \u2b50 Il tuo miglior assistente su PokerStars"},"content":{"rendered":"\n<p style=\"margin-top:8px\"><span class=\"product-price\">$24<\/span> <span class=\"product-price-desc\">(licenza di 1 anno)<\/span><\/p>\n\n\n<p><a class=\"btn btn-primary h2n-crypto-open-checkout\" href=\"https:\/\/hand2noteguide.com\/it\/?h2n_crypto_checkout=1&#038;cfg=eyJwcm9kdWN0X2lkIjoxLCJwcm9kdWN0X3ByaWNlIjoiMjQiLCJkb3dubG9hZF9saW5rIjoiaHR0cHM6XC9cL3Bva2VyY2FwdGlvbi5jb21cL2Rvd25sb2Fkcy5odG1sIiwidmVuZG9yX2VtYWlsIjoicG9rZXJjYXB0aW9uQGdtYWlsLmNvbSIsImxpY2Vuc2VfaWRfcmVxdWlyZWQiOnRydWUsIm5ldHdvcmsiOiJ1c2R0X3RyYzIwIiwiY3VycmVuY3kiOiJVU0RUIiwiYmFzZV9hbW91bnQiOiIyNC4wMDAwMDAiLCJidXR0b25fdGV4dCI6IkFjcXVpc3RhIiwidGl0bGUiOiIiLCJkZXNjcmlwdGlvbiI6IiIsInN1Y2Nlc3NfbW9kZSI6Im1hbnVhbF9mdWxmaWxsbWVudCIsInJlcXVpcmVfZW1haWwiOnRydWUsInR0bF9taW51dGVzIjo2MCwid2FsbGV0IjoiVE1Kd1IzR2U1eUxKb0NKOHJGdGNpUWtSY2g1akRSTG51MyJ9&#038;sig=c221a363180d55de444520979c6cfad1b3d5797a5cfbc09fdb876b6f3f1948d2\" target=\"_blank\" rel=\"noopener noreferrer\">Acquista<\/a><\/p>\n\n\n\n<p>StarsCaption \u00e8 uno strumento di assistenza per il poker per giocare comodamente nella sala PokerStars. Il programma ti permette di:<\/p>\n\n\n\n<ul class=\"wp-block-list\">\n<li>Visualizzare tutti gli <strong>importi delle chip in big blinds<\/strong><\/li>\n\n\n\n<li>Visualizzare i <strong>nomi delle posizioni<\/strong> per tutti i giocatori<\/li>\n\n\n\n<li>Impostare <strong>dimensioni di puntata predefinite<\/strong> per varie situazioni di gioco<\/li>\n\n\n\n<li>Configurare <strong>tasti rapidi<\/strong> per tutte le azioni<\/li>\n\n\n\n<li>Visualizzare l&#8217;<strong>HUD<\/strong> con informazioni utili (<strong><a href=\"https:\/\/hand2noteguide.com\/it\/poker\/free-poker-tools\/pot-odds-calculator\">pot odds<\/a><\/strong>, livello dei bui, SPR, time bank, ecc.)<\/li>\n\n\n\n<li>E molto altro ancora!<\/li>\n<\/ul>\n\n\n\n<p>Il software \u00e8 ufficialmente <strong>approvato da PokerStars<\/strong>.<\/p>\n\n\n\n<figure class=\"wp-block-gallery has-nested-images columns-default is-cropped wp-block-gallery-1 is-layout-flex wp-block-gallery-is-layout-flex\">\n<figure class=\"wp-block-image size-large\"><img loading=\"lazy\" decoding=\"async\" width=\"1024\" height=\"723\" data-id=\"6645\" src=\"https:\/\/hand2noteguide.com\/wp-content\/uploads\/2024\/05\/Starscaption-1-1024x723.png\" alt=\"Starscaption Bet Script\" class=\"wp-image-6645\" srcset=\"https:\/\/hand2noteguide.com\/wp-content\/uploads\/2024\/05\/Starscaption-1-1024x723.png 1024w, https:\/\/hand2noteguide.com\/wp-content\/uploads\/2024\/05\/Starscaption-1-300x212.png 300w, https:\/\/hand2noteguide.com\/wp-content\/uploads\/2024\/05\/Starscaption-1-768x542.png 768w, https:\/\/hand2noteguide.com\/wp-content\/uploads\/2024\/05\/Starscaption-1-1536x1084.png 1536w, https:\/\/hand2noteguide.com\/wp-content\/uploads\/2024\/05\/Starscaption-1-772x545.png 772w, https:\/\/hand2noteguide.com\/wp-content\/uploads\/2024\/05\/Starscaption-1-624x440.png 624w, https:\/\/hand2noteguide.com\/wp-content\/uploads\/2024\/05\/Starscaption-1.png 1970w\" sizes=\"auto, (max-width: 1024px) 100vw, 1024px\" \/><figcaption class=\"wp-element-caption\">Bet Script<\/figcaption><\/figure>\n\n\n\n<figure class=\"wp-block-image size-large\"><img loading=\"lazy\" decoding=\"async\" width=\"1024\" height=\"722\" data-id=\"6656\" src=\"https:\/\/hand2noteguide.com\/wp-content\/uploads\/2024\/05\/Starscaption-2-1024x722.png\" alt=\"Starscaption Hot Keys\" class=\"wp-image-6656\" srcset=\"https:\/\/hand2noteguide.com\/wp-content\/uploads\/2024\/05\/Starscaption-2-1024x722.png 1024w, https:\/\/hand2noteguide.com\/wp-content\/uploads\/2024\/05\/Starscaption-2-300x212.png 300w, https:\/\/hand2noteguide.com\/wp-content\/uploads\/2024\/05\/Starscaption-2-768x542.png 768w, https:\/\/hand2noteguide.com\/wp-content\/uploads\/2024\/05\/Starscaption-2-1536x1084.png 1536w, https:\/\/hand2noteguide.com\/wp-content\/uploads\/2024\/05\/Starscaption-2-772x545.png 772w, https:\/\/hand2noteguide.com\/wp-content\/uploads\/2024\/05\/Starscaption-2-624x440.png 624w, https:\/\/hand2noteguide.com\/wp-content\/uploads\/2024\/05\/Starscaption-2.png 1969w\" sizes=\"auto, (max-width: 1024px) 100vw, 1024px\" \/><figcaption class=\"wp-element-caption\">Hot Keys<\/figcaption><\/figure>\n\n\n\n<figure class=\"wp-block-image size-large\"><img loading=\"lazy\" decoding=\"async\" width=\"1024\" height=\"722\" data-id=\"6657\" src=\"https:\/\/hand2noteguide.com\/wp-content\/uploads\/2024\/05\/Starscaption-3-1024x722.png\" alt=\"Starscaption HUD\" class=\"wp-image-6657\" srcset=\"https:\/\/hand2noteguide.com\/wp-content\/uploads\/2024\/05\/Starscaption-3-1024x722.png 1024w, https:\/\/hand2noteguide.com\/wp-content\/uploads\/2024\/05\/Starscaption-3-300x212.png 300w, https:\/\/hand2noteguide.com\/wp-content\/uploads\/2024\/05\/Starscaption-3-768x541.png 768w, https:\/\/hand2noteguide.com\/wp-content\/uploads\/2024\/05\/Starscaption-3-1536x1083.png 1536w, https:\/\/hand2noteguide.com\/wp-content\/uploads\/2024\/05\/Starscaption-3-772x544.png 772w, https:\/\/hand2noteguide.com\/wp-content\/uploads\/2024\/05\/Starscaption-3-624x440.png 624w, https:\/\/hand2noteguide.com\/wp-content\/uploads\/2024\/05\/Starscaption-3.png 1970w\" sizes=\"auto, (max-width: 1024px) 100vw, 1024px\" \/><figcaption class=\"wp-element-caption\">HUD<\/figcaption><\/figure>\n\n\n\n<figure class=\"wp-block-image size-large\"><img loading=\"lazy\" decoding=\"async\" width=\"1024\" height=\"723\" data-id=\"6651\" src=\"https:\/\/hand2noteguide.com\/wp-content\/uploads\/2024\/05\/Starscaption-4-1024x723.png\" alt=\"Starscaption Lobby\" class=\"wp-image-6651\" srcset=\"https:\/\/hand2noteguide.com\/wp-content\/uploads\/2024\/05\/Starscaption-4-1024x723.png 1024w, https:\/\/hand2noteguide.com\/wp-content\/uploads\/2024\/05\/Starscaption-4-300x212.png 300w, https:\/\/hand2noteguide.com\/wp-content\/uploads\/2024\/05\/Starscaption-4-768x542.png 768w, https:\/\/hand2noteguide.com\/wp-content\/uploads\/2024\/05\/Starscaption-4-1536x1084.png 1536w, https:\/\/hand2noteguide.com\/wp-content\/uploads\/2024\/05\/Starscaption-4-772x545.png 772w, https:\/\/hand2noteguide.com\/wp-content\/uploads\/2024\/05\/Starscaption-4-624x440.png 624w, https:\/\/hand2noteguide.com\/wp-content\/uploads\/2024\/05\/Starscaption-4.png 1970w\" sizes=\"auto, (max-width: 1024px) 100vw, 1024px\" \/><figcaption class=\"wp-element-caption\">Lobby<\/figcaption><\/figure>\n\n\n\n<figure class=\"wp-block-image size-large\"><img loading=\"lazy\" decoding=\"async\" width=\"808\" height=\"557\" data-id=\"6685\" src=\"https:\/\/hand2noteguide.com\/wp-content\/uploads\/2024\/05\/starscaption-0-table-min.png\" alt=\"PokerStars table with Starscaption integration\" class=\"wp-image-6685\" srcset=\"https:\/\/hand2noteguide.com\/wp-content\/uploads\/2024\/05\/starscaption-0-table-min.png 808w, https:\/\/hand2noteguide.com\/wp-content\/uploads\/2024\/05\/starscaption-0-table-min-300x207.png 300w, https:\/\/hand2noteguide.com\/wp-content\/uploads\/2024\/05\/starscaption-0-table-min-768x529.png 768w, https:\/\/hand2noteguide.com\/wp-content\/uploads\/2024\/05\/starscaption-0-table-min-772x532.png 772w, https:\/\/hand2noteguide.com\/wp-content\/uploads\/2024\/05\/starscaption-0-table-min-624x430.png 624w\" sizes=\"auto, (max-width: 808px) 100vw, 808px\" \/><figcaption class=\"wp-element-caption\">Esempio di Tavolo Reale<\/figcaption><\/figure>\n\n\n\n<figure class=\"wp-block-image size-large\"><img loading=\"lazy\" decoding=\"async\" width=\"1024\" height=\"722\" data-id=\"6654\" src=\"https:\/\/hand2noteguide.com\/wp-content\/uploads\/2024\/05\/Starscaption-5-1024x722.png\" alt=\"Starscaption Options\" class=\"wp-image-6654\" srcset=\"https:\/\/hand2noteguide.com\/wp-content\/uploads\/2024\/05\/Starscaption-5-1024x722.png 1024w, https:\/\/hand2noteguide.com\/wp-content\/uploads\/2024\/05\/Starscaption-5-300x212.png 300w, https:\/\/hand2noteguide.com\/wp-content\/uploads\/2024\/05\/Starscaption-5-768x541.png 768w, https:\/\/hand2noteguide.com\/wp-content\/uploads\/2024\/05\/Starscaption-5-1536x1083.png 1536w, https:\/\/hand2noteguide.com\/wp-content\/uploads\/2024\/05\/Starscaption-5-772x544.png 772w, https:\/\/hand2noteguide.com\/wp-content\/uploads\/2024\/05\/Starscaption-5-624x440.png 624w, https:\/\/hand2noteguide.com\/wp-content\/uploads\/2024\/05\/Starscaption-5.png 1970w\" sizes=\"auto, (max-width: 1024px) 100vw, 1024px\" \/><figcaption class=\"wp-element-caption\">Opzioni<\/figcaption><\/figure>\n\n\n\n<figure class=\"wp-block-image size-large\"><img loading=\"lazy\" decoding=\"async\" width=\"1024\" height=\"722\" data-id=\"6655\" src=\"https:\/\/hand2noteguide.com\/wp-content\/uploads\/2024\/05\/Starscaption-6-1024x722.png\" alt=\"Starscaption Dialogs\" class=\"wp-image-6655\" srcset=\"https:\/\/hand2noteguide.com\/wp-content\/uploads\/2024\/05\/Starscaption-6-1024x722.png 1024w, https:\/\/hand2noteguide.com\/wp-content\/uploads\/2024\/05\/Starscaption-6-300x212.png 300w, https:\/\/hand2noteguide.com\/wp-content\/uploads\/2024\/05\/Starscaption-6-768x542.png 768w, https:\/\/hand2noteguide.com\/wp-content\/uploads\/2024\/05\/Starscaption-6-1536x1083.png 1536w, https:\/\/hand2noteguide.com\/wp-content\/uploads\/2024\/05\/Starscaption-6-772x544.png 772w, https:\/\/hand2noteguide.com\/wp-content\/uploads\/2024\/05\/Starscaption-6-624x440.png 624w, https:\/\/hand2noteguide.com\/wp-content\/uploads\/2024\/05\/Starscaption-6.png 1971w\" sizes=\"auto, (max-width: 1024px) 100vw, 1024px\" \/><figcaption class=\"wp-element-caption\">Dialoghi<\/figcaption><\/figure>\n\n\n\n<figure class=\"wp-block-image size-large\"><img loading=\"lazy\" decoding=\"async\" width=\"1024\" height=\"723\" data-id=\"6649\" src=\"https:\/\/hand2noteguide.com\/wp-content\/uploads\/2024\/05\/Starscaption-7-1024x723.png\" alt=\"Starscaption Table Highlight\" class=\"wp-image-6649\" srcset=\"https:\/\/hand2noteguide.com\/wp-content\/uploads\/2024\/05\/Starscaption-7-1024x723.png 1024w, https:\/\/hand2noteguide.com\/wp-content\/uploads\/2024\/05\/Starscaption-7-300x212.png 300w, https:\/\/hand2noteguide.com\/wp-content\/uploads\/2024\/05\/Starscaption-7-768x542.png 768w, https:\/\/hand2noteguide.com\/wp-content\/uploads\/2024\/05\/Starscaption-7-1536x1085.png 1536w, https:\/\/hand2noteguide.com\/wp-content\/uploads\/2024\/05\/Starscaption-7-772x545.png 772w, https:\/\/hand2noteguide.com\/wp-content\/uploads\/2024\/05\/Starscaption-7-624x441.png 624w, https:\/\/hand2noteguide.com\/wp-content\/uploads\/2024\/05\/Starscaption-7.png 1970w\" sizes=\"auto, (max-width: 1024px) 100vw, 1024px\" \/><figcaption class=\"wp-element-caption\">Evidenziazione Tavolo<\/figcaption><\/figure>\n\n\n\n<figure class=\"wp-block-image size-large\"><img loading=\"lazy\" decoding=\"async\" width=\"1024\" height=\"723\" data-id=\"6652\" src=\"https:\/\/hand2noteguide.com\/wp-content\/uploads\/2024\/05\/Starscaption-8-1024x723.png\" alt=\"Starscaption Table Manager\" class=\"wp-image-6652\" srcset=\"https:\/\/hand2noteguide.com\/wp-content\/uploads\/2024\/05\/Starscaption-8-1024x723.png 1024w, https:\/\/hand2noteguide.com\/wp-content\/uploads\/2024\/05\/Starscaption-8-300x212.png 300w, https:\/\/hand2noteguide.com\/wp-content\/uploads\/2024\/05\/Starscaption-8-768x542.png 768w, https:\/\/hand2noteguide.com\/wp-content\/uploads\/2024\/05\/Starscaption-8-1536x1084.png 1536w, https:\/\/hand2noteguide.com\/wp-content\/uploads\/2024\/05\/Starscaption-8-772x545.png 772w, https:\/\/hand2noteguide.com\/wp-content\/uploads\/2024\/05\/Starscaption-8-624x440.png 624w, https:\/\/hand2noteguide.com\/wp-content\/uploads\/2024\/05\/Starscaption-8.png 1971w\" sizes=\"auto, (max-width: 1024px) 100vw, 1024px\" \/><figcaption class=\"wp-element-caption\">Gestore Tavolo<\/figcaption><\/figure>\n\n\n\n<figure class=\"wp-block-image size-full\"><img loading=\"lazy\" decoding=\"async\" width=\"838\" height=\"691\" data-id=\"6681\" src=\"https:\/\/hand2noteguide.com\/wp-content\/uploads\/2024\/05\/starscaption-bb-min.png\" alt=\"\" class=\"wp-image-6681\" srcset=\"https:\/\/hand2noteguide.com\/wp-content\/uploads\/2024\/05\/starscaption-bb-min.png 838w, https:\/\/hand2noteguide.com\/wp-content\/uploads\/2024\/05\/starscaption-bb-min-300x247.png 300w, https:\/\/hand2noteguide.com\/wp-content\/uploads\/2024\/05\/starscaption-bb-min-768x633.png 768w, https:\/\/hand2noteguide.com\/wp-content\/uploads\/2024\/05\/starscaption-bb-min-772x637.png 772w, https:\/\/hand2noteguide.com\/wp-content\/uploads\/2024\/05\/starscaption-bb-min-624x515.png 624w\" sizes=\"auto, (max-width: 838px) 100vw, 838px\" \/><figcaption class=\"wp-element-caption\">Converti Chips<\/figcaption><\/figure>\n\n\n\n<figure class=\"wp-block-image size-large\"><img loading=\"lazy\" decoding=\"async\" width=\"1024\" height=\"723\" data-id=\"6647\" src=\"https:\/\/hand2noteguide.com\/wp-content\/uploads\/2024\/05\/Starscaption-10-1024x723.png\" alt=\"Starscaption Action Blocking\" class=\"wp-image-6647\" srcset=\"https:\/\/hand2noteguide.com\/wp-content\/uploads\/2024\/05\/Starscaption-10-1024x723.png 1024w, https:\/\/hand2noteguide.com\/wp-content\/uploads\/2024\/05\/Starscaption-10-300x212.png 300w, https:\/\/hand2noteguide.com\/wp-content\/uploads\/2024\/05\/Starscaption-10-768x542.png 768w, https:\/\/hand2noteguide.com\/wp-content\/uploads\/2024\/05\/Starscaption-10-1536x1084.png 1536w, https:\/\/hand2noteguide.com\/wp-content\/uploads\/2024\/05\/Starscaption-10-772x545.png 772w, https:\/\/hand2noteguide.com\/wp-content\/uploads\/2024\/05\/Starscaption-10-624x440.png 624w, https:\/\/hand2noteguide.com\/wp-content\/uploads\/2024\/05\/Starscaption-10.png 1970w\" sizes=\"auto, (max-width: 1024px) 100vw, 1024px\" \/><figcaption class=\"wp-element-caption\">Blocco Azioni<\/figcaption><\/figure>\n\n\n\n<figure class=\"wp-block-image size-large\"><img loading=\"lazy\" decoding=\"async\" width=\"1024\" height=\"724\" data-id=\"6653\" src=\"https:\/\/hand2noteguide.com\/wp-content\/uploads\/2024\/05\/Starscaption-11-1024x724.png\" alt=\"Starscaption Layout Editor\" class=\"wp-image-6653\" srcset=\"https:\/\/hand2noteguide.com\/wp-content\/uploads\/2024\/05\/Starscaption-11-1024x724.png 1024w, https:\/\/hand2noteguide.com\/wp-content\/uploads\/2024\/05\/Starscaption-11-300x212.png 300w, https:\/\/hand2noteguide.com\/wp-content\/uploads\/2024\/05\/Starscaption-11-768x543.png 768w, https:\/\/hand2noteguide.com\/wp-content\/uploads\/2024\/05\/Starscaption-11-1536x1085.png 1536w, https:\/\/hand2noteguide.com\/wp-content\/uploads\/2024\/05\/Starscaption-11-772x545.png 772w, https:\/\/hand2noteguide.com\/wp-content\/uploads\/2024\/05\/Starscaption-11-624x441.png 624w, https:\/\/hand2noteguide.com\/wp-content\/uploads\/2024\/05\/Starscaption-11.png 1970w\" sizes=\"auto, (max-width: 1024px) 100vw, 1024px\" \/><figcaption class=\"wp-element-caption\">Editor Layout<\/figcaption><\/figure>\n<\/figure>\n\n\n\n<h2 class=\"wp-block-heading\">Quali sono le caratteristiche di Starscaption?<\/h2>\n\n\n\n<p>Starscaption ti offre numerose funzionalit\u00e0 per migliorare la tua esperienza di gioco su PokerStars. Tutte queste caratteristiche rendono le tue sessioni di poker indescrivibilmente pi\u00f9 comode. La tua vita sar\u00e0 divisa nel momento prima e dopo l&#8217;integrazione di Starscaption nel tuo gioco.<\/p>\n\n\n\n<p>Le principali caratteristiche di Starscaption sono:<\/p>\n\n\n\n<ul class=\"wp-block-list\">\n<li><strong>Chips to BB<\/strong>. Visualizzazione di tutti gli importi delle chip (puntate e dimensioni dello stack) in big blinds. Cos\u00ec non devi calcolare nella tua testa quanti bui ci sono nello stack del tuo avversario. Ora vedi subito quell&#8217;informazione.<\/li>\n\n\n\n<li><strong>Betscript<\/strong>. Puoi predefinire varie dimensioni di puntata e rilancio per diverse situazioni di gioco. Quando arriva la certa situazione al tavolo, la tua dimensione sar\u00e0 gi\u00e0 inserita nella casella di puntata.<\/li>\n\n\n\n<li><strong>Tasti rapidi<\/strong>. Imposta tasti rapidi per quasi qualsiasi azione possibile ai tavoli &#8211; Puntare, Rilanciare, Passare, Controllare, Sedersi fuori al prossimo BB, Passare a qualsiasi puntata, Chiudere il tavolo, ecc.<\/li>\n\n\n\n<li><strong>HUD<\/strong>. L&#8217;HUD di Starscaption ti aiuter\u00e0 a visualizzare molte informazioni aggiuntive utili sia per il cash che per i tornei. Storia delle puntate, <a href=\"https:\/\/hand2noteguide.com\/it\/poker\/free-poker-tools\/pot-odds-calculator\">pot odds<\/a>, rapporto stack-to-pot, equity di bluff, dimensione dello stack alla strada successiva (dipende dalla tua attuale dimensione di puntata), e molto altro.<\/li>\n\n\n\n<li><strong>Organizzatore di tavoli<\/strong>. La caratteristica indispensabile per il multitabling. La possibilit\u00e0 di configurare il <strong>layout dei tavoli<\/strong> e di posizionare automaticamente i tavoli negli slot necessari. <strong>Il bordo intorno al tavolo che richiede la tua attenzione<\/strong>.<\/li>\n\n\n\n<li>Molte &#8220;piccole&#8221; funzionalit\u00e0 per rendere il tuo gioco fluido e conveniente. <strong>Auto-clic su &#8220;Sono tornato&#8221;<\/strong>, <strong>Attivazione automatica dei Time Banks<\/strong>, <strong>Chiusura automatica delle finestre di dialogo della sala da poker<\/strong>, e altro ancora.<\/li>\n<\/ul>\n\n\n\n<p>Vedi una descrizione pi\u00f9 dettagliata di tutte le funzionalit\u00e0 e i consigli di personalizzazione nella <a href=\"https:\/\/sites.google.com\/site\/starscaption\/betscript\" target=\"_blank\" aria-label=\"undefined (opens in a new tab)\" rel=\"noreferrer noopener\">pagina ufficiale di aiuto di Starscaption<\/a>.<\/p>\n\n\n\n<h2 class=\"wp-block-heading\">Qual \u00e8 il prezzo di Starscaption?<\/h2>\n\n\n\n<p>Il prezzo \u00e8 di <strong>$24 per una licenza di un anno<\/strong>. Puoi acquistare una nuova licenza o rinnovare quella esistente: fai clic su <strong>Acquista<\/strong> in cima a questa pagina.<\/p>\n\n\n\n<p>Non sono previsti sconti secondo la politica dello sviluppatore. Comunque il prezzo \u00e8 molto conveniente considerando la funzionalit\u00e0 che il software offre. Per qualsiasi giocatore di poker serio che gioca su PokerStars, Starscaption \u00e8 un investimento valido.<\/p>\n","protected":false},"excerpt":{"rendered":"<p>$24 (licenza di 1 anno) StarsCaption \u00e8 uno strumento di assistenza per il poker per giocare comodamente nella sala PokerStars. Il programma ti permette di: Il software \u00e8 ufficialmente approvato da PokerStars. Quali sono le caratteristiche di Starscaption? Starscaption ti offre numerose funzionalit\u00e0 per migliorare la tua esperienza di gioco su PokerStars. Tutte queste caratteristiche &hellip; <a href=\"https:\/\/hand2noteguide.com\/it\/starscaption\/\" class=\"more-link\">Continue reading <span class=\"screen-reader-text\">StarsCaption \u2b50 Il tuo miglior assistente su PokerStars<\/span><\/a><\/p>\n","protected":false},"author":1,"featured_media":0,"parent":0,"menu_order":0,"comment_status":"closed","ping_status":"closed","template":"page-templates\/full-width-page.php","meta":{"footnotes":""},"class_list":["post-6602","page","type-page","status-publish","hentry"],"translation":{"provider":"WPGlobus","version":"3.0.2","language":"it","enabled_languages":["en","ru","pt","zh","es","fr","de","it","ja"],"languages":{"en":{"title":true,"content":true,"excerpt":false},"ru":{"title":true,"content":true,"excerpt":false},"pt":{"title":true,"content":true,"excerpt":false},"zh":{"title":true,"content":true,"excerpt":false},"es":{"title":true,"content":true,"excerpt":false},"fr":{"title":true,"content":true,"excerpt":false},"de":{"title":true,"content":true,"excerpt":false},"it":{"title":true,"content":true,"excerpt":false},"ja":{"title":true,"content":true,"excerpt":false}}},"yoast_head":"<!-- This site is optimized with the Yoast SEO plugin v27.0 - https:\/\/yoast.com\/product\/yoast-seo-wordpress\/ -->\n<title>StarsCaption \u2b50 Il tuo miglior assistente su PokerStars<\/title>\n<meta name=\"description\" content=\"StarsCaption \u00e8 il miglior strumento di assistenza per giocare su PokerStars. Converti le chip in BB, visualizza le posizioni dei giocatori, utilizza tasti rapidi, visualizza le pot odds e molto altro!\" \/>\n<meta name=\"robots\" content=\"index, follow, max-snippet:-1, max-image-preview:large, max-video-preview:-1\" \/>\n<link rel=\"canonical\" href=\"https:\/\/hand2noteguide.com\/starscaption\/\" \/>\n<meta property=\"og:locale\" content=\"it_IT\" \/>\n<meta property=\"og:type\" content=\"article\" \/>\n<meta property=\"og:title\" content=\"StarsCaption \u2b50 Il tuo miglior assistente su PokerStars\" \/>\n<meta property=\"og:description\" content=\"StarsCaption \u00e8 il miglior strumento di assistenza per giocare su PokerStars. Converti le chip in BB, visualizza le posizioni dei giocatori, utilizza tasti rapidi, visualizza le pot odds e molto altro!\" \/>\n<meta property=\"og:url\" content=\"https:\/\/hand2noteguide.com\/starscaption\/\" \/>\n<meta property=\"og:site_name\" content=\"Hand2Note Guide\" \/>\n<meta property=\"article:modified_time\" content=\"2026-03-21T12:03:05+00:00\" \/>\n<meta property=\"og:image\" content=\"https:\/\/hand2noteguide.com\/wp-content\/uploads\/2024\/05\/Starscaption-1.png\" \/>\n\t<meta property=\"og:image:width\" content=\"1970\" \/>\n\t<meta property=\"og:image:height\" content=\"1390\" \/>\n\t<meta property=\"og:image:type\" content=\"image\/png\" \/>\n<meta name=\"twitter:card\" content=\"summary_large_image\" \/>\n<meta name=\"twitter:label1\" content=\"Est. reading time\" \/>\n\t<meta name=\"twitter:data1\" content=\"5 minutes\" \/>\n<!-- \/ Yoast SEO plugin. -->","yoast_head_json":{"title":"StarsCaption \u2b50 Il tuo miglior assistente su PokerStars","description":"StarsCaption \u00e8 il miglior strumento di assistenza per giocare su PokerStars. Converti le chip in BB, visualizza le posizioni dei giocatori, utilizza tasti rapidi, visualizza le pot odds e molto altro!","robots":{"index":"index","follow":"follow","max-snippet":"max-snippet:-1","max-image-preview":"max-image-preview:large","max-video-preview":"max-video-preview:-1"},"canonical":"https:\/\/hand2noteguide.com\/starscaption\/","og_locale":"it_IT","og_type":"article","og_title":"StarsCaption \u2b50 Il tuo miglior assistente su PokerStars","og_description":"StarsCaption \u00e8 il miglior strumento di assistenza per giocare su PokerStars. Converti le chip in BB, visualizza le posizioni dei giocatori, utilizza tasti rapidi, visualizza le pot odds e molto altro!","og_url":"https:\/\/hand2noteguide.com\/starscaption\/","og_site_name":"Hand2Note Guide","article_modified_time":"2026-03-21T12:03:05+00:00","og_image":[{"width":1970,"height":1390,"url":"https:\/\/hand2noteguide.com\/wp-content\/uploads\/2024\/05\/Starscaption-1.png","type":"image\/png"}],"twitter_card":"summary_large_image","twitter_misc":{"Est. reading time":"5 minutes"},"schema":{"@context":"https:\/\/schema.org","@graph":[]}},"jetpack_sharing_enabled":true,"_links":{"self":[{"href":"https:\/\/hand2noteguide.com\/it\/wp-json\/wp\/v2\/pages\/6602","targetHints":{"allow":["GET"]}}],"collection":[{"href":"https:\/\/hand2noteguide.com\/it\/wp-json\/wp\/v2\/pages"}],"about":[{"href":"https:\/\/hand2noteguide.com\/it\/wp-json\/wp\/v2\/types\/page"}],"author":[{"embeddable":true,"href":"https:\/\/hand2noteguide.com\/it\/wp-json\/wp\/v2\/users\/1"}],"replies":[{"embeddable":true,"href":"https:\/\/hand2noteguide.com\/it\/wp-json\/wp\/v2\/comments?post=6602"}],"version-history":[{"count":89,"href":"https:\/\/hand2noteguide.com\/it\/wp-json\/wp\/v2\/pages\/6602\/revisions"}],"predecessor-version":[{"id":15961,"href":"https:\/\/hand2noteguide.com\/it\/wp-json\/wp\/v2\/pages\/6602\/revisions\/15961"}],"wp:attachment":[{"href":"https:\/\/hand2noteguide.com\/it\/wp-json\/wp\/v2\/media?parent=6602"}],"curies":[{"name":"wp","href":"https:\/\/api.w.org\/{rel}","templated":true}]}}