{"id":6879,"date":"2024-06-11T03:18:03","date_gmt":"2024-06-11T00:18:03","guid":{"rendered":"https:\/\/hand2noteguide.com\/?page_id=6879"},"modified":"2026-02-21T14:04:02","modified_gmt":"2026-02-21T11:04:02","slug":"hand2note-4-getting-started","status":"publish","type":"page","link":"https:\/\/hand2noteguide.com\/it\/hand2note-4-getting-started\/","title":{"rendered":"Hand2Note 4: Guida Introduttiva"},"content":{"rendered":"\n<p><a href=\"https:\/\/hand2note.com\/\" target=\"_blank\" rel=\"noreferrer noopener\">Hand2Note<\/a> \u00e8 uno dei <a href=\"https:\/\/hand2noteguide.com\/it\/poker\/5-best-online-poker-software\/\">migliori strumenti per il poker<\/a>, e Hand2Note 4 \u00e8 l&#8217;ultima versione del software. Contiene tutte le funzioni pi\u00f9 avanzate. Le principali differenze rispetto alla versione precedente sono i Smart Reports e una velocit\u00e0 di importazione migliorata.<\/p>\n\n\n\n<p>Iniziamo con la configurazione di Hand2Note 4.<\/p>\n\n\n\n<h2 class=\"wp-block-heading\">1. Scarica e Installa<\/h2>\n\n\n\n<p><a href=\"https:\/\/hand2noteguide.com\/it\/go\/hand2note\/\" target=\"_blank\" rel=\"noreferrer noopener sponsored\">Scarica Hand2Note 4 dal sito ufficiale<\/a> e segui i semplici passaggi di installazione (basta cliccare sempre su &#8220;Avanti&#8221;).<\/p>\n\n\n\n<figure class=\"wp-block-image size-full is-resized\"><img loading=\"lazy\" decoding=\"async\" src=\"https:\/\/hand2noteguide.com\/wp-content\/uploads\/2024\/06\/hand2note4-setup-min.png\" alt=\"Installazione di Hand2Note 4\" class=\"wp-image-6908\" width=\"495\" height=\"385\" srcset=\"https:\/\/hand2noteguide.com\/wp-content\/uploads\/2024\/06\/hand2note4-setup-min.png 990w, https:\/\/hand2noteguide.com\/wp-content\/uploads\/2024\/06\/hand2note4-setup-min-300x233.png 300w, https:\/\/hand2noteguide.com\/wp-content\/uploads\/2024\/06\/hand2note4-setup-min-768x597.png 768w, https:\/\/hand2noteguide.com\/wp-content\/uploads\/2024\/06\/hand2note4-setup-min-772x600.png 772w, https:\/\/hand2noteguide.com\/wp-content\/uploads\/2024\/06\/hand2note4-setup-min-624x485.png 624w\" sizes=\"auto, (max-width: 495px) 100vw, 495px\" \/><figcaption class=\"wp-element-caption\">Installazione di Hand2Note 4<\/figcaption><\/figure>\n\n\n\n<h2 class=\"wp-block-heading\">2. Goditi la Prova Gratuita<\/h2>\n\n\n\n<p>Puoi utilizzare tutte le funzionalit\u00e0 di H2N gratuitamente durante il periodo di prova di 14 giorni. Sar\u00e0 attivato automaticamente dopo aver avviato Hand2Note per la prima volta.<\/p>\n\n\n\n<div class=\"green-block\">\n<p style=\"margin-bottom:0\">\ud83d\udd25 Dopo il periodo di prova, puoi <a href=\"\/it\/promo\/\"><b>acquistare Hand2Note PRO con il 10% di sconto<\/b><\/a> utilizzando il nostro codice promo <b>GUIDE10<\/b>.<\/p><\/div>\n\n\n\n<h2 class=\"wp-block-heading\">3. Trasferisci la tua Configurazione di Hand2Note 3 (Opzionale)<\/h2>\n\n\n\n<p>Se hai utilizzato Hand2Note 3 in precedenza, puoi trasferire in sicurezza tutti i tuoi HUD, impostazioni e database a Hand2Note 4.<\/p>\n\n\n\n<p>Per importare i tuoi HUD, popups e impostazioni, seleziona &#8220;Tools&#8221; \u2192 &#8220;Convert Hand2Note 3 Config&#8230;&#8221; nel menu in alto.<\/p>\n\n\n\n<figure class=\"wp-block-image size-large is-resized\"><img loading=\"lazy\" decoding=\"async\" src=\"https:\/\/hand2noteguide.com\/wp-content\/uploads\/2024\/06\/image-1024x495.png\" alt=\"\" class=\"wp-image-6924\" width=\"768\" height=\"371\" srcset=\"https:\/\/hand2noteguide.com\/wp-content\/uploads\/2024\/06\/image-1024x495.png 1024w, https:\/\/hand2noteguide.com\/wp-content\/uploads\/2024\/06\/image-300x145.png 300w, https:\/\/hand2noteguide.com\/wp-content\/uploads\/2024\/06\/image-768x372.png 768w, https:\/\/hand2noteguide.com\/wp-content\/uploads\/2024\/06\/image-1536x743.png 1536w, https:\/\/hand2noteguide.com\/wp-content\/uploads\/2024\/06\/image-772x373.png 772w, https:\/\/hand2noteguide.com\/wp-content\/uploads\/2024\/06\/image-624x302.png 624w, https:\/\/hand2noteguide.com\/wp-content\/uploads\/2024\/06\/image.png 1726w\" sizes=\"auto, (max-width: 768px) 100vw, 768px\" \/><\/figure>\n\n\n\n<p>Successivamente, dovrai selezionare la posizione della cartella di Hand2Note 3. Nota bene: devi selezionare la cartella principale di Hand2Note 3, non la cartella Config. Per impostazione predefinita, la cartella principale di Hand2Note 3 \u00e8 &#8220;C:Program FilesHand2Note&#8221;.<\/p>\n\n\n\n<p>Dopo che l&#8217;importazione delle impostazioni \u00e8 completata, puoi anche importare il tuo database. Per farlo, torna al menu in alto e seleziona &#8220;Import&#8221; \u2192 &#8220;Import from Database&#8230;&#8221;<\/p>\n\n\n\n<figure class=\"wp-block-image size-large is-resized\"><img loading=\"lazy\" decoding=\"async\" src=\"https:\/\/hand2noteguide.com\/wp-content\/uploads\/2024\/06\/image-1-1024x495.png\" alt=\"\" class=\"wp-image-6933\" width=\"768\" height=\"371\" srcset=\"https:\/\/hand2noteguide.com\/wp-content\/uploads\/2024\/06\/image-1-1024x495.png 1024w, https:\/\/hand2noteguide.com\/wp-content\/uploads\/2024\/06\/image-1-300x145.png 300w, https:\/\/hand2noteguide.com\/wp-content\/uploads\/2024\/06\/image-1-768x372.png 768w, https:\/\/hand2noteguide.com\/wp-content\/uploads\/2024\/06\/image-1-1536x743.png 1536w, https:\/\/hand2noteguide.com\/wp-content\/uploads\/2024\/06\/image-1-772x373.png 772w, https:\/\/hand2noteguide.com\/wp-content\/uploads\/2024\/06\/image-1-624x302.png 624w, https:\/\/hand2noteguide.com\/wp-content\/uploads\/2024\/06\/image-1.png 1726w\" sizes=\"auto, (max-width: 768px) 100vw, 768px\" \/><\/figure>\n\n\n\n<p>Dovrai nuovamente selezionare la posizione della cartella di Hand2Note 3 (C:Program FilesHand2Note) e scegliere quale database esatto vuoi importare le tue mani.<\/p>\n\n\n\n<p>Dopo che questi due passaggi sono completati, avrai la tua configurazione completa di Hand2Note 3 nel tuo nuovo software Hand2Note 4.<\/p>\n\n\n\n<h2 class=\"wp-block-heading\">4. Avvia HUD<\/h2>\n\n\n\n<p>Per avviare Hand2Note HUD, nella maggior parte dei casi, \u00e8 sufficiente avviare Hand2Note e il tuo client di poker room contemporaneamente. Quindi, dopo aver aperto qualsiasi tavolo, l&#8217;HUD dovrebbe apparire automaticamente. Puoi migliorare la precisione della raccolta delle mani per alcune room <a href=\"https:\/\/hand2noteguide.com\/it\/user-manual\/setting-up-an-auto-import-in-hand2note\/\">configurando le cartelle di auto-importazione<\/a>.<\/p>\n\n\n\n<p>Se giochi in app di poker mobile come PokerBros, segui la nostra guida speciale: <a href=\"https:\/\/hand2noteguide.com\/it\/user-manual\/configuring-hand2note-to-play-in-applications-via-an-emulator-using-the-example-of-pokerbros\/\">Configurare Hand2Note per giocare in app tramite emulatore<\/a>.<\/p>\n\n\n\n<figure class=\"wp-block-image size-large\"><img loading=\"lazy\" decoding=\"async\" width=\"1024\" height=\"727\" src=\"https:\/\/hand2noteguide.com\/wp-content\/uploads\/2024\/06\/hand2note-mtt-hud-min-1024x727.png\" alt=\"Hand2Note 4 HUD\" class=\"wp-image-6944\" srcset=\"https:\/\/hand2noteguide.com\/wp-content\/uploads\/2024\/06\/hand2note-mtt-hud-min-1024x727.png 1024w, https:\/\/hand2noteguide.com\/wp-content\/uploads\/2024\/06\/hand2note-mtt-hud-min-300x213.png 300w, https:\/\/hand2noteguide.com\/wp-content\/uploads\/2024\/06\/hand2note-mtt-hud-min-768x545.png 768w, https:\/\/hand2noteguide.com\/wp-content\/uploads\/2024\/06\/hand2note-mtt-hud-min-1536x1091.png 1536w, https:\/\/hand2noteguide.com\/wp-content\/uploads\/2024\/06\/hand2note-mtt-hud-min-772x548.png 772w, https:\/\/hand2noteguide.com\/wp-content\/uploads\/2024\/06\/hand2note-mtt-hud-min-624x443.png 624w, https:\/\/hand2noteguide.com\/wp-content\/uploads\/2024\/06\/hand2note-mtt-hud-min.png 1818w\" sizes=\"auto, (max-width: 1024px) 100vw, 1024px\" \/><figcaption class=\"wp-element-caption\">Esempio di Hand2Note 4 HUD: <a href=\"https:\/\/www.hudstore.poker\/products\/cosmos-mtt\" target=\"_blank\" aria-label=\"undefined (opens in a new tab)\" rel=\"noreferrer noopener\">Cosmos MTT<\/a><\/figcaption><\/figure>\n\n\n\n<p>Se ci sono problemi con la visualizzazione dell&#8217;HUD, segui&nbsp;<a href=\"https:\/\/hand2noteguide.com\/it\/user-manual\/hand2note4-hud-problem\/\">i passaggi di risoluzione dei problemi<\/a>. Se non aiutano, contatta il&nbsp;<a href=\"https:\/\/hand2noteguide.com\/it\/hand2note-official-support\/\">team di supporto di Hand2Note<\/a>.<\/p>\n\n\n\n<p>L&#8217;HUD predefinito di Hand2Note contiene alcune statistiche di base: VPIP, PFR, <a href=\"https:\/\/hand2noteguide.com\/it\/poker\/poker-hud-stats\/3bet-in-poker\/\">3Bet<\/a> e numero di mani. Potresti voler utilizzare un HUD un po&#8217; pi\u00f9 complesso. In tal caso ti consigliamo di controllare il nostro&nbsp;<a href=\"https:\/\/hand2noteguide.com\/it\/free-hud\/\">Free HUD<\/a>. Per pacchetti HUD &amp; Popup ancora pi\u00f9 avanzati e professionali, dai un&#8217;occhiata al <a aria-label=\"undefined (opens in a new tab)\" href=\"https:\/\/hudstore.poker\" target=\"_blank\" rel=\"noreferrer noopener\">HUD Store<\/a>.<\/p>\n\n\n\n<h2 class=\"wp-block-heading\">Cosa fare dopo?<\/h2>\n\n\n\n<p>Continua a esplorare Hand2Note 4, poich\u00e9 ha numerose funzionalit\u00e0 per migliorare il tuo gioco:<\/p>\n\n\n\n<ul class=\"wp-block-list\">\n<li>Esplora la nostra collezione di <a href=\"https:\/\/hand2noteguide.com\/it\/user-manual\/\">guide utili su Hand2Note<\/a><\/li>\n\n\n\n<li>Consulta il <a href=\"https:\/\/hand2note.com\/Help\/Index\" target=\"_blank\" rel=\"noreferrer noopener\">manuale ufficiale di Hand2Note<\/a><\/li>\n<\/ul>\n\n\n\n<p>Una delle migliori funzionalit\u00e0 \u00e8 Multi-Player Reports (ex Range Research) che ti consente di eseguire report MDA e di indagare a fondo su diversi tipi di giocatori \u2013 il loro comportamento tipico in vari spot di gioco. Puoi saperne di pi\u00f9 su MDA dal nostro <a href=\"https:\/\/www.hudstore.poker\/mda-poker-how-to-use-mass-data-analysis-to-crush-games\" target=\"_blank\" rel=\"noreferrer noopener\">Come utilizzare l&#8217;analisi dei dati di massa per dominare i giochi<\/a> articolo.<\/p>\n","protected":false},"excerpt":{"rendered":"<p>Hand2Note \u00e8 uno dei migliori strumenti per il poker, e Hand2Note 4 \u00e8 l&#8217;ultima versione del software. Contiene tutte le funzioni pi\u00f9 avanzate. Le principali differenze rispetto alla versione precedente sono i Smart Reports e una velocit\u00e0 di importazione migliorata. Iniziamo con la configurazione di Hand2Note 4. 1. Scarica e Installa Scarica Hand2Note 4 dal &hellip; <a href=\"https:\/\/hand2noteguide.com\/it\/hand2note-4-getting-started\/\" class=\"more-link\">Continue reading <span class=\"screen-reader-text\">Hand2Note 4: Guida Introduttiva<\/span><\/a><\/p>\n","protected":false},"author":1,"featured_media":10163,"parent":0,"menu_order":0,"comment_status":"closed","ping_status":"closed","template":"","meta":{"footnotes":""},"class_list":["post-6879","page","type-page","status-publish","has-post-thumbnail","hentry"],"translation":{"provider":"WPGlobus","version":"3.0.2","language":"it","enabled_languages":["en","ru","pt","zh","es","fr","de","it","ja"],"languages":{"en":{"title":true,"content":true,"excerpt":false},"ru":{"title":true,"content":true,"excerpt":false},"pt":{"title":true,"content":true,"excerpt":false},"zh":{"title":true,"content":true,"excerpt":false},"es":{"title":true,"content":true,"excerpt":false},"fr":{"title":true,"content":true,"excerpt":false},"de":{"title":true,"content":true,"excerpt":false},"it":{"title":true,"content":true,"excerpt":false},"ja":{"title":true,"content":true,"excerpt":false}}},"yoast_head":"<!-- This site is optimized with the Yoast SEO plugin v27.0 - https:\/\/yoast.com\/product\/yoast-seo-wordpress\/ -->\n<title>Hand2Note 4: Guida Introduttiva<\/title>\n<meta name=\"description\" content=\"Hand2Note 4 \u00e8 la versione pi\u00f9 recente con Smart Reports e una velocit\u00e0 di importazione incredibile. Segui la nostra guida per installare H2N 4, ottenere una licenza gratuita e il miglior HUD.\" \/>\n<meta name=\"robots\" content=\"index, follow, max-snippet:-1, max-image-preview:large, max-video-preview:-1\" \/>\n<link rel=\"canonical\" href=\"https:\/\/hand2noteguide.com\/hand2note-4-getting-started\/\" \/>\n<meta property=\"og:locale\" content=\"it_IT\" \/>\n<meta property=\"og:type\" content=\"article\" \/>\n<meta property=\"og:title\" content=\"Hand2Note 4: Guida Introduttiva\" \/>\n<meta property=\"og:description\" content=\"Hand2Note 4 \u00e8 la versione pi\u00f9 recente con Smart Reports e una velocit\u00e0 di importazione incredibile. Segui la nostra guida per installare H2N 4, ottenere una licenza gratuita e il miglior HUD.\" \/>\n<meta property=\"og:url\" content=\"https:\/\/hand2noteguide.com\/hand2note-4-getting-started\/\" \/>\n<meta property=\"og:site_name\" content=\"Hand2Note Guide\" \/>\n<meta property=\"article:modified_time\" content=\"2026-02-21T11:04:02+00:00\" \/>\n<meta property=\"og:image\" content=\"https:\/\/hand2noteguide.com\/wp-content\/uploads\/2025\/04\/h2n-1-min.webp\" \/>\n\t<meta property=\"og:image:width\" content=\"1590\" \/>\n\t<meta property=\"og:image:height\" content=\"989\" \/>\n\t<meta property=\"og:image:type\" content=\"image\/webp\" \/>\n<meta name=\"twitter:card\" content=\"summary_large_image\" \/>\n<meta name=\"twitter:label1\" content=\"Est. reading time\" \/>\n\t<meta name=\"twitter:data1\" content=\"4 minutes\" \/>\n<!-- \/ Yoast SEO plugin. -->","yoast_head_json":{"title":"Hand2Note 4: Guida Introduttiva","description":"Hand2Note 4 \u00e8 la versione pi\u00f9 recente con Smart Reports e una velocit\u00e0 di importazione incredibile. Segui la nostra guida per installare H2N 4, ottenere una licenza gratuita e il miglior HUD.","robots":{"index":"index","follow":"follow","max-snippet":"max-snippet:-1","max-image-preview":"max-image-preview:large","max-video-preview":"max-video-preview:-1"},"canonical":"https:\/\/hand2noteguide.com\/hand2note-4-getting-started\/","og_locale":"it_IT","og_type":"article","og_title":"Hand2Note 4: Guida Introduttiva","og_description":"Hand2Note 4 \u00e8 la versione pi\u00f9 recente con Smart Reports e una velocit\u00e0 di importazione incredibile. Segui la nostra guida per installare H2N 4, ottenere una licenza gratuita e il miglior HUD.","og_url":"https:\/\/hand2noteguide.com\/hand2note-4-getting-started\/","og_site_name":"Hand2Note Guide","article_modified_time":"2026-02-21T11:04:02+00:00","og_image":[{"width":1590,"height":989,"url":"https:\/\/hand2noteguide.com\/wp-content\/uploads\/2025\/04\/h2n-1-min.webp","type":"image\/webp"}],"twitter_card":"summary_large_image","twitter_misc":{"Est. reading time":"4 minutes"},"schema":{"@context":"https:\/\/schema.org","@graph":[]}},"jetpack_sharing_enabled":true,"_links":{"self":[{"href":"https:\/\/hand2noteguide.com\/it\/wp-json\/wp\/v2\/pages\/6879","targetHints":{"allow":["GET"]}}],"collection":[{"href":"https:\/\/hand2noteguide.com\/it\/wp-json\/wp\/v2\/pages"}],"about":[{"href":"https:\/\/hand2noteguide.com\/it\/wp-json\/wp\/v2\/types\/page"}],"author":[{"embeddable":true,"href":"https:\/\/hand2noteguide.com\/it\/wp-json\/wp\/v2\/users\/1"}],"replies":[{"embeddable":true,"href":"https:\/\/hand2noteguide.com\/it\/wp-json\/wp\/v2\/comments?post=6879"}],"version-history":[{"count":84,"href":"https:\/\/hand2noteguide.com\/it\/wp-json\/wp\/v2\/pages\/6879\/revisions"}],"predecessor-version":[{"id":13434,"href":"https:\/\/hand2noteguide.com\/it\/wp-json\/wp\/v2\/pages\/6879\/revisions\/13434"}],"wp:featuredmedia":[{"embeddable":true,"href":"https:\/\/hand2noteguide.com\/it\/wp-json\/wp\/v2\/media\/10163"}],"wp:attachment":[{"href":"https:\/\/hand2noteguide.com\/it\/wp-json\/wp\/v2\/media?parent=6879"}],"curies":[{"name":"wp","href":"https:\/\/api.w.org\/{rel}","templated":true}]}}