{"id":708,"date":"2019-05-21T00:06:10","date_gmt":"2019-05-20T21:06:10","guid":{"rendered":"https:\/\/h2n312.wordpress.com\/?page_id=708"},"modified":"2025-06-04T17:47:23","modified_gmt":"2025-06-04T14:47:23","slug":"choose-subscription","status":"publish","type":"page","link":"https:\/\/hand2noteguide.com\/it\/guide\/choose-subscription\/","title":{"rendered":"Quale piano di abbonamento \u00e8 adatto a me?"},"content":{"rendered":"<p>La scelta dell&#8217;abbonamento dipende dalla room, dai limiti giocati e dalla funzionalit\u00e0 desiderata.<\/p>\n<p><img loading=\"lazy\" decoding=\"async\" class=\"alignnone size-full wp-image-1488\" src=\"https:\/\/hand2noteguide.com\/wp-content\/uploads\/2019\/07\/hand2note-subscriptions.png\" alt=\"hand2note subscriptions\" width=\"486\" height=\"104\" srcset=\"https:\/\/hand2noteguide.com\/wp-content\/uploads\/2019\/07\/hand2note-subscriptions.png 486w, https:\/\/hand2noteguide.com\/wp-content\/uploads\/2019\/07\/hand2note-subscriptions-300x64.png 300w\" sizes=\"auto, (max-width: 486px) 100vw, 486px\" \/><\/p>\n<h3>Room Europee e Americane<\/h3>\n<p>Hand2Note \u00e8 totalmente gratuito per i limiti fino a NL25 e tornei con buy-in fino a $9. In questo caso, non hai bisogno di un abbonamento. Quando il <a href=\"https:\/\/hand2noteguide.com\/it\/trial\/\">periodo di prova<\/a> termina, il programma semplicemente passa in modalit\u00e0 gratuita, non devi fare nulla.<\/p>\n<p>Se giochi a limiti superiori a NL25, puoi acquistare un abbonamento qui: <a href=\"http:\/\/www.hand2note.com\/Purchase\" target=\"_blank\" rel=\"noopener noreferrer\">http:\/\/www.hand2note.com\/Purchase<\/a>. Usa il codice promozionale GUIDE10 per ottenere uno sconto del 10% e <a href=\"https:\/\/hand2noteguide.com\/it\/promo\/\">altri bonus<\/a>.<\/p>\n<p>Puoi scegliere l&#8217;opzione migliore per i tuoi limiti. Nota che le funzioni <a href=\"https:\/\/hand2noteguide.com\/it\/guide\/range-research\/\">Range Research<\/a> e <a href=\"https:\/\/hand2noteguide.com\/it\/guide\/decision-analysis\/\">Decision Analysis<\/a> sono disponibili solo nella versione EDGE. Pertanto, anche se giochi a limiti bassi, ma desideri utilizzare queste funzioni, devi acquistare EDGE.<\/p>\n<h3>Room Asiatiche<\/h3>\n<p>Non esiste una versione gratuita di Hand2Note per le <a href=\"https:\/\/hand2noteguide.com\/it\/asian\/\">app cinesi<\/a>. Dopo la fine del <a href=\"https:\/\/hand2noteguide.com\/it\/trial\/\">periodo di prova<\/a>, devi acquistare un abbonamento speciale per continuare a utilizzare il programma: <a href=\"http:\/\/www.hand2note.com\/Purchase#poker-master-subscription\" target=\"_blank\" rel=\"noopener noreferrer\">http:\/\/www.hand2note.com\/Purchase#poker-master-subscription<\/a>. Usa il codice promozionale GUIDE10 al momento dell&#8217;acquisto per ottenere uno sconto del 10% e <a href=\"https:\/\/hand2noteguide.com\/it\/promo\/\">altri benefici<\/a>.<\/p>\n<p>Si prega di notare che l&#8217;HUD posizionale e dinamico non funziona sulla versione STANDARD, e non c&#8217;\u00e8 nemmeno la possibilit\u00e0 di raccogliere le mani in modalit\u00e0 osservatore (devi sederti al tavolo affinch\u00e9 le mani possano essere raccolte). Queste funzionalit\u00e0 sono disponibili solo nella versione HYPER.<\/p>\n<p>Se giochi solo in room asiatiche, non hai bisogno di un abbonamento regolare. Tuttavia, se desideri utilizzare <a href=\"https:\/\/hand2noteguide.com\/it\/guide\/range-research\/\">Range Research<\/a> o <a href=\"https:\/\/hand2noteguide.com\/it\/guide\/decision-analysis\/\">Decision Analysis<\/a>, devi acquistare anche la versione EDGE.<\/p>\n","protected":false},"excerpt":{"rendered":"<p>La scelta dell&#8217;abbonamento dipende dalla room, dai limiti giocati e dalla funzionalit\u00e0 desiderata. Room Europee e Americane Hand2Note \u00e8 totalmente gratuito per i limiti fino a NL25 e tornei con buy-in fino a $9. In questo caso, non hai bisogno di un abbonamento. Quando il periodo di prova termina, il programma semplicemente passa in modalit\u00e0 &hellip; <a href=\"https:\/\/hand2noteguide.com\/it\/guide\/choose-subscription\/\" class=\"more-link\">Continue reading <span class=\"screen-reader-text\">Quale piano di abbonamento \u00e8 adatto a me?<\/span><\/a><\/p>\n","protected":false},"author":1,"featured_media":0,"parent":74,"menu_order":0,"comment_status":"closed","ping_status":"closed","template":"page-templates\/full-width-page.php","meta":{"footnotes":""},"class_list":["post-708","page","type-page","status-publish","hentry"],"translation":{"provider":"WPGlobus","version":"3.0.2","language":"it","enabled_languages":["en","ru","pt","zh","es","fr","de","it","ja"],"languages":{"en":{"title":true,"content":true,"excerpt":false},"ru":{"title":true,"content":true,"excerpt":false},"pt":{"title":true,"content":true,"excerpt":false},"zh":{"title":true,"content":true,"excerpt":false},"es":{"title":true,"content":true,"excerpt":false},"fr":{"title":true,"content":true,"excerpt":false},"de":{"title":true,"content":true,"excerpt":false},"it":{"title":true,"content":true,"excerpt":false},"ja":{"title":true,"content":true,"excerpt":false}}},"yoast_head":"<!-- This site is optimized with the Yoast SEO plugin v27.0 - https:\/\/yoast.com\/product\/yoast-seo-wordpress\/ -->\n<title>Scegliere il Giusto Piano di Abbonamento Hand2Note<\/title>\n<meta name=\"description\" content=\"Scopri quale abbonamento Hand2Note si adatta alle tue esigenze di poker. Confronta le funzionalit\u00e0 per room europee, americane e asiatiche per migliorare il tuo gioco.\" \/>\n<meta name=\"robots\" content=\"index, follow, max-snippet:-1, max-image-preview:large, max-video-preview:-1\" \/>\n<link rel=\"canonical\" href=\"https:\/\/hand2noteguide.com\/it\/guide\/choose-subscription\/\" \/>\n<meta property=\"og:locale\" content=\"it_IT\" \/>\n<meta property=\"og:type\" content=\"article\" \/>\n<meta property=\"og:title\" content=\"Scegliere il Giusto Piano di Abbonamento Hand2Note\" \/>\n<meta property=\"og:description\" content=\"Scopri quale abbonamento Hand2Note si adatta alle tue esigenze di poker. Confronta le funzionalit\u00e0 per room europee, americane e asiatiche per migliorare il tuo gioco.\" \/>\n<meta property=\"og:url\" content=\"https:\/\/hand2noteguide.com\/it\/guide\/choose-subscription\/\" \/>\n<meta property=\"og:site_name\" content=\"Hand2Note Guide\" \/>\n<meta property=\"article:modified_time\" content=\"2025-06-04T14:47:23+00:00\" \/>\n<meta property=\"og:image\" content=\"https:\/\/hand2noteguide.com\/wp-content\/uploads\/2019\/07\/hand2note-subscriptions.png\" \/>\n<meta name=\"twitter:card\" content=\"summary_large_image\" \/>\n<meta name=\"twitter:label1\" content=\"Est. reading time\" \/>\n\t<meta name=\"twitter:data1\" content=\"9 minutes\" \/>\n<!-- \/ Yoast SEO plugin. -->","yoast_head_json":{"title":"Scegliere il Giusto Piano di Abbonamento Hand2Note","description":"Scopri quale abbonamento Hand2Note si adatta alle tue esigenze di poker. Confronta le funzionalit\u00e0 per room europee, americane e asiatiche per migliorare il tuo gioco.","robots":{"index":"index","follow":"follow","max-snippet":"max-snippet:-1","max-image-preview":"max-image-preview:large","max-video-preview":"max-video-preview:-1"},"canonical":"https:\/\/hand2noteguide.com\/it\/guide\/choose-subscription\/","og_locale":"it_IT","og_type":"article","og_title":"Scegliere il Giusto Piano di Abbonamento Hand2Note","og_description":"Scopri quale abbonamento Hand2Note si adatta alle tue esigenze di poker. Confronta le funzionalit\u00e0 per room europee, americane e asiatiche per migliorare il tuo gioco.","og_url":"https:\/\/hand2noteguide.com\/it\/guide\/choose-subscription\/","og_site_name":"Hand2Note Guide","article_modified_time":"2025-06-04T14:47:23+00:00","og_image":[{"url":"https:\/\/hand2noteguide.com\/wp-content\/uploads\/2019\/07\/hand2note-subscriptions.png","type":"","width":"","height":""}],"twitter_card":"summary_large_image","twitter_misc":{"Est. reading time":"9 minutes"},"schema":{"@context":"https:\/\/schema.org","@graph":[]}},"jetpack_sharing_enabled":false,"_links":{"self":[{"href":"https:\/\/hand2noteguide.com\/it\/wp-json\/wp\/v2\/pages\/708","targetHints":{"allow":["GET"]}}],"collection":[{"href":"https:\/\/hand2noteguide.com\/it\/wp-json\/wp\/v2\/pages"}],"about":[{"href":"https:\/\/hand2noteguide.com\/it\/wp-json\/wp\/v2\/types\/page"}],"author":[{"embeddable":true,"href":"https:\/\/hand2noteguide.com\/it\/wp-json\/wp\/v2\/users\/1"}],"replies":[{"embeddable":true,"href":"https:\/\/hand2noteguide.com\/it\/wp-json\/wp\/v2\/comments?post=708"}],"version-history":[{"count":18,"href":"https:\/\/hand2noteguide.com\/it\/wp-json\/wp\/v2\/pages\/708\/revisions"}],"predecessor-version":[{"id":13516,"href":"https:\/\/hand2noteguide.com\/it\/wp-json\/wp\/v2\/pages\/708\/revisions\/13516"}],"up":[{"embeddable":true,"href":"https:\/\/hand2noteguide.com\/it\/wp-json\/wp\/v2\/pages\/74"}],"wp:attachment":[{"href":"https:\/\/hand2noteguide.com\/it\/wp-json\/wp\/v2\/media?parent=708"}],"curies":[{"name":"wp","href":"https:\/\/api.w.org\/{rel}","templated":true}]}}