{"id":71,"date":"2018-07-30T00:35:21","date_gmt":"2018-07-29T21:35:21","guid":{"rendered":"https:\/\/h2n312.wordpress.com\/?page_id=71"},"modified":"2025-06-04T19:22:41","modified_gmt":"2025-06-04T16:22:41","slug":"asian","status":"publish","type":"page","link":"https:\/\/hand2noteguide.com\/it\/asian\/","title":{"rendered":"Il miglior HUD per il poker per le app asiatiche"},"content":{"rendered":"\n<p>Le app mobili cinesi sono una nuova tendenza nel poker online. Il campo di giocatori molto debole e la disponibilit\u00e0 costante del gioco a qualsiasi posta attirano sempre pi\u00f9 regolari dalle sale europee. Il gioco in Cina \u00e8 pi\u00f9 veloce, pi\u00f9 libero e pi\u00f9 dispersivo, ma i tassi di vincita dei giocatori regolari sono molto pi\u00f9 alti.<\/p>\n\n\n\n<div class=\"wp-block-buttons h2n-buttons-block\">\n<div class=\"wp-block-button\"><a class=\"wp-block-button__link has-text-color has-background\" href=\"https:\/\/hand2note.com\/\" style=\"background-color:#2abb68;color:#ffffff\" target=\"_blank\" rel=\"noreferrer noopener\"><span style=\"font-size:22px\">Ottieni Hand2Note Asia HUD<\/span><br><span style=\"font-size:12px;font-weight:normal\">PokerBros, PPPoker, RedDragon e molte altre app<\/span><\/a><\/div>\n<\/div>\n\n\n\n<div class=\"green-block\"><p style=\"margin-bottom:0\">Se vuoi iniziare a usare Hand2Note, dai un&#8217;occhiata alla nostra offerta di <a href=\"https:\/\/hand2noteguide.com\/it\/starter-pack\/\">pacchetto iniziale Hand2Note<\/a>. Contiene una licenza PRO annuale, HUD avanzato, corso video completo e supporto personale.<\/p><\/div>\n\n\n\n<p>Ovviamente, puoi usare il tuo telefono per giocare in queste app. Ma \u00e8 anche possibile utilizzare un software speciale di emulazione Android per giocare su un PC. Puoi usare Hand2Note HUD sugli emulatori nello stesso modo in cui lo fai ai tavoli regolari nelle sale classiche.<\/p>\n\n\n\n<figure class=\"wp-block-image\"><img loading=\"lazy\" decoding=\"async\" width=\"1024\" height=\"682\" src=\"https:\/\/hand2noteguide.com\/wp-content\/uploads\/2020\/03\/hand2note-pokermaster-1024x682.png\" alt=\"hand2note pokermaster\" class=\"wp-image-2029\" srcset=\"https:\/\/hand2noteguide.com\/wp-content\/uploads\/2020\/03\/hand2note-pokermaster-1024x682.png 1024w, https:\/\/hand2noteguide.com\/wp-content\/uploads\/2020\/03\/hand2note-pokermaster-300x200.png 300w, https:\/\/hand2noteguide.com\/wp-content\/uploads\/2020\/03\/hand2note-pokermaster-768x511.png 768w, https:\/\/hand2noteguide.com\/wp-content\/uploads\/2020\/03\/hand2note-pokermaster-772x514.png 772w, https:\/\/hand2noteguide.com\/wp-content\/uploads\/2020\/03\/hand2note-pokermaster-624x416.png 624w, https:\/\/hand2noteguide.com\/wp-content\/uploads\/2020\/03\/hand2note-pokermaster.png 1389w\" sizes=\"auto, (max-width: 1024px) 100vw, 1024px\" \/><figcaption class=\"wp-element-caption\">Gioca nelle app asiatiche con Hand2Note HUD<\/figcaption><\/figure>\n\n\n\n<p>La registrazione nelle sale cinesi \u00e8 disponibile solo tramite affiliati speciali. <a href=\"https:\/\/hand2noteguide.com\/it\/contact-us\/\">Contattaci<\/a> per maggiori informazioni.<\/p>\n\n\n\n<h2 class=\"wp-block-heading\">Quali app sono supportate?<\/h2>\n\n\n\n<p>L&#8217;elenco pu\u00f2 essere aggiornato con nuove sale o temporaneamente ridotto a causa degli aggiornamenti di alcune app. Puoi sempre controllare le informazioni attuali sulla tua sala con il <a href=\"https:\/\/hand2noteguide.com\/it\/hand2note-official-support\/\">servizio di supporto<\/a>.<\/p>\n\n\n\n<ul class=\"wp-block-list\">\n<li>PokerKing<\/li>\n\n\n\n<li><a href=\"https:\/\/hand2noteguide.com\/it\/pokerbros-hud\/\">PokerBros<\/a><\/li>\n\n\n\n<li>Molly\u2019s Game (ex. PokerKingdom)<\/li>\n\n\n\n<li><a href=\"https:\/\/hand2noteguide.com\/it\/pppoker-hud\/\">PPPoker<\/a><\/li>\n\n\n\n<li>KKpoker<\/li>\n\n\n\n<li><a href=\"https:\/\/hand2noteguide.com\/it\/coinpoker-hud\/\">CoinPoker<\/a><\/li>\n\n\n\n<li>PokerCommunity<\/li>\n\n\n\n<li>FishPoker<\/li>\n\n\n\n<li>Tribal Pioneer (ex. PokerClans)<\/li>\n\n\n\n<li>RedDragon<\/li>\n\n\n\n<li>RealPoker (ex. 1pokerstars)<\/li>\n\n\n\n<li>AllinPoker<\/li>\n\n\n\n<li>Bingo (ex. HiTea)<\/li>\n\n\n\n<li>UPoker<\/li>\n\n\n\n<li>WePoker<\/li>\n\n\n\n<li>PokerTime<\/li>\n<\/ul>\n\n\n\n<figure class=\"wp-block-image size-large\"><img loading=\"lazy\" decoding=\"async\" width=\"416\" height=\"765\" src=\"https:\/\/hand2noteguide.com\/wp-content\/uploads\/2020\/07\/pokerbros.png\" alt=\"\" class=\"wp-image-2923\" srcset=\"https:\/\/hand2noteguide.com\/wp-content\/uploads\/2020\/07\/pokerbros.png 416w, https:\/\/hand2noteguide.com\/wp-content\/uploads\/2020\/07\/pokerbros-163x300.png 163w, https:\/\/hand2noteguide.com\/wp-content\/uploads\/2020\/07\/pokerbros-339x624.png 339w\" sizes=\"auto, (max-width: 416px) 100vw, 416px\" \/><figcaption class=\"wp-element-caption\">Puoi usare l&#8217;<a href=\"https:\/\/hand2noteguide.com\/it\/pokerbros-hud\/\">HUD su PokerBros<\/a> e altre app supportate<\/figcaption><\/figure>\n\n\n\n<h2 class=\"wp-block-heading\">Come impostare tutto?<\/h2>\n\n\n\n<p><a href=\"https:\/\/hand2noteguide.com\/it\/basic-setup\/\">Iniziare con Hand2Note<\/a> nelle applicazioni cinesi \u00e8 molto facile. Devi solo avviare Hand2Note e il tavolo da poker in una delle sale supportate allo stesso tempo. L&#8217;HUD apparir\u00e0 automaticamente e le mani inizieranno a essere salvate nel database. Se necessario, puoi eseguire diversi emulatori. Hand2Note visualizzer\u00e0 l&#8217;HUD su tutti i tavoli in esecuzione.<\/p>\n\n\n\n<p>Per impostazione predefinita, Hand2Note mostra un HUD standard, composto dalle statistiche pi\u00f9 semplici &#8211; VPIP, PFR e il numero di mani. Se questo non \u00e8 sufficiente per te, puoi <a href=\"https:\/\/hand2noteguide.com\/it\/hand2note-hud\/\">creare o acquistare un HUD e popups pi\u00f9 complessi<\/a>.<\/p>\n\n\n\n<figure class=\"wp-block-image size-large\"><img loading=\"lazy\" decoding=\"async\" width=\"1024\" height=\"660\" src=\"https:\/\/hand2noteguide.com\/wp-content\/uploads\/2020\/07\/hand2note-asian-hud-1024x660.png\" alt=\"\" class=\"wp-image-3285\" srcset=\"https:\/\/hand2noteguide.com\/wp-content\/uploads\/2020\/07\/hand2note-asian-hud-1024x660.png 1024w, https:\/\/hand2noteguide.com\/wp-content\/uploads\/2020\/07\/hand2note-asian-hud-300x193.png 300w, https:\/\/hand2noteguide.com\/wp-content\/uploads\/2020\/07\/hand2note-asian-hud-768x495.png 768w, https:\/\/hand2noteguide.com\/wp-content\/uploads\/2020\/07\/hand2note-asian-hud-772x498.png 772w, https:\/\/hand2noteguide.com\/wp-content\/uploads\/2020\/07\/hand2note-asian-hud-624x402.png 624w, https:\/\/hand2noteguide.com\/wp-content\/uploads\/2020\/07\/hand2note-asian-hud.png 1027w\" sizes=\"auto, (max-width: 1024px) 100vw, 1024px\" \/><figcaption class=\"wp-element-caption\">Esempio di popup avanzato. Questo fa parte del pacchetto <a href=\"https:\/\/hand2noteguide.com\/it\/hud-store\/#package_venom_straddle\">Venom Straddle<\/a> dal nostro negozio.<\/figcaption><\/figure>\n","protected":false},"excerpt":{"rendered":"<p>Instructions for using Hand2Note in Chinese applications, resolving issues with the lack of HUD at the tables<\/p>\n","protected":false},"author":1,"featured_media":0,"parent":0,"menu_order":3,"comment_status":"closed","ping_status":"closed","template":"page-templates\/full-width-page.php","meta":{"footnotes":""},"class_list":["post-71","page","type-page","status-publish","hentry"],"translation":{"provider":"WPGlobus","version":"3.0.2","language":"it","enabled_languages":["en","ru","pt","zh","es","fr","de","it","ja"],"languages":{"en":{"title":true,"content":true,"excerpt":true},"ru":{"title":true,"content":true,"excerpt":true},"pt":{"title":true,"content":true,"excerpt":false},"zh":{"title":true,"content":true,"excerpt":true},"es":{"title":true,"content":true,"excerpt":false},"fr":{"title":true,"content":true,"excerpt":false},"de":{"title":true,"content":true,"excerpt":false},"it":{"title":true,"content":true,"excerpt":false},"ja":{"title":true,"content":true,"excerpt":false}}},"yoast_head":"<!-- This site is optimized with the Yoast SEO plugin v27.0 - https:\/\/yoast.com\/product\/yoast-seo-wordpress\/ -->\n<title>Il miglior HUD per il poker per app mobili (PPPoker, PokerBros, CoinPoker, ...)<\/title>\n<meta name=\"description\" content=\"Gioca nelle app asiatiche con Hand2Note - il miglior software di tracker per il poker sul mercato. Usa HUD avanzati e precisi e altre funzionalit\u00e0.\" \/>\n<meta name=\"robots\" content=\"index, follow, max-snippet:-1, max-image-preview:large, max-video-preview:-1\" \/>\n<link rel=\"canonical\" href=\"https:\/\/hand2noteguide.com\/asian\/\" \/>\n<meta property=\"og:locale\" content=\"it_IT\" \/>\n<meta property=\"og:type\" content=\"article\" \/>\n<meta property=\"og:title\" content=\"Il miglior HUD per il poker per app mobili (PPPoker, PokerBros, CoinPoker, ...)\" \/>\n<meta property=\"og:description\" content=\"Gioca nelle app asiatiche con Hand2Note - il miglior software di tracker per il poker sul mercato. Usa HUD avanzati e precisi e altre funzionalit\u00e0.\" \/>\n<meta property=\"og:url\" content=\"https:\/\/hand2noteguide.com\/asian\/\" \/>\n<meta property=\"og:site_name\" content=\"Hand2Note Guide\" \/>\n<meta property=\"article:modified_time\" content=\"2025-06-04T16:22:41+00:00\" \/>\n<meta property=\"og:image\" content=\"https:\/\/hand2noteguide.com\/wp-content\/uploads\/2020\/03\/hand2note-pokermaster-1024x682.png\" \/>\n<meta name=\"twitter:card\" content=\"summary_large_image\" \/>\n<meta name=\"twitter:label1\" content=\"Est. reading time\" \/>\n\t<meta name=\"twitter:data1\" content=\"13 minutes\" \/>\n<!-- \/ Yoast SEO plugin. -->","yoast_head_json":{"title":"Il miglior HUD per il poker per app mobili (PPPoker, PokerBros, CoinPoker, ...)","description":"Gioca nelle app asiatiche con Hand2Note - il miglior software di tracker per il poker sul mercato. Usa HUD avanzati e precisi e altre funzionalit\u00e0.","robots":{"index":"index","follow":"follow","max-snippet":"max-snippet:-1","max-image-preview":"max-image-preview:large","max-video-preview":"max-video-preview:-1"},"canonical":"https:\/\/hand2noteguide.com\/asian\/","og_locale":"it_IT","og_type":"article","og_title":"Il miglior HUD per il poker per app mobili (PPPoker, PokerBros, CoinPoker, ...)","og_description":"Gioca nelle app asiatiche con Hand2Note - il miglior software di tracker per il poker sul mercato. Usa HUD avanzati e precisi e altre funzionalit\u00e0.","og_url":"https:\/\/hand2noteguide.com\/asian\/","og_site_name":"Hand2Note Guide","article_modified_time":"2025-06-04T16:22:41+00:00","og_image":[{"url":"https:\/\/hand2noteguide.com\/wp-content\/uploads\/2020\/03\/hand2note-pokermaster-1024x682.png","type":"","width":"","height":""}],"twitter_card":"summary_large_image","twitter_misc":{"Est. reading time":"13 minutes"},"schema":{"@context":"https:\/\/schema.org","@graph":[]}},"jetpack_sharing_enabled":false,"_links":{"self":[{"href":"https:\/\/hand2noteguide.com\/it\/wp-json\/wp\/v2\/pages\/71","targetHints":{"allow":["GET"]}}],"collection":[{"href":"https:\/\/hand2noteguide.com\/it\/wp-json\/wp\/v2\/pages"}],"about":[{"href":"https:\/\/hand2noteguide.com\/it\/wp-json\/wp\/v2\/types\/page"}],"author":[{"embeddable":true,"href":"https:\/\/hand2noteguide.com\/it\/wp-json\/wp\/v2\/users\/1"}],"replies":[{"embeddable":true,"href":"https:\/\/hand2noteguide.com\/it\/wp-json\/wp\/v2\/comments?post=71"}],"version-history":[{"count":71,"href":"https:\/\/hand2noteguide.com\/it\/wp-json\/wp\/v2\/pages\/71\/revisions"}],"predecessor-version":[{"id":13562,"href":"https:\/\/hand2noteguide.com\/it\/wp-json\/wp\/v2\/pages\/71\/revisions\/13562"}],"wp:attachment":[{"href":"https:\/\/hand2noteguide.com\/it\/wp-json\/wp\/v2\/media?parent=71"}],"curies":[{"name":"wp","href":"https:\/\/api.w.org\/{rel}","templated":true}]}}