{"id":7322,"date":"2024-07-02T21:28:26","date_gmt":"2024-07-02T18:28:26","guid":{"rendered":"https:\/\/hand2noteguide.com\/?page_id=7322"},"modified":"2026-03-11T20:16:29","modified_gmt":"2026-03-11T17:16:29","slug":"3bet-in-poker","status":"publish","type":"page","link":"https:\/\/hand2noteguide.com\/it\/poker\/poker-hud-stats\/3bet-in-poker\/","title":{"rendered":"3-bet nel poker: la guida completa con esempi"},"content":{"rendered":"\n<h2 class=\"wp-block-heading\">Cos\u2019\u00e8 il 3-bet nel poker?<\/h2>\n\n\n\n<p>Il 3-bet nel poker \u00e8 l\u2019azione con cui un giocatore rilancia il raise di un avversario. Di solito si riferisce a un\u2019azione preflop, ma pu\u00f2 essere utilizzato anche per indicare un rilancio postflop. Anche se il nome del termine contiene il numero <em>3<\/em>, la size del 3-bet non deve necessariamente essere 3x. Tecnicamente pu\u00f2 variare da un rilancio minimo (click-3-bet) fino a un all-in (3-bet-push).<\/p>\n\n\n\n<figure class=\"wp-block-image size-large\"><img loading=\"lazy\" decoding=\"async\" width=\"1024\" height=\"576\" src=\"http:\/\/hand2noteguide.com\/wp-content\/uploads\/2024\/09\/3Bet-min-1024x576.jpg\" alt=\"3bet\" class=\"wp-image-8154\" srcset=\"https:\/\/hand2noteguide.com\/wp-content\/uploads\/2024\/09\/3Bet-min-1024x576.jpg 1024w, https:\/\/hand2noteguide.com\/wp-content\/uploads\/2024\/09\/3Bet-min-300x169.jpg 300w, https:\/\/hand2noteguide.com\/wp-content\/uploads\/2024\/09\/3Bet-min-768x432.jpg 768w, https:\/\/hand2noteguide.com\/wp-content\/uploads\/2024\/09\/3Bet-min-1536x864.jpg 1536w, https:\/\/hand2noteguide.com\/wp-content\/uploads\/2024\/09\/3Bet-min-772x434.jpg 772w, https:\/\/hand2noteguide.com\/wp-content\/uploads\/2024\/09\/3Bet-min-624x351.jpg 624w, https:\/\/hand2noteguide.com\/wp-content\/uploads\/2024\/09\/3Bet-min.jpg 1600w\" sizes=\"auto, (max-width: 1024px) 100vw, 1024px\" \/><figcaption class=\"wp-element-caption\">Un esempio di 3-bet nel poker: l\u2019Hero apre con un raise dal Button e l\u2019avversario dallo Small Blind fa un 3-bet.<\/figcaption><\/figure>\n\n\n\n<h2 class=\"wp-block-heading\">Esempi di 3-bet<\/h2>\n\n\n\n<ol class=\"wp-block-list\">\n<li>Il giocatore A rilancia a 2bb, il giocatore B rilancia di nuovo a 6bb. Il giocatore B ha effettuato un 3-bet.<\/li>\n\n\n\n<li>Il giocatore A rilancia a 2bb, il giocatore B rilancia di nuovo a 3bb. Il giocatore B ha effettuato un click-3-bet.<\/li>\n\n\n\n<li>Il giocatore A rilancia a 2bb, il giocatore B rilancia di nuovo a 100bb. Il giocatore B ha effettuato un 3-bet push.<\/li>\n<\/ol>\n\n\n\n<h2 class=\"wp-block-heading\">Range di 3-bet<\/h2>\n\n\n\n<p>Nel poker esistono tre tipi principali di range di 3-bet:<\/p>\n\n\n\n<h3 class=\"wp-block-heading\">1. Range di 3-bet conservativo<\/h3>\n\n\n\n<p>Questo range include solo mani premium.<\/p>\n\n\n\n<figure class=\"wp-block-image size-large is-resized\"><img loading=\"lazy\" decoding=\"async\" src=\"http:\/\/hand2noteguide.com\/wp-content\/uploads\/2024\/07\/poker-3bet-conservative-min-960x1024.png\" alt=\"poker 3bet range\" class=\"wp-image-7324\" width=\"480\" height=\"512\" srcset=\"https:\/\/hand2noteguide.com\/wp-content\/uploads\/2024\/07\/poker-3bet-conservative-min-960x1024.png 960w, https:\/\/hand2noteguide.com\/wp-content\/uploads\/2024\/07\/poker-3bet-conservative-min-281x300.png 281w, https:\/\/hand2noteguide.com\/wp-content\/uploads\/2024\/07\/poker-3bet-conservative-min-768x819.png 768w, https:\/\/hand2noteguide.com\/wp-content\/uploads\/2024\/07\/poker-3bet-conservative-min-772x823.png 772w, https:\/\/hand2noteguide.com\/wp-content\/uploads\/2024\/07\/poker-3bet-conservative-min-585x624.png 585w, https:\/\/hand2noteguide.com\/wp-content\/uploads\/2024\/07\/poker-3bet-conservative-min.png 1080w\" sizes=\"auto, (max-width: 480px) 100vw, 480px\" \/><\/figure>\n\n\n\n<h3 class=\"wp-block-heading\">2. Range di 3-bet merged<\/h3>\n\n\n\n<p>Il range merged \u00e8 composto da mani premium e da alcune buone mani che possono essere giocate postflop.<\/p>\n\n\n\n<figure class=\"wp-block-image size-large is-resized\"><img loading=\"lazy\" decoding=\"async\" src=\"http:\/\/hand2noteguide.com\/wp-content\/uploads\/2024\/07\/poker-3bet-merged-min-960x1024.png\" alt=\"poker 3bet merged range\" class=\"wp-image-7325\" width=\"480\" height=\"512\" srcset=\"https:\/\/hand2noteguide.com\/wp-content\/uploads\/2024\/07\/poker-3bet-merged-min-960x1024.png 960w, https:\/\/hand2noteguide.com\/wp-content\/uploads\/2024\/07\/poker-3bet-merged-min-281x300.png 281w, https:\/\/hand2noteguide.com\/wp-content\/uploads\/2024\/07\/poker-3bet-merged-min-768x819.png 768w, https:\/\/hand2noteguide.com\/wp-content\/uploads\/2024\/07\/poker-3bet-merged-min-772x823.png 772w, https:\/\/hand2noteguide.com\/wp-content\/uploads\/2024\/07\/poker-3bet-merged-min-585x624.png 585w, https:\/\/hand2noteguide.com\/wp-content\/uploads\/2024\/07\/poker-3bet-merged-min.png 1080w\" sizes=\"auto, (max-width: 480px) 100vw, 480px\" \/><\/figure>\n\n\n\n<h3 class=\"wp-block-heading\">3. Range di 3-bet polarizzato<\/h3>\n\n\n\n<p>Oltre alle mani premium, il range polarizzato include anche mani di bluff puro.<\/p>\n\n\n\n<figure class=\"wp-block-image size-large is-resized\"><img loading=\"lazy\" decoding=\"async\" src=\"http:\/\/hand2noteguide.com\/wp-content\/uploads\/2024\/07\/poker-3bet-polarized-min-960x1024.png\" alt=\"poker 3bet polarized range\" class=\"wp-image-7326\" width=\"480\" height=\"512\" srcset=\"https:\/\/hand2noteguide.com\/wp-content\/uploads\/2024\/07\/poker-3bet-polarized-min-960x1024.png 960w, https:\/\/hand2noteguide.com\/wp-content\/uploads\/2024\/07\/poker-3bet-polarized-min-281x300.png 281w, https:\/\/hand2noteguide.com\/wp-content\/uploads\/2024\/07\/poker-3bet-polarized-min-768x819.png 768w, https:\/\/hand2noteguide.com\/wp-content\/uploads\/2024\/07\/poker-3bet-polarized-min-772x823.png 772w, https:\/\/hand2noteguide.com\/wp-content\/uploads\/2024\/07\/poker-3bet-polarized-min-585x624.png 585w, https:\/\/hand2noteguide.com\/wp-content\/uploads\/2024\/07\/poker-3bet-polarized-min.png 1080w\" sizes=\"auto, (max-width: 480px) 100vw, 480px\" \/><\/figure>\n\n\n\n<h2 class=\"wp-block-heading\">Lo scopo del 3-bet<\/h2>\n\n\n\n<p>In generale, lo scopo del 3-bet \u00e8 <strong>aumentare la dimensione del piatto con mani premium<\/strong> per vincere il maggior numero possibile di chip. Con mani premium intendiamo il range JJ+, AK+ (circa il 3% di tutte le mani).<\/p>\n\n\n\n<div class=\"green-block\">\n<p style=\"margin-bottom:0\">\u261d\ufe0f Tuttavia, fare 3-bet solo con mani premium nel poker moderno \u00e8 ormai un approccio piuttosto superato. Semplicemente perch\u00e9 gli avversari, vedendo la tua percentuale di 3-bet, folderanno quasi sempre, impedendoti di estrarre valore dalle tue mani.<\/p><\/div>\n\n\n\n<p>Per questo motivo, oggi <strong>esistono diversi motivi aggiuntivi per utilizzare il 3-bet:<\/strong><\/p>\n\n\n\n<ol class=\"wp-block-list\">\n<li>Il 3-bet, a differenza del cold call, ti d\u00e0 la possibilit\u00e0 di vincere il piatto gi\u00e0 preflop.<\/li>\n\n\n\n<li>Con il 3-bet puoi isolare avversari pi\u00f9 deboli che tendono a foldare se mancano il flop. Statisticamente, mancheranno il flop in pi\u00f9 di \u2154 dei casi.<\/li>\n\n\n\n<li>Facendo 3-bet costringi gli avversari che devono ancora agire a foldare anche mani pi\u00f9 forti della tua.<\/li>\n\n\n\n<li>Con il 3-bet puoi giocare un piatto heads-up contro l\u2019avversario, aumentando l\u2019equity della tua mano rispetto a un piatto multi-way.<\/li>\n<\/ol>\n\n\n\n<h2 class=\"wp-block-heading\">Size del 3-bet<\/h2>\n\n\n\n<p>Assumendo stack di 100bb, le size di 3-bet pi\u00f9 comuni sono 3\u20133.5x quando sei in posizione e 4\u20135x quando sei fuori posizione.<\/p>\n\n\n\n<h2 class=\"wp-block-heading\">Frequenze di 3-bet<\/h2>\n\n\n\n<p><strong>Meno del 4% \u00e8 molto tight.<\/strong> Questi giocatori fanno 3-bet solo con mani premium JJ+, AK+. Perdono opportunit\u00e0 di estrarre pi\u00f9 valore anche da altre buone mani.<\/p>\n\n\n\n<p><strong>Dal 4% al 10% \u00e8 solido.<\/strong> Questi giocatori in genere fanno 3-bet con mani buone e premium quando si trovano in buone posizioni.<\/p>\n\n\n\n<p><strong>Dal 10% al 14% \u00e8 semi-loose.<\/strong> Questi giocatori possono includere nel loro range di 3-bet anche mani pi\u00f9 speculative, ma con buone abilit\u00e0 postflop possono giocare in modo redditizio quanto i giocatori solidi, o anche di pi\u00f9. Tuttavia, se il loro gioco postflop non \u00e8 buono, probabilmente stanno giocando troppe mani.<\/p>\n\n\n\n<p><strong>Pi\u00f9 del 15% \u00e8 molto loose.<\/strong> Di solito questi giocatori sono dei maniaci. \u00c8 difficile aspettarsi di essere un giocatore profittevole con una frequenza di 3-bet cos\u00ec alta. Gli avversari forti si adatteranno rapidamente al loro range debole chiamando con mani buone\/premium oppure facendo 4-bet.<\/p>\n\n\n\n<h2 class=\"wp-block-heading\">Conclusione<\/h2>\n\n\n\n<p>Il 3-bet \u00e8 un\u2019azione importante nel poker. \u00c8 una parte fondamentale di una strategia vincente. Assicurati di integrare il 3-bet nel tuo gioco. Tuttavia, fallo con criterio: nelle situazioni giuste, con la size corretta e con un range giocabile.<\/p>\n","protected":false},"excerpt":{"rendered":"<p>Cos\u2019\u00e8 il 3-bet nel poker? Il 3-bet nel poker \u00e8 l\u2019azione con cui un giocatore rilancia il raise di un avversario. Di solito si riferisce a un\u2019azione preflop, ma pu\u00f2 essere utilizzato anche per indicare un rilancio postflop. Anche se il nome del termine contiene il numero 3, la size del 3-bet non deve necessariamente &hellip; <a href=\"https:\/\/hand2noteguide.com\/it\/poker\/poker-hud-stats\/3bet-in-poker\/\" class=\"more-link\">Continue reading <span class=\"screen-reader-text\">3-bet nel poker: la guida completa con esempi<\/span><\/a><\/p>\n","protected":false},"author":1,"featured_media":0,"parent":8180,"menu_order":0,"comment_status":"closed","ping_status":"closed","template":"","meta":{"footnotes":""},"class_list":["post-7322","page","type-page","status-publish","hentry"],"translation":{"provider":"WPGlobus","version":"3.0.2","language":"it","enabled_languages":["en","ru","pt","zh","es","fr","de","it","ja"],"languages":{"en":{"title":true,"content":true,"excerpt":false},"ru":{"title":true,"content":true,"excerpt":false},"pt":{"title":true,"content":true,"excerpt":false},"zh":{"title":true,"content":true,"excerpt":false},"es":{"title":true,"content":true,"excerpt":false},"fr":{"title":true,"content":true,"excerpt":false},"de":{"title":true,"content":true,"excerpt":false},"it":{"title":true,"content":true,"excerpt":false},"ja":{"title":true,"content":true,"excerpt":false}}},"yoast_head":"<!-- This site is optimized with the Yoast SEO plugin v27.0 - https:\/\/yoast.com\/product\/yoast-seo-wordpress\/ -->\n<title>3-bet nel poker: la guida completa con esempi<\/title>\n<meta name=\"description\" content=\"Il 3-bet nel poker \u00e8 un\u2019azione in cui un giocatore fa un re-raise. Scopri perch\u00e9 e con quale frequenza dovresti usare il 3-bet nella tua strategia. Guida dettagliata con esempi.\" \/>\n<meta name=\"robots\" content=\"index, follow, max-snippet:-1, max-image-preview:large, max-video-preview:-1\" \/>\n<link rel=\"canonical\" href=\"https:\/\/hand2noteguide.com\/poker\/poker-hud-stats\/3bet-in-poker\/\" \/>\n<meta property=\"og:locale\" content=\"it_IT\" \/>\n<meta property=\"og:type\" content=\"article\" \/>\n<meta property=\"og:title\" content=\"3-bet nel poker: la guida completa con esempi\" \/>\n<meta property=\"og:description\" content=\"Il 3-bet nel poker \u00e8 un\u2019azione in cui un giocatore fa un re-raise. Scopri perch\u00e9 e con quale frequenza dovresti usare il 3-bet nella tua strategia. Guida dettagliata con esempi.\" \/>\n<meta property=\"og:url\" content=\"https:\/\/hand2noteguide.com\/poker\/poker-hud-stats\/3bet-in-poker\/\" \/>\n<meta property=\"og:site_name\" content=\"Hand2Note Guide\" \/>\n<meta property=\"article:modified_time\" content=\"2026-03-11T17:16:29+00:00\" \/>\n<meta property=\"og:image\" content=\"http:\/\/hand2noteguide.com\/wp-content\/uploads\/2024\/09\/3Bet-min-1024x576.jpg\" \/>\n<meta name=\"twitter:card\" content=\"summary_large_image\" \/>\n<meta name=\"twitter:label1\" content=\"Est. reading time\" \/>\n\t<meta name=\"twitter:data1\" content=\"19 minutes\" \/>\n<!-- \/ Yoast SEO plugin. -->","yoast_head_json":{"title":"3-bet nel poker: la guida completa con esempi","description":"Il 3-bet nel poker \u00e8 un\u2019azione in cui un giocatore fa un re-raise. Scopri perch\u00e9 e con quale frequenza dovresti usare il 3-bet nella tua strategia. Guida dettagliata con esempi.","robots":{"index":"index","follow":"follow","max-snippet":"max-snippet:-1","max-image-preview":"max-image-preview:large","max-video-preview":"max-video-preview:-1"},"canonical":"https:\/\/hand2noteguide.com\/poker\/poker-hud-stats\/3bet-in-poker\/","og_locale":"it_IT","og_type":"article","og_title":"3-bet nel poker: la guida completa con esempi","og_description":"Il 3-bet nel poker \u00e8 un\u2019azione in cui un giocatore fa un re-raise. Scopri perch\u00e9 e con quale frequenza dovresti usare il 3-bet nella tua strategia. Guida dettagliata con esempi.","og_url":"https:\/\/hand2noteguide.com\/poker\/poker-hud-stats\/3bet-in-poker\/","og_site_name":"Hand2Note Guide","article_modified_time":"2026-03-11T17:16:29+00:00","og_image":[{"url":"http:\/\/hand2noteguide.com\/wp-content\/uploads\/2024\/09\/3Bet-min-1024x576.jpg","type":"","width":"","height":""}],"twitter_card":"summary_large_image","twitter_misc":{"Est. reading time":"19 minutes"},"schema":{"@context":"https:\/\/schema.org","@graph":[]}},"jetpack_sharing_enabled":true,"_links":{"self":[{"href":"https:\/\/hand2noteguide.com\/it\/wp-json\/wp\/v2\/pages\/7322","targetHints":{"allow":["GET"]}}],"collection":[{"href":"https:\/\/hand2noteguide.com\/it\/wp-json\/wp\/v2\/pages"}],"about":[{"href":"https:\/\/hand2noteguide.com\/it\/wp-json\/wp\/v2\/types\/page"}],"author":[{"embeddable":true,"href":"https:\/\/hand2noteguide.com\/it\/wp-json\/wp\/v2\/users\/1"}],"replies":[{"embeddable":true,"href":"https:\/\/hand2noteguide.com\/it\/wp-json\/wp\/v2\/comments?post=7322"}],"version-history":[{"count":26,"href":"https:\/\/hand2noteguide.com\/it\/wp-json\/wp\/v2\/pages\/7322\/revisions"}],"predecessor-version":[{"id":15855,"href":"https:\/\/hand2noteguide.com\/it\/wp-json\/wp\/v2\/pages\/7322\/revisions\/15855"}],"up":[{"embeddable":true,"href":"https:\/\/hand2noteguide.com\/it\/wp-json\/wp\/v2\/pages\/8180"}],"wp:attachment":[{"href":"https:\/\/hand2noteguide.com\/it\/wp-json\/wp\/v2\/media?parent=7322"}],"curies":[{"name":"wp","href":"https:\/\/api.w.org\/{rel}","templated":true}]}}