{"id":7498,"date":"2024-07-31T10:57:12","date_gmt":"2024-07-31T07:57:12","guid":{"rendered":"https:\/\/hand2noteguide.com\/?page_id=7498"},"modified":"2026-03-11T18:38:41","modified_gmt":"2026-03-11T15:38:41","slug":"gto-wizard-price","status":"publish","type":"page","link":"https:\/\/hand2noteguide.com\/it\/poker\/poker-gto\/gto-wizard-review\/gto-wizard-price\/","title":{"rendered":"Prezzo di GTO Wizard \ud83d\udcb0: quanto costa la migliore app GTO?"},"content":{"rendered":"\n<p>GTO Wizard \u00e8 la migliore app di training <a href=\"https:\/\/hand2noteguide.com\/it\/poker\/poker-gto\/\">GTO<\/a> e uno dei migliori software di poker in generale. \u00c8 ampiamente utilizzata da giocatori di poker di tutti i livelli per migliorare la propria conoscenza del GTO. Puoi scoprire di pi\u00f9 sulle funzionalit\u00e0 di GTO Wizard nella nostra <a href=\"https:\/\/hand2noteguide.com\/it\/poker\/poker-gto\/gto-wizard-review\/\">recensione<\/a>.<\/p>\n\n\n\n<p>Spesso i giocatori hanno domande sulla politica dei prezzi di GTO Wizard. In questo breve articolo analizzeremo tutti i piani a pagamento che GTO Wizard offre ai suoi utenti.<\/p>\n\n\n\n<figure class=\"wp-block-image size-large\"><img loading=\"lazy\" decoding=\"async\" width=\"1024\" height=\"707\" src=\"https:\/\/hand2noteguide.com\/wp-content\/uploads\/2024\/07\/gto-wizard-price-min-1024x707.png\" alt=\"Prezzo di GTO Wizard\" class=\"wp-image-7503\" srcset=\"https:\/\/hand2noteguide.com\/wp-content\/uploads\/2024\/07\/gto-wizard-price-min-1024x707.png 1024w, https:\/\/hand2noteguide.com\/wp-content\/uploads\/2024\/07\/gto-wizard-price-min-300x207.png 300w, https:\/\/hand2noteguide.com\/wp-content\/uploads\/2024\/07\/gto-wizard-price-min-768x530.png 768w, https:\/\/hand2noteguide.com\/wp-content\/uploads\/2024\/07\/gto-wizard-price-min-1536x1061.png 1536w, https:\/\/hand2noteguide.com\/wp-content\/uploads\/2024\/07\/gto-wizard-price-min-2048x1414.png 2048w, https:\/\/hand2noteguide.com\/wp-content\/uploads\/2024\/07\/gto-wizard-price-min-772x533.png 772w, https:\/\/hand2noteguide.com\/wp-content\/uploads\/2024\/07\/gto-wizard-price-min-624x431.png 624w\" sizes=\"auto, (max-width: 1024px) 100vw, 1024px\" \/><figcaption class=\"wp-element-caption\">Prezzi di GTO Wizard<\/figcaption><\/figure>\n\n\n\n<p><strong>Il prezzo di GTO Wizard parte da $35 al mese.<\/strong> Tutti i piani a pagamento sono suddivisi sia per tipo di gioco sia per funzionalit\u00e0.<\/p>\n\n\n\n<p>Ci sono 5 gruppi di tipi di gioco:<\/p>\n\n\n\n<ul class=\"wp-block-list\">\n<li>Cash game<\/li>\n\n\n\n<li>MTT<\/li>\n\n\n\n<li>Spin and Go<\/li>\n\n\n\n<li>HU SNG<\/li>\n\n\n\n<li>Straddle + Ante<\/li>\n<\/ul>\n\n\n\n<p>E ci sono 3 tipi di abbonamento:<\/p>\n\n\n\n<ul class=\"wp-block-list\">\n<li>Starter<\/li>\n\n\n\n<li>Premium<\/li>\n\n\n\n<li>Elite<\/li>\n<\/ul>\n\n\n\n<p>A seconda del tipo di giochi che preferisci e del livello di funzionalit\u00e0 di cui hai bisogno, il prezzo varier\u00e0. Nella tabella qui sotto puoi vedere i prezzi per tutti gli scenari.<\/p>\n\n\n\n<p><strong>\u2705 Tutti i prezzi nella tabella sono mostrati con il nostro <a href=\"https:\/\/hand2noteguide.com\/it\/poker\/poker-gto\/gto-wizard-review\/gto-wizard-discount\/\">sconto<\/a> applicato.<\/strong><\/p>\n\n\n\n<figure class=\"wp-block-table\"><table><tbody><tr><td><\/td><td><strong>Cash game<\/strong><\/td><td><strong>MTT<\/strong><\/td><td><strong>Spin &amp; Go<\/strong><\/td><td><strong>HU SNG<\/strong><\/td><td><strong>Straddle + Ante<\/strong><\/td><\/tr><tr><td><strong>Starter<\/strong><\/td><td>Da <strong>$35 al mese<\/strong><\/td><td>Da <strong>$35 al mese<\/strong><\/td><td>Da <strong>$35 al mese<\/strong><\/td><td>Da <strong>$26 al mese<\/strong><\/td><td>&#8211;<\/td><\/tr><tr><td><strong>Premium<\/strong><\/td><td>Da <strong><s>$69<\/s> $62 al mese<\/strong><\/td><td>Da <strong><s>$69<\/s> $62 al mese<\/strong><\/td><td>Da <strong><s>$69<\/s> $62 al mese<\/strong><\/td><td>Da <strong><s>$49<\/s> $44 al mese<\/strong><\/td><td>Da <strong><s>$69<\/s> $62 al mese<\/strong><\/td><\/tr><tr><td><strong>Elite<\/strong><\/td><td>Da <strong><s>$129<\/s> $116 al mese<\/strong><\/td><td>Da <strong><s>$129<\/s> $116 al mese<\/strong><\/td><td>Da <strong><s>$129<\/s> $116 al mese<\/strong><\/td><td>Da <strong><s>$129<\/s> $116 al mese<\/strong><\/td><td>Da <strong><s>$129<\/s> $116 al mese<\/strong><\/td><\/tr><tr><td><strong>Ultra<\/strong><\/td><td>Da <strong><s>$229<\/s> $206 al mese<\/strong><\/td><td>Da <strong><s>$229<\/s> $206 al mese<\/strong><\/td><td>Da <strong><s>$229<\/s> $206 al mese<\/strong><\/td><td>&#8211;<\/td><td>Da <strong><s>$229<\/s> $206 al mese<\/strong><\/td><\/tr><\/tbody><\/table><figcaption class=\"wp-element-caption\">Panoramica dei prezzi di GTO Wizard<\/figcaption><\/figure>\n\n\n\n<p>La descrizione dettagliata di ogni piano \u00e8 disponibile direttamente nell\u2019app GTO Wizard. Quindi non preoccuparti: potrai capire esattamente quale opzione ti serve direttamente dalla loro pagina di pagamento.<\/p>\n\n\n<div class=\"wp-block-h2n-cta-button\" style=\"text-align: left;\"><a href=\"https:\/\/hand2noteguide.com\/it\/go\/gtowizard\/\" class=\"btn btn-primary btn-color-amber\" target=\"_blank\" rel=\"noopener noreferrer nofollow sponsored\">Vai al sito di GTO Wizard \u2192<\/a><\/div>\n\n\n<p>Puoi ottenere un prezzo migliore scegliendo un abbonamento annuale. In combinazione con la nostra <a href=\"https:\/\/hand2noteguide.com\/it\/poker\/poker-gto\/gto-wizard-review\/gto-wizard-discount\/\">offerta<\/a>, otterrai la miglior offerta possibile acquistando GTO Wizard.<\/p>\n\n\n\n<figure class=\"wp-block-image size-large\"><img loading=\"lazy\" decoding=\"async\" width=\"1024\" height=\"649\" src=\"https:\/\/hand2noteguide.com\/wp-content\/uploads\/2024\/07\/gto-wizard-discount-min-1024x649.png\" alt=\"\" class=\"wp-image-7529\" srcset=\"https:\/\/hand2noteguide.com\/wp-content\/uploads\/2024\/07\/gto-wizard-discount-min-1024x649.png 1024w, https:\/\/hand2noteguide.com\/wp-content\/uploads\/2024\/07\/gto-wizard-discount-min-300x190.png 300w, https:\/\/hand2noteguide.com\/wp-content\/uploads\/2024\/07\/gto-wizard-discount-min-768x487.png 768w, https:\/\/hand2noteguide.com\/wp-content\/uploads\/2024\/07\/gto-wizard-discount-min-1536x973.png 1536w, https:\/\/hand2noteguide.com\/wp-content\/uploads\/2024\/07\/gto-wizard-discount-min-2048x1298.png 2048w, https:\/\/hand2noteguide.com\/wp-content\/uploads\/2024\/07\/gto-wizard-discount-min-772x489.png 772w, https:\/\/hand2noteguide.com\/wp-content\/uploads\/2024\/07\/gto-wizard-discount-min-624x395.png 624w\" sizes=\"auto, (max-width: 1024px) 100vw, 1024px\" \/><figcaption class=\"wp-element-caption\">Scegli un piano annuale per ottenere lo sconto massimo<\/figcaption><\/figure>\n\n\n\n<h2 class=\"wp-block-heading\">Aggiornamento 2026: il nuovo livello &#8220;Ultra&#8221;<\/h2>\n\n\n\n<p>All\u2019inizio del 2026, GTO Wizard ha introdotto il livello <strong>Ultra<\/strong>, progettato per professionisti high stakes e utenti avanzati che hanno bisogno di pi\u00f9 di una semplice libreria di soluzioni pre-calcolate. Questo livello integra ufficialmente il potente <strong>Multiway AI Solver<\/strong> direttamente nell\u2019interfaccia.<\/p>\n\n\n\n<p><strong>Principali funzionalit\u00e0 di Ultra:<\/strong><\/p>\n\n\n\n<ul class=\"wp-block-list\">\n<li><strong>Risoluzione preflop multiway illimitata:<\/strong> risolvi qualsiasi spot con fino a 9 giocatori da zero. Puoi personalizzare stack, ante e size delle puntate per ogni giocatore.<\/li>\n\n\n\n<li><strong>Risoluzione postflop multiway:<\/strong> accesso a soluzioni per piatti postflop a 3 giocatori con piena personalizzazione tramite AI.<\/li>\n\n\n\n<li><strong>1500 Power Credits al mese:<\/strong> utilizzati per generare Aggregated Reports avanzati e subset personalizzati di flop.<\/li>\n<\/ul>\n\n\n\n<p>Il prezzo del piano Ultra parte da <strong>$206\/mese<\/strong> (incluso il risparmio con il piano annuale e il nostro sconto esclusivo del 10%).<\/p>\n\n\n\n<h2 class=\"wp-block-heading\">Le persone chiedono anche su GTO Wizard<\/h2>\n\n\n\n<h3 class=\"wp-block-heading\">Bisogna pagare per usare GTO Wizard?<\/h3>\n\n\n\n<p>GTO Wizard ha una versione gratuita, ma \u00e8 molto limitata nelle funzionalit\u00e0. Per utilizzare tutte le potenti funzionalit\u00e0 dell\u2019app, dovrai acquistare una delle opzioni di abbonamento a pagamento.<\/p>\n\n\n\n<h3 class=\"wp-block-heading\">GTO Wizard \u00e8 valido?<\/h3>\n\n\n\n<p>S\u00ec, GTO Wizard \u00e8 un\u2019app di poker affidabile e ben testata, approvata da giocatori professionisti e coach. \u00c8 uno strumento essenziale per qualsiasi giocatore di poker che voglia studiare e praticare il GTO.<\/p>\n\n\n\n<h3 class=\"wp-block-heading\">Si pu\u00f2 scaricare GTO Wizard?<\/h3>\n\n\n\n<p>No, \u00e8 un\u2019app basata su browser. Puoi usarla solo dal tuo browser, senza bisogno di scaricare nulla sul PC. Puoi accedere all\u2019app in qualsiasi momento da qualsiasi dispositivo: tutti i dati sono salvati sui server di GTO Wizard.<\/p>\n","protected":false},"excerpt":{"rendered":"<p>GTO Wizard \u00e8 la migliore app di training GTO e uno dei migliori software di poker in generale. \u00c8 ampiamente utilizzata da giocatori di poker di tutti i livelli per migliorare la propria conoscenza del GTO. Puoi scoprire di pi\u00f9 sulle funzionalit\u00e0 di GTO Wizard nella nostra recensione. Spesso i giocatori hanno domande sulla politica &hellip; <a href=\"https:\/\/hand2noteguide.com\/it\/poker\/poker-gto\/gto-wizard-review\/gto-wizard-price\/\" class=\"more-link\">Continue reading <span class=\"screen-reader-text\">Prezzo di GTO Wizard \ud83d\udcb0: quanto costa la migliore app GTO?<\/span><\/a><\/p>\n","protected":false},"author":1,"featured_media":0,"parent":6182,"menu_order":0,"comment_status":"closed","ping_status":"closed","template":"","meta":{"footnotes":""},"class_list":["post-7498","page","type-page","status-publish","hentry"],"translation":{"provider":"WPGlobus","version":"3.0.2","language":"it","enabled_languages":["en","ru","pt","zh","es","fr","de","it","ja"],"languages":{"en":{"title":true,"content":true,"excerpt":false},"ru":{"title":true,"content":true,"excerpt":false},"pt":{"title":true,"content":true,"excerpt":false},"zh":{"title":true,"content":true,"excerpt":false},"es":{"title":true,"content":true,"excerpt":false},"fr":{"title":true,"content":true,"excerpt":false},"de":{"title":true,"content":true,"excerpt":false},"it":{"title":true,"content":true,"excerpt":false},"ja":{"title":true,"content":true,"excerpt":false}}},"yoast_head":"<!-- This site is optimized with the Yoast SEO plugin v27.0 - https:\/\/yoast.com\/product\/yoast-seo-wordpress\/ -->\n<title>Prezzo di GTO Wizard \ud83d\udcb0: quanto costa la migliore app GTO?<\/title>\n<meta name=\"description\" content=\"Scopri quanto costa GTO Wizard, la migliore app di allenamento GTO per giocatori di poker. Confronta i piani di abbonamento e ottieni la miglior offerta con il nostro sconto.\" \/>\n<meta name=\"robots\" content=\"index, follow, max-snippet:-1, max-image-preview:large, max-video-preview:-1\" \/>\n<link rel=\"canonical\" href=\"https:\/\/hand2noteguide.com\/poker\/poker-gto\/gto-wizard-review\/gto-wizard-price\/\" \/>\n<meta property=\"og:locale\" content=\"it_IT\" \/>\n<meta property=\"og:type\" content=\"article\" \/>\n<meta property=\"og:title\" content=\"Prezzo di GTO Wizard \ud83d\udcb0: quanto costa la migliore app GTO?\" \/>\n<meta property=\"og:description\" content=\"Scopri quanto costa GTO Wizard, la migliore app di allenamento GTO per giocatori di poker. Confronta i piani di abbonamento e ottieni la miglior offerta con il nostro sconto.\" \/>\n<meta property=\"og:url\" content=\"https:\/\/hand2noteguide.com\/poker\/poker-gto\/gto-wizard-review\/gto-wizard-price\/\" \/>\n<meta property=\"og:site_name\" content=\"Hand2Note Guide\" \/>\n<meta property=\"article:modified_time\" content=\"2026-03-11T15:38:41+00:00\" \/>\n<meta property=\"og:image\" content=\"https:\/\/hand2noteguide.com\/wp-content\/uploads\/2024\/07\/gto-wizard-price-min.png\" \/>\n\t<meta property=\"og:image:width\" content=\"2246\" \/>\n\t<meta property=\"og:image:height\" content=\"1551\" \/>\n\t<meta property=\"og:image:type\" content=\"image\/png\" \/>\n<meta name=\"twitter:card\" content=\"summary_large_image\" \/>\n<meta name=\"twitter:label1\" content=\"Est. reading time\" \/>\n\t<meta name=\"twitter:data1\" content=\"4 minutes\" \/>\n<!-- \/ Yoast SEO plugin. -->","yoast_head_json":{"title":"Prezzo di GTO Wizard \ud83d\udcb0: quanto costa la migliore app GTO?","description":"Scopri quanto costa GTO Wizard, la migliore app di allenamento GTO per giocatori di poker. Confronta i piani di abbonamento e ottieni la miglior offerta con il nostro sconto.","robots":{"index":"index","follow":"follow","max-snippet":"max-snippet:-1","max-image-preview":"max-image-preview:large","max-video-preview":"max-video-preview:-1"},"canonical":"https:\/\/hand2noteguide.com\/poker\/poker-gto\/gto-wizard-review\/gto-wizard-price\/","og_locale":"it_IT","og_type":"article","og_title":"Prezzo di GTO Wizard \ud83d\udcb0: quanto costa la migliore app GTO?","og_description":"Scopri quanto costa GTO Wizard, la migliore app di allenamento GTO per giocatori di poker. Confronta i piani di abbonamento e ottieni la miglior offerta con il nostro sconto.","og_url":"https:\/\/hand2noteguide.com\/poker\/poker-gto\/gto-wizard-review\/gto-wizard-price\/","og_site_name":"Hand2Note Guide","article_modified_time":"2026-03-11T15:38:41+00:00","og_image":[{"width":2246,"height":1551,"url":"https:\/\/hand2noteguide.com\/wp-content\/uploads\/2024\/07\/gto-wizard-price-min.png","type":"image\/png"}],"twitter_card":"summary_large_image","twitter_misc":{"Est. reading time":"4 minutes"},"schema":{"@context":"https:\/\/schema.org","@graph":[]}},"jetpack_sharing_enabled":true,"_links":{"self":[{"href":"https:\/\/hand2noteguide.com\/it\/wp-json\/wp\/v2\/pages\/7498","targetHints":{"allow":["GET"]}}],"collection":[{"href":"https:\/\/hand2noteguide.com\/it\/wp-json\/wp\/v2\/pages"}],"about":[{"href":"https:\/\/hand2noteguide.com\/it\/wp-json\/wp\/v2\/types\/page"}],"author":[{"embeddable":true,"href":"https:\/\/hand2noteguide.com\/it\/wp-json\/wp\/v2\/users\/1"}],"replies":[{"embeddable":true,"href":"https:\/\/hand2noteguide.com\/it\/wp-json\/wp\/v2\/comments?post=7498"}],"version-history":[{"count":67,"href":"https:\/\/hand2noteguide.com\/it\/wp-json\/wp\/v2\/pages\/7498\/revisions"}],"predecessor-version":[{"id":15848,"href":"https:\/\/hand2noteguide.com\/it\/wp-json\/wp\/v2\/pages\/7498\/revisions\/15848"}],"up":[{"embeddable":true,"href":"https:\/\/hand2noteguide.com\/it\/wp-json\/wp\/v2\/pages\/6182"}],"wp:attachment":[{"href":"https:\/\/hand2noteguide.com\/it\/wp-json\/wp\/v2\/media?parent=7498"}],"curies":[{"name":"wp","href":"https:\/\/api.w.org\/{rel}","templated":true}]}}