{"id":76,"date":"2018-07-30T00:45:18","date_gmt":"2018-07-29T21:45:18","guid":{"rendered":"https:\/\/h2n312.wordpress.com\/?page_id=76"},"modified":"2026-03-26T20:22:03","modified_gmt":"2026-03-26T17:22:03","slug":"promo","status":"publish","type":"page","link":"https:\/\/hand2noteguide.com\/it\/promo\/","title":{"rendered":"Codice promozionale GUIDE10: sconto del 10% e HUD bonus"},"content":{"rendered":"\n<p><span style=\"font-size: inherit\">Usa il<\/span><strong style=\"font-size: inherit\"> codice promozionale GUIDE10<\/strong> <span style=\"font-size: inherit\">quando acquisti un abbonamento <\/span><a href=\"https:\/\/hand2note.com\/\" target=\"_blank\" rel=\"noreferrer noopener\">Hand2Note<\/a><span style=\"font-size: inherit\"> per ottenere uno sconto immediato del 10%. <\/span>Devi solo inserire il coupon in un campo speciale sulla pagina di acquisto. Il prezzo verr\u00e0 ricalcolato immediatamente.<\/p>\n\n\n\n<p>Il nostro codice funziona sia per le versioni Hand2Note 3 che Hand2Note 4!<\/p>\n\n\n\n<figure class=\"wp-block-image size-large\"><img loading=\"lazy\" decoding=\"async\" width=\"1024\" height=\"802\" src=\"https:\/\/hand2noteguide.com\/wp-content\/uploads\/2026\/03\/hand2note-promo-code-1024x802.webp\" alt=\"Hand2Note Promo Code\" class=\"wp-image-15993\" srcset=\"https:\/\/hand2noteguide.com\/wp-content\/uploads\/2026\/03\/hand2note-promo-code-1024x802.webp 1024w, https:\/\/hand2noteguide.com\/wp-content\/uploads\/2026\/03\/hand2note-promo-code-300x235.webp 300w, https:\/\/hand2noteguide.com\/wp-content\/uploads\/2026\/03\/hand2note-promo-code-768x601.webp 768w, https:\/\/hand2noteguide.com\/wp-content\/uploads\/2026\/03\/hand2note-promo-code-1536x1203.webp 1536w, https:\/\/hand2noteguide.com\/wp-content\/uploads\/2026\/03\/hand2note-promo-code-2048x1604.webp 2048w, https:\/\/hand2noteguide.com\/wp-content\/uploads\/2026\/03\/hand2note-promo-code-772x605.webp 772w\" sizes=\"auto, (max-width: 1024px) 100vw, 1024px\" \/><figcaption class=\"wp-element-caption\">Inserisci il codice promozionale per ottenere uno sconto su Hand2Note<\/figcaption><\/figure>\n\n\n\n\n<h2 class=\"wp-block-heading\"><strong>Come usare il codice promozionale GUIDE10<\/strong><\/h2>\n\n\n\n<ol class=\"wp-block-list\" start=\"1\">\n<li>Apri la pagina ufficiale di acquisto di Hand2Note<\/li>\n\n\n\n<li>Scegli il tuo piano (Learner o Pro)<\/li>\n\n\n\n<li>Inserisci GUIDE10 nel campo del codice promozionale al checkout<\/li>\n\n\n\n<li>Lo sconto del 10% si applica istantaneamente<\/li>\n\n\n\n<li>Completa il pagamento e inizia a usare Hand2Note<\/li>\n<\/ol>\n\n\n<div class=\"wp-block-h2n-alert h2n-alert h2n-alert--info\"><div class=\"h2n-alert__icon\" aria-hidden=\"true\"><svg width=\"22\" height=\"22\" viewBox=\"0 0 24 24\" fill=\"none\" stroke=\"currentColor\" stroke-width=\"2\" stroke-linecap=\"round\" stroke-linejoin=\"round\"><circle cx=\"12\" cy=\"12\" r=\"10\"\/><line x1=\"12\" y1=\"16\" x2=\"12\" y2=\"12\"\/><circle cx=\"12\" cy=\"8\" r=\"1\" fill=\"currentColor\" stroke=\"none\"\/><\/svg><\/div><div class=\"h2n-alert__content\">Il codice promozionale pu\u00f2 essere combinato con lo sconto annuale ufficiale (25%), rendendo la licenza annuale l&#8217;opzione di miglior valore.<\/div><\/div>\n\n\n<h2 class=\"wp-block-heading\">HUD extra e corso video inclusi!<\/h2>\n\n\n\n<p>Ottieni pi\u00f9 di un semplice sconto. Il nostro pacchetto bonus include:<\/p>\n\n\n\n<h3 class=\"wp-block-heading\"><strong>HUD professionali<\/strong><\/h3>\n\n\n\n<p>Ti offriamo <a href=\"https:\/\/hand2noteguide.com\/it\/hud-store\/simple-cash\/\">Simple Cash<\/a>, <a href=\"https:\/\/hand2noteguide.com\/it\/cosmos-free-mtt-hud\/\">Cosmos MTT<\/a>, <a href=\"https:\/\/www.hudstore.poker\/products\/cosmos-spins\" target=\"_blank\" rel=\"noreferrer noopener\">Cosmos Spins<\/a>, e <a href=\"https:\/\/hand2noteguide.com\/it\/hud-store\/simple-cash-pack-for-free\/\">altri 4 set di HUD &amp; popup<\/a> gratuitamente per 1 anno! Il nostro set di HUD copre tutti i tipi di gioco (Cash, MTT, Spin&amp;Go) ed \u00e8 ben adatto sia per l&#8217;uso in-game che per l&#8217;analisi fuori dal tavolo.<\/p>\n\n\n\n<figure class=\"wp-block-gallery has-nested-images columns-3 is-cropped wp-block-gallery-1 is-layout-flex wp-block-gallery-is-layout-flex\">\n<figure class=\"wp-block-image size-large\"><img loading=\"lazy\" decoding=\"async\" width=\"1024\" height=\"737\" data-id=\"8874\" src=\"https:\/\/hand2noteguide.com\/wp-content\/uploads\/2025\/02\/1-simple-cash-1024x737.webp\" alt=\"simple cash hand2note hud\" class=\"wp-image-8874\" srcset=\"https:\/\/hand2noteguide.com\/wp-content\/uploads\/2025\/02\/1-simple-cash-1024x737.webp 1024w, https:\/\/hand2noteguide.com\/wp-content\/uploads\/2025\/02\/1-simple-cash-300x216.webp 300w, https:\/\/hand2noteguide.com\/wp-content\/uploads\/2025\/02\/1-simple-cash-768x552.webp 768w, https:\/\/hand2noteguide.com\/wp-content\/uploads\/2025\/02\/1-simple-cash-1536x1105.webp 1536w, https:\/\/hand2noteguide.com\/wp-content\/uploads\/2025\/02\/1-simple-cash-772x555.webp 772w, https:\/\/hand2noteguide.com\/wp-content\/uploads\/2025\/02\/1-simple-cash-624x449.webp 624w, https:\/\/hand2noteguide.com\/wp-content\/uploads\/2025\/02\/1-simple-cash.webp 1607w\" sizes=\"auto, (max-width: 1024px) 100vw, 1024px\" \/><\/figure>\n\n\n\n<figure class=\"wp-block-image size-large\"><img loading=\"lazy\" decoding=\"async\" width=\"1024\" height=\"728\" data-id=\"8875\" src=\"https:\/\/hand2noteguide.com\/wp-content\/uploads\/2025\/02\/2-cosmos-mtt-1024x728.webp\" alt=\"cosmos mtt hand2note hud\" class=\"wp-image-8875\" srcset=\"https:\/\/hand2noteguide.com\/wp-content\/uploads\/2025\/02\/2-cosmos-mtt-1024x728.webp 1024w, https:\/\/hand2noteguide.com\/wp-content\/uploads\/2025\/02\/2-cosmos-mtt-300x213.webp 300w, https:\/\/hand2noteguide.com\/wp-content\/uploads\/2025\/02\/2-cosmos-mtt-768x546.webp 768w, https:\/\/hand2noteguide.com\/wp-content\/uploads\/2025\/02\/2-cosmos-mtt-1536x1093.webp 1536w, https:\/\/hand2noteguide.com\/wp-content\/uploads\/2025\/02\/2-cosmos-mtt-772x549.webp 772w, https:\/\/hand2noteguide.com\/wp-content\/uploads\/2025\/02\/2-cosmos-mtt-624x444.webp 624w, https:\/\/hand2noteguide.com\/wp-content\/uploads\/2025\/02\/2-cosmos-mtt.webp 1590w\" sizes=\"auto, (max-width: 1024px) 100vw, 1024px\" \/><\/figure>\n\n\n\n<figure class=\"wp-block-image size-large\"><img loading=\"lazy\" decoding=\"async\" width=\"1024\" height=\"615\" data-id=\"8876\" src=\"https:\/\/hand2noteguide.com\/wp-content\/uploads\/2025\/02\/3-cosmos-spins-1024x615.webp\" alt=\"cosmos spins hand2note hud\" class=\"wp-image-8876\" srcset=\"https:\/\/hand2noteguide.com\/wp-content\/uploads\/2025\/02\/3-cosmos-spins-1024x615.webp 1024w, https:\/\/hand2noteguide.com\/wp-content\/uploads\/2025\/02\/3-cosmos-spins-300x180.webp 300w, https:\/\/hand2noteguide.com\/wp-content\/uploads\/2025\/02\/3-cosmos-spins-768x461.webp 768w, https:\/\/hand2noteguide.com\/wp-content\/uploads\/2025\/02\/3-cosmos-spins-772x464.webp 772w, https:\/\/hand2noteguide.com\/wp-content\/uploads\/2025\/02\/3-cosmos-spins-624x375.webp 624w, https:\/\/hand2noteguide.com\/wp-content\/uploads\/2025\/02\/3-cosmos-spins.webp 1224w\" sizes=\"auto, (max-width: 1024px) 100vw, 1024px\" \/><\/figure>\n\n\n\n<figure class=\"wp-block-image size-large\"><img loading=\"lazy\" decoding=\"async\" width=\"1024\" height=\"735\" data-id=\"8877\" src=\"https:\/\/hand2noteguide.com\/wp-content\/uploads\/2025\/02\/4-procash-1024x735.webp\" alt=\"pro cash hand2note hud\" class=\"wp-image-8877\" srcset=\"https:\/\/hand2noteguide.com\/wp-content\/uploads\/2025\/02\/4-procash-1024x735.webp 1024w, https:\/\/hand2noteguide.com\/wp-content\/uploads\/2025\/02\/4-procash-300x215.webp 300w, https:\/\/hand2noteguide.com\/wp-content\/uploads\/2025\/02\/4-procash-768x551.webp 768w, https:\/\/hand2noteguide.com\/wp-content\/uploads\/2025\/02\/4-procash-1536x1102.webp 1536w, https:\/\/hand2noteguide.com\/wp-content\/uploads\/2025\/02\/4-procash-772x554.webp 772w, https:\/\/hand2noteguide.com\/wp-content\/uploads\/2025\/02\/4-procash-624x448.webp 624w, https:\/\/hand2noteguide.com\/wp-content\/uploads\/2025\/02\/4-procash.webp 1557w\" sizes=\"auto, (max-width: 1024px) 100vw, 1024px\" \/><\/figure>\n\n\n\n<figure class=\"wp-block-image size-large\"><img loading=\"lazy\" decoding=\"async\" width=\"1024\" height=\"732\" data-id=\"8878\" src=\"https:\/\/hand2noteguide.com\/wp-content\/uploads\/2025\/02\/5-perfectcash-1024x732.webp\" alt=\"perfect cash hand2note hud\" class=\"wp-image-8878\" srcset=\"https:\/\/hand2noteguide.com\/wp-content\/uploads\/2025\/02\/5-perfectcash-1024x732.webp 1024w, https:\/\/hand2noteguide.com\/wp-content\/uploads\/2025\/02\/5-perfectcash-300x215.webp 300w, https:\/\/hand2noteguide.com\/wp-content\/uploads\/2025\/02\/5-perfectcash-768x549.webp 768w, https:\/\/hand2noteguide.com\/wp-content\/uploads\/2025\/02\/5-perfectcash-1536x1099.webp 1536w, https:\/\/hand2noteguide.com\/wp-content\/uploads\/2025\/02\/5-perfectcash-772x552.webp 772w, https:\/\/hand2noteguide.com\/wp-content\/uploads\/2025\/02\/5-perfectcash-624x446.webp 624w, https:\/\/hand2noteguide.com\/wp-content\/uploads\/2025\/02\/5-perfectcash.webp 1577w\" sizes=\"auto, (max-width: 1024px) 100vw, 1024px\" \/><\/figure>\n\n\n\n<figure class=\"wp-block-image size-large\"><img loading=\"lazy\" decoding=\"async\" width=\"1024\" height=\"571\" data-id=\"8879\" src=\"https:\/\/hand2noteguide.com\/wp-content\/uploads\/2025\/02\/6-cosmos-sixplus-1024x571.webp\" alt=\"Hand2Note Cosmos 6+ HUD\" class=\"wp-image-8879\" srcset=\"https:\/\/hand2noteguide.com\/wp-content\/uploads\/2025\/02\/6-cosmos-sixplus-1024x571.webp 1024w, https:\/\/hand2noteguide.com\/wp-content\/uploads\/2025\/02\/6-cosmos-sixplus-300x167.webp 300w, https:\/\/hand2noteguide.com\/wp-content\/uploads\/2025\/02\/6-cosmos-sixplus-768x428.webp 768w, https:\/\/hand2noteguide.com\/wp-content\/uploads\/2025\/02\/6-cosmos-sixplus-772x430.webp 772w, https:\/\/hand2noteguide.com\/wp-content\/uploads\/2025\/02\/6-cosmos-sixplus-624x348.webp 624w, https:\/\/hand2noteguide.com\/wp-content\/uploads\/2025\/02\/6-cosmos-sixplus.webp 1112w\" sizes=\"auto, (max-width: 1024px) 100vw, 1024px\" \/><\/figure>\n\n\n\n<figure class=\"wp-block-image size-large\"><img loading=\"lazy\" decoding=\"async\" width=\"1024\" height=\"613\" data-id=\"8880\" src=\"https:\/\/hand2noteguide.com\/wp-content\/uploads\/2025\/02\/7-SimpleResearch-1024x613.webp\" alt=\"Simple Research hand2note popups\" class=\"wp-image-8880\" srcset=\"https:\/\/hand2noteguide.com\/wp-content\/uploads\/2025\/02\/7-SimpleResearch-1024x613.webp 1024w, https:\/\/hand2noteguide.com\/wp-content\/uploads\/2025\/02\/7-SimpleResearch-300x180.webp 300w, https:\/\/hand2noteguide.com\/wp-content\/uploads\/2025\/02\/7-SimpleResearch-768x460.webp 768w, https:\/\/hand2noteguide.com\/wp-content\/uploads\/2025\/02\/7-SimpleResearch-1536x919.webp 1536w, https:\/\/hand2noteguide.com\/wp-content\/uploads\/2025\/02\/7-SimpleResearch-2048x1226.webp 2048w, https:\/\/hand2noteguide.com\/wp-content\/uploads\/2025\/02\/7-SimpleResearch-772x462.webp 772w, https:\/\/hand2noteguide.com\/wp-content\/uploads\/2025\/02\/7-SimpleResearch-624x373.webp 624w\" sizes=\"auto, (max-width: 1024px) 100vw, 1024px\" \/><\/figure>\n<\/figure>\n\n\n\n<h3 class=\"wp-block-heading\">Corso video<\/h3>\n\n\n\n<p><a href=\"https:\/\/hand2noteguide.com\/it\/video-course\/\">Il corso video di Hand2Note<\/a> di Nick Korolev ti guida passo dopo passo nell&#8217;uso di Hand2Note \u2013 dalla configurazione di base e l&#8217;avvio del tuo primo HUD all&#8217;uso avanzato di tutte le funzionalit\u00e0 chiave sia ai tavoli che lontano da essi. Ti aiuta a imparare il software pi\u00f9 velocemente e a utilizzare Hand2Note in modo completo ed efficace nel tuo gioco.<\/p>\n\n\n\n<h2 class=\"wp-block-heading\">Come posso ottenere i miei bonus?<\/h2>\n\n\n\n<p>Dopo aver acquistato Hand2Note con il codice promozionale GUIDE10, riceverai un&#8217;email con tutti gli HUD e semplici istruzioni su come installarli in Hand2Note.<\/p>\n\n\n\n<div id=\"promo-does-not-work\"><\/div>\n\n\n\n<p>Per accedere a un corso video, <a href=\"https:\/\/courses.poker\/sign_up\" target=\"_blank\" rel=\"noreferrer noopener\">crea un account su courses.poker<\/a> con la stessa email che hai usato per l&#8217;acquisto di Hand2Note. L&#8217;accesso a tutti i video sar\u00e0 concesso entro 24 ore.<\/p>\n\n\n\n<h2 class=\"wp-block-heading\">Cosa fare se il codice promozionale non funziona?<\/h2>\n\n\n\n<p>Il nostro codice promozionale \u00e8 sempre valido. Se non si applica al checkout, il motivo pi\u00f9 comune \u00e8 che il tuo account Hand2Note ha gi\u00e0 effettuato acquisti precedenti. Secondo la politica di Hand2Note, <strong>i codici promozionali si applicano solo al primo acquisto<\/strong>.<\/p>\n\n\n\n<h2 class=\"wp-block-heading\">Perch\u00e9 dovrei acquistare Hand2Note?<\/h2>\n\n\n\n<p>Hand2Note \u00e8 il software di tracciamento e analisi del poker pi\u00f9 potente e avanzato sul mercato. Offre una vasta gamma di strumenti per giocatori di poker di qualsiasi livello. Che tu sia un giocatore regolare esperto o solo un principiante, troverai molte funzioni utili in Hand2Note. Ti aiuter\u00e0 ad analizzare il tuo gioco, estrarre il massimo valore dalle tue linee e sfruttare efficacemente i tuoi avversari.<\/p>\n\n\n\n<p>Leggi <a href=\"https:\/\/hand2noteguide.com\/it\/why-hand2note\/\">il nostro materiale<\/a> sul perch\u00e9 dovresti usare Hand2Note invece di Holdem Manager o Poker Tracker.<\/p>\n\n\n\n<p>Consulta anche il <a href=\"https:\/\/hand2note.com\/Help\/hand2note-vs-other-tools\" target=\"_blank\" rel=\"noreferrer noopener\">confronto dettagliato tra Hand2Note, Holdem Manager 3 e Poker Tracker 4<\/a> sul sito ufficiale di Hand2Note.<\/p>\n\n\n\n<p>Hand2Note supporta la maggior parte delle principali poker room e formati, inclusi Cash Games, MTT e Spin &amp; Go, rendendolo uno strumento potente a lungo termine per il miglioramento.<\/p>\n\n\n\n<h2 class=\"wp-block-heading\">Quale piano Hand2Note dovresti scegliere?<\/h2>\n\n\n\n<p>Hand2Note offre due principali piani a pagamento \u2013 <strong>Learner<\/strong> e <strong>Pro<\/strong>.<\/p>\n\n\n\n<p>Entrambi i piani funzionano su tutti i siti di poker e formati, ma sono progettati per obiettivi e livelli di esperienza diversi. Di seguito una semplice spiegazione per aiutarti a scegliere l&#8217;opzione giusta.<\/p>\n\n\n\n<h3 class=\"wp-block-heading\">Learner<\/h3>\n\n\n\n<p>Il piano Learner \u00e8 progettato per i giocatori che stanno appena iniziando con il software di tracciamento del poker o giocano a <strong>micro stakes<\/strong>. Ti d\u00e0 accesso alla maggior parte delle funzionalit\u00e0 di Hand2Note, inclusi HUD e report di base, ma con alcuni limiti.<\/p>\n\n\n\n<h4 class=\"wp-block-heading\"><strong>Cosa ottieni con Learner:<\/strong><\/h4>\n\n\n\n<ul class=\"wp-block-list\">\n<li>Funziona su tutti i siti di poker e app mobili<\/li>\n\n\n\n<li>HUD con statistiche in tempo reale ai tavoli<\/li>\n\n\n\n<li>Accesso alla maggior parte delle funzionalit\u00e0 di Hand2Note<\/li>\n\n\n\n<li>Limite del database: fino a <strong>200.000 mani<\/strong><\/li>\n\n\n\n<li>Nessun filtro personalizzato nei Reports<\/li>\n\n\n\n<li>Limite di puntate:\n<ul class=\"wp-block-list\">\n<li>Cash Games fino a <strong>$0.25 big blind<\/strong><\/li>\n\n\n\n<li>Tornei fino a <strong>$20 + $2<\/strong><\/li>\n<\/ul>\n<\/li>\n<\/ul>\n\n\n\n<h4 class=\"wp-block-heading\">Prezzo Learner:<\/h4>\n\n\n\n<p>Il prezzo originale del piano Learner di Hand2Note \u00e8 di $15.99 al mese se pagato annualmente o $19.99 al mese se pagato mensilmente. Con il codice promozionale GUIDE10, ottieni uno sconto del 10%, riducendo il prezzo a $14.39 al mese (annuale) o $17.99 al mese (mensile). Se scegli il piano annuale e usi GUIDE10, <strong>i tuoi risparmi totali saranno di $19.19<\/strong> \u2013 pagherai $172.71 invece di $191.90.<\/p>\n\n\n\n<p>Learner \u00e8 una buona scelta se vuoi capire come funziona il software di tracciamento e migliorare passo dopo passo senza pagare per funzionalit\u00e0 avanzate di cui non hai ancora bisogno.<\/p>\n\n\n\n<h3 class=\"wp-block-heading\">Pro<\/h3>\n\n\n\n<p>Ideale per i giocatori con obiettivi seri e piani a lungo termine. Il piano Pro ti d\u00e0 <strong>accesso completo<\/strong> a tutte le funzionalit\u00e0 di Hand2Note senza restrizioni. Questa \u00e8 la versione utilizzata dai giocatori regolari che vogliono avere un vantaggio ai tavoli.<\/p>\n\n\n\n<h4 class=\"wp-block-heading\"><strong>Cosa ottieni con Pro:<\/strong><\/h4>\n\n\n\n<ul class=\"wp-block-list\">\n<li>Funziona su tutti i siti di poker e app mobili<\/li>\n\n\n\n<li>Tutte le funzionalit\u00e0 di Hand2Note sbloccate<\/li>\n\n\n\n<li>Nessun limite di dimensione del database<\/li>\n\n\n\n<li>Report avanzati e filtri personalizzati<\/li>\n\n\n\n<li>Strumenti di analisi completa della popolazione<\/li>\n\n\n\n<li>Nessun limite su puntate o formati<\/li>\n<\/ul>\n\n\n\n<h4 class=\"wp-block-heading\">Prezzo Pro:<\/h4>\n\n\n\n<p>Il prezzo originale del piano Pro di Hand2Note \u00e8 di $39 al mese se pagato annualmente o $49 al mese se pagato mensilmente. Con il codice promozionale GUIDE10, ottieni uno sconto del 10%, riducendo il prezzo a $35.10 al mese (annuale) o $44.10 al mese (mensile). Se scegli il piano annuale e usi GUIDE10, <strong>i tuoi risparmi totali saranno di $46.80<\/strong> \u2013 pagherai $421.20 invece di $468.<\/p>\n\n\n\n<p>Se giochi regolarmente, vuoi analizzare grandi campioni di mani e utilizzare appieno Hand2Note sia ai tavoli che lontano da essi, <strong>Pro \u00e8 l&#8217;opzione consigliata<\/strong>.<\/p>\n\n\n\n<h3 class=\"wp-block-heading\">Confronta il risparmio con il codice GUIDE10 (1 vs 12 mesi)<\/h3>\n\n\n\n<figure class=\"wp-block-table\"><table><thead><tr><th>Piano<\/th><th>Durata abbonamento<\/th><th>Prezzo standard<\/th><th>Prezzo con GUIDE10<\/th><th>Risparmi<\/th><\/tr><\/thead><tbody><tr><td>Learner<\/td><td>1 mese<\/td><td>$19.99<\/td><td>$17.99<\/td><td>$2.00<\/td><\/tr><tr><td>Learner<\/td><td>12 mesi<\/td><td>$191.90<\/td><td>$172.71<\/td><td>$19.19<\/td><\/tr><tr><td>Pro<\/td><td>1 mese<\/td><td>$49.00<\/td><td>$44.10<\/td><td>$4.90<\/td><\/tr><tr><td>Pro<\/td><td>12 mesi<\/td><td>$468.00<\/td><td>$421.20<\/td><td>$46.80<\/td><\/tr><\/tbody><\/table><\/figure>\n\n\n\n<h2 class=\"wp-block-heading\">FAQ: Codici promozionali Hand2Note<\/h2>\n\n\n\n<p>Di seguito sono riportate le risposte alle domande pi\u00f9 comuni sui codici promozionali Hand2Note.<\/p>\n\n\n\n<h3 class=\"wp-block-heading\">Qual \u00e8 il miglior codice promozionale Hand2Note?<\/h3>\n\n\n\n<p>Il miglior codice promozionale Hand2Note \u00e8 <strong>GUIDE10<\/strong>. Fornisce uno sconto verificato del 10% e include un ampio pacchetto bonus con pi\u00f9 HUD e un corso video.<\/p>\n\n\n\n<h3 class=\"wp-block-heading\">Come funzionano i codici promozionali Hand2Note?<\/h3>\n\n\n\n<p>I codici promozionali applicano uno sconto standard del 10% al checkout per i primi acquisti di licenze. I rinnovi delle licenze vengono addebitati al prezzo normale.<\/p>\n\n\n\n<h3 class=\"wp-block-heading\">I codici promozionali possono essere combinati con altri sconti?<\/h3>\n\n\n\n<p>I codici promozionali non possono essere combinati tra loro, ma possono essere combinati con gli sconti ufficiali di Hand2Note, inclusi gli sconti del Black Friday e lo sconto annuale del 25%.<\/p>\n\n\n\n<h3 class=\"wp-block-heading\">I codici promozionali Hand2Note sono sicuri?<\/h3>\n\n\n\n<p>S\u00ec. I codici promozionali legittimi di Hand2Note sono sicuri da usare e vengono applicati direttamente sulla pagina ufficiale di acquisto di Hand2Note.<\/p>\n\n\n\n<h3 class=\"wp-block-heading\">I codici promozionali includono bonus?<\/h3>\n\n\n\n<p>Alcuni codici promozionali possono includere bonus aggiuntivi non monetari, come HUD o materiali di formazione. Tra questi, GUIDE10 offre il pacchetto bonus pi\u00f9 ampio.<\/p>\n\n\n\n<h2 class=\"wp-block-heading\">Perch\u00e9 fidarsi di Hand2Note Guide?<\/h2>\n\n\n\n<p>Hand2Note Guide \u00e8 partner ufficiale di Hand2Note dal 2019. Promuoviamo solo licenze ufficiali di Hand2Note, offrendo sconti verificati e i migliori bonus di partenza per i giocatori. Riceviamo una commissione di affiliazione per aver indirizzato i giocatori \u2013 senza costi aggiuntivi per te \u2013 quindi tutti ne beneficiano.<\/p>\n\n\n\n<p>Il nostro codice promozionale GUIDE10 \u00e8 anche presentato dal marketplace ufficiale di HUD di Hand2Note <a aria-label=\"undefined (opens in a new tab)\" href=\"https:\/\/www.hudstore.poker\/hand2note-promo-code\" target=\"_blank\" rel=\"noreferrer noopener\">Poker HUD Store<\/a> come codice promozionale Hand2Note consigliato.<\/p>\n\n\n\n<h2 class=\"wp-block-heading\">Conclusione<\/h2>\n\n\n\n<p>Hand2Note \u00e8 uno degli strumenti di tracciamento e HUD per il poker pi\u00f9 avanzati disponibili oggi e un investimento solido in qualsiasi fase della tua carriera nel poker.<\/p>\n\n\n\n<p>Se stai cercando un codice promozionale Hand2Note, non c&#8217;\u00e8 bisogno di complicare troppo le cose. <strong>GUIDE10<\/strong> \u00e8 l&#8217;opzione pi\u00f9 affidabile e consigliata nel 2026. \u00c8 un codice promozionale verificato e legittimo che fornisce lo sconto ufficiale del 10% su Hand2Note e include bonus aggiuntivi: HUD professionali per Cash Games, MTT e formati Spin &amp; Go, oltre a un corso video completo su come utilizzare Hand2Note in modo efficace.<\/p>\n","protected":false},"excerpt":{"rendered":"<p>Usa il codice promozionale GUIDE10 quando acquisti un abbonamento Hand2Note per ottenere uno sconto immediato del 10%. Devi solo inserire il coupon in un campo speciale sulla pagina di acquisto. Il prezzo verr\u00e0 ricalcolato immediatamente. Il nostro codice funziona sia per le versioni Hand2Note 3 che Hand2Note 4! Come usare il codice promozionale GUIDE10 HUD &hellip; <a href=\"https:\/\/hand2noteguide.com\/it\/promo\/\" class=\"more-link\">Continue reading <span class=\"screen-reader-text\">Codice promozionale GUIDE10: sconto del 10% e HUD bonus<\/span><\/a><\/p>\n","protected":false},"author":1,"featured_media":0,"parent":0,"menu_order":6,"comment_status":"closed","ping_status":"closed","template":"","meta":{"footnotes":""},"class_list":["post-76","page","type-page","status-publish","hentry"],"translation":{"provider":"WPGlobus","version":"3.0.2","language":"it","enabled_languages":["en","ru","pt","zh","es","fr","de","it","ja"],"languages":{"en":{"title":true,"content":true,"excerpt":false},"ru":{"title":true,"content":true,"excerpt":false},"pt":{"title":true,"content":true,"excerpt":false},"zh":{"title":true,"content":true,"excerpt":false},"es":{"title":true,"content":true,"excerpt":false},"fr":{"title":true,"content":true,"excerpt":false},"de":{"title":true,"content":true,"excerpt":false},"it":{"title":true,"content":true,"excerpt":false},"ja":{"title":true,"content":true,"excerpt":false}}},"yoast_head":"<!-- This site is optimized with the Yoast SEO plugin v27.0 - https:\/\/yoast.com\/product\/yoast-seo-wordpress\/ -->\n<title>Codice promo Hand2Note 2026: sconto 10% + HUD gratis<\/title>\n<meta name=\"description\" content=\"Usa il codice promo Hand2Note GUIDE10 per ottenere uno sconto del 10% sul primo acquisto. Include HUD bonus e un corso video.\" \/>\n<meta name=\"robots\" content=\"index, follow, max-snippet:-1, max-image-preview:large, max-video-preview:-1\" \/>\n<link rel=\"canonical\" href=\"https:\/\/hand2noteguide.com\/promo\/\" \/>\n<meta property=\"og:locale\" content=\"it_IT\" \/>\n<meta property=\"og:type\" content=\"article\" \/>\n<meta property=\"og:title\" content=\"Codice promo Hand2Note 2026: sconto 10% + HUD gratis\" \/>\n<meta property=\"og:description\" content=\"Usa il codice promo Hand2Note GUIDE10 per ottenere uno sconto del 10% sul primo acquisto. Include HUD bonus e un corso video.\" \/>\n<meta property=\"og:url\" content=\"https:\/\/hand2noteguide.com\/promo\/\" \/>\n<meta property=\"og:site_name\" content=\"Hand2Note Guide\" \/>\n<meta property=\"article:modified_time\" content=\"2026-03-26T17:22:03+00:00\" \/>\n<meta property=\"og:image\" content=\"https:\/\/hand2noteguide.com\/wp-content\/uploads\/2026\/03\/hand2note-promo-code.webp\" \/>\n\t<meta property=\"og:image:width\" content=\"2232\" \/>\n\t<meta property=\"og:image:height\" content=\"1748\" \/>\n\t<meta property=\"og:image:type\" content=\"image\/webp\" \/>\n<meta name=\"twitter:card\" content=\"summary_large_image\" \/>\n<meta name=\"twitter:label1\" content=\"Est. reading time\" \/>\n\t<meta name=\"twitter:data1\" content=\"8 minutes\" \/>\n<!-- \/ Yoast SEO plugin. -->","yoast_head_json":{"title":"Codice promo Hand2Note 2026: sconto 10% + HUD gratis","description":"Usa il codice promo Hand2Note GUIDE10 per ottenere uno sconto del 10% sul primo acquisto. Include HUD bonus e un corso video.","robots":{"index":"index","follow":"follow","max-snippet":"max-snippet:-1","max-image-preview":"max-image-preview:large","max-video-preview":"max-video-preview:-1"},"canonical":"https:\/\/hand2noteguide.com\/promo\/","og_locale":"it_IT","og_type":"article","og_title":"Codice promo Hand2Note 2026: sconto 10% + HUD gratis","og_description":"Usa il codice promo Hand2Note GUIDE10 per ottenere uno sconto del 10% sul primo acquisto. Include HUD bonus e un corso video.","og_url":"https:\/\/hand2noteguide.com\/promo\/","og_site_name":"Hand2Note Guide","article_modified_time":"2026-03-26T17:22:03+00:00","og_image":[{"width":2232,"height":1748,"url":"https:\/\/hand2noteguide.com\/wp-content\/uploads\/2026\/03\/hand2note-promo-code.webp","type":"image\/webp"}],"twitter_card":"summary_large_image","twitter_misc":{"Est. reading time":"8 minutes"},"schema":{"@context":"https:\/\/schema.org","@graph":[]}},"jetpack_sharing_enabled":false,"_links":{"self":[{"href":"https:\/\/hand2noteguide.com\/it\/wp-json\/wp\/v2\/pages\/76","targetHints":{"allow":["GET"]}}],"collection":[{"href":"https:\/\/hand2noteguide.com\/it\/wp-json\/wp\/v2\/pages"}],"about":[{"href":"https:\/\/hand2noteguide.com\/it\/wp-json\/wp\/v2\/types\/page"}],"author":[{"embeddable":true,"href":"https:\/\/hand2noteguide.com\/it\/wp-json\/wp\/v2\/users\/1"}],"replies":[{"embeddable":true,"href":"https:\/\/hand2noteguide.com\/it\/wp-json\/wp\/v2\/comments?post=76"}],"version-history":[{"count":199,"href":"https:\/\/hand2noteguide.com\/it\/wp-json\/wp\/v2\/pages\/76\/revisions"}],"predecessor-version":[{"id":15997,"href":"https:\/\/hand2noteguide.com\/it\/wp-json\/wp\/v2\/pages\/76\/revisions\/15997"}],"wp:attachment":[{"href":"https:\/\/hand2noteguide.com\/it\/wp-json\/wp\/v2\/media?parent=76"}],"curies":[{"name":"wp","href":"https:\/\/api.w.org\/{rel}","templated":true}]}}