{"id":7911,"date":"2024-09-11T01:03:12","date_gmt":"2024-09-10T22:03:12","guid":{"rendered":"https:\/\/hand2noteguide.com\/?page_id=7911"},"modified":"2026-03-11T17:00:45","modified_gmt":"2026-03-11T14:00:45","slug":"poker-positions","status":"publish","type":"page","link":"https:\/\/hand2noteguide.com\/it\/poker\/poker-positions\/","title":{"rendered":"Le posizioni nel poker: nomi e importanza al tavolo"},"content":{"rendered":"\n<p>Il poker \u00e8 un gioco da tavolo in cui ogni posto ha il proprio nome o \u201cposizione\u201d. La posizione non \u00e8 legata a un posto specifico: invece \ud83d\udd52 <strong>si sposta in senso orario<\/strong> a ogni mano distribuita.<\/p>\n\n\n\n<p>In generale, le posizioni possono essere divise in 4 gruppi principali:<\/p>\n\n\n\n<ul class=\"wp-block-list\">\n<li>\ud83d\udd35 <strong>Blinds<\/strong> (Small Blind, Big Blind);<\/li>\n\n\n\n<li><strong>\ud83d\udfe2<\/strong> <strong>Posizioni late<\/strong> (Button, Cutoff);<\/li>\n\n\n\n<li>\ud83d\udfe0 <strong>Posizioni middle<\/strong> (Hi-Jack, Lo-Jack);<\/li>\n\n\n\n<li>\ud83d\udd34 <strong>Posizioni early<\/strong> (UTG, UTG+1, UTG+2).<\/li>\n<\/ul>\n\n\n\n<p>Due dei tipi di tavolo pi\u00f9 comuni nel poker Texas Hold\u2019em sono il tavolo full-ring (9 posizioni) e il tavolo short-handed (6 posizioni). Tutti i nomi delle posizioni per questi formati sono mostrati nelle immagini qui sotto:<\/p>\n\n\n\n<div class=\"wp-block-jetpack-tiled-gallery aligncenter is-style-columns has-rounded-corners-5\"><div class=\"tiled-gallery__gallery\"><div class=\"tiled-gallery__row\"><div class=\"tiled-gallery__col\"><figure class=\"tiled-gallery__item\"><img decoding=\"async\" srcset=\"https:\/\/i1.wp.com\/hand2noteguide.com\/wp-content\/uploads\/2024\/09\/Short-Handed-Game-min.jpg?strip=info&#038;w=600&#038;ssl=1 600w,https:\/\/i1.wp.com\/hand2noteguide.com\/wp-content\/uploads\/2024\/09\/Short-Handed-Game-min.jpg?strip=info&#038;w=900&#038;ssl=1 900w,https:\/\/i1.wp.com\/hand2noteguide.com\/wp-content\/uploads\/2024\/09\/Short-Handed-Game-min.jpg?strip=info&#038;w=1200&#038;ssl=1 1200w,https:\/\/i1.wp.com\/hand2noteguide.com\/wp-content\/uploads\/2024\/09\/Short-Handed-Game-min.jpg?strip=info&#038;w=1500&#038;ssl=1 1500w,https:\/\/i1.wp.com\/hand2noteguide.com\/wp-content\/uploads\/2024\/09\/Short-Handed-Game-min.jpg?strip=info&#038;w=1600&#038;ssl=1 1600w\" alt=\"\" data-height=\"900\" data-id=\"7913\" data-link=\"https:\/\/hand2noteguide.com\/?attachment_id=7913\" data-url=\"https:\/\/hand2noteguide.com\/wp-content\/uploads\/2024\/09\/Short-Handed-Game-min.jpg\" data-width=\"1600\" src=\"https:\/\/i1.wp.com\/hand2noteguide.com\/wp-content\/uploads\/2024\/09\/Short-Handed-Game-min.jpg?ssl=1\" \/><\/figure><\/div><div class=\"tiled-gallery__col\"><figure class=\"tiled-gallery__item\"><img decoding=\"async\" srcset=\"https:\/\/i0.wp.com\/hand2noteguide.com\/wp-content\/uploads\/2024\/09\/Full-Ring-Game-min.jpg?strip=info&#038;w=600&#038;ssl=1 600w,https:\/\/i0.wp.com\/hand2noteguide.com\/wp-content\/uploads\/2024\/09\/Full-Ring-Game-min.jpg?strip=info&#038;w=900&#038;ssl=1 900w,https:\/\/i0.wp.com\/hand2noteguide.com\/wp-content\/uploads\/2024\/09\/Full-Ring-Game-min.jpg?strip=info&#038;w=1200&#038;ssl=1 1200w,https:\/\/i0.wp.com\/hand2noteguide.com\/wp-content\/uploads\/2024\/09\/Full-Ring-Game-min.jpg?strip=info&#038;w=1500&#038;ssl=1 1500w,https:\/\/i0.wp.com\/hand2noteguide.com\/wp-content\/uploads\/2024\/09\/Full-Ring-Game-min.jpg?strip=info&#038;w=1600&#038;ssl=1 1600w\" alt=\"\" data-height=\"900\" data-id=\"7914\" data-link=\"https:\/\/hand2noteguide.com\/?attachment_id=7914\" data-url=\"https:\/\/hand2noteguide.com\/wp-content\/uploads\/2024\/09\/Full-Ring-Game-min.jpg\" data-width=\"1600\" src=\"https:\/\/i0.wp.com\/hand2noteguide.com\/wp-content\/uploads\/2024\/09\/Full-Ring-Game-min.jpg?ssl=1\" \/><\/figure><\/div><\/div><\/div><\/div>\n\n\n\n<h2 class=\"wp-block-heading\">Il concetto di in posizione \/ fuori posizione nel poker<\/h2>\n\n\n\n<p>Prima di entrare pi\u00f9 nel dettaglio nella descrizione delle posizioni nel poker, \u00e8 fondamentale capire cosa significa essere \u201cin posizione\u201d. Se il giocatore A \u00e8 in posizione sul giocatore B, si pu\u00f2 assumere quanto segue:<\/p>\n\n\n\n<ul class=\"wp-block-list\">\n<li>Il giocatore A \u00e8 seduto <strong>alla destra<\/strong> del giocatore B;<\/li>\n\n\n\n<li>Il giocatore A prender\u00e0 la sua decisione <strong>dopo<\/strong> il giocatore B sia preflop che postflop.<\/li>\n<\/ul>\n\n\n\n<p>Un giocatore in posizione <strong>riceve pi\u00f9 informazioni<\/strong> sulla <a href=\"\/it\/poker\/poker-hand-rankings\/\"><strong>forza delle mani<\/strong><\/a> dei giocatori seduti prima di lui, basandosi sulle <a href=\"\/it\/poker\/poker-actions\/\"><strong>azioni che compiono<\/strong><\/a>. Il giocatore A, dopo aver ottenuto informazioni dagli avversari, pu\u00f2 facilmente adattare la propria strategia.<\/p>\n\n\n\n<div class=\"green-block\">\n<p style=\"margin-bottom:0\">\u261d\ufe0f Essere in posizione \u00e8 la situazione pi\u00f9 vantaggiosa nel poker. I giocatori forti sfruttano il vantaggio della posizione nella loro strategia e giocano range pi\u00f9 ampi dalle posizioni late.<\/p>\n<\/div>\n\n\n\n<h2 class=\"wp-block-heading\">Posizione early (EP)<\/h2>\n\n\n\n<figure class=\"wp-block-image size-large\"><img loading=\"lazy\" decoding=\"async\" width=\"1024\" height=\"576\" src=\"http:\/\/hand2noteguide.com\/wp-content\/uploads\/2024\/09\/Early-Position-min-1024x576.jpg\" alt=\"Early position in poker\" class=\"wp-image-7905\" srcset=\"https:\/\/hand2noteguide.com\/wp-content\/uploads\/2024\/09\/Early-Position-min-1024x576.jpg 1024w, https:\/\/hand2noteguide.com\/wp-content\/uploads\/2024\/09\/Early-Position-min-300x169.jpg 300w, https:\/\/hand2noteguide.com\/wp-content\/uploads\/2024\/09\/Early-Position-min-768x432.jpg 768w, https:\/\/hand2noteguide.com\/wp-content\/uploads\/2024\/09\/Early-Position-min-1536x864.jpg 1536w, https:\/\/hand2noteguide.com\/wp-content\/uploads\/2024\/09\/Early-Position-min-772x434.jpg 772w, https:\/\/hand2noteguide.com\/wp-content\/uploads\/2024\/09\/Early-Position-min-624x351.jpg 624w, https:\/\/hand2noteguide.com\/wp-content\/uploads\/2024\/09\/Early-Position-min.jpg 1600w\" sizes=\"auto, (max-width: 1024px) 100vw, 1024px\" \/><\/figure>\n\n\n\n<p>I giocatori seduti su <strong>Under The Gun<\/strong> (<strong>UTG, UTG+1, UTG+2<\/strong>) iniziano l\u2019azione preflop. Per questo motivo queste posizioni vengono raggruppate come Posizioni Early (EP). Le posizioni early di solito sono difficili da giocare perch\u00e9 non si hanno informazioni sugli altri giocatori e su ci\u00f2 che faranno. Tenendo conto di questo, il range di open-raise da EP dovrebbe essere molto ristretto.<\/p>\n\n\n\n<h2 class=\"wp-block-heading\">Posizione middle (MP)<\/h2>\n\n\n\n<figure class=\"wp-block-image size-large\"><img loading=\"lazy\" decoding=\"async\" width=\"1024\" height=\"576\" src=\"https:\/\/hand2noteguide.com\/wp-content\/uploads\/2024\/09\/Middle-Position-min-1-1024x576.jpg\" alt=\"Middle poker position\" class=\"wp-image-7922\" srcset=\"https:\/\/hand2noteguide.com\/wp-content\/uploads\/2024\/09\/Middle-Position-min-1-1024x576.jpg 1024w, https:\/\/hand2noteguide.com\/wp-content\/uploads\/2024\/09\/Middle-Position-min-1-300x169.jpg 300w, https:\/\/hand2noteguide.com\/wp-content\/uploads\/2024\/09\/Middle-Position-min-1-768x432.jpg 768w, https:\/\/hand2noteguide.com\/wp-content\/uploads\/2024\/09\/Middle-Position-min-1-1536x864.jpg 1536w, https:\/\/hand2noteguide.com\/wp-content\/uploads\/2024\/09\/Middle-Position-min-1-772x434.jpg 772w, https:\/\/hand2noteguide.com\/wp-content\/uploads\/2024\/09\/Middle-Position-min-1-624x351.jpg 624w, https:\/\/hand2noteguide.com\/wp-content\/uploads\/2024\/09\/Middle-Position-min-1.jpg 1600w\" sizes=\"auto, (max-width: 1024px) 100vw, 1024px\" \/><\/figure>\n\n\n\n<p>Dopo le posizioni early troviamo <strong>LoJack<\/strong> (<strong>LJ<\/strong>) e <strong>HiJack<\/strong> (<strong>HJ<\/strong>), le <strong>Posizioni Middle<\/strong> (<strong>MP<\/strong>). Agiscono tra le posizioni early e quelle late. Un giocatore seduto su <strong>LJ<\/strong> deve ancora fare attenzione al proprio range di VPIP, poich\u00e9 ci sono ancora 5 giocatori che devono parlare dopo di lui. Un giocatore su <strong>HJ<\/strong>, avendo gi\u00e0 ricevuto informazioni sui giocatori in EP, pu\u00f2 iniziare ad aggiungere alcune mani pi\u00f9 tricky al proprio range di apertura per rubare i blinds.<\/p>\n\n\n\n<h2 class=\"wp-block-heading\">Posizione late<\/h2>\n\n\n\n<h3 class=\"wp-block-heading\">Cutoff (CO)<\/h3>\n\n\n\n<figure class=\"wp-block-image size-large\"><img loading=\"lazy\" decoding=\"async\" width=\"1024\" height=\"576\" src=\"http:\/\/hand2noteguide.com\/wp-content\/uploads\/2024\/09\/Cutoff-min-1024x576.jpg\" alt=\"Cutoff position\" class=\"wp-image-7908\" srcset=\"https:\/\/hand2noteguide.com\/wp-content\/uploads\/2024\/09\/Cutoff-min-1024x576.jpg 1024w, https:\/\/hand2noteguide.com\/wp-content\/uploads\/2024\/09\/Cutoff-min-300x169.jpg 300w, https:\/\/hand2noteguide.com\/wp-content\/uploads\/2024\/09\/Cutoff-min-768x432.jpg 768w, https:\/\/hand2noteguide.com\/wp-content\/uploads\/2024\/09\/Cutoff-min-1536x864.jpg 1536w, https:\/\/hand2noteguide.com\/wp-content\/uploads\/2024\/09\/Cutoff-min-772x434.jpg 772w, https:\/\/hand2noteguide.com\/wp-content\/uploads\/2024\/09\/Cutoff-min-624x351.jpg 624w, https:\/\/hand2noteguide.com\/wp-content\/uploads\/2024\/09\/Cutoff-min.jpg 1600w\" sizes=\"auto, (max-width: 1024px) 100vw, 1024px\" \/><\/figure>\n\n\n\n<p>Il Cutoff agisce tardi preflop. Da questa posizione, un giocatore dovrebbe iniziare a rubare i blinds in modo aggressivo, poich\u00e9 rimane solo un avversario in posizione. E se riesci a far foldare il BTN, sarai in posizione contro i blinds per tutta la mano.<\/p>\n\n\n\n<h3 class=\"wp-block-heading\">Button (BU o BTN)<\/h3>\n\n\n\n<figure class=\"wp-block-image size-large\"><img loading=\"lazy\" decoding=\"async\" width=\"1024\" height=\"576\" src=\"http:\/\/hand2noteguide.com\/wp-content\/uploads\/2024\/09\/BUTTON-min-1024x576.jpg\" alt=\"Button poker position\" class=\"wp-image-7909\" srcset=\"https:\/\/hand2noteguide.com\/wp-content\/uploads\/2024\/09\/BUTTON-min-1024x576.jpg 1024w, https:\/\/hand2noteguide.com\/wp-content\/uploads\/2024\/09\/BUTTON-min-300x169.jpg 300w, https:\/\/hand2noteguide.com\/wp-content\/uploads\/2024\/09\/BUTTON-min-768x432.jpg 768w, https:\/\/hand2noteguide.com\/wp-content\/uploads\/2024\/09\/BUTTON-min-1536x864.jpg 1536w, https:\/\/hand2noteguide.com\/wp-content\/uploads\/2024\/09\/BUTTON-min-772x434.jpg 772w, https:\/\/hand2noteguide.com\/wp-content\/uploads\/2024\/09\/BUTTON-min-624x351.jpg 624w, https:\/\/hand2noteguide.com\/wp-content\/uploads\/2024\/09\/BUTTON-min.jpg 1600w\" sizes=\"auto, (max-width: 1024px) 100vw, 1024px\" \/><\/figure>\n\n\n\n<p>Il Button \u00e8 la migliore posizione possibile nel poker perch\u00e9 permette al giocatore di <strong>raccogliere informazioni<\/strong> sugli avversari ed essere <strong>l\u2019ultimo ad agire postflop<\/strong>. Di conseguenza, il BTN ha il range pi\u00f9 ampio di mani con cui entrare nel gioco.<\/p>\n\n\n\n<p>Nelle partite casalinghe, il giocatore in posizione Button \u00e8 anche responsabile di distribuire le carte nella mano corrente.<\/p>\n\n\n\n<h2 class=\"wp-block-heading\">I blinds<\/h2>\n\n\n\n<figure class=\"wp-block-image size-large\"><img loading=\"lazy\" decoding=\"async\" width=\"1024\" height=\"576\" src=\"http:\/\/hand2noteguide.com\/wp-content\/uploads\/2024\/09\/blinds-min-1-1024x576.jpg\" alt=\"poker blinds\" class=\"wp-image-7816\" srcset=\"https:\/\/hand2noteguide.com\/wp-content\/uploads\/2024\/09\/blinds-min-1-1024x576.jpg 1024w, https:\/\/hand2noteguide.com\/wp-content\/uploads\/2024\/09\/blinds-min-1-300x169.jpg 300w, https:\/\/hand2noteguide.com\/wp-content\/uploads\/2024\/09\/blinds-min-1-768x432.jpg 768w, https:\/\/hand2noteguide.com\/wp-content\/uploads\/2024\/09\/blinds-min-1-1536x864.jpg 1536w, https:\/\/hand2noteguide.com\/wp-content\/uploads\/2024\/09\/blinds-min-1-772x434.jpg 772w, https:\/\/hand2noteguide.com\/wp-content\/uploads\/2024\/09\/blinds-min-1-624x351.jpg 624w, https:\/\/hand2noteguide.com\/wp-content\/uploads\/2024\/09\/blinds-min-1.jpg 1600w\" sizes=\"auto, (max-width: 1024px) 100vw, 1024px\" \/><\/figure>\n\n\n\n<p>Small Blind e Big Blind sono gi\u00e0 posizioni svantaggiose perch\u00e9 sono costrette a fare una puntata obbligatoria preflop prima ancora di vedere le carte.<\/p>\n\n\n\n<h3 class=\"wp-block-heading\">Small Blind (SB)<\/h3>\n\n\n\n<p>Lo Small Blind \u00e8 seduto immediatamente alla sinistra del dealer button. Dopo aver ricevuto alcune informazioni sugli avversari preflop, <strong>inizia sempre l\u2019azione<\/strong> nel postflop, il che \u00e8 sempre pi\u00f9 difficile rispetto a essere in posizione.<\/p>\n\n\n\n<h3 class=\"wp-block-heading\">Big Blind (BB)<\/h3>\n\n\n\n<p>Il Big Blind \u00e8 la posizione peggiore e \ud83d\ude23 <strong>la pi\u00f9 difficile<\/strong> al tavolo da poker. Poich\u00e9 deve mettere l\u2019intero blind prima di vedere le carte, il BB deve <strong>giocare un range ampio<\/strong> di mani <strong>fuori posizione<\/strong> in ogni <a href=\"\/it\/poker\/poker-streets\/\">street<\/a>.<\/p>\n\n\n\n<p>Un\u2019altra particolarit\u00e0 del gioco dal BB \u00e8 che si ottengono pot odds migliori per entrare nel gioco preflop. Per questo motivo, mani che non sono giocabili da altre posizioni, persino dal button, spesso vengono giocate dal big blind.<\/p>\n\n\n\n<h2 class=\"wp-block-heading\">Conclusione<\/h2>\n\n\n\n<p>In conclusione, il concetto di \u201cposizione\u201d \u00e8 molto importante nel poker. Conoscere tutte le posizioni al tavolo non solo ti permette di descrivere correttamente una mano di poker a un amico, ma aumenta anche il tuo EV al tavolo grazie al vantaggio di giocare in posizione.<\/p>\n","protected":false},"excerpt":{"rendered":"<p>Il poker \u00e8 un gioco da tavolo in cui ogni posto ha il proprio nome o \u201cposizione\u201d. La posizione non \u00e8 legata a un posto specifico: invece \ud83d\udd52 si sposta in senso orario a ogni mano distribuita. In generale, le posizioni possono essere divise in 4 gruppi principali: Due dei tipi di tavolo pi\u00f9 comuni &hellip; <a href=\"https:\/\/hand2noteguide.com\/it\/poker\/poker-positions\/\" class=\"more-link\">Continue reading <span class=\"screen-reader-text\">Le posizioni nel poker: nomi e importanza al tavolo<\/span><\/a><\/p>\n","protected":false},"author":1,"featured_media":0,"parent":7017,"menu_order":0,"comment_status":"closed","ping_status":"closed","template":"","meta":{"footnotes":""},"class_list":["post-7911","page","type-page","status-publish","hentry"],"translation":{"provider":"WPGlobus","version":"3.0.2","language":"it","enabled_languages":["en","ru","pt","zh","es","fr","de","it","ja"],"languages":{"en":{"title":true,"content":true,"excerpt":false},"ru":{"title":true,"content":true,"excerpt":false},"pt":{"title":true,"content":true,"excerpt":false},"zh":{"title":true,"content":true,"excerpt":false},"es":{"title":true,"content":true,"excerpt":false},"fr":{"title":true,"content":true,"excerpt":false},"de":{"title":true,"content":true,"excerpt":false},"it":{"title":true,"content":true,"excerpt":false},"ja":{"title":true,"content":true,"excerpt":false}}},"yoast_head":"<!-- This site is optimized with the Yoast SEO plugin v27.0 - https:\/\/yoast.com\/product\/yoast-seo-wordpress\/ -->\n<title>Posizioni nel poker: nomi e importanza al tavolo<\/title>\n<meta name=\"description\" content=\"Padroneggiare le posizioni nel poker migliora la comprensione del gioco. Posizioni early, middle, late e blinds: ognuna ha un ruolo diverso.\" \/>\n<meta name=\"robots\" content=\"index, follow, max-snippet:-1, max-image-preview:large, max-video-preview:-1\" \/>\n<link rel=\"canonical\" href=\"https:\/\/hand2noteguide.com\/poker\/poker-positions\/\" \/>\n<meta property=\"og:locale\" content=\"it_IT\" \/>\n<meta property=\"og:type\" content=\"article\" \/>\n<meta property=\"og:title\" content=\"Posizioni nel poker: nomi e importanza al tavolo\" \/>\n<meta property=\"og:description\" content=\"Padroneggiare le posizioni nel poker migliora la comprensione del gioco. Posizioni early, middle, late e blinds: ognuna ha un ruolo diverso.\" \/>\n<meta property=\"og:url\" content=\"https:\/\/hand2noteguide.com\/poker\/poker-positions\/\" \/>\n<meta property=\"og:site_name\" content=\"Hand2Note Guide\" \/>\n<meta property=\"article:modified_time\" content=\"2026-03-11T14:00:45+00:00\" \/>\n<meta property=\"og:image\" content=\"https:\/\/i1.wp.com\/hand2noteguide.com\/wp-content\/uploads\/2024\/09\/Short-Handed-Game-min.jpg?ssl=1\" \/>\n<meta name=\"twitter:card\" content=\"summary_large_image\" \/>\n<meta name=\"twitter:label1\" content=\"Est. reading time\" \/>\n\t<meta name=\"twitter:data1\" content=\"23 minutes\" \/>\n<!-- \/ Yoast SEO plugin. -->","yoast_head_json":{"title":"Posizioni nel poker: nomi e importanza al tavolo","description":"Padroneggiare le posizioni nel poker migliora la comprensione del gioco. Posizioni early, middle, late e blinds: ognuna ha un ruolo diverso.","robots":{"index":"index","follow":"follow","max-snippet":"max-snippet:-1","max-image-preview":"max-image-preview:large","max-video-preview":"max-video-preview:-1"},"canonical":"https:\/\/hand2noteguide.com\/poker\/poker-positions\/","og_locale":"it_IT","og_type":"article","og_title":"Posizioni nel poker: nomi e importanza al tavolo","og_description":"Padroneggiare le posizioni nel poker migliora la comprensione del gioco. Posizioni early, middle, late e blinds: ognuna ha un ruolo diverso.","og_url":"https:\/\/hand2noteguide.com\/poker\/poker-positions\/","og_site_name":"Hand2Note Guide","article_modified_time":"2026-03-11T14:00:45+00:00","og_image":[{"url":"https:\/\/i1.wp.com\/hand2noteguide.com\/wp-content\/uploads\/2024\/09\/Short-Handed-Game-min.jpg?ssl=1","type":"","width":"","height":""}],"twitter_card":"summary_large_image","twitter_misc":{"Est. reading time":"23 minutes"},"schema":{"@context":"https:\/\/schema.org","@graph":[]}},"jetpack_sharing_enabled":true,"_links":{"self":[{"href":"https:\/\/hand2noteguide.com\/it\/wp-json\/wp\/v2\/pages\/7911","targetHints":{"allow":["GET"]}}],"collection":[{"href":"https:\/\/hand2noteguide.com\/it\/wp-json\/wp\/v2\/pages"}],"about":[{"href":"https:\/\/hand2noteguide.com\/it\/wp-json\/wp\/v2\/types\/page"}],"author":[{"embeddable":true,"href":"https:\/\/hand2noteguide.com\/it\/wp-json\/wp\/v2\/users\/1"}],"replies":[{"embeddable":true,"href":"https:\/\/hand2noteguide.com\/it\/wp-json\/wp\/v2\/comments?post=7911"}],"version-history":[{"count":37,"href":"https:\/\/hand2noteguide.com\/it\/wp-json\/wp\/v2\/pages\/7911\/revisions"}],"predecessor-version":[{"id":15818,"href":"https:\/\/hand2noteguide.com\/it\/wp-json\/wp\/v2\/pages\/7911\/revisions\/15818"}],"up":[{"embeddable":true,"href":"https:\/\/hand2noteguide.com\/it\/wp-json\/wp\/v2\/pages\/7017"}],"wp:attachment":[{"href":"https:\/\/hand2noteguide.com\/it\/wp-json\/wp\/v2\/media?parent=7911"}],"curies":[{"name":"wp","href":"https:\/\/api.w.org\/{rel}","templated":true}]}}