{"id":7936,"date":"2024-09-11T01:50:12","date_gmt":"2024-09-10T22:50:12","guid":{"rendered":"https:\/\/hand2noteguide.com\/?page_id=7936"},"modified":"2026-03-11T16:55:58","modified_gmt":"2026-03-11T13:55:58","slug":"poker-streets","status":"publish","type":"page","link":"https:\/\/hand2noteguide.com\/it\/poker\/poker-streets\/","title":{"rendered":"Le street nel poker: guida strategica dal preflop al river"},"content":{"rendered":"\n<p>La street \u00e8 un <a href=\"\/it\/poker\/poker-terms\/\">termine del poker<\/a> che incontrerai molto spesso. Ti sei mai chiesto cosa significhi una street nel poker e come influenzi la strategia?<\/p>\n\n\n\n<p>L\u2019espressione street richiama l\u2019idea che giocare a poker sia come \ud83c\udfcd\ufe0f camminare lungo una strada. Ogni nuova street <strong>fornisce nuove informazioni<\/strong> che ti aiutano a prendere decisioni pi\u00f9 consapevoli.<\/p>\n\n\n\n<div class=\"green-block\">\n<p style=\"margin-bottom:0\">\ud83d\udc49 <b>Le street sono le carte distribuite in momenti specifici di una mano<\/b>. Il termine \u00e8 lo stesso in tutte le varianti del poker, inclusi community, stud e draw poker. Tuttavia, il numero e i nomi delle street possono differire.<\/p>\n<\/div>\n\n\n\n<p>Per esempio, nei giochi con carte comuni come Omaha e Texas Hold&#8217;em ci sono cinque street da considerare. Il Flop conta come tre street quando vengono scoperte tre carte contemporaneamente. Con Turn e River, ciascuna composta da una carta, si arriva a un totale di cinque street.<\/p>\n\n\n\n<h2 class=\"wp-block-heading\">Le basi delle street nel poker<\/h2>\n\n\n\n<p>Nei giochi con carte comuni come Texas Hold&#8217;em e Omaha \u00e8 comune usare termini come <strong>Pre-flop<\/strong>, <strong>Flop<\/strong>, <strong>Turn<\/strong> e <strong>River<\/strong>. Tuttavia, alcuni giocatori possono anche riferirsi alle carte Turn e River come quarta e quinta street.&nbsp;<\/p>\n\n\n\n<figure class=\"wp-block-image size-large\"><img loading=\"lazy\" decoding=\"async\" width=\"1024\" height=\"576\" src=\"http:\/\/hand2noteguide.com\/wp-content\/uploads\/2024\/09\/Streets-min-1-1024x576.jpg\" alt=\"Poker streets\" class=\"wp-image-7843\" srcset=\"https:\/\/hand2noteguide.com\/wp-content\/uploads\/2024\/09\/Streets-min-1-1024x576.jpg 1024w, https:\/\/hand2noteguide.com\/wp-content\/uploads\/2024\/09\/Streets-min-1-300x169.jpg 300w, https:\/\/hand2noteguide.com\/wp-content\/uploads\/2024\/09\/Streets-min-1-768x432.jpg 768w, https:\/\/hand2noteguide.com\/wp-content\/uploads\/2024\/09\/Streets-min-1-1536x864.jpg 1536w, https:\/\/hand2noteguide.com\/wp-content\/uploads\/2024\/09\/Streets-min-1-772x434.jpg 772w, https:\/\/hand2noteguide.com\/wp-content\/uploads\/2024\/09\/Streets-min-1-624x351.jpg 624w, https:\/\/hand2noteguide.com\/wp-content\/uploads\/2024\/09\/Streets-min-1.jpg 1600w\" sizes=\"auto, (max-width: 1024px) 100vw, 1024px\" \/><\/figure>\n\n\n\n<p>Una street descrive la distribuzione delle carte, non il giro di puntate. Nei giochi Hold&#8217;em e Omaha ci sono quattro round di puntata: Pre-Flop, Flop, Turn e River.<\/p>\n\n\n\n<h2 class=\"wp-block-heading\">Il Pre-Flop<\/h2>\n\n\n\n<p>Il Pre-flop \u00e8 <strong>il primo giro di puntate<\/strong> nei giochi di poker con carte comuni. \u00c8 la fase in cui i giocatori ricevono le loro hole cards, ma nessuna carta comune \u00e8 stata ancora distribuita. I due giocatori alla sinistra del Button postano i bui, e questo denaro morto rappresenta un incentivo economico per iniziare la mano.<\/p>\n\n\n\n<figure class=\"wp-block-image size-large\"><img loading=\"lazy\" decoding=\"async\" width=\"1024\" height=\"576\" src=\"https:\/\/hand2noteguide.com\/wp-content\/uploads\/2024\/09\/Preflop-min-1024x576.jpg\" alt=\"poker preflop\" class=\"wp-image-8069\" srcset=\"https:\/\/hand2noteguide.com\/wp-content\/uploads\/2024\/09\/Preflop-min-1024x576.jpg 1024w, https:\/\/hand2noteguide.com\/wp-content\/uploads\/2024\/09\/Preflop-min-300x169.jpg 300w, https:\/\/hand2noteguide.com\/wp-content\/uploads\/2024\/09\/Preflop-min-768x432.jpg 768w, https:\/\/hand2noteguide.com\/wp-content\/uploads\/2024\/09\/Preflop-min-1536x864.jpg 1536w, https:\/\/hand2noteguide.com\/wp-content\/uploads\/2024\/09\/Preflop-min-772x434.jpg 772w, https:\/\/hand2noteguide.com\/wp-content\/uploads\/2024\/09\/Preflop-min-624x351.jpg 624w, https:\/\/hand2noteguide.com\/wp-content\/uploads\/2024\/09\/Preflop-min.jpg 1600w\" sizes=\"auto, (max-width: 1024px) 100vw, 1024px\" \/><\/figure>\n\n\n\n<p>L\u2019azione preflop inizia dal giocatore in <a href=\"\/it\/poker\/poker-positions\/\">posizione<\/a> under the gun e continua finch\u00e9 tutti i giocatori rimasti nella mano non chiamano il rilancio pi\u00f9 alto. \u00c8 anche possibile che tutti i giocatori, tranne uno, foldino le loro carte. In questo caso il vincitore della mano viene deciso gi\u00e0 preflop e non ci saranno altre street.<\/p>\n\n\n\n<p>Il preflop pu\u00f2 sembrare un punto semplice da cui iniziare, ma le decisioni prese in questa fase possono avere un grande impatto su come giocherai il resto della mano.<\/p>\n\n\n\n<h3 class=\"wp-block-heading\">Stabilisce le basi<\/h3>\n\n\n\n<p>Il preflop stabilisce le basi di come verr\u00e0 giocata la mano. Devi decidere se <a href=\"\/it\/poker\/poker-actions\/\">callare, rilanciare o foldare<\/a>, in base a:<\/p>\n\n\n\n<ul class=\"wp-block-list\">\n<li>\ud83e\udd14 quanto sono forti le tue hole cards;<\/li>\n\n\n\n<li>\u2753 in quale <a href=\"\/it\/poker\/poker-positions\/\">posizione<\/a> ti trovi;<\/li>\n\n\n\n<li>\u2753 quali <a href=\"\/it\/poker\/poker-actions\/\">azioni<\/a> sono state fatte prima di te.<\/li>\n<\/ul>\n\n\n\n<p>Le tue decisioni dipendono molto dalla posizione al tavolo: early, middle o late position. Per esempio, dovresti giocare pi\u00f9 tight nelle posizioni iniziali. Al contrario, quando sei in late position puoi osservare le mosse degli avversari prima di agire. Questo ti d\u00e0 pi\u00f9 libert\u00e0 e ti permette di giocare pi\u00f9 mani in modo profittevole.<\/p>\n\n\n\n<h3 class=\"wp-block-heading\">Definisce i <a href=\"https:\/\/blog.freebetrange.com\/it\/article\/poker-preflop-ranges-a-comprehensive-guide\" target=\"_blank\" aria-label=\"undefined (opens in a new tab)\" rel=\"noreferrer noopener\">range di mani<\/a><\/h3>\n\n\n\n<p>I giocatori esperti <strong>non pensano solo alle hole cards<\/strong> che hanno durante il preflop. Pensano anche alle diverse mani che gli avversari potrebbero avere in base alle loro azioni. Se riesci a stimare il range di mani del tuo avversario, puoi capire se la tua mano \u00e8 probabilmente avanti o indietro e adattare di conseguenza il tuo piano di gioco.<\/p>\n\n\n\n<p>Per esempio: vedi un avversario fare un <a aria-label=\"undefined (opens in a new tab)\" href=\"https:\/\/blog.freebetrange.com\/it\/article\/preflop-charts-open-raise-in-6-max-poker-cash-games\" target=\"_blank\" rel=\"noreferrer noopener\">open raise<\/a> da early position. Spesso questo indica che ha una mano premium o comunque molto giocabile.<\/p>\n\n\n\n<div class=\"green-block\">\n<p>In media, un buon giocatore effettua open raise da early position con circa il 15% delle mani:<\/p>\n<p style=\"margin-bottom:0\"><img decoding=\"async\" style=\"width:500px\" src=\"http:\/\/hand2noteguide.com\/wp-content\/uploads\/2024\/09\/ep-open-raise-min.png\" alt=\"utg open raise\"><\/p>\n<\/div>\n\n\n\n<h2 class=\"wp-block-heading\">Il Flop<\/h2>\n\n\n\n<p>Nelle varianti Omaha e Texas Hold\u2019em, il Flop \u00e8 il secondo giro di puntate dopo il pre-flop. \u00c8 un momento emozionante in cui <strong>le prime tre carte comuni<\/strong> vengono scoperte sul board. Queste carte sono visibili a tutti i giocatori.<\/p>\n\n\n\n<figure class=\"wp-block-image size-large\"><img loading=\"lazy\" decoding=\"async\" width=\"1024\" height=\"576\" src=\"https:\/\/hand2noteguide.com\/wp-content\/uploads\/2024\/09\/Flop-min-1024x576.jpg\" alt=\"poker flop\" class=\"wp-image-7962\" srcset=\"https:\/\/hand2noteguide.com\/wp-content\/uploads\/2024\/09\/Flop-min-1024x576.jpg 1024w, https:\/\/hand2noteguide.com\/wp-content\/uploads\/2024\/09\/Flop-min-300x169.jpg 300w, https:\/\/hand2noteguide.com\/wp-content\/uploads\/2024\/09\/Flop-min-768x432.jpg 768w, https:\/\/hand2noteguide.com\/wp-content\/uploads\/2024\/09\/Flop-min-1536x864.jpg 1536w, https:\/\/hand2noteguide.com\/wp-content\/uploads\/2024\/09\/Flop-min-772x434.jpg 772w, https:\/\/hand2noteguide.com\/wp-content\/uploads\/2024\/09\/Flop-min-624x351.jpg 624w, https:\/\/hand2noteguide.com\/wp-content\/uploads\/2024\/09\/Flop-min.jpg 1600w\" sizes=\"auto, (max-width: 1024px) 100vw, 1024px\" \/><\/figure>\n\n\n\n<p>Non \u00e8 semplicemente un altro momento di distribuzione delle carte: per ogni giocatore al tavolo pu\u00f2 essere un punto decisivo della mano.<\/p>\n\n\n\n<h3 class=\"wp-block-heading\">Determina la <a href=\"\/it\/poker\/poker-hand-rankings\/\">forza della tua mano<\/a><\/h3>\n\n\n\n<p>Il flop \u00e8 una fase cruciale. Offre informazioni importanti che aiutano i giocatori a determinare la forza della propria mano. Aggiungendo le tre carte comuni del flop alle proprie hole cards, i giocatori possono calcolare le probabilit\u00e0 di avere una mano vincente. Queste informazioni sono fondamentali per decidere se foldare, fare check o continuare a puntare o callare.&nbsp;<\/p>\n\n\n\n<h3 class=\"wp-block-heading\">Costringe i giocatori ad adattarsi<\/h3>\n\n\n\n<p>Il flop spesso costringe i giocatori a modificare la propria strategia, perch\u00e9 introduce nuove informazioni. I giocatori devono considerare non solo la propria mano, ma anche le possibili mani degli avversari.&nbsp;<\/p>\n\n\n\n<p>Sapersi adattare al flop \u00e8 una componente chiave del poker e pu\u00f2 influenzare significativamente il risultato della mano.<\/p>\n\n\n\n<h2 class=\"wp-block-heading\">Il Turn<\/h2>\n\n\n\n<p>Dopo il giro di puntate del Flop, una carta viene scartata dal mazzo e <strong>viene rivelata una quarta carta comune<\/strong>. Questa carta si chiama Turn ed \u00e8 conosciuta anche come <strong>Fourth Street<\/strong>.<\/p>\n\n\n\n<figure class=\"wp-block-image size-large\"><img loading=\"lazy\" decoding=\"async\" width=\"1024\" height=\"576\" src=\"http:\/\/hand2noteguide.com\/wp-content\/uploads\/2024\/09\/Turn-min-1024x576.jpg\" alt=\"poker turn\" class=\"wp-image-7968\" srcset=\"https:\/\/hand2noteguide.com\/wp-content\/uploads\/2024\/09\/Turn-min-1024x576.jpg 1024w, https:\/\/hand2noteguide.com\/wp-content\/uploads\/2024\/09\/Turn-min-300x169.jpg 300w, https:\/\/hand2noteguide.com\/wp-content\/uploads\/2024\/09\/Turn-min-768x432.jpg 768w, https:\/\/hand2noteguide.com\/wp-content\/uploads\/2024\/09\/Turn-min-1536x864.jpg 1536w, https:\/\/hand2noteguide.com\/wp-content\/uploads\/2024\/09\/Turn-min-772x434.jpg 772w, https:\/\/hand2noteguide.com\/wp-content\/uploads\/2024\/09\/Turn-min-624x351.jpg 624w, https:\/\/hand2noteguide.com\/wp-content\/uploads\/2024\/09\/Turn-min.jpg 1600w\" sizes=\"auto, (max-width: 1024px) 100vw, 1024px\" \/><\/figure>\n\n\n\n<p>Il Turn \u00e8 spesso una street sottovalutata e poco trattata. Molte pubblicazioni strategiche si concentrano su come giocare correttamente il flop e il river, ignorando quasi completamente il turn e considerandolo solo un ponte tra due street pi\u00f9 importanti.<\/p>\n\n\n\n<p>Spesso il piatto \u00e8 gi\u00e0 cresciuto molto durante i giri di puntata del Pre-flop e del Flop, al punto che devi decidere se impegnarti davvero nella mano. Per questo motivo, la strategia sul Turn \u00e8 una componente essenziale di ogni mano di poker.<\/p>\n\n\n\n<h3 class=\"wp-block-heading\">Cambia drasticamente le <a href=\"https:\/\/www.getcoach.poker\/calculators\/holdem-odds\/\" target=\"_blank\" aria-label=\"undefined (opens in a new tab)\" rel=\"noreferrer noopener\">probabilit\u00e0 delle mani<\/a><\/h3>\n\n\n\n<p>Oltre ad aggiungere un\u2019altra carta al board, il Turn modifica le probabilit\u00e0 di migliorare le mani.&nbsp; I giocatori possono rivalutare le probabilit\u00e0 di completare una mano vincente e ottenere nuove informazioni per l\u2019analisi.<\/p>\n\n\n\n<p>Per esempio, le possibilit\u00e0 di vincere di un giocatore aumentano drasticamente \ud83d\ude80 se la carta del turn completa il flush draw che stava inseguendo. Tuttavia, se il Turn non migliora la sua mano, potrebbe essere costretto a riconsiderare la propria strategia e decidere se foldare o restare nel piatto fino all\u2019ultima street.<\/p>\n\n\n\n<div class=\"green-block\">\n<p>Al Turn, <b>le mani draw hanno molta meno equity rispetto al Flop<\/b>. Per esempio, nel Texas Holdem, con un flush draw contro una top pair avevi quasi il 40% di equity al Flop:<\/p>\n<p><img decoding=\"async\" src=\"http:\/\/hand2noteguide.com\/wp-content\/uploads\/2024\/09\/equity-1-min.png\"><\/p>\n<p>Dopo aver mancato la tua carta al turn, ti rimane solo il 20%.<\/p>\n<p><img decoding=\"async\" src=\"http:\/\/hand2noteguide.com\/wp-content\/uploads\/2024\/09\/equity-2-min.png\"><\/p>\n<p style=\"margin-bottom:0\">La tua equity \u00e8 appena diminuita di 2 volte. Puoi provare scenari simili con il <a target=\"_blank\" href=\"https:\/\/www.getcoach.poker\/calculators\/holdem-odds\/\" rel=\"noopener\">Poker Odds Calculator<\/a>.<\/p>\n<\/div>\n\n\n\n<h3 class=\"wp-block-heading\">Mette alla prova le abilit\u00e0 dei giocatori<\/h3>\n\n\n\n<p>Il Turn \u00e8 un momento cruciale del gioco in cui le abilit\u00e0 dei giocatori vengono messe alla prova. In questa fase, i giocatori devono valutare attentamente le reazioni degli avversari, le strategie di puntata e l\u2019approccio generale alla mano.<\/p>\n\n\n\n<p>A questo punto le <a href=\"\/it\/poker\/poker-bluff\/\">tecniche di bluff<\/a> diventano ancora pi\u00f9 importanti. Il piatto \u00e8 gi\u00e0 abbastanza grande e rimane solo una street perch\u00e9 i giocatori possano migliorare la propria mano. Per questo il giro di puntate del Turn \u00e8 un\u2019ottima occasione per mettere maggiore pressione sugli avversari.<\/p>\n\n\n\n<h2 class=\"wp-block-heading\">Il River<\/h2>\n\n\n\n<p>Dopo il turn inizia il giro del River, che rivela la quinta e <strong>ultima carta comune scoperta<\/strong> sul tavolo. \u00c8 davvero l\u2019ultima opportunit\u00e0 per i giocatori di migliorare la propria mano.<\/p>\n\n\n\n<figure class=\"wp-block-image size-large\"><img loading=\"lazy\" decoding=\"async\" width=\"1024\" height=\"576\" src=\"http:\/\/hand2noteguide.com\/wp-content\/uploads\/2024\/09\/River-min-1024x576.jpg\" alt=\"poker river\" class=\"wp-image-7969\" srcset=\"https:\/\/hand2noteguide.com\/wp-content\/uploads\/2024\/09\/River-min-1024x576.jpg 1024w, https:\/\/hand2noteguide.com\/wp-content\/uploads\/2024\/09\/River-min-300x169.jpg 300w, https:\/\/hand2noteguide.com\/wp-content\/uploads\/2024\/09\/River-min-768x432.jpg 768w, https:\/\/hand2noteguide.com\/wp-content\/uploads\/2024\/09\/River-min-1536x864.jpg 1536w, https:\/\/hand2noteguide.com\/wp-content\/uploads\/2024\/09\/River-min-772x434.jpg 772w, https:\/\/hand2noteguide.com\/wp-content\/uploads\/2024\/09\/River-min-624x351.jpg 624w, https:\/\/hand2noteguide.com\/wp-content\/uploads\/2024\/09\/River-min.jpg 1600w\" sizes=\"auto, (max-width: 1024px) 100vw, 1024px\" \/><\/figure>\n\n\n\n<p>Il river \u00e8 una street molto interessante e tecnicamente difficile, perch\u00e9 i giocatori non hanno pi\u00f9 la possibilit\u00e0 di migliorare la propria mano. Tutti hanno gi\u00e0 formato le proprie <a href=\"\/it\/poker\/poker-hand-rankings\/\">combinazioni<\/a>, e resta solo un ultimo giro di puntate prima dello Showdown.<\/p>\n\n\n\n<h3 class=\"wp-block-heading\">Costringe a decisioni costose<\/h3>\n\n\n\n<p>Dopo numerosi giri di puntate, il piatto \u00e8 chiaramente cresciuto molto. Le decisioni al river sono molto costose e potresti sentire il desiderio emotivo di vincere il piatto. Potresti anche sentirti sotto pressione perch\u00e9 hai gi\u00e0 investito molto denaro nella mano. Cerca di \ud83e\udde0 <strong>mantenere la mente lucida<\/strong> e non lasciare che le emozioni influenzino le tue decisioni.<\/p>\n\n\n\n<p>Tuttavia, ricorda che anche i tuoi avversari si trovano nella stessa situazione. Per questo motivo, <a href=\"\/it\/poker\/poker-bluff\/\"><strong>bluffare al River<\/strong><\/a> pu\u00f2 essere un\u2019azione molto rischiosa ma anche molto redditizia. La cosa principale \u00e8 scegliere le situazioni giuste e una buona dimensione della puntata.<\/p>\n\n\n\n<div class=\"green-block\">\n<p style=\"margin-bottom:0\">\ud83d\udca1 Fai attenzione alle value bet: <b>una mano che era forte al Flop non rimane sempre forte al River<\/b>.<\/p>\n<\/div>\n\n\n\n<h3 class=\"wp-block-heading\">Pu\u00f2 causare <a href=\"\/it\/poker\/poker-tilt\/\">tilt<\/a><\/h3>\n\n\n\n<p>Gli errori pi\u00f9 stupidi e costosi nel poker vengono spesso commessi al River. Un problema tipico dei giocatori \u00e8 quando non riescono a foldare le proprie carte, anche se capiscono che molto probabilmente perderanno allo showdown. Al River, pi\u00f9 che in qualsiasi altra street, la psicologia gioca un ruolo fondamentale.<\/p>\n\n\n\n<h2 class=\"wp-block-heading\">Conclusione<\/h2>\n\n\n\n<p>Per avere successo nel poker devi capire cosa sono le street e come influenzano la tua strategia.&nbsp;<\/p>\n\n\n\n<p>Dal preflop al river, ogni street porta con s\u00e9 opportunit\u00e0 e sfide diverse. Imparando a gestire ogni fase della mano, potrai prendere decisioni pi\u00f9 intelligenti, adattarti alle nuove informazioni e migliorare il tuo livello generale nel poker.<\/p>\n","protected":false},"excerpt":{"rendered":"<p>La street \u00e8 un termine del poker che incontrerai molto spesso. Ti sei mai chiesto cosa significhi una street nel poker e come influenzi la strategia? L\u2019espressione street richiama l\u2019idea che giocare a poker sia come \ud83c\udfcd\ufe0f camminare lungo una strada. Ogni nuova street fornisce nuove informazioni che ti aiutano a prendere decisioni pi\u00f9 consapevoli. &hellip; <a href=\"https:\/\/hand2noteguide.com\/it\/poker\/poker-streets\/\" class=\"more-link\">Continue reading <span class=\"screen-reader-text\">Le street nel poker: guida strategica dal preflop al river<\/span><\/a><\/p>\n","protected":false},"author":1,"featured_media":0,"parent":7017,"menu_order":0,"comment_status":"closed","ping_status":"closed","template":"","meta":{"footnotes":""},"class_list":["post-7936","page","type-page","status-publish","hentry"],"translation":{"provider":"WPGlobus","version":"3.0.2","language":"it","enabled_languages":["en","ru","pt","zh","es","fr","de","it","ja"],"languages":{"en":{"title":true,"content":true,"excerpt":false},"ru":{"title":true,"content":true,"excerpt":false},"pt":{"title":true,"content":true,"excerpt":false},"zh":{"title":true,"content":true,"excerpt":false},"es":{"title":true,"content":true,"excerpt":false},"fr":{"title":true,"content":true,"excerpt":false},"de":{"title":true,"content":true,"excerpt":false},"it":{"title":true,"content":true,"excerpt":false},"ja":{"title":true,"content":true,"excerpt":false}}},"yoast_head":"<!-- This site is optimized with the Yoast SEO plugin v27.0 - https:\/\/yoast.com\/product\/yoast-seo-wordpress\/ -->\n<title>Le street nel poker: guida strategica dal preflop al river<\/title>\n<meta name=\"description\" content=\"Scopri i nomi di tutte le street nel poker e le loro caratteristiche. Preflop, Flop, Turn e River: ogni street ha i suoi aspetti strategici.\" \/>\n<meta name=\"robots\" content=\"index, follow, max-snippet:-1, max-image-preview:large, max-video-preview:-1\" \/>\n<link rel=\"canonical\" href=\"https:\/\/hand2noteguide.com\/poker\/poker-streets\/\" \/>\n<meta property=\"og:locale\" content=\"it_IT\" \/>\n<meta property=\"og:type\" content=\"article\" \/>\n<meta property=\"og:title\" content=\"Le street nel poker: guida strategica dal preflop al river\" \/>\n<meta property=\"og:description\" content=\"Scopri i nomi di tutte le street nel poker e le loro caratteristiche. Preflop, Flop, Turn e River: ogni street ha i suoi aspetti strategici.\" \/>\n<meta property=\"og:url\" content=\"https:\/\/hand2noteguide.com\/poker\/poker-streets\/\" \/>\n<meta property=\"og:site_name\" content=\"Hand2Note Guide\" \/>\n<meta property=\"article:modified_time\" content=\"2026-03-11T13:55:58+00:00\" \/>\n<meta property=\"og:image\" content=\"http:\/\/hand2noteguide.com\/wp-content\/uploads\/2024\/09\/Streets-min-1-1024x576.jpg\" \/>\n<meta name=\"twitter:card\" content=\"summary_large_image\" \/>\n<meta name=\"twitter:label1\" content=\"Est. reading time\" \/>\n\t<meta name=\"twitter:data1\" content=\"70 minutes\" \/>\n<!-- \/ Yoast SEO plugin. -->","yoast_head_json":{"title":"Le street nel poker: guida strategica dal preflop al river","description":"Scopri i nomi di tutte le street nel poker e le loro caratteristiche. Preflop, Flop, Turn e River: ogni street ha i suoi aspetti strategici.","robots":{"index":"index","follow":"follow","max-snippet":"max-snippet:-1","max-image-preview":"max-image-preview:large","max-video-preview":"max-video-preview:-1"},"canonical":"https:\/\/hand2noteguide.com\/poker\/poker-streets\/","og_locale":"it_IT","og_type":"article","og_title":"Le street nel poker: guida strategica dal preflop al river","og_description":"Scopri i nomi di tutte le street nel poker e le loro caratteristiche. Preflop, Flop, Turn e River: ogni street ha i suoi aspetti strategici.","og_url":"https:\/\/hand2noteguide.com\/poker\/poker-streets\/","og_site_name":"Hand2Note Guide","article_modified_time":"2026-03-11T13:55:58+00:00","og_image":[{"url":"http:\/\/hand2noteguide.com\/wp-content\/uploads\/2024\/09\/Streets-min-1-1024x576.jpg","type":"","width":"","height":""}],"twitter_card":"summary_large_image","twitter_misc":{"Est. reading time":"70 minutes"},"schema":{"@context":"https:\/\/schema.org","@graph":[]}},"jetpack_sharing_enabled":true,"_links":{"self":[{"href":"https:\/\/hand2noteguide.com\/it\/wp-json\/wp\/v2\/pages\/7936","targetHints":{"allow":["GET"]}}],"collection":[{"href":"https:\/\/hand2noteguide.com\/it\/wp-json\/wp\/v2\/pages"}],"about":[{"href":"https:\/\/hand2noteguide.com\/it\/wp-json\/wp\/v2\/types\/page"}],"author":[{"embeddable":true,"href":"https:\/\/hand2noteguide.com\/it\/wp-json\/wp\/v2\/users\/1"}],"replies":[{"embeddable":true,"href":"https:\/\/hand2noteguide.com\/it\/wp-json\/wp\/v2\/comments?post=7936"}],"version-history":[{"count":57,"href":"https:\/\/hand2noteguide.com\/it\/wp-json\/wp\/v2\/pages\/7936\/revisions"}],"predecessor-version":[{"id":15811,"href":"https:\/\/hand2noteguide.com\/it\/wp-json\/wp\/v2\/pages\/7936\/revisions\/15811"}],"up":[{"embeddable":true,"href":"https:\/\/hand2noteguide.com\/it\/wp-json\/wp\/v2\/pages\/7017"}],"wp:attachment":[{"href":"https:\/\/hand2noteguide.com\/it\/wp-json\/wp\/v2\/media?parent=7936"}],"curies":[{"name":"wp","href":"https:\/\/api.w.org\/{rel}","templated":true}]}}