{"id":8034,"date":"2024-09-11T15:31:31","date_gmt":"2024-09-11T12:31:31","guid":{"rendered":"https:\/\/hand2noteguide.com\/?page_id=8034"},"modified":"2026-03-11T14:30:38","modified_gmt":"2026-03-11T11:30:38","slug":"is-poker-luck-or-skill","status":"publish","type":"page","link":"https:\/\/hand2noteguide.com\/it\/poker\/is-poker-luck-or-skill\/","title":{"rendered":"Il poker \u00e8 un gioco di fortuna o di abilit\u00e0?"},"content":{"rendered":"\n<p>Il poker \u00e8 uno dei giochi di carte pi\u00f9 popolari al mondo. Milioni di persone lo giocano, sia a livello amatoriale che professionale. Ma spesso sorge una domanda: il poker \u00e8 un gioco di fortuna o \u00e8 un gioco di abilit\u00e0? Questo dibattito va avanti da molti anni, con argomenti forti da entrambe le parti.<\/p>\n\n\n\n<p><strong>Il poker \u00e8 una combinazione di entrambi \ud83c\udf40 fortuna e \ud83e\udde0<\/strong> <strong>abilit\u00e0<\/strong>. Nel breve termine, la fortuna gioca un ruolo significativo, poich\u00e9 l&#8217;esito di ogni mano \u00e8 influenzato dalle carte distribuite, che sono casuali. Tuttavia, nel lungo termine, l&#8217;abilit\u00e0 diventa il fattore dominante. I giocatori esperti usano strategia, <a href=\"\/it\/poker\/poker-tilt\/\">psicologia<\/a> e probabilit\u00e0 matematiche per prendere decisioni che massimizzano le loro possibilit\u00e0 di vincere. I giocatori abili superano costantemente gli avversari meno abili, specialmente su molte mani.<\/p>\n\n\n\n<div class=\"green-block\">\n<p style=\"margin-bottom:0\">\u261d Pertanto, mentre <b>la fortuna pu\u00f2 influenzare i risultati individuali<\/b>, <b>il poker \u00e8 fondamentalmente un gioco di abilit\u00e0<\/b>, dove conoscenza, esperienza e capacit\u00e0 decisionale hanno un impatto decisivo.<\/p>\n<\/div>\n\n\n\n<p>Ora approfondiamo l&#8217;argomento.<\/p>\n\n\n\n<h2 class=\"wp-block-heading\">I Fondamenti del Poker<\/h2>\n\n\n\n<p>Prima di entrare nel dibattito, \u00e8 importante comprendere i <a href=\"\/it\/poker\/poker-rules\/\">principi di base del gioco del poker<\/a>. Il poker \u00e8 un gioco di carte che coinvolge <a href=\"\/it\/poker\/poker-hand-rankings\/\">combinazioni di carte<\/a> e <a href=\"\/it\/poker\/poker-streets\/\">giri di puntate<\/a>. L&#8217;obiettivo \u00e8 vincere fiches o denaro facendo la mano migliore o convincendo gli altri a passare. Ci sono vari tipi di poker, come il Texas Hold\u2019em, l&#8217;Omaha e il Seven-Card Stud, ma i principi di base sono simili in questi giochi.<\/p>\n\n\n\n<h2 class=\"wp-block-heading\">Il Ruolo della Fortuna nel Poker<\/h2>\n\n\n\n<p>La fortuna gioca un ruolo significativo nel poker, specialmente nel breve termine. <strong>Quando sei al tavolo da poker, non hai controllo sulle carte che ti vengono distribuite.<\/strong> A volte, ottieni una grande mano, e a volte, ne ottieni una pessima. Questa casualit\u00e0 \u00e8 dove entra in gioco la fortuna.<\/p>\n\n\n\n<figure class=\"wp-block-embed is-type-video is-provider-youtube wp-block-embed-youtube wp-embed-aspect-16-9 wp-has-aspect-ratio\"><div class=\"wp-block-embed__wrapper\">\n<div class=\"jetpack-video-wrapper\"><iframe loading=\"lazy\" title=\"Aces vs Aces Connor Drinan vs Cary Katz | $1,000,000 WSOP Big One for One Drop\" width=\"700\" height=\"394\" src=\"https:\/\/www.youtube.com\/embed\/iFR5i6RtX18?feature=oembed\" frameborder=\"0\" allow=\"accelerometer; autoplay; clipboard-write; encrypted-media; gyroscope; picture-in-picture; web-share\" referrerpolicy=\"strict-origin-when-cross-origin\" allowfullscreen><\/iframe><\/div>\n<\/div><\/figure>\n\n\n\n<p>Ad esempio, immagina di giocare a Texas Hold\u2019em e di ricevere coppia d&#8217;assi (due assi come mano iniziale). Questa \u00e8 la migliore mano iniziale possibile nel gioco. Tuttavia, se <a href=\"\/it\/poker\/poker-streets\/\">le carte comuni<\/a> (le carte che tutti condividono) non ti aiutano, o se il tuo avversario \u00e8 fortunato e ottiene una mano migliore, potresti comunque perdere. In questo caso, la fortuna gioca un ruolo cruciale.<\/p>\n\n\n\n<p>In una singola mano o anche in pochi giochi, la fortuna pu\u00f2 influenzare notevolmente i risultati. Un principiante potrebbe battere un professionista se \u00e8 fortunato con le carte. Questa casualit\u00e0 rende il poker emozionante, poich\u00e9 chiunque pu\u00f2 vincere in qualsiasi giorno.<\/p>\n\n\n\n<h2 class=\"wp-block-heading\">Il Ruolo dell&#8217;Abilit\u00e0 nel Poker<\/h2>\n\n\n\n<p>Sebbene la fortuna sia un fattore nel poker, l&#8217;abilit\u00e0 \u00e8 ci\u00f2 che distingue i buoni giocatori dai grandi. Il poker non riguarda solo le carte che ti vengono distribuite; riguarda come le giochi.<\/p>\n\n\n\n<figure class=\"wp-block-embed is-type-video is-provider-youtube wp-block-embed-youtube wp-embed-aspect-16-9 wp-has-aspect-ratio\"><div class=\"wp-block-embed__wrapper\">\n<div class=\"jetpack-video-wrapper\"><iframe loading=\"lazy\" title=\"PHIL IVEY TOP 5 POKER READS \u2660\ufe0f  PokerStars\" width=\"700\" height=\"394\" src=\"https:\/\/www.youtube.com\/embed\/SMJ7C4atMi0?feature=oembed\" frameborder=\"0\" allow=\"accelerometer; autoplay; clipboard-write; encrypted-media; gyroscope; picture-in-picture; web-share\" referrerpolicy=\"strict-origin-when-cross-origin\" allowfullscreen><\/iframe><\/div>\n<\/div><\/figure>\n\n\n\n<p>L&#8217;abilit\u00e0 nel poker coinvolge diversi elementi chiave:<\/p>\n\n\n\n<h3 class=\"wp-block-heading\">\ud83d\udcc8 <strong>Comprendere le Probabilit\u00e0<\/strong><\/h3>\n\n\n\n<p>Un giocatore di poker abile conosce le probabilit\u00e0 di vincita o perdita di determinate mani. Pu\u00f2 anche calcolare la probabilit\u00e0 di ottenere la carta di cui ha bisogno per completare la sua mano. Questo li aiuta a prendere decisioni informate su quando puntare, chiamare o passare. Comprendere le probabilit\u00e0 \u00e8 una parte fondamentale della strategia del poker.<\/p>\n\n\n\n<h3 class=\"wp-block-heading\">\ud83e\uddb8\u200d\u2642 <strong><a href=\"\/it\/poker\/poker-bluff\/\">Bluffare<\/a><\/strong><\/h3>\n\n\n\n<p>Bluffare \u00e8 un&#8217;abilit\u00e0 essenziale nel poker. Comporta far credere agli avversari di avere una mano pi\u00f9 forte di quella che si ha. Un buon bluff pu\u00f2 far passare gli avversari, anche se non si ha una mano forte. I giocatori abili sanno quando bluffare e quando giocare in modo diretto. Possono leggere i loro avversari e cogliere i segnali (indizi sottili sulla forza della mano dell&#8217;avversario).<\/p>\n\n\n\n<h3 class=\"wp-block-heading\">\ud83e\uddd8\u200d\u2642\ufe0f <strong><a href=\"\/it\/poker\/poker-tilt\/\">Il gioco mentale<\/a><\/strong><\/h3>\n\n\n\n<p>Il poker \u00e8 tanto un gioco di psicologia quanto di carte. I giocatori abili comprendono il comportamento umano e possono anticipare le mosse degli avversari. Sanno come mettere pressione sugli altri giocatori, renderli a disagio e spingerli a commettere errori. Questo aspetto psicologico del poker \u00e8 dove l&#8217;abilit\u00e0 brilla davvero.<\/p>\n\n\n\n<h3 class=\"wp-block-heading\">\ud83c\udfaf <strong>Esperienza e Adattabilit\u00e0<\/strong><\/h3>\n\n\n\n<p>L&#8217;esperienza \u00e8 un altro fattore cruciale nel poker. Pi\u00f9 giochi, pi\u00f9 situazioni incontri e migliori diventi nel prendere decisioni. I giocatori esperti possono adattarsi rapidamente a diversi stili di gioco e adeguare le loro strategie di conseguenza. Hanno visto tutto e sanno come gestire vari scenari.<\/p>\n\n\n\n<h2 class=\"wp-block-heading\">La Visione a Lungo Termine: Fortuna vs. Abilit\u00e0<\/h2>\n\n\n\n<p>Sebbene la fortuna possa influenzare l&#8217;esito di mani o giochi individuali, l&#8217;abilit\u00e0 diventa pi\u00f9 importante nel lungo termine. In un singolo gioco, un principiante potrebbe essere fortunato e vincere, ma su centinaia o migliaia di giochi, i giocatori abili emergeranno costantemente vincitori.<\/p>\n\n\n\n<p>Questo \u00e8 il motivo per cui i giocatori di poker professionisti possono guadagnarsi da vivere con il gioco. Non si affidano alla fortuna. Si affidano alle loro abilit\u00e0 e alla lunga distanza. Sanno che nel lungo periodo, la loro comprensione del gioco, la loro capacit\u00e0 di leggere gli avversari e il loro pensiero strategico porteranno a vittorie costanti. Questo \u00e8 l&#8217;opposto dell&#8217;approccio al gioco d&#8217;azzardo nel casin\u00f2, dove ci si affida al successo a breve termine.<\/p>\n\n\n\n<div class=\"green-block\">\n<p style=\"margin-bottom:0\">\ud83c\udf93 Osservare i giocatori di poker professionisti fornisce un&#8217;idea dell&#8217;aspetto dell&#8217;abilit\u00e0 nel gioco. Questi giocatori passano anni a perfezionare il loro mestiere. <strong>Studiano il gioco<\/strong>, <strong>analizzano le mani<\/strong> e <strong>lavorano continuamente per migliorare le loro abilit\u00e0<\/strong>. Comprendono gli aspetti matematici e psicologici del poker a un livello profondo.<\/p>\n<\/div>\n\n\n\n<p>Nei principali tornei di poker, come le World Series of Poker (WSOP), gli stessi giocatori spesso raggiungono i tavoli finali anno dopo anno. Come ha fatto Mark Newhouse nel 2013 e nel 2014, finendo 9\u00b0 nel torneo di poker pi\u00f9 popolare al mondo per due anni consecutivi.<\/p>\n\n\n\n<figure class=\"wp-block-embed is-type-video is-provider-youtube wp-block-embed-youtube wp-embed-aspect-16-9 wp-has-aspect-ratio\"><div class=\"wp-block-embed__wrapper\">\n<div class=\"jetpack-video-wrapper\"><iframe loading=\"lazy\" title=\"Mark Newhouse Finishes Ninth, Again | 2014 WSOP Main Event: Final Table | PokerGO\" width=\"700\" height=\"394\" src=\"https:\/\/www.youtube.com\/embed\/mD5dYRAP8bs?feature=oembed\" frameborder=\"0\" allow=\"accelerometer; autoplay; clipboard-write; encrypted-media; gyroscope; picture-in-picture; web-share\" referrerpolicy=\"strict-origin-when-cross-origin\" allowfullscreen><\/iframe><\/div>\n<\/div><\/figure>\n\n\n\n<p>Se il poker fosse puramente un gioco di fortuna, ci aspetteremmo una variet\u00e0 molto pi\u00f9 ampia di vincitori. Il fatto che certi giocatori si comportino costantemente bene \u00e8 una forte evidenza che l&#8217;abilit\u00e0 gioca un ruolo dominante.<\/p>\n\n\n\n<p>La vera sfida per i giocatori di poker professionisti \u00e8 che a volte la fortuna diventa un problema anche su lunghe distanze. Esiste un termine &#8220;varianza&#8221; nella teoria delle probabilit\u00e0. In parole semplici, significa &#8220;deviazione&#8221; dal risultato pi\u00f9 probabile, e questa deviazione a volte pu\u00f2 essere enorme.<\/p>\n\n\n\n<figure class=\"wp-block-image size-large is-resized\"><img loading=\"lazy\" decoding=\"async\" src=\"https:\/\/hand2noteguide.com\/wp-content\/uploads\/2024\/09\/variance-min-1024x499.png\" alt=\"\" class=\"wp-image-8051\" width=\"840\" height=\"409\" srcset=\"https:\/\/hand2noteguide.com\/wp-content\/uploads\/2024\/09\/variance-min-1024x499.png 1024w, https:\/\/hand2noteguide.com\/wp-content\/uploads\/2024\/09\/variance-min-300x146.png 300w, https:\/\/hand2noteguide.com\/wp-content\/uploads\/2024\/09\/variance-min-768x374.png 768w, https:\/\/hand2noteguide.com\/wp-content\/uploads\/2024\/09\/variance-min-1536x748.png 1536w, https:\/\/hand2noteguide.com\/wp-content\/uploads\/2024\/09\/variance-min-772x376.png 772w, https:\/\/hand2noteguide.com\/wp-content\/uploads\/2024\/09\/variance-min-624x304.png 624w, https:\/\/hand2noteguide.com\/wp-content\/uploads\/2024\/09\/variance-min.png 1880w\" sizes=\"auto, (max-width: 840px) 100vw, 840px\" \/><figcaption class=\"wp-element-caption\">Un esempio dal <a href=\"https:\/\/www.primedope.com\/poker-variance-calculator\/\" target=\"_blank\" aria-label=\"undefined (opens in a new tab)\" rel=\"noreferrer noopener nofollow\">calcolatore di varianza del poker<\/a>. Giocando la stessa strategia per 30.000 mani, i risultati potrebbero essere drasticamente diversi.<\/figcaption><\/figure>\n\n\n\n<p>Supponiamo che tu lanci una moneta 100 volte. Chiamiamo il lancio di una moneta 100 volte un &#8220;tentativo&#8221;. Poi immagina di fare milioni di questi tentativi. Nella maggior parte dei tentativi, otterrai un risultato medio di 50-50 testa e croce, forse spostato un po&#8217; verso un lato o l&#8217;altro &#8211; come 52-48, 57-43, 39-61, ecc. Ma ci saranno alcuni tentativi che ti sorprenderanno &#8211; come 91-9. Sembra impossibile, ma su una distanza di un milione di tentativi, otterrai anche quel risultato. Lo stesso nel poker &#8211; alcuni professionisti sono meno fortunati di altri, e possono perdere innumerevoli volte in piatti cruciali anno dopo anno. Ma qui nella vita reale, non hai l&#8217;opportunit\u00e0 di simulare molti &#8220;tentativi&#8221;, hai solo una vita. E <strong>una vita umana potrebbe non essere sufficiente per battere la varianza nel poker<\/strong>.<\/p>\n\n\n\n<h2 class=\"wp-block-heading\">Fortuna vs. Abilit\u00e0 nei Tornei di Poker<\/h2>\n\n\n\n<p>In un torneo di poker, i giocatori iniziano con un numero fisso di fiches e competono fino a quando un giocatore ha tutte le fiches. \u2b50 <strong>In un singolo torneo, la fortuna gioca un ruolo cruciale.<\/strong> Le carte che ti vengono distribuite e il tempismo delle tue mani possono influenzare notevolmente il tuo successo. Anche il miglior giocatore del mondo pu\u00f2 essere eliminato presto se affronta una serie di sfortuna. Questo \u00e8 il motivo per cui, nel breve termine, la fortuna spesso decide chi vince e chi perde.<\/p>\n\n\n\n<figure class=\"wp-block-embed is-type-video is-provider-youtube wp-block-embed-youtube wp-embed-aspect-16-9 wp-has-aspect-ratio\"><div class=\"wp-block-embed__wrapper\">\n<div class=\"jetpack-video-wrapper\"><iframe loading=\"lazy\" title=\"Heartbreak in the Biggest World Series of Poker Main Event in History! [INSANE HAND]\" width=\"700\" height=\"394\" src=\"https:\/\/www.youtube.com\/embed\/OP_TWxC0hDA?feature=oembed\" frameborder=\"0\" allow=\"accelerometer; autoplay; clipboard-write; encrypted-media; gyroscope; picture-in-picture; web-share\" referrerpolicy=\"strict-origin-when-cross-origin\" allowfullscreen><\/iframe><\/div>\n<\/div><\/figure>\n\n\n\n<p>Tuttavia, l&#8217;abilit\u00e0 \u00e8 ancora importante. I giocatori abili sanno come massimizzare le loro possibilit\u00e0 quando hanno buone mani e minimizzare le perdite quando non le hanno. Comprendono le strategie del gioco e sanno come leggere i loro avversari.<\/p>\n\n\n\n<p>Ma anche i giocatori pi\u00f9 abili non possono controllare la fortuna in un singolo torneo. Ecco perch\u00e9 i professionisti giocano molti tornei. <strong>Su un gran numero di tornei, l&#8217;abilit\u00e0 diventa il fattore dominante.<\/strong> La fortuna delle carte si equilibra nel tempo, e i migliori giocatori si comportano costantemente bene.<\/p>\n\n\n\n<p>In sintesi, mentre la fortuna \u00e8 pi\u00f9 importante in un singolo torneo di poker, l&#8217;abilit\u00e0 \u00e8 ci\u00f2 che permette a un buon giocatore di avere successo nel lungo periodo. Pi\u00f9 tornei giochi, pi\u00f9 l&#8217;abilit\u00e0 prende il sopravvento e la fortuna gioca un ruolo minore nel tuo successo complessivo.<\/p>\n\n\n\n<h2 class=\"wp-block-heading\">La Prospettiva Legale: Il Poker \u00e8 un Gioco di Abilit\u00e0?<\/h2>\n\n\n\n<p>La questione se il poker sia un gioco di fortuna o di abilit\u00e0 ha anche implicazioni legali. In alcuni paesi e stati, i giochi di fortuna (come la roulette) sono fortemente regolamentati o addirittura illegali, mentre i giochi di abilit\u00e0 (come gli scacchi) non lo sono. La classificazione del poker pu\u00f2 determinare come viene regolamentato.<\/p>\n\n\n\n<p>In molti luoghi, i tribunali hanno stabilito che il poker \u00e8 un gioco di abilit\u00e0. Ad esempio, nel 2012, <strong>un \ud83d\udc68\ud83c\udffb\u200d\u2696\ufe0f giudice federale a New York ha stabilito che il poker \u00e8 pi\u00f9 un gioco di abilit\u00e0<\/strong> che di fortuna, e quindi non soggetto alle stesse leggi sul gioco d&#8217;azzardo dei giochi di fortuna. Questa sentenza si basava sull&#8217;argomento che, mentre la fortuna gioca un ruolo nel breve termine, l&#8217;abilit\u00e0 \u00e8 il fattore dominante nel lungo termine.<\/p>\n\n\n\n<div class=\"green-block\">\n<p style=\"margin-bottom:0\">\ud83c\udfdb\ufe0f Non esiste una posizione univoca nell&#8217;ambiente legislativo mondiale riguardo a quale categoria di giochi il poker debba essere classificato.<\/p>\n<\/div>\n\n\n\n<p>Le leggi nei diversi paesi del mondo possono differire notevolmente. In alcuni, il poker \u00e8 strettamente proibito insieme ai giochi d&#8217;azzardo come le slot o la roulette, mentre in altri, il poker \u00e8 considerato uno sport professionistico e si tengono competizioni ufficiali.<\/p>\n\n\n\n<h2 class=\"wp-block-heading\">Conclusione: Il Poker \u00e8 un Gioco di Fortuna o di Abilit\u00e0?<\/h2>\n\n\n\n<p>Quindi, alla fine, il poker \u00e8 un gioco di fortuna o di abilit\u00e0? La risposta \u00e8 che<strong> \u00e8 entrambi. <\/strong>La fortuna ha pi\u00f9 influenza in una mano o in un gioco, mentre l&#8217;abilit\u00e0 assume il ruolo principale nel tempo. I giocatori abili comprendono le probabilit\u00e0, sanno <a href=\"\/it\/poker\/poker-bluff\/\">quando bluffare<\/a> e possono leggere i loro avversari. Superano costantemente i giocatori meno abili, dimostrando che il poker \u00e8 fondamentalmente un gioco di abilit\u00e0.<\/p>\n\n\n\n<p>Per i giocatori occasionali, l&#8217;elemento della fortuna rende il poker emozionante e accessibile. Chiunque pu\u00f2 vincere una mano, anche contro il miglior giocatore di poker del pianeta. Ma per coloro che vogliono avere successo nel lungo periodo, sviluppare le proprie abilit\u00e0 e <a href=\"\/it\/poker\/5-best-online-poker-training-sites\/\">allenarsi<\/a> \u00e8 essenziale, come in qualsiasi altro sport professionistico. Il poker \u00e8 un gioco complesso e affascinante che richiede sia fortuna che abilit\u00e0, rendendolo uno dei giochi di carte pi\u00f9 belli mai creati.<\/p>\n","protected":false},"excerpt":{"rendered":"<p>Il poker \u00e8 uno dei giochi di carte pi\u00f9 popolari al mondo. Milioni di persone lo giocano, sia a livello amatoriale che professionale. Ma spesso sorge una domanda: il poker \u00e8 un gioco di fortuna o \u00e8 un gioco di abilit\u00e0? Questo dibattito va avanti da molti anni, con argomenti forti da entrambe le parti. &hellip; <a href=\"https:\/\/hand2noteguide.com\/it\/poker\/is-poker-luck-or-skill\/\" class=\"more-link\">Continue reading <span class=\"screen-reader-text\">Il poker \u00e8 un gioco di fortuna o di abilit\u00e0?<\/span><\/a><\/p>\n","protected":false},"author":1,"featured_media":0,"parent":7017,"menu_order":0,"comment_status":"closed","ping_status":"closed","template":"","meta":{"footnotes":""},"class_list":["post-8034","page","type-page","status-publish","hentry"],"translation":{"provider":"WPGlobus","version":"3.0.2","language":"it","enabled_languages":["en","ru","pt","zh","es","fr","de","it","ja"],"languages":{"en":{"title":true,"content":true,"excerpt":false},"ru":{"title":true,"content":true,"excerpt":false},"pt":{"title":true,"content":true,"excerpt":false},"zh":{"title":true,"content":true,"excerpt":false},"es":{"title":true,"content":true,"excerpt":false},"fr":{"title":true,"content":true,"excerpt":false},"de":{"title":true,"content":true,"excerpt":false},"it":{"title":true,"content":true,"excerpt":false},"ja":{"title":true,"content":true,"excerpt":false}}},"yoast_head":"<!-- This site is optimized with the Yoast SEO plugin v27.0 - https:\/\/yoast.com\/product\/yoast-seo-wordpress\/ -->\n<title>Il poker \u00e8 un gioco di fortuna o di abilit\u00e0?<\/title>\n<meta name=\"description\" content=\"Si discute da anni: il poker \u00e8 un gioco di fortuna o di abilit\u00e0? Inizialmente guidato dalla fortuna, ma dominato da abilit\u00e0, strategia ed esperienza.\" \/>\n<meta name=\"robots\" content=\"index, follow, max-snippet:-1, max-image-preview:large, max-video-preview:-1\" \/>\n<link rel=\"canonical\" href=\"https:\/\/hand2noteguide.com\/poker\/is-poker-luck-or-skill\/\" \/>\n<meta property=\"og:locale\" content=\"it_IT\" \/>\n<meta property=\"og:type\" content=\"article\" \/>\n<meta property=\"og:title\" content=\"Il poker \u00e8 un gioco di fortuna o di abilit\u00e0?\" \/>\n<meta property=\"og:description\" content=\"Si discute da anni: il poker \u00e8 un gioco di fortuna o di abilit\u00e0? Inizialmente guidato dalla fortuna, ma dominato da abilit\u00e0, strategia ed esperienza.\" \/>\n<meta property=\"og:url\" content=\"https:\/\/hand2noteguide.com\/poker\/is-poker-luck-or-skill\/\" \/>\n<meta property=\"og:site_name\" content=\"Hand2Note Guide\" \/>\n<meta property=\"article:modified_time\" content=\"2026-03-11T11:30:38+00:00\" \/>\n<meta property=\"og:image\" content=\"https:\/\/hand2noteguide.com\/wp-content\/uploads\/2024\/09\/variance-min.png\" \/>\n\t<meta property=\"og:image:width\" content=\"1880\" \/>\n\t<meta property=\"og:image:height\" content=\"916\" \/>\n\t<meta property=\"og:image:type\" content=\"image\/png\" \/>\n<meta name=\"twitter:card\" content=\"summary_large_image\" \/>\n<meta name=\"twitter:label1\" content=\"Est. reading time\" \/>\n\t<meta name=\"twitter:data1\" content=\"56 minutes\" \/>\n<!-- \/ Yoast SEO plugin. -->","yoast_head_json":{"title":"Il poker \u00e8 un gioco di fortuna o di abilit\u00e0?","description":"Si discute da anni: il poker \u00e8 un gioco di fortuna o di abilit\u00e0? Inizialmente guidato dalla fortuna, ma dominato da abilit\u00e0, strategia ed esperienza.","robots":{"index":"index","follow":"follow","max-snippet":"max-snippet:-1","max-image-preview":"max-image-preview:large","max-video-preview":"max-video-preview:-1"},"canonical":"https:\/\/hand2noteguide.com\/poker\/is-poker-luck-or-skill\/","og_locale":"it_IT","og_type":"article","og_title":"Il poker \u00e8 un gioco di fortuna o di abilit\u00e0?","og_description":"Si discute da anni: il poker \u00e8 un gioco di fortuna o di abilit\u00e0? Inizialmente guidato dalla fortuna, ma dominato da abilit\u00e0, strategia ed esperienza.","og_url":"https:\/\/hand2noteguide.com\/poker\/is-poker-luck-or-skill\/","og_site_name":"Hand2Note Guide","article_modified_time":"2026-03-11T11:30:38+00:00","og_image":[{"width":1880,"height":916,"url":"https:\/\/hand2noteguide.com\/wp-content\/uploads\/2024\/09\/variance-min.png","type":"image\/png"}],"twitter_card":"summary_large_image","twitter_misc":{"Est. reading time":"56 minutes"},"schema":{"@context":"https:\/\/schema.org","@graph":[]}},"jetpack_sharing_enabled":true,"_links":{"self":[{"href":"https:\/\/hand2noteguide.com\/it\/wp-json\/wp\/v2\/pages\/8034","targetHints":{"allow":["GET"]}}],"collection":[{"href":"https:\/\/hand2noteguide.com\/it\/wp-json\/wp\/v2\/pages"}],"about":[{"href":"https:\/\/hand2noteguide.com\/it\/wp-json\/wp\/v2\/types\/page"}],"author":[{"embeddable":true,"href":"https:\/\/hand2noteguide.com\/it\/wp-json\/wp\/v2\/users\/1"}],"replies":[{"embeddable":true,"href":"https:\/\/hand2noteguide.com\/it\/wp-json\/wp\/v2\/comments?post=8034"}],"version-history":[{"count":38,"href":"https:\/\/hand2noteguide.com\/it\/wp-json\/wp\/v2\/pages\/8034\/revisions"}],"predecessor-version":[{"id":15790,"href":"https:\/\/hand2noteguide.com\/it\/wp-json\/wp\/v2\/pages\/8034\/revisions\/15790"}],"up":[{"embeddable":true,"href":"https:\/\/hand2noteguide.com\/it\/wp-json\/wp\/v2\/pages\/7017"}],"wp:attachment":[{"href":"https:\/\/hand2noteguide.com\/it\/wp-json\/wp\/v2\/media?parent=8034"}],"curies":[{"name":"wp","href":"https:\/\/api.w.org\/{rel}","templated":true}]}}