{"id":8133,"date":"2024-09-12T11:15:43","date_gmt":"2024-09-12T08:15:43","guid":{"rendered":"https:\/\/hand2noteguide.com\/?page_id=8133"},"modified":"2026-03-11T14:29:10","modified_gmt":"2026-03-11T11:29:10","slug":"poker-hud","status":"publish","type":"page","link":"https:\/\/hand2noteguide.com\/it\/poker\/poker-hud\/","title":{"rendered":"Poker HUD: la guida definitiva per principianti"},"content":{"rendered":"\n<p>Se sei nuovo nel poker online, probabilmente hai gi\u00e0 sentito parlare di un \u201cPoker HUD\u201d, ma potresti non sapere esattamente cos\u2019\u00e8 o come usarlo.<\/p>\n\n\n\n<div class=\"green-block\">\n<p style=\"margin-bottom:0\">\ud83d\udc68\ud83c\udffb\u200d\ud83d\udcbb <b>Un Poker HUD<\/b> (Heads-Up Display) \u00e8 uno strumento che <b>mostra statistiche sui tuoi avversari in tempo reale<\/b> mentre giochi.<\/p>\n<\/div>\n\n\n\n<p>L\u2019HUD ti aiuta a prendere decisioni migliori fornendoti dati su come giocano i tuoi avversari. In questa guida spiegheremo nel dettaglio cos\u2019\u00e8 un poker HUD, perch\u00e9 dovresti usarlo e come iniziare.<\/p>\n\n\n\n<h2 class=\"wp-block-heading\">Cos\u2019\u00e8 un poker HUD?<\/h2>\n\n\n\n<p>Un Poker HUD \u00e8 uno strumento software che raccoglie dati sui tuoi avversari mentre giochi. Questi dati vengono poi mostrati sotto forma di statistiche direttamente sul tavolo da poker. Le statistiche ti offrono una panoramica di come i tuoi avversari tendono a giocare, permettendoti di adattare la tua strategia di conseguenza.<\/p>\n\n\n\n<figure class=\"wp-block-image size-full\"><img loading=\"lazy\" decoding=\"async\" width=\"907\" height=\"627\" src=\"http:\/\/hand2noteguide.com\/wp-content\/uploads\/2024\/05\/hud-2-min.png\" alt=\"Hand2Note HUD at PokerStars table\" class=\"wp-image-6823\" srcset=\"https:\/\/hand2noteguide.com\/wp-content\/uploads\/2024\/05\/hud-2-min.png 907w, https:\/\/hand2noteguide.com\/wp-content\/uploads\/2024\/05\/hud-2-min-300x207.png 300w, https:\/\/hand2noteguide.com\/wp-content\/uploads\/2024\/05\/hud-2-min-768x531.png 768w, https:\/\/hand2noteguide.com\/wp-content\/uploads\/2024\/05\/hud-2-min-772x534.png 772w, https:\/\/hand2noteguide.com\/wp-content\/uploads\/2024\/05\/hud-2-min-624x431.png 624w\" sizes=\"auto, (max-width: 907px) 100vw, 907px\" \/><figcaption class=\"wp-element-caption\"><a href=\"https:\/\/hand2note.com\/\" target=\"_blank\" aria-label=\"undefined (opens in a new tab)\" rel=\"noreferrer noopener\">Hand2Note HUD<\/a> su un tavolo PokerStars<\/figcaption><\/figure>\n\n\n\n<p>Per esempio, un poker HUD pu\u00f2 mostrarti:<\/p>\n\n\n\n<ul class=\"wp-block-list\">\n<li>Quanto spesso un giocatore rilancia prima del flop<\/li>\n\n\n\n<li>Quanto spesso folda contro una continuation bet<\/li>\n\n\n\n<li>Con quale frequenza va all-in in determinate situazioni<\/li>\n<\/ul>\n\n\n\n<p>Questi numeri ti aiutano a prevedere le mosse dei tuoi avversari e a classificarne lo stile di gioco: aggressivo o passivo, tight o loose e cos\u00ec via.<\/p>\n\n\n\n<h2 class=\"wp-block-heading\">Perch\u00e9 usare un poker HUD?<\/h2>\n\n\n\n<p>L\u2019HUD ti d\u00e0 un vantaggio sui tuoi avversari. Ecco alcuni dei principali benefici:<\/p>\n\n\n\n<ul class=\"wp-block-list\">\n<li>\ud83e\udde0 <strong>Decisioni migliori<\/strong>. Con un HUD hai pi\u00f9 informazioni su cui basare le tue decisioni. Puoi individuare schemi nel gioco dei tuoi avversari e sfruttarne le debolezze.<\/li>\n\n\n\n<li>\ud83e\uddd8\u200d\u2642\ufe0f <strong>Risparmio di energia mentale<\/strong>. Invece di cercare di ricordare come gioca ogni giocatore al tavolo, il tuo HUD tiene traccia di tutto per te. Cos\u00ec puoi dedicare pi\u00f9 attenzione ad altre decisioni importanti.<\/li>\n\n\n\n<li>\u2699\ufe0f <strong>Adattamento rapido<\/strong>. Il poker online \u00e8 veloce. Un HUD ti aiuta ad adattarti rapidamente ai nuovi giocatori al tavolo mostrandoti le loro statistiche in pochi minuti.<\/li>\n\n\n\n<li>\ud83d\udcc8 <strong>Miglioramento del tuo gioco<\/strong>. Analizzare le tue statistiche HUD dopo una sessione pu\u00f2 aiutarti a individuare i leak nel tuo gioco. Puoi vedere dove perdi soldi e lavorare su quelle aree.<\/li>\n<\/ul>\n\n\n\n<h2 class=\"wp-block-heading\">Principali <a href=\"\/it\/poker\/poker-hud-stats\/\">statistiche del Poker HUD<\/a> per principianti<\/h2>\n\n\n\n<p>Un Poker HUD pu\u00f2 mostrare moltissime statistiche, ma se sei un principiante dovresti concentrarti su alcune delle pi\u00f9 importanti:<\/p>\n\n\n\n<ul class=\"wp-block-list\">\n<li><strong>VPIP (Voluntarily Put Money in Pot)<\/strong>. Questa statistica mostra quanto spesso un giocatore mette soldi nel piatto quando non \u00e8 obbligato (escludendo i bui). Un VPIP alto significa che il giocatore \u00e8 loose (gioca molte mani), mentre un VPIP basso indica un giocatore tight (gioca solo mani forti). <img decoding=\"async\" alt=\"poker vpip\" src=\"http:\/\/hand2noteguide.com\/wp-content\/uploads\/2024\/09\/VPIP-min.jpg\"> <\/li>\n<\/ul>\n\n\n\n<ul class=\"wp-block-list\">\n<li><strong>PFR (Pre-Flop Raise)<\/strong>. Mostra quanto spesso un giocatore rilancia prima del flop. Un PFR alto indica un giocatore aggressivo, mentre un PFR basso suggerisce uno stile pi\u00f9 passivo.<\/li>\n\n\n\n<li><strong>AFq (Aggression Frequency)<\/strong>. Questa statistica misura quanto spesso un giocatore sceglie di puntare o rilanciare rispetto a fold, check e call. Un AFq alto indica un giocatore aggressivo, mentre un AFq basso indica passivit\u00e0.<\/li>\n\n\n\n<li><a href=\"\/it\/poker\/3bet-in-poker\/\"><strong>3-Bet<\/strong><\/a>. Mostra quanto spesso un giocatore fa 3-bet (re-raise) prima del flop. Una percentuale di 3-bet alta indica un giocatore che applica spesso pressione con i re-raise.<\/li>\n\n\n\n<li><strong>Fold to C-Bet<\/strong>. Questa statistica indica quanto spesso un giocatore folda contro una continuation bet (una puntata fatta dall\u2019aggressore preflop sul flop). Una percentuale alta significa che spesso rinuncia alla mano quando affronta una c-bet. Puoi quindi sfruttare questa tendenza facendo continuation bet pi\u00f9 spesso.<\/li>\n\n\n\n<li><strong>WTSD (Went to Showdown)<\/strong>. Mostra quanto spesso un giocatore arriva allo showdown dopo aver visto il flop. Un WTSD alto significa che il giocatore tende ad arrivare fino allo showdown e potrebbe essere una \u201ccalling station\u201d, cio\u00e8 un giocatore che folda raramente e che spesso pagher\u00e0 le tue mani forti.<\/li>\n<\/ul>\n\n\n\n<div class=\"green-block\">\n<p style=\"margin-bottom:0\">\ud83d\udc49 Leggi il nostro articolo sulle <a href=\"\/it\/poker\/poker-hud-stats\/\"><strong>statistiche del poker<\/strong><\/a> per vedere una lista pi\u00f9 completa di statistiche con l\u2019analisi dei loro valori.<\/p>\n<\/div>\n\n\n\n<h2 class=\"wp-block-heading\">Come configurare un poker HUD<\/h2>\n\n\n\n<p>Configurare un Poker HUD \u00e8 relativamente semplice. Ecco una guida passo passo:<\/p>\n\n\n\n<h3 class=\"wp-block-heading\">1. Scegli e installa un software HUD<\/h3>\n\n\n\n<p>Esistono diversi software di tracking poker che offrono strumenti HUD. La maggior parte dei giocatori online professionisti utilizza <strong>Hand2Note<\/strong> \u2014 il software HUD per poker pi\u00f9 veloce, comodo, funzionale e facile da usare. \u00c8 <a href=\"https:\/\/hand2note.com\/Help\/hand2note-vs-other-tools\" target=\"_blank\" rel=\"noreferrer noopener\">superiore ai concorrenti sotto tutti gli aspetti<\/a>: funzionalit\u00e0, interfaccia, affidabilit\u00e0 e velocit\u00e0.<\/p>\n\n\n<div class=\"wp-block-h2n-cta-button\" style=\"text-align: left;\"><a href=\"https:\/\/hand2noteguide.com\/it\/go\/hand2note\/\" class=\"btn btn-primary\" target=\"_blank\" rel=\"noopener noreferrer nofollow sponsored\">Scarica Hand2Note<\/a><\/div>\n\n\n<figure class=\"wp-block-image size-large\"><img loading=\"lazy\" decoding=\"async\" width=\"1024\" height=\"638\" src=\"https:\/\/hand2noteguide.com\/wp-content\/uploads\/2024\/09\/hand2note-min-1024x638.png\" alt=\"\" class=\"wp-image-8163\" srcset=\"https:\/\/hand2noteguide.com\/wp-content\/uploads\/2024\/09\/hand2note-min-1024x638.png 1024w, https:\/\/hand2noteguide.com\/wp-content\/uploads\/2024\/09\/hand2note-min-300x187.png 300w, https:\/\/hand2noteguide.com\/wp-content\/uploads\/2024\/09\/hand2note-min-768x478.png 768w, https:\/\/hand2noteguide.com\/wp-content\/uploads\/2024\/09\/hand2note-min-1536x956.png 1536w, https:\/\/hand2noteguide.com\/wp-content\/uploads\/2024\/09\/hand2note-min-772x481.png 772w, https:\/\/hand2noteguide.com\/wp-content\/uploads\/2024\/09\/hand2note-min-624x389.png 624w, https:\/\/hand2noteguide.com\/wp-content\/uploads\/2024\/09\/hand2note-min.png 1590w\" sizes=\"auto, (max-width: 1024px) 100vw, 1024px\" \/><figcaption class=\"wp-element-caption\">Hand2Note \u00e8 uno dei software HUD leader sul mercato<\/figcaption><\/figure>\n\n\n\n<p>Tra le altre opzioni di software HUD vale la pena citare i \u201cveterani\u201d del mercato: <strong>PokerTracker 4<\/strong> e <strong>Holdem Manager 3<\/strong>. Questi brand sono molto popolari nella community del poker. Per molto tempo hanno dominato il mercato prima di essere sostituiti da software pi\u00f9 moderni. Sia PokerTracker 4 che Holdem Manager 3 sono programmi a pagamento, ma offrono una prova gratuita per testare il software.<\/p>\n\n\n\n<p>Per darti una panoramica pi\u00f9 completa del mercato dei software per poker, menzioniamo anche alcune opzioni meno popolari ma comunque valide utilizzate da alcuni giocatori: <strong>Poker Copilot<\/strong> e <strong>DriveHUD<\/strong>. Potrebbero essere adatti ai principianti che stanno appena iniziando a studiare gli strumenti HUD.<\/p>\n\n\n\n<h3 class=\"wp-block-heading\">2. Segui la guida di configurazione dell\u2019HUD<\/h3>\n\n\n\n<p>Una volta installato il software di tracking poker, dovrai seguire la guida predefinita per avviare l\u2019HUD nella tua poker room.<\/p>\n\n\n\n<p>Con Hand2Note non sono necessari passaggi aggiuntivi: basta avviare Hand2Note e aprire il tavolo contemporaneamente \u2014 l\u2019HUD dovrebbe apparire dopo circa un minuto. Per gli altri software poker, consulta le guide utente sui loro siti ufficiali.<\/p>\n\n\n\n<h3 class=\"wp-block-heading\">3. Inizia a giocare!<\/h3>\n\n\n\n<p>Ora gioca. Pi\u00f9 giochi, pi\u00f9 dati verranno raccolti e pi\u00f9 accurate saranno le statistiche che vedrai sui tuoi avversari. Vedrai l\u2019HUD aggiornarsi dopo ogni mano giocata.<\/p>\n\n\n\n<figure class=\"wp-block-image size-full\"><img loading=\"lazy\" decoding=\"async\" width=\"916\" height=\"559\" src=\"http:\/\/hand2noteguide.com\/wp-content\/uploads\/2020\/07\/best-poker-tracker-hud.png\" alt=\"poker hud in action\" class=\"wp-image-2876\" srcset=\"https:\/\/hand2noteguide.com\/wp-content\/uploads\/2020\/07\/best-poker-tracker-hud.png 916w, https:\/\/hand2noteguide.com\/wp-content\/uploads\/2020\/07\/best-poker-tracker-hud-300x183.png 300w, https:\/\/hand2noteguide.com\/wp-content\/uploads\/2020\/07\/best-poker-tracker-hud-768x469.png 768w, https:\/\/hand2noteguide.com\/wp-content\/uploads\/2020\/07\/best-poker-tracker-hud-772x471.png 772w, https:\/\/hand2noteguide.com\/wp-content\/uploads\/2020\/07\/best-poker-tracker-hud-624x381.png 624w\" sizes=\"auto, (max-width: 916px) 100vw, 916px\" \/><figcaption class=\"wp-element-caption\">Poker HUD in azione<\/figcaption><\/figure>\n\n\n\n<p>Non ti consigliamo di prestare troppa attenzione alle statistiche se hai appena iniziato a usare questo strumento. Tienile d\u2019occhio, ma non perdere la testa a guardare tutti i numeri. Inizia usando solo le <a href=\"\/it\/poker\/poker-hud-stats\/\">statistiche VPIP e PFR<\/a> per definire lo stile di gioco generale dei tuoi avversari.<\/p>\n\n\n\n<h3 class=\"wp-block-heading\">4. Passo successivo: personalizza il tuo HUD<\/h3>\n\n\n\n<p>Quando ti abituerai a usare un HUD, naturalmente vorrai ampliarlo, migliorarlo e ottimizzarlo. Hand2Note e altri programmi di poker offrono strumenti per creare il tuo HUD personalizzato e nuove statistiche.<\/p>\n\n\n\n<figure class=\"wp-block-image size-large\"><img loading=\"lazy\" decoding=\"async\" width=\"1024\" height=\"608\" src=\"https:\/\/hand2noteguide.com\/wp-content\/uploads\/2024\/09\/hud-editor-min-1024x608.png\" alt=\"\" class=\"wp-image-8167\" srcset=\"https:\/\/hand2noteguide.com\/wp-content\/uploads\/2024\/09\/hud-editor-min-1024x608.png 1024w, https:\/\/hand2noteguide.com\/wp-content\/uploads\/2024\/09\/hud-editor-min-300x178.png 300w, https:\/\/hand2noteguide.com\/wp-content\/uploads\/2024\/09\/hud-editor-min-768x456.png 768w, https:\/\/hand2noteguide.com\/wp-content\/uploads\/2024\/09\/hud-editor-min-1536x911.png 1536w, https:\/\/hand2noteguide.com\/wp-content\/uploads\/2024\/09\/hud-editor-min-2048x1215.png 2048w, https:\/\/hand2noteguide.com\/wp-content\/uploads\/2024\/09\/hud-editor-min-772x458.png 772w, https:\/\/hand2noteguide.com\/wp-content\/uploads\/2024\/09\/hud-editor-min-624x370.png 624w\" sizes=\"auto, (max-width: 1024px) 100vw, 1024px\" \/><figcaption class=\"wp-element-caption\">Personalizzazione dell\u2019HUD nell\u2019Editor<\/figcaption><\/figure>\n\n\n\n<p>Puoi anche acquistare pacchetti professionali di HUD e statistiche gi\u00e0 pronti nel <a aria-label=\"undefined (opens in a new tab)\" href=\"https:\/\/hudstore.poker\/\" target=\"_blank\" rel=\"noreferrer noopener\"><strong>Poker HUD Store<\/strong><\/a>. \u00c8 un\u2019ottima soluzione per risparmiare tempo e affidarti a soluzioni professionali. Nello Store troverai pacchetti affidabili creati da sviluppatori HUD professionisti e giocatori di successo. Puoi anche <a aria-label=\"undefined (opens in a new tab)\" href=\"https:\/\/www.hudstore.poker\/custom-hud\" target=\"_blank\" rel=\"noreferrer noopener\"><strong>ordinare un HUD personalizzato<\/strong><\/a> da un esperto ufficiale di Hand2Note.<\/p>\n\n\n\n<h2 class=\"wp-block-heading\">Consigli per usare efficacemente un poker HUD<\/h2>\n\n\n\n<ul class=\"wp-block-list\">\n<li>\u2714\ufe0f <strong>Inizia in modo semplice<\/strong>. All\u2019inizio concentrati sulle statistiche pi\u00f9 basilari: VPIP, PFR e <a href=\"\/it\/poker\/3bet-in-poker\/\">3Bet<\/a>. Con l\u2019esperienza potrai aggiungere statistiche pi\u00f9 avanzate al tuo HUD.<\/li>\n\n\n\n<li>\u2714\ufe0f <strong>Considera la dimensione del campione<\/strong>. L\u2019affidabilit\u00e0 delle statistiche HUD dipende dal numero di mani che hai su un avversario. Un campione grande fornisce dati pi\u00f9 accurati, mentre uno piccolo pu\u00f2 essere fuorviante.<\/li>\n\n\n\n<li>\u2714\ufe0f <strong>Usa i colori<\/strong>. La maggior parte degli HUD consente di colorare le statistiche per facilitarne la lettura. Ad esempio, puoi usare il verde per i giocatori con VPIP alto (loose) e il rosso per i giocatori con VPIP basso (tight).<\/li>\n\n\n\n<li>\u2714\ufe0f <strong>Rivedi le tue sessioni<\/strong>. Dopo una sessione, analizza i dati dell\u2019HUD per individuare schemi nel tuo gioco e aree in cui puoi migliorare.<\/li>\n<\/ul>\n\n\n\n<h2 class=\"wp-block-heading\">Errori comuni da evitare<\/h2>\n\n\n\n<ul class=\"wp-block-list\">\n<li>\ud83d\udeab <strong>Sovraccaricare l\u2019HUD<\/strong>. \u00c8 allettante includere ogni possibile statistica nel tuo HUD, ma troppe informazioni possono diventare difficili da gestire. Rimani sulle basi e aggiungi nuove statistiche man mano che acquisisci esperienza.<\/li>\n\n\n\n<li>\ud83d\udeab <strong>Ignorare i profili dei giocatori<\/strong>. Non tutti i giocatori rientrano perfettamente nelle categorie statistiche. Usa l\u2019HUD insieme alle tue osservazioni. Ad esempio, un giocatore pu\u00f2 avere un\u2019alta frequenza di aggressivit\u00e0, ma se noti che \u00e8 aggressivo solo con mani premium, dovresti adattare la tua strategia.<\/li>\n\n\n\n<li>\ud83d\udeab <strong>Affidarsi solo all\u2019HUD<\/strong>. Anche se \u00e8 uno strumento molto potente, l\u2019HUD non dovrebbe sostituire il tuo giudizio. Usalo come supporto alle tue letture e osservazioni.<\/li>\n<\/ul>\n\n\n\n<div class=\"green-block\">\n<p style=\"margin-bottom:0\">\ud83d\udc49 Dai un\u2019occhiata all\u2019articolo <a aria-label=\"undefined (opens in a new tab)\" href=\"https:\/\/www.hudstore.poker\/7-common-mistakes-poker-players-make-when-using-hud\" target=\"_blank\" rel=\"noopener\"><strong>7 errori comuni che i giocatori fanno quando usano l\u2019HUD<\/strong><\/a> per vedere l\u2019elenco completo degli errori con spiegazioni dettagliate.<\/p>\n<\/div>\n\n\n\n<h2 class=\"wp-block-heading\">Conclusione<\/h2>\n\n\n\n<p>Un Poker HUD \u00e8 uno strumento fondamentale per qualsiasi giocatore serio di poker online. Fornisce dati in tempo reale che possono aiutarti a prendere decisioni pi\u00f9 informate, risparmiare energia mentale e adattarti rapidamente ai tuoi avversari. Concentrandoti sulle statistiche chiave e usando l\u2019HUD in modo efficace, puoi ottenere un vantaggio significativo rispetto ai giocatori che non lo utilizzano. Ricorda di iniziare in modo semplice, evitare gli errori pi\u00f9 comuni e combinare sempre i dati dell\u2019HUD con la tua analisi della mano. Con la pratica, scoprirai che un <strong>HUD pu\u00f2 migliorare drasticamente le tue performance nel poker online<\/strong>.<\/p>\n","protected":false},"excerpt":{"rendered":"<p>Se sei nuovo nel poker online, probabilmente hai gi\u00e0 sentito parlare di un \u201cPoker HUD\u201d, ma potresti non sapere esattamente cos\u2019\u00e8 o come usarlo. \ud83d\udc68\ud83c\udffb\u200d\ud83d\udcbb Un Poker HUD (Heads-Up Display) \u00e8 uno strumento che mostra statistiche sui tuoi avversari in tempo reale mentre giochi. L\u2019HUD ti aiuta a prendere decisioni migliori fornendoti dati su come &hellip; <a href=\"https:\/\/hand2noteguide.com\/it\/poker\/poker-hud\/\" class=\"more-link\">Continue reading <span class=\"screen-reader-text\">Poker HUD: la guida definitiva per principianti<\/span><\/a><\/p>\n","protected":false},"author":1,"featured_media":0,"parent":7017,"menu_order":0,"comment_status":"closed","ping_status":"closed","template":"","meta":{"footnotes":""},"class_list":["post-8133","page","type-page","status-publish","hentry"],"translation":{"provider":"WPGlobus","version":"3.0.2","language":"it","enabled_languages":["en","ru","pt","zh","es","fr","de","it","ja"],"languages":{"en":{"title":true,"content":true,"excerpt":false},"ru":{"title":true,"content":true,"excerpt":false},"pt":{"title":true,"content":true,"excerpt":false},"zh":{"title":true,"content":true,"excerpt":false},"es":{"title":true,"content":true,"excerpt":false},"fr":{"title":true,"content":true,"excerpt":false},"de":{"title":true,"content":true,"excerpt":false},"it":{"title":true,"content":true,"excerpt":false},"ja":{"title":true,"content":true,"excerpt":false}}},"yoast_head":"<!-- This site is optimized with the Yoast SEO plugin v27.0 - https:\/\/yoast.com\/product\/yoast-seo-wordpress\/ -->\n<title>Poker HUD: la guida definitiva per principianti<\/title>\n<meta name=\"description\" content=\"Impara a usare un poker HUD per prendere decisioni pi\u00f9 informate sui tuoi avversari e migliorare il tuo gioco. Risparmia tempo e ottieni rapidamente un vantaggio competitivo.\" \/>\n<meta name=\"robots\" content=\"index, follow, max-snippet:-1, max-image-preview:large, max-video-preview:-1\" \/>\n<link rel=\"canonical\" href=\"https:\/\/hand2noteguide.com\/poker\/poker-hud\/\" \/>\n<meta property=\"og:locale\" content=\"it_IT\" \/>\n<meta property=\"og:type\" content=\"article\" \/>\n<meta property=\"og:title\" content=\"Poker HUD: la guida definitiva per principianti\" \/>\n<meta property=\"og:description\" content=\"Impara a usare un poker HUD per prendere decisioni pi\u00f9 informate sui tuoi avversari e migliorare il tuo gioco. Risparmia tempo e ottieni rapidamente un vantaggio competitivo.\" \/>\n<meta property=\"og:url\" content=\"https:\/\/hand2noteguide.com\/poker\/poker-hud\/\" \/>\n<meta property=\"og:site_name\" content=\"Hand2Note Guide\" \/>\n<meta property=\"article:modified_time\" content=\"2026-03-11T11:29:10+00:00\" \/>\n<meta property=\"og:image\" content=\"http:\/\/hand2noteguide.com\/wp-content\/uploads\/2024\/05\/hud-2-min.png\" \/>\n<meta name=\"twitter:card\" content=\"summary_large_image\" \/>\n<meta name=\"twitter:label1\" content=\"Est. reading time\" \/>\n\t<meta name=\"twitter:data1\" content=\"9 minutes\" \/>\n<!-- \/ Yoast SEO plugin. -->","yoast_head_json":{"title":"Poker HUD: la guida definitiva per principianti","description":"Impara a usare un poker HUD per prendere decisioni pi\u00f9 informate sui tuoi avversari e migliorare il tuo gioco. Risparmia tempo e ottieni rapidamente un vantaggio competitivo.","robots":{"index":"index","follow":"follow","max-snippet":"max-snippet:-1","max-image-preview":"max-image-preview:large","max-video-preview":"max-video-preview:-1"},"canonical":"https:\/\/hand2noteguide.com\/poker\/poker-hud\/","og_locale":"it_IT","og_type":"article","og_title":"Poker HUD: la guida definitiva per principianti","og_description":"Impara a usare un poker HUD per prendere decisioni pi\u00f9 informate sui tuoi avversari e migliorare il tuo gioco. Risparmia tempo e ottieni rapidamente un vantaggio competitivo.","og_url":"https:\/\/hand2noteguide.com\/poker\/poker-hud\/","og_site_name":"Hand2Note Guide","article_modified_time":"2026-03-11T11:29:10+00:00","og_image":[{"url":"http:\/\/hand2noteguide.com\/wp-content\/uploads\/2024\/05\/hud-2-min.png","type":"","width":"","height":""}],"twitter_card":"summary_large_image","twitter_misc":{"Est. reading time":"9 minutes"},"schema":{"@context":"https:\/\/schema.org","@graph":[]}},"jetpack_sharing_enabled":true,"_links":{"self":[{"href":"https:\/\/hand2noteguide.com\/it\/wp-json\/wp\/v2\/pages\/8133","targetHints":{"allow":["GET"]}}],"collection":[{"href":"https:\/\/hand2noteguide.com\/it\/wp-json\/wp\/v2\/pages"}],"about":[{"href":"https:\/\/hand2noteguide.com\/it\/wp-json\/wp\/v2\/types\/page"}],"author":[{"embeddable":true,"href":"https:\/\/hand2noteguide.com\/it\/wp-json\/wp\/v2\/users\/1"}],"replies":[{"embeddable":true,"href":"https:\/\/hand2noteguide.com\/it\/wp-json\/wp\/v2\/comments?post=8133"}],"version-history":[{"count":70,"href":"https:\/\/hand2noteguide.com\/it\/wp-json\/wp\/v2\/pages\/8133\/revisions"}],"predecessor-version":[{"id":15789,"href":"https:\/\/hand2noteguide.com\/it\/wp-json\/wp\/v2\/pages\/8133\/revisions\/15789"}],"up":[{"embeddable":true,"href":"https:\/\/hand2noteguide.com\/it\/wp-json\/wp\/v2\/pages\/7017"}],"wp:attachment":[{"href":"https:\/\/hand2noteguide.com\/it\/wp-json\/wp\/v2\/media?parent=8133"}],"curies":[{"name":"wp","href":"https:\/\/api.w.org\/{rel}","templated":true}]}}