{"id":8180,"date":"2024-09-12T13:44:54","date_gmt":"2024-09-12T10:44:54","guid":{"rendered":"https:\/\/hand2noteguide.com\/?page_id=8180"},"modified":"2026-03-11T13:56:09","modified_gmt":"2026-03-11T10:56:09","slug":"poker-hud-stats","status":"publish","type":"page","link":"https:\/\/hand2noteguide.com\/it\/poker\/poker-hud-stats\/","title":{"rendered":"Statistiche Poker HUD &#8211; scopri come utilizzare le statistiche nel gioco del poker"},"content":{"rendered":"\n<p>Il poker \u00e8 un gioco di strategia, osservazione e decisioni rapide. Nel poker online, un Poker HUD (Heads-Up Display) pu\u00f2 essere uno strumento potente. Ti mostra statistiche importanti sui tuoi avversari in tempo reale. Queste statistiche ti aiutano a capire come giocano i tuoi avversari, permettendoti di prendere decisioni migliori.<\/p>\n\n\n\n<p>Se non hai ancora familiarit\u00e0 con l&#8217;HUD, ti consigliamo di leggere prima il nostro articolo <a href=\"\/it\/poker\/poker-hud\/\">Poker HUD: La Guida Definitiva per Principianti<\/a>. Nell&#8217;articolo attuale, non toccheremo le questioni tecniche dell&#8217;HUD. Ci concentreremo su una spiegazione dettagliata delle statistiche pi\u00f9 importanti che i giocatori professionisti di solito hanno nei loro HUD.<\/p>\n\n\n\n<h2 class=\"wp-block-heading\">Cosa Sono le Statistiche del Poker nell&#8217;HUD?<\/h2>\n\n\n\n<p>Le statistiche del Poker HUD sono punti dati che un HUD raccoglie e visualizza mentre giochi. Queste statistiche tracciano le azioni e le tendenze dei tuoi avversari nel tempo. Analizzando queste statistiche, puoi individuare schemi nel modo in cui i tuoi avversari giocano, rendendo pi\u00f9 facile sfruttare le loro debolezze. Puoi utilizzare queste statistiche sia per prendere decisioni durante il gioco che per analizzare il gioco fuori dai tavoli.<\/p>\n\n\n\n<figure class=\"wp-block-image size-full\"><img loading=\"lazy\" decoding=\"async\" width=\"599\" height=\"232\" src=\"http:\/\/hand2noteguide.com\/wp-content\/uploads\/2020\/08\/simple-cash-transcription-1.png\" alt=\"poker hud stats\" class=\"wp-image-3817\" srcset=\"https:\/\/hand2noteguide.com\/wp-content\/uploads\/2020\/08\/simple-cash-transcription-1.png 599w, https:\/\/hand2noteguide.com\/wp-content\/uploads\/2020\/08\/simple-cash-transcription-1-300x116.png 300w\" sizes=\"auto, (max-width: 599px) 100vw, 599px\" \/><\/figure>\n\n\n\n<h2 class=\"wp-block-heading\">Statistiche Chiave del Poker HUD<\/h2>\n\n\n\n<p>Ci sono molte statistiche che un HUD pu\u00f2 mostrare, ma ecco le pi\u00f9 importanti per i principianti:<\/p>\n\n\n\n<h3 class=\"wp-block-heading\">VPIP (Voluntarily Put Money in Pot)<\/h3>\n\n\n\n<p>VPIP \u00e8 la statistica pi\u00f9 fondamentale nel poker. Mostra una <strong>% di mani in cui un giocatore mette denaro nel piatto quando non \u00e8 obbligato<\/strong> (le puntate obbligatorie di piccolo e grande buio non contano).<\/p>\n\n\n\n<figure class=\"wp-block-image size-large\"><img loading=\"lazy\" decoding=\"async\" width=\"1024\" height=\"576\" src=\"http:\/\/hand2noteguide.com\/wp-content\/uploads\/2024\/09\/VPIP-min-1024x576.jpg\" alt=\"poker vpip stat formula\" class=\"wp-image-8153\" srcset=\"https:\/\/hand2noteguide.com\/wp-content\/uploads\/2024\/09\/VPIP-min-1024x576.jpg 1024w, https:\/\/hand2noteguide.com\/wp-content\/uploads\/2024\/09\/VPIP-min-300x169.jpg 300w, https:\/\/hand2noteguide.com\/wp-content\/uploads\/2024\/09\/VPIP-min-768x432.jpg 768w, https:\/\/hand2noteguide.com\/wp-content\/uploads\/2024\/09\/VPIP-min-1536x864.jpg 1536w, https:\/\/hand2noteguide.com\/wp-content\/uploads\/2024\/09\/VPIP-min-772x434.jpg 772w, https:\/\/hand2noteguide.com\/wp-content\/uploads\/2024\/09\/VPIP-min-624x351.jpg 624w, https:\/\/hand2noteguide.com\/wp-content\/uploads\/2024\/09\/VPIP-min.jpg 1600w\" sizes=\"auto, (max-width: 1024px) 100vw, 1024px\" \/><figcaption class=\"wp-element-caption\">Formula VPIP: un rapporto tra [il numero di mani in cui un giocatore ha volontariamente messo denaro nel piatto] e [il numero totale di mani].<\/figcaption><\/figure>\n\n\n\n<p>VPIP \u00e8 la statistica pi\u00f9 importante nel tuo HUD. Anche con un campione ridotto, mentre altre statistiche potrebbero non essere ancora informative, VPIP pu\u00f2 gi\u00e0 fornire informazioni preziose sullo stile di gioco del tuo avversario. Un <strong>VPIP alto significa che un giocatore \u00e8 loose<\/strong>, giocando molte mani, mentre <strong>un VPIP basso indica un giocatore tight<\/strong> che gioca solo mani forti. Usa questa statistica per determinare se un avversario \u00e8 loose o tight e adatta la tua strategia di conseguenza.<\/p>\n\n\n\n<h4 class=\"wp-block-heading\">Qual \u00e8 un Buon Intervallo di VPIP?<\/h4>\n\n\n\n<p>Nota che i valori forniti per VPIP e altre statistiche sono approssimativi, in modo che tu abbia un riferimento in mente. In realt\u00e0, gli intervalli possono variare notevolmente a seconda del tipo di gioco, degli stili dei giocatori, delle dimensioni dello stack, dei limiti di gioco e di altri fattori.<\/p>\n\n\n\n<ul class=\"wp-block-list\">\n<li>\ud83d\udc4d <strong>Il valore tipico della statistica VPIP per un buon giocatore online<\/strong> di solito si trova nell&#8217;intervallo <strong>da 20 a 30<\/strong>. Tutti i valori menzionati qui e in seguito sono rilevanti per un classico gioco Cash No-Limit Holdem 6-max.<\/li>\n\n\n\n<li>\ud83d\uddff <strong>Se il VPIP \u00e8 inferiore a 15<\/strong>, questo giocatore \u00e8 <strong>troppo tight<\/strong>, gioca solo mani premium ed \u00e8 di solito facile da leggere. Sono anche spesso chiamati &#8220;nits&#8221;.<\/li>\n\n\n\n<li>\ud83d\udc35 <strong>Se il VPIP \u00e8 superiore a 35<\/strong>, \u00e8 uno stile <strong>molto loose<\/strong>. Molto spesso, i giocatori ricreativi hanno un VPIP gonfiato perch\u00e9 entrano spesso nel gioco con mani &#8220;giocabili&#8221; che in realt\u00e0 hanno un EV negativo.<\/li>\n<\/ul>\n\n\n\n<div class=\"green-block\">\n<p style=\"margin-bottom:0\">Per comprendere meglio il significato delle statistiche, ti consigliamo di studiare <a target=\"_blank\" href=\"https:\/\/blog.freebetrange.com\/it\/article\/poker-preflop-ranges-a-comprehensive-guide\" rel=\"noopener\"><b>il concetto di range nel poker<\/b><\/a>. Con l&#8217;aiuto dei range, possiamo fare ipotesi su quali mani un avversario potrebbe avere con un determinato valore statistico.<\/p>\n<\/div>\n\n\n\n<h3 class=\"wp-block-heading\">PFR (Pre-Flop Raise)<\/h3>\n\n\n\n<p>PFR sta per Pre-Flop Raise e mostra quanto spesso un giocatore rilancia prima del flop. Un PFR alto significa che un giocatore \u00e8 aggressivo, cercando spesso di prendere il controllo della mano in anticipo. Un PFR basso suggerisce un giocatore pi\u00f9 passivo che preferisce chiamare o passare piuttosto che rilanciare.<\/p>\n\n\n\n<figure class=\"wp-block-image size-large\"><img loading=\"lazy\" decoding=\"async\" width=\"1024\" height=\"576\" src=\"https:\/\/hand2noteguide.com\/wp-content\/uploads\/2024\/09\/pfr-min-1024x576.png\" alt=\"poker pfr stat formula\" class=\"wp-image-8500\" srcset=\"https:\/\/hand2noteguide.com\/wp-content\/uploads\/2024\/09\/pfr-min-1024x576.png 1024w, https:\/\/hand2noteguide.com\/wp-content\/uploads\/2024\/09\/pfr-min-300x169.png 300w, https:\/\/hand2noteguide.com\/wp-content\/uploads\/2024\/09\/pfr-min-768x432.png 768w, https:\/\/hand2noteguide.com\/wp-content\/uploads\/2024\/09\/pfr-min-1536x864.png 1536w, https:\/\/hand2noteguide.com\/wp-content\/uploads\/2024\/09\/pfr-min-772x434.png 772w, https:\/\/hand2noteguide.com\/wp-content\/uploads\/2024\/09\/pfr-min-624x351.png 624w, https:\/\/hand2noteguide.com\/wp-content\/uploads\/2024\/09\/pfr-min.png 1600w\" sizes=\"auto, (max-width: 1024px) 100vw, 1024px\" \/><figcaption class=\"wp-element-caption\">Formula PFR: un rapporto tra [il numero di mani in cui un giocatore ha fatto un rilancio pre-flop] e [il numero totale di mani].<\/figcaption><\/figure>\n\n\n\n<ul class=\"wp-block-list\">\n<li>\ud83d\udc4d <strong>Il valore PFR bilanciato<\/strong> \u00e8 qualcosa <strong>tra 15 e 25<\/strong>. I giocatori in questo intervallo sono aggressivi ma non sconsiderati. Rilanciano con mani forti e mescolano alcuni <a href=\"\/it\/poker\/poker-bluff\/\">bluff<\/a>.<\/li>\n\n\n\n<li>\ud83d\uddff I giocatori con un <strong>PFR inferiore a 10<\/strong> rilanciano <strong>molto raramente<\/strong>. Sono troppo cauti e potrebbero perdere opportunit\u00e0.<\/li>\n\n\n\n<li>\ud83d\udc35 I giocatori con un <strong>PFR superiore a 28<\/strong> rilanciano <strong>troppo spesso<\/strong>. Sono troppo aggressivi e possono essere sfruttati con l&#8217;approccio giusto.<\/li>\n<\/ul>\n\n\n\n<h3 class=\"wp-block-heading\">Usare VPIP e PFR Insieme<\/h3>\n\n\n\n<p>Confrontare il VPIP di un giocatore con il suo PFR pu\u00f2 darti intuizioni sul suo stile. Ad esempio, un giocatore con un VPIP alto ma un PFR basso potrebbe essere loose-passive, il che significa che gioca molte mani ma raramente rilancia.<\/p>\n\n\n\n<p>Nei classici giochi di poker cash online, i giocatori professionisti di solito hanno una differenza tra VPIP e PFR non superiore a 10. Un tipico giocatore regolare 6-max avrebbe statistiche <strong>VPIP\/PFR<\/strong> come <strong>26\/21<\/strong>.<\/p>\n\n\n\n<p>Nelle discussioni di poker su mani e strategie, i giocatori spesso menzionano questi 2 numeri insieme come informazioni chiave sui loro avversari. Ad esempio, potresti sentire \u201c<em>Ero sul bottone, ho fatto un open raise con <span class=\"hc club\">A\u2663<\/span> <span class=\"hc club\">5\u2663<\/span>, e ho ricevuto un 3bet da un giocatore regolare aggressivo 30\/25 dal piccolo buio<\/em>\u201d. Significa che il giocatore sul piccolo buio ha un VPIP di 30 e un PFR di 25.<\/p>\n\n\n\n<div class=\"green-block\">\n<h4 style=\"color:#656565;font-size:20px\">Quale software mi permette di usare tutte queste statistiche?<\/h4>\n<p style=\"margin-bottom:0\">Il miglior software statistico per il poker sul mercato \u00e8 <a target=\"_blank\" href=\"https:\/\/hand2note.com\/\" rel=\"noopener\"><b>Hand2Note<\/b><\/a>. Ti fornisce un HUD comodo e funzionale, con la possibilit\u00e0 di aggiungere qualsiasi statistica. Un&#8217;altra caratteristica distintiva di Hand2Note \u00e8 che ti fornisce un&#8217;interfaccia per creare le tue statistiche. In questo modo puoi creare statistiche uniche per situazioni di gioco.<\/p>\n<\/div>\n\n\n\n<h3 class=\"wp-block-heading\"><a href=\"\/it\/poker\/3bet-in-poker\/\">Percentuale di 3-Bet<\/a><\/h3>\n\n\n\n<p>La percentuale di 3-Bet mostra quanto spesso un giocatore rilancia nuovamente prima del flop. Una percentuale di 3-Bet alta significa che un giocatore \u00e8 molto aggressivo, spesso rilanciando nuovamente con un ampio range di mani. Una percentuale di 3-Bet bassa indica che un giocatore rilancia nuovamente solo con mani premium. Se conosci la percentuale di 3-Bet di un avversario, puoi adattare la tua strategia quando affronti un rilancio.<\/p>\n\n\n\n<figure class=\"wp-block-image size-large\"><img loading=\"lazy\" decoding=\"async\" width=\"1024\" height=\"576\" src=\"http:\/\/hand2noteguide.com\/wp-content\/uploads\/2024\/09\/3Bet-min-1024x576.jpg\" alt=\"3bet\" class=\"wp-image-8154\" srcset=\"https:\/\/hand2noteguide.com\/wp-content\/uploads\/2024\/09\/3Bet-min-1024x576.jpg 1024w, https:\/\/hand2noteguide.com\/wp-content\/uploads\/2024\/09\/3Bet-min-300x169.jpg 300w, https:\/\/hand2noteguide.com\/wp-content\/uploads\/2024\/09\/3Bet-min-768x432.jpg 768w, https:\/\/hand2noteguide.com\/wp-content\/uploads\/2024\/09\/3Bet-min-1536x864.jpg 1536w, https:\/\/hand2noteguide.com\/wp-content\/uploads\/2024\/09\/3Bet-min-772x434.jpg 772w, https:\/\/hand2noteguide.com\/wp-content\/uploads\/2024\/09\/3Bet-min-624x351.jpg 624w, https:\/\/hand2noteguide.com\/wp-content\/uploads\/2024\/09\/3Bet-min.jpg 1600w\" sizes=\"auto, (max-width: 1024px) 100vw, 1024px\" \/><\/figure>\n\n\n\n<p>Scopri di pi\u00f9 sui 3bet e sui valori tipici dal nostro articolo <a href=\"\/it\/poker\/3bet-in-poker\/\">Poker 3Bet<\/a>.<\/p>\n\n\n\n<h3 class=\"wp-block-heading\">AF &amp; Afq (Aggression Factor &amp; Aggression Frequency)<\/h3>\n\n\n\n<p>AF e Afq sono due statistiche con lo stesso principio: mostrano il grado di aggressivit\u00e0 di un giocatore. Sono calcolate utilizzando formule leggermente diverse. AF \u00e8 il rapporto tra il numero totale di puntate e rilanci e il numero totale di chiamate del giocatore. Mentre Afq \u00e8 il rapporto tra puntate e rilanci e tutte le possibili azioni passive (fold, call, check).<\/p>\n\n\n\n<figure class=\"wp-block-image size-large\"><img loading=\"lazy\" decoding=\"async\" width=\"1024\" height=\"576\" src=\"https:\/\/hand2noteguide.com\/wp-content\/uploads\/2024\/09\/agg-min-1024x576.png\" alt=\"\" class=\"wp-image-8501\" srcset=\"https:\/\/hand2noteguide.com\/wp-content\/uploads\/2024\/09\/agg-min-1024x576.png 1024w, https:\/\/hand2noteguide.com\/wp-content\/uploads\/2024\/09\/agg-min-300x169.png 300w, https:\/\/hand2noteguide.com\/wp-content\/uploads\/2024\/09\/agg-min-768x432.png 768w, https:\/\/hand2noteguide.com\/wp-content\/uploads\/2024\/09\/agg-min-1536x864.png 1536w, https:\/\/hand2noteguide.com\/wp-content\/uploads\/2024\/09\/agg-min-772x434.png 772w, https:\/\/hand2noteguide.com\/wp-content\/uploads\/2024\/09\/agg-min-624x351.png 624w, https:\/\/hand2noteguide.com\/wp-content\/uploads\/2024\/09\/agg-min.png 1600w\" sizes=\"auto, (max-width: 1024px) 100vw, 1024px\" \/><figcaption class=\"wp-element-caption\">Formule delle statistiche di aggressione nel poker<\/figcaption><\/figure>\n\n\n\n<p>Quale statistica \u00e8 meglio usare? Troverai opinioni diverse nella comunit\u00e0 del poker, ma AFq \u00e8 considerata una statistica pi\u00f9 pratica e moderna. Il suo valore \u00e8 pi\u00f9 trasparente &#8211; % di azioni aggressive su tutte le azioni. \u00c8 anche pi\u00f9 informativa su piccoli campioni &#8211; il che \u00e8 un vantaggio molto importante nei giochi moderni.<\/p>\n\n\n\n<h3 class=\"wp-block-heading\">WTSD (Went to Showdown)<\/h3>\n\n\n\n<p>WTSD misura quanto spesso un giocatore arriva allo showdown dopo aver visto il flop. Un WTSD alto suggerisce che il giocatore ama vedere lo showdown e potrebbe essere una &#8220;calling station&#8221;, qualcuno che chiama spesso e non passa facilmente. Un WTSD basso significa che il giocatore \u00e8 pi\u00f9 propenso a passare prima dello showdown, rendendo pi\u00f9 facile bluffarlo fuori dal piatto.<\/p>\n\n\n\n<figure class=\"wp-block-image size-large\"><img loading=\"lazy\" decoding=\"async\" width=\"1024\" height=\"576\" src=\"https:\/\/hand2noteguide.com\/wp-content\/uploads\/2024\/09\/WTSD-min-1024x576.jpg\" alt=\"\" class=\"wp-image-8396\" srcset=\"https:\/\/hand2noteguide.com\/wp-content\/uploads\/2024\/09\/WTSD-min-1024x576.jpg 1024w, https:\/\/hand2noteguide.com\/wp-content\/uploads\/2024\/09\/WTSD-min-300x169.jpg 300w, https:\/\/hand2noteguide.com\/wp-content\/uploads\/2024\/09\/WTSD-min-768x432.jpg 768w, https:\/\/hand2noteguide.com\/wp-content\/uploads\/2024\/09\/WTSD-min-1536x864.jpg 1536w, https:\/\/hand2noteguide.com\/wp-content\/uploads\/2024\/09\/WTSD-min-772x434.jpg 772w, https:\/\/hand2noteguide.com\/wp-content\/uploads\/2024\/09\/WTSD-min-624x351.jpg 624w, https:\/\/hand2noteguide.com\/wp-content\/uploads\/2024\/09\/WTSD-min.jpg 1600w\" sizes=\"auto, (max-width: 1024px) 100vw, 1024px\" \/><figcaption class=\"wp-element-caption\">Formula della statistica Went To Showdown<\/figcaption><\/figure>\n\n\n\n<p>Ci sono molte altre statistiche del poker che imparerai gradualmente man mano che progredisci nel tuo percorso con <a href=\"https:\/\/hand2note.com\/\" target=\"_blank\" aria-label=\"undefined (opens in a new tab)\" rel=\"noreferrer noopener\">Hand2Note<\/a>. Ti consigliamo di incorporare gradualmente le statistiche nel tuo gioco e nella tua analisi, passando da quelle pi\u00f9 popolari a quelle meno popolari.<\/p>\n\n\n\n<h2 class=\"wp-block-heading\">Come Usare le Statistiche del Poker HUD<\/h2>\n\n\n\n<p>Usare efficacemente le statistiche del Poker HUD richiede pratica ed esperienza. Ecco alcuni consigli per iniziare:<\/p>\n\n\n\n<ol class=\"wp-block-list\">\n<li><strong>Concentrati sui Fondamentali<\/strong>. Come principiante, inizia concentrandoti sulle statistiche chiave come VPIP, PFR e Afq. Queste ti daranno una buona idea dello stile di gioco generale dei tuoi avversari.<\/li>\n\n\n\n<li><strong>Adatta alla Dimensione del Campione<\/strong>. L&#8217;accuratezza delle statistiche dipende da quante mani hai su un giocatore. Un grande campione ti d\u00e0 dati pi\u00f9 affidabili, mentre un piccolo campione pu\u00f2 essere fuorviante. Fai molta attenzione con le statistiche con campioni bassi &#8211; la varianza pu\u00f2 avere un grande impatto su di esse, e non trasmettono alcuna informazione preziosa. Mira a circa 10 campioni per una statistica &#8211; non prendere una statistica seriamente se ha meno di quel campione.<\/li>\n\n\n\n<li><strong>Usa le Statistiche in Combinazione<\/strong>. Non fare affidamento su una singola statistica. Combina pi\u00f9 statistiche per ottenere un quadro completo dello stile del tuo avversario. Ad esempio, confronta VPIP e PFR per vedere se un giocatore \u00e8 loose-aggressive o tight-aggressive.<\/li>\n\n\n\n<li><strong>Adatta la Tua Strategia<\/strong>. Usa le statistiche per adattare la tua strategia in tempo reale. Se vedi che un avversario ha un alto Fold to C-Bet, considera di <a href=\"\/it\/poker\/poker-bluff\/\">bluffare<\/a> pi\u00f9 spesso. Se hanno un alto WTSD, sii pi\u00f9 cauto con i bluff.<\/li>\n\n\n\n<li><strong>Ricorda il <\/strong><a href=\"\/it\/poker\/poker-positions\/\"><strong>Fattore Posizione<\/strong><\/a>. I valori delle statistiche che ti abbiamo fornito sopra sono tipici, ma lo stesso giocatore pu\u00f2 avere valori drasticamente diversi per la stessa statistica in diverse posizioni. Ad esempio, i buoni giocatori hanno un rilancio pre-flop di circa il 14% dalla posizione Early e circa il 40% dal Button. Questo perch\u00e9 sul Button hai una posizione molto migliore per entrare nel gioco e puoi giocare molte pi\u00f9 mani in modo redditizio.<\/li>\n\n\n\n<li><strong>Non Perdere la Testa con i Numeri<\/strong>. Giochi ancora a poker &#8211; un gioco umano. Non passare tutto il tuo tempo a guardare i numeri. Ci sono molte altre informazioni utili disponibili per te nella mano &#8211; la storia delle azioni, la texture del board, le dimensioni delle puntate, i timing tells, l&#8217;equity della tua mano, e cos\u00ec via.<\/li>\n<\/ol>\n\n\n\n<h2 class=\"wp-block-heading\">Conclusione<\/h2>\n\n\n\n<p>Le statistiche del Poker HUD sono strumenti potenti che possono darti un vantaggio significativo nel poker online. Comprendendo e utilizzando efficacemente queste statistiche, puoi prendere decisioni migliori e migliorare le tue possibilit\u00e0 di vincere. Inizia con le basi, impara a leggere le statistiche e pratica il loro utilizzo nei tuoi giochi. Con il tempo e l&#8217;esperienza, diventerai un giocatore di poker pi\u00f9 abile e di successo.<\/p>\n","protected":false},"excerpt":{"rendered":"<p>Il poker \u00e8 un gioco di strategia, osservazione e decisioni rapide. Nel poker online, un Poker HUD (Heads-Up Display) pu\u00f2 essere uno strumento potente. Ti mostra statistiche importanti sui tuoi avversari in tempo reale. Queste statistiche ti aiutano a capire come giocano i tuoi avversari, permettendoti di prendere decisioni migliori. Se non hai ancora familiarit\u00e0 &hellip; <a href=\"https:\/\/hand2noteguide.com\/it\/poker\/poker-hud-stats\/\" class=\"more-link\">Continue reading <span class=\"screen-reader-text\">Statistiche Poker HUD &#8211; scopri come utilizzare le statistiche nel gioco del poker<\/span><\/a><\/p>\n","protected":false},"author":1,"featured_media":0,"parent":7017,"menu_order":0,"comment_status":"closed","ping_status":"closed","template":"","meta":{"footnotes":""},"class_list":["post-8180","page","type-page","status-publish","hentry"],"translation":{"provider":"WPGlobus","version":"3.0.2","language":"it","enabled_languages":["en","ru","pt","zh","es","fr","de","it","ja"],"languages":{"en":{"title":true,"content":true,"excerpt":false},"ru":{"title":true,"content":true,"excerpt":false},"pt":{"title":true,"content":true,"excerpt":false},"zh":{"title":true,"content":true,"excerpt":false},"es":{"title":true,"content":true,"excerpt":false},"fr":{"title":true,"content":true,"excerpt":false},"de":{"title":true,"content":true,"excerpt":false},"it":{"title":true,"content":true,"excerpt":false},"ja":{"title":true,"content":true,"excerpt":false}}},"yoast_head":"<!-- This site is optimized with the Yoast SEO plugin v27.0 - https:\/\/yoast.com\/product\/yoast-seo-wordpress\/ -->\n<title>Statistiche Poker HUD - scopri come utilizzare le statistiche nel gioco del poker<\/title>\n<meta name=\"description\" content=\"Scopri come utilizzare le statistiche del poker HUD e quali sono i loro valori comuni. Le statistiche chiave includono VPIP, PFR, 3BET e WTSD. Le statistiche possono aiutarti a sfruttare i tuoi avversari.\" \/>\n<meta name=\"robots\" content=\"index, follow, max-snippet:-1, max-image-preview:large, max-video-preview:-1\" \/>\n<link rel=\"canonical\" href=\"https:\/\/hand2noteguide.com\/poker\/poker-hud-stats\/\" \/>\n<meta property=\"og:locale\" content=\"it_IT\" \/>\n<meta property=\"og:type\" content=\"article\" \/>\n<meta property=\"og:title\" content=\"Statistiche Poker HUD - scopri come utilizzare le statistiche nel gioco del poker\" \/>\n<meta property=\"og:description\" content=\"Scopri come utilizzare le statistiche del poker HUD e quali sono i loro valori comuni. Le statistiche chiave includono VPIP, PFR, 3BET e WTSD. Le statistiche possono aiutarti a sfruttare i tuoi avversari.\" \/>\n<meta property=\"og:url\" content=\"https:\/\/hand2noteguide.com\/poker\/poker-hud-stats\/\" \/>\n<meta property=\"og:site_name\" content=\"Hand2Note Guide\" \/>\n<meta property=\"article:modified_time\" content=\"2026-03-11T10:56:09+00:00\" \/>\n<meta property=\"og:image\" content=\"http:\/\/hand2noteguide.com\/wp-content\/uploads\/2020\/08\/simple-cash-transcription-1.png\" \/>\n<meta name=\"twitter:card\" content=\"summary_large_image\" \/>\n<meta name=\"twitter:label1\" content=\"Est. reading time\" \/>\n\t<meta name=\"twitter:data1\" content=\"10 minutes\" \/>\n<!-- \/ Yoast SEO plugin. -->","yoast_head_json":{"title":"Statistiche Poker HUD - scopri come utilizzare le statistiche nel gioco del poker","description":"Scopri come utilizzare le statistiche del poker HUD e quali sono i loro valori comuni. Le statistiche chiave includono VPIP, PFR, 3BET e WTSD. Le statistiche possono aiutarti a sfruttare i tuoi avversari.","robots":{"index":"index","follow":"follow","max-snippet":"max-snippet:-1","max-image-preview":"max-image-preview:large","max-video-preview":"max-video-preview:-1"},"canonical":"https:\/\/hand2noteguide.com\/poker\/poker-hud-stats\/","og_locale":"it_IT","og_type":"article","og_title":"Statistiche Poker HUD - scopri come utilizzare le statistiche nel gioco del poker","og_description":"Scopri come utilizzare le statistiche del poker HUD e quali sono i loro valori comuni. Le statistiche chiave includono VPIP, PFR, 3BET e WTSD. Le statistiche possono aiutarti a sfruttare i tuoi avversari.","og_url":"https:\/\/hand2noteguide.com\/poker\/poker-hud-stats\/","og_site_name":"Hand2Note Guide","article_modified_time":"2026-03-11T10:56:09+00:00","og_image":[{"url":"http:\/\/hand2noteguide.com\/wp-content\/uploads\/2020\/08\/simple-cash-transcription-1.png","type":"","width":"","height":""}],"twitter_card":"summary_large_image","twitter_misc":{"Est. reading time":"10 minutes"},"schema":{"@context":"https:\/\/schema.org","@graph":[]}},"jetpack_sharing_enabled":true,"_links":{"self":[{"href":"https:\/\/hand2noteguide.com\/it\/wp-json\/wp\/v2\/pages\/8180","targetHints":{"allow":["GET"]}}],"collection":[{"href":"https:\/\/hand2noteguide.com\/it\/wp-json\/wp\/v2\/pages"}],"about":[{"href":"https:\/\/hand2noteguide.com\/it\/wp-json\/wp\/v2\/types\/page"}],"author":[{"embeddable":true,"href":"https:\/\/hand2noteguide.com\/it\/wp-json\/wp\/v2\/users\/1"}],"replies":[{"embeddable":true,"href":"https:\/\/hand2noteguide.com\/it\/wp-json\/wp\/v2\/comments?post=8180"}],"version-history":[{"count":79,"href":"https:\/\/hand2noteguide.com\/it\/wp-json\/wp\/v2\/pages\/8180\/revisions"}],"predecessor-version":[{"id":15766,"href":"https:\/\/hand2noteguide.com\/it\/wp-json\/wp\/v2\/pages\/8180\/revisions\/15766"}],"up":[{"embeddable":true,"href":"https:\/\/hand2noteguide.com\/it\/wp-json\/wp\/v2\/pages\/7017"}],"wp:attachment":[{"href":"https:\/\/hand2noteguide.com\/it\/wp-json\/wp\/v2\/media?parent=8180"}],"curies":[{"name":"wp","href":"https:\/\/api.w.org\/{rel}","templated":true}]}}