{"id":8237,"date":"2024-09-12T15:27:30","date_gmt":"2024-09-12T12:27:30","guid":{"rendered":"https:\/\/hand2noteguide.com\/?page_id=8237"},"modified":"2026-03-11T13:47:45","modified_gmt":"2026-03-11T10:47:45","slug":"poker-tilt","status":"publish","type":"page","link":"https:\/\/hand2noteguide.com\/it\/poker\/poker-tilt\/","title":{"rendered":"Il tilt nel poker: capire e gestire le proprie emozioni"},"content":{"rendered":"\n<p>Il poker non \u00e8 solo un gioco di abilit\u00e0 e strategia. \u00c8 anche un gioco di emozioni. Anche i migliori giocatori possono avere difficolt\u00e0 a controllare i propri sentimenti al tavolo. Una delle sfide pi\u00f9 grandi che i giocatori di poker devono affrontare \u00e8 il &#8220;tilt&#8221;. \u2620\ufe0f Il tilt pu\u00f2 rovinare il tuo gioco, prosciugare il tuo bankroll e lasciarti con un forte senso di frustrazione. Capire cos\u2019\u00e8 il tilt e imparare a gestirlo \u00e8 fondamentale per qualsiasi giocatore di poker serio.<\/p>\n\n\n\n<figure class=\"wp-block-image size-full\"><img loading=\"lazy\" decoding=\"async\" width=\"540\" height=\"346\" src=\"http:\/\/hand2noteguide.com\/wp-content\/uploads\/2024\/09\/anger.jpg\" alt=\"\" class=\"wp-image-8250\" srcset=\"https:\/\/hand2noteguide.com\/wp-content\/uploads\/2024\/09\/anger.jpg 540w, https:\/\/hand2noteguide.com\/wp-content\/uploads\/2024\/09\/anger-300x192.jpg 300w\" sizes=\"auto, (max-width: 540px) 100vw, 540px\" \/><\/figure>\n\n\n\n<p>In questo articolo esploreremo cos\u2019\u00e8 il tilt nel poker, perch\u00e9 si verifica, come influisce sul tuo gioco e, soprattutto, come gestirlo e prevenirlo.<\/p>\n\n\n\n<h2 class=\"wp-block-heading\">Cos\u2019\u00e8 il tilt nel poker?<\/h2>\n\n\n\n<p>Nel poker, il tilt \u00e8 uno stato emotivo di <strong>frustrazione<\/strong> o <strong>rabbia<\/strong> che porta a prendere decisioni sbagliate. Quando un giocatore \u00e8 in tilt, spesso fa puntate irrazionali, cerca di recuperare le perdite o gioca mani che normalmente non giocherebbe. Il tilt non significa solo perdere la calma. Pu\u00f2 essere anche pi\u00f9 sottile, ad esempio <strong>sentirsi eccessivamente sicuri<\/strong> dopo una grande vincita o diventare ansiosi dopo una serie di sconfitte.<\/p>\n\n\n\n<div class=\"green-block\">\n<p style=\"margin-bottom:0\">\ud83d\udcad Qualsiasi emozione forte che influisce sulla tua capacit\u00e0 di pensare con lucidit\u00e0 e prendere buone decisioni pu\u00f2 essere considerata tilt.<\/p>\n<\/div>\n\n\n\n<figure class=\"wp-block-embed is-type-video is-provider-youtube wp-block-embed-youtube wp-embed-aspect-16-9 wp-has-aspect-ratio\"><div class=\"wp-block-embed__wrapper\">\n<div class=\"jetpack-video-wrapper\"><iframe loading=\"lazy\" title=\"Phil Hellmuth Is On MEGA TILT After These Monster Pots\" width=\"700\" height=\"394\" src=\"https:\/\/www.youtube.com\/embed\/u_KNDOtj0DU?feature=oembed\" frameborder=\"0\" allow=\"accelerometer; autoplay; clipboard-write; encrypted-media; gyroscope; picture-in-picture; web-share\" referrerpolicy=\"strict-origin-when-cross-origin\" allowfullscreen><\/iframe><\/div>\n<\/div><\/figure>\n\n\n\n<p>Il tilt pu\u00f2 capitare a chiunque, indipendentemente dal livello di esperienza. Siamo tutti esseri umani e soggetti alle emozioni. Anche i giocatori professionisti possono andare in tilt, ma succede meno spesso e la qualit\u00e0 delle loro decisioni cala molto meno. Inoltre, i buoni giocatori conoscono diverse tecniche per gestire il tilt, che permettono loro di mantenere disciplina e concentrazione a un buon livello e di superare questo stato pi\u00f9 facilmente e pi\u00f9 velocemente.<\/p>\n\n\n\n<h2 class=\"wp-block-heading\">Perch\u00e9 i giocatori vanno in tilt?<\/h2>\n\n\n\n<p>Ci sono diversi fattori che possono far andare in tilt un giocatore di poker, sia online che dal vivo. Ecco alcuni dei trigger pi\u00f9 comuni:<\/p>\n\n\n\n<h3 class=\"wp-block-heading\">1. <strong>Bad beat<\/strong><\/h3>\n\n\n\n<p>Un bad beat si verifica quando perdi una mano nonostante tu abbia le carte pi\u00f9 forti. Pu\u00f2 essere estremamente frustrante, soprattutto se perdi contro un progetto fortunato al <a href=\"\/it\/poker\/poker-streets\/\">River<\/a>. I bad beat sono una causa comune di tilt perch\u00e9 ti fanno sentire sfortunato e impotente.<\/p>\n\n\n\n<h3 class=\"wp-block-heading\">2. <strong>Serie di sconfitte<\/strong><\/h3>\n\n\n\n<p>Quando perdi diverse mani di fila, \u00e8 facile sentirsi frustrati e iniziare a dubitare delle proprie capacit\u00e0. Questo pu\u00f2 portare alla disperazione, iniziando a prendere decisioni azzardate nel tentativo di recuperare le perdite. A sua volta, questo pu\u00f2 portare a perdite ancora pi\u00f9 grandi, maggiore frustrazione e a uno stato di tilt ancora pi\u00f9 profondo.<\/p>\n\n\n\n<figure class=\"wp-block-image size-large is-resized\"><img loading=\"lazy\" decoding=\"async\" src=\"http:\/\/hand2noteguide.com\/wp-content\/uploads\/2024\/09\/variance-min-1024x499.png\" alt=\"\" class=\"wp-image-8051\" width=\"840\" height=\"409\" srcset=\"https:\/\/hand2noteguide.com\/wp-content\/uploads\/2024\/09\/variance-min-1024x499.png 1024w, https:\/\/hand2noteguide.com\/wp-content\/uploads\/2024\/09\/variance-min-300x146.png 300w, https:\/\/hand2noteguide.com\/wp-content\/uploads\/2024\/09\/variance-min-768x374.png 768w, https:\/\/hand2noteguide.com\/wp-content\/uploads\/2024\/09\/variance-min-1536x748.png 1536w, https:\/\/hand2noteguide.com\/wp-content\/uploads\/2024\/09\/variance-min-772x376.png 772w, https:\/\/hand2noteguide.com\/wp-content\/uploads\/2024\/09\/variance-min-624x304.png 624w, https:\/\/hand2noteguide.com\/wp-content\/uploads\/2024\/09\/variance-min.png 1880w\" sizes=\"auto, (max-width: 840px) 100vw, 840px\" \/><figcaption class=\"wp-element-caption\">La varianza nel poker \u00e8 brutale. Puoi giocare con una strategia vincente ma comunque attraversare un downswing molto lungo.<\/figcaption><\/figure>\n\n\n\n<h3 class=\"wp-block-heading\">3. <strong>Il comportamento degli avversari<\/strong><\/h3>\n\n\n\n<p>A volte il comportamento degli altri giocatori pu\u00f2 farti andare in tilt. Se un avversario fa trash talk, slowrolla o si comporta in modo irrispettoso, pu\u00f2 farti arrabbiare e distrarti dal tuo gioco. Questo \u00e8 pi\u00f9 comune nel poker dal vivo, ma anche nei giochi online gli avversari possono comportarsi in modo provocatorio, ad esempio scrivendo commenti aggressivi nella chat.<\/p>\n\n\n\n<figure class=\"wp-block-embed is-type-video is-provider-youtube wp-block-embed-youtube wp-embed-aspect-16-9 wp-has-aspect-ratio\"><div class=\"wp-block-embed__wrapper\">\n<div class=\"jetpack-video-wrapper\"><iframe loading=\"lazy\" title=\"TONY G Vs PHIL HELLMUTH: Part II of the EPIC Battle \u2660\ufe0f Poker Rivals \u2660\ufe0f PokerStars\" width=\"700\" height=\"394\" src=\"https:\/\/www.youtube.com\/embed\/oDqJZ-xEqWk?feature=oembed\" frameborder=\"0\" allow=\"accelerometer; autoplay; clipboard-write; encrypted-media; gyroscope; picture-in-picture; web-share\" referrerpolicy=\"strict-origin-when-cross-origin\" allowfullscreen><\/iframe><\/div>\n<\/div><\/figure>\n\n\n\n<h3 class=\"wp-block-heading\">4. <strong>Problemi personali<\/strong><\/h3>\n\n\n\n<p>Fattori esterni come stress lavorativo, problemi nelle relazioni o difficolt\u00e0 di salute possono influenzare il tuo stato mentale al tavolo da poker. Se ti senti gi\u00e0 emotivamente provato prima di iniziare a giocare, \u00e8 molto pi\u00f9 probabile che tu vada in tilt.<\/p>\n\n\n\n<h3 class=\"wp-block-heading\">5. <strong>Stanchezza<\/strong><\/h3>\n\n\n\n<p>Giocare a poker per molte ore senza pause pu\u00f2 portare a un forte affaticamento mentale. Quando sei stanco, diventa pi\u00f9 difficile controllare le emozioni e pensare con lucidit\u00e0, rendendoti pi\u00f9 vulnerabile al tilt.<\/p>\n\n\n\n<h2 class=\"wp-block-heading\">Come influisce il tilt sul tuo gioco?<\/h2>\n\n\n\n<p>Il tilt pu\u00f2 avere un impatto serio sulle tue prestazioni nel poker. Ecco in che modo pu\u00f2 influenzare il tuo gioco:<\/p>\n\n\n\n<h3 class=\"wp-block-heading\">1. <strong>Decisioni sbagliate<\/strong><\/h3>\n\n\n\n<p>Quando sei in tilt, le emozioni prendono il sopravvento e smetti di pensare in modo logico. Potresti giocare mani che normalmente non giocheresti, fare puntate pi\u00f9 grandi del solito o chiamare quando dovresti foldare. Questo pu\u00f2 portare a perdite significative. Il problema pi\u00f9 grande \u00e8 che le cattive decisioni possono farti tiltare ancora di pi\u00f9, portandoti a decisioni sempre peggiori. Il mental game del poker \u00e8 una grande sfida per qualsiasi giocatore.<\/p>\n\n\n\n<h3 class=\"wp-block-heading\">2. <strong>Inseguire le perdite<\/strong><\/h3>\n\n\n\n<p>Uno dei segnali pi\u00f9 comuni del tilt \u00e8 cercare di recuperare le perdite. Invece di accettare la sconfitta e attenerti alla tua strategia, inizi a fare puntate avventate per provare a recuperare ci\u00f2 che hai perso. Questo di solito porta a perdite ancora maggiori.<\/p>\n\n\n\n<h3 class=\"wp-block-heading\">3. <strong>Giocare troppo aggressivamente o troppo passivamente<\/strong><\/h3>\n\n\n\n<p>Il tilt pu\u00f2 renderti eccessivamente aggressivo oppure troppo passivo. Potresti iniziare a puntare in modo sconsiderato senza considerare le probabilit\u00e0, oppure diventare cos\u00ec spaventato di perdere da foldare troppo spesso, anche quando hai una mano forte.<\/p>\n\n\n\n<h3 class=\"wp-block-heading\">4. <strong>Perdere la concentrazione<\/strong><\/h3>\n\n\n\n<p>Quando sei in tilt, \u00e8 facile perdere la concentrazione sul gioco. Potresti smettere di prestare attenzione alle <a href=\"\/it\/poker\/poker-actions\/\">azioni<\/a> dei tuoi avversari. Potresti anche non notare dettagli importanti, dimenticare di considerare le probabilit\u00e0 o di guardare le <a href=\"\/it\/poker\/poker-hud-stats\/\">statistiche HUD<\/a> rilevanti. Questa mancanza di concentrazione pu\u00f2 portare a errori costosi.<\/p>\n\n\n\n<h3 class=\"wp-block-heading\">5. <strong>Danni al tuo bankroll<\/strong><\/h3>\n\n\n\n<p>Se non controlli il tilt, pu\u00f2 prosciugare rapidamente il tuo bankroll. Alcune decisioni sbagliate possono portare a grandi perdite e, se continui a inseguire le perdite mentre sei in tilt, potresti finire per perdere molto pi\u00f9 di quanto puoi permetterti.<\/p>\n\n\n\n<figure class=\"wp-block-image size-large\"><img loading=\"lazy\" decoding=\"async\" width=\"1024\" height=\"628\" src=\"https:\/\/hand2noteguide.com\/wp-content\/uploads\/2024\/09\/bankroll-min-1024x628.png\" alt=\"\" class=\"wp-image-8255\" srcset=\"https:\/\/hand2noteguide.com\/wp-content\/uploads\/2024\/09\/bankroll-min-1024x628.png 1024w, https:\/\/hand2noteguide.com\/wp-content\/uploads\/2024\/09\/bankroll-min-300x184.png 300w, https:\/\/hand2noteguide.com\/wp-content\/uploads\/2024\/09\/bankroll-min-768x471.png 768w, https:\/\/hand2noteguide.com\/wp-content\/uploads\/2024\/09\/bankroll-min-1536x942.png 1536w, https:\/\/hand2noteguide.com\/wp-content\/uploads\/2024\/09\/bankroll-min-2048x1257.png 2048w, https:\/\/hand2noteguide.com\/wp-content\/uploads\/2024\/09\/bankroll-min-772x474.png 772w, https:\/\/hand2noteguide.com\/wp-content\/uploads\/2024\/09\/bankroll-min-624x383.png 624w\" sizes=\"auto, (max-width: 1024px) 100vw, 1024px\" \/><figcaption class=\"wp-element-caption\">Dimensione affidabile del bankroll secondo il <a aria-label=\"undefined (opens in a new tab)\" href=\"https:\/\/www.getcoach.poker\/calculators\/bankroll-size\/\" target=\"_blank\" rel=\"noreferrer noopener\">Poker Bankroll Calculator<\/a><\/figcaption><\/figure>\n\n\n\n<h2 class=\"wp-block-heading\">Come gestire e prevenire il tilt<\/h2>\n\n\n\n<p>Gestire il tilt \u00e8 un\u2019abilit\u00e0 fondamentale se vuoi avere successo nel poker. Ecco alcune strategie che possono aiutarti a mantenere il controllo:<\/p>\n\n\n\n<h3 class=\"wp-block-heading\">1. Riconosci i segnali del tilt<\/h3>\n\n\n\n<p>Il primo passo per gestire il tilt \u00e8 riconoscere quando stai andando in tilt. Presta attenzione alle tue emozioni e al tuo comportamento. Ti senti frustrato, arrabbiato o ansioso? Stai prendendo decisioni che normalmente non prenderesti? Se s\u00ec, potresti essere in tilt. Prima lo riconosci, pi\u00f9 sar\u00e0 facile riprendere il controllo.<\/p>\n\n\n\n<h3 class=\"wp-block-heading\">2. Fai una pausa<\/h3>\n\n\n\n<p>Quando ti accorgi di essere in tilt, la cosa migliore da fare \u00e8 prenderti una pausa. Allontanati dal tavolo, fai una passeggiata o fai qualcosa che ti aiuti a rilassarti. Una pausa ti permette di schiarire la mente, ritrovare la calma e tornare al gioco con una prospettiva fresca.<\/p>\n\n\n\n<figure class=\"wp-block-image size-large\"><img loading=\"lazy\" decoding=\"async\" width=\"1024\" height=\"683\" src=\"https:\/\/hand2noteguide.com\/wp-content\/uploads\/2024\/09\/break-from-work-min-1024x683.jpg\" alt=\"\" class=\"wp-image-8260\" srcset=\"https:\/\/hand2noteguide.com\/wp-content\/uploads\/2024\/09\/break-from-work-min-1024x683.jpg 1024w, https:\/\/hand2noteguide.com\/wp-content\/uploads\/2024\/09\/break-from-work-min-300x200.jpg 300w, https:\/\/hand2noteguide.com\/wp-content\/uploads\/2024\/09\/break-from-work-min-768x512.jpg 768w, https:\/\/hand2noteguide.com\/wp-content\/uploads\/2024\/09\/break-from-work-min-772x515.jpg 772w, https:\/\/hand2noteguide.com\/wp-content\/uploads\/2024\/09\/break-from-work-min-624x416.jpg 624w, https:\/\/hand2noteguide.com\/wp-content\/uploads\/2024\/09\/break-from-work-min.jpg 1536w\" sizes=\"auto, (max-width: 1024px) 100vw, 1024px\" \/><\/figure>\n\n\n\n<h3 class=\"wp-block-heading\">3. Imposta \u270b Stop Loss<\/h3>\n\n\n\n<p>Prima di iniziare a giocare, stabilisci dei limiti per te stesso. Decidi quanto sei disposto a perdere e attieniti a quella cifra. Se raggiungi il limite, smetti di giocare, anche se pensi di poter recuperare. Impostare dei limiti aiuta a prevenire il tilt mantenendo sotto controllo le perdite.<\/p>\n\n\n\n<h3 class=\"wp-block-heading\">4. Pratica la mindfulness e la \ud83e\uddd8\u200d\u2642\ufe0f meditazione<\/h3>\n\n\n\n<p>La mindfulness \u00e8 la pratica di rimanere presenti e consapevoli dei propri pensieri e delle proprie emozioni senza lasciarsi controllare da essi. Praticando la mindfulness, puoi imparare a osservare le tue emozioni senza reagire impulsivamente, il che ti aiuter\u00e0 a rimanere calmo e concentrato al tavolo da poker.<\/p>\n\n\n\n<h3 class=\"wp-block-heading\">5. Concentrati sul lungo periodo<\/h3>\n\n\n\n<p>Il poker \u00e8 un gioco di varianza, il che significa che i risultati a breve termine non riflettono sempre il tuo livello di abilit\u00e0. Invece di fissarti sul risultato delle singole mani, concentrati nel prendere decisioni corrette e migliorare il tuo gioco complessivo. Questa prospettiva di lungo periodo pu\u00f2 aiutarti a rimanere calmo ed evitare il tilt.<\/p>\n\n\n\n<div class=\"green-block\">\n<p style=\"margin-bottom:0\">\ud83d\udc49 Ti consigliamo di dare un\u2019occhiata al <a target=\"_blank\" href=\"https:\/\/courses.poker\/p\/tilt-buster-tilt-free-in-3-days\" rel=\"noopener\"><b>corso video Tilt Buster<\/b><\/a>. \u00c8 un corso breve ed efficace che ti aiuter\u00e0 a imparare rapidamente tecniche semplici per gestire le emozioni e controllare il tilt in generale.<\/p>\n<\/div>\n\n\n\n<h3 class=\"wp-block-heading\">6. Non giocare quando sei emotivo<\/h3>\n\n\n\n<p>Se ti senti gi\u00e0 emotivamente coinvolto o stressato prima di iniziare a giocare, \u00e8 meglio saltare la sessione. Giocare a poker richiede una mente lucida e controllo emotivo. Se non sei nello stato mentale giusto, \u00e8 molto pi\u00f9 probabile che tu vada in tilt.<\/p>\n\n\n\n<h3 class=\"wp-block-heading\">7. Sviluppa una routine pre-sessione<\/h3>\n\n\n\n<p>Avere una routine prima di giocare pu\u00f2 aiutarti a entrare nel giusto stato mentale. Pu\u00f2 includere esercizi di respirazione profonda, visualizzazione o la revisione dei tuoi obiettivi per la sessione. Una routine costante pu\u00f2 aiutarti a rimanere concentrato e calmo.<\/p>\n\n\n\n<h3 class=\"wp-block-heading\">8. Analizza i trigger del tuo tilt<\/h3>\n\n\n\n<p>Dopo una sessione, prenditi del tempo per riflettere su cosa ha scatenato il tuo tilt. \u00c8 stato un bad beat, una serie di sconfitte o qualcos\u2019altro? Capendo i tuoi trigger, potrai lavorare per gestirli meglio in futuro. Potresti persino scoprire che certi tipi di partite o determinati avversari fanno scattare il tilt pi\u00f9 spesso.<\/p>\n\n\n\n<h3 class=\"wp-block-heading\">9. Impara dai tuoi errori<\/h3>\n\n\n\n<p>Il tilt pu\u00f2 diventare un\u2019esperienza di apprendimento preziosa se ti prendi il tempo di analizzare i tuoi errori. Dopo una sessione, rivedi le mani e le decisioni prese per capire dove hai sbagliato. Questa analisi pu\u00f2 aiutarti a riconoscere schemi nel tuo comportamento e migliorare il tuo gioco.<\/p>\n\n\n\n<h3 class=\"wp-block-heading\">10. Cerca supporto<\/h3>\n\n\n\n<p>Se il tilt \u00e8 un problema ricorrente per te, considera di cercare supporto da altri giocatori o da un coach. Parlare delle tue esperienze e ricevere consigli da chi ha gi\u00e0 affrontato il tilt pu\u00f2 aiutarti a trovare nuove strategie per gestire le emozioni.<\/p>\n\n\n\n<div class=\"green-block\">\n<p style=\"margin-bottom:0\">\ud83d\udc49 Presta attenzione al <a target=\"_blank\" href=\"https:\/\/www.getcoach.poker\/coaches\/psychology\/\" rel=\"noopener\"><b>mental game coaching<\/b><\/a>. Esistono coach di poker specializzati nell\u2019aspetto mentale del gioco. Spesso hanno una formazione in psicologia o una grande esperienza nel settore. Aiutano i giocatori di successo a mantenere una buona forma mentale anche durante lunghi downswing.<\/p>\n<\/div>\n\n\n\n<h3 class=\"wp-block-heading\">11. Costruisci uno stile di vita sano fuori dai tavoli<\/h3>\n\n\n\n<p>La tua vita fuori dal tavolo influisce sulle tue decisioni molto pi\u00f9 di quanto pensi. Se sei soddisfatto della tua vita, sar\u00e0 molto pi\u00f9 facile prendere decisioni lucide al tavolo. Presta attenzione al tuo stile di vita. Mangia bene, cerca di rilassarti di pi\u00f9 e migliora la qualit\u00e0 del tuo sonno. Circondati di persone con cui condividi interessi e con cui ti piace passare il tempo.<\/p>\n\n\n\n<div class=\"green-block\">\n<p style=\"margin-bottom:0\">\u2728 Un ambiente positivo nella tua vita ti riempir\u00e0 di emozioni positive e non sentirai il bisogno di cercarle nelle decisioni al tavolo.<\/p>\n<\/div>\n\n\n\n<h2 class=\"wp-block-heading\">Conclusione<\/h2>\n\n\n\n<p>Il tilt \u00e8 una delle sfide pi\u00f9 grandi che ogni giocatore di poker deve affrontare, ma non \u00e8 impossibile da superare. Capendo cos\u2019\u00e8 il tilt, riconoscendone i segnali e utilizzando strategie per gestirlo, puoi tenere sotto controllo le emozioni e prendere decisioni migliori al tavolo. Ricorda: il poker \u00e8 una maratona, non uno sprint. Restare calmi, concentrati e disciplinati porter\u00e0 al successo nel lungo periodo. Metti in pratica questi consigli e scoprirai di gestire il tilt molto pi\u00f9 efficacemente, migliorando cos\u00ec le tue prestazioni complessive nel poker.<\/p>\n","protected":false},"excerpt":{"rendered":"<p>Il poker non \u00e8 solo un gioco di abilit\u00e0 e strategia. \u00c8 anche un gioco di emozioni. Anche i migliori giocatori possono avere difficolt\u00e0 a controllare i propri sentimenti al tavolo. Una delle sfide pi\u00f9 grandi che i giocatori di poker devono affrontare \u00e8 il &#8220;tilt&#8221;. \u2620\ufe0f Il tilt pu\u00f2 rovinare il tuo gioco, prosciugare &hellip; <a href=\"https:\/\/hand2noteguide.com\/it\/poker\/poker-tilt\/\" class=\"more-link\">Continue reading <span class=\"screen-reader-text\">Il tilt nel poker: capire e gestire le proprie emozioni<\/span><\/a><\/p>\n","protected":false},"author":1,"featured_media":0,"parent":7017,"menu_order":0,"comment_status":"closed","ping_status":"closed","template":"","meta":{"footnotes":""},"class_list":["post-8237","page","type-page","status-publish","hentry"],"translation":{"provider":"WPGlobus","version":"3.0.2","language":"it","enabled_languages":["en","ru","pt","zh","es","fr","de","it","ja"],"languages":{"en":{"title":true,"content":true,"excerpt":false},"ru":{"title":true,"content":true,"excerpt":false},"pt":{"title":true,"content":true,"excerpt":false},"zh":{"title":true,"content":true,"excerpt":false},"es":{"title":true,"content":true,"excerpt":false},"fr":{"title":true,"content":true,"excerpt":false},"de":{"title":true,"content":true,"excerpt":false},"it":{"title":true,"content":true,"excerpt":false},"ja":{"title":true,"content":true,"excerpt":false}}},"yoast_head":"<!-- This site is optimized with the Yoast SEO plugin v27.0 - https:\/\/yoast.com\/product\/yoast-seo-wordpress\/ -->\n<title>Il tilt nel poker: capire e gestire le proprie emozioni<\/title>\n<meta name=\"description\" content=\"Capire e gestire il tilt nel poker \u00e8 fondamentale per ottenere successo nel lungo periodo. Scopri i trigger pi\u00f9 comuni e applica strategie efficaci per restare concentrato.\" \/>\n<meta name=\"robots\" content=\"index, follow, max-snippet:-1, max-image-preview:large, max-video-preview:-1\" \/>\n<link rel=\"canonical\" href=\"https:\/\/hand2noteguide.com\/poker\/poker-tilt\/\" \/>\n<meta property=\"og:locale\" content=\"it_IT\" \/>\n<meta property=\"og:type\" content=\"article\" \/>\n<meta property=\"og:title\" content=\"Il tilt nel poker: capire e gestire le proprie emozioni\" \/>\n<meta property=\"og:description\" content=\"Capire e gestire il tilt nel poker \u00e8 fondamentale per ottenere successo nel lungo periodo. Scopri i trigger pi\u00f9 comuni e applica strategie efficaci per restare concentrato.\" \/>\n<meta property=\"og:url\" content=\"https:\/\/hand2noteguide.com\/poker\/poker-tilt\/\" \/>\n<meta property=\"og:site_name\" content=\"Hand2Note Guide\" \/>\n<meta property=\"article:modified_time\" content=\"2026-03-11T10:47:45+00:00\" \/>\n<meta property=\"og:image\" content=\"http:\/\/hand2noteguide.com\/wp-content\/uploads\/2024\/09\/anger.jpg\" \/>\n<meta name=\"twitter:card\" content=\"summary_large_image\" \/>\n<meta name=\"twitter:label1\" content=\"Est. reading time\" \/>\n\t<meta name=\"twitter:data1\" content=\"55 minutes\" \/>\n<!-- \/ Yoast SEO plugin. -->","yoast_head_json":{"title":"Il tilt nel poker: capire e gestire le proprie emozioni","description":"Capire e gestire il tilt nel poker \u00e8 fondamentale per ottenere successo nel lungo periodo. Scopri i trigger pi\u00f9 comuni e applica strategie efficaci per restare concentrato.","robots":{"index":"index","follow":"follow","max-snippet":"max-snippet:-1","max-image-preview":"max-image-preview:large","max-video-preview":"max-video-preview:-1"},"canonical":"https:\/\/hand2noteguide.com\/poker\/poker-tilt\/","og_locale":"it_IT","og_type":"article","og_title":"Il tilt nel poker: capire e gestire le proprie emozioni","og_description":"Capire e gestire il tilt nel poker \u00e8 fondamentale per ottenere successo nel lungo periodo. Scopri i trigger pi\u00f9 comuni e applica strategie efficaci per restare concentrato.","og_url":"https:\/\/hand2noteguide.com\/poker\/poker-tilt\/","og_site_name":"Hand2Note Guide","article_modified_time":"2026-03-11T10:47:45+00:00","og_image":[{"url":"http:\/\/hand2noteguide.com\/wp-content\/uploads\/2024\/09\/anger.jpg","type":"","width":"","height":""}],"twitter_card":"summary_large_image","twitter_misc":{"Est. reading time":"55 minutes"},"schema":{"@context":"https:\/\/schema.org","@graph":[]}},"jetpack_sharing_enabled":true,"_links":{"self":[{"href":"https:\/\/hand2noteguide.com\/it\/wp-json\/wp\/v2\/pages\/8237","targetHints":{"allow":["GET"]}}],"collection":[{"href":"https:\/\/hand2noteguide.com\/it\/wp-json\/wp\/v2\/pages"}],"about":[{"href":"https:\/\/hand2noteguide.com\/it\/wp-json\/wp\/v2\/types\/page"}],"author":[{"embeddable":true,"href":"https:\/\/hand2noteguide.com\/it\/wp-json\/wp\/v2\/users\/1"}],"replies":[{"embeddable":true,"href":"https:\/\/hand2noteguide.com\/it\/wp-json\/wp\/v2\/comments?post=8237"}],"version-history":[{"count":66,"href":"https:\/\/hand2noteguide.com\/it\/wp-json\/wp\/v2\/pages\/8237\/revisions"}],"predecessor-version":[{"id":15765,"href":"https:\/\/hand2noteguide.com\/it\/wp-json\/wp\/v2\/pages\/8237\/revisions\/15765"}],"up":[{"embeddable":true,"href":"https:\/\/hand2noteguide.com\/it\/wp-json\/wp\/v2\/pages\/7017"}],"wp:attachment":[{"href":"https:\/\/hand2noteguide.com\/it\/wp-json\/wp\/v2\/media?parent=8237"}],"curies":[{"name":"wp","href":"https:\/\/api.w.org\/{rel}","templated":true}]}}