{"id":8482,"date":"2024-09-12T23:15:05","date_gmt":"2024-09-12T20:15:05","guid":{"rendered":"https:\/\/hand2noteguide.com\/?page_id=8482"},"modified":"2026-03-11T13:22:42","modified_gmt":"2026-03-11T10:22:42","slug":"chances-of-getting-a-royal-flush","status":"publish","type":"page","link":"https:\/\/hand2noteguide.com\/it\/poker\/chances-of-getting-a-royal-flush\/","title":{"rendered":"Probabilit\u00e0 di fare una scala reale nel poker"},"content":{"rendered":"\n<p>La scala reale \u00e8 la mano pi\u00f9 rara e pi\u00f9 ambita nel poker. \u00c8 la combinazione definitiva, la pi\u00f9 alta nella <a href=\"\/it\/poker\/poker-hand-rankings\/\">classifica di tutte le mani di poker<\/a>. Ma quanto \u00e8 rara davvero? E quali sono le probabilit\u00e0 di ottenere una scala reale in una partita reale almeno una volta nella vita? Vediamo la matematica che c\u2019\u00e8 dietro e scopriamo cosa serve per fare una scala reale nel poker.<\/p>\n\n\n\n<h2 class=\"wp-block-heading\">Cos\u2019\u00e8 una scala reale?<\/h2>\n\n\n\n<p>Per prima cosa, capiamo cos\u2019\u00e8 una scala reale. La scala reale \u00e8 la mano pi\u00f9 alta nel poker. \u00c8 composta da cinque carte consecutive dello stesso seme. Queste carte sono Dieci, Jack, Regina, Re e Asso.<\/p>\n\n\n\n<p>Per esempio, se hai <span class=\"hc spade\">A\u2660<\/span> <span class=\"hc spade\">K\u2660<\/span> <span class=\"hc spade\">Q\u2660<\/span> <span class=\"hc spade\">J\u2660<\/span> <span class=\"hc spade\">T\u2660<\/span>, hai una scala reale. In un mazzo ci sono solo quattro possibili scale reali (una per ogni seme: \u2665 cuori, \u2666 quadri, \u2663 fiori e \u2660 picche).<\/p>\n\n\n\n<figure class=\"wp-block-image size-large\"><img loading=\"lazy\" decoding=\"async\" width=\"1024\" height=\"576\" src=\"http:\/\/hand2noteguide.com\/wp-content\/uploads\/2024\/09\/royal-flush-min-1024x576.jpg\" alt=\"royal flush\" class=\"wp-image-7872\" srcset=\"https:\/\/hand2noteguide.com\/wp-content\/uploads\/2024\/09\/royal-flush-min-1024x576.jpg 1024w, https:\/\/hand2noteguide.com\/wp-content\/uploads\/2024\/09\/royal-flush-min-300x169.jpg 300w, https:\/\/hand2noteguide.com\/wp-content\/uploads\/2024\/09\/royal-flush-min-768x432.jpg 768w, https:\/\/hand2noteguide.com\/wp-content\/uploads\/2024\/09\/royal-flush-min-1536x864.jpg 1536w, https:\/\/hand2noteguide.com\/wp-content\/uploads\/2024\/09\/royal-flush-min-772x434.jpg 772w, https:\/\/hand2noteguide.com\/wp-content\/uploads\/2024\/09\/royal-flush-min-624x351.jpg 624w, https:\/\/hand2noteguide.com\/wp-content\/uploads\/2024\/09\/royal-flush-min.jpg 1600w\" sizes=\"auto, (max-width: 1024px) 100vw, 1024px\" \/><\/figure>\n\n\n\n<h2 class=\"wp-block-heading\">Calcolo delle probabilit\u00e0 di ottenere una scala reale<\/h2>\n\n\n\n<h3 class=\"wp-block-heading\">Passo 1. Quante mani di poker esistono?<\/h3>\n\n\n\n<p>Per capire le probabilit\u00e0 di ottenere una scala reale, bisogna sapere quante mani di poker possibili possono essere distribuite. Un mazzo standard ha 52 carte. Per calcolare il numero di possibili mani di poker, dobbiamo calcolare le combinazioni di 5 carte tra 52.<\/p>\n\n\n\n<p>La formula per calcolare le combinazioni \u00e8:<\/p>\n\n\n\n<blockquote class=\"wp-block-quote is-layout-flow wp-block-quote-is-layout-flow\">\n<p>C(n,k)=n! \/ (k! \u00d7 (n\u2212k)!)<\/p>\n<\/blockquote>\n\n\n\n<p>Dove (n) \u00e8 il numero totale di carte (52 nel mazzo) e (k) \u00e8 il numero di carte nella mano (5 nel poker). Quindi:<\/p>\n\n\n\n<blockquote class=\"wp-block-quote is-layout-flow wp-block-quote-is-layout-flow\">\n<p>C(52, 5) = 52! \/ (5! \u00d7 (52\u22125)!) = 2,598,960.<\/p>\n<\/blockquote>\n\n\n\n<p>Questo significa che esistono 2.598.960 possibili mani di 5 carte nel poker.<\/p>\n\n\n\n<h3 class=\"wp-block-heading\">Passo 2. Quante scale reali esistono?<\/h3>\n\n\n\n<p>Ora vediamo quante scale reali sono possibili. Come detto, una scala reale \u00e8 una sequenza di cinque carte specifiche (Dieci, Jack, Regina, Re, Asso) dello stesso seme. Poich\u00e9 ci sono quattro semi, esistono 4 scale reali.<\/p>\n\n\n\n<h3 class=\"wp-block-heading\">Passo 3. La probabilit\u00e0 di ottenere una scala reale<\/h3>\n\n\n\n<p>La probabilit\u00e0 di qualsiasi evento si calcola cos\u00ec:<\/p>\n\n\n\n<blockquote class=\"wp-block-quote is-layout-flow wp-block-quote-is-layout-flow\">\n<p>P(A) = Numero di risultati favorevoli \/ Numero totale di risultati possibili<\/p>\n<\/blockquote>\n\n\n\n<p>Per una scala reale, la probabilit\u00e0 \u00e8:<\/p>\n\n\n\n<blockquote class=\"wp-block-quote is-layout-flow wp-block-quote-is-layout-flow\">\n<p>P(Scala reale) = 4 \/ 2,598,960 = 1 \/ 649,740<\/p>\n<\/blockquote>\n\n\n\n<p>Quindi, la probabilit\u00e0 di ricevere una scala reale in una mano di poker a 5 carte \u00e8 1 su 649.740. Significa che in media <strong>otterrai una scala reale circa ogni 650.000 mani<\/strong>.<\/p>\n\n\n\n<h3 class=\"wp-block-heading\">Perch\u00e9 \u00e8 cos\u00ec rara?<\/h3>\n\n\n\n<p>La rarit\u00e0 della scala reale deriva dalla combinazione molto specifica di carte necessarie. Esistono molte altre mani di poker che puoi ottenere, come coppie, tris, full house e scale colore, ma la scala reale \u00e8 la pi\u00f9 rara. Le probabilit\u00e0 di ottenere le altre mani sono molto pi\u00f9 alte, per questo sono pi\u00f9 comuni durante il gioco.<\/p>\n\n\n\n<h3 class=\"wp-block-heading\">Quanto spesso otterr\u00f2 una scala reale nei giochi offline?<\/h3>\n\n\n\n<p>Nei tavoli offline, la velocit\u00e0 di distribuzione \u00e8 di solito intorno alle 20 mani all\u2019ora. Per arrivare a 650.000 mani dovresti dedicare 32.500 ore a giocare a poker. Se giochi 8 ore al giorno per 5 giorni a settimana (come un vero lavoro), ti serviranno <strong>pi\u00f9 di 15 anni<\/strong> per raggiungere il traguardo di 650.000 mani giocate.<\/p>\n\n\n\n<p>Ma anche in quel caso non c\u2019\u00e8 alcuna garanzia di vedere una scala reale nemmeno una volta. Molto dipende dalla fortuna. Alcuni giocatori incontrano una scala reale molte volte, mentre altri non hanno mai provato l\u2019emozione di avere in mano la combinazione pi\u00f9 forte.<\/p>\n\n\n\n<figure class=\"wp-block-embed is-type-video is-provider-youtube wp-block-embed-youtube wp-embed-aspect-16-9 wp-has-aspect-ratio\"><div class=\"wp-block-embed__wrapper\">\n<div class=\"jetpack-video-wrapper\"><iframe loading=\"lazy\" title=\"ROYAL FLUSH vs FULL HOUSE | Sickest Runout in Poker History!\" width=\"700\" height=\"394\" src=\"https:\/\/www.youtube.com\/embed\/Ff5PxLLi06g?feature=oembed\" frameborder=\"0\" allow=\"accelerometer; autoplay; clipboard-write; encrypted-media; gyroscope; picture-in-picture; web-share\" referrerpolicy=\"strict-origin-when-cross-origin\" allowfullscreen><\/iframe><\/div>\n<\/div><\/figure>\n\n\n\n<h3 class=\"wp-block-heading\"><strong>E nel poker online?<\/strong><\/h3>\n\n\n\n<p>Nel poker online, le probabilit\u00e0 di ottenere una scala reale sono pi\u00f9 alte grazie alla maggiore velocit\u00e0 di gioco. Nelle partite online, i giocatori ricevono in media circa 90 mani all\u2019ora. Quindi, facendo lo stesso calcolo, per giocare 650.000 mani ti serviranno circa <strong>3,5 anni di grinding a tempo pieno<\/strong>.<\/p>\n\n\n\n<p>Puoi migliorare ulteriormente le tue probabilit\u00e0 giocando su pi\u00f9 tavoli contemporaneamente, come fanno molti professionisti online. In questo caso, \u00e8 probabile che vedrai almeno una scala reale in meno di un anno.<\/p>\n\n\n\n<figure class=\"wp-block-embed is-type-video is-provider-youtube wp-block-embed-youtube wp-embed-aspect-16-9 wp-has-aspect-ratio\"><div class=\"wp-block-embed__wrapper\">\n<div class=\"jetpack-video-wrapper\"><iframe loading=\"lazy\" title=\"Just Another Royal Flush! - PokerStars Online Twitch Stream Best Moments\" width=\"700\" height=\"394\" src=\"https:\/\/www.youtube.com\/embed\/pU1G67uLQRE?feature=oembed\" frameborder=\"0\" allow=\"accelerometer; autoplay; clipboard-write; encrypted-media; gyroscope; picture-in-picture; web-share\" referrerpolicy=\"strict-origin-when-cross-origin\" allowfullscreen><\/iframe><\/div>\n<\/div><\/figure>\n\n\n\n<h2 class=\"wp-block-heading\">Confronto tra la scala reale e le altre mani<\/h2>\n\n\n\n<p>Per mettere in prospettiva la rarit\u00e0 della scala reale, confrontiamola con le probabilit\u00e0 di ottenere altre mani di poker:<\/p>\n\n\n\n<ul class=\"wp-block-list\">\n<li><strong>Scala colore (escludendo la scala reale)<\/strong>: 1 su 72.193<\/li>\n\n\n\n<li><strong>Poker (quattro carte dello stesso valore)<\/strong>: 1 su 4.165<\/li>\n\n\n\n<li><strong>Full house<\/strong>: 1 su 694<\/li>\n\n\n\n<li><strong>Colore<\/strong>: 1 su 509<\/li>\n\n\n\n<li><strong>Scala<\/strong>: 1 su 255<\/li>\n\n\n\n<li><strong>Tris<\/strong>: 1 su 47<\/li>\n\n\n\n<li><strong>Doppia coppia<\/strong>: 1 su 21<\/li>\n\n\n\n<li><strong>Una coppia<\/strong>: 1 su 2,4<\/li>\n\n\n\n<li><strong>Carta alta<\/strong>: 1 su 1,3<\/li>\n<\/ul>\n\n\n\n<p>Come puoi vedere chiaramente da questi numeri, la scala reale \u00e8 di gran lunga la mano pi\u00f9 rara.<\/p>\n\n\n\n<h2 class=\"wp-block-heading\">Probabilit\u00e0 nelle diverse varianti del poker<\/h2>\n\n\n\n<p>Le probabilit\u00e0 di cui abbiamo parlato si applicano al classico poker a 5 carte (5-card draw). Ma il poker ha molte varianti, come Texas Hold&#8217;em, Omaha e Seven-Card Stud. Le probabilit\u00e0 di ottenere una scala reale possono variare a seconda del gioco.<\/p>\n\n\n\n<ul class=\"wp-block-list\">\n<li><a href=\"\/it\/poker\/poker-rules\/\"><strong>Texas Hold&#8217;em<\/strong><\/a>: nel Texas Hold&#8217;em ogni giocatore riceve due carte private e cinque carte comuni vengono scoperte sul tavolo per tutti. La probabilit\u00e0 di ottenere una scala reale \u00e8 leggermente diversa perch\u00e9 i giocatori hanno sette carte per formare la migliore mano di cinque carte. Le probabilit\u00e0 sono circa 1 su 30.939.<\/li>\n\n\n\n<li><strong>Omaha<\/strong>: nell\u2019Omaha i giocatori ricevono quattro carte private e cinque carte comuni sono condivise. I giocatori devono usare esattamente due carte private e tre carte comuni per formare la mano migliore. Le probabilit\u00e0 sono circa 1 su 108.290.<\/li>\n\n\n\n<li><strong>Seven-Card Stud<\/strong>: nel Seven-Card Stud ogni giocatore riceve sette carte e vince la migliore mano di cinque carte. Le probabilit\u00e0 di ottenere una scala reale sono circa 1 su 30.939, simili al Texas Hold&#8217;em.<\/li>\n<\/ul>\n\n\n\n<p>Queste varianti rendono la scala reale leggermente pi\u00f9 facile da ottenere in alcuni giochi rispetto ad altri, ma rimane comunque una mano estremamente rara.<\/p>\n\n\n\n<h2 class=\"wp-block-heading\">Cosa fare se ottieni una scala reale<\/h2>\n\n\n\n<p>Se sei abbastanza fortunato da ottenere una scala reale, \u00e8 un grande momento. \u00c8 una mano imbattibile. La strategia migliore \u00e8 puntare con sicurezza ma senza essere troppo aggressivo, perch\u00e9 vuoi mantenere gli avversari nella mano. Se li spaventi con una puntata troppo grande, potrebbero foldare e non vincerai il massimo possibile. Una scala reale giocata bene pu\u00f2 farti vincere un piatto enorme. Nei giochi dal vivo, inoltre, hai un\u2019altra grande sfida: mantenere la poker face quando hai questa mano \ud83d\ude05<\/p>\n\n\n\n<h2 class=\"wp-block-heading\">Conclusione<\/h2>\n\n\n\n<p>La scala reale \u00e8 il vertice assoluto delle mani di poker: rara e imbattibile. Con probabilit\u00e0 di 1 su 649.740 nel poker a 5 carte, non sorprende che i giocatori sognino di ottenerla. Anche se le probabilit\u00e0 sono leggermente migliori in giochi come Texas Hold\u2019em o Seven-Card Stud, rimane comunque una mano difficile da vedere. Se un giorno otterrai una scala reale, goditi il momento e giocala con intelligenza. \u00c8 una mano che non capita spesso, e quando succede \u00e8 davvero un momento da ricordare.<\/p>\n","protected":false},"excerpt":{"rendered":"<p>La scala reale \u00e8 la mano pi\u00f9 rara e pi\u00f9 ambita nel poker. \u00c8 la combinazione definitiva, la pi\u00f9 alta nella classifica di tutte le mani di poker. Ma quanto \u00e8 rara davvero? E quali sono le probabilit\u00e0 di ottenere una scala reale in una partita reale almeno una volta nella vita? Vediamo la matematica &hellip; <a href=\"https:\/\/hand2noteguide.com\/it\/poker\/chances-of-getting-a-royal-flush\/\" class=\"more-link\">Continue reading <span class=\"screen-reader-text\">Probabilit\u00e0 di fare una scala reale nel poker<\/span><\/a><\/p>\n","protected":false},"author":1,"featured_media":0,"parent":7017,"menu_order":0,"comment_status":"closed","ping_status":"closed","template":"","meta":{"footnotes":""},"class_list":["post-8482","page","type-page","status-publish","hentry"],"translation":{"provider":"WPGlobus","version":"3.0.2","language":"it","enabled_languages":["en","ru","pt","zh","es","fr","de","it","ja"],"languages":{"en":{"title":true,"content":true,"excerpt":false},"ru":{"title":true,"content":true,"excerpt":false},"pt":{"title":true,"content":true,"excerpt":false},"zh":{"title":true,"content":true,"excerpt":false},"es":{"title":true,"content":true,"excerpt":false},"fr":{"title":true,"content":true,"excerpt":false},"de":{"title":true,"content":true,"excerpt":false},"it":{"title":true,"content":true,"excerpt":false},"ja":{"title":true,"content":true,"excerpt":false}}},"yoast_head":"<!-- This site is optimized with the Yoast SEO plugin v27.0 - https:\/\/yoast.com\/product\/yoast-seo-wordpress\/ -->\n<title>Probabilit\u00e0 di fare una scala reale nel poker<\/title>\n<meta name=\"description\" content=\"La scala reale \u00e8 la mano pi\u00f9 rara e la combinazione migliore nel poker. Le probabilit\u00e0 di fare una scala reale sono estremamente basse: circa 1 su 649.740.\" \/>\n<meta name=\"robots\" content=\"index, follow, max-snippet:-1, max-image-preview:large, max-video-preview:-1\" \/>\n<link rel=\"canonical\" href=\"https:\/\/hand2noteguide.com\/poker\/chances-of-getting-a-royal-flush\/\" \/>\n<meta property=\"og:locale\" content=\"it_IT\" \/>\n<meta property=\"og:type\" content=\"article\" \/>\n<meta property=\"og:title\" content=\"Probabilit\u00e0 di fare una scala reale nel poker\" \/>\n<meta property=\"og:description\" content=\"La scala reale \u00e8 la mano pi\u00f9 rara e la combinazione migliore nel poker. Le probabilit\u00e0 di fare una scala reale sono estremamente basse: circa 1 su 649.740.\" \/>\n<meta property=\"og:url\" content=\"https:\/\/hand2noteguide.com\/poker\/chances-of-getting-a-royal-flush\/\" \/>\n<meta property=\"og:site_name\" content=\"Hand2Note Guide\" \/>\n<meta property=\"article:modified_time\" content=\"2026-03-11T10:22:42+00:00\" \/>\n<meta property=\"og:image\" content=\"http:\/\/hand2noteguide.com\/wp-content\/uploads\/2024\/09\/royal-flush-min-1024x576.jpg\" \/>\n<meta name=\"twitter:card\" content=\"summary_large_image\" \/>\n<meta name=\"twitter:label1\" content=\"Est. reading time\" \/>\n\t<meta name=\"twitter:data1\" content=\"35 minutes\" \/>\n<!-- \/ Yoast SEO plugin. -->","yoast_head_json":{"title":"Probabilit\u00e0 di fare una scala reale nel poker","description":"La scala reale \u00e8 la mano pi\u00f9 rara e la combinazione migliore nel poker. Le probabilit\u00e0 di fare una scala reale sono estremamente basse: circa 1 su 649.740.","robots":{"index":"index","follow":"follow","max-snippet":"max-snippet:-1","max-image-preview":"max-image-preview:large","max-video-preview":"max-video-preview:-1"},"canonical":"https:\/\/hand2noteguide.com\/poker\/chances-of-getting-a-royal-flush\/","og_locale":"it_IT","og_type":"article","og_title":"Probabilit\u00e0 di fare una scala reale nel poker","og_description":"La scala reale \u00e8 la mano pi\u00f9 rara e la combinazione migliore nel poker. Le probabilit\u00e0 di fare una scala reale sono estremamente basse: circa 1 su 649.740.","og_url":"https:\/\/hand2noteguide.com\/poker\/chances-of-getting-a-royal-flush\/","og_site_name":"Hand2Note Guide","article_modified_time":"2026-03-11T10:22:42+00:00","og_image":[{"url":"http:\/\/hand2noteguide.com\/wp-content\/uploads\/2024\/09\/royal-flush-min-1024x576.jpg","type":"","width":"","height":""}],"twitter_card":"summary_large_image","twitter_misc":{"Est. reading time":"35 minutes"},"schema":{"@context":"https:\/\/schema.org","@graph":[]}},"jetpack_sharing_enabled":true,"_links":{"self":[{"href":"https:\/\/hand2noteguide.com\/it\/wp-json\/wp\/v2\/pages\/8482","targetHints":{"allow":["GET"]}}],"collection":[{"href":"https:\/\/hand2noteguide.com\/it\/wp-json\/wp\/v2\/pages"}],"about":[{"href":"https:\/\/hand2noteguide.com\/it\/wp-json\/wp\/v2\/types\/page"}],"author":[{"embeddable":true,"href":"https:\/\/hand2noteguide.com\/it\/wp-json\/wp\/v2\/users\/1"}],"replies":[{"embeddable":true,"href":"https:\/\/hand2noteguide.com\/it\/wp-json\/wp\/v2\/comments?post=8482"}],"version-history":[{"count":38,"href":"https:\/\/hand2noteguide.com\/it\/wp-json\/wp\/v2\/pages\/8482\/revisions"}],"predecessor-version":[{"id":15740,"href":"https:\/\/hand2noteguide.com\/it\/wp-json\/wp\/v2\/pages\/8482\/revisions\/15740"}],"up":[{"embeddable":true,"href":"https:\/\/hand2noteguide.com\/it\/wp-json\/wp\/v2\/pages\/7017"}],"wp:attachment":[{"href":"https:\/\/hand2noteguide.com\/it\/wp-json\/wp\/v2\/media?parent=8482"}],"curies":[{"name":"wp","href":"https:\/\/api.w.org\/{rel}","templated":true}]}}