{"id":8503,"date":"2024-09-13T13:15:27","date_gmt":"2024-09-13T10:15:27","guid":{"rendered":"https:\/\/hand2noteguide.com\/?page_id=8503"},"modified":"2026-03-11T12:55:43","modified_gmt":"2026-03-11T09:55:43","slug":"flopzilla","status":"publish","type":"page","link":"https:\/\/hand2noteguide.com\/it\/flopzilla\/","title":{"rendered":"Flopzilla: calcolatore di equity nel poker, analisi delle range e altro"},"content":{"rendered":"\n<p style=\"margin-top:8px\"><span class=\"product-price\">$25<\/span> <span class=\"product-price-desc\">(licenza a vita)<\/span><\/p>\n<p><a class=\"button add-to-cart\" href=\"\/it\/flopzilla\/buy-flopzilla\/\">Acquista ora<\/a><\/p>\n\n\n\n<p>Flopzilla \u00e8 il software definitivo per l\u2019analisi delle <a aria-label=\"undefined (opens in a new tab)\" href=\"https:\/\/blog.freebetrange.com\/it\/article\/poker-preflop-ranges-a-comprehensive-guide\" target=\"_blank\" rel=\"noreferrer noopener\">range nel poker<\/a> e per il calcolo dell\u2019equity. Ti permette di calcolare rapidamente le probabilit\u00e0 di vittoria per qualsiasi mano contro una range, e per situazioni range vs range su qualsiasi <a href=\"\/it\/poker\/poker-streets\/\">Flop, Turn e River<\/a>. Inoltre, Flopzilla ti mostra anche come una range colpisce determinate texture del board. \u00c8 uno strumento completo per comprendere a fondo come funzionano range ed equity nel poker.<\/p>\n\n\n\n<figure class=\"wp-block-image size-large\"><img loading=\"lazy\" decoding=\"async\" width=\"1024\" height=\"613\" src=\"https:\/\/hand2noteguide.com\/wp-content\/uploads\/2024\/09\/flopzilla-interface-min-1024x613.png\" alt=\"\" class=\"wp-image-8507\" srcset=\"https:\/\/hand2noteguide.com\/wp-content\/uploads\/2024\/09\/flopzilla-interface-min-1024x613.png 1024w, https:\/\/hand2noteguide.com\/wp-content\/uploads\/2024\/09\/flopzilla-interface-min-300x180.png 300w, https:\/\/hand2noteguide.com\/wp-content\/uploads\/2024\/09\/flopzilla-interface-min-768x460.png 768w, https:\/\/hand2noteguide.com\/wp-content\/uploads\/2024\/09\/flopzilla-interface-min-1536x919.png 1536w, https:\/\/hand2noteguide.com\/wp-content\/uploads\/2024\/09\/flopzilla-interface-min-2048x1225.png 2048w, https:\/\/hand2noteguide.com\/wp-content\/uploads\/2024\/09\/flopzilla-interface-min-772x462.png 772w, https:\/\/hand2noteguide.com\/wp-content\/uploads\/2024\/09\/flopzilla-interface-min-624x373.png 624w\" sizes=\"auto, (max-width: 1024px) 100vw, 1024px\" \/><figcaption class=\"wp-element-caption\">Flopzilla: il miglior software per l\u2019analisi delle range nel poker<\/figcaption><\/figure>\n\n\n\n<h2 class=\"wp-block-heading\">Quali sono le funzionalit\u00e0 di Flopzilla?<\/h2>\n\n\n\n<p>Flopzilla offre numerosi strumenti per esplorare le range nel poker in qualsiasi situazione di gioco.<\/p>\n\n\n\n<ul class=\"wp-block-list\">\n<li>\ud83d\udcc8 <strong>Calcolo avanzato dell\u2019equity.<\/strong> Puoi inserire una range e vedere come si comporta contro mani specifiche o altre range. Puoi visualizzare le probabilit\u00e0 di vittoria su qualsiasi street, dal Preflop al River. Inoltre mostra come cambiano le probabilit\u00e0 in base ai diversi runout nelle street successive.<\/li>\n\n\n\n<li>\ud83d\udcca <strong>Analisi di come le range colpiscono il board.<\/strong> Esplora come diverse range colpiscono diverse texture del board. \u00c8 una competenza fondamentale per capire come tu e il tuo avversario colpite il board. Quante mani forti e quanti draw ci sono nella range dell\u2019avversario? Chi ha pi\u00f9 nut hands? Quale percentuale della range \u00e8 top pair o meglio? Troverai le risposte a queste domande per qualsiasi board e range che inserisci.<\/li>\n\n\n\n<li>\ud83d\udce6 <strong>Salva le tue range.<\/strong> Puoi costruire la tua strategia preflop e salvarla in Flopzilla. Poi potrai usare le range salvate per analisi di equity e del board.<\/li>\n\n\n\n<li><strong>\ud83d\udcbe<\/strong> <strong>Salva\/Carica i calcoli.<\/strong> Puoi salvare facilmente qualsiasi spot che analizzi per studiarlo in seguito.<\/li>\n\n\n\n<li><strong>\ud83d\udd04<\/strong> <strong>Sincronizzazione con il solver GTO+.<\/strong> Puoi collegare Flopzilla con il solver GTO Plus per un\u2019analisi avanzata della strategia. Puoi analizzare le tue range di Flopzilla dalla <a href=\"\/it\/poker\/poker-gto\/\">prospettiva GTO<\/a> nel solver. Oppure puoi importare uno spot dal solver in Flopzilla per esplorarlo con le funzionalit\u00e0 di Flopzilla.<\/li>\n<\/ul>\n\n\n\n<p>Dai un\u2019occhiata al video tutorial su Flopzilla di <a href=\"https:\/\/www.getcoach.poker\/videos\/splitsuit-poker\/\" target=\"_blank\" aria-label=\"undefined (opens in a new tab)\" rel=\"noreferrer noopener\">James &#8220;SplitSuit&#8221; Sweeney<\/a>. Ti guider\u00e0 attraverso le funzioni di base di Flopzilla cos\u00ec potrai iniziare a usare il software con sicurezza.<\/p>\n\n\n\n<figure class=\"wp-block-embed is-type-video is-provider-youtube wp-block-embed-youtube wp-embed-aspect-16-9 wp-has-aspect-ratio\"><div class=\"wp-block-embed__wrapper\">\n<div class=\"jetpack-video-wrapper\"><iframe loading=\"lazy\" title=\"Flopzilla Pro Tutorial (21 Features You Should Be Using)\" width=\"700\" height=\"394\" src=\"https:\/\/www.youtube.com\/embed\/ZwRLXy40N7E?feature=oembed\" frameborder=\"0\" allow=\"accelerometer; autoplay; clipboard-write; encrypted-media; gyroscope; picture-in-picture; web-share\" referrerpolicy=\"strict-origin-when-cross-origin\" allowfullscreen><\/iframe><\/div>\n<\/div><\/figure>\n\n\n\n<p>Consigliamo vivamente di includere il software Flopzilla nel tuo arsenale di strumenti di analisi. Molti giocatori di poker di successo usano Flopzilla per migliorare la propria strategia.<\/p>\n\n\n<div class=\"wp-block-h2n-alert h2n-alert h2n-alert--info\"><div class=\"h2n-alert__icon\" aria-hidden=\"true\"><svg width=\"22\" height=\"22\" viewBox=\"0 0 24 24\" fill=\"none\" stroke=\"currentColor\" stroke-width=\"2\" stroke-linecap=\"round\" stroke-linejoin=\"round\"><circle cx=\"12\" cy=\"12\" r=\"10\"\/><line x1=\"12\" y1=\"16\" x2=\"12\" y2=\"12\"\/><circle cx=\"12\" cy=\"8\" r=\"1\" fill=\"currentColor\" stroke=\"none\"\/><\/svg><\/div><div class=\"h2n-alert__content\">Se hai bisogno di calcoli rapidi e semplici dell\u2019equity mano vs mano, puoi anche utilizzare il nostro <a href=\"\/it\/poker\/free-poker-tools\/poker-odds-calculator\/\">calcolatore di odds del poker gratuito<\/a>.<\/div><\/div>\n\n\n<h2 class=\"wp-block-heading\">Qual \u00e8 il prezzo di Flopzilla?<\/h2>\n\n\n\n<p>Flopzilla costa <strong>$25 per una licenza a vita<\/strong>. Nell\u2019acquisto sono inclusi sia Flopzilla v1 che Flopzilla PRO, quindi puoi scegliere quale versione utilizzare. Flopzilla PRO \u00e8 la versione pi\u00f9 recente con un\u2019interfaccia migliorata, maggiore velocit\u00e0 e funzionalit\u00e0 aggiuntive. Ti consigliamo di utilizzare Flopzilla Pro, perch\u00e9 ha lo stesso prezzo ma offre funzionalit\u00e0 migliori. Tutti gli screenshot e i tutorial qui sopra sono stati realizzati con la versione Pro.<\/p>\n\n\n\n<h2 class=\"wp-block-heading\">Come acquistare Flopzilla?<\/h2>\n\n\n\n<p>Vai alla pagina <a href=\"\/it\/flopzilla\/buy-flopzilla\/\"><strong>Flopzilla: acquisto e attivazione<\/strong><\/a> e segui le istruzioni. Dovrai effettuare il pagamento e fornire la tua email e l\u2019hardware ID per l\u2019attivazione della licenza. <a href=\"https:\/\/hand2noteguide.com\/it\/contact-us\/\">Contattaci<\/a> se hai domande aggiuntive riguardo all\u2019acquisto di Flopzilla.<\/p>\n","protected":false},"excerpt":{"rendered":"<p>$25 (licenza a vita) Acquista ora Flopzilla \u00e8 il software definitivo per l\u2019analisi delle range nel poker e per il calcolo dell\u2019equity. Ti permette di calcolare rapidamente le probabilit\u00e0 di vittoria per qualsiasi mano contro una range, e per situazioni range vs range su qualsiasi Flop, Turn e River. Inoltre, Flopzilla ti mostra anche come &hellip; <a href=\"https:\/\/hand2noteguide.com\/it\/flopzilla\/\" class=\"more-link\">Continue reading <span class=\"screen-reader-text\">Flopzilla: calcolatore di equity nel poker, analisi delle range e altro<\/span><\/a><\/p>\n","protected":false},"author":1,"featured_media":0,"parent":0,"menu_order":0,"comment_status":"closed","ping_status":"closed","template":"page-templates\/full-width-page.php","meta":{"footnotes":""},"class_list":["post-8503","page","type-page","status-publish","hentry"],"translation":{"provider":"WPGlobus","version":"3.0.2","language":"it","enabled_languages":["en","ru","pt","zh","es","fr","de","it","ja"],"languages":{"en":{"title":true,"content":true,"excerpt":false},"ru":{"title":true,"content":true,"excerpt":false},"pt":{"title":true,"content":true,"excerpt":false},"zh":{"title":true,"content":true,"excerpt":false},"es":{"title":true,"content":true,"excerpt":false},"fr":{"title":true,"content":true,"excerpt":false},"de":{"title":true,"content":true,"excerpt":false},"it":{"title":true,"content":true,"excerpt":false},"ja":{"title":true,"content":true,"excerpt":false}}},"yoast_head":"<!-- This site is optimized with the Yoast SEO plugin v27.0 - https:\/\/yoast.com\/product\/yoast-seo-wordpress\/ -->\n<title>Flopzilla: calcolatore di equity nel poker, analisi delle range e altro<\/title>\n<meta name=\"description\" content=\"Flopzilla \u00e8 un calcolatore avanzato di equity nel poker e un software per l\u2019analisi delle range. Calcola l\u2019equity ed esplora range e interazioni con il board.\" \/>\n<meta name=\"robots\" content=\"index, follow, max-snippet:-1, max-image-preview:large, max-video-preview:-1\" \/>\n<link rel=\"canonical\" href=\"https:\/\/hand2noteguide.com\/flopzilla\/\" \/>\n<meta property=\"og:locale\" content=\"it_IT\" \/>\n<meta property=\"og:type\" content=\"article\" \/>\n<meta property=\"og:title\" content=\"Flopzilla: calcolatore di equity nel poker, analisi delle range e altro\" \/>\n<meta property=\"og:description\" content=\"Flopzilla \u00e8 un calcolatore avanzato di equity nel poker e un software per l\u2019analisi delle range. Calcola l\u2019equity ed esplora range e interazioni con il board.\" \/>\n<meta property=\"og:url\" content=\"https:\/\/hand2noteguide.com\/flopzilla\/\" \/>\n<meta property=\"og:site_name\" content=\"Hand2Note Guide\" \/>\n<meta property=\"article:modified_time\" content=\"2026-03-11T09:55:43+00:00\" \/>\n<meta property=\"og:image\" content=\"https:\/\/hand2noteguide.com\/wp-content\/uploads\/2024\/09\/flopzilla-interface-min.png\" \/>\n\t<meta property=\"og:image:width\" content=\"3070\" \/>\n\t<meta property=\"og:image:height\" content=\"1837\" \/>\n\t<meta property=\"og:image:type\" content=\"image\/png\" \/>\n<meta name=\"twitter:card\" content=\"summary_large_image\" \/>\n<meta name=\"twitter:label1\" content=\"Est. reading time\" \/>\n\t<meta name=\"twitter:data1\" content=\"3 minutes\" \/>\n<!-- \/ Yoast SEO plugin. -->","yoast_head_json":{"title":"Flopzilla: calcolatore di equity nel poker, analisi delle range e altro","description":"Flopzilla \u00e8 un calcolatore avanzato di equity nel poker e un software per l\u2019analisi delle range. Calcola l\u2019equity ed esplora range e interazioni con il board.","robots":{"index":"index","follow":"follow","max-snippet":"max-snippet:-1","max-image-preview":"max-image-preview:large","max-video-preview":"max-video-preview:-1"},"canonical":"https:\/\/hand2noteguide.com\/flopzilla\/","og_locale":"it_IT","og_type":"article","og_title":"Flopzilla: calcolatore di equity nel poker, analisi delle range e altro","og_description":"Flopzilla \u00e8 un calcolatore avanzato di equity nel poker e un software per l\u2019analisi delle range. Calcola l\u2019equity ed esplora range e interazioni con il board.","og_url":"https:\/\/hand2noteguide.com\/flopzilla\/","og_site_name":"Hand2Note Guide","article_modified_time":"2026-03-11T09:55:43+00:00","og_image":[{"width":3070,"height":1837,"url":"https:\/\/hand2noteguide.com\/wp-content\/uploads\/2024\/09\/flopzilla-interface-min.png","type":"image\/png"}],"twitter_card":"summary_large_image","twitter_misc":{"Est. reading time":"3 minutes"},"schema":{"@context":"https:\/\/schema.org","@graph":[]}},"jetpack_sharing_enabled":true,"_links":{"self":[{"href":"https:\/\/hand2noteguide.com\/it\/wp-json\/wp\/v2\/pages\/8503","targetHints":{"allow":["GET"]}}],"collection":[{"href":"https:\/\/hand2noteguide.com\/it\/wp-json\/wp\/v2\/pages"}],"about":[{"href":"https:\/\/hand2noteguide.com\/it\/wp-json\/wp\/v2\/types\/page"}],"author":[{"embeddable":true,"href":"https:\/\/hand2noteguide.com\/it\/wp-json\/wp\/v2\/users\/1"}],"replies":[{"embeddable":true,"href":"https:\/\/hand2noteguide.com\/it\/wp-json\/wp\/v2\/comments?post=8503"}],"version-history":[{"count":67,"href":"https:\/\/hand2noteguide.com\/it\/wp-json\/wp\/v2\/pages\/8503\/revisions"}],"predecessor-version":[{"id":15726,"href":"https:\/\/hand2noteguide.com\/it\/wp-json\/wp\/v2\/pages\/8503\/revisions\/15726"}],"wp:attachment":[{"href":"https:\/\/hand2noteguide.com\/it\/wp-json\/wp\/v2\/media?parent=8503"}],"curies":[{"name":"wp","href":"https:\/\/api.w.org\/{rel}","templated":true}]}}