{"id":876,"date":"2019-05-27T08:02:28","date_gmt":"2019-05-27T05:02:28","guid":{"rendered":"https:\/\/h2n312.wordpress.com\/?page_id=876"},"modified":"2025-06-04T17:46:16","modified_gmt":"2025-06-04T14:46:16","slug":"rebuild-stats","status":"publish","type":"page","link":"https:\/\/hand2noteguide.com\/it\/guide\/rebuild-stats\/","title":{"rendered":"Ricostruzione delle statistiche"},"content":{"rendered":"<p>Per ricostruire <a href=\"https:\/\/hand2noteguide.com\/it\/guide\/creating-stats\/\">le statistiche<\/a>, procedi come segue:<\/p>\n<ol>\n<li>Apri la finestra principale di Hand2Note<\/li>\n<li>Clicca su &#8220;Clear Stats&#8221;<\/li>\n<li>Clicca su &#8220;Build Stats&#8221;<\/li>\n<li>Attendi fino al termine del processo<\/li>\n<\/ol>\n<p><img loading=\"lazy\" decoding=\"async\" class=\"alignnone size-full wp-image-904\" src=\"https:\/\/hand2noteguide.com\/wp-content\/uploads\/2019\/05\/hand2note-rebuild-stats.png\" alt=\"hand2note rebuild stats\" width=\"612\" height=\"131\" srcset=\"https:\/\/hand2noteguide.com\/wp-content\/uploads\/2019\/05\/hand2note-rebuild-stats.png 612w, https:\/\/hand2noteguide.com\/wp-content\/uploads\/2019\/05\/hand2note-rebuild-stats-300x64.png 300w\" sizes=\"auto, (max-width: 612px) 100vw, 612px\" \/><\/p>\n<h3>Perch\u00e9 ne hai bisogno?<\/h3>\n<p>Hand2Note memorizza le statistiche in forma definitiva. Quando ti siedi a un tavolo, le statistiche nell&#8217;<a href=\"https:\/\/hand2noteguide.com\/it\/guide\/hud\/\">HUD<\/a> non vengono calcolate ogni volta in tempo reale attraverso l&#8217;intero <a href=\"https:\/\/hand2noteguide.com\/it\/guide\/database\/\">database<\/a>. Il tracker visualizza le statistiche gi\u00e0 completate, e le statistiche vengono calcolate solo dalle nuove mani. Questo ti consente di aumentare significativamente la velocit\u00e0 delle prestazioni del software e ridurre il consumo di risorse del computer durante il gioco.<\/p>\n<h3>Quando \u00e8 necessaria la ricostruzione?<\/h3>\n<ul>\n<li>Dopo qualsiasi modifica alle statistiche nell&#8217;HUD o nel popup<\/li>\n<li>Quando si cambia il profilo HUD e Popup o qualsiasi altra modifica nelle impostazioni dei tipi di gioco (<em>Settings \u2192 Game Types<\/em>)<\/li>\n<li>Quando si cambia il fuso orario (<em>Settings \u2192 Rooms<\/em>)<\/li>\n<li>Quando si cambia la valuta principale (<em>Settings \u2192 Other options \u2192 Currency<\/em>)<\/li>\n<\/ul>\n<h3>Perder\u00f2 qualche dato?<\/h3>\n<p>No, tutte le tue mani rimarranno al loro posto. Solo le statistiche verranno ricalcolate.<\/p>\n<h3>Quanto tempo richieder\u00e0 la ricostruzione?<\/h3>\n<p>Dipende dalla dimensione del database, dalla complessit\u00e0 e dal numero di statistiche utilizzate nel tuo HUD e nei popups, cos\u00ec come dalla capacit\u00e0 del tuo dispositivo. Su un computer standard, utilizzando un numero medio di statistiche, la velocit\u00e0 di costruzione pu\u00f2 essere di circa 1000 mani al secondo.<\/p>\n","protected":false},"excerpt":{"rendered":"<p>Per ricostruire le statistiche, procedi come segue: Apri la finestra principale di Hand2Note Clicca su &#8220;Clear Stats&#8221; Clicca su &#8220;Build Stats&#8221; Attendi fino al termine del processo Perch\u00e9 ne hai bisogno? Hand2Note memorizza le statistiche in forma definitiva. Quando ti siedi a un tavolo, le statistiche nell&#8217;HUD non vengono calcolate ogni volta in tempo reale &hellip; <a href=\"https:\/\/hand2noteguide.com\/it\/guide\/rebuild-stats\/\" class=\"more-link\">Continue reading <span class=\"screen-reader-text\">Ricostruzione delle statistiche<\/span><\/a><\/p>\n","protected":false},"author":1,"featured_media":0,"parent":74,"menu_order":0,"comment_status":"closed","ping_status":"closed","template":"page-templates\/full-width-page.php","meta":{"footnotes":""},"class_list":["post-876","page","type-page","status-publish","hentry"],"translation":{"provider":"WPGlobus","version":"3.0.2","language":"it","enabled_languages":["en","ru","pt","zh","es","fr","de","it","ja"],"languages":{"en":{"title":true,"content":true,"excerpt":false},"ru":{"title":true,"content":true,"excerpt":false},"pt":{"title":true,"content":true,"excerpt":false},"zh":{"title":true,"content":true,"excerpt":false},"es":{"title":true,"content":true,"excerpt":false},"fr":{"title":true,"content":true,"excerpt":false},"de":{"title":true,"content":true,"excerpt":false},"it":{"title":true,"content":true,"excerpt":false},"ja":{"title":true,"content":true,"excerpt":false}}},"yoast_head":"<!-- This site is optimized with the Yoast SEO plugin v27.0 - https:\/\/yoast.com\/product\/yoast-seo-wordpress\/ -->\n<title>Come Ricostruire le Statistiche in Hand2Note: Una Guida Rapida<\/title>\n<meta name=\"description\" content=\"Scopri come ricostruire efficacemente le statistiche in Hand2Note. Segui la nostra guida passo passo per ottimizzare le prestazioni e garantire statistiche di poker accurate.\" \/>\n<meta name=\"robots\" content=\"index, follow, max-snippet:-1, max-image-preview:large, max-video-preview:-1\" \/>\n<link rel=\"canonical\" href=\"https:\/\/hand2noteguide.com\/guide\/rebuild-stats\/\" \/>\n<meta property=\"og:locale\" content=\"it_IT\" \/>\n<meta property=\"og:type\" content=\"article\" \/>\n<meta property=\"og:title\" content=\"Come Ricostruire le Statistiche in Hand2Note: Una Guida Rapida\" \/>\n<meta property=\"og:description\" content=\"Scopri come ricostruire efficacemente le statistiche in Hand2Note. Segui la nostra guida passo passo per ottimizzare le prestazioni e garantire statistiche di poker accurate.\" \/>\n<meta property=\"og:url\" content=\"https:\/\/hand2noteguide.com\/guide\/rebuild-stats\/\" \/>\n<meta property=\"og:site_name\" content=\"Hand2Note Guide\" \/>\n<meta property=\"article:modified_time\" content=\"2025-06-04T14:46:16+00:00\" \/>\n<meta property=\"og:image\" content=\"https:\/\/hand2noteguide.com\/wp-content\/uploads\/2018\/08\/hand2note-d0bfd0b5d180d0b5d181d182d180d0bed0b8d182d18c-d181d182d0b0d182d0b8d181d182d0b8d0bad183.png\" \/>\n<meta name=\"twitter:card\" content=\"summary_large_image\" \/>\n<meta name=\"twitter:label1\" content=\"Est. reading time\" \/>\n\t<meta name=\"twitter:data1\" content=\"7 minutes\" \/>\n<!-- \/ Yoast SEO plugin. -->","yoast_head_json":{"title":"Come Ricostruire le Statistiche in Hand2Note: Una Guida Rapida","description":"Scopri come ricostruire efficacemente le statistiche in Hand2Note. Segui la nostra guida passo passo per ottimizzare le prestazioni e garantire statistiche di poker accurate.","robots":{"index":"index","follow":"follow","max-snippet":"max-snippet:-1","max-image-preview":"max-image-preview:large","max-video-preview":"max-video-preview:-1"},"canonical":"https:\/\/hand2noteguide.com\/guide\/rebuild-stats\/","og_locale":"it_IT","og_type":"article","og_title":"Come Ricostruire le Statistiche in Hand2Note: Una Guida Rapida","og_description":"Scopri come ricostruire efficacemente le statistiche in Hand2Note. Segui la nostra guida passo passo per ottimizzare le prestazioni e garantire statistiche di poker accurate.","og_url":"https:\/\/hand2noteguide.com\/guide\/rebuild-stats\/","og_site_name":"Hand2Note Guide","article_modified_time":"2025-06-04T14:46:16+00:00","og_image":[{"url":"https:\/\/hand2noteguide.com\/wp-content\/uploads\/2018\/08\/hand2note-d0bfd0b5d180d0b5d181d182d180d0bed0b8d182d18c-d181d182d0b0d182d0b8d181d182d0b8d0bad183.png","type":"","width":"","height":""}],"twitter_card":"summary_large_image","twitter_misc":{"Est. reading time":"7 minutes"},"schema":{"@context":"https:\/\/schema.org","@graph":[]}},"jetpack_sharing_enabled":false,"_links":{"self":[{"href":"https:\/\/hand2noteguide.com\/it\/wp-json\/wp\/v2\/pages\/876","targetHints":{"allow":["GET"]}}],"collection":[{"href":"https:\/\/hand2noteguide.com\/it\/wp-json\/wp\/v2\/pages"}],"about":[{"href":"https:\/\/hand2noteguide.com\/it\/wp-json\/wp\/v2\/types\/page"}],"author":[{"embeddable":true,"href":"https:\/\/hand2noteguide.com\/it\/wp-json\/wp\/v2\/users\/1"}],"replies":[{"embeddable":true,"href":"https:\/\/hand2noteguide.com\/it\/wp-json\/wp\/v2\/comments?post=876"}],"version-history":[{"count":12,"href":"https:\/\/hand2noteguide.com\/it\/wp-json\/wp\/v2\/pages\/876\/revisions"}],"predecessor-version":[{"id":13515,"href":"https:\/\/hand2noteguide.com\/it\/wp-json\/wp\/v2\/pages\/876\/revisions\/13515"}],"up":[{"embeddable":true,"href":"https:\/\/hand2noteguide.com\/it\/wp-json\/wp\/v2\/pages\/74"}],"wp:attachment":[{"href":"https:\/\/hand2noteguide.com\/it\/wp-json\/wp\/v2\/media?parent=876"}],"curies":[{"name":"wp","href":"https:\/\/api.w.org\/{rel}","templated":true}]}}