{"id":8774,"date":"2024-11-09T21:02:21","date_gmt":"2024-11-09T18:02:21","guid":{"rendered":"https:\/\/hand2noteguide.com\/?page_id=8774"},"modified":"2026-02-21T10:44:54","modified_gmt":"2026-02-21T07:44:54","slug":"winamaxcaption","status":"publish","type":"page","link":"https:\/\/hand2noteguide.com\/it\/winamaxcaption\/","title":{"rendered":"WinamaxCaption \ud83d\udca5 Il tuo miglior assistente su Winamax"},"content":{"rendered":"\n<p style=\"margin-top:8px\"><span class=\"product-price\">$30<\/span> <span class=\"product-price-desc\">(licenza di 1 anno)<\/span><\/p>\n\n\n<p><a class=\"btn btn-primary h2n-crypto-open-checkout\" href=\"https:\/\/hand2noteguide.com\/it\/?h2n_crypto_checkout=1&#038;cfg=eyJwcm9kdWN0X2lkIjo0LCJwcm9kdWN0X3ByaWNlIjoiMzAiLCJkb3dubG9hZF9saW5rIjoiaHR0cHM6XC9cL3Bva2VyY2FwdGlvbi5jb21cL2Rvd25sb2Fkcy5odG1sIiwidmVuZG9yX2VtYWlsIjoicG9rZXJjYXB0aW9uQGdtYWlsLmNvbSIsImxpY2Vuc2VfaWRfcmVxdWlyZWQiOnRydWUsIm5ldHdvcmsiOiJ1c2R0X3RyYzIwIiwiY3VycmVuY3kiOiJVU0RUIiwiYmFzZV9hbW91bnQiOiIzMC4wMDAwMDAiLCJidXR0b25fdGV4dCI6IkFjcXVpc3RhIiwidGl0bGUiOiIiLCJkZXNjcmlwdGlvbiI6IiIsInN1Y2Nlc3NfbW9kZSI6Im1hbnVhbF9mdWxmaWxsbWVudCIsInJlcXVpcmVfZW1haWwiOnRydWUsInR0bF9taW51dGVzIjo2MCwid2FsbGV0IjoiVE1Kd1IzR2U1eUxKb0NKOHJGdGNpUWtSY2g1akRSTG51MyJ9&#038;sig=1ad3dad0ddc53a2b8edc8fbf158aa9e70b909eb5d445529087a432e36421eef6\" target=\"_blank\" rel=\"noopener noreferrer\">Acquista<\/a><\/p>\n\n\n\n<p>WinamaxCaption \u00e8 uno strumento che migliora il gameplay su Winamax Poker. \u00c8 completamente approvato da Winamax e aumenta l&#8217;efficienza delle tue sessioni con tasti di scelta rapida personalizzabili, un HUD dettagliato, attivazione automatica dei tavoli e altro ancora. Le caratteristiche includono:<\/p>\n\n\n\n<ul class=\"wp-block-list\">\n<li>Dimensioni delle puntate e tasti di scelta rapida personalizzabili.<\/li>\n\n\n\n<li>HUD con odds di call\/push, dimensione del piatto e altro.<\/li>\n\n\n\n<li>Evidenziazione del tavolo per azione o criteri.<\/li>\n\n\n\n<li>Attivazione automatica dei tavoli.<\/li>\n\n\n\n<li>Modalit\u00e0 efficiente per computer lenti.<\/li>\n\n\n\n<li>E altre funzionalit\u00e0!<\/li>\n<\/ul>\n\n\n\n<p>Perfetto per un multi-tabling pi\u00f9 fluido e veloce.<\/p>\n\n\n\n<figure class=\"wp-block-gallery has-nested-images columns-default is-cropped wp-block-gallery-1 is-layout-flex wp-block-gallery-is-layout-flex\">\n<figure class=\"wp-block-image size-large\"><img loading=\"lazy\" decoding=\"async\" width=\"985\" height=\"695\" data-id=\"8777\" src=\"https:\/\/hand2noteguide.com\/wp-content\/uploads\/2024\/11\/1-min.jpg\" alt=\"\" class=\"wp-image-8777\" srcset=\"https:\/\/hand2noteguide.com\/wp-content\/uploads\/2024\/11\/1-min.jpg 985w, https:\/\/hand2noteguide.com\/wp-content\/uploads\/2024\/11\/1-min-300x212.jpg 300w, https:\/\/hand2noteguide.com\/wp-content\/uploads\/2024\/11\/1-min-768x542.jpg 768w, https:\/\/hand2noteguide.com\/wp-content\/uploads\/2024\/11\/1-min-772x545.jpg 772w, https:\/\/hand2noteguide.com\/wp-content\/uploads\/2024\/11\/1-min-624x440.jpg 624w\" sizes=\"auto, (max-width: 985px) 100vw, 985px\" \/><\/figure>\n\n\n\n<figure class=\"wp-block-image size-large\"><img loading=\"lazy\" decoding=\"async\" width=\"985\" height=\"696\" data-id=\"8779\" src=\"https:\/\/hand2noteguide.com\/wp-content\/uploads\/2024\/11\/2-min.jpg\" alt=\"\" class=\"wp-image-8779\" srcset=\"https:\/\/hand2noteguide.com\/wp-content\/uploads\/2024\/11\/2-min.jpg 985w, https:\/\/hand2noteguide.com\/wp-content\/uploads\/2024\/11\/2-min-300x212.jpg 300w, https:\/\/hand2noteguide.com\/wp-content\/uploads\/2024\/11\/2-min-768x543.jpg 768w, https:\/\/hand2noteguide.com\/wp-content\/uploads\/2024\/11\/2-min-772x545.jpg 772w, https:\/\/hand2noteguide.com\/wp-content\/uploads\/2024\/11\/2-min-624x441.jpg 624w\" sizes=\"auto, (max-width: 985px) 100vw, 985px\" \/><\/figure>\n\n\n\n<figure class=\"wp-block-image size-large\"><img loading=\"lazy\" decoding=\"async\" width=\"985\" height=\"695\" data-id=\"8775\" src=\"https:\/\/hand2noteguide.com\/wp-content\/uploads\/2024\/11\/3-min.jpg\" alt=\"\" class=\"wp-image-8775\" srcset=\"https:\/\/hand2noteguide.com\/wp-content\/uploads\/2024\/11\/3-min.jpg 985w, https:\/\/hand2noteguide.com\/wp-content\/uploads\/2024\/11\/3-min-300x212.jpg 300w, https:\/\/hand2noteguide.com\/wp-content\/uploads\/2024\/11\/3-min-768x542.jpg 768w, https:\/\/hand2noteguide.com\/wp-content\/uploads\/2024\/11\/3-min-772x545.jpg 772w, https:\/\/hand2noteguide.com\/wp-content\/uploads\/2024\/11\/3-min-624x440.jpg 624w\" sizes=\"auto, (max-width: 985px) 100vw, 985px\" \/><\/figure>\n\n\n\n<figure class=\"wp-block-image size-large\"><img loading=\"lazy\" decoding=\"async\" width=\"985\" height=\"696\" data-id=\"8780\" src=\"https:\/\/hand2noteguide.com\/wp-content\/uploads\/2024\/11\/4-min.jpg\" alt=\"\" class=\"wp-image-8780\" srcset=\"https:\/\/hand2noteguide.com\/wp-content\/uploads\/2024\/11\/4-min.jpg 985w, https:\/\/hand2noteguide.com\/wp-content\/uploads\/2024\/11\/4-min-300x212.jpg 300w, https:\/\/hand2noteguide.com\/wp-content\/uploads\/2024\/11\/4-min-768x543.jpg 768w, https:\/\/hand2noteguide.com\/wp-content\/uploads\/2024\/11\/4-min-772x545.jpg 772w, https:\/\/hand2noteguide.com\/wp-content\/uploads\/2024\/11\/4-min-624x441.jpg 624w\" sizes=\"auto, (max-width: 985px) 100vw, 985px\" \/><\/figure>\n\n\n\n<figure class=\"wp-block-image size-large\"><img loading=\"lazy\" decoding=\"async\" width=\"986\" height=\"694\" data-id=\"8778\" src=\"https:\/\/hand2noteguide.com\/wp-content\/uploads\/2024\/11\/5-min.jpg\" alt=\"\" class=\"wp-image-8778\" srcset=\"https:\/\/hand2noteguide.com\/wp-content\/uploads\/2024\/11\/5-min.jpg 986w, https:\/\/hand2noteguide.com\/wp-content\/uploads\/2024\/11\/5-min-300x211.jpg 300w, https:\/\/hand2noteguide.com\/wp-content\/uploads\/2024\/11\/5-min-768x541.jpg 768w, https:\/\/hand2noteguide.com\/wp-content\/uploads\/2024\/11\/5-min-772x543.jpg 772w, https:\/\/hand2noteguide.com\/wp-content\/uploads\/2024\/11\/5-min-624x439.jpg 624w\" sizes=\"auto, (max-width: 986px) 100vw, 986px\" \/><\/figure>\n\n\n\n<figure class=\"wp-block-image size-large\"><img loading=\"lazy\" decoding=\"async\" width=\"986\" height=\"697\" data-id=\"8776\" src=\"https:\/\/hand2noteguide.com\/wp-content\/uploads\/2024\/11\/6-min.jpg\" alt=\"\" class=\"wp-image-8776\" srcset=\"https:\/\/hand2noteguide.com\/wp-content\/uploads\/2024\/11\/6-min.jpg 986w, https:\/\/hand2noteguide.com\/wp-content\/uploads\/2024\/11\/6-min-300x212.jpg 300w, https:\/\/hand2noteguide.com\/wp-content\/uploads\/2024\/11\/6-min-768x543.jpg 768w, https:\/\/hand2noteguide.com\/wp-content\/uploads\/2024\/11\/6-min-772x546.jpg 772w, https:\/\/hand2noteguide.com\/wp-content\/uploads\/2024\/11\/6-min-624x441.jpg 624w\" sizes=\"auto, (max-width: 986px) 100vw, 986px\" \/><\/figure>\n<\/figure>\n\n\n\n<h2 class=\"wp-block-heading\">Quali sono le caratteristiche di Winamax Caption?<\/h2>\n\n\n\n<h3 class=\"wp-block-heading\">1. <strong>Tasti di scelta rapida<\/strong><\/h3>\n\n\n\n<ul class=\"wp-block-list\">\n<li>Tasti di scelta rapida personalizzabili per azioni: check\/fold, call, bet\/raise, sit out next big blind, chiudi tavolo, replayer e altro.<\/li>\n\n\n\n<li>Tasti di scelta rapida per le puntate con formule personalizzate.<\/li>\n\n\n\n<li>Assegna tasti di scelta rapida per cliccare su punti specifici del tavolo.<\/li>\n<\/ul>\n\n\n\n<h3 class=\"wp-block-heading\">2. <strong>Betscript<\/strong><\/h3>\n\n\n\n<ul class=\"wp-block-list\">\n<li>Definisci le dimensioni delle puntate\/raise per varie situazioni (es. preflop, postflop).<\/li>\n\n\n\n<li>Inserimento automatico degli importi delle puntate preimpostati nella casella delle puntate quando \u00e8 il turno del hero.<\/li>\n\n\n\n<li>Pulsanti sullo schermo personalizzabili con supporto per formule.<\/li>\n<\/ul>\n\n\n\n<h3 class=\"wp-block-heading\">3. <strong>HUD personalizzabile<\/strong><\/h3>\n\n\n\n<ul class=\"wp-block-list\">\n<li>Visualizza informazioni complete: stake, livello dei bui, odds di call, odds di push, SPR (Stack-to-Pot Ratio), bluff equity, dimensione del piatto e stack del hero per la strada successiva.<\/li>\n\n\n\n<li>Mostra valori come la dimensione del piatto e l&#8217;importo nella casella delle puntate come percentuale del piatto.<\/li>\n\n\n\n<li>I valori numerici nell&#8217;HUD possono cambiare colore in base alle soglie impostate.<\/li>\n\n\n\n<li>Etichette di posizione personalizzabili per varie dimensioni del tavolo.<\/li>\n\n\n\n<li>Supporto per la creazione di pi\u00f9 pulsanti di puntata personalizzati con formule.<\/li>\n<\/ul>\n\n\n\n<h3 class=\"wp-block-heading\">4. <strong>Evidenziazione del tavolo<\/strong><\/h3>\n\n\n\n<ul class=\"wp-block-list\">\n<li>Evidenzia i tavoli in base a diversi criteri:\n<ul class=\"wp-block-list\">\n<li>Tavolo sotto il cursore del mouse.<\/li>\n\n\n\n<li>Tavolo dove \u00e8 il turno del hero.<\/li>\n\n\n\n<li>Livello dei bui, dimensione del piatto, dimensione dello stack, stato del buy-in e stato ITM (In the Money).<\/li>\n<\/ul>\n<\/li>\n\n\n\n<li>Evidenziazione con cornice e\/o riempimento per rendere i tavoli attivi pi\u00f9 visibili.<\/li>\n<\/ul>\n\n\n\n<h3 class=\"wp-block-heading\">5. <strong>Personalizzazione della rotella del mouse<\/strong><\/h3>\n\n\n\n<ul class=\"wp-block-list\">\n<li>Imposta la rotella del mouse per regolare le dimensioni delle puntate (in big blinds o dollari).<\/li>\n\n\n\n<li>Direzione della rotella configurabile per una regolazione fine.<\/li>\n<\/ul>\n\n\n\n<h3 class=\"wp-block-heading\">6. <strong>Gestione delle slot della lobby e del tavolo<\/strong><\/h3>\n\n\n\n<ul class=\"wp-block-list\">\n<li>Slot designate per la lobby, nuovi tavoli e il replayer.<\/li>\n\n\n\n<li>Possibilit\u00e0 di organizzare i tavoli per una navigazione e un focus pi\u00f9 semplici.<\/li>\n<\/ul>\n\n\n\n<h3 class=\"wp-block-heading\">7. <strong>Attivazione automatica dei tavoli<\/strong><\/h3>\n\n\n\n<ul class=\"wp-block-list\">\n<li>Attiva automaticamente i tavoli quando \u00e8 il turno del hero di agire.<\/li>\n\n\n\n<li>Impostazioni di attivazione includono:\n<ul class=\"wp-block-list\">\n<li>Per tempo trascorso dall&#8217;azione ricevuta.<\/li>\n\n\n\n<li>Per tempo rimanente per l&#8217;azione.<\/li>\n<\/ul>\n<\/li>\n\n\n\n<li>Opzione per spostare automaticamente il mouse sul tavolo attivo.<\/li>\n\n\n\n<li>Pu\u00f2 disabilitare l&#8217;attivazione automatica se la lobby principale \u00e8 focalizzata.<\/li>\n\n\n\n<li>Opzione per l&#8217;attivazione automatica senza perdere il focus sulla schermata corrente.<\/li>\n<\/ul>\n\n\n\n<h3 class=\"wp-block-heading\">8. <strong>Supporto Playground (Modalit\u00e0 Stack)<\/strong><\/h3>\n\n\n\n<ul class=\"wp-block-list\">\n<li>Funziona completamente in modalit\u00e0 stack di Playground per un multi-tabling pi\u00f9 efficiente su computer pi\u00f9 lenti.<\/li>\n\n\n\n<li>Riduce l&#8217;uso delle risorse da parte del client Winamax durante il gioco ad alto volume.<\/li>\n<\/ul>\n","protected":false},"excerpt":{"rendered":"<p>$30 (licenza di 1 anno) WinamaxCaption \u00e8 uno strumento che migliora il gameplay su Winamax Poker. \u00c8 completamente approvato da Winamax e aumenta l&#8217;efficienza delle tue sessioni con tasti di scelta rapida personalizzabili, un HUD dettagliato, attivazione automatica dei tavoli e altro ancora. Le caratteristiche includono: Perfetto per un multi-tabling pi\u00f9 fluido e veloce. Quali &hellip; <a href=\"https:\/\/hand2noteguide.com\/it\/winamaxcaption\/\" class=\"more-link\">Continue reading <span class=\"screen-reader-text\">WinamaxCaption \ud83d\udca5 Il tuo miglior assistente su Winamax<\/span><\/a><\/p>\n","protected":false},"author":1,"featured_media":0,"parent":0,"menu_order":0,"comment_status":"closed","ping_status":"closed","template":"page-templates\/full-width-page.php","meta":{"footnotes":""},"class_list":["post-8774","page","type-page","status-publish","hentry"],"translation":{"provider":"WPGlobus","version":"3.0.2","language":"it","enabled_languages":["en","ru","pt","zh","es","fr","de","it","ja"],"languages":{"en":{"title":true,"content":true,"excerpt":false},"ru":{"title":true,"content":true,"excerpt":false},"pt":{"title":true,"content":true,"excerpt":false},"zh":{"title":true,"content":true,"excerpt":false},"es":{"title":true,"content":true,"excerpt":false},"fr":{"title":true,"content":true,"excerpt":false},"de":{"title":true,"content":true,"excerpt":false},"it":{"title":true,"content":true,"excerpt":false},"ja":{"title":true,"content":true,"excerpt":false}}},"yoast_head":"<!-- This site is optimized with the Yoast SEO plugin v27.0 - https:\/\/yoast.com\/product\/yoast-seo-wordpress\/ -->\n<title>WinamaxCaption \ud83d\udca5 Il tuo miglior assistente su Winamax<\/title>\n<meta name=\"description\" content=\"WinamaxCaption potenzia il client di Winamax Poker con tasti di scelta rapida, HUD, cambio automatico dei tavoli e altro ancora. Strumento approvato per un multi-tabling pi\u00f9 veloce e semplice.\" \/>\n<meta name=\"robots\" content=\"index, follow, max-snippet:-1, max-image-preview:large, max-video-preview:-1\" \/>\n<link rel=\"canonical\" href=\"https:\/\/hand2noteguide.com\/ru\/winamaxcaption\/\" \/>\n<meta property=\"og:locale\" content=\"it_IT\" \/>\n<meta property=\"og:type\" content=\"article\" \/>\n<meta property=\"og:title\" content=\"WinamaxCaption \ud83d\udca5 Il tuo miglior assistente su Winamax\" \/>\n<meta property=\"og:description\" content=\"WinamaxCaption potenzia il client di Winamax Poker con tasti di scelta rapida, HUD, cambio automatico dei tavoli e altro ancora. Strumento approvato per un multi-tabling pi\u00f9 veloce e semplice.\" \/>\n<meta property=\"og:url\" content=\"https:\/\/hand2noteguide.com\/ru\/winamaxcaption\/\" \/>\n<meta property=\"og:site_name\" content=\"Hand2Note Guide\" \/>\n<meta property=\"article:modified_time\" content=\"2026-02-21T07:44:54+00:00\" \/>\n<meta property=\"og:image\" content=\"https:\/\/hand2noteguide.com\/wp-content\/uploads\/2024\/11\/1-min.jpg\" \/>\n<meta name=\"twitter:card\" content=\"summary_large_image\" \/>\n<meta name=\"twitter:label1\" content=\"Est. reading time\" \/>\n\t<meta name=\"twitter:data1\" content=\"4 minutes\" \/>\n<!-- \/ Yoast SEO plugin. -->","yoast_head_json":{"title":"WinamaxCaption \ud83d\udca5 Il tuo miglior assistente su Winamax","description":"WinamaxCaption potenzia il client di Winamax Poker con tasti di scelta rapida, HUD, cambio automatico dei tavoli e altro ancora. Strumento approvato per un multi-tabling pi\u00f9 veloce e semplice.","robots":{"index":"index","follow":"follow","max-snippet":"max-snippet:-1","max-image-preview":"max-image-preview:large","max-video-preview":"max-video-preview:-1"},"canonical":"https:\/\/hand2noteguide.com\/ru\/winamaxcaption\/","og_locale":"it_IT","og_type":"article","og_title":"WinamaxCaption \ud83d\udca5 Il tuo miglior assistente su Winamax","og_description":"WinamaxCaption potenzia il client di Winamax Poker con tasti di scelta rapida, HUD, cambio automatico dei tavoli e altro ancora. Strumento approvato per un multi-tabling pi\u00f9 veloce e semplice.","og_url":"https:\/\/hand2noteguide.com\/ru\/winamaxcaption\/","og_site_name":"Hand2Note Guide","article_modified_time":"2026-02-21T07:44:54+00:00","og_image":[{"url":"https:\/\/hand2noteguide.com\/wp-content\/uploads\/2024\/11\/1-min.jpg","type":"","width":"","height":""}],"twitter_card":"summary_large_image","twitter_misc":{"Est. reading time":"4 minutes"},"schema":{"@context":"https:\/\/schema.org","@graph":[]}},"jetpack_sharing_enabled":true,"_links":{"self":[{"href":"https:\/\/hand2noteguide.com\/it\/wp-json\/wp\/v2\/pages\/8774","targetHints":{"allow":["GET"]}}],"collection":[{"href":"https:\/\/hand2noteguide.com\/it\/wp-json\/wp\/v2\/pages"}],"about":[{"href":"https:\/\/hand2noteguide.com\/it\/wp-json\/wp\/v2\/types\/page"}],"author":[{"embeddable":true,"href":"https:\/\/hand2noteguide.com\/it\/wp-json\/wp\/v2\/users\/1"}],"replies":[{"embeddable":true,"href":"https:\/\/hand2noteguide.com\/it\/wp-json\/wp\/v2\/comments?post=8774"}],"version-history":[{"count":14,"href":"https:\/\/hand2noteguide.com\/it\/wp-json\/wp\/v2\/pages\/8774\/revisions"}],"predecessor-version":[{"id":15168,"href":"https:\/\/hand2noteguide.com\/it\/wp-json\/wp\/v2\/pages\/8774\/revisions\/15168"}],"wp:attachment":[{"href":"https:\/\/hand2noteguide.com\/it\/wp-json\/wp\/v2\/media?parent=8774"}],"curies":[{"name":"wp","href":"https:\/\/api.w.org\/{rel}","templated":true}]}}