{"id":9238,"date":"2025-03-15T01:15:37","date_gmt":"2025-03-14T22:15:37","guid":{"rendered":"https:\/\/hand2noteguide.com\/?page_id=9238"},"modified":"2026-03-10T11:10:12","modified_gmt":"2026-03-10T08:10:12","slug":"creating-and-using-aliases-in-hand2note","status":"publish","type":"page","link":"https:\/\/hand2noteguide.com\/it\/user-manual\/creating-and-using-aliases-in-hand2note\/","title":{"rendered":"Creare e utilizzare alias in Hand2Note"},"content":{"rendered":"\n<p>Gli alias ti permettono di combinare le mani giocate da pi\u00f9 account (nickname\/ID) insieme, fornendo una visualizzazione di tutti i loro risultati, sessioni e statistiche in un unico formato giocatore.<\/p>\n\n\n\n<p>Questa funzione \u00e8 utile quando:<\/p>\n\n\n\n<ul class=\"wp-block-list\">\n<li>giochi in pi\u00f9 room e\/o da pi\u00f9 account (nickname\/ID) e vuoi vedere tutti i tuoi dati come uno solo;<\/li>\n\n\n\n<li>conosci affidabilmente il tuo avversario, cos\u00ec come molti dei suoi account (nickname\/ID) su diversi siti, e vuoi vedere tutte le sue statistiche nel loro insieme;<\/li>\n\n\n\n<li>sei un coach attivo o una fondazione, e vuoi vedere i risultati dei tuoi studenti o giocatori &#8211; come uno solo, per identificare falle comuni o tendenze.<\/li>\n<\/ul>\n\n\n\n<h2 class=\"wp-block-heading\">Creare un alias<\/h2>\n\n\n\n<p><em>La regola principale: prima di creare un alias, almeno una mano dall&#8217;account (nickname\/ID) da aggiungere all&#8217;alias deve essere stata giocata con Hand2Note abilitato, e deve essere visualizzata l\u00ec. Altrimenti, quando aggiungi un account (nickname\/ID) all&#8217;alias, semplicemente non lo troverai nella lista offerta di account (nickname\/ID).<\/em><\/p>\n\n\n\n<p>1) Dopo aver eseguito la &#8220;Regola principale&#8221;, nell&#8217;angolo in basso a sinistra della finestra di Hand2Note, trova la voce &#8220;Configuration&#8221; e cliccaci sopra (1). Nel menu delle impostazioni aperto, seleziona la scheda &#8220;Aliases&#8221; (2) e clicca su &#8220;+ Add Alias&#8221; (3):<\/p>\n\n\n\n<figure class=\"wp-block-image size-large\"><img loading=\"lazy\" decoding=\"async\" width=\"1024\" height=\"549\" src=\"http:\/\/hand2noteguide.com\/wp-content\/uploads\/2025\/04\/alias-1-1024x549.jpg\" alt=\"\" class=\"wp-image-10120\" srcset=\"https:\/\/hand2noteguide.com\/wp-content\/uploads\/2025\/04\/alias-1-1024x549.jpg 1024w, https:\/\/hand2noteguide.com\/wp-content\/uploads\/2025\/04\/alias-1-300x161.jpg 300w, https:\/\/hand2noteguide.com\/wp-content\/uploads\/2025\/04\/alias-1-768x412.jpg 768w, https:\/\/hand2noteguide.com\/wp-content\/uploads\/2025\/04\/alias-1-1536x824.jpg 1536w, https:\/\/hand2noteguide.com\/wp-content\/uploads\/2025\/04\/alias-1-772x414.jpg 772w, https:\/\/hand2noteguide.com\/wp-content\/uploads\/2025\/04\/alias-1-624x335.jpg 624w, https:\/\/hand2noteguide.com\/wp-content\/uploads\/2025\/04\/alias-1.jpg 1600w\" sizes=\"auto, (max-width: 1024px) 100vw, 1024px\" \/><\/figure>\n\n\n\n<p>2) Nel menu aperto &#8220;Add Alias&#8221;, nel campo etichettato &#8220;new alias&#8221; inserisci un nome per esso (senza usare simboli speciali) (1), poi abilita la voce &#8220;is Single Person&#8221; (opzionale) cliccando sulla casella di controllo accanto ad essa (2). Nel campo &#8220;Search Player&#8221; (3), inserisci il nickname o l&#8217;ID che vuoi aggiungere all&#8217;Alias, e non appena appare nel menu sottostante, clicca sul &#8220;+&#8221; opposto ad esso. (4). Ripeti i passaggi (3) e (4) con ciascuno dei nickname o ID richiesti da aggiungere all&#8217;alias. Dopo di che, assicurati che tutti i nickname o ID richiesti siano presenti nel menu (5), e se tutto \u00e8 pronto, clicca su &#8220;OK&#8221; in basso a destra della finestra (6).<\/p>\n\n\n\n<figure class=\"wp-block-image size-full\"><img loading=\"lazy\" decoding=\"async\" width=\"808\" height=\"826\" src=\"http:\/\/hand2noteguide.com\/wp-content\/uploads\/2025\/04\/alias-2.jpg\" alt=\"\" class=\"wp-image-10121\" srcset=\"https:\/\/hand2noteguide.com\/wp-content\/uploads\/2025\/04\/alias-2.jpg 808w, https:\/\/hand2noteguide.com\/wp-content\/uploads\/2025\/04\/alias-2-293x300.jpg 293w, https:\/\/hand2noteguide.com\/wp-content\/uploads\/2025\/04\/alias-2-768x785.jpg 768w, https:\/\/hand2noteguide.com\/wp-content\/uploads\/2025\/04\/alias-2-772x789.jpg 772w, https:\/\/hand2noteguide.com\/wp-content\/uploads\/2025\/04\/alias-2-610x624.jpg 610w\" sizes=\"auto, (max-width: 808px) 100vw, 808px\" \/><\/figure>\n\n\n\n<h3 class=\"wp-block-heading\">Metodo avanzato: Creare alias di giocatori con statistiche specifiche<\/h3>\n\n\n\n<p>Utilizzando la funzione <a href=\"https:\/\/hand2noteguide.com\/it\/user-manual\/the-multiple-players-tool-in-hand2note-range-research\/\">Multiple Player Reports<\/a> di Hand2Note, puoi rapidamente creare un alias di giocatori che corrispondono a filtri specifici che imposti. Puoi farlo per analizzare gruppi specifici di avversari e costruire una strategia sfruttativa contro di loro.<\/p>\n\n\n\n<h2 class=\"wp-block-heading\">Utilizzare un alias<\/h2>\n\n\n\n<p>Per visualizzare i dati di un alias completato nella scheda \u201c<a href=\"https:\/\/hand2noteguide.com\/it\/user-manual\/hand2note-report-menu\/\">Reports<\/a>\u201d, clicca sull&#8217;icona del giocatore (1), e poi nella lista a discesa puoi trovarlo (2); cliccando su di lui, vedrai il report di cui hai bisogno:<\/p>\n\n\n\n<figure class=\"wp-block-image size-large\"><img loading=\"lazy\" decoding=\"async\" width=\"1024\" height=\"551\" src=\"http:\/\/hand2noteguide.com\/wp-content\/uploads\/2025\/04\/alias-3-1024x551.jpg\" alt=\"\" class=\"wp-image-10122\" srcset=\"https:\/\/hand2noteguide.com\/wp-content\/uploads\/2025\/04\/alias-3-1024x551.jpg 1024w, https:\/\/hand2noteguide.com\/wp-content\/uploads\/2025\/04\/alias-3-300x161.jpg 300w, https:\/\/hand2noteguide.com\/wp-content\/uploads\/2025\/04\/alias-3-768x413.jpg 768w, https:\/\/hand2noteguide.com\/wp-content\/uploads\/2025\/04\/alias-3-1536x827.jpg 1536w, https:\/\/hand2noteguide.com\/wp-content\/uploads\/2025\/04\/alias-3-772x415.jpg 772w, https:\/\/hand2noteguide.com\/wp-content\/uploads\/2025\/04\/alias-3-624x336.jpg 624w, https:\/\/hand2noteguide.com\/wp-content\/uploads\/2025\/04\/alias-3.jpg 1600w\" sizes=\"auto, (max-width: 1024px) 100vw, 1024px\" \/><\/figure>\n\n\n\n<p>Per visualizzare i dati di un alias pronto nella scheda \u201cStatistics\u201d, clicca sull&#8217;icona del giocatore (1), e nella lista a discesa (2) puoi trovarlo; cliccando su di lui, vedrai le statistiche di cui hai bisogno:<\/p>\n\n\n\n<figure class=\"wp-block-image size-large\"><img loading=\"lazy\" decoding=\"async\" width=\"1024\" height=\"564\" src=\"http:\/\/hand2noteguide.com\/wp-content\/uploads\/2025\/04\/alias-4-1024x564.jpg\" alt=\"\" class=\"wp-image-10123\" srcset=\"https:\/\/hand2noteguide.com\/wp-content\/uploads\/2025\/04\/alias-4-1024x564.jpg 1024w, https:\/\/hand2noteguide.com\/wp-content\/uploads\/2025\/04\/alias-4-300x165.jpg 300w, https:\/\/hand2noteguide.com\/wp-content\/uploads\/2025\/04\/alias-4-768x423.jpg 768w, https:\/\/hand2noteguide.com\/wp-content\/uploads\/2025\/04\/alias-4-1536x847.jpg 1536w, https:\/\/hand2noteguide.com\/wp-content\/uploads\/2025\/04\/alias-4-772x426.jpg 772w, https:\/\/hand2noteguide.com\/wp-content\/uploads\/2025\/04\/alias-4-624x344.jpg 624w, https:\/\/hand2noteguide.com\/wp-content\/uploads\/2025\/04\/alias-4.jpg 1600w\" sizes=\"auto, (max-width: 1024px) 100vw, 1024px\" \/><\/figure>\n\n\n\n<p>Per visualizzare i dati di un alias pronto nella scheda \u201cSessions\u201d, clicca sull&#8217;icona del giocatore (1), e nella lista a discesa (2) puoi trovarlo; cliccando su di lui, vedrai le sessioni di cui hai bisogno:<\/p>\n\n\n\n<figure class=\"wp-block-image size-large\"><img loading=\"lazy\" decoding=\"async\" width=\"1024\" height=\"577\" src=\"http:\/\/hand2noteguide.com\/wp-content\/uploads\/2025\/04\/alias-5-1024x577.jpg\" alt=\"\" class=\"wp-image-10124\" srcset=\"https:\/\/hand2noteguide.com\/wp-content\/uploads\/2025\/04\/alias-5-1024x577.jpg 1024w, https:\/\/hand2noteguide.com\/wp-content\/uploads\/2025\/04\/alias-5-300x169.jpg 300w, https:\/\/hand2noteguide.com\/wp-content\/uploads\/2025\/04\/alias-5-768x433.jpg 768w, https:\/\/hand2noteguide.com\/wp-content\/uploads\/2025\/04\/alias-5-1536x866.jpg 1536w, https:\/\/hand2noteguide.com\/wp-content\/uploads\/2025\/04\/alias-5-772x435.jpg 772w, https:\/\/hand2noteguide.com\/wp-content\/uploads\/2025\/04\/alias-5-624x352.jpg 624w, https:\/\/hand2noteguide.com\/wp-content\/uploads\/2025\/04\/alias-5.jpg 1600w\" sizes=\"auto, (max-width: 1024px) 100vw, 1024px\" \/><\/figure>\n\n\n\n<h2 class=\"wp-block-heading\">Conclusione<\/h2>\n\n\n\n<p>Ora sai come creare alias e condurre un&#8217;analisi pi\u00f9 completa dei tuoi risultati, cos\u00ec come dei risultati di altri giocatori. Il che a sua volta, con il giusto approccio, avr\u00e0 un impatto positivo sul tuo $\/ora.<\/p>\n","protected":false},"excerpt":{"rendered":"<p>Gli alias ti permettono di combinare le mani giocate da pi\u00f9 account (nickname\/ID) insieme, fornendo una visualizzazione di tutti i loro risultati, sessioni e statistiche in un unico formato giocatore. Questa funzione \u00e8 utile quando: Creare un alias La regola principale: prima di creare un alias, almeno una mano dall&#8217;account (nickname\/ID) da aggiungere all&#8217;alias deve &hellip; <a href=\"https:\/\/hand2noteguide.com\/it\/user-manual\/creating-and-using-aliases-in-hand2note\/\" class=\"more-link\">Continue reading <span class=\"screen-reader-text\">Creare e utilizzare alias in Hand2Note<\/span><\/a><\/p>\n","protected":false},"author":3,"featured_media":10119,"parent":9199,"menu_order":0,"comment_status":"closed","ping_status":"closed","template":"","meta":{"footnotes":""},"class_list":["post-9238","page","type-page","status-publish","has-post-thumbnail","hentry"],"translation":{"provider":"WPGlobus","version":"3.0.2","language":"it","enabled_languages":["en","ru","pt","zh","es","fr","de","it","ja"],"languages":{"en":{"title":true,"content":true,"excerpt":false},"ru":{"title":true,"content":true,"excerpt":false},"pt":{"title":true,"content":true,"excerpt":false},"zh":{"title":true,"content":true,"excerpt":false},"es":{"title":true,"content":true,"excerpt":false},"fr":{"title":true,"content":true,"excerpt":false},"de":{"title":true,"content":true,"excerpt":false},"it":{"title":true,"content":true,"excerpt":false},"ja":{"title":true,"content":true,"excerpt":false}}},"yoast_head":"<!-- This site is optimized with the Yoast SEO plugin v27.0 - https:\/\/yoast.com\/product\/yoast-seo-wordpress\/ -->\n<title>Creare e utilizzare alias in Hand2Note<\/title>\n<meta name=\"description\" content=\"Scopri come creare e utilizzare alias in Hand2Note per unire i dati di pi\u00f9 account per una migliore analisi del poker, monitoraggio degli avversari e approfondimenti di coaching.\" \/>\n<meta name=\"robots\" content=\"index, follow, max-snippet:-1, max-image-preview:large, max-video-preview:-1\" \/>\n<link rel=\"canonical\" href=\"https:\/\/hand2noteguide.com\/user-manual\/creating-and-using-aliases-in-hand2note\/\" \/>\n<meta property=\"og:locale\" content=\"it_IT\" \/>\n<meta property=\"og:type\" content=\"article\" \/>\n<meta property=\"og:title\" content=\"Creare e utilizzare alias in Hand2Note\" \/>\n<meta property=\"og:description\" content=\"Scopri come creare e utilizzare alias in Hand2Note per unire i dati di pi\u00f9 account per una migliore analisi del poker, monitoraggio degli avversari e approfondimenti di coaching.\" \/>\n<meta property=\"og:url\" content=\"https:\/\/hand2noteguide.com\/user-manual\/creating-and-using-aliases-in-hand2note\/\" \/>\n<meta property=\"og:site_name\" content=\"Hand2Note Guide\" \/>\n<meta property=\"article:modified_time\" content=\"2026-03-10T08:10:12+00:00\" \/>\n<meta property=\"og:image\" content=\"https:\/\/hand2noteguide.com\/wp-content\/uploads\/2025\/04\/hand2note-alias.jpg\" \/>\n\t<meta property=\"og:image:width\" content=\"1600\" \/>\n\t<meta property=\"og:image:height\" content=\"933\" \/>\n\t<meta property=\"og:image:type\" content=\"image\/jpeg\" \/>\n<meta name=\"twitter:card\" content=\"summary_large_image\" \/>\n<meta name=\"twitter:label1\" content=\"Est. reading time\" \/>\n\t<meta name=\"twitter:data1\" content=\"17 minutes\" \/>\n<!-- \/ Yoast SEO plugin. -->","yoast_head_json":{"title":"Creare e utilizzare alias in Hand2Note","description":"Scopri come creare e utilizzare alias in Hand2Note per unire i dati di pi\u00f9 account per una migliore analisi del poker, monitoraggio degli avversari e approfondimenti di coaching.","robots":{"index":"index","follow":"follow","max-snippet":"max-snippet:-1","max-image-preview":"max-image-preview:large","max-video-preview":"max-video-preview:-1"},"canonical":"https:\/\/hand2noteguide.com\/user-manual\/creating-and-using-aliases-in-hand2note\/","og_locale":"it_IT","og_type":"article","og_title":"Creare e utilizzare alias in Hand2Note","og_description":"Scopri come creare e utilizzare alias in Hand2Note per unire i dati di pi\u00f9 account per una migliore analisi del poker, monitoraggio degli avversari e approfondimenti di coaching.","og_url":"https:\/\/hand2noteguide.com\/user-manual\/creating-and-using-aliases-in-hand2note\/","og_site_name":"Hand2Note Guide","article_modified_time":"2026-03-10T08:10:12+00:00","og_image":[{"width":1600,"height":933,"url":"https:\/\/hand2noteguide.com\/wp-content\/uploads\/2025\/04\/hand2note-alias.jpg","type":"image\/jpeg"}],"twitter_card":"summary_large_image","twitter_misc":{"Est. reading time":"17 minutes"},"schema":{"@context":"https:\/\/schema.org","@graph":[]}},"jetpack_sharing_enabled":true,"_links":{"self":[{"href":"https:\/\/hand2noteguide.com\/it\/wp-json\/wp\/v2\/pages\/9238","targetHints":{"allow":["GET"]}}],"collection":[{"href":"https:\/\/hand2noteguide.com\/it\/wp-json\/wp\/v2\/pages"}],"about":[{"href":"https:\/\/hand2noteguide.com\/it\/wp-json\/wp\/v2\/types\/page"}],"author":[{"embeddable":true,"href":"https:\/\/hand2noteguide.com\/it\/wp-json\/wp\/v2\/users\/3"}],"replies":[{"embeddable":true,"href":"https:\/\/hand2noteguide.com\/it\/wp-json\/wp\/v2\/comments?post=9238"}],"version-history":[{"count":21,"href":"https:\/\/hand2noteguide.com\/it\/wp-json\/wp\/v2\/pages\/9238\/revisions"}],"predecessor-version":[{"id":15609,"href":"https:\/\/hand2noteguide.com\/it\/wp-json\/wp\/v2\/pages\/9238\/revisions\/15609"}],"up":[{"embeddable":true,"href":"https:\/\/hand2noteguide.com\/it\/wp-json\/wp\/v2\/pages\/9199"}],"wp:featuredmedia":[{"embeddable":true,"href":"https:\/\/hand2noteguide.com\/it\/wp-json\/wp\/v2\/media\/10119"}],"wp:attachment":[{"href":"https:\/\/hand2noteguide.com\/it\/wp-json\/wp\/v2\/media?parent=9238"}],"curies":[{"name":"wp","href":"https:\/\/api.w.org\/{rel}","templated":true}]}}