{"id":9242,"date":"2025-03-15T17:26:53","date_gmt":"2025-03-15T14:26:53","guid":{"rendered":"https:\/\/hand2noteguide.com\/?page_id=9242"},"modified":"2026-03-10T11:11:04","modified_gmt":"2026-03-10T08:11:04","slug":"export-import-aliases-in-hand2note","status":"publish","type":"page","link":"https:\/\/hand2noteguide.com\/it\/user-manual\/export-import-aliases-in-hand2note\/","title":{"rendered":"Esportare\/Importare alias in Hand2Note"},"content":{"rendered":"\n<p>Hand2Note ti consente di esportare e importare <a href=\"https:\/\/hand2noteguide.com\/it\/user-manual\/creating-and-using-aliases-in-hand2note\/\">alias<\/a> tramite file di testo, il che semplifica notevolmente il processo di creazione o trasferimento da un Hand2Note a un altro.<\/p>\n\n\n\n<div class=\"wp-block-group is-vertical is-content-justification-left is-layout-flex wp-container-core-group-is-layout-c0ca7d81 wp-block-group-is-layout-flex\">\n<p>Queste funzionalit\u00e0 saranno utili:<\/p>\n\n\n\n<div class=\"wp-block-group\"><div class=\"wp-block-group__inner-container is-layout-constrained wp-block-group-is-layout-constrained\">\n<ul class=\"wp-block-list\">\n<li>per coach o fondi che analizzano il gioco dei propri studenti utilizzando alias, poich\u00e9 crearli manualmente richiede tempo. L&#8217;esportazione e l&#8217;importazione automatizzeranno parzialmente questi passaggi;<\/li>\n\n\n\n<li>per i giocatori che stanno trasferendo le impostazioni di Hand2Note su un nuovo dispositivo e vogliono anche effettuare un trasferimento di alias.<\/li>\n<\/ul>\n<\/div><\/div>\n<\/div>\n\n\n\n<p>Le capacit\u00e0 di esportazione e importazione sono difficili da apprezzare appieno, perch\u00e9 non si tratta solo di un processo di automazione della creazione e dell&#8217;inserimento di alias, ma anche di facilitare la loro modifica, unione, divisione e molte altre funzionalit\u00e0 che sono molto pi\u00f9 facili da eseguire tramite file di testo piuttosto che manualmente nell&#8217;ambiente Hand2Note.<\/p>\n\n\n\n<h2 class=\"wp-block-heading\">Creare un file di testo alias<\/h2>\n\n\n\n<div class=\"wp-block-group\"><div class=\"wp-block-group__inner-container is-layout-constrained wp-block-group-is-layout-constrained\">\n<p>1) Crea un file di testo vuoto sul tuo desktop: fai clic con il tasto destro del mouse in uno spazio libero sul desktop e seleziona \u201cNuovo &#8211; Documento di testo\u201d:<\/p>\n\n\n\n<figure class=\"wp-block-image size-large\"><img loading=\"lazy\" decoding=\"async\" width=\"1024\" height=\"891\" src=\"http:\/\/hand2noteguide.com\/wp-content\/uploads\/2025\/04\/ex1-1024x891.jpg\" alt=\"\" class=\"wp-image-10130\" srcset=\"https:\/\/hand2noteguide.com\/wp-content\/uploads\/2025\/04\/ex1-1024x891.jpg 1024w, https:\/\/hand2noteguide.com\/wp-content\/uploads\/2025\/04\/ex1-300x261.jpg 300w, https:\/\/hand2noteguide.com\/wp-content\/uploads\/2025\/04\/ex1-768x668.jpg 768w, https:\/\/hand2noteguide.com\/wp-content\/uploads\/2025\/04\/ex1-772x672.jpg 772w, https:\/\/hand2noteguide.com\/wp-content\/uploads\/2025\/04\/ex1-624x543.jpg 624w, https:\/\/hand2noteguide.com\/wp-content\/uploads\/2025\/04\/ex1.jpg 1246w\" sizes=\"auto, (max-width: 1024px) 100vw, 1024px\" \/><\/figure>\n<\/div><\/div>\n\n\n\n<p><\/p>\n\n\n\n<p>2) Successivamente, imposta il nome del file di testo (in inglese e senza caratteri speciali) e aprilo; qui creerai un alias giocatore inserendo i dati di ciascun giocatore da una nuova riga nel seguente formato:<\/p>\n\n\n\n<p>NOME ALIAS, NICKNAME DEL GIOCATORE, NOME DELLA POKER ROOM<\/p>\n\n\n\n<p><\/p>\n\n\n\n<p>Nell&#8217;esempio nello screenshot qui sotto:<\/p>\n\n\n\n<ul class=\"wp-block-list\">\n<li>NOME ALIAS \u00e8 \u201c1\u201d<\/li>\n\n\n\n<li>NOME DELLA POKER ROOM \u00e8 \u201cPokerStars.\u201d <\/li>\n\n\n\n<li>virgola (\u201c,\u201d) &#8211; funge da separatore obbligatorio tra i dati di input <\/li>\n\n\n\n<li>NICKNAME DEL GIOCATORE &#8211; specificato tra il nome dell&#8217;alias e il nome della poker room, separato da virgole<\/li>\n<\/ul>\n\n\n\n<figure class=\"wp-block-image size-large\"><img loading=\"lazy\" decoding=\"async\" width=\"1024\" height=\"852\" src=\"http:\/\/hand2noteguide.com\/wp-content\/uploads\/2025\/04\/ex2-1024x852.jpg\" alt=\"\" class=\"wp-image-10131\" srcset=\"https:\/\/hand2noteguide.com\/wp-content\/uploads\/2025\/04\/ex2-1024x852.jpg 1024w, https:\/\/hand2noteguide.com\/wp-content\/uploads\/2025\/04\/ex2-300x250.jpg 300w, https:\/\/hand2noteguide.com\/wp-content\/uploads\/2025\/04\/ex2-768x639.jpg 768w, https:\/\/hand2noteguide.com\/wp-content\/uploads\/2025\/04\/ex2-772x642.jpg 772w, https:\/\/hand2noteguide.com\/wp-content\/uploads\/2025\/04\/ex2-624x519.jpg 624w, https:\/\/hand2noteguide.com\/wp-content\/uploads\/2025\/04\/ex2.jpg 1078w\" sizes=\"auto, (max-width: 1024px) 100vw, 1024px\" \/><\/figure>\n\n\n\n<div class=\"wp-block-group\"><div class=\"wp-block-group__inner-container is-layout-constrained wp-block-group-is-layout-constrained\">\n<p>Un elenco dei nomi delle poker room pi\u00f9 popolari per l&#8217;input:<\/p>\n\n\n\n<ul class=\"wp-block-list\">\n<li>PokerStars<\/li>\n\n\n\n<li>Pacific<\/li>\n\n\n\n<li>IPoker<\/li>\n\n\n\n<li>PokerBros<\/li>\n\n\n\n<li>PPPoker<\/li>\n\n\n\n<li>Xpoker<\/li>\n<\/ul>\n<\/div><\/div>\n\n\n\n<p><em>Se non vedi la tua poker room desiderata in questo elenco, chiedi al servizio clienti di Hand2Note il suo nome corretto, non dimenticare di specificare che \u00e8 necessario per creare un file di testo alias.<\/em><\/p>\n\n\n\n<p><\/p>\n\n\n\n<p>3) Dopo aver inserito tutti i dati, salva il file di testo in un luogo conveniente con l&#8217;estensione \u201cCSV\u201d (.csv). Questo pu\u00f2 essere fatto modificando la fine nel nome del file &#8211; dopo il punto da \u201c.txt\u201d a \u201c.csv\u201d e salvando questa modifica.<\/p>\n\n\n\n<figure class=\"wp-block-image size-full\"><img loading=\"lazy\" decoding=\"async\" width=\"435\" height=\"105\" src=\"http:\/\/hand2noteguide.com\/wp-content\/uploads\/2025\/04\/ex3.jpg\" alt=\"\" class=\"wp-image-10132\" srcset=\"https:\/\/hand2noteguide.com\/wp-content\/uploads\/2025\/04\/ex3.jpg 435w, https:\/\/hand2noteguide.com\/wp-content\/uploads\/2025\/04\/ex3-300x72.jpg 300w\" sizes=\"auto, (max-width: 435px) 100vw, 435px\" \/><\/figure>\n\n\n\n<p>4) Carica il file di testo alias creato in Hand2Note.<br>Per fare ci\u00f2, apri \u201cConfiguration\u201d nella finestra principale di Hand2Note, quindi vai alla scheda \u201cAliases\u201d e fai clic su \u201c+ Import From CSV\u201d, e nel menu di ricerca file aperto trova il file di testo alias che hai creato e selezionalo.<br><\/p>\n\n\n\n<figure class=\"wp-block-image size-large\"><img loading=\"lazy\" decoding=\"async\" width=\"1024\" height=\"551\" src=\"http:\/\/hand2noteguide.com\/wp-content\/uploads\/2025\/04\/ex4-1024x551.jpg\" alt=\"\" class=\"wp-image-10133\" srcset=\"https:\/\/hand2noteguide.com\/wp-content\/uploads\/2025\/04\/ex4-1024x551.jpg 1024w, https:\/\/hand2noteguide.com\/wp-content\/uploads\/2025\/04\/ex4-300x161.jpg 300w, https:\/\/hand2noteguide.com\/wp-content\/uploads\/2025\/04\/ex4-768x413.jpg 768w, https:\/\/hand2noteguide.com\/wp-content\/uploads\/2025\/04\/ex4-1536x827.jpg 1536w, https:\/\/hand2noteguide.com\/wp-content\/uploads\/2025\/04\/ex4-772x415.jpg 772w, https:\/\/hand2noteguide.com\/wp-content\/uploads\/2025\/04\/ex4-624x336.jpg 624w, https:\/\/hand2noteguide.com\/wp-content\/uploads\/2025\/04\/ex4.jpg 1600w\" sizes=\"auto, (max-width: 1024px) 100vw, 1024px\" \/><\/figure>\n\n\n\n<p>Se tutto \u00e8 stato fatto correttamente, l&#8217;alias apparir\u00e0 nell&#8217;elenco degli alias e sar\u00e0 disponibile per essere aperto e utilizzato tramite il menu Reports, Sessions o Statistics.<\/p>\n\n\n\n<p><br><em>Un&#8217;aggiunta utile:<br><br>Poco prima di caricare su Hand2Note &#8211; puoi anche modificare i file di testo \u201cCSV\u201d utilizzando un editor di tabelle, ad esempio \u201cMicrosoft Excel\u201d, oltre a crearli o modificarli utilizzando alcune reti neurali. Questo semplifica notevolmente ed estende le possibilit\u00e0 di analizzare, strutturare e modificare i dati all&#8217;interno del file; la cosa principale \u00e8 rispettare rigorosamente il formato di inserimento dei dati: <\/em><\/p>\n\n\n\n<p><em>NOME ALIAS, NICKNAME DEL GIOCATORE, NOME DELLA POKER ROOM.<\/em><\/p>\n\n\n\n<h2 class=\"wp-block-heading\">Esportare un alias in un file di testo<\/h2>\n\n\n\n<p>Per esportare alias da Hand2Note &#8211; nella finestra principale di Hand2Note apri \u201cConfiguration\u201d, quindi vai alla scheda \u201cAliases\u201d e fai clic su \u201c+ Export to CSV\u2026\u201d:<\/p>\n\n\n\n<figure class=\"wp-block-image size-large\"><img loading=\"lazy\" decoding=\"async\" width=\"1024\" height=\"545\" src=\"http:\/\/hand2noteguide.com\/wp-content\/uploads\/2025\/04\/ex5-1024x545.jpg\" alt=\"\" class=\"wp-image-10134\" srcset=\"https:\/\/hand2noteguide.com\/wp-content\/uploads\/2025\/04\/ex5-1024x545.jpg 1024w, https:\/\/hand2noteguide.com\/wp-content\/uploads\/2025\/04\/ex5-300x160.jpg 300w, https:\/\/hand2noteguide.com\/wp-content\/uploads\/2025\/04\/ex5-768x409.jpg 768w, https:\/\/hand2noteguide.com\/wp-content\/uploads\/2025\/04\/ex5-1536x818.jpg 1536w, https:\/\/hand2noteguide.com\/wp-content\/uploads\/2025\/04\/ex5-772x411.jpg 772w, https:\/\/hand2noteguide.com\/wp-content\/uploads\/2025\/04\/ex5-624x332.jpg 624w, https:\/\/hand2noteguide.com\/wp-content\/uploads\/2025\/04\/ex5.jpg 1600w\" sizes=\"auto, (max-width: 1024px) 100vw, 1024px\" \/><\/figure>\n\n\n\n<p><br>Dopo di che, specifica la posizione di salvataggio e dai un nome al file da salvare.<\/p>\n\n\n\n<h2 class=\"wp-block-heading\">In conclusione:<\/h2>\n\n\n\n<p>Non aver paura di sperimentare &#8211; creare, esportare e importare alias all&#8217;interno di grandi fondazioni o grandi gruppi di giocatori \u00e8 un&#8217;abilit\u00e0 estremamente importante e utile che offre ampie opportunit\u00e0 per analizzare, raggruppare, filtrare e valutare i giocatori &#8211; in un formato di gruppo. Questo pu\u00f2 facilitare notevolmente, espandere e sistematizzare le informazioni che ricevi.<\/p>\n","protected":false},"excerpt":{"rendered":"<p>Hand2Note ti consente di esportare e importare alias tramite file di testo, il che semplifica notevolmente il processo di creazione o trasferimento da un Hand2Note a un altro. Queste funzionalit\u00e0 saranno utili: Le capacit\u00e0 di esportazione e importazione sono difficili da apprezzare appieno, perch\u00e9 non si tratta solo di un processo di automazione della creazione &hellip; <a href=\"https:\/\/hand2noteguide.com\/it\/user-manual\/export-import-aliases-in-hand2note\/\" class=\"more-link\">Continue reading <span class=\"screen-reader-text\">Esportare\/Importare alias in Hand2Note<\/span><\/a><\/p>\n","protected":false},"author":3,"featured_media":10129,"parent":9199,"menu_order":0,"comment_status":"closed","ping_status":"closed","template":"","meta":{"footnotes":""},"class_list":["post-9242","page","type-page","status-publish","has-post-thumbnail","hentry"],"translation":{"provider":"WPGlobus","version":"3.0.2","language":"it","enabled_languages":["en","ru","pt","zh","es","fr","de","it","ja"],"languages":{"en":{"title":true,"content":true,"excerpt":false},"ru":{"title":true,"content":true,"excerpt":false},"pt":{"title":true,"content":true,"excerpt":false},"zh":{"title":true,"content":true,"excerpt":false},"es":{"title":true,"content":true,"excerpt":false},"fr":{"title":true,"content":true,"excerpt":false},"de":{"title":true,"content":true,"excerpt":false},"it":{"title":true,"content":true,"excerpt":false},"ja":{"title":true,"content":true,"excerpt":false}}},"yoast_head":"<!-- This site is optimized with the Yoast SEO plugin v27.0 - https:\/\/yoast.com\/product\/yoast-seo-wordpress\/ -->\n<title>Esportare\/Importare alias in Hand2Note<\/title>\n<meta name=\"description\" content=\"Scopri come creare, modificare, importare ed esportare file di alias giocatore in Hand2Note utilizzando il formato CSV per un&#039;efficace raggruppamento e analisi dei giocatori.\" \/>\n<meta name=\"robots\" content=\"index, follow, max-snippet:-1, max-image-preview:large, max-video-preview:-1\" \/>\n<link rel=\"canonical\" href=\"https:\/\/hand2noteguide.com\/user-manual\/export-import-aliases-in-hand2note\/\" \/>\n<meta property=\"og:locale\" content=\"it_IT\" \/>\n<meta property=\"og:type\" content=\"article\" \/>\n<meta property=\"og:title\" content=\"Esportare\/Importare alias in Hand2Note\" \/>\n<meta property=\"og:description\" content=\"Scopri come creare, modificare, importare ed esportare file di alias giocatore in Hand2Note utilizzando il formato CSV per un&#039;efficace raggruppamento e analisi dei giocatori.\" \/>\n<meta property=\"og:url\" content=\"https:\/\/hand2noteguide.com\/user-manual\/export-import-aliases-in-hand2note\/\" \/>\n<meta property=\"og:site_name\" content=\"Hand2Note Guide\" \/>\n<meta property=\"article:modified_time\" content=\"2026-03-10T08:11:04+00:00\" \/>\n<meta property=\"og:image\" content=\"https:\/\/hand2noteguide.com\/wp-content\/uploads\/2025\/04\/export-import-aliases.jpg\" \/>\n\t<meta property=\"og:image:width\" content=\"1600\" \/>\n\t<meta property=\"og:image:height\" content=\"1600\" \/>\n\t<meta property=\"og:image:type\" content=\"image\/jpeg\" \/>\n<meta name=\"twitter:card\" content=\"summary_large_image\" \/>\n<meta name=\"twitter:label1\" content=\"Est. reading time\" \/>\n\t<meta name=\"twitter:data1\" content=\"21 minutes\" \/>\n<!-- \/ Yoast SEO plugin. -->","yoast_head_json":{"title":"Esportare\/Importare alias in Hand2Note","description":"Scopri come creare, modificare, importare ed esportare file di alias giocatore in Hand2Note utilizzando il formato CSV per un'efficace raggruppamento e analisi dei giocatori.","robots":{"index":"index","follow":"follow","max-snippet":"max-snippet:-1","max-image-preview":"max-image-preview:large","max-video-preview":"max-video-preview:-1"},"canonical":"https:\/\/hand2noteguide.com\/user-manual\/export-import-aliases-in-hand2note\/","og_locale":"it_IT","og_type":"article","og_title":"Esportare\/Importare alias in Hand2Note","og_description":"Scopri come creare, modificare, importare ed esportare file di alias giocatore in Hand2Note utilizzando il formato CSV per un'efficace raggruppamento e analisi dei giocatori.","og_url":"https:\/\/hand2noteguide.com\/user-manual\/export-import-aliases-in-hand2note\/","og_site_name":"Hand2Note Guide","article_modified_time":"2026-03-10T08:11:04+00:00","og_image":[{"width":1600,"height":1600,"url":"https:\/\/hand2noteguide.com\/wp-content\/uploads\/2025\/04\/export-import-aliases.jpg","type":"image\/jpeg"}],"twitter_card":"summary_large_image","twitter_misc":{"Est. reading time":"21 minutes"},"schema":{"@context":"https:\/\/schema.org","@graph":[]}},"jetpack_sharing_enabled":true,"_links":{"self":[{"href":"https:\/\/hand2noteguide.com\/it\/wp-json\/wp\/v2\/pages\/9242","targetHints":{"allow":["GET"]}}],"collection":[{"href":"https:\/\/hand2noteguide.com\/it\/wp-json\/wp\/v2\/pages"}],"about":[{"href":"https:\/\/hand2noteguide.com\/it\/wp-json\/wp\/v2\/types\/page"}],"author":[{"embeddable":true,"href":"https:\/\/hand2noteguide.com\/it\/wp-json\/wp\/v2\/users\/3"}],"replies":[{"embeddable":true,"href":"https:\/\/hand2noteguide.com\/it\/wp-json\/wp\/v2\/comments?post=9242"}],"version-history":[{"count":33,"href":"https:\/\/hand2noteguide.com\/it\/wp-json\/wp\/v2\/pages\/9242\/revisions"}],"predecessor-version":[{"id":15610,"href":"https:\/\/hand2noteguide.com\/it\/wp-json\/wp\/v2\/pages\/9242\/revisions\/15610"}],"up":[{"embeddable":true,"href":"https:\/\/hand2noteguide.com\/it\/wp-json\/wp\/v2\/pages\/9199"}],"wp:featuredmedia":[{"embeddable":true,"href":"https:\/\/hand2noteguide.com\/it\/wp-json\/wp\/v2\/media\/10129"}],"wp:attachment":[{"href":"https:\/\/hand2noteguide.com\/it\/wp-json\/wp\/v2\/media?parent=9242"}],"curies":[{"name":"wp","href":"https:\/\/api.w.org\/{rel}","templated":true}]}}