{"id":9263,"date":"2025-03-19T18:08:46","date_gmt":"2025-03-19T15:08:46","guid":{"rendered":"https:\/\/hand2noteguide.com\/?page_id=9263"},"modified":"2026-03-10T11:11:49","modified_gmt":"2026-03-10T08:11:49","slug":"currency-display-settings-in-hand2note","status":"publish","type":"page","link":"https:\/\/hand2noteguide.com\/it\/user-manual\/currency-display-settings-in-hand2note\/","title":{"rendered":"Impostazioni di visualizzazione della valuta in Hand2Note"},"content":{"rendered":"\n<p>Hand2Note ti permette di effettuare impostazioni di valuta dettagliate che influenzano la visualizzazione del profitto o della perdita nei report e nelle sessioni.<\/p>\n\n\n\n<h2 class=\"wp-block-heading\">Quando giochi in diverse app di poker, il profitto o la perdita potrebbero non essere visualizzati correttamente<\/h2>\n\n\n\n<p>Ad esempio, quando hai alcune applicazioni che trasferiscono dati tramite l&#8217;auto-importazione delle mani in valuta USD ($) e altre in valuta CNY (\u00a5); allo stesso tempo, tutti gli account giocati sono nello stesso alias.<\/p>\n\n\n\n<p>Inoltre, sei consapevole che le applicazioni che forniscono dati di gioco tramite auto-importazione in valuta CNY (\u00a5) in realt\u00e0 non intendono la valuta CNY (\u00a5) ma piuttosto la valuta USD ($) con un rapporto di 1 a 1.<\/p>\n\n\n\n<p>Se non hai effettuato regolazioni di valuta, i tuoi dati appariranno cos\u00ec:<\/p>\n\n\n\n<figure class=\"wp-block-image size-full\"><img loading=\"lazy\" decoding=\"async\" width=\"812\" height=\"785\" src=\"http:\/\/hand2noteguide.com\/wp-content\/uploads\/2025\/04\/currency-2.jpg\" alt=\"\" class=\"wp-image-10142\" srcset=\"https:\/\/hand2noteguide.com\/wp-content\/uploads\/2025\/04\/currency-2.jpg 812w, https:\/\/hand2noteguide.com\/wp-content\/uploads\/2025\/04\/currency-2-300x290.jpg 300w, https:\/\/hand2noteguide.com\/wp-content\/uploads\/2025\/04\/currency-2-768x742.jpg 768w, https:\/\/hand2noteguide.com\/wp-content\/uploads\/2025\/04\/currency-2-772x746.jpg 772w, https:\/\/hand2noteguide.com\/wp-content\/uploads\/2025\/04\/currency-2-624x603.jpg 624w\" sizes=\"auto, (max-width: 812px) 100vw, 812px\" \/><\/figure>\n\n\n\n<p>Dove evidenziati sotto \u201c1\u201d ci sono i risultati degli account in-app con valuta USD ($), e sotto \u201c2\u201d ci sono i risultati degli account in-app con valuta CNY (\u00a5).<\/p>\n\n\n\n<p>Osserva pi\u00f9 da vicino la scheda \u201cRisultati\u201d &#8211; la colonna \u201cVinto\u201d contiene dati di risultati in valute diverse, che dalle impostazioni di base di H2N vengono convertiti al tasso di cambio mondiale dalla valuta CNY (\u00a5) alla valuta USD ($) e fornisce informazioni riassunte su questa colonna sotto la linea \u201cRiepilogo\u201d.<\/p>\n\n\n\n<p>Poich\u00e9 sai che il gioco nelle applicazioni con valuta CNY (\u00a5) per te \u00e8 effettivamente calcolato in valuta USD ($) nel rapporto di 1:1, questo tipo di impostazioni non \u00e8 adatto, perch\u00e9 le informazioni nella linea \u201cRiepilogo\u201d non sono corrette a causa della conversione al tasso errato per te.<\/p>\n\n\n\n<h2 class=\"wp-block-heading\">Per la corretta visualizzazione del profitto o della perdita, devi impostare le valute<\/h2>\n\n\n\n<p>Vai su \u201cConfigurazione\u201d, poi su \u201cValute\u201d e deseleziona \u201cAuto fetch from a stock exchange\u201d. Dopodich\u00e9, trova la colonna con il tasso di cambio richiesto (ad esempio: \u201cUSD\/CNY\u201d) e cambialo al rapporto richiesto (ad esempio: 1:1, cio\u00e8 al valore \u201c1\u201d).<\/p>\n\n\n\n<figure class=\"wp-block-image size-large\"><img loading=\"lazy\" decoding=\"async\" width=\"1024\" height=\"576\" src=\"http:\/\/hand2noteguide.com\/wp-content\/uploads\/2025\/04\/currency-3-1024x576.jpg\" alt=\"\" class=\"wp-image-10143\" srcset=\"https:\/\/hand2noteguide.com\/wp-content\/uploads\/2025\/04\/currency-3-1024x576.jpg 1024w, https:\/\/hand2noteguide.com\/wp-content\/uploads\/2025\/04\/currency-3-300x169.jpg 300w, https:\/\/hand2noteguide.com\/wp-content\/uploads\/2025\/04\/currency-3-768x432.jpg 768w, https:\/\/hand2noteguide.com\/wp-content\/uploads\/2025\/04\/currency-3-1536x864.jpg 1536w, https:\/\/hand2noteguide.com\/wp-content\/uploads\/2025\/04\/currency-3-772x434.jpg 772w, https:\/\/hand2noteguide.com\/wp-content\/uploads\/2025\/04\/currency-3-624x351.jpg 624w, https:\/\/hand2noteguide.com\/wp-content\/uploads\/2025\/04\/currency-3.jpg 1600w\" sizes=\"auto, (max-width: 1024px) 100vw, 1024px\" \/><\/figure>\n\n\n\n<p>Se tutto \u00e8 stato fatto correttamente, i tuoi dati cambieranno ai dati attuali come nell&#8217;esempio qui sotto:<\/p>\n\n\n\n<figure class=\"wp-block-image size-full\"><img loading=\"lazy\" decoding=\"async\" width=\"802\" height=\"784\" src=\"http:\/\/hand2noteguide.com\/wp-content\/uploads\/2025\/04\/currency-4.png\" alt=\"\" class=\"wp-image-10144\" srcset=\"https:\/\/hand2noteguide.com\/wp-content\/uploads\/2025\/04\/currency-4.png 802w, https:\/\/hand2noteguide.com\/wp-content\/uploads\/2025\/04\/currency-4-300x293.png 300w, https:\/\/hand2noteguide.com\/wp-content\/uploads\/2025\/04\/currency-4-768x751.png 768w, https:\/\/hand2noteguide.com\/wp-content\/uploads\/2025\/04\/currency-4-772x755.png 772w, https:\/\/hand2noteguide.com\/wp-content\/uploads\/2025\/04\/currency-4-624x610.png 624w\" sizes=\"auto, (max-width: 802px) 100vw, 802px\" \/><\/figure>\n\n\n\n<h2 class=\"wp-block-heading\">Quando giochi in diversi club con diversi valori di chip, l&#8217;impostazione \u201cClub Rates\u201d ti aiuter\u00e0<\/h2>\n\n\n\n<p>Per visualizzare correttamente la valuta quando giochi in club con diversi prezzi dei chip, devi andare su \u201cConfigurazione\u201d, poi selezionare la scheda \u201cClub Rates\u201d e cliccare su \u201cAdd Club Rates\u201d<\/p>\n\n\n\n<figure class=\"wp-block-image size-large\"><img loading=\"lazy\" decoding=\"async\" width=\"1024\" height=\"576\" src=\"http:\/\/hand2noteguide.com\/wp-content\/uploads\/2025\/04\/currency-5-1024x576.jpg\" alt=\"\" class=\"wp-image-10145\" srcset=\"https:\/\/hand2noteguide.com\/wp-content\/uploads\/2025\/04\/currency-5-1024x576.jpg 1024w, https:\/\/hand2noteguide.com\/wp-content\/uploads\/2025\/04\/currency-5-300x169.jpg 300w, https:\/\/hand2noteguide.com\/wp-content\/uploads\/2025\/04\/currency-5-768x432.jpg 768w, https:\/\/hand2noteguide.com\/wp-content\/uploads\/2025\/04\/currency-5-1536x864.jpg 1536w, https:\/\/hand2noteguide.com\/wp-content\/uploads\/2025\/04\/currency-5-772x434.jpg 772w, https:\/\/hand2noteguide.com\/wp-content\/uploads\/2025\/04\/currency-5-624x351.jpg 624w, https:\/\/hand2noteguide.com\/wp-content\/uploads\/2025\/04\/currency-5.jpg 1600w\" sizes=\"auto, (max-width: 1024px) 100vw, 1024px\" \/><\/figure>\n\n\n\n<p>Successivamente, nella finestra \u201cEdit Club Rates\u201d, seleziona l&#8217;applicazione desiderata dal menu a tendina \u201cPoker Site\u201d (1), specifica l&#8217;ID del club per la tua applicazione nel campo \u201cClub id\u201d (2) e di fronte ad esso nel campo \u201cChip in Usd\u201d (3) specifica il valore del chip in USD (puoi verificare il valore del chip con il tuo programma di affiliazione o agente che fornisce l&#8217;accesso al gioco in questo club). Dopo aver cliccato su \u201c+ Add Club Rate\u2026\u201d (4) ripeti i passaggi (1), (2) e (3) se \u00e8 necessario regolare il tasso per altri club.<\/p>\n\n\n\n<p>Una volta completate le impostazioni, clicca su \u201cOK\u201d (5).<\/p>\n\n\n\n<figure class=\"wp-block-image size-full\"><img loading=\"lazy\" decoding=\"async\" width=\"359\" height=\"348\" src=\"http:\/\/hand2noteguide.com\/wp-content\/uploads\/2025\/04\/currency-6.jpg\" alt=\"\" class=\"wp-image-10146\" srcset=\"https:\/\/hand2noteguide.com\/wp-content\/uploads\/2025\/04\/currency-6.jpg 359w, https:\/\/hand2noteguide.com\/wp-content\/uploads\/2025\/04\/currency-6-300x291.jpg 300w\" sizes=\"auto, (max-width: 359px) 100vw, 359px\" \/><\/figure>\n\n\n\n<p>Se tutto \u00e8 corretto, Hand2Note deve essere riavviato affinch\u00e9 le modifiche abbiano effetto e appaiano nei report e nelle sessioni.<\/p>\n","protected":false},"excerpt":{"rendered":"<p>Hand2Note ti permette di effettuare impostazioni di valuta dettagliate che influenzano la visualizzazione del profitto o della perdita nei report e nelle sessioni. Quando giochi in diverse app di poker, il profitto o la perdita potrebbero non essere visualizzati correttamente Ad esempio, quando hai alcune applicazioni che trasferiscono dati tramite l&#8217;auto-importazione delle mani in valuta &hellip; <a href=\"https:\/\/hand2noteguide.com\/it\/user-manual\/currency-display-settings-in-hand2note\/\" class=\"more-link\">Continue reading <span class=\"screen-reader-text\">Impostazioni di visualizzazione della valuta in Hand2Note<\/span><\/a><\/p>\n","protected":false},"author":3,"featured_media":10141,"parent":9199,"menu_order":0,"comment_status":"closed","ping_status":"closed","template":"","meta":{"footnotes":""},"class_list":["post-9263","page","type-page","status-publish","has-post-thumbnail","hentry"],"translation":{"provider":"WPGlobus","version":"3.0.2","language":"it","enabled_languages":["en","ru","pt","zh","es","fr","de","it","ja"],"languages":{"en":{"title":true,"content":true,"excerpt":false},"ru":{"title":true,"content":true,"excerpt":false},"pt":{"title":true,"content":true,"excerpt":false},"zh":{"title":true,"content":true,"excerpt":false},"es":{"title":true,"content":true,"excerpt":false},"fr":{"title":true,"content":true,"excerpt":false},"de":{"title":true,"content":true,"excerpt":false},"it":{"title":true,"content":true,"excerpt":false},"ja":{"title":true,"content":true,"excerpt":false}}},"yoast_head":"<!-- This site is optimized with the Yoast SEO plugin v27.0 - https:\/\/yoast.com\/product\/yoast-seo-wordpress\/ -->\n<title>Impostazioni di visualizzazione della valuta in Hand2Note<\/title>\n<meta name=\"description\" content=\"Imposta le valute e i tassi dei club in Hand2Note per garantire un tracciamento accurato del profitto\/perdita tra app con valute o valori di chip diversi.\" \/>\n<meta name=\"robots\" content=\"index, follow, max-snippet:-1, max-image-preview:large, max-video-preview:-1\" \/>\n<link rel=\"canonical\" href=\"https:\/\/hand2noteguide.com\/user-manual\/currency-display-settings-in-hand2note\/\" \/>\n<meta property=\"og:locale\" content=\"it_IT\" \/>\n<meta property=\"og:type\" content=\"article\" \/>\n<meta property=\"og:title\" content=\"Impostazioni di visualizzazione della valuta in Hand2Note\" \/>\n<meta property=\"og:description\" content=\"Imposta le valute e i tassi dei club in Hand2Note per garantire un tracciamento accurato del profitto\/perdita tra app con valute o valori di chip diversi.\" \/>\n<meta property=\"og:url\" content=\"https:\/\/hand2noteguide.com\/user-manual\/currency-display-settings-in-hand2note\/\" \/>\n<meta property=\"og:site_name\" content=\"Hand2Note Guide\" \/>\n<meta property=\"article:modified_time\" content=\"2026-03-10T08:11:49+00:00\" \/>\n<meta property=\"og:image\" content=\"https:\/\/hand2noteguide.com\/wp-content\/uploads\/2025\/04\/currency-1.jpg\" \/>\n\t<meta property=\"og:image:width\" content=\"1600\" \/>\n\t<meta property=\"og:image:height\" content=\"1067\" \/>\n\t<meta property=\"og:image:type\" content=\"image\/jpeg\" \/>\n<meta name=\"twitter:card\" content=\"summary_large_image\" \/>\n<meta name=\"twitter:label1\" content=\"Est. reading time\" \/>\n\t<meta name=\"twitter:data1\" content=\"16 minutes\" \/>\n<!-- \/ Yoast SEO plugin. -->","yoast_head_json":{"title":"Impostazioni di visualizzazione della valuta in Hand2Note","description":"Imposta le valute e i tassi dei club in Hand2Note per garantire un tracciamento accurato del profitto\/perdita tra app con valute o valori di chip diversi.","robots":{"index":"index","follow":"follow","max-snippet":"max-snippet:-1","max-image-preview":"max-image-preview:large","max-video-preview":"max-video-preview:-1"},"canonical":"https:\/\/hand2noteguide.com\/user-manual\/currency-display-settings-in-hand2note\/","og_locale":"it_IT","og_type":"article","og_title":"Impostazioni di visualizzazione della valuta in Hand2Note","og_description":"Imposta le valute e i tassi dei club in Hand2Note per garantire un tracciamento accurato del profitto\/perdita tra app con valute o valori di chip diversi.","og_url":"https:\/\/hand2noteguide.com\/user-manual\/currency-display-settings-in-hand2note\/","og_site_name":"Hand2Note Guide","article_modified_time":"2026-03-10T08:11:49+00:00","og_image":[{"width":1600,"height":1067,"url":"https:\/\/hand2noteguide.com\/wp-content\/uploads\/2025\/04\/currency-1.jpg","type":"image\/jpeg"}],"twitter_card":"summary_large_image","twitter_misc":{"Est. reading time":"16 minutes"},"schema":{"@context":"https:\/\/schema.org","@graph":[]}},"jetpack_sharing_enabled":true,"_links":{"self":[{"href":"https:\/\/hand2noteguide.com\/it\/wp-json\/wp\/v2\/pages\/9263","targetHints":{"allow":["GET"]}}],"collection":[{"href":"https:\/\/hand2noteguide.com\/it\/wp-json\/wp\/v2\/pages"}],"about":[{"href":"https:\/\/hand2noteguide.com\/it\/wp-json\/wp\/v2\/types\/page"}],"author":[{"embeddable":true,"href":"https:\/\/hand2noteguide.com\/it\/wp-json\/wp\/v2\/users\/3"}],"replies":[{"embeddable":true,"href":"https:\/\/hand2noteguide.com\/it\/wp-json\/wp\/v2\/comments?post=9263"}],"version-history":[{"count":33,"href":"https:\/\/hand2noteguide.com\/it\/wp-json\/wp\/v2\/pages\/9263\/revisions"}],"predecessor-version":[{"id":15611,"href":"https:\/\/hand2noteguide.com\/it\/wp-json\/wp\/v2\/pages\/9263\/revisions\/15611"}],"up":[{"embeddable":true,"href":"https:\/\/hand2noteguide.com\/it\/wp-json\/wp\/v2\/pages\/9199"}],"wp:featuredmedia":[{"embeddable":true,"href":"https:\/\/hand2noteguide.com\/it\/wp-json\/wp\/v2\/media\/10141"}],"wp:attachment":[{"href":"https:\/\/hand2noteguide.com\/it\/wp-json\/wp\/v2\/media?parent=9263"}],"curies":[{"name":"wp","href":"https:\/\/api.w.org\/{rel}","templated":true}]}}