{"id":9299,"date":"2025-03-20T01:00:47","date_gmt":"2025-03-19T22:00:47","guid":{"rendered":"https:\/\/hand2noteguide.com\/?page_id=9299"},"modified":"2026-03-10T11:12:55","modified_gmt":"2026-03-10T08:12:55","slug":"setting-up-an-auto-import-in-hand2note","status":"publish","type":"page","link":"https:\/\/hand2noteguide.com\/it\/user-manual\/setting-up-an-auto-import-in-hand2note\/","title":{"rendered":"Configurazione dell&#8217;importazione automatica in Hand2Note"},"content":{"rendered":"\n<p>Quando si gioca nella maggior parte delle poker room classiche con Hand2Note, la funzione di auto-importazione deve essere impostata correttamente.<\/p>\n\n\n\n<p>\u00c8 responsabile della raccolta delle statistiche che avvengono ai tavoli &#8211; nel corso delle mani. Questo a sua volta permette di elaborare e aggiornare immediatamente le statistiche sui tuoi avversari nell&#8217;HUD e nel POPUP.<\/p>\n\n\n\n<h2 class=\"wp-block-heading\">Istruzioni generali passo-passo per configurare l&#8217;Auto Import<\/h2>\n\n\n\n<p>La configurazione dell&#8217;auto-importazione consiste in diversi passaggi:<\/p>\n\n\n\n<ol class=\"wp-block-list\">\n<li>Abilitare la funzione di salvataggio delle mani locali nel client della poker room;<\/li>\n\n\n\n<li>Trovare e copiare il percorso della posizione della cartella di salvataggio locale del client di poker;<\/li>\n\n\n\n<li>Aprire in Hand2Note &#8211; &#8220;Configuration&#8221;, quindi andare alla scheda &#8220;Auto import&#8221; e fare clic sul pulsante &#8220;+ Add auto import folder\u2026&#8221;;<\/li>\n\n\n\n<li>Nella finestra di ricerca della cartella, specificare il percorso della posizione precedentemente copiata della cartella di salvataggio locale del client di poker.<\/li>\n<\/ol>\n\n\n\n<p>Se tutto \u00e8 stato fatto correttamente, la funzione di auto-importazione funzioner\u00e0. Sar\u00e0 possibile assicurarsi che nel momento in cui si gioca ai tavoli, le statistiche verranno raccolte e modificate &#8211; nel corso delle mani.<\/p>\n\n\n\n<h3 class=\"wp-block-heading\">Esempi di configurazione della funzione di auto-importazione di Hand2Note quando si gioca nei siti di poker popolari<\/h3>\n\n\n\n<figure class=\"wp-block-gallery has-nested-images columns-3 is-cropped wp-block-gallery-1 is-layout-flex wp-block-gallery-is-layout-flex\">\n<figure class=\"wp-block-image size-full\"><img loading=\"lazy\" decoding=\"async\" width=\"2312\" height=\"945\" data-id=\"9331\" src=\"https:\/\/hand2noteguide.com\/wp-content\/uploads\/2025\/03\/PS-1.png\" alt=\"\" class=\"wp-image-9331\" srcset=\"https:\/\/hand2noteguide.com\/wp-content\/uploads\/2025\/03\/PS-1.png 2312w, https:\/\/hand2noteguide.com\/wp-content\/uploads\/2025\/03\/PS-1-300x123.png 300w, https:\/\/hand2noteguide.com\/wp-content\/uploads\/2025\/03\/PS-1-1024x419.png 1024w, https:\/\/hand2noteguide.com\/wp-content\/uploads\/2025\/03\/PS-1-768x314.png 768w, https:\/\/hand2noteguide.com\/wp-content\/uploads\/2025\/03\/PS-1-1536x628.png 1536w, https:\/\/hand2noteguide.com\/wp-content\/uploads\/2025\/03\/PS-1-2048x837.png 2048w, https:\/\/hand2noteguide.com\/wp-content\/uploads\/2025\/03\/PS-1-772x316.png 772w, https:\/\/hand2noteguide.com\/wp-content\/uploads\/2025\/03\/PS-1-624x255.png 624w\" sizes=\"auto, (max-width: 2312px) 100vw, 2312px\" \/><figcaption class=\"wp-element-caption\">PokerStars<\/figcaption><\/figure>\n\n\n\n<figure class=\"wp-block-image size-full\"><img loading=\"lazy\" decoding=\"async\" width=\"1799\" height=\"868\" data-id=\"9333\" src=\"https:\/\/hand2noteguide.com\/wp-content\/uploads\/2025\/03\/888-1.png\" alt=\"\" class=\"wp-image-9333\" srcset=\"https:\/\/hand2noteguide.com\/wp-content\/uploads\/2025\/03\/888-1.png 1799w, https:\/\/hand2noteguide.com\/wp-content\/uploads\/2025\/03\/888-1-300x145.png 300w, https:\/\/hand2noteguide.com\/wp-content\/uploads\/2025\/03\/888-1-1024x494.png 1024w, https:\/\/hand2noteguide.com\/wp-content\/uploads\/2025\/03\/888-1-768x371.png 768w, https:\/\/hand2noteguide.com\/wp-content\/uploads\/2025\/03\/888-1-1536x741.png 1536w, https:\/\/hand2noteguide.com\/wp-content\/uploads\/2025\/03\/888-1-772x372.png 772w, https:\/\/hand2noteguide.com\/wp-content\/uploads\/2025\/03\/888-1-624x301.png 624w\" sizes=\"auto, (max-width: 1799px) 100vw, 1799px\" \/><figcaption class=\"wp-element-caption\">888Poker (Pacific)<\/figcaption><\/figure>\n\n\n\n<figure class=\"wp-block-image size-full\"><img loading=\"lazy\" decoding=\"async\" width=\"1885\" height=\"712\" data-id=\"9330\" src=\"https:\/\/hand2noteguide.com\/wp-content\/uploads\/2025\/03\/EvenBet-Platform-SW\u0421-Poker-1.png\" alt=\"\" class=\"wp-image-9330\" srcset=\"https:\/\/hand2noteguide.com\/wp-content\/uploads\/2025\/03\/EvenBet-Platform-SW\u0421-Poker-1.png 1885w, https:\/\/hand2noteguide.com\/wp-content\/uploads\/2025\/03\/EvenBet-Platform-SW\u0421-Poker-1-300x113.png 300w, https:\/\/hand2noteguide.com\/wp-content\/uploads\/2025\/03\/EvenBet-Platform-SW\u0421-Poker-1-1024x387.png 1024w, https:\/\/hand2noteguide.com\/wp-content\/uploads\/2025\/03\/EvenBet-Platform-SW\u0421-Poker-1-768x290.png 768w, https:\/\/hand2noteguide.com\/wp-content\/uploads\/2025\/03\/EvenBet-Platform-SW\u0421-Poker-1-1536x580.png 1536w, https:\/\/hand2noteguide.com\/wp-content\/uploads\/2025\/03\/EvenBet-Platform-SW\u0421-Poker-1-772x292.png 772w, https:\/\/hand2noteguide.com\/wp-content\/uploads\/2025\/03\/EvenBet-Platform-SW\u0421-Poker-1-624x236.png 624w\" sizes=\"auto, (max-width: 1885px) 100vw, 1885px\" \/><figcaption class=\"wp-element-caption\">Piattaforma EvenBet (SW\u0421 Poker)<\/figcaption><\/figure>\n\n\n\n<figure class=\"wp-block-image size-full\"><img loading=\"lazy\" decoding=\"async\" width=\"1831\" height=\"769\" data-id=\"9332\" src=\"https:\/\/hand2noteguide.com\/wp-content\/uploads\/2025\/03\/Winamax-1.png\" alt=\"\" class=\"wp-image-9332\" srcset=\"https:\/\/hand2noteguide.com\/wp-content\/uploads\/2025\/03\/Winamax-1.png 1831w, https:\/\/hand2noteguide.com\/wp-content\/uploads\/2025\/03\/Winamax-1-300x126.png 300w, https:\/\/hand2noteguide.com\/wp-content\/uploads\/2025\/03\/Winamax-1-1024x430.png 1024w, https:\/\/hand2noteguide.com\/wp-content\/uploads\/2025\/03\/Winamax-1-768x323.png 768w, https:\/\/hand2noteguide.com\/wp-content\/uploads\/2025\/03\/Winamax-1-1536x645.png 1536w, https:\/\/hand2noteguide.com\/wp-content\/uploads\/2025\/03\/Winamax-1-772x324.png 772w, https:\/\/hand2noteguide.com\/wp-content\/uploads\/2025\/03\/Winamax-1-624x262.png 624w\" sizes=\"auto, (max-width: 1831px) 100vw, 1831px\" \/><figcaption class=\"wp-element-caption\">Winamax<\/figcaption><\/figure>\n\n\n\n<figure class=\"wp-block-image size-full\"><img loading=\"lazy\" decoding=\"async\" width=\"1918\" height=\"740\" data-id=\"9334\" src=\"https:\/\/hand2noteguide.com\/wp-content\/uploads\/2025\/03\/WPN-1.png\" alt=\"\" class=\"wp-image-9334\" srcset=\"https:\/\/hand2noteguide.com\/wp-content\/uploads\/2025\/03\/WPN-1.png 1918w, https:\/\/hand2noteguide.com\/wp-content\/uploads\/2025\/03\/WPN-1-300x116.png 300w, https:\/\/hand2noteguide.com\/wp-content\/uploads\/2025\/03\/WPN-1-1024x395.png 1024w, https:\/\/hand2noteguide.com\/wp-content\/uploads\/2025\/03\/WPN-1-768x296.png 768w, https:\/\/hand2noteguide.com\/wp-content\/uploads\/2025\/03\/WPN-1-1536x593.png 1536w, https:\/\/hand2noteguide.com\/wp-content\/uploads\/2025\/03\/WPN-1-772x298.png 772w, https:\/\/hand2noteguide.com\/wp-content\/uploads\/2025\/03\/WPN-1-624x241.png 624w\" sizes=\"auto, (max-width: 1918px) 100vw, 1918px\" \/><figcaption class=\"wp-element-caption\">ACR Poker (WPN)<\/figcaption><\/figure>\n<\/figure>\n\n\n\n<h3 class=\"wp-block-heading\">Esempio di configurazione dell&#8217;auto-importazione per la poker room &#8220;RedStar&#8221;<\/h3>\n\n\n\n<p>La prima cosa da fare \u00e8 trovare e abilitare la funzione di salvataggio delle mani locali nel client di poker. Per fare ci\u00f2, passa il mouse sopra l&#8217;icona dell&#8217;avatar nell&#8217;angolo in alto a sinistra del client di poker (1) e fai clic su \u201cSettings\u201d (2). Successivamente, trova l&#8217;elemento \u201cStore hand history locally\u201d e seleziona la casella (3).<\/p>\n\n\n\n<figure class=\"wp-block-image size-full\"><img loading=\"lazy\" decoding=\"async\" width=\"1001\" height=\"718\" src=\"https:\/\/hand2noteguide.com\/wp-content\/uploads\/2025\/03\/RedStar.jpg\" alt=\"\" class=\"wp-image-9311\" srcset=\"https:\/\/hand2noteguide.com\/wp-content\/uploads\/2025\/03\/RedStar.jpg 1001w, https:\/\/hand2noteguide.com\/wp-content\/uploads\/2025\/03\/RedStar-300x215.jpg 300w, https:\/\/hand2noteguide.com\/wp-content\/uploads\/2025\/03\/RedStar-768x551.jpg 768w, https:\/\/hand2noteguide.com\/wp-content\/uploads\/2025\/03\/RedStar-772x554.jpg 772w, https:\/\/hand2noteguide.com\/wp-content\/uploads\/2025\/03\/RedStar-624x448.jpg 624w\" sizes=\"auto, (max-width: 1001px) 100vw, 1001px\" \/><\/figure>\n\n\n\n<p>Successivamente, chiudi il client di poker, trova il suo collegamento sul desktop e fai clic su di esso con il tasto destro del mouse (RMB), nell&#8217;elenco a discesa, seleziona \u201cOpen file location\u201d.<\/p>\n\n\n\n<figure class=\"wp-block-image size-full\"><img loading=\"lazy\" decoding=\"async\" width=\"530\" height=\"517\" src=\"https:\/\/hand2noteguide.com\/wp-content\/uploads\/2025\/03\/\u0411\u0435\u0437-\u0438\u043c\u0435\u043d\u0438-2.jpg\" alt=\"\" class=\"wp-image-9312\" srcset=\"https:\/\/hand2noteguide.com\/wp-content\/uploads\/2025\/03\/\u0411\u0435\u0437-\u0438\u043c\u0435\u043d\u0438-2.jpg 530w, https:\/\/hand2noteguide.com\/wp-content\/uploads\/2025\/03\/\u0411\u0435\u0437-\u0438\u043c\u0435\u043d\u0438-2-300x293.jpg 300w\" sizes=\"auto, (max-width: 530px) 100vw, 530px\" \/><\/figure>\n\n\n\n<p>Dopo aver aperto la cartella principale del client di poker, sar\u00e0 necessario trovare la cartella di salvataggio locale delle mani, aprirla e copiarne il percorso.<\/p>\n\n\n\n<p>Nella maggior parte dei casi si trova nella cartella \u201cdata\u201d (1) e ha il nickname del giocatore nel suo nome (nell&#8217;esempio qui sotto &#8211; \u201cHero_nickname\u201d (2)). Copia il percorso della cartella \u201cHero_nickname\u201d facendo clic con il tasto destro sulla barra degli indirizzi nella parte superiore della finestra (3) e fai clic su \u201cCopy\u201d (4).<\/p>\n\n\n\n<figure class=\"wp-block-image size-large\"><img loading=\"lazy\" decoding=\"async\" width=\"1024\" height=\"599\" src=\"https:\/\/hand2noteguide.com\/wp-content\/uploads\/2025\/03\/\u0411\u0435\u0437-\u0438\u043c\u0435\u043d\u0438-3-1024x599.jpg\" alt=\"\" class=\"wp-image-9313\" srcset=\"https:\/\/hand2noteguide.com\/wp-content\/uploads\/2025\/03\/\u0411\u0435\u0437-\u0438\u043c\u0435\u043d\u0438-3-1024x599.jpg 1024w, https:\/\/hand2noteguide.com\/wp-content\/uploads\/2025\/03\/\u0411\u0435\u0437-\u0438\u043c\u0435\u043d\u0438-3-300x176.jpg 300w, https:\/\/hand2noteguide.com\/wp-content\/uploads\/2025\/03\/\u0411\u0435\u0437-\u0438\u043c\u0435\u043d\u0438-3-768x449.jpg 768w, https:\/\/hand2noteguide.com\/wp-content\/uploads\/2025\/03\/\u0411\u0435\u0437-\u0438\u043c\u0435\u043d\u0438-3-1536x899.jpg 1536w, https:\/\/hand2noteguide.com\/wp-content\/uploads\/2025\/03\/\u0411\u0435\u0437-\u0438\u043c\u0435\u043d\u0438-3-772x452.jpg 772w, https:\/\/hand2noteguide.com\/wp-content\/uploads\/2025\/03\/\u0411\u0435\u0437-\u0438\u043c\u0435\u043d\u0438-3-624x365.jpg 624w, https:\/\/hand2noteguide.com\/wp-content\/uploads\/2025\/03\/\u0411\u0435\u0437-\u0438\u043c\u0435\u043d\u0438-3.jpg 1806w\" sizes=\"auto, (max-width: 1024px) 100vw, 1024px\" \/><\/figure>\n\n\n\n<p>Ora apri Hand2Note, trova e fai clic su \u201cConfiguration\u201d (1), \u201cAuto import\u201d (2) e in esso fai clic sul pulsante \u201c+ Add auto import folder\u2026\u201d. (3). Nella finestra di ricerca della cartella aperta specifica il percorso della posizione precedentemente copiata della cartella di salvataggio locale del client di poker (4), assicurati che sia esattamente la cartella aperta nella finestra di ricerca della cartella e fai clic su \u201cSelect a folder\u201d (5).<\/p>\n\n\n\n<figure class=\"wp-block-image size-large\"><img loading=\"lazy\" decoding=\"async\" width=\"1024\" height=\"549\" src=\"https:\/\/hand2noteguide.com\/wp-content\/uploads\/2025\/03\/\u0411\u0435\u0437-\u0438\u043c\u0435\u043d\u0438-1-1024x549.jpg\" alt=\"\" class=\"wp-image-9314\" srcset=\"https:\/\/hand2noteguide.com\/wp-content\/uploads\/2025\/03\/\u0411\u0435\u0437-\u0438\u043c\u0435\u043d\u0438-1-1024x549.jpg 1024w, https:\/\/hand2noteguide.com\/wp-content\/uploads\/2025\/03\/\u0411\u0435\u0437-\u0438\u043c\u0435\u043d\u0438-1-300x161.jpg 300w, https:\/\/hand2noteguide.com\/wp-content\/uploads\/2025\/03\/\u0411\u0435\u0437-\u0438\u043c\u0435\u043d\u0438-1-768x412.jpg 768w, https:\/\/hand2noteguide.com\/wp-content\/uploads\/2025\/03\/\u0411\u0435\u0437-\u0438\u043c\u0435\u043d\u0438-1-1536x824.jpg 1536w, https:\/\/hand2noteguide.com\/wp-content\/uploads\/2025\/03\/\u0411\u0435\u0437-\u0438\u043c\u0435\u043d\u0438-1-772x414.jpg 772w, https:\/\/hand2noteguide.com\/wp-content\/uploads\/2025\/03\/\u0411\u0435\u0437-\u0438\u043c\u0435\u043d\u0438-1-624x335.jpg 624w, https:\/\/hand2noteguide.com\/wp-content\/uploads\/2025\/03\/\u0411\u0435\u0437-\u0438\u043c\u0435\u043d\u0438-1.jpg 1914w\" sizes=\"auto, (max-width: 1024px) 100vw, 1024px\" \/><\/figure>\n\n\n\n<p>Per assicurarsi che l&#8217;auto-importazione sia configurata correttamente, sar\u00e0 sufficiente sedersi ai tavoli e giocare un piccolo numero di mani. Presta attenzione all&#8217;HUD e al POPUP, noterai che i valori delle statistiche cambiano con ogni mano giocata in base all&#8217;azione in corso ai tavoli.<\/p>\n\n\n\n<p>Vedi anche: <a href=\"https:\/\/hand2note.com\/Help\/getting-started\" target=\"_blank\" rel=\"noreferrer noopener\">Manuale ufficiale di Hand2Note: Guida introduttiva<\/a>.<\/p>\n","protected":false},"excerpt":{"rendered":"<p>Quando si gioca nella maggior parte delle poker room classiche con Hand2Note, la funzione di auto-importazione deve essere impostata correttamente. \u00c8 responsabile della raccolta delle statistiche che avvengono ai tavoli &#8211; nel corso delle mani. Questo a sua volta permette di elaborare e aggiornare immediatamente le statistiche sui tuoi avversari nell&#8217;HUD e nel POPUP. Istruzioni &hellip; <a href=\"https:\/\/hand2noteguide.com\/it\/user-manual\/setting-up-an-auto-import-in-hand2note\/\" class=\"more-link\">Continue reading <span class=\"screen-reader-text\">Configurazione dell&#8217;importazione automatica in Hand2Note<\/span><\/a><\/p>\n","protected":false},"author":3,"featured_media":9304,"parent":9199,"menu_order":0,"comment_status":"closed","ping_status":"closed","template":"","meta":{"footnotes":""},"class_list":["post-9299","page","type-page","status-publish","has-post-thumbnail","hentry"],"translation":{"provider":"WPGlobus","version":"3.0.2","language":"it","enabled_languages":["en","ru","pt","zh","es","fr","de","it","ja"],"languages":{"en":{"title":true,"content":true,"excerpt":false},"ru":{"title":true,"content":true,"excerpt":false},"pt":{"title":true,"content":true,"excerpt":false},"zh":{"title":true,"content":true,"excerpt":false},"es":{"title":true,"content":true,"excerpt":false},"fr":{"title":true,"content":true,"excerpt":false},"de":{"title":true,"content":true,"excerpt":false},"it":{"title":true,"content":true,"excerpt":false},"ja":{"title":true,"content":true,"excerpt":false}}},"yoast_head":"<!-- This site is optimized with the Yoast SEO plugin v27.0 - https:\/\/yoast.com\/product\/yoast-seo-wordpress\/ -->\n<title>Configurazione dell&#039;importazione automatica in Hand2Note<\/title>\n<meta name=\"description\" content=\"Configura l&#039;auto-importazione di Hand2Note per tracciare le mani in tempo reale e aggiornare le statistiche dell&#039;HUD in poker room come PokerStars, 888Poker e ACR.\" \/>\n<meta name=\"robots\" content=\"index, follow, max-snippet:-1, max-image-preview:large, max-video-preview:-1\" \/>\n<link rel=\"canonical\" href=\"https:\/\/hand2noteguide.com\/user-manual\/setting-up-an-auto-import-in-hand2note\/\" \/>\n<meta property=\"og:locale\" content=\"it_IT\" \/>\n<meta property=\"og:type\" content=\"article\" \/>\n<meta property=\"og:title\" content=\"Configurazione dell&#039;importazione automatica in Hand2Note\" \/>\n<meta property=\"og:description\" content=\"Configura l&#039;auto-importazione di Hand2Note per tracciare le mani in tempo reale e aggiornare le statistiche dell&#039;HUD in poker room come PokerStars, 888Poker e ACR.\" \/>\n<meta property=\"og:url\" content=\"https:\/\/hand2noteguide.com\/user-manual\/setting-up-an-auto-import-in-hand2note\/\" \/>\n<meta property=\"og:site_name\" content=\"Hand2Note Guide\" \/>\n<meta property=\"article:modified_time\" content=\"2026-03-10T08:12:55+00:00\" \/>\n<meta property=\"og:image\" content=\"https:\/\/hand2noteguide.com\/wp-content\/uploads\/2025\/03\/Base_new_HUD_prev.jpg\" \/>\n\t<meta property=\"og:image:width\" content=\"1413\" \/>\n\t<meta property=\"og:image:height\" content=\"832\" \/>\n\t<meta property=\"og:image:type\" content=\"image\/jpeg\" \/>\n<meta name=\"twitter:card\" content=\"summary_large_image\" \/>\n<meta name=\"twitter:label1\" content=\"Est. reading time\" \/>\n\t<meta name=\"twitter:data1\" content=\"5 minutes\" \/>\n<!-- \/ Yoast SEO plugin. -->","yoast_head_json":{"title":"Configurazione dell'importazione automatica in Hand2Note","description":"Configura l'auto-importazione di Hand2Note per tracciare le mani in tempo reale e aggiornare le statistiche dell'HUD in poker room come PokerStars, 888Poker e ACR.","robots":{"index":"index","follow":"follow","max-snippet":"max-snippet:-1","max-image-preview":"max-image-preview:large","max-video-preview":"max-video-preview:-1"},"canonical":"https:\/\/hand2noteguide.com\/user-manual\/setting-up-an-auto-import-in-hand2note\/","og_locale":"it_IT","og_type":"article","og_title":"Configurazione dell'importazione automatica in Hand2Note","og_description":"Configura l'auto-importazione di Hand2Note per tracciare le mani in tempo reale e aggiornare le statistiche dell'HUD in poker room come PokerStars, 888Poker e ACR.","og_url":"https:\/\/hand2noteguide.com\/user-manual\/setting-up-an-auto-import-in-hand2note\/","og_site_name":"Hand2Note Guide","article_modified_time":"2026-03-10T08:12:55+00:00","og_image":[{"width":1413,"height":832,"url":"https:\/\/hand2noteguide.com\/wp-content\/uploads\/2025\/03\/Base_new_HUD_prev.jpg","type":"image\/jpeg"}],"twitter_card":"summary_large_image","twitter_misc":{"Est. reading time":"5 minutes"},"schema":{"@context":"https:\/\/schema.org","@graph":[]}},"jetpack_sharing_enabled":true,"_links":{"self":[{"href":"https:\/\/hand2noteguide.com\/it\/wp-json\/wp\/v2\/pages\/9299","targetHints":{"allow":["GET"]}}],"collection":[{"href":"https:\/\/hand2noteguide.com\/it\/wp-json\/wp\/v2\/pages"}],"about":[{"href":"https:\/\/hand2noteguide.com\/it\/wp-json\/wp\/v2\/types\/page"}],"author":[{"embeddable":true,"href":"https:\/\/hand2noteguide.com\/it\/wp-json\/wp\/v2\/users\/3"}],"replies":[{"embeddable":true,"href":"https:\/\/hand2noteguide.com\/it\/wp-json\/wp\/v2\/comments?post=9299"}],"version-history":[{"count":44,"href":"https:\/\/hand2noteguide.com\/it\/wp-json\/wp\/v2\/pages\/9299\/revisions"}],"predecessor-version":[{"id":15612,"href":"https:\/\/hand2noteguide.com\/it\/wp-json\/wp\/v2\/pages\/9299\/revisions\/15612"}],"up":[{"embeddable":true,"href":"https:\/\/hand2noteguide.com\/it\/wp-json\/wp\/v2\/pages\/9199"}],"wp:featuredmedia":[{"embeddable":true,"href":"https:\/\/hand2noteguide.com\/it\/wp-json\/wp\/v2\/media\/9304"}],"wp:attachment":[{"href":"https:\/\/hand2noteguide.com\/it\/wp-json\/wp\/v2\/media?parent=9299"}],"curies":[{"name":"wp","href":"https:\/\/api.w.org\/{rel}","templated":true}]}}