{"id":95,"date":"2018-07-30T02:09:53","date_gmt":"2018-07-29T23:09:53","guid":{"rendered":"https:\/\/h2n312.wordpress.com\/?page_id=95"},"modified":"2025-06-04T19:19:09","modified_gmt":"2025-06-04T16:19:09","slug":"h2n-takes-much-space","status":"publish","type":"page","link":"https:\/\/hand2noteguide.com\/it\/issues-resolving\/h2n-takes-much-space\/","title":{"rendered":"Hand2Note occupa troppo spazio"},"content":{"rendered":"\n<p>Per impostazione predefinita, la cartella di Hand2Note si trova in <strong>C:\/Program Files\/Hand2Note<\/strong>. Se questa cartella occupa troppo spazio, molto probabilmente, la maggior parte dello spazio \u00e8 occupata dai file di log (cartella <strong>logs<\/strong>).<\/p>\n\n\n\n<figure class=\"wp-block-image\"><img loading=\"lazy\" decoding=\"async\" width=\"827\" height=\"549\" src=\"https:\/\/hand2noteguide.com\/wp-content\/uploads\/2020\/04\/hand2note-logs-folder.png\" alt=\"hand2note logs folder\" class=\"wp-image-2237\" srcset=\"https:\/\/hand2noteguide.com\/wp-content\/uploads\/2020\/04\/hand2note-logs-folder.png 827w, https:\/\/hand2noteguide.com\/wp-content\/uploads\/2020\/04\/hand2note-logs-folder-300x199.png 300w, https:\/\/hand2noteguide.com\/wp-content\/uploads\/2020\/04\/hand2note-logs-folder-768x510.png 768w, https:\/\/hand2noteguide.com\/wp-content\/uploads\/2020\/04\/hand2note-logs-folder-772x512.png 772w, https:\/\/hand2noteguide.com\/wp-content\/uploads\/2020\/04\/hand2note-logs-folder-624x414.png 624w\" sizes=\"auto, (max-width: 827px) 100vw, 827px\" \/><figcaption>Cartella dei log di Hand2Note<\/figcaption><\/figure>\n\n\n\n<p>Puoi eliminare completamente questa cartella, se la sua dimensione ti infastidisce, non influir\u00e0 sul funzionamento del software.<\/p>\n\n\n\n<p>Puoi anche disabilitare la registrazione dei log nelle impostazioni del programma. Per farlo, vai su <em>Impostazioni \u2192 Altre opzioni \u2192 Registrazione log<\/em>, deseleziona tutte le opzioni e clicca su &#8220;Salva&#8221;:<\/p>\n\n\n\n<figure class=\"wp-block-image\"><img loading=\"lazy\" decoding=\"async\" width=\"855\" height=\"632\" src=\"https:\/\/hand2noteguide.com\/wp-content\/uploads\/2020\/04\/hand2note-logging-options.png\" alt=\"hand2note logging options\" class=\"wp-image-2238\" srcset=\"https:\/\/hand2noteguide.com\/wp-content\/uploads\/2020\/04\/hand2note-logging-options.png 855w, https:\/\/hand2noteguide.com\/wp-content\/uploads\/2020\/04\/hand2note-logging-options-300x222.png 300w, https:\/\/hand2noteguide.com\/wp-content\/uploads\/2020\/04\/hand2note-logging-options-768x568.png 768w, https:\/\/hand2noteguide.com\/wp-content\/uploads\/2020\/04\/hand2note-logging-options-772x571.png 772w, https:\/\/hand2noteguide.com\/wp-content\/uploads\/2020\/04\/hand2note-logging-options-624x461.png 624w\" sizes=\"auto, (max-width: 855px) 100vw, 855px\" \/><figcaption>Disabilita opzioni di registrazione log<\/figcaption><\/figure>\n\n\n\n<p>Dopo di ci\u00f2, Hand2Note salver\u00e0 solo i log di sistema pi\u00f9 necessari, che non occuperanno molto spazio.<\/p>\n\n\n\n<p>Una parte sostanziale dello spazio su disco potrebbe essere occupata anche dal <a href=\"https:\/\/hand2noteguide.com\/it\/guide\/database\/\">database<\/a>. Puoi <a href=\"https:\/\/hand2noteguide.com\/it\/guide\/database\/move-database-to-another-drive\/\">spostare il database su un altro disco<\/a>, o semplicemente <a href=\"https:\/\/hand2noteguide.com\/it\/guide\/database\/create-database\/\">creare un database pulito<\/a> e importare solo le mani rilevanti in esso.<\/p>\n","protected":false},"excerpt":{"rendered":"<p>Per impostazione predefinita, la cartella di Hand2Note si trova in C:\/Program Files\/Hand2Note. Se questa cartella occupa troppo spazio, molto probabilmente, la maggior parte dello spazio \u00e8 occupata dai file di log (cartella logs). Puoi eliminare completamente questa cartella, se la sua dimensione ti infastidisce, non influir\u00e0 sul funzionamento del software. Puoi anche disabilitare la registrazione &hellip; <a href=\"https:\/\/hand2noteguide.com\/it\/issues-resolving\/h2n-takes-much-space\/\" class=\"more-link\">Continue reading <span class=\"screen-reader-text\">Hand2Note occupa troppo spazio<\/span><\/a><\/p>\n","protected":false},"author":1,"featured_media":0,"parent":236,"menu_order":3,"comment_status":"closed","ping_status":"closed","template":"page-templates\/full-width-page.php","meta":{"footnotes":""},"class_list":["post-95","page","type-page","status-publish","hentry"],"translation":{"provider":"WPGlobus","version":"3.0.2","language":"it","enabled_languages":["en","ru","pt","zh","es","fr","de","it","ja"],"languages":{"en":{"title":true,"content":true,"excerpt":false},"ru":{"title":true,"content":true,"excerpt":false},"pt":{"title":true,"content":true,"excerpt":false},"zh":{"title":true,"content":true,"excerpt":false},"es":{"title":true,"content":true,"excerpt":false},"fr":{"title":true,"content":true,"excerpt":false},"de":{"title":true,"content":true,"excerpt":false},"it":{"title":true,"content":true,"excerpt":false},"ja":{"title":true,"content":true,"excerpt":false}}},"yoast_head":"<!-- This site is optimized with the Yoast SEO plugin v27.0 - https:\/\/yoast.com\/product\/yoast-seo-wordpress\/ -->\n<title>Ottimizza lo Spazio di Archiviazione di Hand2Note: Libera Spazio Facilmente<\/title>\n<meta name=\"description\" content=\"Scopri come gestire lo spazio di archiviazione di Hand2Note eliminando i file di log e spostando i database. Libera spazio senza influire sulle prestazioni del software.\" \/>\n<meta name=\"robots\" content=\"index, follow, max-snippet:-1, max-image-preview:large, max-video-preview:-1\" \/>\n<link rel=\"canonical\" href=\"https:\/\/hand2noteguide.com\/issues-resolving\/h2n-takes-much-space\/\" \/>\n<meta property=\"og:locale\" content=\"it_IT\" \/>\n<meta property=\"og:type\" content=\"article\" \/>\n<meta property=\"og:title\" content=\"Ottimizza lo Spazio di Archiviazione di Hand2Note: Libera Spazio Facilmente\" \/>\n<meta property=\"og:description\" content=\"Scopri come gestire lo spazio di archiviazione di Hand2Note eliminando i file di log e spostando i database. Libera spazio senza influire sulle prestazioni del software.\" \/>\n<meta property=\"og:url\" content=\"https:\/\/hand2noteguide.com\/issues-resolving\/h2n-takes-much-space\/\" \/>\n<meta property=\"og:site_name\" content=\"Hand2Note Guide\" \/>\n<meta property=\"article:modified_time\" content=\"2025-06-04T16:19:09+00:00\" \/>\n<meta property=\"og:image\" content=\"https:\/\/hand2noteguide.com\/wp-content\/uploads\/2018\/07\/logs111.png\" \/>\n<meta name=\"twitter:card\" content=\"summary_large_image\" \/>\n<meta name=\"twitter:label1\" content=\"Est. reading time\" \/>\n\t<meta name=\"twitter:data1\" content=\"5 minutes\" \/>\n<!-- \/ Yoast SEO plugin. -->","yoast_head_json":{"title":"Ottimizza lo Spazio di Archiviazione di Hand2Note: Libera Spazio Facilmente","description":"Scopri come gestire lo spazio di archiviazione di Hand2Note eliminando i file di log e spostando i database. Libera spazio senza influire sulle prestazioni del software.","robots":{"index":"index","follow":"follow","max-snippet":"max-snippet:-1","max-image-preview":"max-image-preview:large","max-video-preview":"max-video-preview:-1"},"canonical":"https:\/\/hand2noteguide.com\/issues-resolving\/h2n-takes-much-space\/","og_locale":"it_IT","og_type":"article","og_title":"Ottimizza lo Spazio di Archiviazione di Hand2Note: Libera Spazio Facilmente","og_description":"Scopri come gestire lo spazio di archiviazione di Hand2Note eliminando i file di log e spostando i database. Libera spazio senza influire sulle prestazioni del software.","og_url":"https:\/\/hand2noteguide.com\/issues-resolving\/h2n-takes-much-space\/","og_site_name":"Hand2Note Guide","article_modified_time":"2025-06-04T16:19:09+00:00","og_image":[{"url":"https:\/\/hand2noteguide.com\/wp-content\/uploads\/2018\/07\/logs111.png","type":"","width":"","height":""}],"twitter_card":"summary_large_image","twitter_misc":{"Est. reading time":"5 minutes"},"schema":{"@context":"https:\/\/schema.org","@graph":[]}},"jetpack_sharing_enabled":false,"_links":{"self":[{"href":"https:\/\/hand2noteguide.com\/it\/wp-json\/wp\/v2\/pages\/95","targetHints":{"allow":["GET"]}}],"collection":[{"href":"https:\/\/hand2noteguide.com\/it\/wp-json\/wp\/v2\/pages"}],"about":[{"href":"https:\/\/hand2noteguide.com\/it\/wp-json\/wp\/v2\/types\/page"}],"author":[{"embeddable":true,"href":"https:\/\/hand2noteguide.com\/it\/wp-json\/wp\/v2\/users\/1"}],"replies":[{"embeddable":true,"href":"https:\/\/hand2noteguide.com\/it\/wp-json\/wp\/v2\/comments?post=95"}],"version-history":[{"count":15,"href":"https:\/\/hand2noteguide.com\/it\/wp-json\/wp\/v2\/pages\/95\/revisions"}],"predecessor-version":[{"id":13559,"href":"https:\/\/hand2noteguide.com\/it\/wp-json\/wp\/v2\/pages\/95\/revisions\/13559"}],"up":[{"embeddable":true,"href":"https:\/\/hand2noteguide.com\/it\/wp-json\/wp\/v2\/pages\/236"}],"wp:attachment":[{"href":"https:\/\/hand2noteguide.com\/it\/wp-json\/wp\/v2\/media?parent=95"}],"curies":[{"name":"wp","href":"https:\/\/api.w.org\/{rel}","templated":true}]}}