{"id":9609,"date":"2025-04-05T13:16:20","date_gmt":"2025-04-05T10:16:20","guid":{"rendered":"https:\/\/hand2noteguide.com\/?page_id=9609"},"modified":"2026-03-10T11:16:50","modified_gmt":"2026-03-10T08:16:50","slug":"transferring-the-database-storage-location-as-well-as-creating-a-new-database","status":"publish","type":"page","link":"https:\/\/hand2noteguide.com\/it\/user-manual\/transferring-the-database-storage-location-as-well-as-creating-a-new-database\/","title":{"rendered":"Trasferimento del database di Hand2Note in una nuova directory"},"content":{"rendered":"\n<p>Spesso, molti giocatori si trovano di fronte al problema della mancanza di spazio libero sul disco locale dove \u00e8 memorizzato il database di Hand2Note (per impostazione predefinita, questo \u00e8 il disco locale dove \u00e8 installato il sistema operativo, con il simbolo assegnato \u201cC\u201d).<\/p>\n\n\n\n<p>Hand2Note consente di spostare il database in qualsiasi directory desiderata.<\/p>\n\n\n\n<h2 class=\"wp-block-heading\">Informazioni importanti prima di iniziare a lavorare con il database<\/h2>\n\n\n\n<p>Il database viene utilizzato per memorizzare e mantenere tutti i calcoli statistici. Di norma, \u00e8 l&#8217;elemento pi\u00f9 ingombrante in Hand2Note; durante l&#8217;installazione del programma, per impostazione predefinita si trova nella directory (sotto WINDOWS OS):<\/p>\n\n\n\n<p><em>C: (disco locale dove \u00e8 installato il sistema operativo)Users(nome utente del sistema operativo)AppDataRoamingHand2Note<\/em><\/p>\n\n\n\n<p>Per il corretto funzionamento del database, deve essere installato solo su unit\u00e0 fisiche interne e partizioni logiche (dischi locali) create in esse. \u00c8 vietato installarlo su dischi rigidi esterni, memoria flash (chiavette USB) o il disco locale di un altro computer tramite una rete locale con cartelle condivise.<\/p>\n\n\n\n<p>Il database deve avere un percorso alla sua posizione composto esclusivamente da lettere inglesi e senza l&#8217;uso di caratteri speciali.<\/p>\n\n\n\n<p>Dovresti anche considerare la velocit\u00e0 dell&#8217;unit\u00e0 fisica interna quando lavori con i dati. Per il corretto funzionamento di Hand2Note, dovresti preferire un SSD con interfaccia di connessione M2 o un&#8217;unit\u00e0 pi\u00f9 veloce.<\/p>\n\n\n\n<h2 class=\"wp-block-heading\">Esempio di migrazione del database<\/h2>\n\n\n\n<p>Per spostare il database, apri Hand2Note, vai su \u201cConfiguration\u201d (1), quindi seleziona \u201cDatabase\u201d (2) e clicca su \u201cOpen Folder\u201d (3); chiudi Hand2Note lasciando la finestra aperta dopo aver cliccato su \u201cOpen Folder\u201d.<\/p>\n\n\n\n<figure class=\"wp-block-image size-large\"><img loading=\"lazy\" decoding=\"async\" width=\"1024\" height=\"551\" src=\"https:\/\/hand2noteguide.com\/wp-content\/uploads\/2025\/04\/\u0411\u0435\u0437-\u0438\u043c\u0435\u043d\u0438-1\u0443\u0432\u044b\u0430\u044b-1024x551.jpg\" alt=\"\" class=\"wp-image-9641\" srcset=\"https:\/\/hand2noteguide.com\/wp-content\/uploads\/2025\/04\/\u0411\u0435\u0437-\u0438\u043c\u0435\u043d\u0438-1\u0443\u0432\u044b\u0430\u044b-1024x551.jpg 1024w, https:\/\/hand2noteguide.com\/wp-content\/uploads\/2025\/04\/\u0411\u0435\u0437-\u0438\u043c\u0435\u043d\u0438-1\u0443\u0432\u044b\u0430\u044b-300x161.jpg 300w, https:\/\/hand2noteguide.com\/wp-content\/uploads\/2025\/04\/\u0411\u0435\u0437-\u0438\u043c\u0435\u043d\u0438-1\u0443\u0432\u044b\u0430\u044b-768x413.jpg 768w, https:\/\/hand2noteguide.com\/wp-content\/uploads\/2025\/04\/\u0411\u0435\u0437-\u0438\u043c\u0435\u043d\u0438-1\u0443\u0432\u044b\u0430\u044b-1536x826.jpg 1536w, https:\/\/hand2noteguide.com\/wp-content\/uploads\/2025\/04\/\u0411\u0435\u0437-\u0438\u043c\u0435\u043d\u0438-1\u0443\u0432\u044b\u0430\u044b-772x415.jpg 772w, https:\/\/hand2noteguide.com\/wp-content\/uploads\/2025\/04\/\u0411\u0435\u0437-\u0438\u043c\u0435\u043d\u0438-1\u0443\u0432\u044b\u0430\u044b-624x336.jpg 624w, https:\/\/hand2noteguide.com\/wp-content\/uploads\/2025\/04\/\u0411\u0435\u0437-\u0438\u043c\u0435\u043d\u0438-1\u0443\u0432\u044b\u0430\u044b.jpg 1908w\" sizes=\"auto, (max-width: 1024px) 100vw, 1024px\" \/><\/figure>\n\n\n\n<p>Nella finestra aperta, fai clic con il tasto destro sulla cartella \u201cDatabases\u201d (1) e nel menu a discesa clicca sul pulsante \u201cCut\u201d (2). Apri una nuova posizione per salvare il database (nell&#8217;esempio questo \u00e8: \u201cDisco locale (D:)&#8221;) e in essa clicca su qualsiasi area libera (3). Nel menu a discesa, seleziona il pulsante \u201cPaste\u201d (4). In questo modo hai migrato il database in una nuova posizione.<\/p>\n\n\n\n<figure class=\"wp-block-image size-large\"><img loading=\"lazy\" decoding=\"async\" width=\"1024\" height=\"630\" src=\"https:\/\/hand2noteguide.com\/wp-content\/uploads\/2025\/04\/\u0411\u0435\u0437-fgdfgdfgdf1-1024x630.jpg\" alt=\"\" class=\"wp-image-9643\" srcset=\"https:\/\/hand2noteguide.com\/wp-content\/uploads\/2025\/04\/\u0411\u0435\u0437-fgdfgdfgdf1-1024x630.jpg 1024w, https:\/\/hand2noteguide.com\/wp-content\/uploads\/2025\/04\/\u0411\u0435\u0437-fgdfgdfgdf1-300x185.jpg 300w, https:\/\/hand2noteguide.com\/wp-content\/uploads\/2025\/04\/\u0411\u0435\u0437-fgdfgdfgdf1-768x473.jpg 768w, https:\/\/hand2noteguide.com\/wp-content\/uploads\/2025\/04\/\u0411\u0435\u0437-fgdfgdfgdf1-1536x945.jpg 1536w, https:\/\/hand2noteguide.com\/wp-content\/uploads\/2025\/04\/\u0411\u0435\u0437-fgdfgdfgdf1-772x475.jpg 772w, https:\/\/hand2noteguide.com\/wp-content\/uploads\/2025\/04\/\u0411\u0435\u0437-fgdfgdfgdf1-624x384.jpg 624w, https:\/\/hand2noteguide.com\/wp-content\/uploads\/2025\/04\/\u0411\u0435\u0437-fgdfgdfgdf1.jpg 1539w\" sizes=\"auto, (max-width: 1024px) 100vw, 1024px\" \/><\/figure>\n\n\n\n<p>Ora devi specificare una nuova posizione del database in Hand2Note. Per fare ci\u00f2, avvia Hand2Note, clicca su \u201cConfiguration\u201d (1) nella finestra principale del programma, vai al menu \u201cDatabase\u201d (2) e clicca su \u201cChange Folder\u2026\u201d (3). Nella finestra di ricerca delle cartelle aperta (4) specifica il percorso alla nuova posizione del database (5) e clicca su \u201cSelect a folder\u201d (6).<\/p>\n\n\n\n<figure class=\"wp-block-image size-large\"><img loading=\"lazy\" decoding=\"async\" width=\"1024\" height=\"576\" src=\"https:\/\/hand2noteguide.com\/wp-content\/uploads\/2025\/04\/\u0411\u0435\u0437-\u0438\u044b\u0432\u044b\u0432\u043c\u0435\u043d\u0438-1-1024x576.jpg\" alt=\"\" class=\"wp-image-9644\" srcset=\"https:\/\/hand2noteguide.com\/wp-content\/uploads\/2025\/04\/\u0411\u0435\u0437-\u0438\u044b\u0432\u044b\u0432\u043c\u0435\u043d\u0438-1-1024x576.jpg 1024w, https:\/\/hand2noteguide.com\/wp-content\/uploads\/2025\/04\/\u0411\u0435\u0437-\u0438\u044b\u0432\u044b\u0432\u043c\u0435\u043d\u0438-1-300x169.jpg 300w, https:\/\/hand2noteguide.com\/wp-content\/uploads\/2025\/04\/\u0411\u0435\u0437-\u0438\u044b\u0432\u044b\u0432\u043c\u0435\u043d\u0438-1-768x432.jpg 768w, https:\/\/hand2noteguide.com\/wp-content\/uploads\/2025\/04\/\u0411\u0435\u0437-\u0438\u044b\u0432\u044b\u0432\u043c\u0435\u043d\u0438-1-1536x864.jpg 1536w, https:\/\/hand2noteguide.com\/wp-content\/uploads\/2025\/04\/\u0411\u0435\u0437-\u0438\u044b\u0432\u044b\u0432\u043c\u0435\u043d\u0438-1-772x434.jpg 772w, https:\/\/hand2noteguide.com\/wp-content\/uploads\/2025\/04\/\u0411\u0435\u0437-\u0438\u044b\u0432\u044b\u0432\u043c\u0435\u043d\u0438-1-624x351.jpg 624w, https:\/\/hand2noteguide.com\/wp-content\/uploads\/2025\/04\/\u0411\u0435\u0437-\u0438\u044b\u0432\u044b\u0432\u043c\u0435\u043d\u0438-1.jpg 1920w\" sizes=\"auto, (max-width: 1024px) 100vw, 1024px\" \/><\/figure>\n\n\n\n<p>In questo modo, migrerai il database in qualsiasi posizione desiderata.<\/p>\n\n\n\n<p>Hand2Note consente anche di creare pi\u00f9 database per scopi diversi. Per saperne di pi\u00f9, consulta l&#8217;articolo: <a href=\"https:\/\/hand2noteguide.com\/it\/user-manual\/creating-deleting-and-switching-databases\/\">Creazione, eliminazione e cambio di database in Hand2Note<\/a>.<\/p>\n","protected":false},"excerpt":{"rendered":"<p>Spesso, molti giocatori si trovano di fronte al problema della mancanza di spazio libero sul disco locale dove \u00e8 memorizzato il database di Hand2Note (per impostazione predefinita, questo \u00e8 il disco locale dove \u00e8 installato il sistema operativo, con il simbolo assegnato \u201cC\u201d). Hand2Note consente di spostare il database in qualsiasi directory desiderata. Informazioni importanti &hellip; <a href=\"https:\/\/hand2noteguide.com\/it\/user-manual\/transferring-the-database-storage-location-as-well-as-creating-a-new-database\/\" class=\"more-link\">Continue reading <span class=\"screen-reader-text\">Trasferimento del database di Hand2Note in una nuova directory<\/span><\/a><\/p>\n","protected":false},"author":3,"featured_media":9613,"parent":9199,"menu_order":0,"comment_status":"closed","ping_status":"closed","template":"","meta":{"footnotes":""},"class_list":["post-9609","page","type-page","status-publish","has-post-thumbnail","hentry"],"translation":{"provider":"WPGlobus","version":"3.0.2","language":"it","enabled_languages":["en","ru","pt","zh","es","fr","de","it","ja"],"languages":{"en":{"title":true,"content":true,"excerpt":false},"ru":{"title":true,"content":true,"excerpt":false},"pt":{"title":true,"content":true,"excerpt":false},"zh":{"title":true,"content":true,"excerpt":false},"es":{"title":true,"content":true,"excerpt":false},"fr":{"title":true,"content":true,"excerpt":false},"de":{"title":true,"content":true,"excerpt":false},"it":{"title":true,"content":true,"excerpt":false},"ja":{"title":true,"content":true,"excerpt":false}}},"yoast_head":"<!-- This site is optimized with the Yoast SEO plugin v27.0 - https:\/\/yoast.com\/product\/yoast-seo-wordpress\/ -->\n<title>Trasferimento del database di Hand2Note in una nuova directory<\/title>\n<meta name=\"description\" content=\"Libera spazio spostando il tuo database di Hand2Note su un altro disco. Scopri come migrare in sicurezza e migliorare le prestazioni utilizzando un SSD.\" \/>\n<meta name=\"robots\" content=\"index, follow, max-snippet:-1, max-image-preview:large, max-video-preview:-1\" \/>\n<link rel=\"canonical\" href=\"https:\/\/hand2noteguide.com\/user-manual\/transferring-the-database-storage-location-as-well-as-creating-a-new-database\/\" \/>\n<meta property=\"og:locale\" content=\"it_IT\" \/>\n<meta property=\"og:type\" content=\"article\" \/>\n<meta property=\"og:title\" content=\"Trasferimento del database di Hand2Note in una nuova directory\" \/>\n<meta property=\"og:description\" content=\"Libera spazio spostando il tuo database di Hand2Note su un altro disco. Scopri come migrare in sicurezza e migliorare le prestazioni utilizzando un SSD.\" \/>\n<meta property=\"og:url\" content=\"https:\/\/hand2noteguide.com\/user-manual\/transferring-the-database-storage-location-as-well-as-creating-a-new-database\/\" \/>\n<meta property=\"og:site_name\" content=\"Hand2Note Guide\" \/>\n<meta property=\"article:modified_time\" content=\"2026-03-10T08:16:50+00:00\" \/>\n<meta property=\"og:image\" content=\"https:\/\/hand2noteguide.com\/wp-content\/uploads\/2025\/04\/11.jpg\" \/>\n\t<meta property=\"og:image:width\" content=\"1391\" \/>\n\t<meta property=\"og:image:height\" content=\"961\" \/>\n\t<meta property=\"og:image:type\" content=\"image\/jpeg\" \/>\n<meta name=\"twitter:card\" content=\"summary_large_image\" \/>\n<meta name=\"twitter:label1\" content=\"Est. reading time\" \/>\n\t<meta name=\"twitter:data1\" content=\"15 minutes\" \/>\n<!-- \/ Yoast SEO plugin. -->","yoast_head_json":{"title":"Trasferimento del database di Hand2Note in una nuova directory","description":"Libera spazio spostando il tuo database di Hand2Note su un altro disco. Scopri come migrare in sicurezza e migliorare le prestazioni utilizzando un SSD.","robots":{"index":"index","follow":"follow","max-snippet":"max-snippet:-1","max-image-preview":"max-image-preview:large","max-video-preview":"max-video-preview:-1"},"canonical":"https:\/\/hand2noteguide.com\/user-manual\/transferring-the-database-storage-location-as-well-as-creating-a-new-database\/","og_locale":"it_IT","og_type":"article","og_title":"Trasferimento del database di Hand2Note in una nuova directory","og_description":"Libera spazio spostando il tuo database di Hand2Note su un altro disco. Scopri come migrare in sicurezza e migliorare le prestazioni utilizzando un SSD.","og_url":"https:\/\/hand2noteguide.com\/user-manual\/transferring-the-database-storage-location-as-well-as-creating-a-new-database\/","og_site_name":"Hand2Note Guide","article_modified_time":"2026-03-10T08:16:50+00:00","og_image":[{"width":1391,"height":961,"url":"https:\/\/hand2noteguide.com\/wp-content\/uploads\/2025\/04\/11.jpg","type":"image\/jpeg"}],"twitter_card":"summary_large_image","twitter_misc":{"Est. reading time":"15 minutes"},"schema":{"@context":"https:\/\/schema.org","@graph":[]}},"jetpack_sharing_enabled":true,"_links":{"self":[{"href":"https:\/\/hand2noteguide.com\/it\/wp-json\/wp\/v2\/pages\/9609","targetHints":{"allow":["GET"]}}],"collection":[{"href":"https:\/\/hand2noteguide.com\/it\/wp-json\/wp\/v2\/pages"}],"about":[{"href":"https:\/\/hand2noteguide.com\/it\/wp-json\/wp\/v2\/types\/page"}],"author":[{"embeddable":true,"href":"https:\/\/hand2noteguide.com\/it\/wp-json\/wp\/v2\/users\/3"}],"replies":[{"embeddable":true,"href":"https:\/\/hand2noteguide.com\/it\/wp-json\/wp\/v2\/comments?post=9609"}],"version-history":[{"count":64,"href":"https:\/\/hand2noteguide.com\/it\/wp-json\/wp\/v2\/pages\/9609\/revisions"}],"predecessor-version":[{"id":15616,"href":"https:\/\/hand2noteguide.com\/it\/wp-json\/wp\/v2\/pages\/9609\/revisions\/15616"}],"up":[{"embeddable":true,"href":"https:\/\/hand2noteguide.com\/it\/wp-json\/wp\/v2\/pages\/9199"}],"wp:featuredmedia":[{"embeddable":true,"href":"https:\/\/hand2noteguide.com\/it\/wp-json\/wp\/v2\/media\/9613"}],"wp:attachment":[{"href":"https:\/\/hand2noteguide.com\/it\/wp-json\/wp\/v2\/media?parent=9609"}],"curies":[{"name":"wp","href":"https:\/\/api.w.org\/{rel}","templated":true}]}}