{"id":10343,"date":"2025-04-20T19:04:25","date_gmt":"2025-04-20T16:04:25","guid":{"rendered":"https:\/\/hand2noteguide.com\/?page_id=10343"},"modified":"2026-03-10T11:22:10","modified_gmt":"2026-03-10T08:22:10","slug":"hand2note-report-menu","status":"publish","type":"page","link":"https:\/\/hand2noteguide.com\/pt\/user-manual\/hand2note-report-menu\/","title":{"rendered":"Ferramenta &#8220;Reports&#8221; do Hand2Note"},"content":{"rendered":"\n<p>No Hand2Note, a aba \u201cReports\u201d fornece uma ferramenta poderosa e quase ilimitada para analisar seu jogo ou o jogo de seus oponentes. Gra\u00e7as a isso, a capacidade de filtrar v\u00e1rias situa\u00e7\u00f5es de jogo \u00e9 literalmente limitada apenas pela sua pr\u00f3pria imagina\u00e7\u00e3o.<\/p>\n\n\n\n<p>Os \u201cReports\u201d permitem que voc\u00ea obtenha informa\u00e7\u00f5es com o m\u00e1ximo de detalhes poss\u00edvel n\u00e3o apenas sobre as situa\u00e7\u00f5es de jogo usuais, mas tamb\u00e9m para responder a perguntas complexas e n\u00e3o padronizadas, como: \u201cCom que frequ\u00eancia eu, estando em posi\u00e7\u00e3o inicial, fa\u00e7o uma continuation bet no flop &#8211; desisto das minhas cartas em um raise do meu oponente, que est\u00e1 no BTN&#8221;?<\/p>\n\n\n\n<p>Neste artigo, consideraremos a navega\u00e7\u00e3o e a funcionalidade b\u00e1sica desta aba. Isso ajudar\u00e1 voc\u00ea a entender a mec\u00e2nica de trabalho com os \u201cReports\u201d, bem como a se familiarizar com seus recursos.<\/p>\n\n\n\n<h2 class=\"wp-block-heading\">Navega\u00e7\u00e3o nos \u201cReports\u201d e mec\u00e2nica de trabalho com eles<\/h2>\n\n\n\n<p>Para abrir a aba \u201cReports\u201d, encontre \u201cReports\u201d (1) na janela principal e clique nela.<\/p>\n\n\n\n<figure class=\"wp-block-image size-large\"><img loading=\"lazy\" decoding=\"async\" width=\"1024\" height=\"576\" src=\"http:\/\/hand2noteguide.com\/wp-content\/uploads\/2025\/04\/\u0411\u0435\u0437-567567567\u0438\u043c\u0435\u043d\u0438-1-1024x576.jpg\" alt=\"\" class=\"wp-image-10390\" srcset=\"https:\/\/hand2noteguide.com\/wp-content\/uploads\/2025\/04\/\u0411\u0435\u0437-567567567\u0438\u043c\u0435\u043d\u0438-1-1024x576.jpg 1024w, https:\/\/hand2noteguide.com\/wp-content\/uploads\/2025\/04\/\u0411\u0435\u0437-567567567\u0438\u043c\u0435\u043d\u0438-1-300x169.jpg 300w, https:\/\/hand2noteguide.com\/wp-content\/uploads\/2025\/04\/\u0411\u0435\u0437-567567567\u0438\u043c\u0435\u043d\u0438-1-768x432.jpg 768w, https:\/\/hand2noteguide.com\/wp-content\/uploads\/2025\/04\/\u0411\u0435\u0437-567567567\u0438\u043c\u0435\u043d\u0438-1-1536x864.jpg 1536w, https:\/\/hand2noteguide.com\/wp-content\/uploads\/2025\/04\/\u0411\u0435\u0437-567567567\u0438\u043c\u0435\u043d\u0438-1-772x434.jpg 772w, https:\/\/hand2noteguide.com\/wp-content\/uploads\/2025\/04\/\u0411\u0435\u0437-567567567\u0438\u043c\u0435\u043d\u0438-1-624x351.jpg 624w, https:\/\/hand2noteguide.com\/wp-content\/uploads\/2025\/04\/\u0411\u0435\u0437-567567567\u0438\u043c\u0435\u043d\u0438-1.jpg 1920w\" sizes=\"auto, (max-width: 1024px) 100vw, 1024px\" \/><\/figure>\n\n\n\n<p>A mec\u00e2nica de trabalho com relat\u00f3rios possui um conjunto sequencial de a\u00e7\u00f5es, a saber:<\/p>\n\n\n\n<ol class=\"wp-block-list\">\n<li>Primeiramente, devemos responder \u00e0 pergunta: \u201cDe quem estamos analisando o jogo?\u201d. Para selecionar um objeto (jogador, apelido ou conjunto de jogadores) para an\u00e1lise, voc\u00ea precisa clicar no bot\u00e3o com o apelido no canto superior esquerdo da janela (2). Imediatamente ap\u00f3s a sele\u00e7\u00e3o &#8211; na \u00e1rea (4) e \u00e1rea (5) veremos as estat\u00edsticas sem qualquer filtragem sobre o objeto analisado que especificamos.<\/li>\n\n\n\n<li>Em seguida, devemos responder \u00e0 pergunta: \u201cQuais crit\u00e9rios precisamos para analisar as estat\u00edsticas de um jogador, um apelido ou um conjunto de jogadores?\u201d Para definir o filtro necess\u00e1rio para as estat\u00edsticas que correspondem aos crit\u00e9rios de an\u00e1lise, encontre o bot\u00e3o \u201c+ Filter\u201d (3) e clique nele. Em seguida, selecione o filtro desejado e aplique-o. Depois disso, as estat\u00edsticas na \u00e1rea (4) e \u00e1rea (5) mudar\u00e3o de acordo com o filtro aplicado.<\/li>\n<\/ol>\n\n\n\n<h3 class=\"wp-block-heading\">Sele\u00e7\u00e3o de filtros para aplicar \u00e0s estat\u00edsticas<\/h3>\n\n\n\n<p>Ap\u00f3s clicar no bot\u00e3o \u201c+ Filter\u201d, a janela de filtros se abre. Nela, voc\u00ea pode escolher qualquer um dos filtros prontos localizados nas abas no meio da janela. Voc\u00ea tamb\u00e9m pode criar seu pr\u00f3prio filtro para an\u00e1lise chamando o editor de estat\u00edsticas clicando em \u201c+ Custom Filter\u201d (8).<\/p>\n\n\n\n<p><em>Voc\u00ea pode usar v\u00e1rios filtros ao mesmo tempo. O principal \u00e9 n\u00e3o usar filtros mutuamente exclusivos juntos; caso contr\u00e1rio, o relat\u00f3rio mostrar\u00e1 zero resultados.<\/em><\/p>\n\n\n\n<p>Ap\u00f3s selecionar os filtros, clique no bot\u00e3o \u201cAPPLY\u201d (9) &#8211; para aplic\u00e1-los nos relat\u00f3rios.<\/p>\n\n\n\n<figure class=\"wp-block-image size-large\"><img loading=\"lazy\" decoding=\"async\" width=\"1024\" height=\"601\" src=\"http:\/\/hand2noteguide.com\/wp-content\/uploads\/2025\/04\/\u0411\u0435\u0437-\u0438\u043c7676767\u0435\u043d\u0438-2-1024x601.jpg\" alt=\"\" class=\"wp-image-10432\" srcset=\"https:\/\/hand2noteguide.com\/wp-content\/uploads\/2025\/04\/\u0411\u0435\u0437-\u0438\u043c7676767\u0435\u043d\u0438-2-1024x601.jpg 1024w, https:\/\/hand2noteguide.com\/wp-content\/uploads\/2025\/04\/\u0411\u0435\u0437-\u0438\u043c7676767\u0435\u043d\u0438-2-300x176.jpg 300w, https:\/\/hand2noteguide.com\/wp-content\/uploads\/2025\/04\/\u0411\u0435\u0437-\u0438\u043c7676767\u0435\u043d\u0438-2-768x451.jpg 768w, https:\/\/hand2noteguide.com\/wp-content\/uploads\/2025\/04\/\u0411\u0435\u0437-\u0438\u043c7676767\u0435\u043d\u0438-2-1536x901.jpg 1536w, https:\/\/hand2noteguide.com\/wp-content\/uploads\/2025\/04\/\u0411\u0435\u0437-\u0438\u043c7676767\u0435\u043d\u0438-2-772x453.jpg 772w, https:\/\/hand2noteguide.com\/wp-content\/uploads\/2025\/04\/\u0411\u0435\u0437-\u0438\u043c7676767\u0435\u043d\u0438-2-624x366.jpg 624w, https:\/\/hand2noteguide.com\/wp-content\/uploads\/2025\/04\/\u0411\u0435\u0437-\u0438\u043c7676767\u0435\u043d\u0438-2.jpg 1841w\" sizes=\"auto, (max-width: 1024px) 100vw, 1024px\" \/><\/figure>\n\n\n\n<p>O conjunto pronto de filtros apresentados nas abas \u00e9 dividido em categorias:<\/p>\n\n\n\n<ul class=\"wp-block-list\">\n<li>Aba &#8220;Quick Filters&#8221; (1) &#8211; nesta aba voc\u00ea pode selecionar qualquer uma das principais a\u00e7\u00f5es poss\u00edveis de um jogador para analisar;<\/li>\n\n\n\n<li>Aba &#8220;Positions&#8221; (2) &#8211; nesta aba voc\u00ea pode indicar a posi\u00e7\u00e3o do jogador ou de seu oponente na m\u00e3o &#8211; seja pr\u00e9-flop ou p\u00f3s-flop;<\/li>\n\n\n\n<li>A aba &#8220;General&#8221; (3) permite filtrar estat\u00edsticas pelas principais caracter\u00edsticas do pr\u00f3prio jogo. Por exemplo: tamanho da mesa, big blind, straddle, sala de poker, sele\u00e7\u00e3o (o n\u00famero de fichas na mesa com o jogador), moeda jogada, tipo de jogo (Hold&#8217;em, Omaha e similares), tamanho do pote e muitos outros;<\/li>\n\n\n\n<li>A aba &#8220;Actions&#8221; (4) &#8211; permite construir uma linha de a\u00e7\u00f5es do jogador de rua a rua para an\u00e1lise;<\/li>\n\n\n\n<li>A aba &#8220;Hand Strength&#8221; (5) &#8211; permite definir para an\u00e1lise a m\u00e3o (ou v\u00e1rias m\u00e3os) que foram distribu\u00eddas ao jogador quando as cartas foram dadas. Tamb\u00e9m nesta aba voc\u00ea pode incluir para an\u00e1lise apenas aquelas m\u00e3os que o jogador mostrou durante o jogo (m\u00e3os conhecidas);<\/li>\n\n\n\n<li>A aba &#8220;Session&#8221; (6) &#8211; permite selecionar o per\u00edodo de tempo do jogo para an\u00e1lise. Por exemplo: por hora do dia, dia da semana, m\u00eas do ano e muitos outros;<\/li>\n\n\n\n<li>A aba &#8220;Tournaments&#8221; (7) permite selecionar crit\u00e9rios espec\u00edficos de torneio para an\u00e1lise.<\/li>\n<\/ul>\n\n\n\n<h3 class=\"wp-block-heading\">Visualiza\u00e7\u00e3o de resultados e navega\u00e7\u00e3o atrav\u00e9s das abas estat\u00edsticas<\/h3>\n\n\n\n<p>Ap\u00f3s selecionar um jogador, bem como selecionar filtros e aplic\u00e1-los, podemos ver todas as informa\u00e7\u00f5es necess\u00e1rias sobre eles em forma estat\u00edstica imediatamente abaixo do bot\u00e3o \u201c+Filter\u201d &#8211; no campo (1) e campo (2).<\/p>\n\n\n\n<figure class=\"wp-block-image size-large\"><img loading=\"lazy\" decoding=\"async\" width=\"1024\" height=\"573\" src=\"http:\/\/hand2noteguide.com\/wp-content\/uploads\/2025\/04\/\u0411\u0435\u0437-\u0438\u043c\u04353453\u043d\u0438-1-1024x573.jpg\" alt=\"\" class=\"wp-image-10453\" srcset=\"https:\/\/hand2noteguide.com\/wp-content\/uploads\/2025\/04\/\u0411\u0435\u0437-\u0438\u043c\u04353453\u043d\u0438-1-1024x573.jpg 1024w, https:\/\/hand2noteguide.com\/wp-content\/uploads\/2025\/04\/\u0411\u0435\u0437-\u0438\u043c\u04353453\u043d\u0438-1-300x168.jpg 300w, https:\/\/hand2noteguide.com\/wp-content\/uploads\/2025\/04\/\u0411\u0435\u0437-\u0438\u043c\u04353453\u043d\u0438-1-768x430.jpg 768w, https:\/\/hand2noteguide.com\/wp-content\/uploads\/2025\/04\/\u0411\u0435\u0437-\u0438\u043c\u04353453\u043d\u0438-1-1536x860.jpg 1536w, https:\/\/hand2noteguide.com\/wp-content\/uploads\/2025\/04\/\u0411\u0435\u0437-\u0438\u043c\u04353453\u043d\u0438-1-772x432.jpg 772w, https:\/\/hand2noteguide.com\/wp-content\/uploads\/2025\/04\/\u0411\u0435\u0437-\u0438\u043c\u04353453\u043d\u0438-1-624x349.jpg 624w, https:\/\/hand2noteguide.com\/wp-content\/uploads\/2025\/04\/\u0411\u0435\u0437-\u0438\u043c\u04353453\u043d\u0438-1.jpg 1691w\" sizes=\"auto, (max-width: 1024px) 100vw, 1024px\" \/><\/figure>\n\n\n\n<p>O campo (1) mostra as abas:<\/p>\n\n\n\n<ul class=\"wp-block-list\">\n<li>\u201cStats\u201d &#8211; aqui voc\u00ea pode ver os principais indicadores estat\u00edsticos, como Win Rate, VPIP, PFR, <a href=\"https:\/\/hand2noteguide.com\/pt\/poker\/poker-hud-stats\/3bet-in-poker\/\">3bet<\/a>, e muitos outros;<\/li>\n\n\n\n<li>\u201cGraph\u201d &#8211; nesta aba voc\u00ea pode ver um gr\u00e1fico dos resultados do jogo &#8211; na moeda de sua escolha ou em big blinds;<\/li>\n\n\n\n<li>\u201cPreflop Range\u201d &#8211; diagrama pr\u00e9-flop das m\u00e3os que o jogador mostrou durante o jogo;<\/li>\n\n\n\n<li>\u201cHand Strength\u201d &#8211; mostra a for\u00e7a da m\u00e3o jogada pelo jogador em diferentes ruas.<\/li>\n<\/ul>\n\n\n\n<p>No campo (2) h\u00e1 v\u00e1rias abas onde voc\u00ea pode ver dados como: a lista de m\u00e3os (\u201cHands\u201d), resultados do jogo em diferentes limites (\u201cResults\u201d), resultados levando em considera\u00e7\u00e3o diferentes posi\u00e7\u00f5es pr\u00e9-flop do jogador (\u201cPositions\u201d) e muitos outros.<\/p>\n\n\n\n<p><em>Al\u00e9m disso, no campo (2) voc\u00ea pode clicar no \u00edcone \u201c+\u201d (3) no final da lista de abas e adicionar abas ausentes com v\u00e1rios conjuntos de dados (4).<\/em><\/p>\n\n\n\n<h3 class=\"wp-block-heading\">Relat\u00f3rio dentro de um relat\u00f3rio<\/h3>\n\n\n\n<p>Vale a pena prestar aten\u00e7\u00e3o especial a uma fun\u00e7\u00e3o como abrir um relat\u00f3rio adicional dentro de um j\u00e1 criado.<\/p>\n\n\n\n<p>Ao clicar nas linhas em certas abas do campo (1) voc\u00ea pode abrir uma janela de relat\u00f3rio adicional \u00e0 direita, no campo (2). Ela j\u00e1 levar\u00e1 em conta todos os filtros aplicados anteriormente, bem como a linha nas abas que voc\u00ea selecionou (por exemplo: NL $5, 6-max).<\/p>\n\n\n\n<figure class=\"wp-block-image size-large\"><img loading=\"lazy\" decoding=\"async\" width=\"1024\" height=\"551\" src=\"http:\/\/hand2noteguide.com\/wp-content\/uploads\/2025\/04\/\u0411\u0435\u0437-\u0438\u043cSDFSDFSDF\u0435\u043d\u0438-2-1024x551.jpg\" alt=\"\" class=\"wp-image-10482\" srcset=\"https:\/\/hand2noteguide.com\/wp-content\/uploads\/2025\/04\/\u0411\u0435\u0437-\u0438\u043cSDFSDFSDF\u0435\u043d\u0438-2-1024x551.jpg 1024w, https:\/\/hand2noteguide.com\/wp-content\/uploads\/2025\/04\/\u0411\u0435\u0437-\u0438\u043cSDFSDFSDF\u0435\u043d\u0438-2-300x161.jpg 300w, https:\/\/hand2noteguide.com\/wp-content\/uploads\/2025\/04\/\u0411\u0435\u0437-\u0438\u043cSDFSDFSDF\u0435\u043d\u0438-2-768x413.jpg 768w, https:\/\/hand2noteguide.com\/wp-content\/uploads\/2025\/04\/\u0411\u0435\u0437-\u0438\u043cSDFSDFSDF\u0435\u043d\u0438-2-1536x826.jpg 1536w, https:\/\/hand2noteguide.com\/wp-content\/uploads\/2025\/04\/\u0411\u0435\u0437-\u0438\u043cSDFSDFSDF\u0435\u043d\u0438-2-772x415.jpg 772w, https:\/\/hand2noteguide.com\/wp-content\/uploads\/2025\/04\/\u0411\u0435\u0437-\u0438\u043cSDFSDFSDF\u0435\u043d\u0438-2-624x336.jpg 624w, https:\/\/hand2noteguide.com\/wp-content\/uploads\/2025\/04\/\u0411\u0435\u0437-\u0438\u043cSDFSDFSDF\u0435\u043d\u0438-2.jpg 1915w\" sizes=\"auto, (max-width: 1024px) 100vw, 1024px\" \/><\/figure>\n\n\n\n<p>No campo (2) voc\u00ea pode aplicar seus pr\u00f3prios filtros, al\u00e9m dos filtros do campo (1), para an\u00e1lise. E tamb\u00e9m continuar a transi\u00e7\u00e3o para o terceiro relat\u00f3rio \u00e0 direita, clicando nas linhas necess\u00e1rias nas abas internas de estat\u00edsticas, mas j\u00e1 na \u00e1rea do segundo relat\u00f3rio.<\/p>\n\n\n\n<p>Esse recurso permite filtrar estat\u00edsticas em cima de filtragens criadas anteriormente, simplificando e expandindo infinitamente as possibilidades de an\u00e1lise.<\/p>\n\n\n\n<h3 class=\"wp-block-heading\">Exportando m\u00e3os do menu de relat\u00f3rios<\/h3>\n\n\n\n<p>O Hand2Note permite exportar m\u00e3os dos relat\u00f3rios. Incluindo aquelas com filtros aplicados \u00e0s estat\u00edsticas.<\/p>\n\n\n\n<p>Isso, por sua vez, nos d\u00e1 a oportunidade de descarregar m\u00e3os com certas situa\u00e7\u00f5es de jogo, levando em considera\u00e7\u00e3o os filtros aplicados a elas anteriormente. No futuro, essas m\u00e3os podem ser usadas, por exemplo, para carregar em um banco de dados separado.<\/p>\n\n\n\n<p>Para exportar m\u00e3os dos relat\u00f3rios, selecione a aba \u201cHands\u201d (1). Em seguida, na lista de m\u00e3os aberta abaixo (2), clique em qualquer uma delas com o bot\u00e3o direito do mouse. Na lista suspensa, selecione \u201cExport Hands\u201d (3) e especifique um local de salvamento.<\/p>\n\n\n\n<figure class=\"wp-block-image size-large\"><img loading=\"lazy\" decoding=\"async\" width=\"1024\" height=\"576\" src=\"http:\/\/hand2noteguide.com\/wp-content\/uploads\/2025\/04\/\u0411\u0435\u0437-\u0432\u0444\u044b\u0432\u0444\u044b\u0432\u0444\u0432\u0444\u044b\u0432\u0444\u044b\u0432\u0438\u043c\u0435\u043d\u0438-3-1024x576.jpg\" alt=\"\" class=\"wp-image-10500\" srcset=\"https:\/\/hand2noteguide.com\/wp-content\/uploads\/2025\/04\/\u0411\u0435\u0437-\u0432\u0444\u044b\u0432\u0444\u044b\u0432\u0444\u0432\u0444\u044b\u0432\u0444\u044b\u0432\u0438\u043c\u0435\u043d\u0438-3-1024x576.jpg 1024w, https:\/\/hand2noteguide.com\/wp-content\/uploads\/2025\/04\/\u0411\u0435\u0437-\u0432\u0444\u044b\u0432\u0444\u044b\u0432\u0444\u0432\u0444\u044b\u0432\u0444\u044b\u0432\u0438\u043c\u0435\u043d\u0438-3-300x169.jpg 300w, https:\/\/hand2noteguide.com\/wp-content\/uploads\/2025\/04\/\u0411\u0435\u0437-\u0432\u0444\u044b\u0432\u0444\u044b\u0432\u0444\u0432\u0444\u044b\u0432\u0444\u044b\u0432\u0438\u043c\u0435\u043d\u0438-3-768x432.jpg 768w, https:\/\/hand2noteguide.com\/wp-content\/uploads\/2025\/04\/\u0411\u0435\u0437-\u0432\u0444\u044b\u0432\u0444\u044b\u0432\u0444\u0432\u0444\u044b\u0432\u0444\u044b\u0432\u0438\u043c\u0435\u043d\u0438-3-1536x864.jpg 1536w, https:\/\/hand2noteguide.com\/wp-content\/uploads\/2025\/04\/\u0411\u0435\u0437-\u0432\u0444\u044b\u0432\u0444\u044b\u0432\u0444\u0432\u0444\u044b\u0432\u0444\u044b\u0432\u0438\u043c\u0435\u043d\u0438-3-772x434.jpg 772w, https:\/\/hand2noteguide.com\/wp-content\/uploads\/2025\/04\/\u0411\u0435\u0437-\u0432\u0444\u044b\u0432\u0444\u044b\u0432\u0444\u0432\u0444\u044b\u0432\u0444\u044b\u0432\u0438\u043c\u0435\u043d\u0438-3-624x351.jpg 624w, https:\/\/hand2noteguide.com\/wp-content\/uploads\/2025\/04\/\u0411\u0435\u0437-\u0432\u0444\u044b\u0432\u0444\u044b\u0432\u0444\u0432\u0444\u044b\u0432\u0444\u044b\u0432\u0438\u043c\u0435\u043d\u0438-3.jpg 1920w\" sizes=\"auto, (max-width: 1024px) 100vw, 1024px\" \/><\/figure>\n\n\n\n<p>Veja tamb\u00e9m: <a href=\"https:\/\/hand2note.com\/Help\/Features\/reports\" target=\"_blank\" rel=\"noreferrer noopener\">Manual oficial do Hand2Note: Reports<\/a>.<\/p>\n","protected":false},"excerpt":{"rendered":"<p>No Hand2Note, a aba \u201cReports\u201d fornece uma ferramenta poderosa e quase ilimitada para analisar seu jogo ou o jogo de seus oponentes. Gra\u00e7as a isso, a capacidade de filtrar v\u00e1rias situa\u00e7\u00f5es de jogo \u00e9 literalmente limitada apenas pela sua pr\u00f3pria imagina\u00e7\u00e3o. Os \u201cReports\u201d permitem que voc\u00ea obtenha informa\u00e7\u00f5es com o m\u00e1ximo de detalhes poss\u00edvel n\u00e3o &hellip; <a href=\"https:\/\/hand2noteguide.com\/pt\/user-manual\/hand2note-report-menu\/\" class=\"more-link\">Continue reading <span class=\"screen-reader-text\">Ferramenta &#8220;Reports&#8221; do Hand2Note<\/span><\/a><\/p>\n","protected":false},"author":3,"featured_media":10348,"parent":9199,"menu_order":0,"comment_status":"closed","ping_status":"closed","template":"","meta":{"footnotes":""},"class_list":["post-10343","page","type-page","status-publish","has-post-thumbnail","hentry"],"translation":{"provider":"WPGlobus","version":"3.0.2","language":"pt","enabled_languages":["en","ru","pt","zh","es","fr","de","it","ja"],"languages":{"en":{"title":true,"content":true,"excerpt":false},"ru":{"title":true,"content":true,"excerpt":false},"pt":{"title":true,"content":true,"excerpt":false},"zh":{"title":true,"content":true,"excerpt":false},"es":{"title":true,"content":true,"excerpt":false},"fr":{"title":true,"content":true,"excerpt":false},"de":{"title":true,"content":true,"excerpt":false},"it":{"title":true,"content":true,"excerpt":false},"ja":{"title":true,"content":true,"excerpt":false}}},"yoast_head":"<!-- This site is optimized with the Yoast SEO plugin v27.0 - https:\/\/yoast.com\/product\/yoast-seo-wordpress\/ -->\n<title>Ferramenta &quot;Reports&quot; do Hand2Note<\/title>\n<meta name=\"description\" content=\"Analise a estrat\u00e9gia de poker como nunca antes com a aba \u201cReports\u201d do Hand2Note - filtre qualquer cen\u00e1rio e obtenha insights profundos sobre o seu jogo.\" \/>\n<meta name=\"robots\" content=\"index, follow, max-snippet:-1, max-image-preview:large, max-video-preview:-1\" \/>\n<link rel=\"canonical\" href=\"https:\/\/hand2noteguide.com\/user-manual\/hand2note-report-menu\/\" \/>\n<meta property=\"og:locale\" content=\"pt_PT\" \/>\n<meta property=\"og:type\" content=\"article\" \/>\n<meta property=\"og:title\" content=\"Ferramenta &quot;Reports&quot; do Hand2Note\" \/>\n<meta property=\"og:description\" content=\"Analise a estrat\u00e9gia de poker como nunca antes com a aba \u201cReports\u201d do Hand2Note - filtre qualquer cen\u00e1rio e obtenha insights profundos sobre o seu jogo.\" \/>\n<meta property=\"og:url\" content=\"https:\/\/hand2noteguide.com\/user-manual\/hand2note-report-menu\/\" \/>\n<meta property=\"og:site_name\" content=\"Hand2Note Guide\" \/>\n<meta property=\"article:modified_time\" content=\"2026-03-10T08:22:10+00:00\" \/>\n<meta property=\"og:image\" content=\"https:\/\/hand2noteguide.com\/wp-content\/uploads\/2025\/04\/\u0411\u0435\u0437-\u0438\u043c\u0435\u043d\u0438-1-5.jpg\" \/>\n\t<meta property=\"og:image:width\" content=\"1848\" \/>\n\t<meta property=\"og:image:height\" content=\"1019\" \/>\n\t<meta property=\"og:image:type\" content=\"image\/jpeg\" \/>\n<meta name=\"twitter:card\" content=\"summary_large_image\" \/>\n<meta name=\"twitter:label1\" content=\"Est. reading time\" \/>\n\t<meta name=\"twitter:data1\" content=\"7 minutes\" \/>\n<!-- \/ Yoast SEO plugin. -->","yoast_head_json":{"title":"Ferramenta \"Reports\" do Hand2Note","description":"Analise a estrat\u00e9gia de poker como nunca antes com a aba \u201cReports\u201d do Hand2Note - filtre qualquer cen\u00e1rio e obtenha insights profundos sobre o seu jogo.","robots":{"index":"index","follow":"follow","max-snippet":"max-snippet:-1","max-image-preview":"max-image-preview:large","max-video-preview":"max-video-preview:-1"},"canonical":"https:\/\/hand2noteguide.com\/user-manual\/hand2note-report-menu\/","og_locale":"pt_PT","og_type":"article","og_title":"Ferramenta \"Reports\" do Hand2Note","og_description":"Analise a estrat\u00e9gia de poker como nunca antes com a aba \u201cReports\u201d do Hand2Note - filtre qualquer cen\u00e1rio e obtenha insights profundos sobre o seu jogo.","og_url":"https:\/\/hand2noteguide.com\/user-manual\/hand2note-report-menu\/","og_site_name":"Hand2Note Guide","article_modified_time":"2026-03-10T08:22:10+00:00","og_image":[{"width":1848,"height":1019,"url":"https:\/\/hand2noteguide.com\/wp-content\/uploads\/2025\/04\/\u0411\u0435\u0437-\u0438\u043c\u0435\u043d\u0438-1-5.jpg","type":"image\/jpeg"}],"twitter_card":"summary_large_image","twitter_misc":{"Est. reading time":"7 minutes"},"schema":{"@context":"https:\/\/schema.org","@graph":[]}},"jetpack_sharing_enabled":true,"_links":{"self":[{"href":"https:\/\/hand2noteguide.com\/pt\/wp-json\/wp\/v2\/pages\/10343","targetHints":{"allow":["GET"]}}],"collection":[{"href":"https:\/\/hand2noteguide.com\/pt\/wp-json\/wp\/v2\/pages"}],"about":[{"href":"https:\/\/hand2noteguide.com\/pt\/wp-json\/wp\/v2\/types\/page"}],"author":[{"embeddable":true,"href":"https:\/\/hand2noteguide.com\/pt\/wp-json\/wp\/v2\/users\/3"}],"replies":[{"embeddable":true,"href":"https:\/\/hand2noteguide.com\/pt\/wp-json\/wp\/v2\/comments?post=10343"}],"version-history":[{"count":136,"href":"https:\/\/hand2noteguide.com\/pt\/wp-json\/wp\/v2\/pages\/10343\/revisions"}],"predecessor-version":[{"id":15622,"href":"https:\/\/hand2noteguide.com\/pt\/wp-json\/wp\/v2\/pages\/10343\/revisions\/15622"}],"up":[{"embeddable":true,"href":"https:\/\/hand2noteguide.com\/pt\/wp-json\/wp\/v2\/pages\/9199"}],"wp:featuredmedia":[{"embeddable":true,"href":"https:\/\/hand2noteguide.com\/pt\/wp-json\/wp\/v2\/media\/10348"}],"wp:attachment":[{"href":"https:\/\/hand2noteguide.com\/pt\/wp-json\/wp\/v2\/media?parent=10343"}],"curies":[{"name":"wp","href":"https:\/\/api.w.org\/{rel}","templated":true}]}}