{"id":10534,"date":"2025-04-23T18:41:53","date_gmt":"2025-04-23T15:41:53","guid":{"rendered":"https:\/\/hand2noteguide.com\/?page_id=10534"},"modified":"2026-03-10T11:23:14","modified_gmt":"2026-03-10T08:23:14","slug":"the-multiple-players-tool-in-hand2note-range-research","status":"publish","type":"page","link":"https:\/\/hand2noteguide.com\/pt\/user-manual\/the-multiple-players-tool-in-hand2note-range-research\/","title":{"rendered":"A ferramenta &#8220;Multiple Players&#8221; no Hand2Note (Pesquisa de Ranges)"},"content":{"rendered":"\n<p>O Hand2Note permite que voc\u00ea pesquise jogadores no banco de dados por filtros espec\u00edficos, bem como combine suas estat\u00edsticas em um todo.<\/p>\n\n\n\n<p>Essa fun\u00e7\u00e3o ser\u00e1 \u00fatil ao analisar o jogo dos seus oponentes. Afinal, muitas vezes para muitas estat\u00edsticas a amostra n\u00e3o \u00e9 suficiente, mas ao combinar jogadores por caracter\u00edsticas comuns voc\u00ea pode cobrir a subcontagem mesmo nas situa\u00e7\u00f5es de jogo mais raras.<\/p>\n\n\n\n<h2 class=\"wp-block-heading\">Trabalhando com o recurso \u201cMultiple Players\u201d<\/h2>\n\n\n\n<p>Voc\u00ea pode pesquisar jogadores por atributos, bem como combinar suas estat\u00edsticas em dois formatos:<\/p>\n\n\n\n<ul class=\"wp-block-list\">\n<li>No formato de relat\u00f3rio atrav\u00e9s da aba \u201cReports\u201d;<\/li>\n\n\n\n<li>No formato de estat\u00edsticas atrav\u00e9s da aba \u201cStatistics\u201d.<\/li>\n<\/ul>\n\n\n\n<p><em>Vale a pena entender o principal: a ferramenta \u201cMultiple Players\u201d filtra os pr\u00f3prios jogadores, n\u00e3o as situa\u00e7\u00f5es de jogo, e os combina em uma estat\u00edstica geral. Pesquisar, mesclar e outras opera\u00e7\u00f5es com situa\u00e7\u00f5es de jogo podem ser realizadas separadamente na aba \u201cReports\u201d, para mais detalhes veja o artigo: <a href=\"https:\/\/hand2noteguide.com\/pt\/user-manual\/hand2note-report-menu\/\">Ferramenta \u201cReports\u201d do Hand2Note<\/a>.<\/em><\/p>\n\n\n\n<p>Para abrir a fun\u00e7\u00e3o \u201cMultiple Players\u201d, v\u00e1 para relat\u00f3rios clicando em \u201cReport\u201d(1) ou para estat\u00edsticas clicando em \u201cStatistics\u201d(2). Em seguida, clique no apelido do jogador no canto superior esquerdo (3) e v\u00e1 para \u201cMultiple Players\u201d(4).<\/p>\n\n\n\n<figure class=\"wp-block-image size-large\"><img loading=\"lazy\" decoding=\"async\" width=\"1024\" height=\"576\" src=\"http:\/\/hand2noteguide.com\/wp-content\/uploads\/2025\/04\/\u0411\u0435\u0437-\u0438\u044b\u0444\u0432\u0444\u044b\u0432\u0444\u044b\u0432\u043c\u0435\u043d\u0438-1-1024x576.jpg\" alt=\"\" class=\"wp-image-10618\" srcset=\"https:\/\/hand2noteguide.com\/wp-content\/uploads\/2025\/04\/\u0411\u0435\u0437-\u0438\u044b\u0444\u0432\u0444\u044b\u0432\u0444\u044b\u0432\u043c\u0435\u043d\u0438-1-1024x576.jpg 1024w, https:\/\/hand2noteguide.com\/wp-content\/uploads\/2025\/04\/\u0411\u0435\u0437-\u0438\u044b\u0444\u0432\u0444\u044b\u0432\u0444\u044b\u0432\u043c\u0435\u043d\u0438-1-300x169.jpg 300w, https:\/\/hand2noteguide.com\/wp-content\/uploads\/2025\/04\/\u0411\u0435\u0437-\u0438\u044b\u0444\u0432\u0444\u044b\u0432\u0444\u044b\u0432\u043c\u0435\u043d\u0438-1-768x432.jpg 768w, https:\/\/hand2noteguide.com\/wp-content\/uploads\/2025\/04\/\u0411\u0435\u0437-\u0438\u044b\u0444\u0432\u0444\u044b\u0432\u0444\u044b\u0432\u043c\u0435\u043d\u0438-1-1536x864.jpg 1536w, https:\/\/hand2noteguide.com\/wp-content\/uploads\/2025\/04\/\u0411\u0435\u0437-\u0438\u044b\u0444\u0432\u0444\u044b\u0432\u0444\u044b\u0432\u043c\u0435\u043d\u0438-1-772x434.jpg 772w, https:\/\/hand2noteguide.com\/wp-content\/uploads\/2025\/04\/\u0411\u0435\u0437-\u0438\u044b\u0444\u0432\u0444\u044b\u0432\u0444\u044b\u0432\u043c\u0435\u043d\u0438-1-624x351.jpg 624w, https:\/\/hand2noteguide.com\/wp-content\/uploads\/2025\/04\/\u0411\u0435\u0437-\u0438\u044b\u0444\u0432\u0444\u044b\u0432\u0444\u044b\u0432\u043c\u0435\u043d\u0438-1.jpg 1920w\" sizes=\"auto, (max-width: 1024px) 100vw, 1024px\" \/><\/figure>\n\n\n\n<h3 class=\"wp-block-heading\">Navega\u00e7\u00e3o geral da janela \u201cMultiple Players\u201d<\/h3>\n\n\n\n<p><em>Antes de come\u00e7ar a trabalhar com o \u201cMultiple Players\u201d, preste aten\u00e7\u00e3o \u00e0 sele\u00e7\u00e3o \u201cgame types\u201d e ao tipo de jogo que est\u00e1 sendo analisado no canto superior direito da janela (1). Defina os par\u00e2metros necess\u00e1rios, se necess\u00e1rio.<\/em><\/p>\n\n\n\n<figure class=\"wp-block-image size-large\"><img loading=\"lazy\" decoding=\"async\" width=\"1024\" height=\"576\" src=\"http:\/\/hand2noteguide.com\/wp-content\/uploads\/2025\/04\/\u0411\u0435\u0437-\u0438\u043c\u0432\u0430\u043f\u0432\u0430\u043f\u0430\u0432\u0443\u043f\u0435\u043d\u0438-2-1024x576.jpg\" alt=\"\" class=\"wp-image-10683\" srcset=\"https:\/\/hand2noteguide.com\/wp-content\/uploads\/2025\/04\/\u0411\u0435\u0437-\u0438\u043c\u0432\u0430\u043f\u0432\u0430\u043f\u0430\u0432\u0443\u043f\u0435\u043d\u0438-2-1024x576.jpg 1024w, https:\/\/hand2noteguide.com\/wp-content\/uploads\/2025\/04\/\u0411\u0435\u0437-\u0438\u043c\u0432\u0430\u043f\u0432\u0430\u043f\u0430\u0432\u0443\u043f\u0435\u043d\u0438-2-300x169.jpg 300w, https:\/\/hand2noteguide.com\/wp-content\/uploads\/2025\/04\/\u0411\u0435\u0437-\u0438\u043c\u0432\u0430\u043f\u0432\u0430\u043f\u0430\u0432\u0443\u043f\u0435\u043d\u0438-2-768x432.jpg 768w, https:\/\/hand2noteguide.com\/wp-content\/uploads\/2025\/04\/\u0411\u0435\u0437-\u0438\u043c\u0432\u0430\u043f\u0432\u0430\u043f\u0430\u0432\u0443\u043f\u0435\u043d\u0438-2-1536x864.jpg 1536w, https:\/\/hand2noteguide.com\/wp-content\/uploads\/2025\/04\/\u0411\u0435\u0437-\u0438\u043c\u0432\u0430\u043f\u0432\u0430\u043f\u0430\u0432\u0443\u043f\u0435\u043d\u0438-2-772x434.jpg 772w, https:\/\/hand2noteguide.com\/wp-content\/uploads\/2025\/04\/\u0411\u0435\u0437-\u0438\u043c\u0432\u0430\u043f\u0432\u0430\u043f\u0430\u0432\u0443\u043f\u0435\u043d\u0438-2-624x351.jpg 624w, https:\/\/hand2noteguide.com\/wp-content\/uploads\/2025\/04\/\u0411\u0435\u0437-\u0438\u043c\u0432\u0430\u043f\u0432\u0430\u043f\u0430\u0432\u0443\u043f\u0435\u043d\u0438-2.jpg 1920w\" sizes=\"auto, (max-width: 1024px) 100vw, 1024px\" \/><\/figure>\n\n\n\n<p>A janela da ferramenta consiste em cinco blocos principais:<\/p>\n\n\n\n<ul class=\"wp-block-list\">\n<li>\u201cBASE STATS&#8221;(2) &#8211; Uma lista b\u00e1sica de filtros incluindo par\u00e2metros como:\n<ul class=\"wp-block-list\">\n<li>&#8220;Hands&#8221; &#8211; o n\u00famero de m\u00e3os jogadas pelo jogador;<\/li>\n\n\n\n<li>&#8220;VPIP&#8221; &#8211; colocou dinheiro voluntariamente no pote no pr\u00e9-flop;<\/li>\n\n\n\n<li>&#8220;PFR&#8221; &#8211; Aumento Pr\u00e9-flop;<\/li>\n\n\n\n<li>&#8220;VPIP-PFR&#8221; &#8211; diferen\u00e7a entre VPIP e PFR;<\/li>\n<\/ul>\n<\/li>\n\n\n\n<li>\u201cWINNINGS&#8221;(3) &#8211; a lista de filtros baseados em vit\u00f3rias ou perdas do jogador, inclui par\u00e2metros como:\n<ul class=\"wp-block-list\">\n<li>&#8220;Won EV&#8221; &#8211; ganhar ou perder no big blind em termos de EV (Valor Esperado);<\/li>\n\n\n\n<li>&#8220;Win Rate EV, bb\/100&#8221; &#8211; a m\u00e9dia aritm\u00e9tica de vit\u00f3ria ou perda em big blinds para cada cem m\u00e3os em termos de EV;<\/li>\n\n\n\n<li>&#8220;Won From User&#8221; &#8211; ganhos ou perdas em big blinds contra o her\u00f3i;<\/li>\n<\/ul>\n<\/li>\n\n\n\n<li>&#8220;OTHER&#8221;(4) &#8211; lista de outros filtros, que tamb\u00e9m podem ser especificados durante a filtragem;<\/li>\n\n\n\n<li>&#8220;ADDITIONAL STATS&#8221;(5) &#8211; janela para criar f\u00f3rmulas para filtragem com base nas estat\u00edsticas dispon\u00edveis no Hand2Note;<\/li>\n\n\n\n<li>Lista de jogadores encontrados de acordo com os filtros especificados (6).<\/li>\n<\/ul>\n\n\n\n<p>Para aplicar os filtros recentemente definidos e mesclar as estat\u00edsticas dos jogadores da lista em uma s\u00f3, voc\u00ea deve pressionar \u201cAPPLY\u201d (7).<\/p>\n\n\n\n<h3 class=\"wp-block-heading\">Janela &#8220;ADDITIONAL STATS&#8221;<\/h3>\n\n\n\n<p>Esta janela permite que voc\u00ea crie suas pr\u00f3prias f\u00f3rmulas para filtragem usando estat\u00edsticas do Hand2Note.<\/p>\n\n\n\n<figure class=\"wp-block-image size-large\"><img loading=\"lazy\" decoding=\"async\" width=\"1024\" height=\"576\" src=\"http:\/\/hand2noteguide.com\/wp-content\/uploads\/2025\/04\/\u0411\u0435\u0437-\u0438\u0432\u0430\u043f\u0432\u0430\u043f\u043c\u0435\u043d\u0438-3-1024x576.jpg\" alt=\"\" class=\"wp-image-10666\" srcset=\"https:\/\/hand2noteguide.com\/wp-content\/uploads\/2025\/04\/\u0411\u0435\u0437-\u0438\u0432\u0430\u043f\u0432\u0430\u043f\u043c\u0435\u043d\u0438-3-1024x576.jpg 1024w, https:\/\/hand2noteguide.com\/wp-content\/uploads\/2025\/04\/\u0411\u0435\u0437-\u0438\u0432\u0430\u043f\u0432\u0430\u043f\u043c\u0435\u043d\u0438-3-300x169.jpg 300w, https:\/\/hand2noteguide.com\/wp-content\/uploads\/2025\/04\/\u0411\u0435\u0437-\u0438\u0432\u0430\u043f\u0432\u0430\u043f\u043c\u0435\u043d\u0438-3-768x432.jpg 768w, https:\/\/hand2noteguide.com\/wp-content\/uploads\/2025\/04\/\u0411\u0435\u0437-\u0438\u0432\u0430\u043f\u0432\u0430\u043f\u043c\u0435\u043d\u0438-3-1536x864.jpg 1536w, https:\/\/hand2noteguide.com\/wp-content\/uploads\/2025\/04\/\u0411\u0435\u0437-\u0438\u0432\u0430\u043f\u0432\u0430\u043f\u043c\u0435\u043d\u0438-3-772x434.jpg 772w, https:\/\/hand2noteguide.com\/wp-content\/uploads\/2025\/04\/\u0411\u0435\u0437-\u0438\u0432\u0430\u043f\u0432\u0430\u043f\u043c\u0435\u043d\u0438-3-624x351.jpg 624w, https:\/\/hand2noteguide.com\/wp-content\/uploads\/2025\/04\/\u0411\u0435\u0437-\u0438\u0432\u0430\u043f\u0432\u0430\u043f\u043c\u0435\u043d\u0438-3.jpg 1920w\" sizes=\"auto, (max-width: 1024px) 100vw, 1024px\" \/><\/figure>\n\n\n\n<p>Ao clicar em \u201c+Add Stat\u2026\u201d (1), a janela de sele\u00e7\u00e3o de estat\u00edsticas (3) ser\u00e1 aberta. Aqui voc\u00ea pode selecionar a estat\u00edstica necess\u00e1ria como par\u00e2metro de filtragem e definir uma condi\u00e7\u00e3o para ela. Ao clicar em \u201c+Add Stat Formula\u2026\u201d (2) ser\u00e1 aberta uma janela para criar uma f\u00f3rmula l\u00f3gica composta de v\u00e1rias estat\u00edsticas (4). Aqui voc\u00ea pode criar uma f\u00f3rmula com base em v\u00e1rias estat\u00edsticas e fun\u00e7\u00f5es matem\u00e1ticas ou l\u00f3gicas e definir condi\u00e7\u00f5es para elas.<\/p>\n\n\n\n<p>Voc\u00ea tamb\u00e9m pode selecionar o \u201cTextual Mode\u201d(5) e inserir a f\u00f3rmula voc\u00ea mesmo, em forma de texto.<\/p>\n\n\n\n<h3 class=\"wp-block-heading\">O que voc\u00ea pode fazer ap\u00f3s definir filtros na janela da lista de jogadores<\/h3>\n\n\n\n<p>Ap\u00f3s definir os filtros, apenas aqueles jogadores que se encaixam nos par\u00e2metros definidos na condi\u00e7\u00e3o de filtragem ser\u00e3o listados na janela da lista de jogadores.<\/p>\n\n\n\n<figure class=\"wp-block-image size-large\"><img loading=\"lazy\" decoding=\"async\" width=\"1024\" height=\"568\" src=\"http:\/\/hand2noteguide.com\/wp-content\/uploads\/2025\/04\/\u0411\u0435\u0437-\u0438\u043c\u0432\u0430\u043f\u0432\u0430\u043f\u0430\u0435\u043d\u0438-2-1024x568.jpg\" alt=\"\" class=\"wp-image-10674\" srcset=\"https:\/\/hand2noteguide.com\/wp-content\/uploads\/2025\/04\/\u0411\u0435\u0437-\u0438\u043c\u0432\u0430\u043f\u0432\u0430\u043f\u0430\u0435\u043d\u0438-2-1024x568.jpg 1024w, https:\/\/hand2noteguide.com\/wp-content\/uploads\/2025\/04\/\u0411\u0435\u0437-\u0438\u043c\u0432\u0430\u043f\u0432\u0430\u043f\u0430\u0435\u043d\u0438-2-300x166.jpg 300w, https:\/\/hand2noteguide.com\/wp-content\/uploads\/2025\/04\/\u0411\u0435\u0437-\u0438\u043c\u0432\u0430\u043f\u0432\u0430\u043f\u0430\u0435\u043d\u0438-2-768x426.jpg 768w, https:\/\/hand2noteguide.com\/wp-content\/uploads\/2025\/04\/\u0411\u0435\u0437-\u0438\u043c\u0432\u0430\u043f\u0432\u0430\u043f\u0430\u0435\u043d\u0438-2-1536x852.jpg 1536w, https:\/\/hand2noteguide.com\/wp-content\/uploads\/2025\/04\/\u0411\u0435\u0437-\u0438\u043c\u0432\u0430\u043f\u0432\u0430\u043f\u0430\u0435\u043d\u0438-2-772x428.jpg 772w, https:\/\/hand2noteguide.com\/wp-content\/uploads\/2025\/04\/\u0411\u0435\u0437-\u0438\u043c\u0432\u0430\u043f\u0432\u0430\u043f\u0430\u0435\u043d\u0438-2-624x346.jpg 624w, https:\/\/hand2noteguide.com\/wp-content\/uploads\/2025\/04\/\u0411\u0435\u0437-\u0438\u043c\u0432\u0430\u043f\u0432\u0430\u043f\u0430\u0435\u043d\u0438-2.jpg 1683w\" sizes=\"auto, (max-width: 1024px) 100vw, 1024px\" \/><\/figure>\n\n\n\n<p>Ao clicar em qualquer um dos jogadores da lista com o bot\u00e3o direito do mouse (1), um menu suspenso ser\u00e1 aberto, onde voc\u00ea pode:<\/p>\n\n\n\n<ul class=\"wp-block-list\">\n<li>clicando em \u201cCopy Nickname&#8221; (2) &#8211; copiar o nome do jogador selecionado para a \u00e1rea de transfer\u00eancia;<\/li>\n\n\n\n<li>clicando em \u201cIgnore Player\u201d (3) &#8211; ignorar o jogador selecionado ao combinar estat\u00edsticas;<\/li>\n\n\n\n<li>clicando em \u201cCreate Alias\u201d (4) &#8211; criar um alias que inclua todos os jogadores da lista;<\/li>\n\n\n\n<li>clicando em \u201cColor Marker\u201d (5) &#8211; colocar um marcador de cor no jogador selecionado.<\/li>\n<\/ul>\n\n\n\n<h3 class=\"wp-block-heading\">Visualizando os resultados do c\u00e1lculo \u201cMultiple Players\u201d<\/h3>\n\n\n\n<p>Ap\u00f3s configurar todas as configura\u00e7\u00f5es, filtros e pressionar \u201cAPPLY\u201d veremos o resultado de acordo com o formato selecionado:<\/p>\n\n\n\n<ul class=\"wp-block-list\">\n<li>na forma de relat\u00f3rios (atrav\u00e9s da aba \u201cReports\u201d);<\/li>\n\n\n\n<li>na forma de estat\u00edsticas (atrav\u00e9s da aba \u201cStatistics\u201d).<\/li>\n<\/ul>\n\n\n\n<p>Nos relat\u00f3rios, a conclus\u00e3o bem-sucedida do c\u00e1lculo ser\u00e1 indicada pela exibi\u00e7\u00e3o da palavra \u201cAlias\u201d e o n\u00famero de jogadores inclu\u00eddos no c\u00e1lculo na coluna do apelido do jogador (1). Na \u00e1rea abaixo, voc\u00ea pode ler o resultado do c\u00e1lculo e estudar ou analisar seu jogo (2).<\/p>\n\n\n\n<figure class=\"wp-block-image size-large\"><img loading=\"lazy\" decoding=\"async\" width=\"1024\" height=\"576\" src=\"http:\/\/hand2noteguide.com\/wp-content\/uploads\/2025\/04\/\u0411\u0435\u0437dfgdfgdgf-\u0438\u043c\u0435\u043d\u0438-1-1024x576.jpg\" alt=\"\" class=\"wp-image-10688\" srcset=\"https:\/\/hand2noteguide.com\/wp-content\/uploads\/2025\/04\/\u0411\u0435\u0437dfgdfgdgf-\u0438\u043c\u0435\u043d\u0438-1-1024x576.jpg 1024w, https:\/\/hand2noteguide.com\/wp-content\/uploads\/2025\/04\/\u0411\u0435\u0437dfgdfgdgf-\u0438\u043c\u0435\u043d\u0438-1-300x169.jpg 300w, https:\/\/hand2noteguide.com\/wp-content\/uploads\/2025\/04\/\u0411\u0435\u0437dfgdfgdgf-\u0438\u043c\u0435\u043d\u0438-1-768x432.jpg 768w, https:\/\/hand2noteguide.com\/wp-content\/uploads\/2025\/04\/\u0411\u0435\u0437dfgdfgdgf-\u0438\u043c\u0435\u043d\u0438-1-1536x864.jpg 1536w, https:\/\/hand2noteguide.com\/wp-content\/uploads\/2025\/04\/\u0411\u0435\u0437dfgdfgdgf-\u0438\u043c\u0435\u043d\u0438-1-772x434.jpg 772w, https:\/\/hand2noteguide.com\/wp-content\/uploads\/2025\/04\/\u0411\u0435\u0437dfgdfgdgf-\u0438\u043c\u0435\u043d\u0438-1-624x351.jpg 624w, https:\/\/hand2noteguide.com\/wp-content\/uploads\/2025\/04\/\u0411\u0435\u0437dfgdfgdgf-\u0438\u043c\u0435\u043d\u0438-1.jpg 1920w\" sizes=\"auto, (max-width: 1024px) 100vw, 1024px\" \/><\/figure>\n\n\n\n<p>Nas estat\u00edsticas, a conclus\u00e3o bem-sucedida do c\u00e1lculo ser\u00e1 indicada pela exibi\u00e7\u00e3o da palavra \u201cAlias\u201d e o n\u00famero de jogadores inclu\u00eddos no c\u00e1lculo na coluna do apelido do jogador (1). \u00c0 direita do apelido voc\u00ea pode verificar ou alterar par\u00e2metros como: \u201cGame Types\u201d e popup (2). Na \u00e1rea abaixo, voc\u00ea pode ler o resultado do c\u00e1lculo e estudar ou analisar seu jogo (3).<\/p>\n\n\n\n<figure class=\"wp-block-image size-large\"><img loading=\"lazy\" decoding=\"async\" width=\"1024\" height=\"576\" src=\"http:\/\/hand2noteguide.com\/wp-content\/uploads\/2025\/04\/\u0411\u0435\u0437-\u0438\u044b\u0432\u0430\u044b\u0432\u0430\u0432\u043c\u0435\u043d\u0438-2-1024x576.jpg\" alt=\"\" class=\"wp-image-10691\" srcset=\"https:\/\/hand2noteguide.com\/wp-content\/uploads\/2025\/04\/\u0411\u0435\u0437-\u0438\u044b\u0432\u0430\u044b\u0432\u0430\u0432\u043c\u0435\u043d\u0438-2-1024x576.jpg 1024w, https:\/\/hand2noteguide.com\/wp-content\/uploads\/2025\/04\/\u0411\u0435\u0437-\u0438\u044b\u0432\u0430\u044b\u0432\u0430\u0432\u043c\u0435\u043d\u0438-2-300x169.jpg 300w, https:\/\/hand2noteguide.com\/wp-content\/uploads\/2025\/04\/\u0411\u0435\u0437-\u0438\u044b\u0432\u0430\u044b\u0432\u0430\u0432\u043c\u0435\u043d\u0438-2-768x432.jpg 768w, https:\/\/hand2noteguide.com\/wp-content\/uploads\/2025\/04\/\u0411\u0435\u0437-\u0438\u044b\u0432\u0430\u044b\u0432\u0430\u0432\u043c\u0435\u043d\u0438-2-1536x864.jpg 1536w, https:\/\/hand2noteguide.com\/wp-content\/uploads\/2025\/04\/\u0411\u0435\u0437-\u0438\u044b\u0432\u0430\u044b\u0432\u0430\u0432\u043c\u0435\u043d\u0438-2-772x434.jpg 772w, https:\/\/hand2noteguide.com\/wp-content\/uploads\/2025\/04\/\u0411\u0435\u0437-\u0438\u044b\u0432\u0430\u044b\u0432\u0430\u0432\u043c\u0435\u043d\u0438-2-624x351.jpg 624w, https:\/\/hand2noteguide.com\/wp-content\/uploads\/2025\/04\/\u0411\u0435\u0437-\u0438\u044b\u0432\u0430\u044b\u0432\u0430\u0432\u043c\u0435\u043d\u0438-2.jpg 1920w\" sizes=\"auto, (max-width: 1024px) 100vw, 1024px\" \/><\/figure>\n\n\n\n<p>Veja tamb\u00e9m: <a href=\"https:\/\/hand2note.com\/Help\/Features\/multi-player-reports\" target=\"_blank\" rel=\"noreferrer noopener\">Manual oficial do Hand2Note: Relat\u00f3rios Multi-Player<\/a>.<\/p>\n","protected":false},"excerpt":{"rendered":"<p>O Hand2Note permite que voc\u00ea pesquise jogadores no banco de dados por filtros espec\u00edficos, bem como combine suas estat\u00edsticas em um todo. Essa fun\u00e7\u00e3o ser\u00e1 \u00fatil ao analisar o jogo dos seus oponentes. Afinal, muitas vezes para muitas estat\u00edsticas a amostra n\u00e3o \u00e9 suficiente, mas ao combinar jogadores por caracter\u00edsticas comuns voc\u00ea pode cobrir a &hellip; <a href=\"https:\/\/hand2noteguide.com\/pt\/user-manual\/the-multiple-players-tool-in-hand2note-range-research\/\" class=\"more-link\">Continue reading <span class=\"screen-reader-text\">A ferramenta &#8220;Multiple Players&#8221; no Hand2Note (Pesquisa de Ranges)<\/span><\/a><\/p>\n","protected":false},"author":3,"featured_media":10615,"parent":9199,"menu_order":0,"comment_status":"closed","ping_status":"closed","template":"","meta":{"footnotes":""},"class_list":["post-10534","page","type-page","status-publish","has-post-thumbnail","hentry"],"translation":{"provider":"WPGlobus","version":"3.0.2","language":"pt","enabled_languages":["en","ru","pt","zh","es","fr","de","it","ja"],"languages":{"en":{"title":true,"content":true,"excerpt":false},"ru":{"title":true,"content":true,"excerpt":false},"pt":{"title":true,"content":true,"excerpt":false},"zh":{"title":true,"content":true,"excerpt":false},"es":{"title":true,"content":true,"excerpt":false},"fr":{"title":true,"content":true,"excerpt":false},"de":{"title":true,"content":true,"excerpt":false},"it":{"title":true,"content":true,"excerpt":false},"ja":{"title":true,"content":true,"excerpt":false}}},"yoast_head":"<!-- This site is optimized with the Yoast SEO plugin v27.0 - https:\/\/yoast.com\/product\/yoast-seo-wordpress\/ -->\n<title>A ferramenta \u201cMultiple Players\u201d no Hand2Note (Pesquisa de Ranges)<\/title>\n<meta name=\"description\" content=\"O Hand2Note permite que voc\u00ea mescle estat\u00edsticas de jogadores por caracter\u00edsticas para uma an\u00e1lise mais aprofundada, melhorando o tamanho da amostra para situa\u00e7\u00f5es raras de poker.\" \/>\n<meta name=\"robots\" content=\"index, follow, max-snippet:-1, max-image-preview:large, max-video-preview:-1\" \/>\n<link rel=\"canonical\" href=\"https:\/\/hand2noteguide.com\/user-manual\/the-multiple-players-tool-in-hand2note-range-research\/\" \/>\n<meta property=\"og:locale\" content=\"pt_PT\" \/>\n<meta property=\"og:type\" content=\"article\" \/>\n<meta property=\"og:title\" content=\"A ferramenta \u201cMultiple Players\u201d no Hand2Note (Pesquisa de Ranges)\" \/>\n<meta property=\"og:description\" content=\"O Hand2Note permite que voc\u00ea mescle estat\u00edsticas de jogadores por caracter\u00edsticas para uma an\u00e1lise mais aprofundada, melhorando o tamanho da amostra para situa\u00e7\u00f5es raras de poker.\" \/>\n<meta property=\"og:url\" content=\"https:\/\/hand2noteguide.com\/user-manual\/the-multiple-players-tool-in-hand2note-range-research\/\" \/>\n<meta property=\"og:site_name\" content=\"Hand2Note Guide\" \/>\n<meta property=\"article:modified_time\" content=\"2026-03-10T08:23:14+00:00\" \/>\n<meta property=\"og:image\" content=\"https:\/\/hand2noteguide.com\/wp-content\/uploads\/2025\/04\/wp34232335893-scaled.jpg\" \/>\n\t<meta property=\"og:image:width\" content=\"2560\" \/>\n\t<meta property=\"og:image:height\" content=\"1529\" \/>\n\t<meta property=\"og:image:type\" content=\"image\/jpeg\" \/>\n<meta name=\"twitter:card\" content=\"summary_large_image\" \/>\n<meta name=\"twitter:label1\" content=\"Est. reading time\" \/>\n\t<meta name=\"twitter:data1\" content=\"5 minutes\" \/>\n<!-- \/ Yoast SEO plugin. -->","yoast_head_json":{"title":"A ferramenta \u201cMultiple Players\u201d no Hand2Note (Pesquisa de Ranges)","description":"O Hand2Note permite que voc\u00ea mescle estat\u00edsticas de jogadores por caracter\u00edsticas para uma an\u00e1lise mais aprofundada, melhorando o tamanho da amostra para situa\u00e7\u00f5es raras de poker.","robots":{"index":"index","follow":"follow","max-snippet":"max-snippet:-1","max-image-preview":"max-image-preview:large","max-video-preview":"max-video-preview:-1"},"canonical":"https:\/\/hand2noteguide.com\/user-manual\/the-multiple-players-tool-in-hand2note-range-research\/","og_locale":"pt_PT","og_type":"article","og_title":"A ferramenta \u201cMultiple Players\u201d no Hand2Note (Pesquisa de Ranges)","og_description":"O Hand2Note permite que voc\u00ea mescle estat\u00edsticas de jogadores por caracter\u00edsticas para uma an\u00e1lise mais aprofundada, melhorando o tamanho da amostra para situa\u00e7\u00f5es raras de poker.","og_url":"https:\/\/hand2noteguide.com\/user-manual\/the-multiple-players-tool-in-hand2note-range-research\/","og_site_name":"Hand2Note Guide","article_modified_time":"2026-03-10T08:23:14+00:00","og_image":[{"width":2560,"height":1529,"url":"https:\/\/hand2noteguide.com\/wp-content\/uploads\/2025\/04\/wp34232335893-scaled.jpg","type":"image\/jpeg"}],"twitter_card":"summary_large_image","twitter_misc":{"Est. reading time":"5 minutes"},"schema":{"@context":"https:\/\/schema.org","@graph":[]}},"jetpack_sharing_enabled":true,"_links":{"self":[{"href":"https:\/\/hand2noteguide.com\/pt\/wp-json\/wp\/v2\/pages\/10534","targetHints":{"allow":["GET"]}}],"collection":[{"href":"https:\/\/hand2noteguide.com\/pt\/wp-json\/wp\/v2\/pages"}],"about":[{"href":"https:\/\/hand2noteguide.com\/pt\/wp-json\/wp\/v2\/types\/page"}],"author":[{"embeddable":true,"href":"https:\/\/hand2noteguide.com\/pt\/wp-json\/wp\/v2\/users\/3"}],"replies":[{"embeddable":true,"href":"https:\/\/hand2noteguide.com\/pt\/wp-json\/wp\/v2\/comments?post=10534"}],"version-history":[{"count":71,"href":"https:\/\/hand2noteguide.com\/pt\/wp-json\/wp\/v2\/pages\/10534\/revisions"}],"predecessor-version":[{"id":15623,"href":"https:\/\/hand2noteguide.com\/pt\/wp-json\/wp\/v2\/pages\/10534\/revisions\/15623"}],"up":[{"embeddable":true,"href":"https:\/\/hand2noteguide.com\/pt\/wp-json\/wp\/v2\/pages\/9199"}],"wp:featuredmedia":[{"embeddable":true,"href":"https:\/\/hand2noteguide.com\/pt\/wp-json\/wp\/v2\/media\/10615"}],"wp:attachment":[{"href":"https:\/\/hand2noteguide.com\/pt\/wp-json\/wp\/v2\/media?parent=10534"}],"curies":[{"name":"wp","href":"https:\/\/api.w.org\/{rel}","templated":true}]}}