{"id":10548,"date":"2025-04-24T12:01:44","date_gmt":"2025-04-24T09:01:44","guid":{"rendered":"https:\/\/hand2noteguide.com\/?page_id=10548"},"modified":"2026-02-21T06:56:03","modified_gmt":"2026-02-21T03:56:03","slug":"coinpoker-hud","status":"publish","type":"page","link":"https:\/\/hand2noteguide.com\/pt\/coinpoker-hud\/","title":{"rendered":"CoinPoker HUD por Hand2Note: Sua Vantagem Competitiva"},"content":{"rendered":"\n<p>Se voc\u00ea vai jogar no <a href=\"https:\/\/coinpoker.com\/\" target=\"_blank\" rel=\"noreferrer noopener\">CoinPoker<\/a>, ou j\u00e1 \u00e9 um jogador regular nesta sala, provavelmente est\u00e1 pensando na possibilidade de usar um HUD nas mesas. CoinPoker \u00e9 um dos sites de maior sucesso e crescimento mais r\u00e1pido nos \u00faltimos tempos. A boa not\u00edcia \u00e9 que o CoinPoker permite oficialmente o uso de HUD.<\/p>\n\n\n\n<h2 class=\"wp-block-heading\">O HUD \u00e9 permitido no CoinPoker?<\/h2>\n\n\n\n<p>Sim. No passado, a sala tomou a decis\u00e3o de banir o uso de software de terceiros, mas depois as restri\u00e7\u00f5es foram levantadas, o que foi anunciado em seu <a href=\"https:\/\/discord.com\/channels\/1240617962696605798\/1240617964986957877\/1325820153631346709\" target=\"_blank\" rel=\"noreferrer noopener\">canal oficial no Discord<\/a>.<\/p>\n\n\n\n<figure class=\"wp-block-image size-large\"><img loading=\"lazy\" decoding=\"async\" width=\"1024\" height=\"237\" src=\"https:\/\/hand2noteguide.com\/wp-content\/uploads\/2025\/04\/Screenshot-2025-04-24-at-5.05.07\u202fAM-1024x237.png\" alt=\"CoinPoker HUD by Hand2Note: Your Competitive Edge\" class=\"wp-image-10553\" srcset=\"https:\/\/hand2noteguide.com\/wp-content\/uploads\/2025\/04\/Screenshot-2025-04-24-at-5.05.07\u202fAM-1024x237.png 1024w, https:\/\/hand2noteguide.com\/wp-content\/uploads\/2025\/04\/Screenshot-2025-04-24-at-5.05.07\u202fAM-300x70.png 300w, https:\/\/hand2noteguide.com\/wp-content\/uploads\/2025\/04\/Screenshot-2025-04-24-at-5.05.07\u202fAM-768x178.png 768w, https:\/\/hand2noteguide.com\/wp-content\/uploads\/2025\/04\/Screenshot-2025-04-24-at-5.05.07\u202fAM-772x179.png 772w, https:\/\/hand2noteguide.com\/wp-content\/uploads\/2025\/04\/Screenshot-2025-04-24-at-5.05.07\u202fAM-624x145.png 624w, https:\/\/hand2noteguide.com\/wp-content\/uploads\/2025\/04\/Screenshot-2025-04-24-at-5.05.07\u202fAM.png 1078w\" sizes=\"auto, (max-width: 1024px) 100vw, 1024px\" \/><\/figure>\n\n\n\n<p>Portanto, agora recomendamos que voc\u00ea definitivamente use um HUD para acompanhar outros regulares e ter uma vantagem t\u00e9cnica adicional sobre oponentes fracos.<\/p>\n\n\n<div class=\"wp-block-h2n-alert h2n-alert h2n-alert--warning\"><div class=\"h2n-alert__icon\" aria-hidden=\"true\"><svg width=\"22\" height=\"22\" viewBox=\"0 0 24 24\" fill=\"none\" stroke=\"currentColor\" stroke-width=\"2\" stroke-linecap=\"round\" stroke-linejoin=\"round\"><path d=\"M10.29 3.86L1.82 18a2 2 0 001.71 3h16.94a2 2 0 001.71-3L13.71 3.86a2 2 0 00-3.42 0z\"\/><line x1=\"12\" y1=\"9\" x2=\"12\" y2=\"13\"\/><circle cx=\"12\" cy=\"17\" r=\"1\" fill=\"currentColor\" stroke=\"none\"\/><\/svg><\/div><div class=\"h2n-alert__content\">Por favor, note que <a href=\"https:\/\/hand2noteguide.com\/pt\/user-manual\/hud-editor-creating-a-dynamic-hud\/\" id=\"13718\">HUD Din\u00e2mico<\/a> n\u00e3o \u00e9 suportado no CoinPoker devido a restri\u00e7\u00f5es de pol\u00edtica da sala. <a href=\"https:\/\/hand2noteguide.com\/pt\/user-manual\/hud-editor-creating-a-static-hud\/\" id=\"13575\">HUD Est\u00e1tico<\/a> e <a href=\"https:\/\/hand2noteguide.com\/pt\/user-manual\/hud-editor-creating-a-positional-hud\/\" id=\"13653\">HUD Posicional<\/a> continuar\u00e3o a funcionar normalmente.<\/div><\/div>\n\n\n<h2 class=\"wp-block-heading\">Qual \u00e9 o melhor software de HUD para usar no CoinPoker?<\/h2>\n\n\n\n<p>A melhor op\u00e7\u00e3o de software de HUD para poker no CoinPoker \u00e9 o <a href=\"https:\/\/hand2note.com\/pt\/\" target=\"_blank\" rel=\"noreferrer noopener\">Hand2Note<\/a>. \u00c9 o rastreador de poker mais popular e avan\u00e7ado, confiado por milhares de jogadores. Visite nosso artigo <a href=\"https:\/\/hand2noteguide.com\/pt\/hand2note-4-getting-started\/\">Introdu\u00e7\u00e3o ao Hand2Note<\/a> para come\u00e7ar a usar o Hand2Note com o CoinPoker agora mesmo.<\/p>\n\n\n<div class=\"wp-block-h2n-cta-button\" style=\"text-align: left;\"><a href=\"https:\/\/hand2noteguide.com\/pt\/go\/hand2note\/\" class=\"btn btn-primary\" target=\"_blank\" rel=\"noopener noreferrer nofollow sponsored\">Baixar Hand2Note HUD para CoinPoker<\/a><\/div>\n\n\n<figure class=\"wp-block-image size-large\"><img loading=\"lazy\" decoding=\"async\" width=\"1024\" height=\"637\" src=\"http:\/\/hand2noteguide.com\/wp-content\/uploads\/2025\/04\/h2n-1-min-1024x637.webp\" alt=\"CoinPoker HUD by Hand2Note: Your Competitive Edge\" class=\"wp-image-10163\" srcset=\"https:\/\/hand2noteguide.com\/wp-content\/uploads\/2025\/04\/h2n-1-min-1024x637.webp 1024w, https:\/\/hand2noteguide.com\/wp-content\/uploads\/2025\/04\/h2n-1-min-300x187.webp 300w, https:\/\/hand2noteguide.com\/wp-content\/uploads\/2025\/04\/h2n-1-min-768x478.webp 768w, https:\/\/hand2noteguide.com\/wp-content\/uploads\/2025\/04\/h2n-1-min-1536x955.webp 1536w, https:\/\/hand2noteguide.com\/wp-content\/uploads\/2025\/04\/h2n-1-min-772x480.webp 772w, https:\/\/hand2noteguide.com\/wp-content\/uploads\/2025\/04\/h2n-1-min-624x388.webp 624w, https:\/\/hand2noteguide.com\/wp-content\/uploads\/2025\/04\/h2n-1-min.webp 1590w\" sizes=\"auto, (max-width: 1024px) 100vw, 1024px\" \/><\/figure>\n\n\n\n<p>O Hand2Note PRO \u00e9 a vers\u00e3o definitiva do rastreador de poker mais avan\u00e7ado. Com ele, voc\u00ea pode melhorar seu jogo e a qualidade de sua an\u00e1lise fora das mesas.<\/p>\n\n\n\n<h2 class=\"wp-block-heading\">Quais estat\u00edsticas focar no CoinPoker<\/h2>\n\n\n\n<p>O CoinPoker atrai uma mistura de jogadores recreativos e regulares, ent\u00e3o seu HUD deve ajud\u00e1-lo a identificar rapidamente os tipos de jogadores. Aqui est\u00e3o as estat\u00edsticas principais para exibir:<\/p>\n\n\n\n<ul class=\"wp-block-list\"><li><strong>VPIP \/ PFR<\/strong> \u2014 a base de qualquer HUD. No CoinPoker, voc\u00ea encontrar\u00e1 muitos jogadores com VPIP acima de 40%, o que sinaliza oponentes fracos que voc\u00ea pode explorar.<\/li><li><strong>3-Bet %<\/strong> \u2014 ajuda a entender quem est\u00e1 lutando no pr\u00e9-flop e quem \u00e9 passivo.<\/li><li><strong>Fold to C-Bet<\/strong> \u2014 essencial para decidir se deve fazer a aposta de continua\u00e7\u00e3o ou desistir.<\/li><li><strong>WTSD (Went to Showdown)<\/strong> \u2014 WTSD alto significa um calling station; WTSD baixo significa que voc\u00ea pode blefar com mais efic\u00e1cia.<\/li><\/ul>\n\n\n\n<p>Se voc\u00ea \u00e9 novo em estat\u00edsticas de HUD, confira nosso <a href=\"https:\/\/hand2noteguide.com\/pt\/poker\/poker-hud-stats\/\">guia completo de estat\u00edsticas de HUD de poker<\/a> para uma an\u00e1lise detalhada.<\/p>\n\n\n\n<h2 class=\"wp-block-heading\">Como iniciar o HUD?<\/h2>\n\n\n\n<p>Basta simplesmente iniciar o Hand2Note e a mesa do CoinPoker ao mesmo tempo. O HUD deve ser exibido imediatamente nos oponentes. Se isso n\u00e3o acontecer, certifique-se de ter instalado todas as atualiza\u00e7\u00f5es mais recentes do aplicativo. E n\u00e3o se esque\u00e7a de instalar o m\u00f3dulo CoinPokerDesktop.<\/p>\n\n\n\n<figure class=\"wp-block-image size-large\"><img loading=\"lazy\" decoding=\"async\" width=\"1024\" height=\"463\" src=\"https:\/\/hand2noteguide.com\/wp-content\/uploads\/2025\/04\/coinpoker-hand2note-settings-min-1024x463.png\" alt=\"CoinPoker HUD by Hand2Note: Your Competitive Edge\" class=\"wp-image-10565\" srcset=\"https:\/\/hand2noteguide.com\/wp-content\/uploads\/2025\/04\/coinpoker-hand2note-settings-min-1024x463.png 1024w, https:\/\/hand2noteguide.com\/wp-content\/uploads\/2025\/04\/coinpoker-hand2note-settings-min-300x136.png 300w, https:\/\/hand2noteguide.com\/wp-content\/uploads\/2025\/04\/coinpoker-hand2note-settings-min-768x347.png 768w, https:\/\/hand2noteguide.com\/wp-content\/uploads\/2025\/04\/coinpoker-hand2note-settings-min-1536x694.png 1536w, https:\/\/hand2noteguide.com\/wp-content\/uploads\/2025\/04\/coinpoker-hand2note-settings-min-772x349.png 772w, https:\/\/hand2noteguide.com\/wp-content\/uploads\/2025\/04\/coinpoker-hand2note-settings-min-624x282.png 624w, https:\/\/hand2noteguide.com\/wp-content\/uploads\/2025\/04\/coinpoker-hand2note-settings-min.png 1939w\" sizes=\"auto, (max-width: 1024px) 100vw, 1024px\" \/><\/figure>\n\n\n\n<h2 class=\"wp-block-heading\">Recomenda\u00e7\u00e3o especial da <a href=\"https:\/\/hand2noteguide.com\/pt\/hand2note-official-support\/\" id=\"142\">Equipe de Suporte do Hand2Note<\/a><\/h2>\n\n\n\n<p>Para garantir que tudo funcione corretamente no CoinPoker, recomendamos abrir as mesas uma de cada vez e esperar 1\u20132 minutos para o HUD aparecer antes de abrir a pr\u00f3xima mesa. Isso permite que o Hand2Note detecte corretamente cada mesa nos logs.<\/p>\n\n\n\n<p>Se v\u00e1rias mesas forem abertas simultaneamente \u2014 especialmente com nomes semelhantes (por exemplo, NL200 II, NL200 III, etc.) \u2014 elas podem receber o mesmo \u00edndice interno, o que pode causar problemas de identifica\u00e7\u00e3o.<\/p>\n","protected":false},"excerpt":{"rendered":"<p>Se voc\u00ea vai jogar no CoinPoker, ou j\u00e1 \u00e9 um jogador regular nesta sala, provavelmente est\u00e1 pensando na possibilidade de usar um HUD nas mesas. CoinPoker \u00e9 um dos sites de maior sucesso e crescimento mais r\u00e1pido nos \u00faltimos tempos. A boa not\u00edcia \u00e9 que o CoinPoker permite oficialmente o uso de HUD. O HUD &hellip; <a href=\"https:\/\/hand2noteguide.com\/pt\/coinpoker-hud\/\" class=\"more-link\">Continue reading <span class=\"screen-reader-text\">CoinPoker HUD por Hand2Note: Sua Vantagem Competitiva<\/span><\/a><\/p>\n","protected":false},"author":4,"featured_media":10569,"parent":0,"menu_order":0,"comment_status":"closed","ping_status":"closed","template":"","meta":{"footnotes":""},"class_list":["post-10548","page","type-page","status-publish","has-post-thumbnail","hentry"],"translation":{"provider":"WPGlobus","version":"3.0.2","language":"pt","enabled_languages":["en","ru","pt","zh","es","fr","de","it","ja"],"languages":{"en":{"title":true,"content":true,"excerpt":false},"ru":{"title":true,"content":true,"excerpt":false},"pt":{"title":true,"content":true,"excerpt":false},"zh":{"title":true,"content":true,"excerpt":false},"es":{"title":true,"content":true,"excerpt":false},"fr":{"title":true,"content":true,"excerpt":false},"de":{"title":true,"content":true,"excerpt":false},"it":{"title":true,"content":true,"excerpt":false},"ja":{"title":true,"content":true,"excerpt":false}}},"yoast_head":"<!-- This site is optimized with the Yoast SEO plugin v27.0 - https:\/\/yoast.com\/product\/yoast-seo-wordpress\/ -->\n<title>CoinPoker HUD por Hand2Note: Sua Vantagem Competitiva<\/title>\n<meta name=\"description\" content=\"Comece a usar o Hand2Note HUD para CoinPoker e ganhe uma vantagem sobre seus oponentes. Inscreva-se no CoinPoker usando nosso link e obtenha o Hand2Note gratuitamente.\" \/>\n<meta name=\"robots\" content=\"index, follow, max-snippet:-1, max-image-preview:large, max-video-preview:-1\" \/>\n<link rel=\"canonical\" href=\"https:\/\/hand2noteguide.com\/coinpoker-hud\/\" \/>\n<meta property=\"og:locale\" content=\"pt_PT\" \/>\n<meta property=\"og:type\" content=\"article\" \/>\n<meta property=\"og:title\" content=\"CoinPoker HUD por Hand2Note: Sua Vantagem Competitiva\" \/>\n<meta property=\"og:description\" content=\"Comece a usar o Hand2Note HUD para CoinPoker e ganhe uma vantagem sobre seus oponentes. Inscreva-se no CoinPoker usando nosso link e obtenha o Hand2Note gratuitamente.\" \/>\n<meta property=\"og:url\" content=\"https:\/\/hand2noteguide.com\/coinpoker-hud\/\" \/>\n<meta property=\"og:site_name\" content=\"Hand2Note Guide\" \/>\n<meta property=\"article:modified_time\" content=\"2026-02-21T03:56:03+00:00\" \/>\n<meta property=\"og:image\" content=\"https:\/\/hand2noteguide.com\/wp-content\/uploads\/2025\/04\/coinpoker-hud-4-min.png\" \/>\n\t<meta property=\"og:image:width\" content=\"1684\" \/>\n\t<meta property=\"og:image:height\" content=\"1201\" \/>\n\t<meta property=\"og:image:type\" content=\"image\/png\" \/>\n<meta name=\"twitter:card\" content=\"summary_large_image\" \/>\n<meta name=\"twitter:label1\" content=\"Est. reading time\" \/>\n\t<meta name=\"twitter:data1\" content=\"3 minutes\" \/>\n<!-- \/ Yoast SEO plugin. -->","yoast_head_json":{"title":"CoinPoker HUD por Hand2Note: Sua Vantagem Competitiva","description":"Comece a usar o Hand2Note HUD para CoinPoker e ganhe uma vantagem sobre seus oponentes. Inscreva-se no CoinPoker usando nosso link e obtenha o Hand2Note gratuitamente.","robots":{"index":"index","follow":"follow","max-snippet":"max-snippet:-1","max-image-preview":"max-image-preview:large","max-video-preview":"max-video-preview:-1"},"canonical":"https:\/\/hand2noteguide.com\/coinpoker-hud\/","og_locale":"pt_PT","og_type":"article","og_title":"CoinPoker HUD por Hand2Note: Sua Vantagem Competitiva","og_description":"Comece a usar o Hand2Note HUD para CoinPoker e ganhe uma vantagem sobre seus oponentes. Inscreva-se no CoinPoker usando nosso link e obtenha o Hand2Note gratuitamente.","og_url":"https:\/\/hand2noteguide.com\/coinpoker-hud\/","og_site_name":"Hand2Note Guide","article_modified_time":"2026-02-21T03:56:03+00:00","og_image":[{"width":1684,"height":1201,"url":"https:\/\/hand2noteguide.com\/wp-content\/uploads\/2025\/04\/coinpoker-hud-4-min.png","type":"image\/png"}],"twitter_card":"summary_large_image","twitter_misc":{"Est. reading time":"3 minutes"},"schema":{"@context":"https:\/\/schema.org","@graph":[]}},"jetpack_sharing_enabled":true,"_links":{"self":[{"href":"https:\/\/hand2noteguide.com\/pt\/wp-json\/wp\/v2\/pages\/10548","targetHints":{"allow":["GET"]}}],"collection":[{"href":"https:\/\/hand2noteguide.com\/pt\/wp-json\/wp\/v2\/pages"}],"about":[{"href":"https:\/\/hand2noteguide.com\/pt\/wp-json\/wp\/v2\/types\/page"}],"author":[{"embeddable":true,"href":"https:\/\/hand2noteguide.com\/pt\/wp-json\/wp\/v2\/users\/4"}],"replies":[{"embeddable":true,"href":"https:\/\/hand2noteguide.com\/pt\/wp-json\/wp\/v2\/comments?post=10548"}],"version-history":[{"count":46,"href":"https:\/\/hand2noteguide.com\/pt\/wp-json\/wp\/v2\/pages\/10548\/revisions"}],"predecessor-version":[{"id":15140,"href":"https:\/\/hand2noteguide.com\/pt\/wp-json\/wp\/v2\/pages\/10548\/revisions\/15140"}],"wp:featuredmedia":[{"embeddable":true,"href":"https:\/\/hand2noteguide.com\/pt\/wp-json\/wp\/v2\/media\/10569"}],"wp:attachment":[{"href":"https:\/\/hand2noteguide.com\/pt\/wp-json\/wp\/v2\/media?parent=10548"}],"curies":[{"name":"wp","href":"https:\/\/api.w.org\/{rel}","templated":true}]}}