{"id":10693,"date":"2025-04-26T19:43:00","date_gmt":"2025-04-26T16:43:00","guid":{"rendered":"https:\/\/hand2noteguide.com\/?page_id=10693"},"modified":"2026-03-10T11:24:05","modified_gmt":"2026-03-10T08:24:05","slug":"stat-sample-in-hand2note","status":"publish","type":"page","link":"https:\/\/hand2noteguide.com\/pt\/user-manual\/stat-sample-in-hand2note\/","title":{"rendered":"Amostra de estat\u00edsticas no Hand2Note"},"content":{"rendered":"\n<p>Cada estat\u00edstica no Hand2Note deve ser avaliada n\u00e3o apenas pelo seu valor, mas tamb\u00e9m pela sua amostra.<\/p>\n\n\n\n<p>A amostra \u00e9 o n\u00famero de situa\u00e7\u00f5es em que um jogador poderia realizar uma a\u00e7\u00e3o que \u00e9 representada pela pr\u00f3pria estat\u00edstica. O tamanho da amostra afeta a credibilidade da estat\u00edstica.<\/p>\n\n\n\n<p>Por exemplo, dois jogadores diferentes t\u00eam os mesmos valores de 3-bet. Ao mesmo tempo, um deles teve a oportunidade de fazer 3-bet mais de cem vezes, e o outro apenas quinze. Assim, as estat\u00edsticas do jogador que p\u00f4de fazer 3-bet mais de cem vezes s\u00e3o mais confi\u00e1veis.<\/p>\n\n\n\n<p>Neste artigo, discutiremos como avaliar a confiabilidade das estat\u00edsticas com base no tamanho da amostra. Tamb\u00e9m falaremos sobre como o Hand2Note pode ajudar nisso.<\/p>\n\n\n\n<h2 class=\"wp-block-heading\">Como os indicadores de estat\u00edsticas s\u00e3o formados, bem como sua import\u00e2ncia na an\u00e1lise<\/h2>\n\n\n\n<p>O valor de cada estat\u00edstica simples no Hand2Note \u00e9 formado pela f\u00f3rmula:<\/p>\n\n\n\n<pre class=\"wp-block-code\"><code>Valor = Casos \/ Oportunidades * 100<\/code><\/pre>\n\n\n\n<p>Onde:<\/p>\n\n\n\n<ul class=\"wp-block-list\">\n<li>Valor \u00e9 a frequ\u00eancia percentual com que o jogador realizou a a\u00e7\u00e3o representada pela estat\u00edstica;<\/li>\n\n\n\n<li>Casos \u00e9 o n\u00famero de situa\u00e7\u00f5es em que o jogador realizou a a\u00e7\u00e3o representada pela estat\u00edstica;<\/li>\n\n\n\n<li>Oportunidades \u00e9 o n\u00famero de situa\u00e7\u00f5es em que um jogador poderia realizar a a\u00e7\u00e3o na estat\u00edstica. Oportunidades \u00e9 uma amostra da estat\u00edstica.<br><\/li>\n<\/ul>\n\n\n\n<h3 class=\"wp-block-heading\">Exemplo de forma\u00e7\u00e3o do valor de um <a href=\"https:\/\/hand2noteguide.com\/pt\/poker\/poker-hud-stats\/3bet-in-poker\/\">3-bet<\/a><\/h3>\n\n\n\n<p>Vamos supor que durante todo o tempo de coleta de estat\u00edsticas sobre um jogador, os oponentes fizeram um Open Raise contra ele 163 vezes. Assim, o jogador poderia fazer um 3-bet contra eles 163 vezes &#8211; esta \u00e9 a sele\u00e7\u00e3o na estat\u00edstica de 3-bet, ou oportunidades na estat\u00edstica de 3-bet. Ao mesmo tempo, o jogador fez um 3-bet apenas 15 vezes &#8211; estes s\u00e3o os casos na estat\u00edstica de 3-bet.<\/p>\n\n\n\n<p>Para calcular o valor da estat\u00edstica de 3Bet, vamos aplicar a f\u00f3rmula:<\/p>\n\n\n\n<pre class=\"wp-block-code\"><code>Valor = Casos \/ Oportunidades * 100<\/code><\/pre>\n\n\n\n<p>Ou seja:<\/p>\n\n\n\n<pre class=\"wp-block-code\"><code>15 \/ 163 * 100 = 9%<\/code><\/pre>\n\n\n\n<p>O valor do 3-bet no exemplo \u00e9 9%.<\/p>\n\n\n\n<h3 class=\"wp-block-heading\">Import\u00e2ncia do tamanho da amostra para an\u00e1lise<\/h3>\n\n\n\n<p>O tamanho da amostra \u00e9 de extrema import\u00e2ncia ao avaliar estat\u00edsticas de um jogador. De fato, do ponto de vista da estat\u00edstica como ci\u00eancia &#8211; quanto maior a amostra, mais confi\u00e1vel \u00e9 o valor.<\/p>\n\n\n\n<p>Existem muitas opini\u00f5es no poker sobre o valor m\u00ednimo do tamanho da amostra necess\u00e1rio para confiar nas estat\u00edsticas. As mais frequentes s\u00e3o:<\/p>\n\n\n\n<ul class=\"wp-block-list\">\n<li>Muitas escolas de poker cujos jogadores jogam em aplicativos de poker m\u00f3vel &#8211; aconselham a come\u00e7ar a confiar nas estat\u00edsticas quando a amostra \u00e9 de 10 ou mais;<\/li>\n\n\n\n<li>Jogadores de poker da velha guarda que jogam em sites como PokerStars ou 888Poker est\u00e3o convencidos de que &#8211; as estat\u00edsticas podem ser confi\u00e1veis em um n\u00edvel de amostra de 20 ou mais.<\/li>\n<\/ul>\n\n\n\n<h2 class=\"wp-block-heading\">Como personalizar a exibi\u00e7\u00e3o da amostra em popups e <a href=\"https:\/\/hand2noteguide.com\/pt\/poker\/poker-hud\/\">HUD<\/a>s no Hand2Note<\/h2>\n\n\n\n<p>No Hand2Note voc\u00ea pode personalizar a exibi\u00e7\u00e3o da amostra &#8211; ao lado do valor da pr\u00f3pria estat\u00edstica.<\/p>\n\n\n\n<figure class=\"wp-block-image size-large\"><img loading=\"lazy\" decoding=\"async\" width=\"1024\" height=\"850\" src=\"http:\/\/hand2noteguide.com\/wp-content\/uploads\/2025\/04\/\u0411\u0435\u0437-\u0438\u043c\u0435\u043d\u0438-11231233-2-1024x850.jpg\" alt=\"\" class=\"wp-image-10795\" srcset=\"https:\/\/hand2noteguide.com\/wp-content\/uploads\/2025\/04\/\u0411\u0435\u0437-\u0438\u043c\u0435\u043d\u0438-11231233-2-1024x850.jpg 1024w, https:\/\/hand2noteguide.com\/wp-content\/uploads\/2025\/04\/\u0411\u0435\u0437-\u0438\u043c\u0435\u043d\u0438-11231233-2-300x249.jpg 300w, https:\/\/hand2noteguide.com\/wp-content\/uploads\/2025\/04\/\u0411\u0435\u0437-\u0438\u043c\u0435\u043d\u0438-11231233-2-768x638.jpg 768w, https:\/\/hand2noteguide.com\/wp-content\/uploads\/2025\/04\/\u0411\u0435\u0437-\u0438\u043c\u0435\u043d\u0438-11231233-2-1536x1276.jpg 1536w, https:\/\/hand2noteguide.com\/wp-content\/uploads\/2025\/04\/\u0411\u0435\u0437-\u0438\u043c\u0435\u043d\u0438-11231233-2-772x641.jpg 772w, https:\/\/hand2noteguide.com\/wp-content\/uploads\/2025\/04\/\u0411\u0435\u0437-\u0438\u043c\u0435\u043d\u0438-11231233-2-624x518.jpg 624w, https:\/\/hand2noteguide.com\/wp-content\/uploads\/2025\/04\/\u0411\u0435\u0437-\u0438\u043c\u0435\u043d\u0438-11231233-2.jpg 1876w\" sizes=\"auto, (max-width: 1024px) 100vw, 1024px\" \/><figcaption class=\"wp-element-caption\">\u00c0 esquerda &#8211; sem a amostra; \u00e0 direita &#8211; com a amostra.<\/figcaption><\/figure>\n\n\n\n<p>Para abrir o menu de configura\u00e7\u00e3o da amostra, clique em \u201cConfigura\u00e7\u00e3o\u201d (1), depois v\u00e1 para \u201cApar\u00eancia da Estat\u00edstica\u201d (2).<\/p>\n\n\n\n<figure class=\"wp-block-image size-large\"><img loading=\"lazy\" decoding=\"async\" width=\"1024\" height=\"576\" src=\"http:\/\/hand2noteguide.com\/wp-content\/uploads\/2025\/04\/\u0411\u0435\u0437-\u0438\u043c234234\u0435\u043d\u0438-1-1024x576.jpg\" alt=\"\" class=\"wp-image-10776\" srcset=\"https:\/\/hand2noteguide.com\/wp-content\/uploads\/2025\/04\/\u0411\u0435\u0437-\u0438\u043c234234\u0435\u043d\u0438-1-1024x576.jpg 1024w, https:\/\/hand2noteguide.com\/wp-content\/uploads\/2025\/04\/\u0411\u0435\u0437-\u0438\u043c234234\u0435\u043d\u0438-1-300x169.jpg 300w, https:\/\/hand2noteguide.com\/wp-content\/uploads\/2025\/04\/\u0411\u0435\u0437-\u0438\u043c234234\u0435\u043d\u0438-1-768x432.jpg 768w, https:\/\/hand2noteguide.com\/wp-content\/uploads\/2025\/04\/\u0411\u0435\u0437-\u0438\u043c234234\u0435\u043d\u0438-1-1536x864.jpg 1536w, https:\/\/hand2noteguide.com\/wp-content\/uploads\/2025\/04\/\u0411\u0435\u0437-\u0438\u043c234234\u0435\u043d\u0438-1-772x434.jpg 772w, https:\/\/hand2noteguide.com\/wp-content\/uploads\/2025\/04\/\u0411\u0435\u0437-\u0438\u043c234234\u0435\u043d\u0438-1-624x351.jpg 624w, https:\/\/hand2noteguide.com\/wp-content\/uploads\/2025\/04\/\u0411\u0435\u0437-\u0438\u043c234234\u0435\u043d\u0438-1.jpg 1920w\" sizes=\"auto, (max-width: 1024px) 100vw, 1024px\" \/><\/figure>\n\n\n\n<p>O menu \u201cTamanho da amostra\u201d (3) permite aplicar a seguinte personaliza\u00e7\u00e3o:<\/p>\n\n\n\n<ul class=\"wp-block-list\">\n<li>\u201cMostrar amostra da estat\u00edstica no HUD&#8221; (4) permite ativar a exibi\u00e7\u00e3o da amostra;<\/li>\n\n\n\n<li>\u201cTamanho da fonte da amostra&#8221; (5) permite personalizar o tamanho da fonte da amostra;<\/li>\n\n\n\n<li>\u201cCor da fonte da amostra&#8221; (6) permite selecionar a cor da fonte da amostra;<\/li>\n\n\n\n<li>\u201cMostrar amostra da estat\u00edstica quando for menor que&#8221; (7) permite especificar em qual valor m\u00ednimo de Oportunidades na estat\u00edstica, a amostra ser\u00e1 exibida;<\/li>\n\n\n\n<li>\u201cTornar a estat\u00edstica transparente se sua amostra for menor que&#8221; (8) permite definir a transpar\u00eancia da estat\u00edstica se sua amostra for menor que o especificado neste item;<\/li>\n\n\n\n<li>\u201cOpacidade da estat\u00edstica em caso de amostra pequena&#8221; (9) permite especificar o n\u00edvel de transpar\u00eancia, ao usar \u2018Tornar a estat\u00edstica transparente se sua amostra for menor que\u2019;<\/li>\n\n\n\n<li>\u201cMostrar amostra da estat\u00edstica entre par\u00eanteses\u201d (10) permite indicar a amostra entre par\u00eanteses.<\/li>\n<\/ul>\n","protected":false},"excerpt":{"rendered":"<p>Cada estat\u00edstica no Hand2Note deve ser avaliada n\u00e3o apenas pelo seu valor, mas tamb\u00e9m pela sua amostra. A amostra \u00e9 o n\u00famero de situa\u00e7\u00f5es em que um jogador poderia realizar uma a\u00e7\u00e3o que \u00e9 representada pela pr\u00f3pria estat\u00edstica. O tamanho da amostra afeta a credibilidade da estat\u00edstica. Por exemplo, dois jogadores diferentes t\u00eam os mesmos &hellip; <a href=\"https:\/\/hand2noteguide.com\/pt\/user-manual\/stat-sample-in-hand2note\/\" class=\"more-link\">Continue reading <span class=\"screen-reader-text\">Amostra de estat\u00edsticas no Hand2Note<\/span><\/a><\/p>\n","protected":false},"author":3,"featured_media":10700,"parent":9199,"menu_order":0,"comment_status":"closed","ping_status":"closed","template":"","meta":{"footnotes":""},"class_list":["post-10693","page","type-page","status-publish","has-post-thumbnail","hentry"],"translation":{"provider":"WPGlobus","version":"3.0.2","language":"pt","enabled_languages":["en","ru","pt","zh","es","fr","de","it","ja"],"languages":{"en":{"title":true,"content":true,"excerpt":false},"ru":{"title":true,"content":true,"excerpt":false},"pt":{"title":true,"content":true,"excerpt":false},"zh":{"title":true,"content":true,"excerpt":false},"es":{"title":true,"content":true,"excerpt":false},"fr":{"title":true,"content":true,"excerpt":false},"de":{"title":true,"content":true,"excerpt":false},"it":{"title":true,"content":true,"excerpt":false},"ja":{"title":true,"content":true,"excerpt":false}}},"yoast_head":"<!-- This site is optimized with the Yoast SEO plugin v27.0 - https:\/\/yoast.com\/product\/yoast-seo-wordpress\/ -->\n<title>Amostra de estat\u00edsticas no Hand2Note<\/title>\n<meta name=\"description\" content=\"Aprenda como o tamanho da amostra impacta a confiabilidade das estat\u00edsticas no Hand2Note e como personalizar a exibi\u00e7\u00e3o da amostra nos HUDs.\" \/>\n<meta name=\"robots\" content=\"index, follow, max-snippet:-1, max-image-preview:large, max-video-preview:-1\" \/>\n<link rel=\"canonical\" href=\"https:\/\/hand2noteguide.com\/user-manual\/stat-sample-in-hand2note\/\" \/>\n<meta property=\"og:locale\" content=\"pt_PT\" \/>\n<meta property=\"og:type\" content=\"article\" \/>\n<meta property=\"og:title\" content=\"Amostra de estat\u00edsticas no Hand2Note\" \/>\n<meta property=\"og:description\" content=\"Aprenda como o tamanho da amostra impacta a confiabilidade das estat\u00edsticas no Hand2Note e como personalizar a exibi\u00e7\u00e3o da amostra nos HUDs.\" \/>\n<meta property=\"og:url\" content=\"https:\/\/hand2noteguide.com\/user-manual\/stat-sample-in-hand2note\/\" \/>\n<meta property=\"og:site_name\" content=\"Hand2Note Guide\" \/>\n<meta property=\"article:modified_time\" content=\"2026-03-10T08:24:05+00:00\" \/>\n<meta property=\"og:image\" content=\"https:\/\/hand2noteguide.com\/wp-content\/uploads\/2025\/04\/\u0411\u0435\u0437-\u0447\u0447\u044f\u0441\u044f\u0447\u0441\u0438\u043c\u0435\u043d\u0438-1.jpg\" \/>\n\t<meta property=\"og:image:width\" content=\"1920\" \/>\n\t<meta property=\"og:image:height\" content=\"1080\" \/>\n\t<meta property=\"og:image:type\" content=\"image\/jpeg\" \/>\n<meta name=\"twitter:card\" content=\"summary_large_image\" \/>\n<meta name=\"twitter:label1\" content=\"Est. reading time\" \/>\n\t<meta name=\"twitter:data1\" content=\"22 minutes\" \/>\n<!-- \/ Yoast SEO plugin. -->","yoast_head_json":{"title":"Amostra de estat\u00edsticas no Hand2Note","description":"Aprenda como o tamanho da amostra impacta a confiabilidade das estat\u00edsticas no Hand2Note e como personalizar a exibi\u00e7\u00e3o da amostra nos HUDs.","robots":{"index":"index","follow":"follow","max-snippet":"max-snippet:-1","max-image-preview":"max-image-preview:large","max-video-preview":"max-video-preview:-1"},"canonical":"https:\/\/hand2noteguide.com\/user-manual\/stat-sample-in-hand2note\/","og_locale":"pt_PT","og_type":"article","og_title":"Amostra de estat\u00edsticas no Hand2Note","og_description":"Aprenda como o tamanho da amostra impacta a confiabilidade das estat\u00edsticas no Hand2Note e como personalizar a exibi\u00e7\u00e3o da amostra nos HUDs.","og_url":"https:\/\/hand2noteguide.com\/user-manual\/stat-sample-in-hand2note\/","og_site_name":"Hand2Note Guide","article_modified_time":"2026-03-10T08:24:05+00:00","og_image":[{"width":1920,"height":1080,"url":"https:\/\/hand2noteguide.com\/wp-content\/uploads\/2025\/04\/\u0411\u0435\u0437-\u0447\u0447\u044f\u0441\u044f\u0447\u0441\u0438\u043c\u0435\u043d\u0438-1.jpg","type":"image\/jpeg"}],"twitter_card":"summary_large_image","twitter_misc":{"Est. reading time":"22 minutes"},"schema":{"@context":"https:\/\/schema.org","@graph":[]}},"jetpack_sharing_enabled":true,"_links":{"self":[{"href":"https:\/\/hand2noteguide.com\/pt\/wp-json\/wp\/v2\/pages\/10693","targetHints":{"allow":["GET"]}}],"collection":[{"href":"https:\/\/hand2noteguide.com\/pt\/wp-json\/wp\/v2\/pages"}],"about":[{"href":"https:\/\/hand2noteguide.com\/pt\/wp-json\/wp\/v2\/types\/page"}],"author":[{"embeddable":true,"href":"https:\/\/hand2noteguide.com\/pt\/wp-json\/wp\/v2\/users\/3"}],"replies":[{"embeddable":true,"href":"https:\/\/hand2noteguide.com\/pt\/wp-json\/wp\/v2\/comments?post=10693"}],"version-history":[{"count":94,"href":"https:\/\/hand2noteguide.com\/pt\/wp-json\/wp\/v2\/pages\/10693\/revisions"}],"predecessor-version":[{"id":15624,"href":"https:\/\/hand2noteguide.com\/pt\/wp-json\/wp\/v2\/pages\/10693\/revisions\/15624"}],"up":[{"embeddable":true,"href":"https:\/\/hand2noteguide.com\/pt\/wp-json\/wp\/v2\/pages\/9199"}],"wp:featuredmedia":[{"embeddable":true,"href":"https:\/\/hand2noteguide.com\/pt\/wp-json\/wp\/v2\/media\/10700"}],"wp:attachment":[{"href":"https:\/\/hand2noteguide.com\/pt\/wp-json\/wp\/v2\/media?parent=10693"}],"curies":[{"name":"wp","href":"https:\/\/api.w.org\/{rel}","templated":true}]}}