{"id":108,"date":"2018-07-30T02:52:22","date_gmt":"2018-07-29T23:52:22","guid":{"rendered":"https:\/\/h2n312.wordpress.com\/?page_id=108"},"modified":"2025-06-04T19:18:10","modified_gmt":"2025-06-04T16:18:10","slug":"hand2note-lags","status":"publish","type":"page","link":"https:\/\/hand2noteguide.com\/pt\/issues-resolving\/hand2note-lags\/","title":{"rendered":"Hand2Note congela ou funciona lentamente"},"content":{"rendered":"<p>Primeiramente, voc\u00ea precisa fazer o seguinte:<\/p>\n<ol>\n<li>Desative o antiv\u00edrus ou adicione a pasta de instala\u00e7\u00e3o do Hand2Note \u00e0 lista de exce\u00e7\u00f5es<\/li>\n<li>Instale todas as atualiza\u00e7\u00f5es mais recentes do Windows<\/li>\n<li><a href=\"https:\/\/hand2noteguide.com\/pt\/guide\/hand2note-version\/\">Atualize o Hand2Note para a vers\u00e3o mais recente<\/a><\/li>\n<li><a href=\"https:\/\/hand2noteguide.com\/pt\/issues-resolving\/h2n-takes-much-space\/\">Remova os arquivos de log, desative o registro de logs<\/a><\/li>\n<\/ol>\n<p>Se o problema persistir ap\u00f3s essas etapas, tente fazer uma <a href=\"https:\/\/hand2noteguide.com\/pt\/issues-resolving\/reinstall\/\">reinstala\u00e7\u00e3o completa<\/a>.<\/p>\n<p>Se voc\u00ea fez todos os passos descritos acima, incluindo a reinstala\u00e7\u00e3o completa de acordo com as instru\u00e7\u00f5es, e o Hand2Note continua congelando ou funcionando lentamente, entre em contato com o <a href=\"https:\/\/hand2noteguide.com\/pt\/hand2note-official-support\/\">servi\u00e7o de suporte<\/a>.<\/p>\n","protected":false},"excerpt":{"rendered":"<p>Primeiramente, voc\u00ea precisa fazer o seguinte: Desative o antiv\u00edrus ou adicione a pasta de instala\u00e7\u00e3o do Hand2Note \u00e0 lista de exce\u00e7\u00f5es Instale todas as atualiza\u00e7\u00f5es mais recentes do Windows Atualize o Hand2Note para a vers\u00e3o mais recente Remova os arquivos de log, desative o registro de logs Se o problema persistir ap\u00f3s essas etapas, tente &hellip; <a href=\"https:\/\/hand2noteguide.com\/pt\/issues-resolving\/hand2note-lags\/\" class=\"more-link\">Continue reading <span class=\"screen-reader-text\">Hand2Note congela ou funciona lentamente<\/span><\/a><\/p>\n","protected":false},"author":1,"featured_media":0,"parent":236,"menu_order":4,"comment_status":"closed","ping_status":"closed","template":"page-templates\/full-width-page.php","meta":{"footnotes":""},"class_list":["post-108","page","type-page","status-publish","hentry"],"translation":{"provider":"WPGlobus","version":"3.0.2","language":"pt","enabled_languages":["en","ru","pt","zh","es","fr","de","it","ja"],"languages":{"en":{"title":true,"content":true,"excerpt":false},"ru":{"title":true,"content":true,"excerpt":false},"pt":{"title":true,"content":true,"excerpt":false},"zh":{"title":true,"content":true,"excerpt":false},"es":{"title":true,"content":true,"excerpt":false},"fr":{"title":true,"content":true,"excerpt":false},"de":{"title":true,"content":true,"excerpt":false},"it":{"title":true,"content":true,"excerpt":false},"ja":{"title":true,"content":true,"excerpt":false}}},"yoast_head":"<!-- This site is optimized with the Yoast SEO plugin v27.0 - https:\/\/yoast.com\/product\/yoast-seo-wordpress\/ -->\n<title>Como Corrigir Hand2Note Congelando ou Desempenho Lento<\/title>\n<meta name=\"description\" content=\"Aprenda a resolver problemas com o Hand2Note congelando ou funcionando lentamente. Siga nosso guia passo a passo para melhorar o desempenho e voltar a jogar.\" \/>\n<meta name=\"robots\" content=\"index, follow, max-snippet:-1, max-image-preview:large, max-video-preview:-1\" \/>\n<link rel=\"canonical\" href=\"https:\/\/hand2noteguide.com\/issues-resolving\/hand2note-lags\/\" \/>\n<meta property=\"og:locale\" content=\"pt_PT\" \/>\n<meta property=\"og:type\" content=\"article\" \/>\n<meta property=\"og:title\" content=\"Como Corrigir Hand2Note Congelando ou Desempenho Lento\" \/>\n<meta property=\"og:description\" content=\"Aprenda a resolver problemas com o Hand2Note congelando ou funcionando lentamente. Siga nosso guia passo a passo para melhorar o desempenho e voltar a jogar.\" \/>\n<meta property=\"og:url\" content=\"https:\/\/hand2noteguide.com\/issues-resolving\/hand2note-lags\/\" \/>\n<meta property=\"og:site_name\" content=\"Hand2Note Guide\" \/>\n<meta property=\"article:modified_time\" content=\"2025-06-04T16:18:10+00:00\" \/>\n<meta name=\"twitter:card\" content=\"summary_large_image\" \/>\n<meta name=\"twitter:label1\" content=\"Est. reading time\" \/>\n\t<meta name=\"twitter:data1\" content=\"3 minutes\" \/>\n<!-- \/ Yoast SEO plugin. -->","yoast_head_json":{"title":"Como Corrigir Hand2Note Congelando ou Desempenho Lento","description":"Aprenda a resolver problemas com o Hand2Note congelando ou funcionando lentamente. Siga nosso guia passo a passo para melhorar o desempenho e voltar a jogar.","robots":{"index":"index","follow":"follow","max-snippet":"max-snippet:-1","max-image-preview":"max-image-preview:large","max-video-preview":"max-video-preview:-1"},"canonical":"https:\/\/hand2noteguide.com\/issues-resolving\/hand2note-lags\/","og_locale":"pt_PT","og_type":"article","og_title":"Como Corrigir Hand2Note Congelando ou Desempenho Lento","og_description":"Aprenda a resolver problemas com o Hand2Note congelando ou funcionando lentamente. Siga nosso guia passo a passo para melhorar o desempenho e voltar a jogar.","og_url":"https:\/\/hand2noteguide.com\/issues-resolving\/hand2note-lags\/","og_site_name":"Hand2Note Guide","article_modified_time":"2025-06-04T16:18:10+00:00","twitter_card":"summary_large_image","twitter_misc":{"Est. reading time":"3 minutes"},"schema":{"@context":"https:\/\/schema.org","@graph":[]}},"jetpack_sharing_enabled":false,"_links":{"self":[{"href":"https:\/\/hand2noteguide.com\/pt\/wp-json\/wp\/v2\/pages\/108","targetHints":{"allow":["GET"]}}],"collection":[{"href":"https:\/\/hand2noteguide.com\/pt\/wp-json\/wp\/v2\/pages"}],"about":[{"href":"https:\/\/hand2noteguide.com\/pt\/wp-json\/wp\/v2\/types\/page"}],"author":[{"embeddable":true,"href":"https:\/\/hand2noteguide.com\/pt\/wp-json\/wp\/v2\/users\/1"}],"replies":[{"embeddable":true,"href":"https:\/\/hand2noteguide.com\/pt\/wp-json\/wp\/v2\/comments?post=108"}],"version-history":[{"count":17,"href":"https:\/\/hand2noteguide.com\/pt\/wp-json\/wp\/v2\/pages\/108\/revisions"}],"predecessor-version":[{"id":13558,"href":"https:\/\/hand2noteguide.com\/pt\/wp-json\/wp\/v2\/pages\/108\/revisions\/13558"}],"up":[{"embeddable":true,"href":"https:\/\/hand2noteguide.com\/pt\/wp-json\/wp\/v2\/pages\/236"}],"wp:attachment":[{"href":"https:\/\/hand2noteguide.com\/pt\/wp-json\/wp\/v2\/media?parent=108"}],"curies":[{"name":"wp","href":"https:\/\/api.w.org\/{rel}","templated":true}]}}